{"id":85244,"date":"2025-05-25T06:18:07","date_gmt":"2025-05-25T06:18:07","guid":{"rendered":"https:\/\/aral2.cetrexmarketing.com\/producto\/calvados-boulard-grand-solage-lt-2\/"},"modified":"2025-05-25T06:18:10","modified_gmt":"2025-05-25T06:18:10","slug":"calvados-boulard-grand-solage-lt-2","status":"publish","type":"product","link":"https:\/\/aral2.cetrexmarketing.com\/ca\/producto\/calvados-boulard-grand-solage-lt-2\/","title":{"rendered":"Calvados Boulard Grand Solage Lt"},"content":{"rendered":"<p class=\"\" data-start=\"965\" data-end=\"1083\"><span class=\"relative -mx-px my-[-0.2rem] rounded px-px py-[0.2rem] transition-colors duration-100 ease-in-out\">El <strong data-start=\"3\" data-end=\"36\">Calvados Boulard Grand Solage<\/strong> \u00e9s una expressi\u00f3 refinada de la tradici\u00f3 normanda, elaborat a partir d&#8217;una acurada selecci\u00f3 de pomes del Pays d&#8217;Auge.<\/span> <span class=\"relative -mx-px my-[-0.2rem] rounded px-px py-[0.2rem] transition-colors duration-100 ease-in-out\">Aquest calvados es distingeix per la seva doble destil\u00b7laci\u00f3 i un envelliment de 2 a 5 anys en b\u00f3tes de roure, que li confereixen una complexitat i suavitat excepcionals.<\/span><\/p>\n<p class=\"\" data-start=\"1085\" data-end=\"1119\"><strong data-start=\"1085\" data-end=\"1119\">Caracter\u00edstiques del producte:<\/strong><\/p>\n<ul data-start=\"1120\" data-end=\"1445\">\n<li class=\"\" data-start=\"1120\" data-end=\"1172\">\n<p class=\"\" data-start=\"1122\" data-end=\"1172\"><strong data-start=\"1122\" data-end=\"1132\">Tipus:<\/strong> <span class=\"relative -mx-px my-[-0.2rem] rounded px-px py-[0.2rem] transition-colors duration-100 ease-in-out\">Calvados AOC Pays d\u2019Auge<\/span><\/p>\n<\/li>\n<li class=\"\" data-start=\"1173\" data-end=\"1226\">\n<p class=\"\" data-start=\"1175\" data-end=\"1226\"><strong data-start=\"1175\" data-end=\"1186\">Origen:<\/strong> <span class=\"relative -mx-px my-[-0.2rem] rounded px-px py-[0.2rem] transition-colors duration-100 ease-in-out\">Normandia, Fran\u00e7a<\/span><\/p>\n<\/li>\n<li class=\"\" data-start=\"1227\" data-end=\"1294\">\n<p class=\"\" data-start=\"1229\" data-end=\"1294\"><strong data-start=\"1229\" data-end=\"1254\">Graduaci\u00f3 alcoh\u00f2lica:<\/strong> <span class=\"relative -mx-px my-[-0.2rem] rounded px-px py-[0.2rem] transition-colors duration-100 ease-in-out\">40% vol.<\/span><\/p>\n<\/li>\n<li class=\"\" data-start=\"1295\" data-end=\"1348\">\n<p class=\"\" data-start=\"1297\" data-end=\"1348\"><strong data-start=\"1297\" data-end=\"1308\">Format:<\/strong> <span class=\"relative -mx-px my-[-0.2rem] rounded px-px py-[0.2rem] transition-colors duration-100 ease-in-out\">Ampolla d&#8217;1 litre<\/span><\/p>\n<\/li>\n<li class=\"\" data-start=\"1349\" data-end=\"1445\">\n<p class=\"\" data-start=\"1351\" data-end=\"1445\"><strong data-start=\"1351\" data-end=\"1366\">Elaboraci\u00f3:<\/strong> <span class=\"relative -mx-px my-[-0.2rem] rounded px-px py-[0.2rem] transition-colors duration-100 ease-in-out\">Doble destil\u00b7laci\u00f3 en alambins de coure i envelliment en b\u00f3tes de roure durant 2 a 5 anys.<\/span><\/p>\n<\/li>\n<\/ul>\n<p class=\"\" data-start=\"1447\" data-end=\"1465\"><strong data-start=\"1447\" data-end=\"1465\">Notes de tast:<\/strong><\/p>\n<ul data-start=\"1466\" data-end=\"1662\">\n<li class=\"\" data-start=\"1466\" data-end=\"1518\">\n<p class=\"\" data-start=\"1468\" data-end=\"1518\"><strong data-start=\"1468\" data-end=\"1478\">Color:<\/strong> <span class=\"relative -mx-px my-[-0.2rem] rounded px-px py-[0.2rem] transition-colors duration-100 ease-in-out\">Ambre brillant amb reflexos daurats<\/span><\/p>\n<\/li>\n<li class=\"\" data-start=\"1519\" data-end=\"1571\">\n<p class=\"\" data-start=\"1521\" data-end=\"1571\"><strong data-start=\"1521\" data-end=\"1531\">Aroma:<\/strong> <span class=\"relative -mx-px my-[-0.2rem] rounded px-px py-[0.2rem] transition-colors duration-100 ease-in-out\">Predominen les notes de poma al forn, canyella i vainilla, amb subtils matisos de roure<\/span><\/p>\n<\/li>\n<li class=\"\" data-start=\"1572\" data-end=\"1662\">\n<p class=\"\" data-start=\"1574\" data-end=\"1662\"><strong data-start=\"1574\" data-end=\"1583\">Gust:<\/strong> <span class=\"relative -mx-px my-[-0.2rem] rounded px-px py-[0.2rem] transition-colors duration-100 ease-in-out\">Suau i afruitat, amb sabors de poma fresca, vainilla i un toc especiat, culminant en un final llarg i harmoni\u00f3s<\/span><\/p>\n<\/li>\n<\/ul>\n<p class=\"\" data-start=\"1664\" data-end=\"1806\"><strong data-start=\"1664\" data-end=\"1687\">Maridatge i consum:<\/strong><\/p>\n<p><span class=\"relative -mx-px my-[-0.2rem] rounded px-px py-[0.2rem] transition-colors duration-100 ease-in-out\">Ideal per gaudir sol, amb gel o en c\u00f2ctels com el Norman Mint Julep.<\/span> <span class=\"relative -mx-px my-[-0.2rem] rounded px-px py-[0.2rem] transition-colors duration-100 ease-in-out\">Tamb\u00e9 es pot acompanyar amb postres de poma o formatges curats.<\/span><\/p>\n","protected":false},"excerpt":{"rendered":"<p>El Calvados Boulard Grand Solage \u00e9s una expressi\u00f3 refinada de la tradici\u00f3 normanda, elaborat a partir d&#8217;una acurada selecci\u00f3 de pomes del Pays d&#8217;Auge. Aquest calvados es distingeix per la seva doble destil\u00b7laci\u00f3 i un envelliment de 2 a 5 anys en b\u00f3tes de roure, que li confereixen una complexitat i suavitat excepcionals. Caracter\u00edstiques del&hellip;<\/p>\n","protected":false},"featured_media":85241,"comment_status":"closed","ping_status":"closed","template":"","meta":{"_acf_changed":false},"pwb-brand":[],"product_brand":[],"product_cat":[51753,51692],"product_tag":[],"class_list":{"0":"post-85244","1":"product","2":"type-product","3":"status-publish","4":"has-post-thumbnail","6":"product_cat-calvados-destillats","7":"product_cat-destillats","8":"pa_formatoenl-36160","9":"pa_formatoenml-38308","10":"pa_graduacion-40_0","11":"pa_pais-franca","12":"pa_pesoengramos-38354","13":"pa_pesoenkg-14-2","14":"pa_pueblociudad-reux","15":"pa_region-normandia","16":"pa_subregion-pays-dauge","17":"entry","18":"has-media","20":"first","21":"outofstock","22":"taxable","23":"shipping-taxable","24":"purchasable","25":"product-type-simple"},"acf":[],"yoast_head":"<!-- This site is optimized with the Yoast SEO Premium plugin v23.1 (Yoast SEO v23.5) - https:\/\/yoast.com\/wordpress\/plugins\/seo\/ -->\n<title>calvados boulard grand solage lt<\/title>\n<meta name=\"description\" content=\"Comprar Calvados Boulard Grand Solage Lt en M\u00f3n La Cata . Tienda online especilizada en vino y alimentaci\u00f3n. Env\u00edos puntuales y promociones\" \/>\n<meta name=\"robots\" content=\"noindex, follow, max-snippet:-1, max-image-preview:large, max-video-preview:-1\" \/>\n<meta property=\"og:locale\" content=\"ca_ES\" \/>\n<meta property=\"og:type\" content=\"article\" \/>\n<meta property=\"og:title\" content=\"Calvados Boulard Grand Solage Lt\" \/>\n<meta property=\"og:description\" content=\"Comprar Calvados Boulard Grand Solage Lt en M\u00f3n La Cata . Tienda online especilizada en vino y alimentaci\u00f3n. Env\u00edos puntuales y promociones\" \/>\n<meta property=\"og:url\" content=\"https:\/\/aral2.cetrexmarketing.com\/ca\/producto\/calvados-boulard-grand-solage-lt-2\/\" \/>\n<meta property=\"og:site_name\" content=\"M\u00f3n La Cata\" \/>\n<meta property=\"article:modified_time\" content=\"2025-05-25T06:18:10+00:00\" \/>\n<meta property=\"og:image\" content=\"https:\/\/aral2.cetrexmarketing.com\/wp-content\/uploads\/2025\/05\/CALVADOS-BOULARD-GRAND-SOLAGE-1L.jpg.png\" \/>\n\t<meta property=\"og:image:width\" content=\"765\" \/>\n\t<meta property=\"og:image:height\" content=\"1024\" \/>\n\t<meta property=\"og:image:type\" content=\"image\/png\" \/>\n<meta name=\"twitter:card\" content=\"summary_large_image\" \/>\n<meta name=\"twitter:label1\" content=\"Temps estimat de lectura\" \/>\n\t<meta name=\"twitter:data1\" content=\"2 minuts\" \/>\n<script type=\"application\/ld+json\" class=\"yoast-schema-graph\">{\"@context\":\"https:\/\/schema.org\",\"@graph\":[{\"@type\":\"WebPage\",\"@id\":\"https:\/\/aral2.cetrexmarketing.com\/ca\/producto\/calvados-boulard-grand-solage-lt-2\/\",\"url\":\"https:\/\/aral2.cetrexmarketing.com\/ca\/producto\/calvados-boulard-grand-solage-lt-2\/\",\"name\":\"calvados boulard grand solage lt\",\"isPartOf\":{\"@id\":\"https:\/\/aral2.cetrexmarketing.com\/#website\"},\"primaryImageOfPage\":{\"@id\":\"https:\/\/aral2.cetrexmarketing.com\/ca\/producto\/calvados-boulard-grand-solage-lt-2\/#primaryimage\"},\"image\":{\"@id\":\"https:\/\/aral2.cetrexmarketing.com\/ca\/producto\/calvados-boulard-grand-solage-lt-2\/#primaryimage\"},\"thumbnailUrl\":\"https:\/\/aral2.cetrexmarketing.com\/wp-content\/uploads\/2025\/05\/CALVADOS-BOULARD-GRAND-SOLAGE-1L.jpg.png\",\"datePublished\":\"2025-05-25T06:18:07+00:00\",\"dateModified\":\"2025-05-25T06:18:10+00:00\",\"description\":\"Comprar Calvados Boulard Grand Solage Lt en M\u00f3n La Cata . Tienda online especilizada en vino y alimentaci\u00f3n. Env\u00edos puntuales y promociones\",\"breadcrumb\":{\"@id\":\"https:\/\/aral2.cetrexmarketing.com\/ca\/producto\/calvados-boulard-grand-solage-lt-2\/#breadcrumb\"},\"inLanguage\":\"ca\",\"potentialAction\":[{\"@type\":\"ReadAction\",\"target\":[\"https:\/\/aral2.cetrexmarketing.com\/ca\/producto\/calvados-boulard-grand-solage-lt-2\/\"]}]},{\"@type\":\"ImageObject\",\"inLanguage\":\"ca\",\"@id\":\"https:\/\/aral2.cetrexmarketing.com\/ca\/producto\/calvados-boulard-grand-solage-lt-2\/#primaryimage\",\"url\":\"https:\/\/aral2.cetrexmarketing.com\/wp-content\/uploads\/2025\/05\/CALVADOS-BOULARD-GRAND-SOLAGE-1L.jpg.png\",\"contentUrl\":\"https:\/\/aral2.cetrexmarketing.com\/wp-content\/uploads\/2025\/05\/CALVADOS-BOULARD-GRAND-SOLAGE-1L.jpg.png\",\"width\":765,\"height\":1024},{\"@type\":\"BreadcrumbList\",\"@id\":\"https:\/\/aral2.cetrexmarketing.com\/ca\/producto\/calvados-boulard-grand-solage-lt-2\/#breadcrumb\",\"itemListElement\":[{\"@type\":\"ListItem\",\"position\":1,\"name\":\"Home\",\"item\":\"https:\/\/aral2.cetrexmarketing.com\/ca\/\"},{\"@type\":\"ListItem\",\"position\":2,\"name\":\"Tienda\",\"item\":\"https:\/\/aral2.cetrexmarketing.com\/ca\/tienda-2\/\"},{\"@type\":\"ListItem\",\"position\":3,\"name\":\"Destil\u00b7lats\",\"item\":\"https:\/\/aral2.cetrexmarketing.com\/categoria-producto\/destil%c2%b7lats\/\"},{\"@type\":\"ListItem\",\"position\":4,\"name\":\"Calvados\",\"item\":\"https:\/\/aral2.cetrexmarketing.com\/categoria-producto\/destil%c2%b7lats\/calvados-destil%c2%b7lats\/\"},{\"@type\":\"ListItem\",\"position\":5,\"name\":\"Calvados Boulard Grand Solage Lt\"}]},{\"@type\":\"WebSite\",\"@id\":\"https:\/\/aral2.cetrexmarketing.com\/#website\",\"url\":\"https:\/\/aral2.cetrexmarketing.com\/\",\"name\":\"M\u00f3n La Cata\",\"description\":\"Tienda de vinos, licores, cervezas y gourmet\",\"publisher\":{\"@id\":\"https:\/\/aral2.cetrexmarketing.com\/#organization\"},\"potentialAction\":[{\"@type\":\"SearchAction\",\"target\":{\"@type\":\"EntryPoint\",\"urlTemplate\":\"https:\/\/aral2.cetrexmarketing.com\/?s={search_term_string}\"},\"query-input\":{\"@type\":\"PropertyValueSpecification\",\"valueRequired\":true,\"valueName\":\"search_term_string\"}}],\"inLanguage\":\"ca\"},{\"@type\":\"Organization\",\"@id\":\"https:\/\/aral2.cetrexmarketing.com\/#organization\",\"name\":\"M\u00f3n La Cata\",\"url\":\"https:\/\/aral2.cetrexmarketing.com\/\",\"logo\":{\"@type\":\"ImageObject\",\"inLanguage\":\"ca\",\"@id\":\"https:\/\/aral2.cetrexmarketing.com\/#\/schema\/logo\/image\/\",\"url\":\"https:\/\/aral2.cetrexmarketing.com\/wp-content\/uploads\/2024\/10\/aral-logo-neg-1024x409-1.png\",\"contentUrl\":\"https:\/\/aral2.cetrexmarketing.com\/wp-content\/uploads\/2024\/10\/aral-logo-neg-1024x409-1.png\",\"width\":1024,\"height\":409,\"caption\":\"M\u00f3n La Cata\"},\"image\":{\"@id\":\"https:\/\/aral2.cetrexmarketing.com\/#\/schema\/logo\/image\/\"}}]}<\/script>\n<!-- \/ Yoast SEO Premium plugin. -->","yoast_head_json":{"title":"calvados boulard grand solage lt","description":"Comprar Calvados Boulard Grand Solage Lt en M\u00f3n La Cata . Tienda online especilizada en vino y alimentaci\u00f3n. Env\u00edos puntuales y promociones","robots":{"index":"noindex","follow":"follow","max-snippet":"max-snippet:-1","max-image-preview":"max-image-preview:large","max-video-preview":"max-video-preview:-1"},"og_locale":"ca_ES","og_type":"article","og_title":"Calvados Boulard Grand Solage Lt","og_description":"Comprar Calvados Boulard Grand Solage Lt en M\u00f3n La Cata . Tienda online especilizada en vino y alimentaci\u00f3n. Env\u00edos puntuales y promociones","og_url":"https:\/\/aral2.cetrexmarketing.com\/ca\/producto\/calvados-boulard-grand-solage-lt-2\/","og_site_name":"M\u00f3n La Cata","article_modified_time":"2025-05-25T06:18:10+00:00","og_image":[{"width":765,"height":1024,"url":"https:\/\/aral2.cetrexmarketing.com\/wp-content\/uploads\/2025\/05\/CALVADOS-BOULARD-GRAND-SOLAGE-1L.jpg.png","type":"image\/png"}],"twitter_card":"summary_large_image","twitter_misc":{"Temps estimat de lectura":"2 minuts"},"schema":{"@context":"https:\/\/schema.org","@graph":[{"@type":"WebPage","@id":"https:\/\/aral2.cetrexmarketing.com\/ca\/producto\/calvados-boulard-grand-solage-lt-2\/","url":"https:\/\/aral2.cetrexmarketing.com\/ca\/producto\/calvados-boulard-grand-solage-lt-2\/","name":"calvados boulard grand solage lt","isPartOf":{"@id":"https:\/\/aral2.cetrexmarketing.com\/#website"},"primaryImageOfPage":{"@id":"https:\/\/aral2.cetrexmarketing.com\/ca\/producto\/calvados-boulard-grand-solage-lt-2\/#primaryimage"},"image":{"@id":"https:\/\/aral2.cetrexmarketing.com\/ca\/producto\/calvados-boulard-grand-solage-lt-2\/#primaryimage"},"thumbnailUrl":"https:\/\/aral2.cetrexmarketing.com\/wp-content\/uploads\/2025\/05\/CALVADOS-BOULARD-GRAND-SOLAGE-1L.jpg.png","datePublished":"2025-05-25T06:18:07+00:00","dateModified":"2025-05-25T06:18:10+00:00","description":"Comprar Calvados Boulard Grand Solage Lt en M\u00f3n La Cata . Tienda online especilizada en vino y alimentaci\u00f3n. Env\u00edos puntuales y promociones","breadcrumb":{"@id":"https:\/\/aral2.cetrexmarketing.com\/ca\/producto\/calvados-boulard-grand-solage-lt-2\/#breadcrumb"},"inLanguage":"ca","potentialAction":[{"@type":"ReadAction","target":["https:\/\/aral2.cetrexmarketing.com\/ca\/producto\/calvados-boulard-grand-solage-lt-2\/"]}]},{"@type":"ImageObject","inLanguage":"ca","@id":"https:\/\/aral2.cetrexmarketing.com\/ca\/producto\/calvados-boulard-grand-solage-lt-2\/#primaryimage","url":"https:\/\/aral2.cetrexmarketing.com\/wp-content\/uploads\/2025\/05\/CALVADOS-BOULARD-GRAND-SOLAGE-1L.jpg.png","contentUrl":"https:\/\/aral2.cetrexmarketing.com\/wp-content\/uploads\/2025\/05\/CALVADOS-BOULARD-GRAND-SOLAGE-1L.jpg.png","width":765,"height":1024},{"@type":"BreadcrumbList","@id":"https:\/\/aral2.cetrexmarketing.com\/ca\/producto\/calvados-boulard-grand-solage-lt-2\/#breadcrumb","itemListElement":[{"@type":"ListItem","position":1,"name":"Home","item":"https:\/\/aral2.cetrexmarketing.com\/ca\/"},{"@type":"ListItem","position":2,"name":"Tienda","item":"https:\/\/aral2.cetrexmarketing.com\/ca\/tienda-2\/"},{"@type":"ListItem","position":3,"name":"Destil\u00b7lats","item":"https:\/\/aral2.cetrexmarketing.com\/categoria-producto\/destil%c2%b7lats\/"},{"@type":"ListItem","position":4,"name":"Calvados","item":"https:\/\/aral2.cetrexmarketing.com\/categoria-producto\/destil%c2%b7lats\/calvados-destil%c2%b7lats\/"},{"@type":"ListItem","position":5,"name":"Calvados Boulard Grand Solage Lt"}]},{"@type":"WebSite","@id":"https:\/\/aral2.cetrexmarketing.com\/#website","url":"https:\/\/aral2.cetrexmarketing.com\/","name":"M\u00f3n La Cata","description":"Tienda de vinos, licores, cervezas y gourmet","publisher":{"@id":"https:\/\/aral2.cetrexmarketing.com\/#organization"},"potentialAction":[{"@type":"SearchAction","target":{"@type":"EntryPoint","urlTemplate":"https:\/\/aral2.cetrexmarketing.com\/?s={search_term_string}"},"query-input":{"@type":"PropertyValueSpecification","valueRequired":true,"valueName":"search_term_string"}}],"inLanguage":"ca"},{"@type":"Organization","@id":"https:\/\/aral2.cetrexmarketing.com\/#organization","name":"M\u00f3n La Cata","url":"https:\/\/aral2.cetrexmarketing.com\/","logo":{"@type":"ImageObject","inLanguage":"ca","@id":"https:\/\/aral2.cetrexmarketing.com\/#\/schema\/logo\/image\/","url":"https:\/\/aral2.cetrexmarketing.com\/wp-content\/uploads\/2024\/10\/aral-logo-neg-1024x409-1.png","contentUrl":"https:\/\/aral2.cetrexmarketing.com\/wp-content\/uploads\/2024\/10\/aral-logo-neg-1024x409-1.png","width":1024,"height":409,"caption":"M\u00f3n La Cata"},"image":{"@id":"https:\/\/aral2.cetrexmarketing.com\/#\/schema\/logo\/image\/"}}]}},"brands":[],"_links":{"self":[{"href":"https:\/\/aral2.cetrexmarketing.com\/ca\/wp-json\/wp\/v2\/product\/85244","targetHints":{"allow":["GET"]}}],"collection":[{"href":"https:\/\/aral2.cetrexmarketing.com\/ca\/wp-json\/wp\/v2\/product"}],"about":[{"href":"https:\/\/aral2.cetrexmarketing.com\/ca\/wp-json\/wp\/v2\/types\/product"}],"replies":[{"embeddable":true,"href":"https:\/\/aral2.cetrexmarketing.com\/ca\/wp-json\/wp\/v2\/comments?post=85244"}],"wp:featuredmedia":[{"embeddable":true,"href":"https:\/\/aral2.cetrexmarketing.com\/ca\/wp-json\/wp\/v2\/media\/85241"}],"wp:attachment":[{"href":"https:\/\/aral2.cetrexmarketing.com\/ca\/wp-json\/wp\/v2\/media?parent=85244"}],"wp:term":[{"taxonomy":"pwb-brand","embeddable":true,"href":"https:\/\/aral2.cetrexmarketing.com\/ca\/wp-json\/wp\/v2\/pwb-brand?post=85244"},{"taxonomy":"product_brand","embeddable":true,"href":"https:\/\/aral2.cetrexmarketing.com\/ca\/wp-json\/wp\/v2\/product_brand?post=85244"},{"taxonomy":"product_cat","embeddable":true,"href":"https:\/\/aral2.cetrexmarketing.com\/ca\/wp-json\/wp\/v2\/product_cat?post=85244"},{"taxonomy":"product_tag","embeddable":true,"href":"https:\/\/aral2.cetrexmarketing.com\/ca\/wp-json\/wp\/v2\/product_tag?post=85244"}],"curies":[{"name":"wp","href":"https:\/\/api.w.org\/{rel}","templated":true}]}}