{"id":85222,"date":"2025-05-25T06:17:31","date_gmt":"2025-05-25T06:17:31","guid":{"rendered":"https:\/\/aral2.cetrexmarketing.com\/producto\/ferrer-bobet-vinyes-velles-2\/"},"modified":"2025-05-25T06:17:33","modified_gmt":"2025-05-25T06:17:33","slug":"ferrer-bobet-vinyes-velles-2","status":"publish","type":"product","link":"https:\/\/aral2.cetrexmarketing.com\/ca\/producto\/ferrer-bobet-vinyes-velles-2\/","title":{"rendered":"Ferrer Bobet Vinyes Velles"},"content":{"rendered":"<p data-start=\"51\" data-end=\"420\">El <strong data-start=\"54\" data-end=\"84\">Ferrer Bobet Vinyes Velles<\/strong> \u00e9s un vi negre d&#8217;alta gamma, elaborat per la bodega <strong data-start=\"137\" data-end=\"153\">Ferrer Bobet<\/strong> a la prestigiosa regi\u00f3 del <strong data-start=\"181\" data-end=\"192\">Priorat<\/strong>, una de les denominacions d&#8217;origen m\u00e9s reconegudes de <strong data-start=\"247\" data-end=\"260\">Catalunya<\/strong>, Espanya. Aquest vi \u00e9s una expressi\u00f3 de la tipicitat del Priorat, que combina la <strong data-start=\"342\" data-end=\"354\">Cari\u00f1ena<\/strong> i la <strong data-start=\"360\" data-end=\"372\">Garnacha<\/strong> per crear un vi complex, estructurat i profund.<\/p>\n<h3 data-start=\"427\" data-end=\"463\"><strong data-start=\"431\" data-end=\"461\">Caracter\u00edstiques del Vino:<\/strong><\/h3>\n<ul data-start=\"464\" data-end=\"993\">\n<li data-start=\"464\" data-end=\"542\"><strong data-start=\"466\" data-end=\"488\">Varietats de Ra\u00efm:<\/strong><br data-start=\"488\" data-end=\"491\" \/><strong data-start=\"496\" data-end=\"508\">Cari\u00f1ena<\/strong> (86%)<br data-start=\"514\" data-end=\"517\" \/><strong data-start=\"522\" data-end=\"534\">Garnacha<\/strong> (14%)<\/li>\n<li data-start=\"543\" data-end=\"694\"><strong data-start=\"545\" data-end=\"570\">Origen de les Vinyes:<\/strong><br data-start=\"570\" data-end=\"573\" \/>Ra\u00efm provinent de vinyes velles situades a les <strong data-start=\"625\" data-end=\"647\">pendents empinades<\/strong> i <strong data-start=\"650\" data-end=\"675\">terresses de pissarra<\/strong> del <strong data-start=\"680\" data-end=\"691\">Priorat<\/strong>.<\/li>\n<li data-start=\"695\" data-end=\"993\"><strong data-start=\"697\" data-end=\"712\">Elaboraci\u00f3:<\/strong><br data-start=\"712\" data-end=\"715\" \/><strong data-start=\"720\" data-end=\"738\">Cosecha manual<\/strong> en caixes de 10 kg per garantir la qualitat del ra\u00efm.<br data-start=\"792\" data-end=\"795\" \/><strong data-start=\"800\" data-end=\"815\">Fermentaci\u00f3<\/strong> en dip\u00f2sits de fusta i acer inoxidable de 15 i 30 hectolitres.<br data-start=\"878\" data-end=\"881\" \/><strong data-start=\"886\" data-end=\"900\">Maduraci\u00f3:<\/strong> El vi reposa durant <strong data-start=\"921\" data-end=\"933\">15 mesos<\/strong> en <strong data-start=\"937\" data-end=\"966\">barricas de roure franc\u00e8s<\/strong> de gra fi i torrat suau.<\/li>\n<\/ul>\n","protected":false},"excerpt":{"rendered":"<p>El Ferrer Bobet Vinyes Velles \u00e9s un vi negre d&#8217;alta gamma, elaborat per la bodega Ferrer Bobet a la prestigiosa regi\u00f3 del Priorat, una de les denominacions d&#8217;origen m\u00e9s reconegudes de Catalunya, Espanya. Aquest vi \u00e9s una expressi\u00f3 de la tipicitat del Priorat, que combina la Cari\u00f1ena i la Garnacha per crear un vi complex,&hellip;<\/p>\n","protected":false},"featured_media":85219,"comment_status":"closed","ping_status":"closed","template":"","meta":{"_acf_changed":false},"pwb-brand":[48969,32901],"product_brand":[],"product_cat":[51670,51671],"product_tag":[16124,14996,16564],"class_list":{"0":"post-85222","1":"product","2":"type-product","3":"status-publish","4":"has-post-thumbnail","6":"pwb-brand-ferrer-bobet","7":"pwb-brand-priorat-d-o","8":"product_cat-vi","9":"product_cat-vi-negre","10":"product_tag-ferrer-bobet-ca","11":"product_tag-priorat-ca","12":"product_tag-vinyes-velles-ca","13":"pa_anada-36210","14":"pa_bodega-ferrerbobet","15":"pa_do-priorat-d-o-q-ca","16":"pa_formatoenml-38306","17":"pa_graduacion-14_5","18":"pa_maridaje-carn-roja","19":"pa_potente-negre-potent","20":"pa_pueblociudad-porreratarragona","21":"pa_variedad-principal-garnacha-tinta-ca","22":"pa_variedad-principal-samso-ca","23":"entry","24":"has-media","26":"first","27":"instock","28":"taxable","29":"shipping-taxable","30":"purchasable","31":"product-type-simple"},"acf":[],"yoast_head":"<!-- This site is optimized with the Yoast SEO Premium plugin v23.1 (Yoast SEO v23.5) - https:\/\/yoast.com\/wordpress\/plugins\/seo\/ -->\n<title>Ferrer Bobet Vinyes Velles vi negre<\/title>\n<meta name=\"description\" content=\"Comprar online al millor preu el vi negre Ferrer Bobet Vinyes Velles a la DOQ Priorat. Viniteca. Licoreria. Productes Gourmet. Alimentaci\u00f3. Descomptes. Ofertes.\" \/>\n<meta name=\"robots\" content=\"noindex, follow, max-snippet:-1, max-image-preview:large, max-video-preview:-1\" \/>\n<meta property=\"og:locale\" content=\"ca_ES\" \/>\n<meta property=\"og:type\" content=\"article\" \/>\n<meta property=\"og:title\" content=\"Ferrer Bobet Vinyes Velles\" \/>\n<meta property=\"og:description\" content=\"Comprar online al millor preu el vi negre Ferrer Bobet Vinyes Velles a la DOQ Priorat. Viniteca. Licoreria. Productes Gourmet. Alimentaci\u00f3. Descomptes. Ofertes.\" \/>\n<meta property=\"og:url\" content=\"https:\/\/aral2.cetrexmarketing.com\/ca\/producto\/ferrer-bobet-vinyes-velles-2\/\" \/>\n<meta property=\"og:site_name\" content=\"M\u00f3n La Cata\" \/>\n<meta property=\"article:modified_time\" content=\"2025-05-25T06:17:33+00:00\" \/>\n<meta property=\"og:image\" content=\"https:\/\/aral2.cetrexmarketing.com\/wp-content\/uploads\/2025\/05\/Ferrer-Bobet-Vinyes-Velles.jpg.png\" \/>\n\t<meta property=\"og:image:width\" content=\"765\" \/>\n\t<meta property=\"og:image:height\" content=\"1024\" \/>\n\t<meta property=\"og:image:type\" content=\"image\/png\" \/>\n<meta name=\"twitter:card\" content=\"summary_large_image\" \/>\n<meta name=\"twitter:label1\" content=\"Temps estimat de lectura\" \/>\n\t<meta name=\"twitter:data1\" content=\"1 minut\" \/>\n<script type=\"application\/ld+json\" class=\"yoast-schema-graph\">{\"@context\":\"https:\/\/schema.org\",\"@graph\":[{\"@type\":\"WebPage\",\"@id\":\"https:\/\/aral2.cetrexmarketing.com\/ca\/producto\/ferrer-bobet-vinyes-velles-2\/\",\"url\":\"https:\/\/aral2.cetrexmarketing.com\/ca\/producto\/ferrer-bobet-vinyes-velles-2\/\",\"name\":\"Ferrer Bobet Vinyes Velles vi negre\",\"isPartOf\":{\"@id\":\"https:\/\/aral2.cetrexmarketing.com\/#website\"},\"primaryImageOfPage\":{\"@id\":\"https:\/\/aral2.cetrexmarketing.com\/ca\/producto\/ferrer-bobet-vinyes-velles-2\/#primaryimage\"},\"image\":{\"@id\":\"https:\/\/aral2.cetrexmarketing.com\/ca\/producto\/ferrer-bobet-vinyes-velles-2\/#primaryimage\"},\"thumbnailUrl\":\"https:\/\/aral2.cetrexmarketing.com\/wp-content\/uploads\/2025\/05\/Ferrer-Bobet-Vinyes-Velles.jpg.png\",\"datePublished\":\"2025-05-25T06:17:31+00:00\",\"dateModified\":\"2025-05-25T06:17:33+00:00\",\"description\":\"Comprar online al millor preu el vi negre Ferrer Bobet Vinyes Velles a la DOQ Priorat. Viniteca. Licoreria. Productes Gourmet. Alimentaci\u00f3. Descomptes. Ofertes.\",\"breadcrumb\":{\"@id\":\"https:\/\/aral2.cetrexmarketing.com\/ca\/producto\/ferrer-bobet-vinyes-velles-2\/#breadcrumb\"},\"inLanguage\":\"ca\",\"potentialAction\":[{\"@type\":\"ReadAction\",\"target\":[\"https:\/\/aral2.cetrexmarketing.com\/ca\/producto\/ferrer-bobet-vinyes-velles-2\/\"]}]},{\"@type\":\"ImageObject\",\"inLanguage\":\"ca\",\"@id\":\"https:\/\/aral2.cetrexmarketing.com\/ca\/producto\/ferrer-bobet-vinyes-velles-2\/#primaryimage\",\"url\":\"https:\/\/aral2.cetrexmarketing.com\/wp-content\/uploads\/2025\/05\/Ferrer-Bobet-Vinyes-Velles.jpg.png\",\"contentUrl\":\"https:\/\/aral2.cetrexmarketing.com\/wp-content\/uploads\/2025\/05\/Ferrer-Bobet-Vinyes-Velles.jpg.png\",\"width\":765,\"height\":1024},{\"@type\":\"BreadcrumbList\",\"@id\":\"https:\/\/aral2.cetrexmarketing.com\/ca\/producto\/ferrer-bobet-vinyes-velles-2\/#breadcrumb\",\"itemListElement\":[{\"@type\":\"ListItem\",\"position\":1,\"name\":\"Home\",\"item\":\"https:\/\/aral2.cetrexmarketing.com\/ca\/\"},{\"@type\":\"ListItem\",\"position\":2,\"name\":\"Tienda\",\"item\":\"https:\/\/aral2.cetrexmarketing.com\/ca\/tienda-2\/\"},{\"@type\":\"ListItem\",\"position\":3,\"name\":\"Vi\",\"item\":\"https:\/\/aral2.cetrexmarketing.com\/categoria-producto\/vi\/\"},{\"@type\":\"ListItem\",\"position\":4,\"name\":\"Vi Negre\",\"item\":\"https:\/\/aral2.cetrexmarketing.com\/categoria-producto\/vi\/vi-negre\/\"},{\"@type\":\"ListItem\",\"position\":5,\"name\":\"Ferrer Bobet Vinyes Velles\"}]},{\"@type\":\"WebSite\",\"@id\":\"https:\/\/aral2.cetrexmarketing.com\/#website\",\"url\":\"https:\/\/aral2.cetrexmarketing.com\/\",\"name\":\"M\u00f3n La Cata\",\"description\":\"Tienda de vinos, licores, cervezas y gourmet\",\"publisher\":{\"@id\":\"https:\/\/aral2.cetrexmarketing.com\/#organization\"},\"potentialAction\":[{\"@type\":\"SearchAction\",\"target\":{\"@type\":\"EntryPoint\",\"urlTemplate\":\"https:\/\/aral2.cetrexmarketing.com\/?s={search_term_string}\"},\"query-input\":{\"@type\":\"PropertyValueSpecification\",\"valueRequired\":true,\"valueName\":\"search_term_string\"}}],\"inLanguage\":\"ca\"},{\"@type\":\"Organization\",\"@id\":\"https:\/\/aral2.cetrexmarketing.com\/#organization\",\"name\":\"M\u00f3n La Cata\",\"url\":\"https:\/\/aral2.cetrexmarketing.com\/\",\"logo\":{\"@type\":\"ImageObject\",\"inLanguage\":\"ca\",\"@id\":\"https:\/\/aral2.cetrexmarketing.com\/#\/schema\/logo\/image\/\",\"url\":\"https:\/\/aral2.cetrexmarketing.com\/wp-content\/uploads\/2024\/10\/aral-logo-neg-1024x409-1.png\",\"contentUrl\":\"https:\/\/aral2.cetrexmarketing.com\/wp-content\/uploads\/2024\/10\/aral-logo-neg-1024x409-1.png\",\"width\":1024,\"height\":409,\"caption\":\"M\u00f3n La Cata\"},\"image\":{\"@id\":\"https:\/\/aral2.cetrexmarketing.com\/#\/schema\/logo\/image\/\"}}]}<\/script>\n<!-- \/ Yoast SEO Premium plugin. -->","yoast_head_json":{"title":"Ferrer Bobet Vinyes Velles vi negre","description":"Comprar online al millor preu el vi negre Ferrer Bobet Vinyes Velles a la DOQ Priorat. Viniteca. Licoreria. Productes Gourmet. Alimentaci\u00f3. Descomptes. Ofertes.","robots":{"index":"noindex","follow":"follow","max-snippet":"max-snippet:-1","max-image-preview":"max-image-preview:large","max-video-preview":"max-video-preview:-1"},"og_locale":"ca_ES","og_type":"article","og_title":"Ferrer Bobet Vinyes Velles","og_description":"Comprar online al millor preu el vi negre Ferrer Bobet Vinyes Velles a la DOQ Priorat. Viniteca. Licoreria. Productes Gourmet. Alimentaci\u00f3. Descomptes. Ofertes.","og_url":"https:\/\/aral2.cetrexmarketing.com\/ca\/producto\/ferrer-bobet-vinyes-velles-2\/","og_site_name":"M\u00f3n La Cata","article_modified_time":"2025-05-25T06:17:33+00:00","og_image":[{"width":765,"height":1024,"url":"https:\/\/aral2.cetrexmarketing.com\/wp-content\/uploads\/2025\/05\/Ferrer-Bobet-Vinyes-Velles.jpg.png","type":"image\/png"}],"twitter_card":"summary_large_image","twitter_misc":{"Temps estimat de lectura":"1 minut"},"schema":{"@context":"https:\/\/schema.org","@graph":[{"@type":"WebPage","@id":"https:\/\/aral2.cetrexmarketing.com\/ca\/producto\/ferrer-bobet-vinyes-velles-2\/","url":"https:\/\/aral2.cetrexmarketing.com\/ca\/producto\/ferrer-bobet-vinyes-velles-2\/","name":"Ferrer Bobet Vinyes Velles vi negre","isPartOf":{"@id":"https:\/\/aral2.cetrexmarketing.com\/#website"},"primaryImageOfPage":{"@id":"https:\/\/aral2.cetrexmarketing.com\/ca\/producto\/ferrer-bobet-vinyes-velles-2\/#primaryimage"},"image":{"@id":"https:\/\/aral2.cetrexmarketing.com\/ca\/producto\/ferrer-bobet-vinyes-velles-2\/#primaryimage"},"thumbnailUrl":"https:\/\/aral2.cetrexmarketing.com\/wp-content\/uploads\/2025\/05\/Ferrer-Bobet-Vinyes-Velles.jpg.png","datePublished":"2025-05-25T06:17:31+00:00","dateModified":"2025-05-25T06:17:33+00:00","description":"Comprar online al millor preu el vi negre Ferrer Bobet Vinyes Velles a la DOQ Priorat. Viniteca. Licoreria. Productes Gourmet. Alimentaci\u00f3. Descomptes. Ofertes.","breadcrumb":{"@id":"https:\/\/aral2.cetrexmarketing.com\/ca\/producto\/ferrer-bobet-vinyes-velles-2\/#breadcrumb"},"inLanguage":"ca","potentialAction":[{"@type":"ReadAction","target":["https:\/\/aral2.cetrexmarketing.com\/ca\/producto\/ferrer-bobet-vinyes-velles-2\/"]}]},{"@type":"ImageObject","inLanguage":"ca","@id":"https:\/\/aral2.cetrexmarketing.com\/ca\/producto\/ferrer-bobet-vinyes-velles-2\/#primaryimage","url":"https:\/\/aral2.cetrexmarketing.com\/wp-content\/uploads\/2025\/05\/Ferrer-Bobet-Vinyes-Velles.jpg.png","contentUrl":"https:\/\/aral2.cetrexmarketing.com\/wp-content\/uploads\/2025\/05\/Ferrer-Bobet-Vinyes-Velles.jpg.png","width":765,"height":1024},{"@type":"BreadcrumbList","@id":"https:\/\/aral2.cetrexmarketing.com\/ca\/producto\/ferrer-bobet-vinyes-velles-2\/#breadcrumb","itemListElement":[{"@type":"ListItem","position":1,"name":"Home","item":"https:\/\/aral2.cetrexmarketing.com\/ca\/"},{"@type":"ListItem","position":2,"name":"Tienda","item":"https:\/\/aral2.cetrexmarketing.com\/ca\/tienda-2\/"},{"@type":"ListItem","position":3,"name":"Vi","item":"https:\/\/aral2.cetrexmarketing.com\/categoria-producto\/vi\/"},{"@type":"ListItem","position":4,"name":"Vi Negre","item":"https:\/\/aral2.cetrexmarketing.com\/categoria-producto\/vi\/vi-negre\/"},{"@type":"ListItem","position":5,"name":"Ferrer Bobet Vinyes Velles"}]},{"@type":"WebSite","@id":"https:\/\/aral2.cetrexmarketing.com\/#website","url":"https:\/\/aral2.cetrexmarketing.com\/","name":"M\u00f3n La Cata","description":"Tienda de vinos, licores, cervezas y gourmet","publisher":{"@id":"https:\/\/aral2.cetrexmarketing.com\/#organization"},"potentialAction":[{"@type":"SearchAction","target":{"@type":"EntryPoint","urlTemplate":"https:\/\/aral2.cetrexmarketing.com\/?s={search_term_string}"},"query-input":{"@type":"PropertyValueSpecification","valueRequired":true,"valueName":"search_term_string"}}],"inLanguage":"ca"},{"@type":"Organization","@id":"https:\/\/aral2.cetrexmarketing.com\/#organization","name":"M\u00f3n La Cata","url":"https:\/\/aral2.cetrexmarketing.com\/","logo":{"@type":"ImageObject","inLanguage":"ca","@id":"https:\/\/aral2.cetrexmarketing.com\/#\/schema\/logo\/image\/","url":"https:\/\/aral2.cetrexmarketing.com\/wp-content\/uploads\/2024\/10\/aral-logo-neg-1024x409-1.png","contentUrl":"https:\/\/aral2.cetrexmarketing.com\/wp-content\/uploads\/2024\/10\/aral-logo-neg-1024x409-1.png","width":1024,"height":409,"caption":"M\u00f3n La Cata"},"image":{"@id":"https:\/\/aral2.cetrexmarketing.com\/#\/schema\/logo\/image\/"}}]}},"brands":[{"id":48969,"name":"ferrer bobet","slug":"ferrer-bobet"},{"id":32901,"name":"Priorat D.O.","slug":"priorat-d-o"}],"_links":{"self":[{"href":"https:\/\/aral2.cetrexmarketing.com\/ca\/wp-json\/wp\/v2\/product\/85222","targetHints":{"allow":["GET"]}}],"collection":[{"href":"https:\/\/aral2.cetrexmarketing.com\/ca\/wp-json\/wp\/v2\/product"}],"about":[{"href":"https:\/\/aral2.cetrexmarketing.com\/ca\/wp-json\/wp\/v2\/types\/product"}],"replies":[{"embeddable":true,"href":"https:\/\/aral2.cetrexmarketing.com\/ca\/wp-json\/wp\/v2\/comments?post=85222"}],"wp:featuredmedia":[{"embeddable":true,"href":"https:\/\/aral2.cetrexmarketing.com\/ca\/wp-json\/wp\/v2\/media\/85219"}],"wp:attachment":[{"href":"https:\/\/aral2.cetrexmarketing.com\/ca\/wp-json\/wp\/v2\/media?parent=85222"}],"wp:term":[{"taxonomy":"pwb-brand","embeddable":true,"href":"https:\/\/aral2.cetrexmarketing.com\/ca\/wp-json\/wp\/v2\/pwb-brand?post=85222"},{"taxonomy":"product_brand","embeddable":true,"href":"https:\/\/aral2.cetrexmarketing.com\/ca\/wp-json\/wp\/v2\/product_brand?post=85222"},{"taxonomy":"product_cat","embeddable":true,"href":"https:\/\/aral2.cetrexmarketing.com\/ca\/wp-json\/wp\/v2\/product_cat?post=85222"},{"taxonomy":"product_tag","embeddable":true,"href":"https:\/\/aral2.cetrexmarketing.com\/ca\/wp-json\/wp\/v2\/product_tag?post=85222"}],"curies":[{"name":"wp","href":"https:\/\/api.w.org\/{rel}","templated":true}]}}