{"id":85200,"date":"2025-05-25T06:17:06","date_gmt":"2025-05-25T06:17:06","guid":{"rendered":"https:\/\/aral2.cetrexmarketing.com\/producto\/oliver-conti-gewurztraminer-2\/"},"modified":"2025-05-25T06:17:08","modified_gmt":"2025-05-25T06:17:08","slug":"oliver-conti-gewurztraminer-2","status":"publish","type":"product","link":"https:\/\/aral2.cetrexmarketing.com\/ca\/producto\/oliver-conti-gewurztraminer-2\/","title":{"rendered":"Oliver Conti Gew\u00fcrztraminer"},"content":{"rendered":"<div class=\"flex-shrink-0 flex flex-col relative items-end\">\n<div>\n<div class=\"pt-0\">\n<div class=\"gizmo-bot-avatar flex h-8 w-8 items-center justify-center overflow-hidden rounded-full\">\n<div class=\"relative p-1 rounded-sm flex items-center justify-center bg-token-main-surface-primary text-token-text-primary h-8 w-8\">El <strong>Oliver Conti Gew\u00fcrztraminer<\/strong> \u00e9s un vi blanc sec de la Denominaci\u00f3 d&#8217;Origen Empord\u00e0, elaborat amb ra\u00efm de la varietat Gew\u00fcrztraminer, coneguda pel seu perfil arom\u00e0tic distintiu i la seva capacitat per expressar el terreny de manera excepcional.<\/div>\n<\/div>\n<\/div>\n<\/div>\n<\/div>\n<div class=\"group\/conversation-turn relative flex w-full min-w-0 flex-col agent-turn\">\n<div class=\"flex-col gap-1 md:gap-3\">\n<div class=\"flex max-w-full flex-col flex-grow\">\n<div class=\"min-h-8 text-message flex w-full flex-col items-end gap-2 whitespace-normal break-words text-start [.text-message+&amp;]:mt-5\" dir=\"auto\" data-message-author-role=\"assistant\" data-message-id=\"a70db417-0717-4d81-8faa-03595d271b99\" data-message-model-slug=\"gpt-4o-mini\">\n<div class=\"flex w-full flex-col gap-1 empty:hidden first:pt-[3px]\">\n<div class=\"markdown prose w-full break-words dark:prose-invert light\">\n<p><strong>Caracter\u00edstiques destacades:<\/strong><\/p>\n<ul>\n<li><strong>Color:<\/strong> Presenta un color groc amb tons daurats, que reflecteixen la seva maduresa i crian\u00e7a.<\/li>\n<li><strong>Aroma:<\/strong> Ofereix una intensitat arom\u00e0tica notable, amb notes florals de rosa i jazm\u00edn, complementades amb aromes afruitats de lichi, melicot\u00f3 i c\u00edtrics. Aquestes caracter\u00edstiques es deuen a la varietat Gew\u00fcrztraminer i a les condicions clim\u00e0tiques de l&#8217;Empord\u00e0.<\/li>\n<li><strong>Boca:<\/strong> En boca, \u00e9s un vi de cos mitj\u00e0, amb una acidesa equilibrada que aporta frescor i eleg\u00e0ncia. La seva textura \u00e9s envolvent, amb sabors que reflecteixen el seu perfil arom\u00e0tic, oferint una experi\u00e8ncia gustativa harm\u00f2nica i persistent.<\/li>\n<li><strong>Maridatge:<\/strong> \u00c9s un vi vers\u00e0til que marida perfectament amb plats especiats, com la cuina asi\u00e0tica, formatges curats i postres frutals. El seu perfil arom\u00e0tic i la seva acidesa equilibrada el converteixen en una excel\u00b7lent opci\u00f3 per acompanyar una \u00e0mplia varietat de plats.<\/li>\n<\/ul>\n<p>En resum, el <strong>Oliver Conti Gew\u00fcrztraminer<\/strong> \u00e9s un vi blanc d&#8217;alta qualitat que reflecteix la riquesa i diversitat de l&#8217;Empord\u00e0, oferint una experi\u00e8ncia sensorial completa i equilibrada.<\/p>\n<\/div>\n<\/div>\n<\/div>\n<\/div>\n<\/div>\n<\/div>\n","protected":false},"excerpt":{"rendered":"<div class=\"flex-shrink-0 flex flex-col relative items-end\">\n<div>\n<div class=\"pt-0\">\n<div class=\"gizmo-bot-avatar flex h-8 w-8 items-center justify-center overflow-hidden rounded-full\">\n<div class=\"relative p-1 rounded-sm flex items-center justify-center bg-token-main-surface-primary text-token-text-primary h-8 w-8\"><\/div>\n<\/div>\n<\/div>\n<\/div>\n<\/div>\n<div class=\"group\/conversation-turn relative flex w-full min-w-0 flex-col agent-turn\">\n<div class=\"flex-col gap-1 md:gap-3\">\n<div class=\"flex max-w-full flex-col flex-grow\">\n<div class=\"min-h-8 text-message flex w-full flex-col items-end gap-2 whitespace-normal break-words text-start [.text-message+&amp;]:mt-5\" dir=\"auto\" data-message-author-role=\"assistant\" data-message-id=\"7aba0fb8-4600-44cd-b9e5-d9536afe8927\" data-message-model-slug=\"gpt-4o-mini\">\n<div class=\"flex w-full flex-col gap-1 empty:hidden first:pt-[3px]\">\n<div class=\"markdown prose w-full break-words dark:prose-invert light\">\n<p>El <strong>Oliver Conti Gew\u00fcrztraminer<\/strong> \u00e9s un vi blanc sec de la DO Empord\u00e0, elaborat amb ra\u00efm Gew\u00fcrztraminer, conegut pel seu perfil arom\u00e0tic intens i complex. Presenta un color groc daurat i una aromatitzaci\u00f3 destacada amb notes florals de rosa i jazm\u00edn, aix\u00ed com fruites com lichi, melicot\u00f3 i c\u00edtrics. En boca, \u00e9s fresc i equilibrat, amb una textura envolvent i una acidesa que aporta eleg\u00e0ncia. \u00c9s un vi vers\u00e0til, ideal per acompanyar plats especiats, cuina asi\u00e0tica, formatges curats i postres frutals, amb una gran persist\u00e8ncia i harmonia.<\/p>\n<\/div>\n<\/div>\n<\/div>\n<\/div>\n<\/div>\n<\/div>\n","protected":false},"featured_media":85197,"comment_status":"closed","ping_status":"closed","template":"","meta":{"_acf_changed":false},"pwb-brand":[32879],"product_brand":[],"product_cat":[51670,51672],"product_tag":[],"class_list":{"0":"post-85200","1":"product","2":"type-product","3":"status-publish","4":"has-post-thumbnail","6":"pwb-brand-emporda-d-o","7":"product_cat-vi","8":"product_cat-vi-blanc","9":"pa_anada-45483","10":"pa_bodega-oliverconti","11":"pa_do-emporda-d-o-ca","12":"pa_floral-blanc-floral","13":"pa_formatoenml-38306","14":"pa_graduacion-12_5","15":"pa_maridaje-marisc","16":"pa_maridaje-peix","17":"pa_pueblociudad-capmanygirona","18":"pa_variedad-principal-gewurztraminer-ca-2","19":"entry","20":"has-media","22":"first","23":"instock","24":"taxable","25":"shipping-taxable","26":"purchasable","27":"product-type-simple"},"acf":[],"yoast_head":"<!-- This site is optimized with the Yoast SEO Premium plugin v23.1 (Yoast SEO v23.5) - https:\/\/yoast.com\/wordpress\/plugins\/seo\/ -->\n<title>Oliver Conti Gew\u00fcrztraminer<\/title>\n<meta name=\"description\" content=\"Comprar onlie vi Oliver Conti de la DO Empord\u00e0 al millor preu. Botiga de vins amb descomptes. Productes gourmet. Licoreria. Viniteca de referencia. Enviament rapid i segur.\" \/>\n<meta name=\"robots\" content=\"noindex, follow, max-snippet:-1, max-image-preview:large, max-video-preview:-1\" \/>\n<meta property=\"og:locale\" content=\"ca_ES\" \/>\n<meta property=\"og:type\" content=\"article\" \/>\n<meta property=\"og:title\" content=\"Oliver Conti Gew\u00fcrztraminer\" \/>\n<meta property=\"og:description\" content=\"Comprar onlie vi Oliver Conti de la DO Empord\u00e0 al millor preu. Botiga de vins amb descomptes. Productes gourmet. Licoreria. Viniteca de referencia. Enviament rapid i segur.\" \/>\n<meta property=\"og:url\" content=\"https:\/\/aral2.cetrexmarketing.com\/ca\/producto\/oliver-conti-gewurztraminer-2\/\" \/>\n<meta property=\"og:site_name\" content=\"M\u00f3n La Cata\" \/>\n<meta property=\"article:modified_time\" content=\"2025-05-25T06:17:08+00:00\" \/>\n<meta property=\"og:image\" content=\"https:\/\/aral2.cetrexmarketing.com\/wp-content\/uploads\/2025\/05\/Oliver-Conti-Gewurztraminer.jpg.png\" \/>\n\t<meta property=\"og:image:width\" content=\"765\" \/>\n\t<meta property=\"og:image:height\" content=\"1024\" \/>\n\t<meta property=\"og:image:type\" content=\"image\/png\" \/>\n<meta name=\"twitter:card\" content=\"summary_large_image\" \/>\n<meta name=\"twitter:label1\" content=\"Temps estimat de lectura\" \/>\n\t<meta name=\"twitter:data1\" content=\"2 minuts\" \/>\n<script type=\"application\/ld+json\" class=\"yoast-schema-graph\">{\"@context\":\"https:\/\/schema.org\",\"@graph\":[{\"@type\":\"WebPage\",\"@id\":\"https:\/\/aral2.cetrexmarketing.com\/ca\/producto\/oliver-conti-gewurztraminer-2\/\",\"url\":\"https:\/\/aral2.cetrexmarketing.com\/ca\/producto\/oliver-conti-gewurztraminer-2\/\",\"name\":\"Oliver Conti Gew\u00fcrztraminer\",\"isPartOf\":{\"@id\":\"https:\/\/aral2.cetrexmarketing.com\/#website\"},\"primaryImageOfPage\":{\"@id\":\"https:\/\/aral2.cetrexmarketing.com\/ca\/producto\/oliver-conti-gewurztraminer-2\/#primaryimage\"},\"image\":{\"@id\":\"https:\/\/aral2.cetrexmarketing.com\/ca\/producto\/oliver-conti-gewurztraminer-2\/#primaryimage\"},\"thumbnailUrl\":\"https:\/\/aral2.cetrexmarketing.com\/wp-content\/uploads\/2025\/05\/Oliver-Conti-Gewurztraminer.jpg.png\",\"datePublished\":\"2025-05-25T06:17:06+00:00\",\"dateModified\":\"2025-05-25T06:17:08+00:00\",\"description\":\"Comprar onlie vi Oliver Conti de la DO Empord\u00e0 al millor preu. Botiga de vins amb descomptes. Productes gourmet. Licoreria. Viniteca de referencia. Enviament rapid i segur.\",\"breadcrumb\":{\"@id\":\"https:\/\/aral2.cetrexmarketing.com\/ca\/producto\/oliver-conti-gewurztraminer-2\/#breadcrumb\"},\"inLanguage\":\"ca\",\"potentialAction\":[{\"@type\":\"ReadAction\",\"target\":[\"https:\/\/aral2.cetrexmarketing.com\/ca\/producto\/oliver-conti-gewurztraminer-2\/\"]}]},{\"@type\":\"ImageObject\",\"inLanguage\":\"ca\",\"@id\":\"https:\/\/aral2.cetrexmarketing.com\/ca\/producto\/oliver-conti-gewurztraminer-2\/#primaryimage\",\"url\":\"https:\/\/aral2.cetrexmarketing.com\/wp-content\/uploads\/2025\/05\/Oliver-Conti-Gewurztraminer.jpg.png\",\"contentUrl\":\"https:\/\/aral2.cetrexmarketing.com\/wp-content\/uploads\/2025\/05\/Oliver-Conti-Gewurztraminer.jpg.png\",\"width\":765,\"height\":1024},{\"@type\":\"BreadcrumbList\",\"@id\":\"https:\/\/aral2.cetrexmarketing.com\/ca\/producto\/oliver-conti-gewurztraminer-2\/#breadcrumb\",\"itemListElement\":[{\"@type\":\"ListItem\",\"position\":1,\"name\":\"Home\",\"item\":\"https:\/\/aral2.cetrexmarketing.com\/ca\/\"},{\"@type\":\"ListItem\",\"position\":2,\"name\":\"Tienda\",\"item\":\"https:\/\/aral2.cetrexmarketing.com\/ca\/tienda-2\/\"},{\"@type\":\"ListItem\",\"position\":3,\"name\":\"Vi\",\"item\":\"https:\/\/aral2.cetrexmarketing.com\/categoria-producto\/vi\/\"},{\"@type\":\"ListItem\",\"position\":4,\"name\":\"Vi Blanc\",\"item\":\"https:\/\/aral2.cetrexmarketing.com\/categoria-producto\/vi\/vi-blanc\/\"},{\"@type\":\"ListItem\",\"position\":5,\"name\":\"Oliver Conti Gew\u00fcrztraminer\"}]},{\"@type\":\"WebSite\",\"@id\":\"https:\/\/aral2.cetrexmarketing.com\/#website\",\"url\":\"https:\/\/aral2.cetrexmarketing.com\/\",\"name\":\"M\u00f3n La Cata\",\"description\":\"Tienda de vinos, licores, cervezas y gourmet\",\"publisher\":{\"@id\":\"https:\/\/aral2.cetrexmarketing.com\/#organization\"},\"potentialAction\":[{\"@type\":\"SearchAction\",\"target\":{\"@type\":\"EntryPoint\",\"urlTemplate\":\"https:\/\/aral2.cetrexmarketing.com\/?s={search_term_string}\"},\"query-input\":{\"@type\":\"PropertyValueSpecification\",\"valueRequired\":true,\"valueName\":\"search_term_string\"}}],\"inLanguage\":\"ca\"},{\"@type\":\"Organization\",\"@id\":\"https:\/\/aral2.cetrexmarketing.com\/#organization\",\"name\":\"M\u00f3n La Cata\",\"url\":\"https:\/\/aral2.cetrexmarketing.com\/\",\"logo\":{\"@type\":\"ImageObject\",\"inLanguage\":\"ca\",\"@id\":\"https:\/\/aral2.cetrexmarketing.com\/#\/schema\/logo\/image\/\",\"url\":\"https:\/\/aral2.cetrexmarketing.com\/wp-content\/uploads\/2024\/10\/aral-logo-neg-1024x409-1.png\",\"contentUrl\":\"https:\/\/aral2.cetrexmarketing.com\/wp-content\/uploads\/2024\/10\/aral-logo-neg-1024x409-1.png\",\"width\":1024,\"height\":409,\"caption\":\"M\u00f3n La Cata\"},\"image\":{\"@id\":\"https:\/\/aral2.cetrexmarketing.com\/#\/schema\/logo\/image\/\"}}]}<\/script>\n<!-- \/ Yoast SEO Premium plugin. -->","yoast_head_json":{"title":"Oliver Conti Gew\u00fcrztraminer","description":"Comprar onlie vi Oliver Conti de la DO Empord\u00e0 al millor preu. Botiga de vins amb descomptes. Productes gourmet. Licoreria. Viniteca de referencia. Enviament rapid i segur.","robots":{"index":"noindex","follow":"follow","max-snippet":"max-snippet:-1","max-image-preview":"max-image-preview:large","max-video-preview":"max-video-preview:-1"},"og_locale":"ca_ES","og_type":"article","og_title":"Oliver Conti Gew\u00fcrztraminer","og_description":"Comprar onlie vi Oliver Conti de la DO Empord\u00e0 al millor preu. Botiga de vins amb descomptes. Productes gourmet. Licoreria. Viniteca de referencia. Enviament rapid i segur.","og_url":"https:\/\/aral2.cetrexmarketing.com\/ca\/producto\/oliver-conti-gewurztraminer-2\/","og_site_name":"M\u00f3n La Cata","article_modified_time":"2025-05-25T06:17:08+00:00","og_image":[{"width":765,"height":1024,"url":"https:\/\/aral2.cetrexmarketing.com\/wp-content\/uploads\/2025\/05\/Oliver-Conti-Gewurztraminer.jpg.png","type":"image\/png"}],"twitter_card":"summary_large_image","twitter_misc":{"Temps estimat de lectura":"2 minuts"},"schema":{"@context":"https:\/\/schema.org","@graph":[{"@type":"WebPage","@id":"https:\/\/aral2.cetrexmarketing.com\/ca\/producto\/oliver-conti-gewurztraminer-2\/","url":"https:\/\/aral2.cetrexmarketing.com\/ca\/producto\/oliver-conti-gewurztraminer-2\/","name":"Oliver Conti Gew\u00fcrztraminer","isPartOf":{"@id":"https:\/\/aral2.cetrexmarketing.com\/#website"},"primaryImageOfPage":{"@id":"https:\/\/aral2.cetrexmarketing.com\/ca\/producto\/oliver-conti-gewurztraminer-2\/#primaryimage"},"image":{"@id":"https:\/\/aral2.cetrexmarketing.com\/ca\/producto\/oliver-conti-gewurztraminer-2\/#primaryimage"},"thumbnailUrl":"https:\/\/aral2.cetrexmarketing.com\/wp-content\/uploads\/2025\/05\/Oliver-Conti-Gewurztraminer.jpg.png","datePublished":"2025-05-25T06:17:06+00:00","dateModified":"2025-05-25T06:17:08+00:00","description":"Comprar onlie vi Oliver Conti de la DO Empord\u00e0 al millor preu. Botiga de vins amb descomptes. Productes gourmet. Licoreria. Viniteca de referencia. Enviament rapid i segur.","breadcrumb":{"@id":"https:\/\/aral2.cetrexmarketing.com\/ca\/producto\/oliver-conti-gewurztraminer-2\/#breadcrumb"},"inLanguage":"ca","potentialAction":[{"@type":"ReadAction","target":["https:\/\/aral2.cetrexmarketing.com\/ca\/producto\/oliver-conti-gewurztraminer-2\/"]}]},{"@type":"ImageObject","inLanguage":"ca","@id":"https:\/\/aral2.cetrexmarketing.com\/ca\/producto\/oliver-conti-gewurztraminer-2\/#primaryimage","url":"https:\/\/aral2.cetrexmarketing.com\/wp-content\/uploads\/2025\/05\/Oliver-Conti-Gewurztraminer.jpg.png","contentUrl":"https:\/\/aral2.cetrexmarketing.com\/wp-content\/uploads\/2025\/05\/Oliver-Conti-Gewurztraminer.jpg.png","width":765,"height":1024},{"@type":"BreadcrumbList","@id":"https:\/\/aral2.cetrexmarketing.com\/ca\/producto\/oliver-conti-gewurztraminer-2\/#breadcrumb","itemListElement":[{"@type":"ListItem","position":1,"name":"Home","item":"https:\/\/aral2.cetrexmarketing.com\/ca\/"},{"@type":"ListItem","position":2,"name":"Tienda","item":"https:\/\/aral2.cetrexmarketing.com\/ca\/tienda-2\/"},{"@type":"ListItem","position":3,"name":"Vi","item":"https:\/\/aral2.cetrexmarketing.com\/categoria-producto\/vi\/"},{"@type":"ListItem","position":4,"name":"Vi Blanc","item":"https:\/\/aral2.cetrexmarketing.com\/categoria-producto\/vi\/vi-blanc\/"},{"@type":"ListItem","position":5,"name":"Oliver Conti Gew\u00fcrztraminer"}]},{"@type":"WebSite","@id":"https:\/\/aral2.cetrexmarketing.com\/#website","url":"https:\/\/aral2.cetrexmarketing.com\/","name":"M\u00f3n La Cata","description":"Tienda de vinos, licores, cervezas y gourmet","publisher":{"@id":"https:\/\/aral2.cetrexmarketing.com\/#organization"},"potentialAction":[{"@type":"SearchAction","target":{"@type":"EntryPoint","urlTemplate":"https:\/\/aral2.cetrexmarketing.com\/?s={search_term_string}"},"query-input":{"@type":"PropertyValueSpecification","valueRequired":true,"valueName":"search_term_string"}}],"inLanguage":"ca"},{"@type":"Organization","@id":"https:\/\/aral2.cetrexmarketing.com\/#organization","name":"M\u00f3n La Cata","url":"https:\/\/aral2.cetrexmarketing.com\/","logo":{"@type":"ImageObject","inLanguage":"ca","@id":"https:\/\/aral2.cetrexmarketing.com\/#\/schema\/logo\/image\/","url":"https:\/\/aral2.cetrexmarketing.com\/wp-content\/uploads\/2024\/10\/aral-logo-neg-1024x409-1.png","contentUrl":"https:\/\/aral2.cetrexmarketing.com\/wp-content\/uploads\/2024\/10\/aral-logo-neg-1024x409-1.png","width":1024,"height":409,"caption":"M\u00f3n La Cata"},"image":{"@id":"https:\/\/aral2.cetrexmarketing.com\/#\/schema\/logo\/image\/"}}]}},"brands":[{"id":32879,"name":"Empord\u00e0 D.O.","slug":"emporda-d-o"}],"_links":{"self":[{"href":"https:\/\/aral2.cetrexmarketing.com\/ca\/wp-json\/wp\/v2\/product\/85200","targetHints":{"allow":["GET"]}}],"collection":[{"href":"https:\/\/aral2.cetrexmarketing.com\/ca\/wp-json\/wp\/v2\/product"}],"about":[{"href":"https:\/\/aral2.cetrexmarketing.com\/ca\/wp-json\/wp\/v2\/types\/product"}],"replies":[{"embeddable":true,"href":"https:\/\/aral2.cetrexmarketing.com\/ca\/wp-json\/wp\/v2\/comments?post=85200"}],"wp:featuredmedia":[{"embeddable":true,"href":"https:\/\/aral2.cetrexmarketing.com\/ca\/wp-json\/wp\/v2\/media\/85197"}],"wp:attachment":[{"href":"https:\/\/aral2.cetrexmarketing.com\/ca\/wp-json\/wp\/v2\/media?parent=85200"}],"wp:term":[{"taxonomy":"pwb-brand","embeddable":true,"href":"https:\/\/aral2.cetrexmarketing.com\/ca\/wp-json\/wp\/v2\/pwb-brand?post=85200"},{"taxonomy":"product_brand","embeddable":true,"href":"https:\/\/aral2.cetrexmarketing.com\/ca\/wp-json\/wp\/v2\/product_brand?post=85200"},{"taxonomy":"product_cat","embeddable":true,"href":"https:\/\/aral2.cetrexmarketing.com\/ca\/wp-json\/wp\/v2\/product_cat?post=85200"},{"taxonomy":"product_tag","embeddable":true,"href":"https:\/\/aral2.cetrexmarketing.com\/ca\/wp-json\/wp\/v2\/product_tag?post=85200"}],"curies":[{"name":"wp","href":"https:\/\/api.w.org\/{rel}","templated":true}]}}