{"id":85180,"date":"2025-05-25T06:16:35","date_gmt":"2025-05-25T06:16:35","guid":{"rendered":"https:\/\/aral2.cetrexmarketing.com\/producto\/pedralonga-do-umia-2\/"},"modified":"2025-05-25T06:16:37","modified_gmt":"2025-05-25T06:16:37","slug":"pedralonga-do-umia-2","status":"publish","type":"product","link":"https:\/\/aral2.cetrexmarketing.com\/ca\/producto\/pedralonga-do-umia-2\/","title":{"rendered":"Pedralonga Do Umia"},"content":{"rendered":"<p data-start=\"40\" data-end=\"500\"><strong data-start=\"40\" data-end=\"61\">Pedralonga DoUmia<\/strong> \u00e9s un vi negre elaborat per la <strong data-start=\"93\" data-end=\"114\">Bodega Pedralonga<\/strong>, situada a la <strong data-start=\"129\" data-end=\"149\">D.O. R\u00edas Baixas<\/strong> (Gal\u00edcia, Espanya). Tot i que <strong data-start=\"180\" data-end=\"195\">R\u00edas Baixas<\/strong> \u00e9s coneguda principalment pels seus <strong data-start=\"232\" data-end=\"258\">vins blancs d&#8217;Albari\u00f1o<\/strong>, Pedralonga ha apostat per l&#8217;elaboraci\u00f3 de vins negres que reflecteixen el <strong data-start=\"334\" data-end=\"355\">car\u00e0cter atl\u00e0ntic<\/strong> i el <strong data-start=\"361\" data-end=\"377\">terroir \u00fanic<\/strong> de la regi\u00f3. Aquest vi destaca per la seva frescor i autenticitat, amb una combinaci\u00f3 equilibrada de varietats aut\u00f2ctones.<\/p>\n<h3 data-start=\"507\" data-end=\"545\"><strong data-start=\"511\" data-end=\"545\">Caracter\u00edstiques del Producte:<\/strong><\/h3>\n<ul data-start=\"546\" data-end=\"1093\">\n<li data-start=\"546\" data-end=\"569\"><strong data-start=\"548\" data-end=\"558\">Tipus:<\/strong> Vi negre<\/li>\n<li data-start=\"570\" data-end=\"625\"><strong data-start=\"572\" data-end=\"583\">Origen:<\/strong> <strong data-start=\"584\" data-end=\"604\">D.O. R\u00edas Baixas<\/strong> (Gal\u00edcia, Espanya)<\/li>\n<li data-start=\"626\" data-end=\"724\"><strong data-start=\"628\" data-end=\"648\">Varietats d&#8217;uva:<\/strong>\n<ul data-start=\"654\" data-end=\"724\">\n<li data-start=\"654\" data-end=\"672\"><strong data-start=\"656\" data-end=\"670\">60% Menc\u00eda<\/strong><\/li>\n<li data-start=\"676\" data-end=\"699\"><strong data-start=\"678\" data-end=\"697\">30% Ca\u00ed\u00f1o Tinto<\/strong><\/li>\n<li data-start=\"703\" data-end=\"724\"><strong data-start=\"705\" data-end=\"722\">10% Espadeiro<\/strong><\/li>\n<\/ul>\n<\/li>\n<li data-start=\"725\" data-end=\"767\"><strong data-start=\"727\" data-end=\"752\">Graduaci\u00f3 alcoh\u00f2lica:<\/strong> <strong data-start=\"753\" data-end=\"765\">12% vol.<\/strong><\/li>\n<li data-start=\"768\" data-end=\"1093\"><strong data-start=\"770\" data-end=\"785\">Elaboraci\u00f3:<\/strong>\n<ul data-start=\"791\" data-end=\"1093\">\n<li data-start=\"791\" data-end=\"873\"><strong data-start=\"793\" data-end=\"810\">Verema manual<\/strong> en caixes de 16 kg per preservar la integritat de les ra\u00efms.<\/li>\n<li data-start=\"877\" data-end=\"952\"><strong data-start=\"879\" data-end=\"919\">Fermentaci\u00f3 a temperatura controlada<\/strong> en dip\u00f2sits d&#8217;acer inoxidable.<\/li>\n<li data-start=\"956\" data-end=\"1093\"><strong data-start=\"958\" data-end=\"985\">Fermentaci\u00f3 malol\u00e0ctica<\/strong> sobre <strong data-start=\"992\" data-end=\"1000\">l\u00edas<\/strong> i posterior rep\u00f2s sobre aquestes entre <strong data-start=\"1040\" data-end=\"1056\">9 i 12 mesos<\/strong> per aportar textura i complexitat.<\/li>\n<\/ul>\n<\/li>\n<\/ul>\n<h3 data-start=\"1100\" data-end=\"1122\"><strong data-start=\"1104\" data-end=\"1122\">Notes de Cata:<\/strong><\/h3>\n<ul data-start=\"1123\" data-end=\"1521\">\n<li data-start=\"1123\" data-end=\"1185\"><strong data-start=\"1125\" data-end=\"1135\">Color:<\/strong> Vermell transl\u00facid amb reflexos de color teula.<\/li>\n<li data-start=\"1186\" data-end=\"1310\"><strong data-start=\"1188\" data-end=\"1198\">Aroma:<\/strong> Elegant i floral, amb matisos de <strong data-start=\"1232\" data-end=\"1252\">fruites fresques<\/strong> (grosella, maduixa) i un subtil toc <strong data-start=\"1289\" data-end=\"1298\">fumat<\/strong> al final.<\/li>\n<li data-start=\"1311\" data-end=\"1521\"><strong data-start=\"1313\" data-end=\"1323\">Sabor:<\/strong> En boca \u00e9s <strong data-start=\"1335\" data-end=\"1344\">fresc<\/strong> i <strong data-start=\"1347\" data-end=\"1357\">fruity<\/strong>, amb una bona acidesa i un pas per boca equilibrat. El retronasal deixa records de <strong data-start=\"1441\" data-end=\"1460\">fruita vermella<\/strong> i un toc <strong data-start=\"1470\" data-end=\"1482\">minerals<\/strong> que reflecteix el car\u00e0cter atl\u00e0ntic.<\/li>\n<\/ul>\n","protected":false},"excerpt":{"rendered":"<p>Pedralonga DoUmia \u00e9s un vi negre elaborat per la Bodega Pedralonga, situada a la D.O. R\u00edas Baixas (Gal\u00edcia, Espanya). Tot i que R\u00edas Baixas \u00e9s coneguda principalment pels seus vins blancs d&#8217;Albari\u00f1o, Pedralonga ha apostat per l&#8217;elaboraci\u00f3 de vins negres que reflecteixen el car\u00e0cter atl\u00e0ntic i el terroir \u00fanic de la regi\u00f3. Aquest vi destaca&hellip;<\/p>\n","protected":false},"featured_media":85177,"comment_status":"closed","ping_status":"closed","template":"","meta":{"_acf_changed":false},"pwb-brand":[32929],"product_brand":[],"product_cat":[51670,51671],"product_tag":[16554,16392,16555],"class_list":{"0":"post-85180","1":"product","2":"type-product","3":"status-publish","4":"has-post-thumbnail","6":"pwb-brand-rias-baixas-d-o","7":"product_cat-vi","8":"product_cat-vi-negre","9":"product_tag-do-umia-ca","10":"product_tag-pedralonga-ca","11":"product_tag-ribera-sacra-ca","12":"pa_anada-36211","13":"pa_bodega-bodega-pedralonga","14":"pa_do-riasbaixasdo-ca","15":"pa_formatoenl-36158","16":"pa_formatoenml-38306","17":"pa_fresco-negre-fresc","18":"pa_graduacion-12_0","19":"pa_maridaje-carn-blanca","20":"pa_maridaje-carn-roja","21":"pa_maridaje-midons","22":"pa_maridaje-verdures","23":"pa_pais-espanya-ca","24":"pa_pesoengramos-38337","25":"pa_pesoenkg-125-ca","26":"pa_pueblociudad-caldasdereispontevedra","27":"pa_region-galicia","28":"pa_tipodevino-vi-tranquil","29":"pa_variedad-principal-mencia-ca","30":"entry","31":"has-media","33":"first","34":"instock","35":"taxable","36":"shipping-taxable","37":"purchasable","38":"product-type-simple"},"acf":[],"yoast_head":"<!-- This site is optimized with the Yoast SEO Premium plugin v23.1 (Yoast SEO v23.5) - https:\/\/yoast.com\/wordpress\/plugins\/seo\/ -->\n<title>Pedralonga Do Umia Negre vi de la DO R\u00edas Baixas<\/title>\n<meta name=\"description\" content=\"Comprar online al millor preu el vi negre Do Umia de Pedralonga a la DO RIbera Sacra 75cl. Viniteca. Licoreria. Begudes. Productes gourmet. Alimentaci\u00f3. Ofertes\" \/>\n<meta name=\"robots\" content=\"noindex, follow, max-snippet:-1, max-image-preview:large, max-video-preview:-1\" \/>\n<meta property=\"og:locale\" content=\"ca_ES\" \/>\n<meta property=\"og:type\" content=\"article\" \/>\n<meta property=\"og:title\" content=\"Pedralonga Do Umia\" \/>\n<meta property=\"og:description\" content=\"Comprar online al millor preu el vi negre Do Umia de Pedralonga a la DO RIbera Sacra 75cl. Viniteca. Licoreria. Begudes. Productes gourmet. Alimentaci\u00f3. Ofertes\" \/>\n<meta property=\"og:url\" content=\"https:\/\/aral2.cetrexmarketing.com\/ca\/producto\/pedralonga-do-umia-2\/\" \/>\n<meta property=\"og:site_name\" content=\"M\u00f3n La Cata\" \/>\n<meta property=\"article:modified_time\" content=\"2025-05-25T06:16:37+00:00\" \/>\n<meta property=\"og:image\" content=\"https:\/\/aral2.cetrexmarketing.com\/wp-content\/uploads\/2025\/05\/Pedralonga-Do-Umia.jpg.png\" \/>\n\t<meta property=\"og:image:width\" content=\"765\" \/>\n\t<meta property=\"og:image:height\" content=\"1024\" \/>\n\t<meta property=\"og:image:type\" content=\"image\/png\" \/>\n<meta name=\"twitter:card\" content=\"summary_large_image\" \/>\n<meta name=\"twitter:label1\" content=\"Temps estimat de lectura\" \/>\n\t<meta name=\"twitter:data1\" content=\"2 minuts\" \/>\n<script type=\"application\/ld+json\" class=\"yoast-schema-graph\">{\"@context\":\"https:\/\/schema.org\",\"@graph\":[{\"@type\":\"WebPage\",\"@id\":\"https:\/\/aral2.cetrexmarketing.com\/ca\/producto\/pedralonga-do-umia-2\/\",\"url\":\"https:\/\/aral2.cetrexmarketing.com\/ca\/producto\/pedralonga-do-umia-2\/\",\"name\":\"Pedralonga Do Umia Negre vi de la DO R\u00edas Baixas\",\"isPartOf\":{\"@id\":\"https:\/\/aral2.cetrexmarketing.com\/#website\"},\"primaryImageOfPage\":{\"@id\":\"https:\/\/aral2.cetrexmarketing.com\/ca\/producto\/pedralonga-do-umia-2\/#primaryimage\"},\"image\":{\"@id\":\"https:\/\/aral2.cetrexmarketing.com\/ca\/producto\/pedralonga-do-umia-2\/#primaryimage\"},\"thumbnailUrl\":\"https:\/\/aral2.cetrexmarketing.com\/wp-content\/uploads\/2025\/05\/Pedralonga-Do-Umia.jpg.png\",\"datePublished\":\"2025-05-25T06:16:35+00:00\",\"dateModified\":\"2025-05-25T06:16:37+00:00\",\"description\":\"Comprar online al millor preu el vi negre Do Umia de Pedralonga a la DO RIbera Sacra 75cl. Viniteca. Licoreria. Begudes. Productes gourmet. Alimentaci\u00f3. Ofertes\",\"breadcrumb\":{\"@id\":\"https:\/\/aral2.cetrexmarketing.com\/ca\/producto\/pedralonga-do-umia-2\/#breadcrumb\"},\"inLanguage\":\"ca\",\"potentialAction\":[{\"@type\":\"ReadAction\",\"target\":[\"https:\/\/aral2.cetrexmarketing.com\/ca\/producto\/pedralonga-do-umia-2\/\"]}]},{\"@type\":\"ImageObject\",\"inLanguage\":\"ca\",\"@id\":\"https:\/\/aral2.cetrexmarketing.com\/ca\/producto\/pedralonga-do-umia-2\/#primaryimage\",\"url\":\"https:\/\/aral2.cetrexmarketing.com\/wp-content\/uploads\/2025\/05\/Pedralonga-Do-Umia.jpg.png\",\"contentUrl\":\"https:\/\/aral2.cetrexmarketing.com\/wp-content\/uploads\/2025\/05\/Pedralonga-Do-Umia.jpg.png\",\"width\":765,\"height\":1024},{\"@type\":\"BreadcrumbList\",\"@id\":\"https:\/\/aral2.cetrexmarketing.com\/ca\/producto\/pedralonga-do-umia-2\/#breadcrumb\",\"itemListElement\":[{\"@type\":\"ListItem\",\"position\":1,\"name\":\"Home\",\"item\":\"https:\/\/aral2.cetrexmarketing.com\/ca\/\"},{\"@type\":\"ListItem\",\"position\":2,\"name\":\"Tienda\",\"item\":\"https:\/\/aral2.cetrexmarketing.com\/ca\/tienda-2\/\"},{\"@type\":\"ListItem\",\"position\":3,\"name\":\"Vi\",\"item\":\"https:\/\/aral2.cetrexmarketing.com\/categoria-producto\/vi\/\"},{\"@type\":\"ListItem\",\"position\":4,\"name\":\"Vi Negre\",\"item\":\"https:\/\/aral2.cetrexmarketing.com\/categoria-producto\/vi\/vi-negre\/\"},{\"@type\":\"ListItem\",\"position\":5,\"name\":\"Pedralonga Do Umia\"}]},{\"@type\":\"WebSite\",\"@id\":\"https:\/\/aral2.cetrexmarketing.com\/#website\",\"url\":\"https:\/\/aral2.cetrexmarketing.com\/\",\"name\":\"M\u00f3n La Cata\",\"description\":\"Tienda de vinos, licores, cervezas y gourmet\",\"publisher\":{\"@id\":\"https:\/\/aral2.cetrexmarketing.com\/#organization\"},\"potentialAction\":[{\"@type\":\"SearchAction\",\"target\":{\"@type\":\"EntryPoint\",\"urlTemplate\":\"https:\/\/aral2.cetrexmarketing.com\/?s={search_term_string}\"},\"query-input\":{\"@type\":\"PropertyValueSpecification\",\"valueRequired\":true,\"valueName\":\"search_term_string\"}}],\"inLanguage\":\"ca\"},{\"@type\":\"Organization\",\"@id\":\"https:\/\/aral2.cetrexmarketing.com\/#organization\",\"name\":\"M\u00f3n La Cata\",\"url\":\"https:\/\/aral2.cetrexmarketing.com\/\",\"logo\":{\"@type\":\"ImageObject\",\"inLanguage\":\"ca\",\"@id\":\"https:\/\/aral2.cetrexmarketing.com\/#\/schema\/logo\/image\/\",\"url\":\"https:\/\/aral2.cetrexmarketing.com\/wp-content\/uploads\/2024\/10\/aral-logo-neg-1024x409-1.png\",\"contentUrl\":\"https:\/\/aral2.cetrexmarketing.com\/wp-content\/uploads\/2024\/10\/aral-logo-neg-1024x409-1.png\",\"width\":1024,\"height\":409,\"caption\":\"M\u00f3n La Cata\"},\"image\":{\"@id\":\"https:\/\/aral2.cetrexmarketing.com\/#\/schema\/logo\/image\/\"}}]}<\/script>\n<!-- \/ Yoast SEO Premium plugin. -->","yoast_head_json":{"title":"Pedralonga Do Umia Negre vi de la DO R\u00edas Baixas","description":"Comprar online al millor preu el vi negre Do Umia de Pedralonga a la DO RIbera Sacra 75cl. Viniteca. Licoreria. Begudes. Productes gourmet. Alimentaci\u00f3. Ofertes","robots":{"index":"noindex","follow":"follow","max-snippet":"max-snippet:-1","max-image-preview":"max-image-preview:large","max-video-preview":"max-video-preview:-1"},"og_locale":"ca_ES","og_type":"article","og_title":"Pedralonga Do Umia","og_description":"Comprar online al millor preu el vi negre Do Umia de Pedralonga a la DO RIbera Sacra 75cl. Viniteca. Licoreria. Begudes. Productes gourmet. Alimentaci\u00f3. Ofertes","og_url":"https:\/\/aral2.cetrexmarketing.com\/ca\/producto\/pedralonga-do-umia-2\/","og_site_name":"M\u00f3n La Cata","article_modified_time":"2025-05-25T06:16:37+00:00","og_image":[{"width":765,"height":1024,"url":"https:\/\/aral2.cetrexmarketing.com\/wp-content\/uploads\/2025\/05\/Pedralonga-Do-Umia.jpg.png","type":"image\/png"}],"twitter_card":"summary_large_image","twitter_misc":{"Temps estimat de lectura":"2 minuts"},"schema":{"@context":"https:\/\/schema.org","@graph":[{"@type":"WebPage","@id":"https:\/\/aral2.cetrexmarketing.com\/ca\/producto\/pedralonga-do-umia-2\/","url":"https:\/\/aral2.cetrexmarketing.com\/ca\/producto\/pedralonga-do-umia-2\/","name":"Pedralonga Do Umia Negre vi de la DO R\u00edas Baixas","isPartOf":{"@id":"https:\/\/aral2.cetrexmarketing.com\/#website"},"primaryImageOfPage":{"@id":"https:\/\/aral2.cetrexmarketing.com\/ca\/producto\/pedralonga-do-umia-2\/#primaryimage"},"image":{"@id":"https:\/\/aral2.cetrexmarketing.com\/ca\/producto\/pedralonga-do-umia-2\/#primaryimage"},"thumbnailUrl":"https:\/\/aral2.cetrexmarketing.com\/wp-content\/uploads\/2025\/05\/Pedralonga-Do-Umia.jpg.png","datePublished":"2025-05-25T06:16:35+00:00","dateModified":"2025-05-25T06:16:37+00:00","description":"Comprar online al millor preu el vi negre Do Umia de Pedralonga a la DO RIbera Sacra 75cl. Viniteca. Licoreria. Begudes. Productes gourmet. Alimentaci\u00f3. Ofertes","breadcrumb":{"@id":"https:\/\/aral2.cetrexmarketing.com\/ca\/producto\/pedralonga-do-umia-2\/#breadcrumb"},"inLanguage":"ca","potentialAction":[{"@type":"ReadAction","target":["https:\/\/aral2.cetrexmarketing.com\/ca\/producto\/pedralonga-do-umia-2\/"]}]},{"@type":"ImageObject","inLanguage":"ca","@id":"https:\/\/aral2.cetrexmarketing.com\/ca\/producto\/pedralonga-do-umia-2\/#primaryimage","url":"https:\/\/aral2.cetrexmarketing.com\/wp-content\/uploads\/2025\/05\/Pedralonga-Do-Umia.jpg.png","contentUrl":"https:\/\/aral2.cetrexmarketing.com\/wp-content\/uploads\/2025\/05\/Pedralonga-Do-Umia.jpg.png","width":765,"height":1024},{"@type":"BreadcrumbList","@id":"https:\/\/aral2.cetrexmarketing.com\/ca\/producto\/pedralonga-do-umia-2\/#breadcrumb","itemListElement":[{"@type":"ListItem","position":1,"name":"Home","item":"https:\/\/aral2.cetrexmarketing.com\/ca\/"},{"@type":"ListItem","position":2,"name":"Tienda","item":"https:\/\/aral2.cetrexmarketing.com\/ca\/tienda-2\/"},{"@type":"ListItem","position":3,"name":"Vi","item":"https:\/\/aral2.cetrexmarketing.com\/categoria-producto\/vi\/"},{"@type":"ListItem","position":4,"name":"Vi Negre","item":"https:\/\/aral2.cetrexmarketing.com\/categoria-producto\/vi\/vi-negre\/"},{"@type":"ListItem","position":5,"name":"Pedralonga Do Umia"}]},{"@type":"WebSite","@id":"https:\/\/aral2.cetrexmarketing.com\/#website","url":"https:\/\/aral2.cetrexmarketing.com\/","name":"M\u00f3n La Cata","description":"Tienda de vinos, licores, cervezas y gourmet","publisher":{"@id":"https:\/\/aral2.cetrexmarketing.com\/#organization"},"potentialAction":[{"@type":"SearchAction","target":{"@type":"EntryPoint","urlTemplate":"https:\/\/aral2.cetrexmarketing.com\/?s={search_term_string}"},"query-input":{"@type":"PropertyValueSpecification","valueRequired":true,"valueName":"search_term_string"}}],"inLanguage":"ca"},{"@type":"Organization","@id":"https:\/\/aral2.cetrexmarketing.com\/#organization","name":"M\u00f3n La Cata","url":"https:\/\/aral2.cetrexmarketing.com\/","logo":{"@type":"ImageObject","inLanguage":"ca","@id":"https:\/\/aral2.cetrexmarketing.com\/#\/schema\/logo\/image\/","url":"https:\/\/aral2.cetrexmarketing.com\/wp-content\/uploads\/2024\/10\/aral-logo-neg-1024x409-1.png","contentUrl":"https:\/\/aral2.cetrexmarketing.com\/wp-content\/uploads\/2024\/10\/aral-logo-neg-1024x409-1.png","width":1024,"height":409,"caption":"M\u00f3n La Cata"},"image":{"@id":"https:\/\/aral2.cetrexmarketing.com\/#\/schema\/logo\/image\/"}}]}},"brands":[{"id":32929,"name":"R\u00edas Baixas D.O.","slug":"rias-baixas-d-o"}],"_links":{"self":[{"href":"https:\/\/aral2.cetrexmarketing.com\/ca\/wp-json\/wp\/v2\/product\/85180","targetHints":{"allow":["GET"]}}],"collection":[{"href":"https:\/\/aral2.cetrexmarketing.com\/ca\/wp-json\/wp\/v2\/product"}],"about":[{"href":"https:\/\/aral2.cetrexmarketing.com\/ca\/wp-json\/wp\/v2\/types\/product"}],"replies":[{"embeddable":true,"href":"https:\/\/aral2.cetrexmarketing.com\/ca\/wp-json\/wp\/v2\/comments?post=85180"}],"wp:featuredmedia":[{"embeddable":true,"href":"https:\/\/aral2.cetrexmarketing.com\/ca\/wp-json\/wp\/v2\/media\/85177"}],"wp:attachment":[{"href":"https:\/\/aral2.cetrexmarketing.com\/ca\/wp-json\/wp\/v2\/media?parent=85180"}],"wp:term":[{"taxonomy":"pwb-brand","embeddable":true,"href":"https:\/\/aral2.cetrexmarketing.com\/ca\/wp-json\/wp\/v2\/pwb-brand?post=85180"},{"taxonomy":"product_brand","embeddable":true,"href":"https:\/\/aral2.cetrexmarketing.com\/ca\/wp-json\/wp\/v2\/product_brand?post=85180"},{"taxonomy":"product_cat","embeddable":true,"href":"https:\/\/aral2.cetrexmarketing.com\/ca\/wp-json\/wp\/v2\/product_cat?post=85180"},{"taxonomy":"product_tag","embeddable":true,"href":"https:\/\/aral2.cetrexmarketing.com\/ca\/wp-json\/wp\/v2\/product_tag?post=85180"}],"curies":[{"name":"wp","href":"https:\/\/api.w.org\/{rel}","templated":true}]}}