{"id":85164,"date":"2025-05-25T06:15:58","date_gmt":"2025-05-25T06:15:58","guid":{"rendered":"https:\/\/aral2.cetrexmarketing.com\/producto\/pedregosa-petit-cuvee-brut-nature-2\/"},"modified":"2025-05-25T06:15:59","modified_gmt":"2025-05-25T06:15:59","slug":"pedregosa-petit-cuvee-brut-nature-2","status":"publish","type":"product","link":"https:\/\/aral2.cetrexmarketing.com\/ca\/producto\/pedregosa-petit-cuvee-brut-nature-2\/","title":{"rendered":"Pedregosa Petit Cuvee Brut Nature"},"content":{"rendered":"<p class=\"\" data-start=\"0\" data-end=\"407\"><strong data-start=\"0\" data-end=\"37\">Pedregosa Petit Cuv\u00e9e Brut Nature<\/strong> \u00e9s un <strong data-start=\"44\" data-end=\"58\">vi espum\u00f3s<\/strong> de <strong data-start=\"62\" data-end=\"83\">qualitat superior<\/strong>, elaborat amb el <strong data-start=\"101\" data-end=\"123\">m\u00e8tode tradicional<\/strong> de fermentaci\u00f3 en botella, cosa que li confereix una <strong data-start=\"177\" data-end=\"207\">bombolla fina i persistent<\/strong>. Aquest <strong data-start=\"216\" data-end=\"224\">cava<\/strong> es caracteritza per la seva <strong data-start=\"253\" data-end=\"264\">frescor<\/strong>, <strong data-start=\"266\" data-end=\"279\">eleg\u00e0ncia<\/strong> i <strong data-start=\"282\" data-end=\"297\">complexitat<\/strong>, convertint-lo en una opci\u00f3 excel\u00b7lent per a <strong data-start=\"343\" data-end=\"359\">celebracions<\/strong>, <strong data-start=\"361\" data-end=\"374\">aperitius<\/strong> i maridatges amb diversos plats.<\/p>\n<h3 class=\"\" data-start=\"414\" data-end=\"450\"><strong data-start=\"418\" data-end=\"450\">Caracter\u00edstiques principals:<\/strong><\/h3>\n<ul data-start=\"451\" data-end=\"1246\">\n<li class=\"\" data-start=\"451\" data-end=\"509\">\n<p class=\"\" data-start=\"453\" data-end=\"509\"><strong data-start=\"453\" data-end=\"464\">Origen:<\/strong> Espanya, elaborat a la <strong data-start=\"488\" data-end=\"509\">regi\u00f3 del Pened\u00e8s<\/strong><\/p>\n<\/li>\n<li class=\"\" data-start=\"510\" data-end=\"556\">\n<p class=\"\" data-start=\"512\" data-end=\"556\"><strong data-start=\"512\" data-end=\"522\">Tipus:<\/strong> Vi espum\u00f3s <strong data-start=\"534\" data-end=\"549\">Brut Nature<\/strong> (cava)<\/p>\n<\/li>\n<li class=\"\" data-start=\"557\" data-end=\"637\">\n<p class=\"\" data-start=\"559\" data-end=\"637\"><strong data-start=\"559\" data-end=\"581\">Varietats de ra\u00efm:<\/strong> Principalment <strong data-start=\"596\" data-end=\"607\">Macabeu<\/strong>, <strong data-start=\"609\" data-end=\"621\">Xarel\u00b7lo<\/strong> i <strong data-start=\"624\" data-end=\"637\">Parellada<\/strong><\/p>\n<\/li>\n<li class=\"\" data-start=\"638\" data-end=\"695\">\n<p class=\"\" data-start=\"640\" data-end=\"695\"><strong data-start=\"640\" data-end=\"665\">Graduaci\u00f3 alcoh\u00f2lica:<\/strong> Aproximadament <strong data-start=\"681\" data-end=\"695\">11.5% vol.<\/strong><\/p>\n<\/li>\n<li class=\"\" data-start=\"696\" data-end=\"763\">\n<p class=\"\" data-start=\"698\" data-end=\"763\"><strong data-start=\"698\" data-end=\"708\">Color:<\/strong> <strong data-start=\"709\" data-end=\"725\">Groc p\u00e0l\u00b7lid<\/strong> amb <strong data-start=\"730\" data-end=\"749\">bombolles fines<\/strong> i persistents<\/p>\n<\/li>\n<li class=\"\" data-start=\"764\" data-end=\"942\">\n<p class=\"\" data-start=\"766\" data-end=\"942\"><strong data-start=\"766\" data-end=\"776\">Aroma:<\/strong> <strong data-start=\"777\" data-end=\"796\">Delicat i fresc<\/strong>, amb notes de <strong data-start=\"811\" data-end=\"831\">fruites blanques<\/strong>, com <strong data-start=\"837\" data-end=\"845\">poma<\/strong> i <strong data-start=\"848\" data-end=\"856\">pera<\/strong>, juntament amb un toc de <strong data-start=\"882\" data-end=\"895\">pa torrat<\/strong> i <strong data-start=\"898\" data-end=\"911\">llevedura<\/strong>, t\u00edpic del m\u00e8tode tradicional.<\/p>\n<\/li>\n<li class=\"\" data-start=\"943\" data-end=\"1123\">\n<p class=\"\" data-start=\"945\" data-end=\"1123\"><strong data-start=\"945\" data-end=\"955\">Sabor:<\/strong> <strong data-start=\"956\" data-end=\"970\">Sec, fresc<\/strong> i ben equilibrat, amb una <strong data-start=\"997\" data-end=\"1018\">acidesa agradable<\/strong> i un toc <strong data-start=\"1028\" data-end=\"1039\">fruit\u00f3s<\/strong> que es complementa amb una lleugera <strong data-start=\"1076\" data-end=\"1091\">complexitat<\/strong> a causa de la seva <strong data-start=\"1111\" data-end=\"1122\">crian\u00e7a<\/strong>.<\/p>\n<\/li>\n<li class=\"\" data-start=\"1124\" data-end=\"1246\">\n<p class=\"\" data-start=\"1126\" data-end=\"1246\"><strong data-start=\"1126\" data-end=\"1136\">Final:<\/strong> <strong data-start=\"1137\" data-end=\"1146\">Llarg<\/strong>, <strong data-start=\"1148\" data-end=\"1155\">net<\/strong> i <strong data-start=\"1158\" data-end=\"1172\">refrescant<\/strong>, amb una persist\u00e8ncia que deixa una <strong data-start=\"1209\" data-end=\"1231\">agradable sensaci\u00f3<\/strong> en el paladar.<\/p>\n<\/li>\n<\/ul>\n<h3 class=\"\" data-start=\"1253\" data-end=\"1277\"><strong data-start=\"1257\" data-end=\"1277\">Usos recomanats:<\/strong><\/h3>\n<p class=\"\" data-start=\"1278\" data-end=\"1546\"><strong data-start=\"1280\" data-end=\"1304\">Ideal com a aperitiu<\/strong> o per acompanyar <strong data-start=\"1322\" data-end=\"1331\">tapes<\/strong> i plats lleugers com <strong data-start=\"1353\" data-end=\"1364\">mariscs<\/strong>, <strong data-start=\"1366\" data-end=\"1376\">peixos<\/strong> o <strong data-start=\"1379\" data-end=\"1400\">formatges frescos<\/strong>.<br data-start=\"1401\" data-end=\"1404\" \/><strong data-start=\"1406\" data-end=\"1437\">Perfecte per a celebracions<\/strong> i moments especials.<br data-start=\"1458\" data-end=\"1461\" \/>Tamb\u00e9 es pot gaudir amb plats m\u00e9s complexes, com <strong data-start=\"1512\" data-end=\"1524\">arrossos<\/strong> i <strong data-start=\"1527\" data-end=\"1545\">carns blanques<\/strong>.<\/p>\n<h3 class=\"\" data-start=\"1553\" data-end=\"1573\"><strong data-start=\"1557\" data-end=\"1573\">Conservaci\u00f3:<\/strong><\/h3>\n<ul data-start=\"1574\" data-end=\"1736\">\n<li class=\"\" data-start=\"1574\" data-end=\"1641\">\n<p class=\"\" data-start=\"1576\" data-end=\"1641\"><strong data-start=\"1576\" data-end=\"1611\">Mantenir en un lloc fresc i sec<\/strong>, allunyat de la llum directa.<\/p>\n<\/li>\n<li class=\"\" data-start=\"1642\" data-end=\"1736\">\n<p class=\"\" data-start=\"1644\" data-end=\"1736\"><strong data-start=\"1644\" data-end=\"1683\">Ideal per consumir dins de 2-3 anys<\/strong> des de la seva compra per gaudir de la seva frescor.<\/p>\n<\/li>\n<\/ul>\n<p class=\"\" data-start=\"1743\" data-end=\"1976\">\ud83c\udf7e <strong data-start=\"1746\" data-end=\"1783\">Pedregosa Petit Cuv\u00e9e Brut Nature<\/strong> \u00e9s una opci\u00f3 excel\u00b7lent per aquells que busquen un <strong data-start=\"1835\" data-end=\"1843\">cava<\/strong> de <strong data-start=\"1847\" data-end=\"1864\">alta qualitat<\/strong>, <strong data-start=\"1866\" data-end=\"1880\">refrescant<\/strong> i <strong data-start=\"1883\" data-end=\"1894\">elegant<\/strong>, ideal per <strong data-start=\"1906\" data-end=\"1933\">brindar en celebracions<\/strong> o per gaudir en qualsevol moment especial.<\/p>\n","protected":false},"excerpt":{"rendered":"<p>Pedregosa Petit Cuv\u00e9e Brut Nature \u00e9s un vi espum\u00f3s de qualitat superior, elaborat amb el m\u00e8tode tradicional de fermentaci\u00f3 en botella, cosa que li confereix una bombolla fina i persistent. Aquest cava es caracteritza per la seva frescor, eleg\u00e0ncia i complexitat, convertint-lo en una opci\u00f3 excel\u00b7lent per a celebracions, aperitius i maridatges amb diversos plats.&hellip;<\/p>\n","protected":false},"featured_media":85161,"comment_status":"closed","ping_status":"closed","template":"","meta":{"_acf_changed":false},"pwb-brand":[32909,45509],"product_brand":[],"product_cat":[51695,51696,51669,51694],"product_tag":[15124,15119,16550,16551],"class_list":{"0":"post-85164","1":"product","2":"type-product","3":"status-publish","4":"has-post-thumbnail","6":"pwb-brand-cava-d-o","7":"pwb-brand-pedregosa","8":"product_cat-cava-vi-escumos","9":"product_cat-cava-blanc","10":"product_cat-ecologic","11":"product_cat-vi-escumos","12":"product_tag-brut-nature-ca","13":"product_tag-cava-ca","14":"product_tag-pedregosa-ca","15":"product_tag-petit-cuvee-ca","16":"pa_anada-36212","17":"pa_bodega-familiapedregosacastelo","18":"pa_do-cava-d-o-ca-2","19":"pa_ecologico-vegano-natural-ecologic","20":"pa_formatoenml-38306","21":"pa_graduacion-11_5","22":"pa_pais-espanya-ca","23":"pa_tipodevino-vinoespumoso","24":"entry","25":"has-media","27":"first","28":"instock","29":"taxable","30":"shipping-taxable","31":"purchasable","32":"product-type-simple"},"acf":[],"yoast_head":"<!-- This site is optimized with the Yoast SEO Premium plugin v23.1 (Yoast SEO v23.5) - https:\/\/yoast.com\/wordpress\/plugins\/seo\/ -->\n<title>Pedregosa Petit Cuvee Brut Nature cava<\/title>\n<meta name=\"description\" content=\"Comprar online al millor preu el cava Pedregosa Petit Cuvee Brut Nature. DO Cava. 75cl. Vinoteca. Licoreria. Begudes. Alimentacio. Descomptes. Ofertes.\" \/>\n<meta name=\"robots\" content=\"noindex, follow, max-snippet:-1, max-image-preview:large, max-video-preview:-1\" \/>\n<meta property=\"og:locale\" content=\"ca_ES\" \/>\n<meta property=\"og:type\" content=\"article\" \/>\n<meta property=\"og:title\" content=\"Pedregosa Petit Cuvee Brut Nature\" \/>\n<meta property=\"og:description\" content=\"Comprar online al millor preu el cava Pedregosa Petit Cuvee Brut Nature. DO Cava. 75cl. Vinoteca. Licoreria. Begudes. Alimentacio. Descomptes. Ofertes.\" \/>\n<meta property=\"og:url\" content=\"https:\/\/aral2.cetrexmarketing.com\/ca\/producto\/pedregosa-petit-cuvee-brut-nature-2\/\" \/>\n<meta property=\"og:site_name\" content=\"M\u00f3n La Cata\" \/>\n<meta property=\"article:modified_time\" content=\"2025-05-25T06:15:59+00:00\" \/>\n<meta property=\"og:image\" content=\"https:\/\/aral2.cetrexmarketing.com\/wp-content\/uploads\/2025\/05\/PEDREGOSA-PETIT-CUVEE.jpg-1.png\" \/>\n\t<meta property=\"og:image:width\" content=\"765\" \/>\n\t<meta property=\"og:image:height\" content=\"1024\" \/>\n\t<meta property=\"og:image:type\" content=\"image\/png\" \/>\n<meta name=\"twitter:card\" content=\"summary_large_image\" \/>\n<meta name=\"twitter:label1\" content=\"Temps estimat de lectura\" \/>\n\t<meta name=\"twitter:data1\" content=\"2 minuts\" \/>\n<script type=\"application\/ld+json\" class=\"yoast-schema-graph\">{\"@context\":\"https:\/\/schema.org\",\"@graph\":[{\"@type\":\"WebPage\",\"@id\":\"https:\/\/aral2.cetrexmarketing.com\/ca\/producto\/pedregosa-petit-cuvee-brut-nature-2\/\",\"url\":\"https:\/\/aral2.cetrexmarketing.com\/ca\/producto\/pedregosa-petit-cuvee-brut-nature-2\/\",\"name\":\"Pedregosa Petit Cuvee Brut Nature cava\",\"isPartOf\":{\"@id\":\"https:\/\/aral2.cetrexmarketing.com\/#website\"},\"primaryImageOfPage\":{\"@id\":\"https:\/\/aral2.cetrexmarketing.com\/ca\/producto\/pedregosa-petit-cuvee-brut-nature-2\/#primaryimage\"},\"image\":{\"@id\":\"https:\/\/aral2.cetrexmarketing.com\/ca\/producto\/pedregosa-petit-cuvee-brut-nature-2\/#primaryimage\"},\"thumbnailUrl\":\"https:\/\/aral2.cetrexmarketing.com\/wp-content\/uploads\/2025\/05\/PEDREGOSA-PETIT-CUVEE.jpg-1.png\",\"datePublished\":\"2025-05-25T06:15:58+00:00\",\"dateModified\":\"2025-05-25T06:15:59+00:00\",\"description\":\"Comprar online al millor preu el cava Pedregosa Petit Cuvee Brut Nature. DO Cava. 75cl. Vinoteca. Licoreria. Begudes. Alimentacio. Descomptes. Ofertes.\",\"breadcrumb\":{\"@id\":\"https:\/\/aral2.cetrexmarketing.com\/ca\/producto\/pedregosa-petit-cuvee-brut-nature-2\/#breadcrumb\"},\"inLanguage\":\"ca\",\"potentialAction\":[{\"@type\":\"ReadAction\",\"target\":[\"https:\/\/aral2.cetrexmarketing.com\/ca\/producto\/pedregosa-petit-cuvee-brut-nature-2\/\"]}]},{\"@type\":\"ImageObject\",\"inLanguage\":\"ca\",\"@id\":\"https:\/\/aral2.cetrexmarketing.com\/ca\/producto\/pedregosa-petit-cuvee-brut-nature-2\/#primaryimage\",\"url\":\"https:\/\/aral2.cetrexmarketing.com\/wp-content\/uploads\/2025\/05\/PEDREGOSA-PETIT-CUVEE.jpg-1.png\",\"contentUrl\":\"https:\/\/aral2.cetrexmarketing.com\/wp-content\/uploads\/2025\/05\/PEDREGOSA-PETIT-CUVEE.jpg-1.png\",\"width\":765,\"height\":1024},{\"@type\":\"BreadcrumbList\",\"@id\":\"https:\/\/aral2.cetrexmarketing.com\/ca\/producto\/pedregosa-petit-cuvee-brut-nature-2\/#breadcrumb\",\"itemListElement\":[{\"@type\":\"ListItem\",\"position\":1,\"name\":\"Home\",\"item\":\"https:\/\/aral2.cetrexmarketing.com\/ca\/\"},{\"@type\":\"ListItem\",\"position\":2,\"name\":\"Tienda\",\"item\":\"https:\/\/aral2.cetrexmarketing.com\/ca\/tienda-2\/\"},{\"@type\":\"ListItem\",\"position\":3,\"name\":\"Vi Escum\u00f3s\",\"item\":\"https:\/\/aral2.cetrexmarketing.com\/categoria-producto\/home-ca\/vi-escumos-ca\/\"},{\"@type\":\"ListItem\",\"position\":4,\"name\":\"Cava\",\"item\":\"https:\/\/aral2.cetrexmarketing.com\/ca\/categoria-producto\/home-ca\/vi-escumos-ca\/cava-ca\/\"},{\"@type\":\"ListItem\",\"position\":5,\"name\":\"Cava Blanco\",\"item\":\"https:\/\/aral2.cetrexmarketing.com\/categoria-producto\/inicio\/vino-espumoso\/cava\/cava-blanco\/\"},{\"@type\":\"ListItem\",\"position\":6,\"name\":\"Pedregosa Petit Cuvee Brut Nature\"}]},{\"@type\":\"WebSite\",\"@id\":\"https:\/\/aral2.cetrexmarketing.com\/#website\",\"url\":\"https:\/\/aral2.cetrexmarketing.com\/\",\"name\":\"M\u00f3n La Cata\",\"description\":\"Tienda de vinos, licores, cervezas y gourmet\",\"publisher\":{\"@id\":\"https:\/\/aral2.cetrexmarketing.com\/#organization\"},\"potentialAction\":[{\"@type\":\"SearchAction\",\"target\":{\"@type\":\"EntryPoint\",\"urlTemplate\":\"https:\/\/aral2.cetrexmarketing.com\/?s={search_term_string}\"},\"query-input\":{\"@type\":\"PropertyValueSpecification\",\"valueRequired\":true,\"valueName\":\"search_term_string\"}}],\"inLanguage\":\"ca\"},{\"@type\":\"Organization\",\"@id\":\"https:\/\/aral2.cetrexmarketing.com\/#organization\",\"name\":\"M\u00f3n La Cata\",\"url\":\"https:\/\/aral2.cetrexmarketing.com\/\",\"logo\":{\"@type\":\"ImageObject\",\"inLanguage\":\"ca\",\"@id\":\"https:\/\/aral2.cetrexmarketing.com\/#\/schema\/logo\/image\/\",\"url\":\"https:\/\/aral2.cetrexmarketing.com\/wp-content\/uploads\/2024\/10\/aral-logo-neg-1024x409-1.png\",\"contentUrl\":\"https:\/\/aral2.cetrexmarketing.com\/wp-content\/uploads\/2024\/10\/aral-logo-neg-1024x409-1.png\",\"width\":1024,\"height\":409,\"caption\":\"M\u00f3n La Cata\"},\"image\":{\"@id\":\"https:\/\/aral2.cetrexmarketing.com\/#\/schema\/logo\/image\/\"}}]}<\/script>\n<!-- \/ Yoast SEO Premium plugin. -->","yoast_head_json":{"title":"Pedregosa Petit Cuvee Brut Nature cava","description":"Comprar online al millor preu el cava Pedregosa Petit Cuvee Brut Nature. DO Cava. 75cl. Vinoteca. Licoreria. Begudes. Alimentacio. Descomptes. Ofertes.","robots":{"index":"noindex","follow":"follow","max-snippet":"max-snippet:-1","max-image-preview":"max-image-preview:large","max-video-preview":"max-video-preview:-1"},"og_locale":"ca_ES","og_type":"article","og_title":"Pedregosa Petit Cuvee Brut Nature","og_description":"Comprar online al millor preu el cava Pedregosa Petit Cuvee Brut Nature. DO Cava. 75cl. Vinoteca. Licoreria. Begudes. Alimentacio. Descomptes. Ofertes.","og_url":"https:\/\/aral2.cetrexmarketing.com\/ca\/producto\/pedregosa-petit-cuvee-brut-nature-2\/","og_site_name":"M\u00f3n La Cata","article_modified_time":"2025-05-25T06:15:59+00:00","og_image":[{"width":765,"height":1024,"url":"https:\/\/aral2.cetrexmarketing.com\/wp-content\/uploads\/2025\/05\/PEDREGOSA-PETIT-CUVEE.jpg-1.png","type":"image\/png"}],"twitter_card":"summary_large_image","twitter_misc":{"Temps estimat de lectura":"2 minuts"},"schema":{"@context":"https:\/\/schema.org","@graph":[{"@type":"WebPage","@id":"https:\/\/aral2.cetrexmarketing.com\/ca\/producto\/pedregosa-petit-cuvee-brut-nature-2\/","url":"https:\/\/aral2.cetrexmarketing.com\/ca\/producto\/pedregosa-petit-cuvee-brut-nature-2\/","name":"Pedregosa Petit Cuvee Brut Nature cava","isPartOf":{"@id":"https:\/\/aral2.cetrexmarketing.com\/#website"},"primaryImageOfPage":{"@id":"https:\/\/aral2.cetrexmarketing.com\/ca\/producto\/pedregosa-petit-cuvee-brut-nature-2\/#primaryimage"},"image":{"@id":"https:\/\/aral2.cetrexmarketing.com\/ca\/producto\/pedregosa-petit-cuvee-brut-nature-2\/#primaryimage"},"thumbnailUrl":"https:\/\/aral2.cetrexmarketing.com\/wp-content\/uploads\/2025\/05\/PEDREGOSA-PETIT-CUVEE.jpg-1.png","datePublished":"2025-05-25T06:15:58+00:00","dateModified":"2025-05-25T06:15:59+00:00","description":"Comprar online al millor preu el cava Pedregosa Petit Cuvee Brut Nature. DO Cava. 75cl. Vinoteca. Licoreria. Begudes. Alimentacio. Descomptes. Ofertes.","breadcrumb":{"@id":"https:\/\/aral2.cetrexmarketing.com\/ca\/producto\/pedregosa-petit-cuvee-brut-nature-2\/#breadcrumb"},"inLanguage":"ca","potentialAction":[{"@type":"ReadAction","target":["https:\/\/aral2.cetrexmarketing.com\/ca\/producto\/pedregosa-petit-cuvee-brut-nature-2\/"]}]},{"@type":"ImageObject","inLanguage":"ca","@id":"https:\/\/aral2.cetrexmarketing.com\/ca\/producto\/pedregosa-petit-cuvee-brut-nature-2\/#primaryimage","url":"https:\/\/aral2.cetrexmarketing.com\/wp-content\/uploads\/2025\/05\/PEDREGOSA-PETIT-CUVEE.jpg-1.png","contentUrl":"https:\/\/aral2.cetrexmarketing.com\/wp-content\/uploads\/2025\/05\/PEDREGOSA-PETIT-CUVEE.jpg-1.png","width":765,"height":1024},{"@type":"BreadcrumbList","@id":"https:\/\/aral2.cetrexmarketing.com\/ca\/producto\/pedregosa-petit-cuvee-brut-nature-2\/#breadcrumb","itemListElement":[{"@type":"ListItem","position":1,"name":"Home","item":"https:\/\/aral2.cetrexmarketing.com\/ca\/"},{"@type":"ListItem","position":2,"name":"Tienda","item":"https:\/\/aral2.cetrexmarketing.com\/ca\/tienda-2\/"},{"@type":"ListItem","position":3,"name":"Vi Escum\u00f3s","item":"https:\/\/aral2.cetrexmarketing.com\/categoria-producto\/home-ca\/vi-escumos-ca\/"},{"@type":"ListItem","position":4,"name":"Cava","item":"https:\/\/aral2.cetrexmarketing.com\/ca\/categoria-producto\/home-ca\/vi-escumos-ca\/cava-ca\/"},{"@type":"ListItem","position":5,"name":"Cava Blanco","item":"https:\/\/aral2.cetrexmarketing.com\/categoria-producto\/inicio\/vino-espumoso\/cava\/cava-blanco\/"},{"@type":"ListItem","position":6,"name":"Pedregosa Petit Cuvee Brut Nature"}]},{"@type":"WebSite","@id":"https:\/\/aral2.cetrexmarketing.com\/#website","url":"https:\/\/aral2.cetrexmarketing.com\/","name":"M\u00f3n La Cata","description":"Tienda de vinos, licores, cervezas y gourmet","publisher":{"@id":"https:\/\/aral2.cetrexmarketing.com\/#organization"},"potentialAction":[{"@type":"SearchAction","target":{"@type":"EntryPoint","urlTemplate":"https:\/\/aral2.cetrexmarketing.com\/?s={search_term_string}"},"query-input":{"@type":"PropertyValueSpecification","valueRequired":true,"valueName":"search_term_string"}}],"inLanguage":"ca"},{"@type":"Organization","@id":"https:\/\/aral2.cetrexmarketing.com\/#organization","name":"M\u00f3n La Cata","url":"https:\/\/aral2.cetrexmarketing.com\/","logo":{"@type":"ImageObject","inLanguage":"ca","@id":"https:\/\/aral2.cetrexmarketing.com\/#\/schema\/logo\/image\/","url":"https:\/\/aral2.cetrexmarketing.com\/wp-content\/uploads\/2024\/10\/aral-logo-neg-1024x409-1.png","contentUrl":"https:\/\/aral2.cetrexmarketing.com\/wp-content\/uploads\/2024\/10\/aral-logo-neg-1024x409-1.png","width":1024,"height":409,"caption":"M\u00f3n La Cata"},"image":{"@id":"https:\/\/aral2.cetrexmarketing.com\/#\/schema\/logo\/image\/"}}]}},"brands":[{"id":32909,"name":"Cava D.O.","slug":"cava-d-o"},{"id":45509,"name":"Pedregosa","slug":"pedregosa"}],"_links":{"self":[{"href":"https:\/\/aral2.cetrexmarketing.com\/ca\/wp-json\/wp\/v2\/product\/85164","targetHints":{"allow":["GET"]}}],"collection":[{"href":"https:\/\/aral2.cetrexmarketing.com\/ca\/wp-json\/wp\/v2\/product"}],"about":[{"href":"https:\/\/aral2.cetrexmarketing.com\/ca\/wp-json\/wp\/v2\/types\/product"}],"replies":[{"embeddable":true,"href":"https:\/\/aral2.cetrexmarketing.com\/ca\/wp-json\/wp\/v2\/comments?post=85164"}],"wp:featuredmedia":[{"embeddable":true,"href":"https:\/\/aral2.cetrexmarketing.com\/ca\/wp-json\/wp\/v2\/media\/85161"}],"wp:attachment":[{"href":"https:\/\/aral2.cetrexmarketing.com\/ca\/wp-json\/wp\/v2\/media?parent=85164"}],"wp:term":[{"taxonomy":"pwb-brand","embeddable":true,"href":"https:\/\/aral2.cetrexmarketing.com\/ca\/wp-json\/wp\/v2\/pwb-brand?post=85164"},{"taxonomy":"product_brand","embeddable":true,"href":"https:\/\/aral2.cetrexmarketing.com\/ca\/wp-json\/wp\/v2\/product_brand?post=85164"},{"taxonomy":"product_cat","embeddable":true,"href":"https:\/\/aral2.cetrexmarketing.com\/ca\/wp-json\/wp\/v2\/product_cat?post=85164"},{"taxonomy":"product_tag","embeddable":true,"href":"https:\/\/aral2.cetrexmarketing.com\/ca\/wp-json\/wp\/v2\/product_tag?post=85164"}],"curies":[{"name":"wp","href":"https:\/\/api.w.org\/{rel}","templated":true}]}}