{"id":85045,"date":"2025-05-25T06:13:24","date_gmt":"2025-05-25T06:13:24","guid":{"rendered":"https:\/\/aral2.cetrexmarketing.com\/producto\/anselmann-riesling-classic-2\/"},"modified":"2025-05-25T06:13:26","modified_gmt":"2025-05-25T06:13:26","slug":"anselmann-riesling-classic-2","status":"publish","type":"product","link":"https:\/\/aral2.cetrexmarketing.com\/ca\/producto\/anselmann-riesling-classic-2\/","title":{"rendered":"Anselmann Riesling Classic"},"content":{"rendered":"<p>Anselmann Riesling Classic \u00e9s un vi produ\u00eft a la regi\u00f3 de Pl\u00e4z (Alemanya) i est\u00e0 elaborat amb la varietat de Riesling coneguda per produir vins blancs arom\u00e0tics i saborosos.<br \/>\n n<br \/>\n Nen Anselman Riesling El vi cl\u00e0ssic pot trobar una acidesa vibrant i molt c\u00edtrica, caracter\u00edstica d&#8217;aquesta varietat.<br \/>\n n<br \/>\nL\u2019elaboraci\u00f3 d\u2019aquest vi \u00e9s un petit pas de reproducci\u00f3 que Lima els consells i integra la complexitat d\u2019aquest aut\u00e8ntic risc.<br \/>\n n<br \/>\n PAREM amb marisc.<\/p>\n","protected":false},"excerpt":{"rendered":"<p><span id=\"docs-internal-guid-8c9aa8ff-7fff-2eef-d7ec-d34761c51110\">Nascut a la regi\u00f3 del Pflaz i fet de la varietat Riesling.<\/span><\/p>\n<p>Aquest blanc t\u00e9 una acidesa vibrant i molt c\u00edtrica, caracter\u00edstica d&#8217;aquesta varietat.<\/p>\n<p>Elaborat amb un petit pas de crian\u00e7a, que llima les puntes i integra la complexitat d&#8217;aquest Riesling.<\/p>\n<p>Recomanem maridar-lo amb marisc.<\/p>\n","protected":false},"featured_media":85042,"comment_status":"closed","ping_status":"closed","template":"","meta":{"_acf_changed":false},"pwb-brand":[32943],"product_brand":[],"product_cat":[51670,51672],"product_tag":[15289,16523,16527,16526,16525,15074,16524,48917],"class_list":{"0":"post-85045","1":"product","2":"type-product","3":"status-publish","4":"has-post-thumbnail","6":"pwb-brand-pfalz-v-d-p","7":"product_cat-vi","8":"product_cat-vi-blanc","9":"product_tag-alemania-ca","10":"product_tag-anselmann-ca","11":"product_tag-mosela-ca","12":"product_tag-moselland-ca","13":"product_tag-pfalz-ca","14":"product_tag-riesling-ca","15":"product_tag-riesling-classic-ca","16":"product_tag-vi-blanc-ca","17":"pa_anada-45483","18":"pa_bodega-anselmann","19":"pa_do-pfalz-ca","20":"pa_formatoenl-36158","21":"pa_formatoenml-38306","22":"pa_graduacion-12_5","23":"pa_pais-alemanya","24":"pa_pesoengramos-38337","25":"pa_pesoenkg-125-ca","26":"pa_region-pfalz","27":"pa_subregion-valledelrhin","28":"pa_tipodevino-vi-tranquil","29":"pa_variedades-riesling-ca","30":"entry","31":"has-media","33":"first","34":"instock","35":"taxable","36":"shipping-taxable","37":"purchasable","38":"product-type-simple"},"acf":[],"yoast_head":"<!-- This site is optimized with the Yoast SEO Premium plugin v23.1 (Yoast SEO v23.5) - https:\/\/yoast.com\/wordpress\/plugins\/seo\/ -->\n<title>Anselmann Riesling Classic<\/title>\n<meta name=\"description\" content=\"Comprar online a bon preu el vi blanc alemany Anselmann Riesling Classic. Elaborat a la Vall del Rhin. A monlacata.com rebr\u00e0 la comanda de forma r\u00e0pida i segura\" \/>\n<meta name=\"robots\" content=\"noindex, follow, max-snippet:-1, max-image-preview:large, max-video-preview:-1\" \/>\n<meta property=\"og:locale\" content=\"ca_ES\" \/>\n<meta property=\"og:type\" content=\"article\" \/>\n<meta property=\"og:title\" content=\"Anselmann Riesling Classic\" \/>\n<meta property=\"og:description\" content=\"Comprar online a bon preu el vi blanc alemany Anselmann Riesling Classic. Elaborat a la Vall del Rhin. A monlacata.com rebr\u00e0 la comanda de forma r\u00e0pida i segura\" \/>\n<meta property=\"og:url\" content=\"https:\/\/aral2.cetrexmarketing.com\/ca\/producto\/anselmann-riesling-classic-2\/\" \/>\n<meta property=\"og:site_name\" content=\"M\u00f3n La Cata\" \/>\n<meta property=\"article:modified_time\" content=\"2025-05-25T06:13:26+00:00\" \/>\n<meta property=\"og:image\" content=\"https:\/\/aral2.cetrexmarketing.com\/wp-content\/uploads\/2025\/05\/ANSELMANN-RIESLING-CLASSIC.jpg.png\" \/>\n\t<meta property=\"og:image:width\" content=\"765\" \/>\n\t<meta property=\"og:image:height\" content=\"1024\" \/>\n\t<meta property=\"og:image:type\" content=\"image\/png\" \/>\n<meta name=\"twitter:card\" content=\"summary_large_image\" \/>\n<script type=\"application\/ld+json\" class=\"yoast-schema-graph\">{\"@context\":\"https:\/\/schema.org\",\"@graph\":[{\"@type\":\"WebPage\",\"@id\":\"https:\/\/aral2.cetrexmarketing.com\/ca\/producto\/anselmann-riesling-classic-2\/\",\"url\":\"https:\/\/aral2.cetrexmarketing.com\/ca\/producto\/anselmann-riesling-classic-2\/\",\"name\":\"Anselmann Riesling Classic\",\"isPartOf\":{\"@id\":\"https:\/\/aral2.cetrexmarketing.com\/#website\"},\"primaryImageOfPage\":{\"@id\":\"https:\/\/aral2.cetrexmarketing.com\/ca\/producto\/anselmann-riesling-classic-2\/#primaryimage\"},\"image\":{\"@id\":\"https:\/\/aral2.cetrexmarketing.com\/ca\/producto\/anselmann-riesling-classic-2\/#primaryimage\"},\"thumbnailUrl\":\"https:\/\/aral2.cetrexmarketing.com\/wp-content\/uploads\/2025\/05\/ANSELMANN-RIESLING-CLASSIC.jpg.png\",\"datePublished\":\"2025-05-25T06:13:24+00:00\",\"dateModified\":\"2025-05-25T06:13:26+00:00\",\"description\":\"Comprar online a bon preu el vi blanc alemany Anselmann Riesling Classic. Elaborat a la Vall del Rhin. A monlacata.com rebr\u00e0 la comanda de forma r\u00e0pida i segura\",\"breadcrumb\":{\"@id\":\"https:\/\/aral2.cetrexmarketing.com\/ca\/producto\/anselmann-riesling-classic-2\/#breadcrumb\"},\"inLanguage\":\"ca\",\"potentialAction\":[{\"@type\":\"ReadAction\",\"target\":[\"https:\/\/aral2.cetrexmarketing.com\/ca\/producto\/anselmann-riesling-classic-2\/\"]}]},{\"@type\":\"ImageObject\",\"inLanguage\":\"ca\",\"@id\":\"https:\/\/aral2.cetrexmarketing.com\/ca\/producto\/anselmann-riesling-classic-2\/#primaryimage\",\"url\":\"https:\/\/aral2.cetrexmarketing.com\/wp-content\/uploads\/2025\/05\/ANSELMANN-RIESLING-CLASSIC.jpg.png\",\"contentUrl\":\"https:\/\/aral2.cetrexmarketing.com\/wp-content\/uploads\/2025\/05\/ANSELMANN-RIESLING-CLASSIC.jpg.png\",\"width\":765,\"height\":1024},{\"@type\":\"BreadcrumbList\",\"@id\":\"https:\/\/aral2.cetrexmarketing.com\/ca\/producto\/anselmann-riesling-classic-2\/#breadcrumb\",\"itemListElement\":[{\"@type\":\"ListItem\",\"position\":1,\"name\":\"Home\",\"item\":\"https:\/\/aral2.cetrexmarketing.com\/ca\/\"},{\"@type\":\"ListItem\",\"position\":2,\"name\":\"Tienda\",\"item\":\"https:\/\/aral2.cetrexmarketing.com\/ca\/tienda-2\/\"},{\"@type\":\"ListItem\",\"position\":3,\"name\":\"Vi\",\"item\":\"https:\/\/aral2.cetrexmarketing.com\/categoria-producto\/vi\/\"},{\"@type\":\"ListItem\",\"position\":4,\"name\":\"Vi Blanc\",\"item\":\"https:\/\/aral2.cetrexmarketing.com\/categoria-producto\/vi\/vi-blanc\/\"},{\"@type\":\"ListItem\",\"position\":5,\"name\":\"Anselmann Riesling Classic\"}]},{\"@type\":\"WebSite\",\"@id\":\"https:\/\/aral2.cetrexmarketing.com\/#website\",\"url\":\"https:\/\/aral2.cetrexmarketing.com\/\",\"name\":\"M\u00f3n La Cata\",\"description\":\"Tienda de vinos, licores, cervezas y gourmet\",\"publisher\":{\"@id\":\"https:\/\/aral2.cetrexmarketing.com\/#organization\"},\"potentialAction\":[{\"@type\":\"SearchAction\",\"target\":{\"@type\":\"EntryPoint\",\"urlTemplate\":\"https:\/\/aral2.cetrexmarketing.com\/?s={search_term_string}\"},\"query-input\":{\"@type\":\"PropertyValueSpecification\",\"valueRequired\":true,\"valueName\":\"search_term_string\"}}],\"inLanguage\":\"ca\"},{\"@type\":\"Organization\",\"@id\":\"https:\/\/aral2.cetrexmarketing.com\/#organization\",\"name\":\"M\u00f3n La Cata\",\"url\":\"https:\/\/aral2.cetrexmarketing.com\/\",\"logo\":{\"@type\":\"ImageObject\",\"inLanguage\":\"ca\",\"@id\":\"https:\/\/aral2.cetrexmarketing.com\/#\/schema\/logo\/image\/\",\"url\":\"https:\/\/aral2.cetrexmarketing.com\/wp-content\/uploads\/2024\/10\/aral-logo-neg-1024x409-1.png\",\"contentUrl\":\"https:\/\/aral2.cetrexmarketing.com\/wp-content\/uploads\/2024\/10\/aral-logo-neg-1024x409-1.png\",\"width\":1024,\"height\":409,\"caption\":\"M\u00f3n La Cata\"},\"image\":{\"@id\":\"https:\/\/aral2.cetrexmarketing.com\/#\/schema\/logo\/image\/\"}}]}<\/script>\n<!-- \/ Yoast SEO Premium plugin. -->","yoast_head_json":{"title":"Anselmann Riesling Classic","description":"Comprar online a bon preu el vi blanc alemany Anselmann Riesling Classic. Elaborat a la Vall del Rhin. A monlacata.com rebr\u00e0 la comanda de forma r\u00e0pida i segura","robots":{"index":"noindex","follow":"follow","max-snippet":"max-snippet:-1","max-image-preview":"max-image-preview:large","max-video-preview":"max-video-preview:-1"},"og_locale":"ca_ES","og_type":"article","og_title":"Anselmann Riesling Classic","og_description":"Comprar online a bon preu el vi blanc alemany Anselmann Riesling Classic. Elaborat a la Vall del Rhin. A monlacata.com rebr\u00e0 la comanda de forma r\u00e0pida i segura","og_url":"https:\/\/aral2.cetrexmarketing.com\/ca\/producto\/anselmann-riesling-classic-2\/","og_site_name":"M\u00f3n La Cata","article_modified_time":"2025-05-25T06:13:26+00:00","og_image":[{"width":765,"height":1024,"url":"https:\/\/aral2.cetrexmarketing.com\/wp-content\/uploads\/2025\/05\/ANSELMANN-RIESLING-CLASSIC.jpg.png","type":"image\/png"}],"twitter_card":"summary_large_image","schema":{"@context":"https:\/\/schema.org","@graph":[{"@type":"WebPage","@id":"https:\/\/aral2.cetrexmarketing.com\/ca\/producto\/anselmann-riesling-classic-2\/","url":"https:\/\/aral2.cetrexmarketing.com\/ca\/producto\/anselmann-riesling-classic-2\/","name":"Anselmann Riesling Classic","isPartOf":{"@id":"https:\/\/aral2.cetrexmarketing.com\/#website"},"primaryImageOfPage":{"@id":"https:\/\/aral2.cetrexmarketing.com\/ca\/producto\/anselmann-riesling-classic-2\/#primaryimage"},"image":{"@id":"https:\/\/aral2.cetrexmarketing.com\/ca\/producto\/anselmann-riesling-classic-2\/#primaryimage"},"thumbnailUrl":"https:\/\/aral2.cetrexmarketing.com\/wp-content\/uploads\/2025\/05\/ANSELMANN-RIESLING-CLASSIC.jpg.png","datePublished":"2025-05-25T06:13:24+00:00","dateModified":"2025-05-25T06:13:26+00:00","description":"Comprar online a bon preu el vi blanc alemany Anselmann Riesling Classic. Elaborat a la Vall del Rhin. A monlacata.com rebr\u00e0 la comanda de forma r\u00e0pida i segura","breadcrumb":{"@id":"https:\/\/aral2.cetrexmarketing.com\/ca\/producto\/anselmann-riesling-classic-2\/#breadcrumb"},"inLanguage":"ca","potentialAction":[{"@type":"ReadAction","target":["https:\/\/aral2.cetrexmarketing.com\/ca\/producto\/anselmann-riesling-classic-2\/"]}]},{"@type":"ImageObject","inLanguage":"ca","@id":"https:\/\/aral2.cetrexmarketing.com\/ca\/producto\/anselmann-riesling-classic-2\/#primaryimage","url":"https:\/\/aral2.cetrexmarketing.com\/wp-content\/uploads\/2025\/05\/ANSELMANN-RIESLING-CLASSIC.jpg.png","contentUrl":"https:\/\/aral2.cetrexmarketing.com\/wp-content\/uploads\/2025\/05\/ANSELMANN-RIESLING-CLASSIC.jpg.png","width":765,"height":1024},{"@type":"BreadcrumbList","@id":"https:\/\/aral2.cetrexmarketing.com\/ca\/producto\/anselmann-riesling-classic-2\/#breadcrumb","itemListElement":[{"@type":"ListItem","position":1,"name":"Home","item":"https:\/\/aral2.cetrexmarketing.com\/ca\/"},{"@type":"ListItem","position":2,"name":"Tienda","item":"https:\/\/aral2.cetrexmarketing.com\/ca\/tienda-2\/"},{"@type":"ListItem","position":3,"name":"Vi","item":"https:\/\/aral2.cetrexmarketing.com\/categoria-producto\/vi\/"},{"@type":"ListItem","position":4,"name":"Vi Blanc","item":"https:\/\/aral2.cetrexmarketing.com\/categoria-producto\/vi\/vi-blanc\/"},{"@type":"ListItem","position":5,"name":"Anselmann Riesling Classic"}]},{"@type":"WebSite","@id":"https:\/\/aral2.cetrexmarketing.com\/#website","url":"https:\/\/aral2.cetrexmarketing.com\/","name":"M\u00f3n La Cata","description":"Tienda de vinos, licores, cervezas y gourmet","publisher":{"@id":"https:\/\/aral2.cetrexmarketing.com\/#organization"},"potentialAction":[{"@type":"SearchAction","target":{"@type":"EntryPoint","urlTemplate":"https:\/\/aral2.cetrexmarketing.com\/?s={search_term_string}"},"query-input":{"@type":"PropertyValueSpecification","valueRequired":true,"valueName":"search_term_string"}}],"inLanguage":"ca"},{"@type":"Organization","@id":"https:\/\/aral2.cetrexmarketing.com\/#organization","name":"M\u00f3n La Cata","url":"https:\/\/aral2.cetrexmarketing.com\/","logo":{"@type":"ImageObject","inLanguage":"ca","@id":"https:\/\/aral2.cetrexmarketing.com\/#\/schema\/logo\/image\/","url":"https:\/\/aral2.cetrexmarketing.com\/wp-content\/uploads\/2024\/10\/aral-logo-neg-1024x409-1.png","contentUrl":"https:\/\/aral2.cetrexmarketing.com\/wp-content\/uploads\/2024\/10\/aral-logo-neg-1024x409-1.png","width":1024,"height":409,"caption":"M\u00f3n La Cata"},"image":{"@id":"https:\/\/aral2.cetrexmarketing.com\/#\/schema\/logo\/image\/"}}]}},"brands":[{"id":32943,"name":"Pfalz V.D.P.","slug":"pfalz-v-d-p"}],"_links":{"self":[{"href":"https:\/\/aral2.cetrexmarketing.com\/ca\/wp-json\/wp\/v2\/product\/85045","targetHints":{"allow":["GET"]}}],"collection":[{"href":"https:\/\/aral2.cetrexmarketing.com\/ca\/wp-json\/wp\/v2\/product"}],"about":[{"href":"https:\/\/aral2.cetrexmarketing.com\/ca\/wp-json\/wp\/v2\/types\/product"}],"replies":[{"embeddable":true,"href":"https:\/\/aral2.cetrexmarketing.com\/ca\/wp-json\/wp\/v2\/comments?post=85045"}],"wp:featuredmedia":[{"embeddable":true,"href":"https:\/\/aral2.cetrexmarketing.com\/ca\/wp-json\/wp\/v2\/media\/85042"}],"wp:attachment":[{"href":"https:\/\/aral2.cetrexmarketing.com\/ca\/wp-json\/wp\/v2\/media?parent=85045"}],"wp:term":[{"taxonomy":"pwb-brand","embeddable":true,"href":"https:\/\/aral2.cetrexmarketing.com\/ca\/wp-json\/wp\/v2\/pwb-brand?post=85045"},{"taxonomy":"product_brand","embeddable":true,"href":"https:\/\/aral2.cetrexmarketing.com\/ca\/wp-json\/wp\/v2\/product_brand?post=85045"},{"taxonomy":"product_cat","embeddable":true,"href":"https:\/\/aral2.cetrexmarketing.com\/ca\/wp-json\/wp\/v2\/product_cat?post=85045"},{"taxonomy":"product_tag","embeddable":true,"href":"https:\/\/aral2.cetrexmarketing.com\/ca\/wp-json\/wp\/v2\/product_tag?post=85045"}],"curies":[{"name":"wp","href":"https:\/\/api.w.org\/{rel}","templated":true}]}}