{"id":84953,"date":"2025-05-25T06:10:38","date_gmt":"2025-05-25T06:10:38","guid":{"rendered":"https:\/\/aral2.cetrexmarketing.com\/producto\/orval-2\/"},"modified":"2025-05-25T06:10:40","modified_gmt":"2025-05-25T06:10:40","slug":"orval-2","status":"publish","type":"product","link":"https:\/\/aral2.cetrexmarketing.com\/ca\/producto\/orval-2\/","title":{"rendered":"Orval"},"content":{"rendered":"<p data-start=\"0\" data-end=\"270\">Orval \u00e9s una cervesa trapista elaborada a l&#8217;Abadia d&#8217;Orval, B\u00e8lgica, des de 1931. \u00c9s \u00fanica dins les cerveses trapistes per la seva fermentaci\u00f3 mixta i l\u2019\u00fas de ll\u00fapol sec (<em data-start=\"171\" data-end=\"184\">dry hopping<\/em>), cosa que li confereix un car\u00e0cter afruitat, especiat i amb un distintiu toc \u00e0cid.<\/p>\n<h3 data-start=\"272\" data-end=\"299\"><strong data-start=\"276\" data-end=\"297\">Caracter\u00edstiques:<\/strong><\/h3>\n<ul data-start=\"300\" data-end=\"853\">\n<li data-start=\"300\" data-end=\"347\"><strong data-start=\"302\" data-end=\"312\">Tipus:<\/strong> Belgian Pale Ale \/ Specialty Ale<\/li>\n<li data-start=\"348\" data-end=\"382\"><strong data-start=\"350\" data-end=\"375\">Graduaci\u00f3 alcoh\u00f2lica:<\/strong> 6.2%<\/li>\n<li data-start=\"383\" data-end=\"434\"><strong data-start=\"385\" data-end=\"395\">Color:<\/strong> Ambre ataronjat, lleugerament t\u00e8rbol<\/li>\n<li data-start=\"435\" data-end=\"481\"><strong data-start=\"437\" data-end=\"448\">Escuma:<\/strong> Abundant, cremosa i persistent<\/li>\n<li data-start=\"482\" data-end=\"666\"><strong data-start=\"484\" data-end=\"494\">Aroma:<\/strong> Complex, amb notes afruitades (taronja, albercoc), especiades (pebre, clau), herbals (ll\u00fapol, farigola) i un lleuger toc terr\u00f3s i <em data-start=\"625\" data-end=\"632\">funky<\/em> per la llevat <strong data-start=\"647\" data-end=\"664\">Brettanomyces<\/strong><\/li>\n<li data-start=\"667\" data-end=\"789\"><strong data-start=\"669\" data-end=\"679\">Sabor:<\/strong> Equilibri entre maltes dolces, amargor seca del ll\u00fapol i una acidesa subtil amb notes terroses i afruitades<\/li>\n<li data-start=\"790\" data-end=\"853\"><strong data-start=\"792\" data-end=\"800\">Cos:<\/strong> Lleuger-mitj\u00e0, amb una sensaci\u00f3 efervescent i seca<\/li>\n<\/ul>\n<h3 data-start=\"855\" data-end=\"885\"><strong data-start=\"859\" data-end=\"883\">Proc\u00e9s d\u2019elaboraci\u00f3:<\/strong><\/h3>\n<p data-start=\"886\" data-end=\"943\">Orval es diferencia d\u2019altres cerveses trapistes perqu\u00e8:<\/p>\n<ul data-start=\"944\" data-end=\"1331\" data-is-last-node=\"\">\n<li data-start=\"944\" data-end=\"1034\">Utilitza <strong data-start=\"955\" data-end=\"985\">ll\u00fapol sec (<em data-start=\"969\" data-end=\"982\">dry hopping<\/em>)<\/strong>, que intensifica els aromes herbals i florals.<\/li>\n<li data-start=\"1035\" data-end=\"1227\">Es fermenta amb llevat tradicional belga i despr\u00e9s s\u2019hi afegeix <strong data-start=\"1101\" data-end=\"1118\">Brettanomyces<\/strong> en la refermentaci\u00f3 en ampolla, cosa que li dona el seu caracter\u00edstic toc sec, terr\u00f3s i lleugerament \u00e0cid.<\/li>\n<li data-start=\"1228\" data-end=\"1331\" data-is-last-node=\"\">Es deixa envellir en bodega abans de la seva venda, i el seu perfil de sabor evoluciona amb el temps.<\/li>\n<\/ul>\n","protected":false},"excerpt":{"rendered":"<p>Orval \u00e9s una cervesa trapista elaborada a l&#8217;Abadia d&#8217;Orval, B\u00e8lgica, des de 1931. \u00c9s \u00fanica dins les cerveses trapistes per la seva fermentaci\u00f3 mixta i l\u2019\u00fas de ll\u00fapol sec (dry hopping), cosa que li confereix un car\u00e0cter afruitat, especiat i amb un distintiu toc \u00e0cid. Caracter\u00edstiques: Tipus: Belgian Pale Ale \/ Specialty Ale Graduaci\u00f3 alcoh\u00f2lica:&hellip;<\/p>\n","protected":false},"featured_media":84950,"comment_status":"closed","ping_status":"closed","template":"","meta":{"_acf_changed":false},"pwb-brand":[],"product_brand":[],"product_cat":[51736,51804],"product_tag":[],"class_list":{"0":"post-84953","1":"product","2":"type-product","3":"status-publish","4":"has-post-thumbnail","6":"product_cat-cervesa","7":"product_cat-cervesa-belgica","8":"pa_elaborador-orval-ca","9":"pa_formatoenl-36159","10":"pa_formatoenml-38312","11":"pa_graduacion-6_2","12":"pa_pais-belgica-ca-2","13":"pa_pesoengramos-38350","14":"pa_pesoenkg-05-ca","15":"entry","16":"has-media","18":"first","19":"instock","20":"taxable","21":"shipping-taxable","22":"purchasable","23":"product-type-simple"},"acf":[],"yoast_head":"<!-- This site is optimized with the Yoast SEO Premium plugin v23.1 (Yoast SEO v23.5) - https:\/\/yoast.com\/wordpress\/plugins\/seo\/ -->\n<title>Orval Cervesa<\/title>\n<meta name=\"description\" content=\"Comprar online al millor preu cervesa belga.\" \/>\n<meta name=\"robots\" content=\"noindex, follow, max-snippet:-1, max-image-preview:large, max-video-preview:-1\" \/>\n<meta property=\"og:locale\" content=\"ca_ES\" \/>\n<meta property=\"og:type\" content=\"article\" \/>\n<meta property=\"og:title\" content=\"Orval\" \/>\n<meta property=\"og:description\" content=\"Comprar online al millor preu cervesa belga.\" \/>\n<meta property=\"og:url\" content=\"https:\/\/aral2.cetrexmarketing.com\/ca\/producto\/orval-2\/\" \/>\n<meta property=\"og:site_name\" content=\"M\u00f3n La Cata\" \/>\n<meta property=\"article:modified_time\" content=\"2025-05-25T06:10:40+00:00\" \/>\n<meta property=\"og:image\" content=\"https:\/\/aral2.cetrexmarketing.com\/wp-content\/uploads\/2025\/05\/Orval.png\" \/>\n\t<meta property=\"og:image:width\" content=\"765\" \/>\n\t<meta property=\"og:image:height\" content=\"1024\" \/>\n\t<meta property=\"og:image:type\" content=\"image\/png\" \/>\n<meta name=\"twitter:card\" content=\"summary_large_image\" \/>\n<meta name=\"twitter:label1\" content=\"Temps estimat de lectura\" \/>\n\t<meta name=\"twitter:data1\" content=\"2 minuts\" \/>\n<script type=\"application\/ld+json\" class=\"yoast-schema-graph\">{\"@context\":\"https:\/\/schema.org\",\"@graph\":[{\"@type\":\"WebPage\",\"@id\":\"https:\/\/aral2.cetrexmarketing.com\/ca\/producto\/orval-2\/\",\"url\":\"https:\/\/aral2.cetrexmarketing.com\/ca\/producto\/orval-2\/\",\"name\":\"Orval Cervesa\",\"isPartOf\":{\"@id\":\"https:\/\/aral2.cetrexmarketing.com\/#website\"},\"primaryImageOfPage\":{\"@id\":\"https:\/\/aral2.cetrexmarketing.com\/ca\/producto\/orval-2\/#primaryimage\"},\"image\":{\"@id\":\"https:\/\/aral2.cetrexmarketing.com\/ca\/producto\/orval-2\/#primaryimage\"},\"thumbnailUrl\":\"https:\/\/aral2.cetrexmarketing.com\/wp-content\/uploads\/2025\/05\/Orval.png\",\"datePublished\":\"2025-05-25T06:10:38+00:00\",\"dateModified\":\"2025-05-25T06:10:40+00:00\",\"description\":\"Comprar online al millor preu cervesa belga.\",\"breadcrumb\":{\"@id\":\"https:\/\/aral2.cetrexmarketing.com\/ca\/producto\/orval-2\/#breadcrumb\"},\"inLanguage\":\"ca\",\"potentialAction\":[{\"@type\":\"ReadAction\",\"target\":[\"https:\/\/aral2.cetrexmarketing.com\/ca\/producto\/orval-2\/\"]}]},{\"@type\":\"ImageObject\",\"inLanguage\":\"ca\",\"@id\":\"https:\/\/aral2.cetrexmarketing.com\/ca\/producto\/orval-2\/#primaryimage\",\"url\":\"https:\/\/aral2.cetrexmarketing.com\/wp-content\/uploads\/2025\/05\/Orval.png\",\"contentUrl\":\"https:\/\/aral2.cetrexmarketing.com\/wp-content\/uploads\/2025\/05\/Orval.png\",\"width\":765,\"height\":1024},{\"@type\":\"BreadcrumbList\",\"@id\":\"https:\/\/aral2.cetrexmarketing.com\/ca\/producto\/orval-2\/#breadcrumb\",\"itemListElement\":[{\"@type\":\"ListItem\",\"position\":1,\"name\":\"Home\",\"item\":\"https:\/\/aral2.cetrexmarketing.com\/ca\/\"},{\"@type\":\"ListItem\",\"position\":2,\"name\":\"Tienda\",\"item\":\"https:\/\/aral2.cetrexmarketing.com\/ca\/tienda-2\/\"},{\"@type\":\"ListItem\",\"position\":3,\"name\":\"Cervesa\",\"item\":\"https:\/\/aral2.cetrexmarketing.com\/categoria-producto\/home-ca\/cervesa-ca\/\"},{\"@type\":\"ListItem\",\"position\":4,\"name\":\"Cerveza Belgica\",\"item\":\"https:\/\/aral2.cetrexmarketing.com\/categoria-producto\/inicio\/cerveza\/cerveza-belgica\/\"},{\"@type\":\"ListItem\",\"position\":5,\"name\":\"Orval\"}]},{\"@type\":\"WebSite\",\"@id\":\"https:\/\/aral2.cetrexmarketing.com\/#website\",\"url\":\"https:\/\/aral2.cetrexmarketing.com\/\",\"name\":\"M\u00f3n La Cata\",\"description\":\"Tienda de vinos, licores, cervezas y gourmet\",\"publisher\":{\"@id\":\"https:\/\/aral2.cetrexmarketing.com\/#organization\"},\"potentialAction\":[{\"@type\":\"SearchAction\",\"target\":{\"@type\":\"EntryPoint\",\"urlTemplate\":\"https:\/\/aral2.cetrexmarketing.com\/?s={search_term_string}\"},\"query-input\":{\"@type\":\"PropertyValueSpecification\",\"valueRequired\":true,\"valueName\":\"search_term_string\"}}],\"inLanguage\":\"ca\"},{\"@type\":\"Organization\",\"@id\":\"https:\/\/aral2.cetrexmarketing.com\/#organization\",\"name\":\"M\u00f3n La Cata\",\"url\":\"https:\/\/aral2.cetrexmarketing.com\/\",\"logo\":{\"@type\":\"ImageObject\",\"inLanguage\":\"ca\",\"@id\":\"https:\/\/aral2.cetrexmarketing.com\/#\/schema\/logo\/image\/\",\"url\":\"https:\/\/aral2.cetrexmarketing.com\/wp-content\/uploads\/2024\/10\/aral-logo-neg-1024x409-1.png\",\"contentUrl\":\"https:\/\/aral2.cetrexmarketing.com\/wp-content\/uploads\/2024\/10\/aral-logo-neg-1024x409-1.png\",\"width\":1024,\"height\":409,\"caption\":\"M\u00f3n La Cata\"},\"image\":{\"@id\":\"https:\/\/aral2.cetrexmarketing.com\/#\/schema\/logo\/image\/\"}}]}<\/script>\n<!-- \/ Yoast SEO Premium plugin. -->","yoast_head_json":{"title":"Orval Cervesa","description":"Comprar online al millor preu cervesa belga.","robots":{"index":"noindex","follow":"follow","max-snippet":"max-snippet:-1","max-image-preview":"max-image-preview:large","max-video-preview":"max-video-preview:-1"},"og_locale":"ca_ES","og_type":"article","og_title":"Orval","og_description":"Comprar online al millor preu cervesa belga.","og_url":"https:\/\/aral2.cetrexmarketing.com\/ca\/producto\/orval-2\/","og_site_name":"M\u00f3n La Cata","article_modified_time":"2025-05-25T06:10:40+00:00","og_image":[{"width":765,"height":1024,"url":"https:\/\/aral2.cetrexmarketing.com\/wp-content\/uploads\/2025\/05\/Orval.png","type":"image\/png"}],"twitter_card":"summary_large_image","twitter_misc":{"Temps estimat de lectura":"2 minuts"},"schema":{"@context":"https:\/\/schema.org","@graph":[{"@type":"WebPage","@id":"https:\/\/aral2.cetrexmarketing.com\/ca\/producto\/orval-2\/","url":"https:\/\/aral2.cetrexmarketing.com\/ca\/producto\/orval-2\/","name":"Orval Cervesa","isPartOf":{"@id":"https:\/\/aral2.cetrexmarketing.com\/#website"},"primaryImageOfPage":{"@id":"https:\/\/aral2.cetrexmarketing.com\/ca\/producto\/orval-2\/#primaryimage"},"image":{"@id":"https:\/\/aral2.cetrexmarketing.com\/ca\/producto\/orval-2\/#primaryimage"},"thumbnailUrl":"https:\/\/aral2.cetrexmarketing.com\/wp-content\/uploads\/2025\/05\/Orval.png","datePublished":"2025-05-25T06:10:38+00:00","dateModified":"2025-05-25T06:10:40+00:00","description":"Comprar online al millor preu cervesa belga.","breadcrumb":{"@id":"https:\/\/aral2.cetrexmarketing.com\/ca\/producto\/orval-2\/#breadcrumb"},"inLanguage":"ca","potentialAction":[{"@type":"ReadAction","target":["https:\/\/aral2.cetrexmarketing.com\/ca\/producto\/orval-2\/"]}]},{"@type":"ImageObject","inLanguage":"ca","@id":"https:\/\/aral2.cetrexmarketing.com\/ca\/producto\/orval-2\/#primaryimage","url":"https:\/\/aral2.cetrexmarketing.com\/wp-content\/uploads\/2025\/05\/Orval.png","contentUrl":"https:\/\/aral2.cetrexmarketing.com\/wp-content\/uploads\/2025\/05\/Orval.png","width":765,"height":1024},{"@type":"BreadcrumbList","@id":"https:\/\/aral2.cetrexmarketing.com\/ca\/producto\/orval-2\/#breadcrumb","itemListElement":[{"@type":"ListItem","position":1,"name":"Home","item":"https:\/\/aral2.cetrexmarketing.com\/ca\/"},{"@type":"ListItem","position":2,"name":"Tienda","item":"https:\/\/aral2.cetrexmarketing.com\/ca\/tienda-2\/"},{"@type":"ListItem","position":3,"name":"Cervesa","item":"https:\/\/aral2.cetrexmarketing.com\/categoria-producto\/home-ca\/cervesa-ca\/"},{"@type":"ListItem","position":4,"name":"Cerveza Belgica","item":"https:\/\/aral2.cetrexmarketing.com\/categoria-producto\/inicio\/cerveza\/cerveza-belgica\/"},{"@type":"ListItem","position":5,"name":"Orval"}]},{"@type":"WebSite","@id":"https:\/\/aral2.cetrexmarketing.com\/#website","url":"https:\/\/aral2.cetrexmarketing.com\/","name":"M\u00f3n La Cata","description":"Tienda de vinos, licores, cervezas y gourmet","publisher":{"@id":"https:\/\/aral2.cetrexmarketing.com\/#organization"},"potentialAction":[{"@type":"SearchAction","target":{"@type":"EntryPoint","urlTemplate":"https:\/\/aral2.cetrexmarketing.com\/?s={search_term_string}"},"query-input":{"@type":"PropertyValueSpecification","valueRequired":true,"valueName":"search_term_string"}}],"inLanguage":"ca"},{"@type":"Organization","@id":"https:\/\/aral2.cetrexmarketing.com\/#organization","name":"M\u00f3n La Cata","url":"https:\/\/aral2.cetrexmarketing.com\/","logo":{"@type":"ImageObject","inLanguage":"ca","@id":"https:\/\/aral2.cetrexmarketing.com\/#\/schema\/logo\/image\/","url":"https:\/\/aral2.cetrexmarketing.com\/wp-content\/uploads\/2024\/10\/aral-logo-neg-1024x409-1.png","contentUrl":"https:\/\/aral2.cetrexmarketing.com\/wp-content\/uploads\/2024\/10\/aral-logo-neg-1024x409-1.png","width":1024,"height":409,"caption":"M\u00f3n La Cata"},"image":{"@id":"https:\/\/aral2.cetrexmarketing.com\/#\/schema\/logo\/image\/"}}]}},"brands":[],"_links":{"self":[{"href":"https:\/\/aral2.cetrexmarketing.com\/ca\/wp-json\/wp\/v2\/product\/84953","targetHints":{"allow":["GET"]}}],"collection":[{"href":"https:\/\/aral2.cetrexmarketing.com\/ca\/wp-json\/wp\/v2\/product"}],"about":[{"href":"https:\/\/aral2.cetrexmarketing.com\/ca\/wp-json\/wp\/v2\/types\/product"}],"replies":[{"embeddable":true,"href":"https:\/\/aral2.cetrexmarketing.com\/ca\/wp-json\/wp\/v2\/comments?post=84953"}],"wp:featuredmedia":[{"embeddable":true,"href":"https:\/\/aral2.cetrexmarketing.com\/ca\/wp-json\/wp\/v2\/media\/84950"}],"wp:attachment":[{"href":"https:\/\/aral2.cetrexmarketing.com\/ca\/wp-json\/wp\/v2\/media?parent=84953"}],"wp:term":[{"taxonomy":"pwb-brand","embeddable":true,"href":"https:\/\/aral2.cetrexmarketing.com\/ca\/wp-json\/wp\/v2\/pwb-brand?post=84953"},{"taxonomy":"product_brand","embeddable":true,"href":"https:\/\/aral2.cetrexmarketing.com\/ca\/wp-json\/wp\/v2\/product_brand?post=84953"},{"taxonomy":"product_cat","embeddable":true,"href":"https:\/\/aral2.cetrexmarketing.com\/ca\/wp-json\/wp\/v2\/product_cat?post=84953"},{"taxonomy":"product_tag","embeddable":true,"href":"https:\/\/aral2.cetrexmarketing.com\/ca\/wp-json\/wp\/v2\/product_tag?post=84953"}],"curies":[{"name":"wp","href":"https:\/\/api.w.org\/{rel}","templated":true}]}}