{"id":84765,"date":"2025-05-25T06:05:45","date_gmt":"2025-05-25T06:05:45","guid":{"rendered":"https:\/\/aral2.cetrexmarketing.com\/producto\/petites-estones-negre\/"},"modified":"2025-05-25T06:05:47","modified_gmt":"2025-05-25T06:05:47","slug":"petites-estones-negre","status":"publish","type":"product","link":"https:\/\/aral2.cetrexmarketing.com\/ca\/producto\/petites-estones-negre\/","title":{"rendered":"Petites Estones Negre"},"content":{"rendered":"<p data-start=\"31\" data-end=\"507\">El <strong data-start=\"34\" data-end=\"59\">Petites Estones Tinto<\/strong> \u00e9s un vi negre elaborat per la <strong data-start=\"91\" data-end=\"114\">bodega Mas d&#8217;en Gil<\/strong>, situada a la <strong data-start=\"129\" data-end=\"144\">DO Montsant<\/strong>, una de les regions vin\u00edcoles m\u00e9s emergents de <strong data-start=\"192\" data-end=\"205\">Catalunya<\/strong>. Aquest vi reflecteix la personalitat del <strong data-start=\"248\" data-end=\"271\">terroir de Montsant<\/strong>, una zona amb <strong data-start=\"286\" data-end=\"305\">vinyes antigues<\/strong> i una <strong data-start=\"312\" data-end=\"338\">rica tradici\u00f3 vin\u00edcola<\/strong>. <strong data-start=\"340\" data-end=\"359\">Petites Estones<\/strong> \u00e9s una proposta fresca i moderna, amb un enfocament en l&#8217;expressi\u00f3 de les <strong data-start=\"434\" data-end=\"458\">varietats aut\u00f2ctones<\/strong> de la regi\u00f3 i la <strong data-start=\"476\" data-end=\"506\">qualitat de la vinificaci\u00f3<\/strong>.<\/p>\n<h3 data-start=\"509\" data-end=\"547\"><strong data-start=\"513\" data-end=\"547\">Caracter\u00edstiques del Producte:<\/strong><\/h3>\n<ul data-start=\"548\" data-end=\"831\">\n<li data-start=\"548\" data-end=\"569\"><strong data-start=\"550\" data-end=\"560\">Tipus:<\/strong> Vi negre<\/li>\n<li data-start=\"570\" data-end=\"620\"><strong data-start=\"572\" data-end=\"583\">Origen:<\/strong> <strong data-start=\"584\" data-end=\"599\">DO Montsant<\/strong> (Catalunya, Espanya)<\/li>\n<li data-start=\"621\" data-end=\"677\"><strong data-start=\"623\" data-end=\"645\">Varietats de ra\u00efm:<\/strong> <strong data-start=\"646\" data-end=\"662\">80% Garnacha<\/strong>, <strong data-start=\"664\" data-end=\"677\">20% Syrah<\/strong><\/li>\n<li data-start=\"678\" data-end=\"712\"><strong data-start=\"680\" data-end=\"699\">Grau alcoh\u00f2lic:<\/strong> <strong data-start=\"700\" data-end=\"712\">14% vol.<\/strong><\/li>\n<li data-start=\"713\" data-end=\"831\"><strong data-start=\"715\" data-end=\"727\">Crian\u00e7a:<\/strong> Vi <strong data-start=\"731\" data-end=\"756\">sense crian\u00e7a en b\u00f3ta<\/strong>, permetent destacar la frescor i els <strong data-start=\"794\" data-end=\"814\">aromes afruitats<\/strong> de les <strong data-start=\"822\" data-end=\"831\">ra\u00efms<\/strong><\/li>\n<\/ul>\n<h3 data-start=\"833\" data-end=\"855\"><strong data-start=\"837\" data-end=\"855\">Notes de Cata:<\/strong><\/h3>\n<ul data-start=\"857\" data-end=\"1414\">\n<li data-start=\"857\" data-end=\"930\"><strong data-start=\"859\" data-end=\"869\">Color:<\/strong> <strong data-start=\"870\" data-end=\"892\">Roig rub\u00ed brillant<\/strong> amb reflexos violacis, net i atractiu<\/li>\n<li data-start=\"931\" data-end=\"1129\"><strong data-start=\"933\" data-end=\"943\">Aroma:<\/strong> Intens i afruitat, amb notes de <strong data-start=\"976\" data-end=\"1006\">fruites vermelles fresques<\/strong> (maduixes, cireres) i un toc <strong data-start=\"1036\" data-end=\"1055\">esp\u00e8ciat subtil<\/strong>. Tamb\u00e9 es poden percebre matisos de <strong data-start=\"1092\" data-end=\"1101\">flors<\/strong> i <strong data-start=\"1104\" data-end=\"1128\">herbes mediterr\u00e0nies<\/strong>.<\/li>\n<li data-start=\"1130\" data-end=\"1414\"><strong data-start=\"1132\" data-end=\"1142\">Sabor:<\/strong> En boca \u00e9s suau, fresc i afruitat, amb una excel\u00b7lent <strong data-start=\"1197\" data-end=\"1208\">acidesa<\/strong> que aporta vivacitat i equilibri. Els <strong data-start=\"1247\" data-end=\"1267\">tanins s\u00f3n suaus<\/strong>, el que fa que el vi sigui molt accessible i f\u00e0cil de beure. El final \u00e9s agradable, amb records de <strong data-start=\"1367\" data-end=\"1384\">fruita fresca<\/strong> i un lleuger toc <strong data-start=\"1402\" data-end=\"1413\">mineral<\/strong>.<\/li>\n<\/ul>\n","protected":false},"excerpt":{"rendered":"<p>El Petites Estones Tinto \u00e9s un vi negre elaborat per la bodega Mas d&#8217;en Gil, situada a la DO Montsant, una de les regions vin\u00edcoles m\u00e9s emergents de Catalunya. Aquest vi reflecteix la personalitat del terroir de Montsant, una zona amb vinyes antigues i una rica tradici\u00f3 vin\u00edcola. Petites Estones \u00e9s una proposta fresca i&hellip;<\/p>\n","protected":false},"featured_media":84762,"comment_status":"closed","ping_status":"closed","template":"","meta":{"_acf_changed":false},"pwb-brand":[32891],"product_brand":[],"product_cat":[51670,51671],"product_tag":[],"class_list":{"0":"post-84765","1":"product","2":"type-product","3":"status-publish","4":"has-post-thumbnail","6":"pwb-brand-montsant-d-o","7":"product_cat-vi","8":"product_cat-vi-negre","9":"pa_anada-45483","10":"pa_bodega-vinsdemassersal","11":"pa_formatoenl-36158","12":"pa_formatoenml-38306","13":"pa_graduacion-14_0","14":"pa_pais-espanya-ca","15":"pa_pesoengramos-38354","16":"pa_pesoenkg-14-2","17":"pa_pueblociudad-elmasroigtarragona","18":"pa_region-cataluna","19":"pa_tipodevino-vi-tranquil","20":"pa_variedades-garnachatinta_carinena-ca","21":"entry","22":"has-media","24":"first","25":"instock","26":"taxable","27":"shipping-taxable","28":"purchasable","29":"product-type-simple"},"acf":[],"yoast_head":"<!-- This site is optimized with the Yoast SEO Premium plugin v23.1 (Yoast SEO v23.5) - https:\/\/yoast.com\/wordpress\/plugins\/seo\/ -->\n<title>Petites Estones Negre<\/title>\n<meta name=\"description\" content=\"Comprar Petites Estones Negre de la DO Montsant al millor preu. Botiga online de vins, licors, cerveses i productes gourmet. Descomptes, ofertes.\" \/>\n<meta name=\"robots\" content=\"noindex, follow, max-snippet:-1, max-image-preview:large, max-video-preview:-1\" \/>\n<meta property=\"og:locale\" content=\"ca_ES\" \/>\n<meta property=\"og:type\" content=\"article\" \/>\n<meta property=\"og:title\" content=\"Petites Estones Negre\" \/>\n<meta property=\"og:description\" content=\"Comprar Petites Estones Negre de la DO Montsant al millor preu. Botiga online de vins, licors, cerveses i productes gourmet. Descomptes, ofertes.\" \/>\n<meta property=\"og:url\" content=\"https:\/\/aral2.cetrexmarketing.com\/ca\/producto\/petites-estones-negre\/\" \/>\n<meta property=\"og:site_name\" content=\"M\u00f3n La Cata\" \/>\n<meta property=\"article:modified_time\" content=\"2025-05-25T06:05:47+00:00\" \/>\n<meta property=\"og:image\" content=\"https:\/\/aral2.cetrexmarketing.com\/wp-content\/uploads\/2025\/05\/Petites-Estones-Tinto-1.png\" \/>\n\t<meta property=\"og:image:width\" content=\"765\" \/>\n\t<meta property=\"og:image:height\" content=\"1024\" \/>\n\t<meta property=\"og:image:type\" content=\"image\/png\" \/>\n<meta name=\"twitter:card\" content=\"summary_large_image\" \/>\n<meta name=\"twitter:label1\" content=\"Temps estimat de lectura\" \/>\n\t<meta name=\"twitter:data1\" content=\"2 minuts\" \/>\n<script type=\"application\/ld+json\" class=\"yoast-schema-graph\">{\"@context\":\"https:\/\/schema.org\",\"@graph\":[{\"@type\":\"WebPage\",\"@id\":\"https:\/\/aral2.cetrexmarketing.com\/ca\/producto\/petites-estones-negre\/\",\"url\":\"https:\/\/aral2.cetrexmarketing.com\/ca\/producto\/petites-estones-negre\/\",\"name\":\"Petites Estones Negre\",\"isPartOf\":{\"@id\":\"https:\/\/aral2.cetrexmarketing.com\/#website\"},\"primaryImageOfPage\":{\"@id\":\"https:\/\/aral2.cetrexmarketing.com\/ca\/producto\/petites-estones-negre\/#primaryimage\"},\"image\":{\"@id\":\"https:\/\/aral2.cetrexmarketing.com\/ca\/producto\/petites-estones-negre\/#primaryimage\"},\"thumbnailUrl\":\"https:\/\/aral2.cetrexmarketing.com\/wp-content\/uploads\/2025\/05\/Petites-Estones-Tinto-1.png\",\"datePublished\":\"2025-05-25T06:05:45+00:00\",\"dateModified\":\"2025-05-25T06:05:47+00:00\",\"description\":\"Comprar Petites Estones Negre de la DO Montsant al millor preu. Botiga online de vins, licors, cerveses i productes gourmet. Descomptes, ofertes.\",\"breadcrumb\":{\"@id\":\"https:\/\/aral2.cetrexmarketing.com\/ca\/producto\/petites-estones-negre\/#breadcrumb\"},\"inLanguage\":\"ca\",\"potentialAction\":[{\"@type\":\"ReadAction\",\"target\":[\"https:\/\/aral2.cetrexmarketing.com\/ca\/producto\/petites-estones-negre\/\"]}]},{\"@type\":\"ImageObject\",\"inLanguage\":\"ca\",\"@id\":\"https:\/\/aral2.cetrexmarketing.com\/ca\/producto\/petites-estones-negre\/#primaryimage\",\"url\":\"https:\/\/aral2.cetrexmarketing.com\/wp-content\/uploads\/2025\/05\/Petites-Estones-Tinto-1.png\",\"contentUrl\":\"https:\/\/aral2.cetrexmarketing.com\/wp-content\/uploads\/2025\/05\/Petites-Estones-Tinto-1.png\",\"width\":765,\"height\":1024},{\"@type\":\"BreadcrumbList\",\"@id\":\"https:\/\/aral2.cetrexmarketing.com\/ca\/producto\/petites-estones-negre\/#breadcrumb\",\"itemListElement\":[{\"@type\":\"ListItem\",\"position\":1,\"name\":\"Home\",\"item\":\"https:\/\/aral2.cetrexmarketing.com\/ca\/\"},{\"@type\":\"ListItem\",\"position\":2,\"name\":\"Tienda\",\"item\":\"https:\/\/aral2.cetrexmarketing.com\/ca\/tienda-2\/\"},{\"@type\":\"ListItem\",\"position\":3,\"name\":\"Vi\",\"item\":\"https:\/\/aral2.cetrexmarketing.com\/categoria-producto\/vi\/\"},{\"@type\":\"ListItem\",\"position\":4,\"name\":\"Vi Negre\",\"item\":\"https:\/\/aral2.cetrexmarketing.com\/categoria-producto\/vi\/vi-negre\/\"},{\"@type\":\"ListItem\",\"position\":5,\"name\":\"Petites Estones Negre\"}]},{\"@type\":\"WebSite\",\"@id\":\"https:\/\/aral2.cetrexmarketing.com\/#website\",\"url\":\"https:\/\/aral2.cetrexmarketing.com\/\",\"name\":\"M\u00f3n La Cata\",\"description\":\"Tienda de vinos, licores, cervezas y gourmet\",\"publisher\":{\"@id\":\"https:\/\/aral2.cetrexmarketing.com\/#organization\"},\"potentialAction\":[{\"@type\":\"SearchAction\",\"target\":{\"@type\":\"EntryPoint\",\"urlTemplate\":\"https:\/\/aral2.cetrexmarketing.com\/?s={search_term_string}\"},\"query-input\":{\"@type\":\"PropertyValueSpecification\",\"valueRequired\":true,\"valueName\":\"search_term_string\"}}],\"inLanguage\":\"ca\"},{\"@type\":\"Organization\",\"@id\":\"https:\/\/aral2.cetrexmarketing.com\/#organization\",\"name\":\"M\u00f3n La Cata\",\"url\":\"https:\/\/aral2.cetrexmarketing.com\/\",\"logo\":{\"@type\":\"ImageObject\",\"inLanguage\":\"ca\",\"@id\":\"https:\/\/aral2.cetrexmarketing.com\/#\/schema\/logo\/image\/\",\"url\":\"https:\/\/aral2.cetrexmarketing.com\/wp-content\/uploads\/2024\/10\/aral-logo-neg-1024x409-1.png\",\"contentUrl\":\"https:\/\/aral2.cetrexmarketing.com\/wp-content\/uploads\/2024\/10\/aral-logo-neg-1024x409-1.png\",\"width\":1024,\"height\":409,\"caption\":\"M\u00f3n La Cata\"},\"image\":{\"@id\":\"https:\/\/aral2.cetrexmarketing.com\/#\/schema\/logo\/image\/\"}}]}<\/script>\n<!-- \/ Yoast SEO Premium plugin. -->","yoast_head_json":{"title":"Petites Estones Negre","description":"Comprar Petites Estones Negre de la DO Montsant al millor preu. Botiga online de vins, licors, cerveses i productes gourmet. Descomptes, ofertes.","robots":{"index":"noindex","follow":"follow","max-snippet":"max-snippet:-1","max-image-preview":"max-image-preview:large","max-video-preview":"max-video-preview:-1"},"og_locale":"ca_ES","og_type":"article","og_title":"Petites Estones Negre","og_description":"Comprar Petites Estones Negre de la DO Montsant al millor preu. Botiga online de vins, licors, cerveses i productes gourmet. Descomptes, ofertes.","og_url":"https:\/\/aral2.cetrexmarketing.com\/ca\/producto\/petites-estones-negre\/","og_site_name":"M\u00f3n La Cata","article_modified_time":"2025-05-25T06:05:47+00:00","og_image":[{"width":765,"height":1024,"url":"https:\/\/aral2.cetrexmarketing.com\/wp-content\/uploads\/2025\/05\/Petites-Estones-Tinto-1.png","type":"image\/png"}],"twitter_card":"summary_large_image","twitter_misc":{"Temps estimat de lectura":"2 minuts"},"schema":{"@context":"https:\/\/schema.org","@graph":[{"@type":"WebPage","@id":"https:\/\/aral2.cetrexmarketing.com\/ca\/producto\/petites-estones-negre\/","url":"https:\/\/aral2.cetrexmarketing.com\/ca\/producto\/petites-estones-negre\/","name":"Petites Estones Negre","isPartOf":{"@id":"https:\/\/aral2.cetrexmarketing.com\/#website"},"primaryImageOfPage":{"@id":"https:\/\/aral2.cetrexmarketing.com\/ca\/producto\/petites-estones-negre\/#primaryimage"},"image":{"@id":"https:\/\/aral2.cetrexmarketing.com\/ca\/producto\/petites-estones-negre\/#primaryimage"},"thumbnailUrl":"https:\/\/aral2.cetrexmarketing.com\/wp-content\/uploads\/2025\/05\/Petites-Estones-Tinto-1.png","datePublished":"2025-05-25T06:05:45+00:00","dateModified":"2025-05-25T06:05:47+00:00","description":"Comprar Petites Estones Negre de la DO Montsant al millor preu. Botiga online de vins, licors, cerveses i productes gourmet. Descomptes, ofertes.","breadcrumb":{"@id":"https:\/\/aral2.cetrexmarketing.com\/ca\/producto\/petites-estones-negre\/#breadcrumb"},"inLanguage":"ca","potentialAction":[{"@type":"ReadAction","target":["https:\/\/aral2.cetrexmarketing.com\/ca\/producto\/petites-estones-negre\/"]}]},{"@type":"ImageObject","inLanguage":"ca","@id":"https:\/\/aral2.cetrexmarketing.com\/ca\/producto\/petites-estones-negre\/#primaryimage","url":"https:\/\/aral2.cetrexmarketing.com\/wp-content\/uploads\/2025\/05\/Petites-Estones-Tinto-1.png","contentUrl":"https:\/\/aral2.cetrexmarketing.com\/wp-content\/uploads\/2025\/05\/Petites-Estones-Tinto-1.png","width":765,"height":1024},{"@type":"BreadcrumbList","@id":"https:\/\/aral2.cetrexmarketing.com\/ca\/producto\/petites-estones-negre\/#breadcrumb","itemListElement":[{"@type":"ListItem","position":1,"name":"Home","item":"https:\/\/aral2.cetrexmarketing.com\/ca\/"},{"@type":"ListItem","position":2,"name":"Tienda","item":"https:\/\/aral2.cetrexmarketing.com\/ca\/tienda-2\/"},{"@type":"ListItem","position":3,"name":"Vi","item":"https:\/\/aral2.cetrexmarketing.com\/categoria-producto\/vi\/"},{"@type":"ListItem","position":4,"name":"Vi Negre","item":"https:\/\/aral2.cetrexmarketing.com\/categoria-producto\/vi\/vi-negre\/"},{"@type":"ListItem","position":5,"name":"Petites Estones Negre"}]},{"@type":"WebSite","@id":"https:\/\/aral2.cetrexmarketing.com\/#website","url":"https:\/\/aral2.cetrexmarketing.com\/","name":"M\u00f3n La Cata","description":"Tienda de vinos, licores, cervezas y gourmet","publisher":{"@id":"https:\/\/aral2.cetrexmarketing.com\/#organization"},"potentialAction":[{"@type":"SearchAction","target":{"@type":"EntryPoint","urlTemplate":"https:\/\/aral2.cetrexmarketing.com\/?s={search_term_string}"},"query-input":{"@type":"PropertyValueSpecification","valueRequired":true,"valueName":"search_term_string"}}],"inLanguage":"ca"},{"@type":"Organization","@id":"https:\/\/aral2.cetrexmarketing.com\/#organization","name":"M\u00f3n La Cata","url":"https:\/\/aral2.cetrexmarketing.com\/","logo":{"@type":"ImageObject","inLanguage":"ca","@id":"https:\/\/aral2.cetrexmarketing.com\/#\/schema\/logo\/image\/","url":"https:\/\/aral2.cetrexmarketing.com\/wp-content\/uploads\/2024\/10\/aral-logo-neg-1024x409-1.png","contentUrl":"https:\/\/aral2.cetrexmarketing.com\/wp-content\/uploads\/2024\/10\/aral-logo-neg-1024x409-1.png","width":1024,"height":409,"caption":"M\u00f3n La Cata"},"image":{"@id":"https:\/\/aral2.cetrexmarketing.com\/#\/schema\/logo\/image\/"}}]}},"brands":[{"id":32891,"name":"Montsant D.O.","slug":"montsant-d-o"}],"_links":{"self":[{"href":"https:\/\/aral2.cetrexmarketing.com\/ca\/wp-json\/wp\/v2\/product\/84765","targetHints":{"allow":["GET"]}}],"collection":[{"href":"https:\/\/aral2.cetrexmarketing.com\/ca\/wp-json\/wp\/v2\/product"}],"about":[{"href":"https:\/\/aral2.cetrexmarketing.com\/ca\/wp-json\/wp\/v2\/types\/product"}],"replies":[{"embeddable":true,"href":"https:\/\/aral2.cetrexmarketing.com\/ca\/wp-json\/wp\/v2\/comments?post=84765"}],"wp:featuredmedia":[{"embeddable":true,"href":"https:\/\/aral2.cetrexmarketing.com\/ca\/wp-json\/wp\/v2\/media\/84762"}],"wp:attachment":[{"href":"https:\/\/aral2.cetrexmarketing.com\/ca\/wp-json\/wp\/v2\/media?parent=84765"}],"wp:term":[{"taxonomy":"pwb-brand","embeddable":true,"href":"https:\/\/aral2.cetrexmarketing.com\/ca\/wp-json\/wp\/v2\/pwb-brand?post=84765"},{"taxonomy":"product_brand","embeddable":true,"href":"https:\/\/aral2.cetrexmarketing.com\/ca\/wp-json\/wp\/v2\/product_brand?post=84765"},{"taxonomy":"product_cat","embeddable":true,"href":"https:\/\/aral2.cetrexmarketing.com\/ca\/wp-json\/wp\/v2\/product_cat?post=84765"},{"taxonomy":"product_tag","embeddable":true,"href":"https:\/\/aral2.cetrexmarketing.com\/ca\/wp-json\/wp\/v2\/product_tag?post=84765"}],"curies":[{"name":"wp","href":"https:\/\/api.w.org\/{rel}","templated":true}]}}