{"id":84722,"date":"2025-05-25T06:04:38","date_gmt":"2025-05-25T06:04:38","guid":{"rendered":"https:\/\/aral2.cetrexmarketing.com\/producto\/llagrimes-de-tardor-crianca-magnum\/"},"modified":"2025-05-25T06:04:40","modified_gmt":"2025-05-25T06:04:40","slug":"llagrimes-de-tardor-crianca-magnum","status":"publish","type":"product","link":"https:\/\/aral2.cetrexmarketing.com\/ca\/producto\/llagrimes-de-tardor-crianca-magnum\/","title":{"rendered":"Ll\u00e0grimes de Tardor Crian\u00e7a Magnum"},"content":{"rendered":"<p>Ll\u00e0grims de tardor magnum<br \/>\n n<br \/>\n Nun Classic! Amb cos i estructura. Una de les primeres Terra Alta a unir varietats tradicionals i envelliment llarg.<br \/>\n n<br \/>\n nsu Passat per la boca \u00e9s amable, ampli i fresc.<br \/>\n n<br \/>\n Versatil nmuy per acompanyar els plats principals, millor a les carns.<\/p>\n","protected":false},"excerpt":{"rendered":"<p>Ll\u00e0grims de tardor magnum<br \/>\n n<br \/>\n Nun Classic! Amb cos i estructura. Una de les primeres Terra Alta a unir varietats tradicionals i envelliment llarg.<br \/>\n n<br \/>\n nsu Passat per la boca \u00e9s amable, ampli i fresc.<br \/>\n n<br \/>\n Versatil nmuy per acompanyar els plats principals, millor a les carns.<\/p>\n","protected":false},"featured_media":84719,"comment_status":"closed","ping_status":"closed","template":"","meta":{"_acf_changed":false},"pwb-brand":[44972,45259,32913],"product_brand":[],"product_cat":[51677,51701,51670,51671],"product_tag":[15015,15210,16040],"class_list":{"0":"post-84722","1":"product","2":"type-product","3":"status-publish","4":"has-post-thumbnail","6":"pwb-brand-agricola-sant-josep","7":"pwb-brand-llagrimes-de-tardor","8":"pwb-brand-terra-alta-d-o","9":"product_cat-lots-i-estoigs","10":"product_cat-lots-nadal","11":"product_cat-vi","12":"product_cat-vi-negre","13":"product_tag-do-terra-alta-ca","14":"product_tag-llagrimes-de-tardor-ca","15":"product_tag-magnum-ca","16":"pa_anada-36211","17":"pa_bodega-agricola-sant-josep","18":"pa_do-terra-alta-d-o-ca","19":"pa_formatoenml-38316","20":"pa_gastronomico-negre-gastronomic","21":"pa_graduacion-14_5","22":"pa_maridaje-carn-blanca","23":"pa_maridaje-carn-roja","24":"pa_tipodevino-vi-tranquil","25":"pa_variedad-principal-garnacha-tinta-ca","26":"entry","27":"has-media","29":"first","30":"instock","31":"taxable","32":"shipping-taxable","33":"purchasable","34":"product-type-simple"},"acf":[],"yoast_head":"<!-- This site is optimized with the Yoast SEO Premium plugin v23.1 (Yoast SEO v23.5) - https:\/\/yoast.com\/wordpress\/plugins\/seo\/ -->\n<title>Ll\u00e0grimes de Tardor Crian\u00e7a Magnum vi negre de la DO Terra Alta<\/title>\n<meta name=\"description\" content=\"Comprar online al millor preu el vi negre Llagrimes de Tardor crian\u00e7a magnum 1.5L DO Terra Alta. Viniteca. Licoreria. Begudes. Alimentaci\u00f3. Productes gourmet.\" \/>\n<meta name=\"robots\" content=\"noindex, follow, max-snippet:-1, max-image-preview:large, max-video-preview:-1\" \/>\n<meta property=\"og:locale\" content=\"ca_ES\" \/>\n<meta property=\"og:type\" content=\"article\" \/>\n<meta property=\"og:title\" content=\"Ll\u00e0grimes de Tardor Crian\u00e7a Magnum\" \/>\n<meta property=\"og:description\" content=\"Comprar online al millor preu el vi negre Llagrimes de Tardor crian\u00e7a magnum 1.5L DO Terra Alta. Viniteca. Licoreria. Begudes. Alimentaci\u00f3. Productes gourmet.\" \/>\n<meta property=\"og:url\" content=\"https:\/\/aral2.cetrexmarketing.com\/ca\/producto\/llagrimes-de-tardor-crianca-magnum\/\" \/>\n<meta property=\"og:site_name\" content=\"M\u00f3n La Cata\" \/>\n<meta property=\"article:modified_time\" content=\"2025-05-25T06:04:40+00:00\" \/>\n<meta property=\"og:image\" content=\"https:\/\/aral2.cetrexmarketing.com\/wp-content\/uploads\/2025\/05\/Llagrimes-de-tardor-magnum-do-terra-alta-vino-tinto.JPG-1.png\" \/>\n\t<meta property=\"og:image:width\" content=\"450\" \/>\n\t<meta property=\"og:image:height\" content=\"600\" \/>\n\t<meta property=\"og:image:type\" content=\"image\/png\" \/>\n<meta name=\"twitter:card\" content=\"summary_large_image\" \/>\n<script type=\"application\/ld+json\" class=\"yoast-schema-graph\">{\"@context\":\"https:\/\/schema.org\",\"@graph\":[{\"@type\":\"WebPage\",\"@id\":\"https:\/\/aral2.cetrexmarketing.com\/ca\/producto\/llagrimes-de-tardor-crianca-magnum\/\",\"url\":\"https:\/\/aral2.cetrexmarketing.com\/ca\/producto\/llagrimes-de-tardor-crianca-magnum\/\",\"name\":\"Ll\u00e0grimes de Tardor Crian\u00e7a Magnum vi negre de la DO Terra Alta\",\"isPartOf\":{\"@id\":\"https:\/\/aral2.cetrexmarketing.com\/#website\"},\"primaryImageOfPage\":{\"@id\":\"https:\/\/aral2.cetrexmarketing.com\/ca\/producto\/llagrimes-de-tardor-crianca-magnum\/#primaryimage\"},\"image\":{\"@id\":\"https:\/\/aral2.cetrexmarketing.com\/ca\/producto\/llagrimes-de-tardor-crianca-magnum\/#primaryimage\"},\"thumbnailUrl\":\"https:\/\/aral2.cetrexmarketing.com\/wp-content\/uploads\/2025\/05\/Llagrimes-de-tardor-magnum-do-terra-alta-vino-tinto.JPG-1.png\",\"datePublished\":\"2025-05-25T06:04:38+00:00\",\"dateModified\":\"2025-05-25T06:04:40+00:00\",\"description\":\"Comprar online al millor preu el vi negre Llagrimes de Tardor crian\u00e7a magnum 1.5L DO Terra Alta. Viniteca. Licoreria. Begudes. Alimentaci\u00f3. Productes gourmet.\",\"breadcrumb\":{\"@id\":\"https:\/\/aral2.cetrexmarketing.com\/ca\/producto\/llagrimes-de-tardor-crianca-magnum\/#breadcrumb\"},\"inLanguage\":\"ca\",\"potentialAction\":[{\"@type\":\"ReadAction\",\"target\":[\"https:\/\/aral2.cetrexmarketing.com\/ca\/producto\/llagrimes-de-tardor-crianca-magnum\/\"]}]},{\"@type\":\"ImageObject\",\"inLanguage\":\"ca\",\"@id\":\"https:\/\/aral2.cetrexmarketing.com\/ca\/producto\/llagrimes-de-tardor-crianca-magnum\/#primaryimage\",\"url\":\"https:\/\/aral2.cetrexmarketing.com\/wp-content\/uploads\/2025\/05\/Llagrimes-de-tardor-magnum-do-terra-alta-vino-tinto.JPG-1.png\",\"contentUrl\":\"https:\/\/aral2.cetrexmarketing.com\/wp-content\/uploads\/2025\/05\/Llagrimes-de-tardor-magnum-do-terra-alta-vino-tinto.JPG-1.png\",\"width\":450,\"height\":600},{\"@type\":\"BreadcrumbList\",\"@id\":\"https:\/\/aral2.cetrexmarketing.com\/ca\/producto\/llagrimes-de-tardor-crianca-magnum\/#breadcrumb\",\"itemListElement\":[{\"@type\":\"ListItem\",\"position\":1,\"name\":\"Home\",\"item\":\"https:\/\/aral2.cetrexmarketing.com\/ca\/\"},{\"@type\":\"ListItem\",\"position\":2,\"name\":\"Tienda\",\"item\":\"https:\/\/aral2.cetrexmarketing.com\/ca\/tienda-2\/\"},{\"@type\":\"ListItem\",\"position\":3,\"name\":\"Vino\",\"item\":\"https:\/\/aral2.cetrexmarketing.com\/categoria-producto\/inicio\/vino\/\"},{\"@type\":\"ListItem\",\"position\":4,\"name\":\"Ll\u00e0grimes de Tardor Crian\u00e7a Magnum\"}]},{\"@type\":\"WebSite\",\"@id\":\"https:\/\/aral2.cetrexmarketing.com\/#website\",\"url\":\"https:\/\/aral2.cetrexmarketing.com\/\",\"name\":\"M\u00f3n La Cata\",\"description\":\"Tienda de vinos, licores, cervezas y gourmet\",\"publisher\":{\"@id\":\"https:\/\/aral2.cetrexmarketing.com\/#organization\"},\"potentialAction\":[{\"@type\":\"SearchAction\",\"target\":{\"@type\":\"EntryPoint\",\"urlTemplate\":\"https:\/\/aral2.cetrexmarketing.com\/?s={search_term_string}\"},\"query-input\":{\"@type\":\"PropertyValueSpecification\",\"valueRequired\":true,\"valueName\":\"search_term_string\"}}],\"inLanguage\":\"ca\"},{\"@type\":\"Organization\",\"@id\":\"https:\/\/aral2.cetrexmarketing.com\/#organization\",\"name\":\"M\u00f3n La Cata\",\"url\":\"https:\/\/aral2.cetrexmarketing.com\/\",\"logo\":{\"@type\":\"ImageObject\",\"inLanguage\":\"ca\",\"@id\":\"https:\/\/aral2.cetrexmarketing.com\/#\/schema\/logo\/image\/\",\"url\":\"https:\/\/aral2.cetrexmarketing.com\/wp-content\/uploads\/2024\/10\/aral-logo-neg-1024x409-1.png\",\"contentUrl\":\"https:\/\/aral2.cetrexmarketing.com\/wp-content\/uploads\/2024\/10\/aral-logo-neg-1024x409-1.png\",\"width\":1024,\"height\":409,\"caption\":\"M\u00f3n La Cata\"},\"image\":{\"@id\":\"https:\/\/aral2.cetrexmarketing.com\/#\/schema\/logo\/image\/\"}}]}<\/script>\n<!-- \/ Yoast SEO Premium plugin. -->","yoast_head_json":{"title":"Ll\u00e0grimes de Tardor Crian\u00e7a Magnum vi negre de la DO Terra Alta","description":"Comprar online al millor preu el vi negre Llagrimes de Tardor crian\u00e7a magnum 1.5L DO Terra Alta. Viniteca. Licoreria. Begudes. Alimentaci\u00f3. Productes gourmet.","robots":{"index":"noindex","follow":"follow","max-snippet":"max-snippet:-1","max-image-preview":"max-image-preview:large","max-video-preview":"max-video-preview:-1"},"og_locale":"ca_ES","og_type":"article","og_title":"Ll\u00e0grimes de Tardor Crian\u00e7a Magnum","og_description":"Comprar online al millor preu el vi negre Llagrimes de Tardor crian\u00e7a magnum 1.5L DO Terra Alta. Viniteca. Licoreria. Begudes. Alimentaci\u00f3. Productes gourmet.","og_url":"https:\/\/aral2.cetrexmarketing.com\/ca\/producto\/llagrimes-de-tardor-crianca-magnum\/","og_site_name":"M\u00f3n La Cata","article_modified_time":"2025-05-25T06:04:40+00:00","og_image":[{"width":450,"height":600,"url":"https:\/\/aral2.cetrexmarketing.com\/wp-content\/uploads\/2025\/05\/Llagrimes-de-tardor-magnum-do-terra-alta-vino-tinto.JPG-1.png","type":"image\/png"}],"twitter_card":"summary_large_image","schema":{"@context":"https:\/\/schema.org","@graph":[{"@type":"WebPage","@id":"https:\/\/aral2.cetrexmarketing.com\/ca\/producto\/llagrimes-de-tardor-crianca-magnum\/","url":"https:\/\/aral2.cetrexmarketing.com\/ca\/producto\/llagrimes-de-tardor-crianca-magnum\/","name":"Ll\u00e0grimes de Tardor Crian\u00e7a Magnum vi negre de la DO Terra Alta","isPartOf":{"@id":"https:\/\/aral2.cetrexmarketing.com\/#website"},"primaryImageOfPage":{"@id":"https:\/\/aral2.cetrexmarketing.com\/ca\/producto\/llagrimes-de-tardor-crianca-magnum\/#primaryimage"},"image":{"@id":"https:\/\/aral2.cetrexmarketing.com\/ca\/producto\/llagrimes-de-tardor-crianca-magnum\/#primaryimage"},"thumbnailUrl":"https:\/\/aral2.cetrexmarketing.com\/wp-content\/uploads\/2025\/05\/Llagrimes-de-tardor-magnum-do-terra-alta-vino-tinto.JPG-1.png","datePublished":"2025-05-25T06:04:38+00:00","dateModified":"2025-05-25T06:04:40+00:00","description":"Comprar online al millor preu el vi negre Llagrimes de Tardor crian\u00e7a magnum 1.5L DO Terra Alta. Viniteca. Licoreria. Begudes. Alimentaci\u00f3. Productes gourmet.","breadcrumb":{"@id":"https:\/\/aral2.cetrexmarketing.com\/ca\/producto\/llagrimes-de-tardor-crianca-magnum\/#breadcrumb"},"inLanguage":"ca","potentialAction":[{"@type":"ReadAction","target":["https:\/\/aral2.cetrexmarketing.com\/ca\/producto\/llagrimes-de-tardor-crianca-magnum\/"]}]},{"@type":"ImageObject","inLanguage":"ca","@id":"https:\/\/aral2.cetrexmarketing.com\/ca\/producto\/llagrimes-de-tardor-crianca-magnum\/#primaryimage","url":"https:\/\/aral2.cetrexmarketing.com\/wp-content\/uploads\/2025\/05\/Llagrimes-de-tardor-magnum-do-terra-alta-vino-tinto.JPG-1.png","contentUrl":"https:\/\/aral2.cetrexmarketing.com\/wp-content\/uploads\/2025\/05\/Llagrimes-de-tardor-magnum-do-terra-alta-vino-tinto.JPG-1.png","width":450,"height":600},{"@type":"BreadcrumbList","@id":"https:\/\/aral2.cetrexmarketing.com\/ca\/producto\/llagrimes-de-tardor-crianca-magnum\/#breadcrumb","itemListElement":[{"@type":"ListItem","position":1,"name":"Home","item":"https:\/\/aral2.cetrexmarketing.com\/ca\/"},{"@type":"ListItem","position":2,"name":"Tienda","item":"https:\/\/aral2.cetrexmarketing.com\/ca\/tienda-2\/"},{"@type":"ListItem","position":3,"name":"Vino","item":"https:\/\/aral2.cetrexmarketing.com\/categoria-producto\/inicio\/vino\/"},{"@type":"ListItem","position":4,"name":"Ll\u00e0grimes de Tardor Crian\u00e7a Magnum"}]},{"@type":"WebSite","@id":"https:\/\/aral2.cetrexmarketing.com\/#website","url":"https:\/\/aral2.cetrexmarketing.com\/","name":"M\u00f3n La Cata","description":"Tienda de vinos, licores, cervezas y gourmet","publisher":{"@id":"https:\/\/aral2.cetrexmarketing.com\/#organization"},"potentialAction":[{"@type":"SearchAction","target":{"@type":"EntryPoint","urlTemplate":"https:\/\/aral2.cetrexmarketing.com\/?s={search_term_string}"},"query-input":{"@type":"PropertyValueSpecification","valueRequired":true,"valueName":"search_term_string"}}],"inLanguage":"ca"},{"@type":"Organization","@id":"https:\/\/aral2.cetrexmarketing.com\/#organization","name":"M\u00f3n La Cata","url":"https:\/\/aral2.cetrexmarketing.com\/","logo":{"@type":"ImageObject","inLanguage":"ca","@id":"https:\/\/aral2.cetrexmarketing.com\/#\/schema\/logo\/image\/","url":"https:\/\/aral2.cetrexmarketing.com\/wp-content\/uploads\/2024\/10\/aral-logo-neg-1024x409-1.png","contentUrl":"https:\/\/aral2.cetrexmarketing.com\/wp-content\/uploads\/2024\/10\/aral-logo-neg-1024x409-1.png","width":1024,"height":409,"caption":"M\u00f3n La Cata"},"image":{"@id":"https:\/\/aral2.cetrexmarketing.com\/#\/schema\/logo\/image\/"}}]}},"brands":[{"id":44972,"name":"Agr\u00edcola Sant Josep","slug":"agricola-sant-josep"},{"id":45259,"name":"Llagrimes de Tardor","slug":"llagrimes-de-tardor"},{"id":32913,"name":"Terra Alta D.O.","slug":"terra-alta-d-o"}],"_links":{"self":[{"href":"https:\/\/aral2.cetrexmarketing.com\/ca\/wp-json\/wp\/v2\/product\/84722","targetHints":{"allow":["GET"]}}],"collection":[{"href":"https:\/\/aral2.cetrexmarketing.com\/ca\/wp-json\/wp\/v2\/product"}],"about":[{"href":"https:\/\/aral2.cetrexmarketing.com\/ca\/wp-json\/wp\/v2\/types\/product"}],"replies":[{"embeddable":true,"href":"https:\/\/aral2.cetrexmarketing.com\/ca\/wp-json\/wp\/v2\/comments?post=84722"}],"wp:featuredmedia":[{"embeddable":true,"href":"https:\/\/aral2.cetrexmarketing.com\/ca\/wp-json\/wp\/v2\/media\/84719"}],"wp:attachment":[{"href":"https:\/\/aral2.cetrexmarketing.com\/ca\/wp-json\/wp\/v2\/media?parent=84722"}],"wp:term":[{"taxonomy":"pwb-brand","embeddable":true,"href":"https:\/\/aral2.cetrexmarketing.com\/ca\/wp-json\/wp\/v2\/pwb-brand?post=84722"},{"taxonomy":"product_brand","embeddable":true,"href":"https:\/\/aral2.cetrexmarketing.com\/ca\/wp-json\/wp\/v2\/product_brand?post=84722"},{"taxonomy":"product_cat","embeddable":true,"href":"https:\/\/aral2.cetrexmarketing.com\/ca\/wp-json\/wp\/v2\/product_cat?post=84722"},{"taxonomy":"product_tag","embeddable":true,"href":"https:\/\/aral2.cetrexmarketing.com\/ca\/wp-json\/wp\/v2\/product_tag?post=84722"}],"curies":[{"name":"wp","href":"https:\/\/api.w.org\/{rel}","templated":true}]}}