{"id":84702,"date":"2025-05-25T06:04:10","date_gmt":"2025-05-25T06:04:10","guid":{"rendered":"https:\/\/aral2.cetrexmarketing.com\/producto\/ratafia-de-lavia-bag-in-box-3l-2\/"},"modified":"2025-05-25T06:04:12","modified_gmt":"2025-05-25T06:04:12","slug":"ratafia-de-lavia-bag-in-box-3l-2","status":"publish","type":"product","link":"https:\/\/aral2.cetrexmarketing.com\/ca\/producto\/ratafia-de-lavia-bag-in-box-3l-2\/","title":{"rendered":"Rataf\u00eda de l&#8217;\u00c0via Bag in box 3L"},"content":{"rendered":"<div class=\"flex max-w-full flex-col flex-grow\">\n<div class=\"min-h-8 text-message flex w-full flex-col items-end gap-2 whitespace-normal break-words text-start [.text-message+&amp;]:mt-5\" dir=\"auto\" data-message-author-role=\"assistant\" data-message-id=\"4f298b8b-edde-4d96-8fe7-db2d05570951\" data-message-model-slug=\"gpt-4o-mini\">\n<div class=\"flex w-full flex-col gap-1 empty:hidden first:pt-[3px]\">\n<div class=\"markdown prose w-full break-words dark:prose-invert light\">\n<p>La <em>Rataf\u00eda de l&#8217;\u00c0via Bag in Box 3L<\/em> \u00e9s una beguda alcoh\u00f2lica tradicional de la regi\u00f3 catalana, amb un enfocament en la preservaci\u00f3 de m\u00e8todes artesanals i l&#8217;\u00fas d&#8217;ingredients naturals. Aquesta rataf\u00eda \u00e9s una mescla d&#8217;aiguardent i macerats d&#8217;herbes i fruits, que li confereixen un sabor dol\u00e7, arom\u00e0tic i especiat, amb una textura suau i equilibrada.<\/p>\n<p>El producte es presenta en un pr\u00e0ctic envasament Bag in Box de 3 litres, la qual cosa facilita la seva conservaci\u00f3 i dispensaci\u00f3. El sistema Bag in Box \u00e9s conegut per la seva capacitat de mantenir el producte fresc durant un llarg per\u00edode de temps, protegint-lo de la llum i l&#8217;oxigen, assegurant que el sabor es conservi de manera \u00f2ptima durant el seu consum.<\/p>\n<h3>Caracter\u00edques del producte:<\/h3>\n<ul>\n<li><strong>Volum<\/strong>: 3 litres.<\/li>\n<li><strong>Envasament<\/strong>: Bag in Box, ideal per mantenir la frescor.<\/li>\n<li><strong>Aiguardent base<\/strong>: S&#8217;elabora a partir d&#8217;aiguardent d&#8217;alta qualitat.<\/li>\n<li><strong>Maceraci\u00f3<\/strong>: Herbes i fruits aut\u00f2ctons, com nou, canyella, clavell i altres ingredients secrets, es deixen macerar durant un temps prolongat per extreure les seves ess\u00e8ncies.<\/li>\n<li><strong>Sabor<\/strong>: Dol\u00e7, afruitat, amb notes especiades i un toc suau de nou.<\/li>\n<li><strong>Graduaci\u00f3 alcoh\u00f2lica<\/strong>: Generalment entre 18-25%, depenent de la recepta exacta.<\/li>\n<li><strong>\u00das<\/strong>: Ideal com a aperitiu o digestiu, i perfecte per gaudir despr\u00e9s d&#8217;un \u00e0pat o en celebracions.<\/li>\n<\/ul>\n<p>\u00c9s un producte que connecta amb la tradici\u00f3 catalana, per\u00f2 amb una presentaci\u00f3 moderna i convenient, la qual cosa el fa accessible per a diferents consumidors, tant a la llar com en establiments que desitgen oferir una beguda local i de qualitat.<\/p>\n<\/div>\n<\/div>\n<\/div>\n<\/div>\n","protected":false},"excerpt":{"rendered":"<p>La Rataf\u00eda de l&#8217;\u00c0via Bag in Box 3L \u00e9s una beguda alcoh\u00f2lica tradicional de la regi\u00f3 catalana, amb un enfocament en la preservaci\u00f3 de m\u00e8todes artesanals i l&#8217;\u00fas d&#8217;ingredients naturals. Aquesta rataf\u00eda \u00e9s una mescla d&#8217;aiguardent i macerats d&#8217;herbes i fruits, que li confereixen un sabor dol\u00e7, arom\u00e0tic i especiat, amb una textura suau i&hellip;<\/p>\n","protected":false},"featured_media":84699,"comment_status":"closed","ping_status":"closed","template":"","meta":{"_acf_changed":false},"pwb-brand":[],"product_brand":[],"product_cat":[51692,51719],"product_tag":[],"class_list":{"0":"post-84702","1":"product","2":"type-product","3":"status-publish","4":"has-post-thumbnail","6":"product_cat-destillats","7":"product_cat-ratafia-destillats","8":"pa_bodega-destilleriesdelmaresme","9":"pa_formatoenl-36169","10":"pa_formatoenml-38315","11":"pa_graduacion-26_0","12":"pa_pais-espanya-ca","13":"pa_pesoengramos-38366","14":"pa_pesoenkg-3-ca","15":"pa_pueblociudad-arenysdemuntbarcelona","16":"pa_region-cataluna","17":"entry","18":"has-media","20":"first","21":"instock","22":"taxable","23":"shipping-taxable","24":"purchasable","25":"product-type-simple"},"acf":[],"yoast_head":"<!-- This site is optimized with the Yoast SEO Premium plugin v23.1 (Yoast SEO v23.5) - https:\/\/yoast.com\/wordpress\/plugins\/seo\/ -->\n<title>Ratafia Bag in Box de l&#039;\u00c0via 3L<\/title>\n<meta name=\"description\" content=\"Comprar online Ratafia de l&#039;Avia en bag in box 3L. Licoreria. Destil\u00b7lats. Begudes. Vinoteca. Productes Gourmet. Alimentaci\u00f3. Oferta. Descontes.\" \/>\n<meta name=\"robots\" content=\"noindex, follow, max-snippet:-1, max-image-preview:large, max-video-preview:-1\" \/>\n<meta property=\"og:locale\" content=\"ca_ES\" \/>\n<meta property=\"og:type\" content=\"article\" \/>\n<meta property=\"og:title\" content=\"Rataf\u00eda de l&#039;\u00c0via Bag in box 3L\" \/>\n<meta property=\"og:description\" content=\"Comprar online Ratafia de l&#039;Avia en bag in box 3L. Licoreria. Destil\u00b7lats. Begudes. Vinoteca. Productes Gourmet. Alimentaci\u00f3. Oferta. Descontes.\" \/>\n<meta property=\"og:url\" content=\"https:\/\/aral2.cetrexmarketing.com\/ca\/producto\/ratafia-de-lavia-bag-in-box-3l-2\/\" \/>\n<meta property=\"og:site_name\" content=\"M\u00f3n La Cata\" \/>\n<meta property=\"article:modified_time\" content=\"2025-05-25T06:04:12+00:00\" \/>\n<meta property=\"og:image\" content=\"https:\/\/aral2.cetrexmarketing.com\/wp-content\/uploads\/2025\/05\/6973-Ratafia-de-lAvia-Bag-in-box-3-Litros-1.jpg\" \/>\n\t<meta property=\"og:image:width\" content=\"800\" \/>\n\t<meta property=\"og:image:height\" content=\"1001\" \/>\n\t<meta property=\"og:image:type\" content=\"image\/jpeg\" \/>\n<meta name=\"twitter:card\" content=\"summary_large_image\" \/>\n<meta name=\"twitter:label1\" content=\"Temps estimat de lectura\" \/>\n\t<meta name=\"twitter:data1\" content=\"1 minut\" \/>\n<script type=\"application\/ld+json\" class=\"yoast-schema-graph\">{\"@context\":\"https:\/\/schema.org\",\"@graph\":[{\"@type\":\"WebPage\",\"@id\":\"https:\/\/aral2.cetrexmarketing.com\/ca\/producto\/ratafia-de-lavia-bag-in-box-3l-2\/\",\"url\":\"https:\/\/aral2.cetrexmarketing.com\/ca\/producto\/ratafia-de-lavia-bag-in-box-3l-2\/\",\"name\":\"Ratafia Bag in Box de l'\u00c0via 3L\",\"isPartOf\":{\"@id\":\"https:\/\/aral2.cetrexmarketing.com\/#website\"},\"primaryImageOfPage\":{\"@id\":\"https:\/\/aral2.cetrexmarketing.com\/ca\/producto\/ratafia-de-lavia-bag-in-box-3l-2\/#primaryimage\"},\"image\":{\"@id\":\"https:\/\/aral2.cetrexmarketing.com\/ca\/producto\/ratafia-de-lavia-bag-in-box-3l-2\/#primaryimage\"},\"thumbnailUrl\":\"https:\/\/aral2.cetrexmarketing.com\/wp-content\/uploads\/2025\/05\/6973-Ratafia-de-lAvia-Bag-in-box-3-Litros-1.jpg\",\"datePublished\":\"2025-05-25T06:04:10+00:00\",\"dateModified\":\"2025-05-25T06:04:12+00:00\",\"description\":\"Comprar online Ratafia de l'Avia en bag in box 3L. Licoreria. Destil\u00b7lats. Begudes. Vinoteca. Productes Gourmet. Alimentaci\u00f3. Oferta. Descontes.\",\"breadcrumb\":{\"@id\":\"https:\/\/aral2.cetrexmarketing.com\/ca\/producto\/ratafia-de-lavia-bag-in-box-3l-2\/#breadcrumb\"},\"inLanguage\":\"ca\",\"potentialAction\":[{\"@type\":\"ReadAction\",\"target\":[\"https:\/\/aral2.cetrexmarketing.com\/ca\/producto\/ratafia-de-lavia-bag-in-box-3l-2\/\"]}]},{\"@type\":\"ImageObject\",\"inLanguage\":\"ca\",\"@id\":\"https:\/\/aral2.cetrexmarketing.com\/ca\/producto\/ratafia-de-lavia-bag-in-box-3l-2\/#primaryimage\",\"url\":\"https:\/\/aral2.cetrexmarketing.com\/wp-content\/uploads\/2025\/05\/6973-Ratafia-de-lAvia-Bag-in-box-3-Litros-1.jpg\",\"contentUrl\":\"https:\/\/aral2.cetrexmarketing.com\/wp-content\/uploads\/2025\/05\/6973-Ratafia-de-lAvia-Bag-in-box-3-Litros-1.jpg\",\"width\":800,\"height\":1001},{\"@type\":\"BreadcrumbList\",\"@id\":\"https:\/\/aral2.cetrexmarketing.com\/ca\/producto\/ratafia-de-lavia-bag-in-box-3l-2\/#breadcrumb\",\"itemListElement\":[{\"@type\":\"ListItem\",\"position\":1,\"name\":\"Home\",\"item\":\"https:\/\/aral2.cetrexmarketing.com\/ca\/\"},{\"@type\":\"ListItem\",\"position\":2,\"name\":\"Tienda\",\"item\":\"https:\/\/aral2.cetrexmarketing.com\/ca\/tienda-2\/\"},{\"@type\":\"ListItem\",\"position\":3,\"name\":\"Destil\u00b7lats\",\"item\":\"https:\/\/aral2.cetrexmarketing.com\/categoria-producto\/home-ca\/destil-lats-ca\/\"},{\"@type\":\"ListItem\",\"position\":4,\"name\":\"Ratafia\",\"item\":\"https:\/\/aral2.cetrexmarketing.com\/categoria-producto\/inicio\/destilados\/ratafia\/\"},{\"@type\":\"ListItem\",\"position\":5,\"name\":\"Rataf\u00eda de l&#8217;\u00c0via Bag in box 3L\"}]},{\"@type\":\"WebSite\",\"@id\":\"https:\/\/aral2.cetrexmarketing.com\/#website\",\"url\":\"https:\/\/aral2.cetrexmarketing.com\/\",\"name\":\"M\u00f3n La Cata\",\"description\":\"Tienda de vinos, licores, cervezas y gourmet\",\"publisher\":{\"@id\":\"https:\/\/aral2.cetrexmarketing.com\/#organization\"},\"potentialAction\":[{\"@type\":\"SearchAction\",\"target\":{\"@type\":\"EntryPoint\",\"urlTemplate\":\"https:\/\/aral2.cetrexmarketing.com\/?s={search_term_string}\"},\"query-input\":{\"@type\":\"PropertyValueSpecification\",\"valueRequired\":true,\"valueName\":\"search_term_string\"}}],\"inLanguage\":\"ca\"},{\"@type\":\"Organization\",\"@id\":\"https:\/\/aral2.cetrexmarketing.com\/#organization\",\"name\":\"M\u00f3n La Cata\",\"url\":\"https:\/\/aral2.cetrexmarketing.com\/\",\"logo\":{\"@type\":\"ImageObject\",\"inLanguage\":\"ca\",\"@id\":\"https:\/\/aral2.cetrexmarketing.com\/#\/schema\/logo\/image\/\",\"url\":\"https:\/\/aral2.cetrexmarketing.com\/wp-content\/uploads\/2024\/10\/aral-logo-neg-1024x409-1.png\",\"contentUrl\":\"https:\/\/aral2.cetrexmarketing.com\/wp-content\/uploads\/2024\/10\/aral-logo-neg-1024x409-1.png\",\"width\":1024,\"height\":409,\"caption\":\"M\u00f3n La Cata\"},\"image\":{\"@id\":\"https:\/\/aral2.cetrexmarketing.com\/#\/schema\/logo\/image\/\"}}]}<\/script>\n<!-- \/ Yoast SEO Premium plugin. -->","yoast_head_json":{"title":"Ratafia Bag in Box de l'\u00c0via 3L","description":"Comprar online Ratafia de l'Avia en bag in box 3L. Licoreria. Destil\u00b7lats. Begudes. Vinoteca. Productes Gourmet. Alimentaci\u00f3. Oferta. Descontes.","robots":{"index":"noindex","follow":"follow","max-snippet":"max-snippet:-1","max-image-preview":"max-image-preview:large","max-video-preview":"max-video-preview:-1"},"og_locale":"ca_ES","og_type":"article","og_title":"Rataf\u00eda de l'\u00c0via Bag in box 3L","og_description":"Comprar online Ratafia de l'Avia en bag in box 3L. Licoreria. Destil\u00b7lats. Begudes. Vinoteca. Productes Gourmet. Alimentaci\u00f3. Oferta. Descontes.","og_url":"https:\/\/aral2.cetrexmarketing.com\/ca\/producto\/ratafia-de-lavia-bag-in-box-3l-2\/","og_site_name":"M\u00f3n La Cata","article_modified_time":"2025-05-25T06:04:12+00:00","og_image":[{"width":800,"height":1001,"url":"https:\/\/aral2.cetrexmarketing.com\/wp-content\/uploads\/2025\/05\/6973-Ratafia-de-lAvia-Bag-in-box-3-Litros-1.jpg","type":"image\/jpeg"}],"twitter_card":"summary_large_image","twitter_misc":{"Temps estimat de lectura":"1 minut"},"schema":{"@context":"https:\/\/schema.org","@graph":[{"@type":"WebPage","@id":"https:\/\/aral2.cetrexmarketing.com\/ca\/producto\/ratafia-de-lavia-bag-in-box-3l-2\/","url":"https:\/\/aral2.cetrexmarketing.com\/ca\/producto\/ratafia-de-lavia-bag-in-box-3l-2\/","name":"Ratafia Bag in Box de l'\u00c0via 3L","isPartOf":{"@id":"https:\/\/aral2.cetrexmarketing.com\/#website"},"primaryImageOfPage":{"@id":"https:\/\/aral2.cetrexmarketing.com\/ca\/producto\/ratafia-de-lavia-bag-in-box-3l-2\/#primaryimage"},"image":{"@id":"https:\/\/aral2.cetrexmarketing.com\/ca\/producto\/ratafia-de-lavia-bag-in-box-3l-2\/#primaryimage"},"thumbnailUrl":"https:\/\/aral2.cetrexmarketing.com\/wp-content\/uploads\/2025\/05\/6973-Ratafia-de-lAvia-Bag-in-box-3-Litros-1.jpg","datePublished":"2025-05-25T06:04:10+00:00","dateModified":"2025-05-25T06:04:12+00:00","description":"Comprar online Ratafia de l'Avia en bag in box 3L. Licoreria. Destil\u00b7lats. Begudes. Vinoteca. Productes Gourmet. Alimentaci\u00f3. Oferta. Descontes.","breadcrumb":{"@id":"https:\/\/aral2.cetrexmarketing.com\/ca\/producto\/ratafia-de-lavia-bag-in-box-3l-2\/#breadcrumb"},"inLanguage":"ca","potentialAction":[{"@type":"ReadAction","target":["https:\/\/aral2.cetrexmarketing.com\/ca\/producto\/ratafia-de-lavia-bag-in-box-3l-2\/"]}]},{"@type":"ImageObject","inLanguage":"ca","@id":"https:\/\/aral2.cetrexmarketing.com\/ca\/producto\/ratafia-de-lavia-bag-in-box-3l-2\/#primaryimage","url":"https:\/\/aral2.cetrexmarketing.com\/wp-content\/uploads\/2025\/05\/6973-Ratafia-de-lAvia-Bag-in-box-3-Litros-1.jpg","contentUrl":"https:\/\/aral2.cetrexmarketing.com\/wp-content\/uploads\/2025\/05\/6973-Ratafia-de-lAvia-Bag-in-box-3-Litros-1.jpg","width":800,"height":1001},{"@type":"BreadcrumbList","@id":"https:\/\/aral2.cetrexmarketing.com\/ca\/producto\/ratafia-de-lavia-bag-in-box-3l-2\/#breadcrumb","itemListElement":[{"@type":"ListItem","position":1,"name":"Home","item":"https:\/\/aral2.cetrexmarketing.com\/ca\/"},{"@type":"ListItem","position":2,"name":"Tienda","item":"https:\/\/aral2.cetrexmarketing.com\/ca\/tienda-2\/"},{"@type":"ListItem","position":3,"name":"Destil\u00b7lats","item":"https:\/\/aral2.cetrexmarketing.com\/categoria-producto\/home-ca\/destil-lats-ca\/"},{"@type":"ListItem","position":4,"name":"Ratafia","item":"https:\/\/aral2.cetrexmarketing.com\/categoria-producto\/inicio\/destilados\/ratafia\/"},{"@type":"ListItem","position":5,"name":"Rataf\u00eda de l&#8217;\u00c0via Bag in box 3L"}]},{"@type":"WebSite","@id":"https:\/\/aral2.cetrexmarketing.com\/#website","url":"https:\/\/aral2.cetrexmarketing.com\/","name":"M\u00f3n La Cata","description":"Tienda de vinos, licores, cervezas y gourmet","publisher":{"@id":"https:\/\/aral2.cetrexmarketing.com\/#organization"},"potentialAction":[{"@type":"SearchAction","target":{"@type":"EntryPoint","urlTemplate":"https:\/\/aral2.cetrexmarketing.com\/?s={search_term_string}"},"query-input":{"@type":"PropertyValueSpecification","valueRequired":true,"valueName":"search_term_string"}}],"inLanguage":"ca"},{"@type":"Organization","@id":"https:\/\/aral2.cetrexmarketing.com\/#organization","name":"M\u00f3n La Cata","url":"https:\/\/aral2.cetrexmarketing.com\/","logo":{"@type":"ImageObject","inLanguage":"ca","@id":"https:\/\/aral2.cetrexmarketing.com\/#\/schema\/logo\/image\/","url":"https:\/\/aral2.cetrexmarketing.com\/wp-content\/uploads\/2024\/10\/aral-logo-neg-1024x409-1.png","contentUrl":"https:\/\/aral2.cetrexmarketing.com\/wp-content\/uploads\/2024\/10\/aral-logo-neg-1024x409-1.png","width":1024,"height":409,"caption":"M\u00f3n La Cata"},"image":{"@id":"https:\/\/aral2.cetrexmarketing.com\/#\/schema\/logo\/image\/"}}]}},"brands":[],"_links":{"self":[{"href":"https:\/\/aral2.cetrexmarketing.com\/ca\/wp-json\/wp\/v2\/product\/84702","targetHints":{"allow":["GET"]}}],"collection":[{"href":"https:\/\/aral2.cetrexmarketing.com\/ca\/wp-json\/wp\/v2\/product"}],"about":[{"href":"https:\/\/aral2.cetrexmarketing.com\/ca\/wp-json\/wp\/v2\/types\/product"}],"replies":[{"embeddable":true,"href":"https:\/\/aral2.cetrexmarketing.com\/ca\/wp-json\/wp\/v2\/comments?post=84702"}],"wp:featuredmedia":[{"embeddable":true,"href":"https:\/\/aral2.cetrexmarketing.com\/ca\/wp-json\/wp\/v2\/media\/84699"}],"wp:attachment":[{"href":"https:\/\/aral2.cetrexmarketing.com\/ca\/wp-json\/wp\/v2\/media?parent=84702"}],"wp:term":[{"taxonomy":"pwb-brand","embeddable":true,"href":"https:\/\/aral2.cetrexmarketing.com\/ca\/wp-json\/wp\/v2\/pwb-brand?post=84702"},{"taxonomy":"product_brand","embeddable":true,"href":"https:\/\/aral2.cetrexmarketing.com\/ca\/wp-json\/wp\/v2\/product_brand?post=84702"},{"taxonomy":"product_cat","embeddable":true,"href":"https:\/\/aral2.cetrexmarketing.com\/ca\/wp-json\/wp\/v2\/product_cat?post=84702"},{"taxonomy":"product_tag","embeddable":true,"href":"https:\/\/aral2.cetrexmarketing.com\/ca\/wp-json\/wp\/v2\/product_tag?post=84702"}],"curies":[{"name":"wp","href":"https:\/\/api.w.org\/{rel}","templated":true}]}}