{"id":84698,"date":"2025-05-25T06:04:04","date_gmt":"2025-05-25T06:04:04","guid":{"rendered":"https:\/\/aral2.cetrexmarketing.com\/producto\/ca-nestruc-lequilibrista-negre\/"},"modified":"2025-05-25T06:04:07","modified_gmt":"2025-05-25T06:04:07","slug":"ca-nestruc-lequilibrista-negre","status":"publish","type":"product","link":"https:\/\/aral2.cetrexmarketing.com\/ca\/producto\/ca-nestruc-lequilibrista-negre\/","title":{"rendered":"Ca N&#8217;Estruc L&#8217;Equilibrista Negre"},"content":{"rendered":"<p>Preparat amb les varietats Garnacha, Syrah i Sams\u00f3 (Cari\u00f1ena), i amb una cria de 14 mesos en b\u00f3tes de roure franc\u00e8s Allier Aquest vi ens ofereix un color de granat amb reflexos de rub\u00ed. Al nas, la fruita vermella i negra destaca. A la boca \u00e9s rodona, fluida i voluptuosa. Un vi amb una frescor formidable que l\u2019acompanya des del principi fins al final.<br \/>\n n<br \/>\n Nbuen Maridatge amb carns i arr\u00f2s<\/p>\n","protected":false},"excerpt":{"rendered":"<p dir=\"ltr\"><span>Del celler Ca N&#8217;Estruc i elaborat amb les varietats Garnatxa, Syrah i Carinyena. L&#8217;Equilibrista Negre fa la fermentaci\u00f3 parcial en b\u00f3tes de roure franc\u00e8s obertes.<\/span><\/p>\n<p dir=\"ltr\"><span>Amb cos i gust\u00f3s. Untu\u00f3s i gol\u00f3s, amb notes de fruita negra madura.<\/span><\/p>\n<p dir=\"ltr\"><span>En nas destaca la fruita negra i vermella, que es fusiona amb c\u00edtrics i lleugers torrats de la crian\u00e7a.<\/span><\/p>\n<p dir=\"ltr\">Bon maridatge amb carns vermelles.<\/p><\/p>\n","protected":false},"featured_media":84695,"comment_status":"closed","ping_status":"closed","template":"","meta":{"_acf_changed":false},"pwb-brand":[32873],"product_brand":[],"product_cat":[51670,51671],"product_tag":[15826],"class_list":{"0":"post-84698","1":"product","2":"type-product","3":"status-publish","4":"has-post-thumbnail","6":"pwb-brand-catalunya-d-o","7":"product_cat-vi","8":"product_cat-vi-negre","9":"product_tag-equilibrista-ca","10":"pa_anada-36204","11":"pa_bodega-ca-nestruc","12":"pa_do-catalunado-ca","13":"pa_envejecimiento-crianca","14":"pa_formatoenl-36158","15":"pa_formatoenml-38306","16":"pa_gastronomico-negre-gastronomic","17":"pa_graduacion-12_5","18":"pa_maridaje-carn-blanca","19":"pa_maridaje-carn-roja","20":"pa_maridaje-midons","21":"pa_pais-espanya-ca","22":"pa_pesoengramos-38342","23":"pa_pesoenkg-10-ca","24":"pa_pueblociudad-esparraguerabarcelona","25":"pa_region-cataluna","26":"pa_subregion-montserrat","27":"pa_tipodevino-vi-tranquil","28":"pa_variedades-garnachatinta_syrah_carinena-ca","29":"entry","30":"has-media","32":"first","33":"outofstock","34":"taxable","35":"shipping-taxable","36":"purchasable","37":"product-type-simple"},"acf":[],"yoast_head":"<!-- This site is optimized with the Yoast SEO Premium plugin v23.1 (Yoast SEO v23.5) - https:\/\/yoast.com\/wordpress\/plugins\/seo\/ -->\n<title>L&#039;Equilibrista Negre<\/title>\n<meta name=\"description\" content=\"Comprar al millor preu el vi l&#039;Equilibrista Negre, del celler Ca N&#039;Estruc, de la DO Catalunya. Enviament Expr\u00e9s. Descompte per la compra de 6 ampolles. Viniteca\" \/>\n<meta name=\"robots\" content=\"noindex, follow, max-snippet:-1, max-image-preview:large, max-video-preview:-1\" \/>\n<meta property=\"og:locale\" content=\"ca_ES\" \/>\n<meta property=\"og:type\" content=\"article\" \/>\n<meta property=\"og:title\" content=\"Ca N&#039;Estruc L&#039;Equilibrista Negre\" \/>\n<meta property=\"og:description\" content=\"Comprar al millor preu el vi l&#039;Equilibrista Negre, del celler Ca N&#039;Estruc, de la DO Catalunya. Enviament Expr\u00e9s. Descompte per la compra de 6 ampolles. Viniteca\" \/>\n<meta property=\"og:url\" content=\"https:\/\/aral2.cetrexmarketing.com\/ca\/producto\/ca-nestruc-lequilibrista-negre\/\" \/>\n<meta property=\"og:site_name\" content=\"M\u00f3n La Cata\" \/>\n<meta property=\"article:modified_time\" content=\"2025-05-25T06:04:07+00:00\" \/>\n<meta property=\"og:image\" content=\"https:\/\/aral2.cetrexmarketing.com\/wp-content\/uploads\/2025\/05\/Ca-NEstruc-LEquilibrista-Tinto-1.png\" \/>\n\t<meta property=\"og:image:width\" content=\"765\" \/>\n\t<meta property=\"og:image:height\" content=\"1024\" \/>\n\t<meta property=\"og:image:type\" content=\"image\/png\" \/>\n<meta name=\"twitter:card\" content=\"summary_large_image\" \/>\n<script type=\"application\/ld+json\" class=\"yoast-schema-graph\">{\"@context\":\"https:\/\/schema.org\",\"@graph\":[{\"@type\":\"WebPage\",\"@id\":\"https:\/\/aral2.cetrexmarketing.com\/ca\/producto\/ca-nestruc-lequilibrista-negre\/\",\"url\":\"https:\/\/aral2.cetrexmarketing.com\/ca\/producto\/ca-nestruc-lequilibrista-negre\/\",\"name\":\"L'Equilibrista Negre\",\"isPartOf\":{\"@id\":\"https:\/\/aral2.cetrexmarketing.com\/#website\"},\"primaryImageOfPage\":{\"@id\":\"https:\/\/aral2.cetrexmarketing.com\/ca\/producto\/ca-nestruc-lequilibrista-negre\/#primaryimage\"},\"image\":{\"@id\":\"https:\/\/aral2.cetrexmarketing.com\/ca\/producto\/ca-nestruc-lequilibrista-negre\/#primaryimage\"},\"thumbnailUrl\":\"https:\/\/aral2.cetrexmarketing.com\/wp-content\/uploads\/2025\/05\/Ca-NEstruc-LEquilibrista-Tinto-1.png\",\"datePublished\":\"2025-05-25T06:04:04+00:00\",\"dateModified\":\"2025-05-25T06:04:07+00:00\",\"description\":\"Comprar al millor preu el vi l'Equilibrista Negre, del celler Ca N'Estruc, de la DO Catalunya. Enviament Expr\u00e9s. Descompte per la compra de 6 ampolles. Viniteca\",\"breadcrumb\":{\"@id\":\"https:\/\/aral2.cetrexmarketing.com\/ca\/producto\/ca-nestruc-lequilibrista-negre\/#breadcrumb\"},\"inLanguage\":\"ca\",\"potentialAction\":[{\"@type\":\"ReadAction\",\"target\":[\"https:\/\/aral2.cetrexmarketing.com\/ca\/producto\/ca-nestruc-lequilibrista-negre\/\"]}]},{\"@type\":\"ImageObject\",\"inLanguage\":\"ca\",\"@id\":\"https:\/\/aral2.cetrexmarketing.com\/ca\/producto\/ca-nestruc-lequilibrista-negre\/#primaryimage\",\"url\":\"https:\/\/aral2.cetrexmarketing.com\/wp-content\/uploads\/2025\/05\/Ca-NEstruc-LEquilibrista-Tinto-1.png\",\"contentUrl\":\"https:\/\/aral2.cetrexmarketing.com\/wp-content\/uploads\/2025\/05\/Ca-NEstruc-LEquilibrista-Tinto-1.png\",\"width\":765,\"height\":1024},{\"@type\":\"BreadcrumbList\",\"@id\":\"https:\/\/aral2.cetrexmarketing.com\/ca\/producto\/ca-nestruc-lequilibrista-negre\/#breadcrumb\",\"itemListElement\":[{\"@type\":\"ListItem\",\"position\":1,\"name\":\"Home\",\"item\":\"https:\/\/aral2.cetrexmarketing.com\/ca\/\"},{\"@type\":\"ListItem\",\"position\":2,\"name\":\"Tienda\",\"item\":\"https:\/\/aral2.cetrexmarketing.com\/ca\/tienda-2\/\"},{\"@type\":\"ListItem\",\"position\":3,\"name\":\"Vi\",\"item\":\"https:\/\/aral2.cetrexmarketing.com\/categoria-producto\/vi\/\"},{\"@type\":\"ListItem\",\"position\":4,\"name\":\"Vi Negre\",\"item\":\"https:\/\/aral2.cetrexmarketing.com\/categoria-producto\/vi\/vi-negre\/\"},{\"@type\":\"ListItem\",\"position\":5,\"name\":\"Ca N&#8217;Estruc L&#8217;Equilibrista Negre\"}]},{\"@type\":\"WebSite\",\"@id\":\"https:\/\/aral2.cetrexmarketing.com\/#website\",\"url\":\"https:\/\/aral2.cetrexmarketing.com\/\",\"name\":\"M\u00f3n La Cata\",\"description\":\"Tienda de vinos, licores, cervezas y gourmet\",\"publisher\":{\"@id\":\"https:\/\/aral2.cetrexmarketing.com\/#organization\"},\"potentialAction\":[{\"@type\":\"SearchAction\",\"target\":{\"@type\":\"EntryPoint\",\"urlTemplate\":\"https:\/\/aral2.cetrexmarketing.com\/?s={search_term_string}\"},\"query-input\":{\"@type\":\"PropertyValueSpecification\",\"valueRequired\":true,\"valueName\":\"search_term_string\"}}],\"inLanguage\":\"ca\"},{\"@type\":\"Organization\",\"@id\":\"https:\/\/aral2.cetrexmarketing.com\/#organization\",\"name\":\"M\u00f3n La Cata\",\"url\":\"https:\/\/aral2.cetrexmarketing.com\/\",\"logo\":{\"@type\":\"ImageObject\",\"inLanguage\":\"ca\",\"@id\":\"https:\/\/aral2.cetrexmarketing.com\/#\/schema\/logo\/image\/\",\"url\":\"https:\/\/aral2.cetrexmarketing.com\/wp-content\/uploads\/2024\/10\/aral-logo-neg-1024x409-1.png\",\"contentUrl\":\"https:\/\/aral2.cetrexmarketing.com\/wp-content\/uploads\/2024\/10\/aral-logo-neg-1024x409-1.png\",\"width\":1024,\"height\":409,\"caption\":\"M\u00f3n La Cata\"},\"image\":{\"@id\":\"https:\/\/aral2.cetrexmarketing.com\/#\/schema\/logo\/image\/\"}}]}<\/script>\n<!-- \/ Yoast SEO Premium plugin. -->","yoast_head_json":{"title":"L'Equilibrista Negre","description":"Comprar al millor preu el vi l'Equilibrista Negre, del celler Ca N'Estruc, de la DO Catalunya. Enviament Expr\u00e9s. Descompte per la compra de 6 ampolles. Viniteca","robots":{"index":"noindex","follow":"follow","max-snippet":"max-snippet:-1","max-image-preview":"max-image-preview:large","max-video-preview":"max-video-preview:-1"},"og_locale":"ca_ES","og_type":"article","og_title":"Ca N'Estruc L'Equilibrista Negre","og_description":"Comprar al millor preu el vi l'Equilibrista Negre, del celler Ca N'Estruc, de la DO Catalunya. Enviament Expr\u00e9s. Descompte per la compra de 6 ampolles. Viniteca","og_url":"https:\/\/aral2.cetrexmarketing.com\/ca\/producto\/ca-nestruc-lequilibrista-negre\/","og_site_name":"M\u00f3n La Cata","article_modified_time":"2025-05-25T06:04:07+00:00","og_image":[{"width":765,"height":1024,"url":"https:\/\/aral2.cetrexmarketing.com\/wp-content\/uploads\/2025\/05\/Ca-NEstruc-LEquilibrista-Tinto-1.png","type":"image\/png"}],"twitter_card":"summary_large_image","schema":{"@context":"https:\/\/schema.org","@graph":[{"@type":"WebPage","@id":"https:\/\/aral2.cetrexmarketing.com\/ca\/producto\/ca-nestruc-lequilibrista-negre\/","url":"https:\/\/aral2.cetrexmarketing.com\/ca\/producto\/ca-nestruc-lequilibrista-negre\/","name":"L'Equilibrista Negre","isPartOf":{"@id":"https:\/\/aral2.cetrexmarketing.com\/#website"},"primaryImageOfPage":{"@id":"https:\/\/aral2.cetrexmarketing.com\/ca\/producto\/ca-nestruc-lequilibrista-negre\/#primaryimage"},"image":{"@id":"https:\/\/aral2.cetrexmarketing.com\/ca\/producto\/ca-nestruc-lequilibrista-negre\/#primaryimage"},"thumbnailUrl":"https:\/\/aral2.cetrexmarketing.com\/wp-content\/uploads\/2025\/05\/Ca-NEstruc-LEquilibrista-Tinto-1.png","datePublished":"2025-05-25T06:04:04+00:00","dateModified":"2025-05-25T06:04:07+00:00","description":"Comprar al millor preu el vi l'Equilibrista Negre, del celler Ca N'Estruc, de la DO Catalunya. Enviament Expr\u00e9s. Descompte per la compra de 6 ampolles. Viniteca","breadcrumb":{"@id":"https:\/\/aral2.cetrexmarketing.com\/ca\/producto\/ca-nestruc-lequilibrista-negre\/#breadcrumb"},"inLanguage":"ca","potentialAction":[{"@type":"ReadAction","target":["https:\/\/aral2.cetrexmarketing.com\/ca\/producto\/ca-nestruc-lequilibrista-negre\/"]}]},{"@type":"ImageObject","inLanguage":"ca","@id":"https:\/\/aral2.cetrexmarketing.com\/ca\/producto\/ca-nestruc-lequilibrista-negre\/#primaryimage","url":"https:\/\/aral2.cetrexmarketing.com\/wp-content\/uploads\/2025\/05\/Ca-NEstruc-LEquilibrista-Tinto-1.png","contentUrl":"https:\/\/aral2.cetrexmarketing.com\/wp-content\/uploads\/2025\/05\/Ca-NEstruc-LEquilibrista-Tinto-1.png","width":765,"height":1024},{"@type":"BreadcrumbList","@id":"https:\/\/aral2.cetrexmarketing.com\/ca\/producto\/ca-nestruc-lequilibrista-negre\/#breadcrumb","itemListElement":[{"@type":"ListItem","position":1,"name":"Home","item":"https:\/\/aral2.cetrexmarketing.com\/ca\/"},{"@type":"ListItem","position":2,"name":"Tienda","item":"https:\/\/aral2.cetrexmarketing.com\/ca\/tienda-2\/"},{"@type":"ListItem","position":3,"name":"Vi","item":"https:\/\/aral2.cetrexmarketing.com\/categoria-producto\/vi\/"},{"@type":"ListItem","position":4,"name":"Vi Negre","item":"https:\/\/aral2.cetrexmarketing.com\/categoria-producto\/vi\/vi-negre\/"},{"@type":"ListItem","position":5,"name":"Ca N&#8217;Estruc L&#8217;Equilibrista Negre"}]},{"@type":"WebSite","@id":"https:\/\/aral2.cetrexmarketing.com\/#website","url":"https:\/\/aral2.cetrexmarketing.com\/","name":"M\u00f3n La Cata","description":"Tienda de vinos, licores, cervezas y gourmet","publisher":{"@id":"https:\/\/aral2.cetrexmarketing.com\/#organization"},"potentialAction":[{"@type":"SearchAction","target":{"@type":"EntryPoint","urlTemplate":"https:\/\/aral2.cetrexmarketing.com\/?s={search_term_string}"},"query-input":{"@type":"PropertyValueSpecification","valueRequired":true,"valueName":"search_term_string"}}],"inLanguage":"ca"},{"@type":"Organization","@id":"https:\/\/aral2.cetrexmarketing.com\/#organization","name":"M\u00f3n La Cata","url":"https:\/\/aral2.cetrexmarketing.com\/","logo":{"@type":"ImageObject","inLanguage":"ca","@id":"https:\/\/aral2.cetrexmarketing.com\/#\/schema\/logo\/image\/","url":"https:\/\/aral2.cetrexmarketing.com\/wp-content\/uploads\/2024\/10\/aral-logo-neg-1024x409-1.png","contentUrl":"https:\/\/aral2.cetrexmarketing.com\/wp-content\/uploads\/2024\/10\/aral-logo-neg-1024x409-1.png","width":1024,"height":409,"caption":"M\u00f3n La Cata"},"image":{"@id":"https:\/\/aral2.cetrexmarketing.com\/#\/schema\/logo\/image\/"}}]}},"brands":[{"id":32873,"name":"Catalunya D.O.","slug":"catalunya-d-o"}],"_links":{"self":[{"href":"https:\/\/aral2.cetrexmarketing.com\/ca\/wp-json\/wp\/v2\/product\/84698","targetHints":{"allow":["GET"]}}],"collection":[{"href":"https:\/\/aral2.cetrexmarketing.com\/ca\/wp-json\/wp\/v2\/product"}],"about":[{"href":"https:\/\/aral2.cetrexmarketing.com\/ca\/wp-json\/wp\/v2\/types\/product"}],"replies":[{"embeddable":true,"href":"https:\/\/aral2.cetrexmarketing.com\/ca\/wp-json\/wp\/v2\/comments?post=84698"}],"wp:featuredmedia":[{"embeddable":true,"href":"https:\/\/aral2.cetrexmarketing.com\/ca\/wp-json\/wp\/v2\/media\/84695"}],"wp:attachment":[{"href":"https:\/\/aral2.cetrexmarketing.com\/ca\/wp-json\/wp\/v2\/media?parent=84698"}],"wp:term":[{"taxonomy":"pwb-brand","embeddable":true,"href":"https:\/\/aral2.cetrexmarketing.com\/ca\/wp-json\/wp\/v2\/pwb-brand?post=84698"},{"taxonomy":"product_brand","embeddable":true,"href":"https:\/\/aral2.cetrexmarketing.com\/ca\/wp-json\/wp\/v2\/product_brand?post=84698"},{"taxonomy":"product_cat","embeddable":true,"href":"https:\/\/aral2.cetrexmarketing.com\/ca\/wp-json\/wp\/v2\/product_cat?post=84698"},{"taxonomy":"product_tag","embeddable":true,"href":"https:\/\/aral2.cetrexmarketing.com\/ca\/wp-json\/wp\/v2\/product_tag?post=84698"}],"curies":[{"name":"wp","href":"https:\/\/api.w.org\/{rel}","templated":true}]}}