{"id":84475,"date":"2025-05-25T05:59:28","date_gmt":"2025-05-25T05:59:28","guid":{"rendered":"https:\/\/aral2.cetrexmarketing.com\/producto\/lurton-les-fumees-blanches-sauvignon-blanc-2\/"},"modified":"2025-05-25T05:59:29","modified_gmt":"2025-05-25T05:59:29","slug":"lurton-les-fumees-blanches-sauvignon-blanc-2","status":"publish","type":"product","link":"https:\/\/aral2.cetrexmarketing.com\/ca\/producto\/lurton-les-fumees-blanches-sauvignon-blanc-2\/","title":{"rendered":"Lurton Les Fum\u00e9es Blanches Sauvignon Blanc"},"content":{"rendered":"<div class=\"flex-1 overflow-hidden @container\/thread\">\n<div class=\"h-full\">\n<div class=\"react-scroll-to-bottom--css-ktoyw-79elbk h-full\">\n<div class=\"react-scroll-to-bottom--css-ktoyw-1n7m0yu\">\n<div class=\"flex flex-col text-sm md:pb-9\">\n<article class=\"w-full scroll-mb-[var(--thread-trailing-height,150px)] text-token-text-primary focus-visible:outline-2 focus-visible:outline-offset-[-4px]\" dir=\"auto\" data-testid=\"conversation-turn-3\" data-scroll-anchor=\"true\">\n<div class=\"m-auto text-base py-[18px] px-3 md:px-4 w-full md:px-5 lg:px-4 xl:px-5\">\n<div class=\"mx-auto flex flex-1 gap-4 text-base md:gap-5 lg:gap-6 md:max-w-3xl lg:max-w-[40rem] xl:max-w-[48rem]\">\n<div class=\"group\/conversation-turn relative flex w-full min-w-0 flex-col agent-turn\">\n<div class=\"flex-col gap-1 md:gap-3\">\n<div class=\"flex max-w-full flex-col flex-grow\">\n<div class=\"min-h-8 text-message flex w-full flex-col items-end gap-2 whitespace-normal break-words text-start [.text-message+&amp;]:mt-5\" dir=\"auto\" data-message-author-role=\"assistant\" data-message-id=\"d30440c6-5365-4b47-9cbb-aa27f816fe01\" data-message-model-slug=\"gpt-4o-mini\">\n<div class=\"flex w-full flex-col gap-1 empty:hidden first:pt-[3px]\">\n<div class=\"markdown prose w-full break-words dark:prose-invert light\">\n<p>Lurton Les Fum\u00e9es Blanches Sauvignon Blanc \u00e9s un vi blanc sec, originari de la regi\u00f3 de la Vall del Loira a Fran\u00e7a, produ\u00eft per la vin\u00edcola Lurton. Aquest vi s&#8217;elabora principalment amb la varietat d&#8217;ra\u00efm Sauvignon Blanc, coneguda per la seva frescor i aromes intensos.<\/p>\n<p><strong>Caracter\u00edques del producte:<\/strong><\/p>\n<ul>\n<li><strong>Varietat d&#8217;ra\u00efm<\/strong>: 100% Sauvignon Blanc.<\/li>\n<li><strong>Aroma<\/strong>: El vi presenta un nas fresc i afruitat, amb notes predominants de c\u00edtrics com el llim\u00f3 i la llima, a m\u00e9s de tocs herbals que recorden a l&#8217;herba fresca i el pebrot verd. Sovint es pot percebre una lleugera mineralitat, que li atorga una dimensi\u00f3 complexa i elegant. <\/li>\n<li><strong>Sabor<\/strong>: En boca, el Lurton Les Fum\u00e9es Blanches \u00e9s vibrant i refrescant, amb una acidesa equilibrada que ressalta la seva frescor. Els sabors de fruites c\u00edtriques i tropicals, com la taronja i el maracuj\u00e0, s\u00f3n prominents, seguits d&#8217;una suau sensaci\u00f3 mineral al final, cosa que li d\u00f3na una estructura ben definida i un postgust llarg. <\/li>\n<li><strong>Color<\/strong>: De color groc p\u00e0l\u00b7lid amb reflexos verdosos, t\u00edpic dels vins Sauvignon Blanc joves.<\/li>\n<li><strong>Maridatge<\/strong>: Aquest vi es gaudeix millor acompanyat de marisc, peix, amanides fresques, formatge de cabra o plats lleugers com carpaccio de peix o sushi.<\/li>\n<li><strong>Alcohol<\/strong>: Aproximadament 12-13% d&#8217;alcohol per volum.<\/li>\n<li><strong>Temperatura de servei:<\/strong> Es recomana servir-lo fred, entre 8-10 \u00b0C, per ressaltar la seva frescor i les notes arom\u00e0tiques.<\/li>\n<\/ul>\n<p><strong>Vino y Bodega:<\/strong> Lurton es una bodega reconocida en el mundo vin\u00edcola, conocida por producir vinos de alta calidad que combinan tradici\u00f3n e innovaci\u00f3n. Su l\u00ednea &#8220;Les Fum\u00e9es Blanches&#8221; refleja el estilo fresco y afrutado caracter\u00edstico del Sauvignon Blanc, pero con una interpretaci\u00f3n moderna que realza las cualidades naturales de la uva. En resumen, el Lurton Les Fum\u00e9es Blanches Sauvignon Blanc es un vino elegante, fresco y lleno de car\u00e1cter, ideal para quienes disfrutan de vinos arom\u00e1ticos y refrescantes. <\/p>\n<\/div>\n<\/div>\n<\/div>\n<\/div>\n<\/div>\n<\/div>\n<\/div>\n<\/div>\n<\/article>\n<\/div>\n<\/div>\n<\/div>\n<\/div>\n<\/div>\n","protected":false},"excerpt":{"rendered":"<p>Lurton Les Fum\u00e9es Blanches Sauvignon Blanc \u00e9s un vi blanc sec, originari de la regi\u00f3 de la Vall del Loira a Fran\u00e7a, produ\u00eft per la vin\u00edcola Lurton. Aquest vi s&#8217;elabora principalment amb la varietat d&#8217;ra\u00efm Sauvignon Blanc, coneguda per la seva frescor i aromes intensos. Caracter\u00edques del producte: Varietat d&#8217;ra\u00efm: 100% Sauvignon Blanc. Aroma: El&hellip;<\/p>\n","protected":false},"featured_media":84472,"comment_status":"closed","ping_status":"closed","template":"","meta":{"_acf_changed":false},"pwb-brand":[32953],"product_brand":[],"product_cat":[51670,51672],"product_tag":[16406,16405,15106,15083,48917],"class_list":{"0":"post-84475","1":"product","2":"type-product","3":"status-publish","4":"has-post-thumbnail","6":"pwb-brand-cotes-de-gascogne-i-g-p","7":"product_cat-vi","8":"product_cat-vi-blanc","9":"product_tag-cotes-de-gascogne-ca","10":"product_tag-les-fumees-blanches-ca","11":"product_tag-lurton-ca","12":"product_tag-sauvignon-blanc-ca","13":"product_tag-vi-blanc-ca","14":"pa_anada-36212","15":"pa_bodega-francoislurton","16":"pa_do-cotesdegascogneigpfrancia-ca","17":"pa_envejecimiento-jove","18":"pa_formatoenl-36158","19":"pa_formatoenml-38306","20":"pa_graduacion-11_5","21":"pa_pais-franca","22":"pa_pesoengramos-38337","23":"pa_pesoenkg-125-ca","24":"pa_tipodevino-vi-tranquil","25":"pa_variedades-sauvignonblanc-ca","26":"entry","27":"has-media","29":"first","30":"instock","31":"taxable","32":"shipping-taxable","33":"purchasable","34":"product-type-simple"},"acf":[],"yoast_head":"<!-- This site is optimized with the Yoast SEO Premium plugin v23.1 (Yoast SEO v23.5) - https:\/\/yoast.com\/wordpress\/plugins\/seo\/ -->\n<title>Lurton Les Fum\u00e9es Blanches Sauvignon Blanc<\/title>\n<meta name=\"description\" content=\"Comprar online el vi blanc Les Fumees Blanches de Lurton en la IGP Cotes de Gascogne. Descomptes per caixes. Ofertes especials\" \/>\n<meta name=\"robots\" content=\"noindex, follow, max-snippet:-1, max-image-preview:large, max-video-preview:-1\" \/>\n<meta property=\"og:locale\" content=\"ca_ES\" \/>\n<meta property=\"og:type\" content=\"article\" \/>\n<meta property=\"og:title\" content=\"Lurton Les Fum\u00e9es Blanches Sauvignon Blanc\" \/>\n<meta property=\"og:description\" content=\"Comprar online el vi blanc Les Fumees Blanches de Lurton en la IGP Cotes de Gascogne. Descomptes per caixes. Ofertes especials\" \/>\n<meta property=\"og:url\" content=\"https:\/\/aral2.cetrexmarketing.com\/ca\/producto\/lurton-les-fumees-blanches-sauvignon-blanc-2\/\" \/>\n<meta property=\"og:site_name\" content=\"M\u00f3n La Cata\" \/>\n<meta property=\"article:modified_time\" content=\"2025-05-25T05:59:29+00:00\" \/>\n<meta property=\"og:image\" content=\"https:\/\/aral2.cetrexmarketing.com\/wp-content\/uploads\/2025\/05\/Lurton-Les-Fumees-Blanches-Sauvignon-Blanc.jpg-1.png\" \/>\n\t<meta property=\"og:image:width\" content=\"765\" \/>\n\t<meta property=\"og:image:height\" content=\"1024\" \/>\n\t<meta property=\"og:image:type\" content=\"image\/png\" \/>\n<meta name=\"twitter:card\" content=\"summary_large_image\" \/>\n<meta name=\"twitter:label1\" content=\"Temps estimat de lectura\" \/>\n\t<meta name=\"twitter:data1\" content=\"2 minuts\" \/>\n<script type=\"application\/ld+json\" class=\"yoast-schema-graph\">{\"@context\":\"https:\/\/schema.org\",\"@graph\":[{\"@type\":\"WebPage\",\"@id\":\"https:\/\/aral2.cetrexmarketing.com\/ca\/producto\/lurton-les-fumees-blanches-sauvignon-blanc-2\/\",\"url\":\"https:\/\/aral2.cetrexmarketing.com\/ca\/producto\/lurton-les-fumees-blanches-sauvignon-blanc-2\/\",\"name\":\"Lurton Les Fum\u00e9es Blanches Sauvignon Blanc\",\"isPartOf\":{\"@id\":\"https:\/\/aral2.cetrexmarketing.com\/#website\"},\"primaryImageOfPage\":{\"@id\":\"https:\/\/aral2.cetrexmarketing.com\/ca\/producto\/lurton-les-fumees-blanches-sauvignon-blanc-2\/#primaryimage\"},\"image\":{\"@id\":\"https:\/\/aral2.cetrexmarketing.com\/ca\/producto\/lurton-les-fumees-blanches-sauvignon-blanc-2\/#primaryimage\"},\"thumbnailUrl\":\"https:\/\/aral2.cetrexmarketing.com\/wp-content\/uploads\/2025\/05\/Lurton-Les-Fumees-Blanches-Sauvignon-Blanc.jpg-1.png\",\"datePublished\":\"2025-05-25T05:59:28+00:00\",\"dateModified\":\"2025-05-25T05:59:29+00:00\",\"description\":\"Comprar online el vi blanc Les Fumees Blanches de Lurton en la IGP Cotes de Gascogne. Descomptes per caixes. Ofertes especials\",\"breadcrumb\":{\"@id\":\"https:\/\/aral2.cetrexmarketing.com\/ca\/producto\/lurton-les-fumees-blanches-sauvignon-blanc-2\/#breadcrumb\"},\"inLanguage\":\"ca\",\"potentialAction\":[{\"@type\":\"ReadAction\",\"target\":[\"https:\/\/aral2.cetrexmarketing.com\/ca\/producto\/lurton-les-fumees-blanches-sauvignon-blanc-2\/\"]}]},{\"@type\":\"ImageObject\",\"inLanguage\":\"ca\",\"@id\":\"https:\/\/aral2.cetrexmarketing.com\/ca\/producto\/lurton-les-fumees-blanches-sauvignon-blanc-2\/#primaryimage\",\"url\":\"https:\/\/aral2.cetrexmarketing.com\/wp-content\/uploads\/2025\/05\/Lurton-Les-Fumees-Blanches-Sauvignon-Blanc.jpg-1.png\",\"contentUrl\":\"https:\/\/aral2.cetrexmarketing.com\/wp-content\/uploads\/2025\/05\/Lurton-Les-Fumees-Blanches-Sauvignon-Blanc.jpg-1.png\",\"width\":765,\"height\":1024},{\"@type\":\"BreadcrumbList\",\"@id\":\"https:\/\/aral2.cetrexmarketing.com\/ca\/producto\/lurton-les-fumees-blanches-sauvignon-blanc-2\/#breadcrumb\",\"itemListElement\":[{\"@type\":\"ListItem\",\"position\":1,\"name\":\"Home\",\"item\":\"https:\/\/aral2.cetrexmarketing.com\/ca\/\"},{\"@type\":\"ListItem\",\"position\":2,\"name\":\"Tienda\",\"item\":\"https:\/\/aral2.cetrexmarketing.com\/ca\/tienda-2\/\"},{\"@type\":\"ListItem\",\"position\":3,\"name\":\"Vi\",\"item\":\"https:\/\/aral2.cetrexmarketing.com\/categoria-producto\/vi\/\"},{\"@type\":\"ListItem\",\"position\":4,\"name\":\"Vi Blanc\",\"item\":\"https:\/\/aral2.cetrexmarketing.com\/categoria-producto\/vi\/vi-blanc\/\"},{\"@type\":\"ListItem\",\"position\":5,\"name\":\"Lurton Les Fum\u00e9es Blanches Sauvignon Blanc\"}]},{\"@type\":\"WebSite\",\"@id\":\"https:\/\/aral2.cetrexmarketing.com\/#website\",\"url\":\"https:\/\/aral2.cetrexmarketing.com\/\",\"name\":\"M\u00f3n La Cata\",\"description\":\"Tienda de vinos, licores, cervezas y gourmet\",\"publisher\":{\"@id\":\"https:\/\/aral2.cetrexmarketing.com\/#organization\"},\"potentialAction\":[{\"@type\":\"SearchAction\",\"target\":{\"@type\":\"EntryPoint\",\"urlTemplate\":\"https:\/\/aral2.cetrexmarketing.com\/?s={search_term_string}\"},\"query-input\":{\"@type\":\"PropertyValueSpecification\",\"valueRequired\":true,\"valueName\":\"search_term_string\"}}],\"inLanguage\":\"ca\"},{\"@type\":\"Organization\",\"@id\":\"https:\/\/aral2.cetrexmarketing.com\/#organization\",\"name\":\"M\u00f3n La Cata\",\"url\":\"https:\/\/aral2.cetrexmarketing.com\/\",\"logo\":{\"@type\":\"ImageObject\",\"inLanguage\":\"ca\",\"@id\":\"https:\/\/aral2.cetrexmarketing.com\/#\/schema\/logo\/image\/\",\"url\":\"https:\/\/aral2.cetrexmarketing.com\/wp-content\/uploads\/2024\/10\/aral-logo-neg-1024x409-1.png\",\"contentUrl\":\"https:\/\/aral2.cetrexmarketing.com\/wp-content\/uploads\/2024\/10\/aral-logo-neg-1024x409-1.png\",\"width\":1024,\"height\":409,\"caption\":\"M\u00f3n La Cata\"},\"image\":{\"@id\":\"https:\/\/aral2.cetrexmarketing.com\/#\/schema\/logo\/image\/\"}}]}<\/script>\n<!-- \/ Yoast SEO Premium plugin. -->","yoast_head_json":{"title":"Lurton Les Fum\u00e9es Blanches Sauvignon Blanc","description":"Comprar online el vi blanc Les Fumees Blanches de Lurton en la IGP Cotes de Gascogne. Descomptes per caixes. Ofertes especials","robots":{"index":"noindex","follow":"follow","max-snippet":"max-snippet:-1","max-image-preview":"max-image-preview:large","max-video-preview":"max-video-preview:-1"},"og_locale":"ca_ES","og_type":"article","og_title":"Lurton Les Fum\u00e9es Blanches Sauvignon Blanc","og_description":"Comprar online el vi blanc Les Fumees Blanches de Lurton en la IGP Cotes de Gascogne. Descomptes per caixes. Ofertes especials","og_url":"https:\/\/aral2.cetrexmarketing.com\/ca\/producto\/lurton-les-fumees-blanches-sauvignon-blanc-2\/","og_site_name":"M\u00f3n La Cata","article_modified_time":"2025-05-25T05:59:29+00:00","og_image":[{"width":765,"height":1024,"url":"https:\/\/aral2.cetrexmarketing.com\/wp-content\/uploads\/2025\/05\/Lurton-Les-Fumees-Blanches-Sauvignon-Blanc.jpg-1.png","type":"image\/png"}],"twitter_card":"summary_large_image","twitter_misc":{"Temps estimat de lectura":"2 minuts"},"schema":{"@context":"https:\/\/schema.org","@graph":[{"@type":"WebPage","@id":"https:\/\/aral2.cetrexmarketing.com\/ca\/producto\/lurton-les-fumees-blanches-sauvignon-blanc-2\/","url":"https:\/\/aral2.cetrexmarketing.com\/ca\/producto\/lurton-les-fumees-blanches-sauvignon-blanc-2\/","name":"Lurton Les Fum\u00e9es Blanches Sauvignon Blanc","isPartOf":{"@id":"https:\/\/aral2.cetrexmarketing.com\/#website"},"primaryImageOfPage":{"@id":"https:\/\/aral2.cetrexmarketing.com\/ca\/producto\/lurton-les-fumees-blanches-sauvignon-blanc-2\/#primaryimage"},"image":{"@id":"https:\/\/aral2.cetrexmarketing.com\/ca\/producto\/lurton-les-fumees-blanches-sauvignon-blanc-2\/#primaryimage"},"thumbnailUrl":"https:\/\/aral2.cetrexmarketing.com\/wp-content\/uploads\/2025\/05\/Lurton-Les-Fumees-Blanches-Sauvignon-Blanc.jpg-1.png","datePublished":"2025-05-25T05:59:28+00:00","dateModified":"2025-05-25T05:59:29+00:00","description":"Comprar online el vi blanc Les Fumees Blanches de Lurton en la IGP Cotes de Gascogne. Descomptes per caixes. Ofertes especials","breadcrumb":{"@id":"https:\/\/aral2.cetrexmarketing.com\/ca\/producto\/lurton-les-fumees-blanches-sauvignon-blanc-2\/#breadcrumb"},"inLanguage":"ca","potentialAction":[{"@type":"ReadAction","target":["https:\/\/aral2.cetrexmarketing.com\/ca\/producto\/lurton-les-fumees-blanches-sauvignon-blanc-2\/"]}]},{"@type":"ImageObject","inLanguage":"ca","@id":"https:\/\/aral2.cetrexmarketing.com\/ca\/producto\/lurton-les-fumees-blanches-sauvignon-blanc-2\/#primaryimage","url":"https:\/\/aral2.cetrexmarketing.com\/wp-content\/uploads\/2025\/05\/Lurton-Les-Fumees-Blanches-Sauvignon-Blanc.jpg-1.png","contentUrl":"https:\/\/aral2.cetrexmarketing.com\/wp-content\/uploads\/2025\/05\/Lurton-Les-Fumees-Blanches-Sauvignon-Blanc.jpg-1.png","width":765,"height":1024},{"@type":"BreadcrumbList","@id":"https:\/\/aral2.cetrexmarketing.com\/ca\/producto\/lurton-les-fumees-blanches-sauvignon-blanc-2\/#breadcrumb","itemListElement":[{"@type":"ListItem","position":1,"name":"Home","item":"https:\/\/aral2.cetrexmarketing.com\/ca\/"},{"@type":"ListItem","position":2,"name":"Tienda","item":"https:\/\/aral2.cetrexmarketing.com\/ca\/tienda-2\/"},{"@type":"ListItem","position":3,"name":"Vi","item":"https:\/\/aral2.cetrexmarketing.com\/categoria-producto\/vi\/"},{"@type":"ListItem","position":4,"name":"Vi Blanc","item":"https:\/\/aral2.cetrexmarketing.com\/categoria-producto\/vi\/vi-blanc\/"},{"@type":"ListItem","position":5,"name":"Lurton Les Fum\u00e9es Blanches Sauvignon Blanc"}]},{"@type":"WebSite","@id":"https:\/\/aral2.cetrexmarketing.com\/#website","url":"https:\/\/aral2.cetrexmarketing.com\/","name":"M\u00f3n La Cata","description":"Tienda de vinos, licores, cervezas y gourmet","publisher":{"@id":"https:\/\/aral2.cetrexmarketing.com\/#organization"},"potentialAction":[{"@type":"SearchAction","target":{"@type":"EntryPoint","urlTemplate":"https:\/\/aral2.cetrexmarketing.com\/?s={search_term_string}"},"query-input":{"@type":"PropertyValueSpecification","valueRequired":true,"valueName":"search_term_string"}}],"inLanguage":"ca"},{"@type":"Organization","@id":"https:\/\/aral2.cetrexmarketing.com\/#organization","name":"M\u00f3n La Cata","url":"https:\/\/aral2.cetrexmarketing.com\/","logo":{"@type":"ImageObject","inLanguage":"ca","@id":"https:\/\/aral2.cetrexmarketing.com\/#\/schema\/logo\/image\/","url":"https:\/\/aral2.cetrexmarketing.com\/wp-content\/uploads\/2024\/10\/aral-logo-neg-1024x409-1.png","contentUrl":"https:\/\/aral2.cetrexmarketing.com\/wp-content\/uploads\/2024\/10\/aral-logo-neg-1024x409-1.png","width":1024,"height":409,"caption":"M\u00f3n La Cata"},"image":{"@id":"https:\/\/aral2.cetrexmarketing.com\/#\/schema\/logo\/image\/"}}]}},"brands":[{"id":32953,"name":"C\u00f4tes de Gascogne I.G.P.","slug":"cotes-de-gascogne-i-g-p"}],"_links":{"self":[{"href":"https:\/\/aral2.cetrexmarketing.com\/ca\/wp-json\/wp\/v2\/product\/84475","targetHints":{"allow":["GET"]}}],"collection":[{"href":"https:\/\/aral2.cetrexmarketing.com\/ca\/wp-json\/wp\/v2\/product"}],"about":[{"href":"https:\/\/aral2.cetrexmarketing.com\/ca\/wp-json\/wp\/v2\/types\/product"}],"replies":[{"embeddable":true,"href":"https:\/\/aral2.cetrexmarketing.com\/ca\/wp-json\/wp\/v2\/comments?post=84475"}],"wp:featuredmedia":[{"embeddable":true,"href":"https:\/\/aral2.cetrexmarketing.com\/ca\/wp-json\/wp\/v2\/media\/84472"}],"wp:attachment":[{"href":"https:\/\/aral2.cetrexmarketing.com\/ca\/wp-json\/wp\/v2\/media?parent=84475"}],"wp:term":[{"taxonomy":"pwb-brand","embeddable":true,"href":"https:\/\/aral2.cetrexmarketing.com\/ca\/wp-json\/wp\/v2\/pwb-brand?post=84475"},{"taxonomy":"product_brand","embeddable":true,"href":"https:\/\/aral2.cetrexmarketing.com\/ca\/wp-json\/wp\/v2\/product_brand?post=84475"},{"taxonomy":"product_cat","embeddable":true,"href":"https:\/\/aral2.cetrexmarketing.com\/ca\/wp-json\/wp\/v2\/product_cat?post=84475"},{"taxonomy":"product_tag","embeddable":true,"href":"https:\/\/aral2.cetrexmarketing.com\/ca\/wp-json\/wp\/v2\/product_tag?post=84475"}],"curies":[{"name":"wp","href":"https:\/\/api.w.org\/{rel}","templated":true}]}}