{"id":84095,"date":"2025-05-24T08:45:21","date_gmt":"2025-05-24T08:45:21","guid":{"rendered":"https:\/\/aral2.cetrexmarketing.com\/producto\/vinas-del-vero-rosat\/"},"modified":"2025-05-24T08:45:23","modified_gmt":"2025-05-24T08:45:23","slug":"vinas-del-vero-rosat","status":"publish","type":"product","link":"https:\/\/aral2.cetrexmarketing.com\/ca\/producto\/vinas-del-vero-rosat\/","title":{"rendered":"Vi\u00f1as del Vero Rosat"},"content":{"rendered":"<p data-start=\"69\" data-end=\"539\"><strong data-start=\"69\" data-end=\"118\">Vi\u00f1as del Vero Rosado Selecci\u00f3n de Varietales<\/strong> \u00e9s un vi rosat elaborat per <strong data-start=\"147\" data-end=\"165\">Vi\u00f1as del Vero<\/strong>, una bodega situada a la <strong data-start=\"191\" data-end=\"209\">D.O. Somontano<\/strong> (Arag\u00f3, Espanya). Aquesta bodega, que forma part del grup <strong data-start=\"268\" data-end=\"286\">Gonz\u00e1lez Byass<\/strong> des de <strong data-start=\"294\" data-end=\"302\">2008<\/strong>, \u00e9s coneguda pel seu respecte al <strong data-start=\"336\" data-end=\"352\">medi ambient<\/strong> i per la diversitat i qualitat dels seus vins. Aquest rosat \u00e9s una combinaci\u00f3 harmoniosa de <strong data-start=\"445\" data-end=\"457\">Garnatxa<\/strong> i <strong data-start=\"460\" data-end=\"474\">Pinot Noir<\/strong>, que dona com a resultat un vi fresc, expressiu i molt atractiu.<\/p>\n<h3 data-start=\"546\" data-end=\"584\"><strong data-start=\"550\" data-end=\"584\">Caracter\u00edstiques del Producte:<\/strong><\/h3>\n<ul data-start=\"585\" data-end=\"982\">\n<li data-start=\"585\" data-end=\"608\"><strong data-start=\"587\" data-end=\"597\">Tipus:<\/strong> Vi rosat<\/li>\n<li data-start=\"609\" data-end=\"660\"><strong data-start=\"611\" data-end=\"622\">Origen:<\/strong> <strong data-start=\"623\" data-end=\"641\">D.O. Somontano<\/strong> (Arag\u00f3, Espanya)<\/li>\n<li data-start=\"661\" data-end=\"717\"><strong data-start=\"663\" data-end=\"685\">Varietats de ra\u00efm:<\/strong> <strong data-start=\"686\" data-end=\"698\">Garnatxa<\/strong> i <strong data-start=\"701\" data-end=\"715\">Pinot Noir<\/strong><\/li>\n<li data-start=\"718\" data-end=\"982\"><strong data-start=\"720\" data-end=\"735\">Elaboraci\u00f3:<\/strong>\n<ul data-start=\"741\" data-end=\"982\">\n<li data-start=\"741\" data-end=\"787\"><strong data-start=\"743\" data-end=\"763\">Selecci\u00f3 acurada<\/strong> de les millors ra\u00efms.<\/li>\n<li data-start=\"791\" data-end=\"860\"><strong data-start=\"793\" data-end=\"812\">Maceraci\u00f3 curta<\/strong> per extreure el color i els aromes desitjats.<\/li>\n<li data-start=\"864\" data-end=\"982\"><strong data-start=\"866\" data-end=\"901\">Fermentaci\u00f3 a baixa temperatura<\/strong> en dip\u00f2sits d\u2019acer inoxidable per conservar la frescor i els matisos fruiters.<\/li>\n<\/ul>\n<\/li>\n<\/ul>\n<h3 data-start=\"989\" data-end=\"1011\"><strong data-start=\"993\" data-end=\"1011\">Notes de Cata:<\/strong><\/h3>\n<ul data-start=\"1012\" data-end=\"1472\">\n<li data-start=\"1012\" data-end=\"1096\"><strong data-start=\"1014\" data-end=\"1024\">Color:<\/strong> Rosa maduixa brillant amb reflexos blavosos, molt atractiu a la copa.<\/li>\n<li data-start=\"1097\" data-end=\"1234\"><strong data-start=\"1099\" data-end=\"1109\">Aroma:<\/strong> Intensa frag\u00e0ncia dol\u00e7a que recorda a <strong data-start=\"1148\" data-end=\"1160\">caramels<\/strong> i <strong data-start=\"1163\" data-end=\"1184\">fruites vermelles<\/strong>, amb un toc gol\u00f3s que evoca botigues de dol\u00e7os.<\/li>\n<li data-start=\"1235\" data-end=\"1472\"><strong data-start=\"1237\" data-end=\"1247\">Sabor:<\/strong> En boca \u00e9s <strong data-start=\"1259\" data-end=\"1269\">intens<\/strong> i <strong data-start=\"1272\" data-end=\"1285\">agradable<\/strong>, amb una frescor vibrant i una textura suau. Els sabors a <strong data-start=\"1344\" data-end=\"1365\">fruites vermelles<\/strong> es mantenen al paladar, deixant un final <strong data-start=\"1407\" data-end=\"1421\">net, llarg<\/strong> i molt satisfactori que convida a seguir bevent.<\/li>\n<\/ul>\n","protected":false},"excerpt":{"rendered":"<p>Vi\u00f1as del Vero Rosado Selecci\u00f3n de Varietales \u00e9s un vi rosat elaborat per Vi\u00f1as del Vero, una bodega situada a la D.O. Somontano (Arag\u00f3, Espanya). Aquesta bodega, que forma part del grup Gonz\u00e1lez Byass des de 2008, \u00e9s coneguda pel seu respecte al medi ambient i per la diversitat i qualitat dels seus vins. Aquest&hellip;<\/p>\n","protected":false},"featured_media":84092,"comment_status":"closed","ping_status":"closed","template":"","meta":{"_acf_changed":false},"pwb-brand":[32911],"product_brand":[],"product_cat":[51670,51682],"product_tag":[15113,15543,16208,38594,15112,14902,38583,15111],"class_list":{"0":"post-84095","1":"product","2":"type-product","3":"status-publish","4":"has-post-thumbnail","6":"pwb-brand-somontano-d-o","7":"product_cat-vi","8":"product_cat-vi-rosat","9":"product_tag-do-somontano-ca","10":"product_tag-gonzalez-byass-ca","11":"product_tag-merlot-ca","12":"product_tag-rosat","13":"product_tag-somontano-ca","14":"product_tag-tempranillo-ca","15":"product_tag-vi-rosat","16":"product_tag-vinas-del-vero-ca","17":"pa_anada-45483","18":"pa_bodega-vinas-del-vero","19":"pa_do-somontanodo-ca","20":"pa_envejecimiento-jove","21":"pa_formatoenl-36158","22":"pa_formatoenml-38306","23":"pa_fresco-rosat-fresc","24":"pa_graduacion-13_5","25":"pa_maridaje-formatge-cremos","26":"pa_maridaje-formatge-curat","27":"pa_maridaje-marisc","28":"pa_maridaje-peix","29":"pa_maridaje-verdures","30":"pa_pais-espanya-ca","31":"pa_pesoengramos-38354","32":"pa_pesoenkg-14-2","33":"pa_pueblociudad-barbastrohuesca","34":"pa_tipodevino-vi-tranquil","35":"pa_variedad-principal-tempranillo-ca","36":"entry","37":"has-media","39":"first","40":"instock","41":"taxable","42":"shipping-taxable","43":"purchasable","44":"product-type-simple"},"acf":[],"yoast_head":"<!-- This site is optimized with the Yoast SEO Premium plugin v23.1 (Yoast SEO v23.5) - https:\/\/yoast.com\/wordpress\/plugins\/seo\/ -->\n<title>Vi\u00f1as del Vero Rosat vi<\/title>\n<meta name=\"description\" content=\"Comprar online al millor preu el vi rosat Vi\u00f1as del Vero DO Somontano. Descompte per caixa. Ofertes. Web segura i r\u00e0pida. Viniteca. Destil.lats. Begudes.\" \/>\n<meta name=\"robots\" content=\"noindex, follow, max-snippet:-1, max-image-preview:large, max-video-preview:-1\" \/>\n<meta property=\"og:locale\" content=\"ca_ES\" \/>\n<meta property=\"og:type\" content=\"article\" \/>\n<meta property=\"og:title\" content=\"Vi\u00f1as del Vero Rosat\" \/>\n<meta property=\"og:description\" content=\"Comprar online al millor preu el vi rosat Vi\u00f1as del Vero DO Somontano. Descompte per caixa. Ofertes. Web segura i r\u00e0pida. Viniteca. Destil.lats. Begudes.\" \/>\n<meta property=\"og:url\" content=\"https:\/\/aral2.cetrexmarketing.com\/ca\/producto\/vinas-del-vero-rosat\/\" \/>\n<meta property=\"og:site_name\" content=\"M\u00f3n La Cata\" \/>\n<meta property=\"article:modified_time\" content=\"2025-05-24T08:45:23+00:00\" \/>\n<meta property=\"og:image\" content=\"https:\/\/aral2.cetrexmarketing.com\/wp-content\/uploads\/2025\/05\/vinas-del-vero-rosado.jfif_.png\" \/>\n\t<meta property=\"og:image:width\" content=\"765\" \/>\n\t<meta property=\"og:image:height\" content=\"1024\" \/>\n\t<meta property=\"og:image:type\" content=\"image\/png\" \/>\n<meta name=\"twitter:card\" content=\"summary_large_image\" \/>\n<meta name=\"twitter:label1\" content=\"Temps estimat de lectura\" \/>\n\t<meta name=\"twitter:data1\" content=\"2 minuts\" \/>\n<script type=\"application\/ld+json\" class=\"yoast-schema-graph\">{\"@context\":\"https:\/\/schema.org\",\"@graph\":[{\"@type\":\"WebPage\",\"@id\":\"https:\/\/aral2.cetrexmarketing.com\/ca\/producto\/vinas-del-vero-rosat\/\",\"url\":\"https:\/\/aral2.cetrexmarketing.com\/ca\/producto\/vinas-del-vero-rosat\/\",\"name\":\"Vi\u00f1as del Vero Rosat vi\",\"isPartOf\":{\"@id\":\"https:\/\/aral2.cetrexmarketing.com\/#website\"},\"primaryImageOfPage\":{\"@id\":\"https:\/\/aral2.cetrexmarketing.com\/ca\/producto\/vinas-del-vero-rosat\/#primaryimage\"},\"image\":{\"@id\":\"https:\/\/aral2.cetrexmarketing.com\/ca\/producto\/vinas-del-vero-rosat\/#primaryimage\"},\"thumbnailUrl\":\"https:\/\/aral2.cetrexmarketing.com\/wp-content\/uploads\/2025\/05\/vinas-del-vero-rosado.jfif_.png\",\"datePublished\":\"2025-05-24T08:45:21+00:00\",\"dateModified\":\"2025-05-24T08:45:23+00:00\",\"description\":\"Comprar online al millor preu el vi rosat Vi\u00f1as del Vero DO Somontano. Descompte per caixa. Ofertes. Web segura i r\u00e0pida. Viniteca. Destil.lats. Begudes.\",\"breadcrumb\":{\"@id\":\"https:\/\/aral2.cetrexmarketing.com\/ca\/producto\/vinas-del-vero-rosat\/#breadcrumb\"},\"inLanguage\":\"ca\",\"potentialAction\":[{\"@type\":\"ReadAction\",\"target\":[\"https:\/\/aral2.cetrexmarketing.com\/ca\/producto\/vinas-del-vero-rosat\/\"]}]},{\"@type\":\"ImageObject\",\"inLanguage\":\"ca\",\"@id\":\"https:\/\/aral2.cetrexmarketing.com\/ca\/producto\/vinas-del-vero-rosat\/#primaryimage\",\"url\":\"https:\/\/aral2.cetrexmarketing.com\/wp-content\/uploads\/2025\/05\/vinas-del-vero-rosado.jfif_.png\",\"contentUrl\":\"https:\/\/aral2.cetrexmarketing.com\/wp-content\/uploads\/2025\/05\/vinas-del-vero-rosado.jfif_.png\",\"width\":765,\"height\":1024},{\"@type\":\"BreadcrumbList\",\"@id\":\"https:\/\/aral2.cetrexmarketing.com\/ca\/producto\/vinas-del-vero-rosat\/#breadcrumb\",\"itemListElement\":[{\"@type\":\"ListItem\",\"position\":1,\"name\":\"Home\",\"item\":\"https:\/\/aral2.cetrexmarketing.com\/ca\/\"},{\"@type\":\"ListItem\",\"position\":2,\"name\":\"Tienda\",\"item\":\"https:\/\/aral2.cetrexmarketing.com\/ca\/tienda-2\/\"},{\"@type\":\"ListItem\",\"position\":3,\"name\":\"Vi\",\"item\":\"https:\/\/aral2.cetrexmarketing.com\/categoria-producto\/vi\/\"},{\"@type\":\"ListItem\",\"position\":4,\"name\":\"Vi Rosat\",\"item\":\"https:\/\/aral2.cetrexmarketing.com\/categoria-producto\/vi\/vi-rosat\/\"},{\"@type\":\"ListItem\",\"position\":5,\"name\":\"Vi\u00f1as del Vero Rosat\"}]},{\"@type\":\"WebSite\",\"@id\":\"https:\/\/aral2.cetrexmarketing.com\/#website\",\"url\":\"https:\/\/aral2.cetrexmarketing.com\/\",\"name\":\"M\u00f3n La Cata\",\"description\":\"Tienda de vinos, licores, cervezas y gourmet\",\"publisher\":{\"@id\":\"https:\/\/aral2.cetrexmarketing.com\/#organization\"},\"potentialAction\":[{\"@type\":\"SearchAction\",\"target\":{\"@type\":\"EntryPoint\",\"urlTemplate\":\"https:\/\/aral2.cetrexmarketing.com\/?s={search_term_string}\"},\"query-input\":{\"@type\":\"PropertyValueSpecification\",\"valueRequired\":true,\"valueName\":\"search_term_string\"}}],\"inLanguage\":\"ca\"},{\"@type\":\"Organization\",\"@id\":\"https:\/\/aral2.cetrexmarketing.com\/#organization\",\"name\":\"M\u00f3n La Cata\",\"url\":\"https:\/\/aral2.cetrexmarketing.com\/\",\"logo\":{\"@type\":\"ImageObject\",\"inLanguage\":\"ca\",\"@id\":\"https:\/\/aral2.cetrexmarketing.com\/#\/schema\/logo\/image\/\",\"url\":\"https:\/\/aral2.cetrexmarketing.com\/wp-content\/uploads\/2024\/10\/aral-logo-neg-1024x409-1.png\",\"contentUrl\":\"https:\/\/aral2.cetrexmarketing.com\/wp-content\/uploads\/2024\/10\/aral-logo-neg-1024x409-1.png\",\"width\":1024,\"height\":409,\"caption\":\"M\u00f3n La Cata\"},\"image\":{\"@id\":\"https:\/\/aral2.cetrexmarketing.com\/#\/schema\/logo\/image\/\"}}]}<\/script>\n<!-- \/ Yoast SEO Premium plugin. -->","yoast_head_json":{"title":"Vi\u00f1as del Vero Rosat vi","description":"Comprar online al millor preu el vi rosat Vi\u00f1as del Vero DO Somontano. Descompte per caixa. Ofertes. Web segura i r\u00e0pida. Viniteca. Destil.lats. Begudes.","robots":{"index":"noindex","follow":"follow","max-snippet":"max-snippet:-1","max-image-preview":"max-image-preview:large","max-video-preview":"max-video-preview:-1"},"og_locale":"ca_ES","og_type":"article","og_title":"Vi\u00f1as del Vero Rosat","og_description":"Comprar online al millor preu el vi rosat Vi\u00f1as del Vero DO Somontano. Descompte per caixa. Ofertes. Web segura i r\u00e0pida. Viniteca. Destil.lats. Begudes.","og_url":"https:\/\/aral2.cetrexmarketing.com\/ca\/producto\/vinas-del-vero-rosat\/","og_site_name":"M\u00f3n La Cata","article_modified_time":"2025-05-24T08:45:23+00:00","og_image":[{"width":765,"height":1024,"url":"https:\/\/aral2.cetrexmarketing.com\/wp-content\/uploads\/2025\/05\/vinas-del-vero-rosado.jfif_.png","type":"image\/png"}],"twitter_card":"summary_large_image","twitter_misc":{"Temps estimat de lectura":"2 minuts"},"schema":{"@context":"https:\/\/schema.org","@graph":[{"@type":"WebPage","@id":"https:\/\/aral2.cetrexmarketing.com\/ca\/producto\/vinas-del-vero-rosat\/","url":"https:\/\/aral2.cetrexmarketing.com\/ca\/producto\/vinas-del-vero-rosat\/","name":"Vi\u00f1as del Vero Rosat vi","isPartOf":{"@id":"https:\/\/aral2.cetrexmarketing.com\/#website"},"primaryImageOfPage":{"@id":"https:\/\/aral2.cetrexmarketing.com\/ca\/producto\/vinas-del-vero-rosat\/#primaryimage"},"image":{"@id":"https:\/\/aral2.cetrexmarketing.com\/ca\/producto\/vinas-del-vero-rosat\/#primaryimage"},"thumbnailUrl":"https:\/\/aral2.cetrexmarketing.com\/wp-content\/uploads\/2025\/05\/vinas-del-vero-rosado.jfif_.png","datePublished":"2025-05-24T08:45:21+00:00","dateModified":"2025-05-24T08:45:23+00:00","description":"Comprar online al millor preu el vi rosat Vi\u00f1as del Vero DO Somontano. Descompte per caixa. Ofertes. Web segura i r\u00e0pida. Viniteca. Destil.lats. Begudes.","breadcrumb":{"@id":"https:\/\/aral2.cetrexmarketing.com\/ca\/producto\/vinas-del-vero-rosat\/#breadcrumb"},"inLanguage":"ca","potentialAction":[{"@type":"ReadAction","target":["https:\/\/aral2.cetrexmarketing.com\/ca\/producto\/vinas-del-vero-rosat\/"]}]},{"@type":"ImageObject","inLanguage":"ca","@id":"https:\/\/aral2.cetrexmarketing.com\/ca\/producto\/vinas-del-vero-rosat\/#primaryimage","url":"https:\/\/aral2.cetrexmarketing.com\/wp-content\/uploads\/2025\/05\/vinas-del-vero-rosado.jfif_.png","contentUrl":"https:\/\/aral2.cetrexmarketing.com\/wp-content\/uploads\/2025\/05\/vinas-del-vero-rosado.jfif_.png","width":765,"height":1024},{"@type":"BreadcrumbList","@id":"https:\/\/aral2.cetrexmarketing.com\/ca\/producto\/vinas-del-vero-rosat\/#breadcrumb","itemListElement":[{"@type":"ListItem","position":1,"name":"Home","item":"https:\/\/aral2.cetrexmarketing.com\/ca\/"},{"@type":"ListItem","position":2,"name":"Tienda","item":"https:\/\/aral2.cetrexmarketing.com\/ca\/tienda-2\/"},{"@type":"ListItem","position":3,"name":"Vi","item":"https:\/\/aral2.cetrexmarketing.com\/categoria-producto\/vi\/"},{"@type":"ListItem","position":4,"name":"Vi Rosat","item":"https:\/\/aral2.cetrexmarketing.com\/categoria-producto\/vi\/vi-rosat\/"},{"@type":"ListItem","position":5,"name":"Vi\u00f1as del Vero Rosat"}]},{"@type":"WebSite","@id":"https:\/\/aral2.cetrexmarketing.com\/#website","url":"https:\/\/aral2.cetrexmarketing.com\/","name":"M\u00f3n La Cata","description":"Tienda de vinos, licores, cervezas y gourmet","publisher":{"@id":"https:\/\/aral2.cetrexmarketing.com\/#organization"},"potentialAction":[{"@type":"SearchAction","target":{"@type":"EntryPoint","urlTemplate":"https:\/\/aral2.cetrexmarketing.com\/?s={search_term_string}"},"query-input":{"@type":"PropertyValueSpecification","valueRequired":true,"valueName":"search_term_string"}}],"inLanguage":"ca"},{"@type":"Organization","@id":"https:\/\/aral2.cetrexmarketing.com\/#organization","name":"M\u00f3n La Cata","url":"https:\/\/aral2.cetrexmarketing.com\/","logo":{"@type":"ImageObject","inLanguage":"ca","@id":"https:\/\/aral2.cetrexmarketing.com\/#\/schema\/logo\/image\/","url":"https:\/\/aral2.cetrexmarketing.com\/wp-content\/uploads\/2024\/10\/aral-logo-neg-1024x409-1.png","contentUrl":"https:\/\/aral2.cetrexmarketing.com\/wp-content\/uploads\/2024\/10\/aral-logo-neg-1024x409-1.png","width":1024,"height":409,"caption":"M\u00f3n La Cata"},"image":{"@id":"https:\/\/aral2.cetrexmarketing.com\/#\/schema\/logo\/image\/"}}]}},"brands":[{"id":32911,"name":"Somontano D.O.","slug":"somontano-d-o"}],"_links":{"self":[{"href":"https:\/\/aral2.cetrexmarketing.com\/ca\/wp-json\/wp\/v2\/product\/84095","targetHints":{"allow":["GET"]}}],"collection":[{"href":"https:\/\/aral2.cetrexmarketing.com\/ca\/wp-json\/wp\/v2\/product"}],"about":[{"href":"https:\/\/aral2.cetrexmarketing.com\/ca\/wp-json\/wp\/v2\/types\/product"}],"replies":[{"embeddable":true,"href":"https:\/\/aral2.cetrexmarketing.com\/ca\/wp-json\/wp\/v2\/comments?post=84095"}],"wp:featuredmedia":[{"embeddable":true,"href":"https:\/\/aral2.cetrexmarketing.com\/ca\/wp-json\/wp\/v2\/media\/84092"}],"wp:attachment":[{"href":"https:\/\/aral2.cetrexmarketing.com\/ca\/wp-json\/wp\/v2\/media?parent=84095"}],"wp:term":[{"taxonomy":"pwb-brand","embeddable":true,"href":"https:\/\/aral2.cetrexmarketing.com\/ca\/wp-json\/wp\/v2\/pwb-brand?post=84095"},{"taxonomy":"product_brand","embeddable":true,"href":"https:\/\/aral2.cetrexmarketing.com\/ca\/wp-json\/wp\/v2\/product_brand?post=84095"},{"taxonomy":"product_cat","embeddable":true,"href":"https:\/\/aral2.cetrexmarketing.com\/ca\/wp-json\/wp\/v2\/product_cat?post=84095"},{"taxonomy":"product_tag","embeddable":true,"href":"https:\/\/aral2.cetrexmarketing.com\/ca\/wp-json\/wp\/v2\/product_tag?post=84095"}],"curies":[{"name":"wp","href":"https:\/\/api.w.org\/{rel}","templated":true}]}}