{"id":84068,"date":"2025-05-24T08:44:51","date_gmt":"2025-05-24T08:44:51","guid":{"rendered":"https:\/\/aral2.cetrexmarketing.com\/producto\/ramon-bilbao-rosat\/"},"modified":"2025-05-24T08:44:52","modified_gmt":"2025-05-24T08:44:52","slug":"ramon-bilbao-rosat","status":"publish","type":"product","link":"https:\/\/aral2.cetrexmarketing.com\/ca\/producto\/ramon-bilbao-rosat\/","title":{"rendered":"Ram\u00f3n Bilbao Rosat"},"content":{"rendered":"<h3 class=\"\" data-start=\"99\" data-end=\"125\"><strong data-start=\"103\" data-end=\"125\">Ram\u00f3n Bilbao Rosat<\/strong><\/h3>\n<p class=\"\" data-start=\"127\" data-end=\"459\">El <strong data-start=\"130\" data-end=\"152\">Ram\u00f3n Bilbao Rosat<\/strong> \u00e9s un <strong data-start=\"159\" data-end=\"186\">vi rosat jove i elegant<\/strong> de la <strong data-start=\"193\" data-end=\"210\">D.O.Ca. Rioja<\/strong>, elaborat per la reconeguda bodega <strong data-start=\"246\" data-end=\"262\">Ram\u00f3n Bilbao<\/strong>, situada a <strong data-start=\"274\" data-end=\"282\">Haro<\/strong>, La Rioja. Aquest vi destaca per la seva <strong data-start=\"324\" data-end=\"335\">frescor<\/strong>, <strong data-start=\"337\" data-end=\"347\">finesa<\/strong> i <strong data-start=\"350\" data-end=\"378\">perfil arom\u00e0tic afruitat<\/strong>, sent una opci\u00f3 ideal per a qui busca un rosat amb <strong data-start=\"430\" data-end=\"442\">car\u00e0cter<\/strong> i <strong data-start=\"445\" data-end=\"458\">equilibri<\/strong>.<\/p>\n<h3 class=\"\" data-start=\"466\" data-end=\"487\"><strong data-start=\"470\" data-end=\"487\">Fitxa t\u00e8cnica<\/strong><\/h3>\n<ul data-start=\"489\" data-end=\"786\">\n<li class=\"\" data-start=\"489\" data-end=\"517\">\n<p class=\"\" data-start=\"491\" data-end=\"517\"><strong data-start=\"491\" data-end=\"501\">Tipus:<\/strong> Vi rosat jove<\/p>\n<\/li>\n<li class=\"\" data-start=\"518\" data-end=\"567\">\n<p class=\"\" data-start=\"520\" data-end=\"567\"><strong data-start=\"520\" data-end=\"541\">Varietat de ra\u00efm:<\/strong> 100% <strong data-start=\"547\" data-end=\"565\">Garnatxa Negra<\/strong><\/p>\n<\/li>\n<li class=\"\" data-start=\"568\" data-end=\"607\">\n<p class=\"\" data-start=\"570\" data-end=\"607\"><strong data-start=\"570\" data-end=\"581\">Origen:<\/strong> <strong data-start=\"582\" data-end=\"596\">Rioja Alta<\/strong>, Espanya<\/p>\n<\/li>\n<li class=\"\" data-start=\"608\" data-end=\"652\">\n<p class=\"\" data-start=\"610\" data-end=\"652\"><strong data-start=\"610\" data-end=\"635\">Graduaci\u00f3 alcoh\u00f2lica:<\/strong> <strong data-start=\"636\" data-end=\"650\">12,5% vol.<\/strong><\/p>\n<\/li>\n<li class=\"\" data-start=\"653\" data-end=\"786\">\n<p class=\"\" data-start=\"655\" data-end=\"786\"><strong data-start=\"655\" data-end=\"670\">Elaboraci\u00f3:<\/strong> <strong data-start=\"671\" data-end=\"692\">Maceraci\u00f3 en fred<\/strong> durant 3-4 hores i <strong data-start=\"712\" data-end=\"747\">fermentaci\u00f3 a baixa temperatura<\/strong> per preservar els <strong data-start=\"766\" data-end=\"786\">aromes afruitats<\/strong><\/p>\n<\/li>\n<\/ul>\n<h3 class=\"\" data-start=\"793\" data-end=\"814\"><strong data-start=\"797\" data-end=\"814\">Notes de tast<\/strong><\/h3>\n<ul data-start=\"816\" data-end=\"1184\">\n<li class=\"\" data-start=\"816\" data-end=\"882\">\n<p class=\"\" data-start=\"818\" data-end=\"882\"><strong data-start=\"818\" data-end=\"828\">Color:<\/strong> Rosa <strong data-start=\"834\" data-end=\"864\">p\u00e0l\u00b7lid amb reflexos salm\u00f3<\/strong>, net i brillant<\/p>\n<\/li>\n<li class=\"\" data-start=\"883\" data-end=\"1010\">\n<p class=\"\" data-start=\"885\" data-end=\"1010\"><strong data-start=\"885\" data-end=\"895\">Aroma:<\/strong> <strong data-start=\"896\" data-end=\"914\">Intens i fresc<\/strong>, amb notes de <strong data-start=\"929\" data-end=\"941\">maduixes<\/strong>, <strong data-start=\"943\" data-end=\"956\">groselles<\/strong> i un toc subtil de <strong data-start=\"976\" data-end=\"987\">pr\u00e9ssec<\/strong> i <strong data-start=\"990\" data-end=\"1008\">flors blanques<\/strong><\/p>\n<\/li>\n<li class=\"\" data-start=\"1011\" data-end=\"1184\">\n<p class=\"\" data-start=\"1013\" data-end=\"1184\"><strong data-start=\"1013\" data-end=\"1023\">Sabor:<\/strong> Lleuger i <strong data-start=\"1034\" data-end=\"1048\">refrescant<\/strong>, amb una <strong data-start=\"1058\" data-end=\"1081\">acidesa equilibrada<\/strong> que ressalta els sabors de fruita. Final <strong data-start=\"1123\" data-end=\"1144\">suau i persistent<\/strong>, amb records <strong data-start=\"1158\" data-end=\"1169\">c\u00edtrics<\/strong> i <strong data-start=\"1172\" data-end=\"1184\">herbacis<\/strong><\/p>\n<\/li>\n<\/ul>\n<h3 class=\"\" data-start=\"1191\" data-end=\"1218\"><strong data-start=\"1195\" data-end=\"1218\">Maridatge recomanat<\/strong><\/h3>\n<p class=\"\" data-start=\"1220\" data-end=\"1259\">Aquest rosat \u00e9s ideal per acompanyar:<\/p>\n<ul data-start=\"1260\" data-end=\"1404\">\n<li class=\"\" data-start=\"1260\" data-end=\"1288\">\n<p class=\"\" data-start=\"1262\" data-end=\"1288\"><strong data-start=\"1265\" data-end=\"1286\">Aperitius i tapes<\/strong><\/p>\n<\/li>\n<li class=\"\" data-start=\"1289\" data-end=\"1317\">\n<p class=\"\" data-start=\"1291\" data-end=\"1317\"><strong data-start=\"1294\" data-end=\"1315\">Amanides fresques<\/strong><\/p>\n<\/li>\n<li class=\"\" data-start=\"1318\" data-end=\"1352\">\n<p class=\"\" data-start=\"1320\" data-end=\"1352\"><strong data-start=\"1323\" data-end=\"1333\">Marisc<\/strong> i <strong data-start=\"1336\" data-end=\"1350\">peix blanc<\/strong><\/p>\n<\/li>\n<li class=\"\" data-start=\"1353\" data-end=\"1404\">\n<p class=\"\" data-start=\"1355\" data-end=\"1404\">Plats de <strong data-start=\"1367\" data-end=\"1385\">cuina asi\u00e0tica<\/strong> o <strong data-start=\"1388\" data-end=\"1404\">amb esp\u00e8cies<\/strong><\/p>\n<\/li>\n<\/ul>\n","protected":false},"excerpt":{"rendered":"<p>Ram\u00f3n Bilbao Rosat El Ram\u00f3n Bilbao Rosat \u00e9s un vi rosat jove i elegant de la D.O.Ca. Rioja, elaborat per la reconeguda bodega Ram\u00f3n Bilbao, situada a Haro, La Rioja. Aquest vi destaca per la seva frescor, finesa i perfil arom\u00e0tic afruitat, sent una opci\u00f3 ideal per a qui busca un rosat amb car\u00e0cter i&hellip;<\/p>\n","protected":false},"featured_media":84065,"comment_status":"closed","ping_status":"closed","template":"","meta":{"_acf_changed":false},"pwb-brand":[32907],"product_brand":[],"product_cat":[51670,51682],"product_tag":[14919,14900,38594,38583],"class_list":{"0":"post-84068","1":"product","2":"type-product","3":"status-publish","4":"has-post-thumbnail","6":"pwb-brand-rioja-d-o","7":"product_cat-vi","8":"product_cat-vi-rosat","9":"product_tag-ramon-bilbao-ca","10":"product_tag-rioja-ca","11":"product_tag-rosat","12":"product_tag-vi-rosat","13":"pa_anada-45483","14":"pa_bodega-bodegasramonbilbao","15":"pa_do-rioja-d-o-ca-ca","16":"pa_ecologico-vegano-natural-vega","17":"pa_envejecimiento-jove","18":"pa_formatoenml-38306","19":"pa_fresco-rosat-fresc","20":"pa_graduacion-12_5","21":"pa_maridaje-formatge-cremos","22":"pa_maridaje-formatge-curat","23":"pa_maridaje-marisc","24":"pa_maridaje-peix","25":"pa_maridaje-verdures","26":"pa_pais-espanya-ca","27":"pa_tipodevino-vi-tranquil","28":"pa_variedad-principal-garnacha-tinta-ca","29":"pa_variedad-principal-macabeu","30":"entry","31":"has-media","33":"first","34":"instock","35":"taxable","36":"shipping-taxable","37":"purchasable","38":"product-type-simple"},"acf":[],"yoast_head":"<!-- This site is optimized with the Yoast SEO Premium plugin v23.1 (Yoast SEO v23.5) - https:\/\/yoast.com\/wordpress\/plugins\/seo\/ -->\n<title>Ram\u00f3n Bilbao Rosat vi<\/title>\n<meta name=\"description\" content=\"Comprar online al millor preu el vi rosat Ram\u00f3n Bilbao DOCa Rioja. Descompte per caixa. Ofertes. Web segura i r\u00e0pida. Viniteca. Licoreria. Destil.lats. Begudes.\" \/>\n<meta name=\"robots\" content=\"noindex, follow, max-snippet:-1, max-image-preview:large, max-video-preview:-1\" \/>\n<meta property=\"og:locale\" content=\"ca_ES\" \/>\n<meta property=\"og:type\" content=\"article\" \/>\n<meta property=\"og:title\" content=\"Ram\u00f3n Bilbao Rosat\" \/>\n<meta property=\"og:description\" content=\"Comprar online al millor preu el vi rosat Ram\u00f3n Bilbao DOCa Rioja. Descompte per caixa. Ofertes. Web segura i r\u00e0pida. Viniteca. Licoreria. Destil.lats. Begudes.\" \/>\n<meta property=\"og:url\" content=\"https:\/\/aral2.cetrexmarketing.com\/ca\/producto\/ramon-bilbao-rosat\/\" \/>\n<meta property=\"og:site_name\" content=\"M\u00f3n La Cata\" \/>\n<meta property=\"article:modified_time\" content=\"2025-05-24T08:44:52+00:00\" \/>\n<meta property=\"og:image\" content=\"https:\/\/aral2.cetrexmarketing.com\/wp-content\/uploads\/2025\/05\/ramon-bilbao-rosado.jpg.png\" \/>\n\t<meta property=\"og:image:width\" content=\"765\" \/>\n\t<meta property=\"og:image:height\" content=\"1024\" \/>\n\t<meta property=\"og:image:type\" content=\"image\/png\" \/>\n<meta name=\"twitter:card\" content=\"summary_large_image\" \/>\n<meta name=\"twitter:label1\" content=\"Temps estimat de lectura\" \/>\n\t<meta name=\"twitter:data1\" content=\"2 minuts\" \/>\n<script type=\"application\/ld+json\" class=\"yoast-schema-graph\">{\"@context\":\"https:\/\/schema.org\",\"@graph\":[{\"@type\":\"WebPage\",\"@id\":\"https:\/\/aral2.cetrexmarketing.com\/ca\/producto\/ramon-bilbao-rosat\/\",\"url\":\"https:\/\/aral2.cetrexmarketing.com\/ca\/producto\/ramon-bilbao-rosat\/\",\"name\":\"Ram\u00f3n Bilbao Rosat vi\",\"isPartOf\":{\"@id\":\"https:\/\/aral2.cetrexmarketing.com\/#website\"},\"primaryImageOfPage\":{\"@id\":\"https:\/\/aral2.cetrexmarketing.com\/ca\/producto\/ramon-bilbao-rosat\/#primaryimage\"},\"image\":{\"@id\":\"https:\/\/aral2.cetrexmarketing.com\/ca\/producto\/ramon-bilbao-rosat\/#primaryimage\"},\"thumbnailUrl\":\"https:\/\/aral2.cetrexmarketing.com\/wp-content\/uploads\/2025\/05\/ramon-bilbao-rosado.jpg.png\",\"datePublished\":\"2025-05-24T08:44:51+00:00\",\"dateModified\":\"2025-05-24T08:44:52+00:00\",\"description\":\"Comprar online al millor preu el vi rosat Ram\u00f3n Bilbao DOCa Rioja. Descompte per caixa. Ofertes. Web segura i r\u00e0pida. Viniteca. Licoreria. Destil.lats. Begudes.\",\"breadcrumb\":{\"@id\":\"https:\/\/aral2.cetrexmarketing.com\/ca\/producto\/ramon-bilbao-rosat\/#breadcrumb\"},\"inLanguage\":\"ca\",\"potentialAction\":[{\"@type\":\"ReadAction\",\"target\":[\"https:\/\/aral2.cetrexmarketing.com\/ca\/producto\/ramon-bilbao-rosat\/\"]}]},{\"@type\":\"ImageObject\",\"inLanguage\":\"ca\",\"@id\":\"https:\/\/aral2.cetrexmarketing.com\/ca\/producto\/ramon-bilbao-rosat\/#primaryimage\",\"url\":\"https:\/\/aral2.cetrexmarketing.com\/wp-content\/uploads\/2025\/05\/ramon-bilbao-rosado.jpg.png\",\"contentUrl\":\"https:\/\/aral2.cetrexmarketing.com\/wp-content\/uploads\/2025\/05\/ramon-bilbao-rosado.jpg.png\",\"width\":765,\"height\":1024},{\"@type\":\"BreadcrumbList\",\"@id\":\"https:\/\/aral2.cetrexmarketing.com\/ca\/producto\/ramon-bilbao-rosat\/#breadcrumb\",\"itemListElement\":[{\"@type\":\"ListItem\",\"position\":1,\"name\":\"Home\",\"item\":\"https:\/\/aral2.cetrexmarketing.com\/ca\/\"},{\"@type\":\"ListItem\",\"position\":2,\"name\":\"Tienda\",\"item\":\"https:\/\/aral2.cetrexmarketing.com\/ca\/tienda-2\/\"},{\"@type\":\"ListItem\",\"position\":3,\"name\":\"Vi\",\"item\":\"https:\/\/aral2.cetrexmarketing.com\/categoria-producto\/vi\/\"},{\"@type\":\"ListItem\",\"position\":4,\"name\":\"Vi Rosat\",\"item\":\"https:\/\/aral2.cetrexmarketing.com\/categoria-producto\/vi\/vi-rosat\/\"},{\"@type\":\"ListItem\",\"position\":5,\"name\":\"Ram\u00f3n Bilbao Rosat\"}]},{\"@type\":\"WebSite\",\"@id\":\"https:\/\/aral2.cetrexmarketing.com\/#website\",\"url\":\"https:\/\/aral2.cetrexmarketing.com\/\",\"name\":\"M\u00f3n La Cata\",\"description\":\"Tienda de vinos, licores, cervezas y gourmet\",\"publisher\":{\"@id\":\"https:\/\/aral2.cetrexmarketing.com\/#organization\"},\"potentialAction\":[{\"@type\":\"SearchAction\",\"target\":{\"@type\":\"EntryPoint\",\"urlTemplate\":\"https:\/\/aral2.cetrexmarketing.com\/?s={search_term_string}\"},\"query-input\":{\"@type\":\"PropertyValueSpecification\",\"valueRequired\":true,\"valueName\":\"search_term_string\"}}],\"inLanguage\":\"ca\"},{\"@type\":\"Organization\",\"@id\":\"https:\/\/aral2.cetrexmarketing.com\/#organization\",\"name\":\"M\u00f3n La Cata\",\"url\":\"https:\/\/aral2.cetrexmarketing.com\/\",\"logo\":{\"@type\":\"ImageObject\",\"inLanguage\":\"ca\",\"@id\":\"https:\/\/aral2.cetrexmarketing.com\/#\/schema\/logo\/image\/\",\"url\":\"https:\/\/aral2.cetrexmarketing.com\/wp-content\/uploads\/2024\/10\/aral-logo-neg-1024x409-1.png\",\"contentUrl\":\"https:\/\/aral2.cetrexmarketing.com\/wp-content\/uploads\/2024\/10\/aral-logo-neg-1024x409-1.png\",\"width\":1024,\"height\":409,\"caption\":\"M\u00f3n La Cata\"},\"image\":{\"@id\":\"https:\/\/aral2.cetrexmarketing.com\/#\/schema\/logo\/image\/\"}}]}<\/script>\n<!-- \/ Yoast SEO Premium plugin. -->","yoast_head_json":{"title":"Ram\u00f3n Bilbao Rosat vi","description":"Comprar online al millor preu el vi rosat Ram\u00f3n Bilbao DOCa Rioja. Descompte per caixa. Ofertes. Web segura i r\u00e0pida. Viniteca. Licoreria. Destil.lats. Begudes.","robots":{"index":"noindex","follow":"follow","max-snippet":"max-snippet:-1","max-image-preview":"max-image-preview:large","max-video-preview":"max-video-preview:-1"},"og_locale":"ca_ES","og_type":"article","og_title":"Ram\u00f3n Bilbao Rosat","og_description":"Comprar online al millor preu el vi rosat Ram\u00f3n Bilbao DOCa Rioja. Descompte per caixa. Ofertes. Web segura i r\u00e0pida. Viniteca. Licoreria. Destil.lats. Begudes.","og_url":"https:\/\/aral2.cetrexmarketing.com\/ca\/producto\/ramon-bilbao-rosat\/","og_site_name":"M\u00f3n La Cata","article_modified_time":"2025-05-24T08:44:52+00:00","og_image":[{"width":765,"height":1024,"url":"https:\/\/aral2.cetrexmarketing.com\/wp-content\/uploads\/2025\/05\/ramon-bilbao-rosado.jpg.png","type":"image\/png"}],"twitter_card":"summary_large_image","twitter_misc":{"Temps estimat de lectura":"2 minuts"},"schema":{"@context":"https:\/\/schema.org","@graph":[{"@type":"WebPage","@id":"https:\/\/aral2.cetrexmarketing.com\/ca\/producto\/ramon-bilbao-rosat\/","url":"https:\/\/aral2.cetrexmarketing.com\/ca\/producto\/ramon-bilbao-rosat\/","name":"Ram\u00f3n Bilbao Rosat vi","isPartOf":{"@id":"https:\/\/aral2.cetrexmarketing.com\/#website"},"primaryImageOfPage":{"@id":"https:\/\/aral2.cetrexmarketing.com\/ca\/producto\/ramon-bilbao-rosat\/#primaryimage"},"image":{"@id":"https:\/\/aral2.cetrexmarketing.com\/ca\/producto\/ramon-bilbao-rosat\/#primaryimage"},"thumbnailUrl":"https:\/\/aral2.cetrexmarketing.com\/wp-content\/uploads\/2025\/05\/ramon-bilbao-rosado.jpg.png","datePublished":"2025-05-24T08:44:51+00:00","dateModified":"2025-05-24T08:44:52+00:00","description":"Comprar online al millor preu el vi rosat Ram\u00f3n Bilbao DOCa Rioja. Descompte per caixa. Ofertes. Web segura i r\u00e0pida. Viniteca. Licoreria. Destil.lats. Begudes.","breadcrumb":{"@id":"https:\/\/aral2.cetrexmarketing.com\/ca\/producto\/ramon-bilbao-rosat\/#breadcrumb"},"inLanguage":"ca","potentialAction":[{"@type":"ReadAction","target":["https:\/\/aral2.cetrexmarketing.com\/ca\/producto\/ramon-bilbao-rosat\/"]}]},{"@type":"ImageObject","inLanguage":"ca","@id":"https:\/\/aral2.cetrexmarketing.com\/ca\/producto\/ramon-bilbao-rosat\/#primaryimage","url":"https:\/\/aral2.cetrexmarketing.com\/wp-content\/uploads\/2025\/05\/ramon-bilbao-rosado.jpg.png","contentUrl":"https:\/\/aral2.cetrexmarketing.com\/wp-content\/uploads\/2025\/05\/ramon-bilbao-rosado.jpg.png","width":765,"height":1024},{"@type":"BreadcrumbList","@id":"https:\/\/aral2.cetrexmarketing.com\/ca\/producto\/ramon-bilbao-rosat\/#breadcrumb","itemListElement":[{"@type":"ListItem","position":1,"name":"Home","item":"https:\/\/aral2.cetrexmarketing.com\/ca\/"},{"@type":"ListItem","position":2,"name":"Tienda","item":"https:\/\/aral2.cetrexmarketing.com\/ca\/tienda-2\/"},{"@type":"ListItem","position":3,"name":"Vi","item":"https:\/\/aral2.cetrexmarketing.com\/categoria-producto\/vi\/"},{"@type":"ListItem","position":4,"name":"Vi Rosat","item":"https:\/\/aral2.cetrexmarketing.com\/categoria-producto\/vi\/vi-rosat\/"},{"@type":"ListItem","position":5,"name":"Ram\u00f3n Bilbao Rosat"}]},{"@type":"WebSite","@id":"https:\/\/aral2.cetrexmarketing.com\/#website","url":"https:\/\/aral2.cetrexmarketing.com\/","name":"M\u00f3n La Cata","description":"Tienda de vinos, licores, cervezas y gourmet","publisher":{"@id":"https:\/\/aral2.cetrexmarketing.com\/#organization"},"potentialAction":[{"@type":"SearchAction","target":{"@type":"EntryPoint","urlTemplate":"https:\/\/aral2.cetrexmarketing.com\/?s={search_term_string}"},"query-input":{"@type":"PropertyValueSpecification","valueRequired":true,"valueName":"search_term_string"}}],"inLanguage":"ca"},{"@type":"Organization","@id":"https:\/\/aral2.cetrexmarketing.com\/#organization","name":"M\u00f3n La Cata","url":"https:\/\/aral2.cetrexmarketing.com\/","logo":{"@type":"ImageObject","inLanguage":"ca","@id":"https:\/\/aral2.cetrexmarketing.com\/#\/schema\/logo\/image\/","url":"https:\/\/aral2.cetrexmarketing.com\/wp-content\/uploads\/2024\/10\/aral-logo-neg-1024x409-1.png","contentUrl":"https:\/\/aral2.cetrexmarketing.com\/wp-content\/uploads\/2024\/10\/aral-logo-neg-1024x409-1.png","width":1024,"height":409,"caption":"M\u00f3n La Cata"},"image":{"@id":"https:\/\/aral2.cetrexmarketing.com\/#\/schema\/logo\/image\/"}}]}},"brands":[{"id":32907,"name":"Rioja D.O.","slug":"rioja-d-o"}],"_links":{"self":[{"href":"https:\/\/aral2.cetrexmarketing.com\/ca\/wp-json\/wp\/v2\/product\/84068","targetHints":{"allow":["GET"]}}],"collection":[{"href":"https:\/\/aral2.cetrexmarketing.com\/ca\/wp-json\/wp\/v2\/product"}],"about":[{"href":"https:\/\/aral2.cetrexmarketing.com\/ca\/wp-json\/wp\/v2\/types\/product"}],"replies":[{"embeddable":true,"href":"https:\/\/aral2.cetrexmarketing.com\/ca\/wp-json\/wp\/v2\/comments?post=84068"}],"wp:featuredmedia":[{"embeddable":true,"href":"https:\/\/aral2.cetrexmarketing.com\/ca\/wp-json\/wp\/v2\/media\/84065"}],"wp:attachment":[{"href":"https:\/\/aral2.cetrexmarketing.com\/ca\/wp-json\/wp\/v2\/media?parent=84068"}],"wp:term":[{"taxonomy":"pwb-brand","embeddable":true,"href":"https:\/\/aral2.cetrexmarketing.com\/ca\/wp-json\/wp\/v2\/pwb-brand?post=84068"},{"taxonomy":"product_brand","embeddable":true,"href":"https:\/\/aral2.cetrexmarketing.com\/ca\/wp-json\/wp\/v2\/product_brand?post=84068"},{"taxonomy":"product_cat","embeddable":true,"href":"https:\/\/aral2.cetrexmarketing.com\/ca\/wp-json\/wp\/v2\/product_cat?post=84068"},{"taxonomy":"product_tag","embeddable":true,"href":"https:\/\/aral2.cetrexmarketing.com\/ca\/wp-json\/wp\/v2\/product_tag?post=84068"}],"curies":[{"name":"wp","href":"https:\/\/api.w.org\/{rel}","templated":true}]}}