{"id":84056,"date":"2025-05-24T08:44:38","date_gmt":"2025-05-24T08:44:38","guid":{"rendered":"https:\/\/aral2.cetrexmarketing.com\/producto\/can-rafols-dels-caus-gran-caus-rosat\/"},"modified":"2025-05-24T08:44:40","modified_gmt":"2025-05-24T08:44:40","slug":"can-rafols-dels-caus-gran-caus-rosat","status":"publish","type":"product","link":"https:\/\/aral2.cetrexmarketing.com\/ca\/producto\/can-rafols-dels-caus-gran-caus-rosat\/","title":{"rendered":"Can R\u00e0fols dels Caus Gran Caus Rosat"},"content":{"rendered":"","protected":false},"excerpt":{"rendered":"","protected":false},"featured_media":84053,"comment_status":"closed","ping_status":"closed","template":"","meta":{"_acf_changed":false},"pwb-brand":[32895],"product_brand":[],"product_cat":[51670,51682],"product_tag":[14988,16242,15082,15820,38583],"class_list":{"0":"post-84056","1":"product","2":"type-product","3":"status-publish","4":"has-post-thumbnail","6":"pwb-brand-penedes-d-o","7":"product_cat-vi","8":"product_cat-vi-rosat","9":"product_tag-can-rafols-dels-caus-ca","10":"product_tag-carlos-esteva-ca","11":"product_tag-gran-caus-ca","12":"product_tag-organic-wine-ca","13":"product_tag-vi-rosat","14":"pa_anada-36212","15":"pa_bodega-can-rafols-dels-caus","16":"pa_certificado-certificat-dagricultura-ecologica-2","17":"pa_do-penedes-d-o-ca","18":"pa_elaborador-carlosesteva-ca","19":"pa_formatoenl-36158","20":"pa_formatoenml-38306","21":"pa_gastronomico-rosat-gastronomic","22":"pa_graduacion-13_5","23":"pa_maridaje-carn-blanca","24":"pa_maridaje-marisc","25":"pa_maridaje-midons","26":"pa_maridaje-peix","27":"pa_maridaje-verdures","28":"pa_pais-espanya-ca","29":"pa_pesoengramos-38337","30":"pa_pesoenkg-125-ca","31":"pa_region-cataluna","32":"pa_tipodevino-vi-tranquil","33":"pa_variedad-principal-merlot-ca","34":"entry","35":"has-media","37":"first","38":"instock","39":"taxable","40":"shipping-taxable","41":"purchasable","42":"product-type-simple"},"acf":[],"yoast_head":"<!-- This site is optimized with the Yoast SEO Premium plugin v23.1 (Yoast SEO v23.5) - https:\/\/yoast.com\/wordpress\/plugins\/seo\/ -->\n<title>Gran Caus Rosat vi<\/title>\n<meta name=\"description\" content=\"Comprar online al millor preu el vi rosat Gran Caus de Can R\u00e0fols dels Caus (DO Pened\u00e8s). Botiga web, f\u00edsica i online, segura i de confian\u00e7a. Enviament r\u00e0pid.\" \/>\n<meta name=\"robots\" content=\"noindex, follow, max-snippet:-1, max-image-preview:large, max-video-preview:-1\" \/>\n<meta property=\"og:locale\" content=\"ca_ES\" \/>\n<meta property=\"og:type\" content=\"article\" \/>\n<meta property=\"og:title\" content=\"Can R\u00e0fols dels Caus Gran Caus Rosat\" \/>\n<meta property=\"og:description\" content=\"Comprar online al millor preu el vi rosat Gran Caus de Can R\u00e0fols dels Caus (DO Pened\u00e8s). Botiga web, f\u00edsica i online, segura i de confian\u00e7a. Enviament r\u00e0pid.\" \/>\n<meta property=\"og:url\" content=\"https:\/\/aral2.cetrexmarketing.com\/ca\/producto\/can-rafols-dels-caus-gran-caus-rosat\/\" \/>\n<meta property=\"og:site_name\" content=\"M\u00f3n La Cata\" \/>\n<meta property=\"article:modified_time\" content=\"2025-05-24T08:44:40+00:00\" \/>\n<meta property=\"og:image\" content=\"https:\/\/aral2.cetrexmarketing.com\/wp-content\/uploads\/2025\/05\/GRAN-CAUS-ROSADO-1.png\" \/>\n\t<meta property=\"og:image:width\" content=\"765\" \/>\n\t<meta property=\"og:image:height\" content=\"1024\" \/>\n\t<meta property=\"og:image:type\" content=\"image\/png\" \/>\n<meta name=\"twitter:card\" content=\"summary_large_image\" \/>\n<script type=\"application\/ld+json\" class=\"yoast-schema-graph\">{\"@context\":\"https:\/\/schema.org\",\"@graph\":[{\"@type\":\"WebPage\",\"@id\":\"https:\/\/aral2.cetrexmarketing.com\/ca\/producto\/can-rafols-dels-caus-gran-caus-rosat\/\",\"url\":\"https:\/\/aral2.cetrexmarketing.com\/ca\/producto\/can-rafols-dels-caus-gran-caus-rosat\/\",\"name\":\"Gran Caus Rosat vi\",\"isPartOf\":{\"@id\":\"https:\/\/aral2.cetrexmarketing.com\/#website\"},\"primaryImageOfPage\":{\"@id\":\"https:\/\/aral2.cetrexmarketing.com\/ca\/producto\/can-rafols-dels-caus-gran-caus-rosat\/#primaryimage\"},\"image\":{\"@id\":\"https:\/\/aral2.cetrexmarketing.com\/ca\/producto\/can-rafols-dels-caus-gran-caus-rosat\/#primaryimage\"},\"thumbnailUrl\":\"https:\/\/aral2.cetrexmarketing.com\/wp-content\/uploads\/2025\/05\/GRAN-CAUS-ROSADO-1.png\",\"datePublished\":\"2025-05-24T08:44:38+00:00\",\"dateModified\":\"2025-05-24T08:44:40+00:00\",\"description\":\"Comprar online al millor preu el vi rosat Gran Caus de Can R\u00e0fols dels Caus (DO Pened\u00e8s). Botiga web, f\u00edsica i online, segura i de confian\u00e7a. Enviament r\u00e0pid.\",\"breadcrumb\":{\"@id\":\"https:\/\/aral2.cetrexmarketing.com\/ca\/producto\/can-rafols-dels-caus-gran-caus-rosat\/#breadcrumb\"},\"inLanguage\":\"ca\",\"potentialAction\":[{\"@type\":\"ReadAction\",\"target\":[\"https:\/\/aral2.cetrexmarketing.com\/ca\/producto\/can-rafols-dels-caus-gran-caus-rosat\/\"]}]},{\"@type\":\"ImageObject\",\"inLanguage\":\"ca\",\"@id\":\"https:\/\/aral2.cetrexmarketing.com\/ca\/producto\/can-rafols-dels-caus-gran-caus-rosat\/#primaryimage\",\"url\":\"https:\/\/aral2.cetrexmarketing.com\/wp-content\/uploads\/2025\/05\/GRAN-CAUS-ROSADO-1.png\",\"contentUrl\":\"https:\/\/aral2.cetrexmarketing.com\/wp-content\/uploads\/2025\/05\/GRAN-CAUS-ROSADO-1.png\",\"width\":765,\"height\":1024},{\"@type\":\"BreadcrumbList\",\"@id\":\"https:\/\/aral2.cetrexmarketing.com\/ca\/producto\/can-rafols-dels-caus-gran-caus-rosat\/#breadcrumb\",\"itemListElement\":[{\"@type\":\"ListItem\",\"position\":1,\"name\":\"Home\",\"item\":\"https:\/\/aral2.cetrexmarketing.com\/ca\/\"},{\"@type\":\"ListItem\",\"position\":2,\"name\":\"Tienda\",\"item\":\"https:\/\/aral2.cetrexmarketing.com\/ca\/tienda-2\/\"},{\"@type\":\"ListItem\",\"position\":3,\"name\":\"Vi\",\"item\":\"https:\/\/aral2.cetrexmarketing.com\/categoria-producto\/vi\/\"},{\"@type\":\"ListItem\",\"position\":4,\"name\":\"Vi Rosat\",\"item\":\"https:\/\/aral2.cetrexmarketing.com\/categoria-producto\/vi\/vi-rosat\/\"},{\"@type\":\"ListItem\",\"position\":5,\"name\":\"Can R\u00e0fols dels Caus Gran Caus Rosat\"}]},{\"@type\":\"WebSite\",\"@id\":\"https:\/\/aral2.cetrexmarketing.com\/#website\",\"url\":\"https:\/\/aral2.cetrexmarketing.com\/\",\"name\":\"M\u00f3n La Cata\",\"description\":\"Tienda de vinos, licores, cervezas y gourmet\",\"publisher\":{\"@id\":\"https:\/\/aral2.cetrexmarketing.com\/#organization\"},\"potentialAction\":[{\"@type\":\"SearchAction\",\"target\":{\"@type\":\"EntryPoint\",\"urlTemplate\":\"https:\/\/aral2.cetrexmarketing.com\/?s={search_term_string}\"},\"query-input\":{\"@type\":\"PropertyValueSpecification\",\"valueRequired\":true,\"valueName\":\"search_term_string\"}}],\"inLanguage\":\"ca\"},{\"@type\":\"Organization\",\"@id\":\"https:\/\/aral2.cetrexmarketing.com\/#organization\",\"name\":\"M\u00f3n La Cata\",\"url\":\"https:\/\/aral2.cetrexmarketing.com\/\",\"logo\":{\"@type\":\"ImageObject\",\"inLanguage\":\"ca\",\"@id\":\"https:\/\/aral2.cetrexmarketing.com\/#\/schema\/logo\/image\/\",\"url\":\"https:\/\/aral2.cetrexmarketing.com\/wp-content\/uploads\/2024\/10\/aral-logo-neg-1024x409-1.png\",\"contentUrl\":\"https:\/\/aral2.cetrexmarketing.com\/wp-content\/uploads\/2024\/10\/aral-logo-neg-1024x409-1.png\",\"width\":1024,\"height\":409,\"caption\":\"M\u00f3n La Cata\"},\"image\":{\"@id\":\"https:\/\/aral2.cetrexmarketing.com\/#\/schema\/logo\/image\/\"}}]}<\/script>\n<!-- \/ Yoast SEO Premium plugin. -->","yoast_head_json":{"title":"Gran Caus Rosat vi","description":"Comprar online al millor preu el vi rosat Gran Caus de Can R\u00e0fols dels Caus (DO Pened\u00e8s). Botiga web, f\u00edsica i online, segura i de confian\u00e7a. Enviament r\u00e0pid.","robots":{"index":"noindex","follow":"follow","max-snippet":"max-snippet:-1","max-image-preview":"max-image-preview:large","max-video-preview":"max-video-preview:-1"},"og_locale":"ca_ES","og_type":"article","og_title":"Can R\u00e0fols dels Caus Gran Caus Rosat","og_description":"Comprar online al millor preu el vi rosat Gran Caus de Can R\u00e0fols dels Caus (DO Pened\u00e8s). Botiga web, f\u00edsica i online, segura i de confian\u00e7a. Enviament r\u00e0pid.","og_url":"https:\/\/aral2.cetrexmarketing.com\/ca\/producto\/can-rafols-dels-caus-gran-caus-rosat\/","og_site_name":"M\u00f3n La Cata","article_modified_time":"2025-05-24T08:44:40+00:00","og_image":[{"width":765,"height":1024,"url":"https:\/\/aral2.cetrexmarketing.com\/wp-content\/uploads\/2025\/05\/GRAN-CAUS-ROSADO-1.png","type":"image\/png"}],"twitter_card":"summary_large_image","schema":{"@context":"https:\/\/schema.org","@graph":[{"@type":"WebPage","@id":"https:\/\/aral2.cetrexmarketing.com\/ca\/producto\/can-rafols-dels-caus-gran-caus-rosat\/","url":"https:\/\/aral2.cetrexmarketing.com\/ca\/producto\/can-rafols-dels-caus-gran-caus-rosat\/","name":"Gran Caus Rosat vi","isPartOf":{"@id":"https:\/\/aral2.cetrexmarketing.com\/#website"},"primaryImageOfPage":{"@id":"https:\/\/aral2.cetrexmarketing.com\/ca\/producto\/can-rafols-dels-caus-gran-caus-rosat\/#primaryimage"},"image":{"@id":"https:\/\/aral2.cetrexmarketing.com\/ca\/producto\/can-rafols-dels-caus-gran-caus-rosat\/#primaryimage"},"thumbnailUrl":"https:\/\/aral2.cetrexmarketing.com\/wp-content\/uploads\/2025\/05\/GRAN-CAUS-ROSADO-1.png","datePublished":"2025-05-24T08:44:38+00:00","dateModified":"2025-05-24T08:44:40+00:00","description":"Comprar online al millor preu el vi rosat Gran Caus de Can R\u00e0fols dels Caus (DO Pened\u00e8s). Botiga web, f\u00edsica i online, segura i de confian\u00e7a. Enviament r\u00e0pid.","breadcrumb":{"@id":"https:\/\/aral2.cetrexmarketing.com\/ca\/producto\/can-rafols-dels-caus-gran-caus-rosat\/#breadcrumb"},"inLanguage":"ca","potentialAction":[{"@type":"ReadAction","target":["https:\/\/aral2.cetrexmarketing.com\/ca\/producto\/can-rafols-dels-caus-gran-caus-rosat\/"]}]},{"@type":"ImageObject","inLanguage":"ca","@id":"https:\/\/aral2.cetrexmarketing.com\/ca\/producto\/can-rafols-dels-caus-gran-caus-rosat\/#primaryimage","url":"https:\/\/aral2.cetrexmarketing.com\/wp-content\/uploads\/2025\/05\/GRAN-CAUS-ROSADO-1.png","contentUrl":"https:\/\/aral2.cetrexmarketing.com\/wp-content\/uploads\/2025\/05\/GRAN-CAUS-ROSADO-1.png","width":765,"height":1024},{"@type":"BreadcrumbList","@id":"https:\/\/aral2.cetrexmarketing.com\/ca\/producto\/can-rafols-dels-caus-gran-caus-rosat\/#breadcrumb","itemListElement":[{"@type":"ListItem","position":1,"name":"Home","item":"https:\/\/aral2.cetrexmarketing.com\/ca\/"},{"@type":"ListItem","position":2,"name":"Tienda","item":"https:\/\/aral2.cetrexmarketing.com\/ca\/tienda-2\/"},{"@type":"ListItem","position":3,"name":"Vi","item":"https:\/\/aral2.cetrexmarketing.com\/categoria-producto\/vi\/"},{"@type":"ListItem","position":4,"name":"Vi Rosat","item":"https:\/\/aral2.cetrexmarketing.com\/categoria-producto\/vi\/vi-rosat\/"},{"@type":"ListItem","position":5,"name":"Can R\u00e0fols dels Caus Gran Caus Rosat"}]},{"@type":"WebSite","@id":"https:\/\/aral2.cetrexmarketing.com\/#website","url":"https:\/\/aral2.cetrexmarketing.com\/","name":"M\u00f3n La Cata","description":"Tienda de vinos, licores, cervezas y gourmet","publisher":{"@id":"https:\/\/aral2.cetrexmarketing.com\/#organization"},"potentialAction":[{"@type":"SearchAction","target":{"@type":"EntryPoint","urlTemplate":"https:\/\/aral2.cetrexmarketing.com\/?s={search_term_string}"},"query-input":{"@type":"PropertyValueSpecification","valueRequired":true,"valueName":"search_term_string"}}],"inLanguage":"ca"},{"@type":"Organization","@id":"https:\/\/aral2.cetrexmarketing.com\/#organization","name":"M\u00f3n La Cata","url":"https:\/\/aral2.cetrexmarketing.com\/","logo":{"@type":"ImageObject","inLanguage":"ca","@id":"https:\/\/aral2.cetrexmarketing.com\/#\/schema\/logo\/image\/","url":"https:\/\/aral2.cetrexmarketing.com\/wp-content\/uploads\/2024\/10\/aral-logo-neg-1024x409-1.png","contentUrl":"https:\/\/aral2.cetrexmarketing.com\/wp-content\/uploads\/2024\/10\/aral-logo-neg-1024x409-1.png","width":1024,"height":409,"caption":"M\u00f3n La Cata"},"image":{"@id":"https:\/\/aral2.cetrexmarketing.com\/#\/schema\/logo\/image\/"}}]}},"brands":[{"id":32895,"name":"Pened\u00e8s D.O.","slug":"penedes-d-o"}],"_links":{"self":[{"href":"https:\/\/aral2.cetrexmarketing.com\/ca\/wp-json\/wp\/v2\/product\/84056","targetHints":{"allow":["GET"]}}],"collection":[{"href":"https:\/\/aral2.cetrexmarketing.com\/ca\/wp-json\/wp\/v2\/product"}],"about":[{"href":"https:\/\/aral2.cetrexmarketing.com\/ca\/wp-json\/wp\/v2\/types\/product"}],"replies":[{"embeddable":true,"href":"https:\/\/aral2.cetrexmarketing.com\/ca\/wp-json\/wp\/v2\/comments?post=84056"}],"wp:featuredmedia":[{"embeddable":true,"href":"https:\/\/aral2.cetrexmarketing.com\/ca\/wp-json\/wp\/v2\/media\/84053"}],"wp:attachment":[{"href":"https:\/\/aral2.cetrexmarketing.com\/ca\/wp-json\/wp\/v2\/media?parent=84056"}],"wp:term":[{"taxonomy":"pwb-brand","embeddable":true,"href":"https:\/\/aral2.cetrexmarketing.com\/ca\/wp-json\/wp\/v2\/pwb-brand?post=84056"},{"taxonomy":"product_brand","embeddable":true,"href":"https:\/\/aral2.cetrexmarketing.com\/ca\/wp-json\/wp\/v2\/product_brand?post=84056"},{"taxonomy":"product_cat","embeddable":true,"href":"https:\/\/aral2.cetrexmarketing.com\/ca\/wp-json\/wp\/v2\/product_cat?post=84056"},{"taxonomy":"product_tag","embeddable":true,"href":"https:\/\/aral2.cetrexmarketing.com\/ca\/wp-json\/wp\/v2\/product_tag?post=84056"}],"curies":[{"name":"wp","href":"https:\/\/api.w.org\/{rel}","templated":true}]}}