{"id":84052,"date":"2025-05-24T08:44:35","date_gmt":"2025-05-24T08:44:35","guid":{"rendered":"https:\/\/aral2.cetrexmarketing.com\/producto\/augustus-primer-rosat\/"},"modified":"2025-05-24T08:44:36","modified_gmt":"2025-05-24T08:44:36","slug":"augustus-primer-rosat","status":"publish","type":"product","link":"https:\/\/aral2.cetrexmarketing.com\/ca\/producto\/augustus-primer-rosat\/","title":{"rendered":"Augustus Primer Rosat"},"content":{"rendered":"<p>Es tracta d\u2019un rosa amb molta personalitat. Fabricat en 50% Merlot i 50% Cabernet Sauvignon.<br \/>\n n<br \/>\n ncolor rub\u00ed.<br \/>\n n<br \/>\nIntens al nas, amb molts aromes de fruita vermella, per\u00f2 tamb\u00e9 a pebre i caf\u00e8 verd.<br \/>\n n<br \/>\n Nen Boca t\u00e9 un cos, \u00e9s for\u00e7a dens, cosa que el fa molt sabor\u00f3s i elegant, a m\u00e9s de dol\u00e7.<br \/>\n n<br \/>\n ns un vi que pot anar molt b\u00e9 per acompanyar una paella i una muntanya marines.<\/p>\n","protected":false},"excerpt":{"rendered":"<p><span id=\"docs-internal-guid-67c37779-7fff-dfca-62cd-fd72ea63614c\"><span>Aquest \u00e9s un rosat amb molta personalitat. Fet d&#8217;un 50% Merlot i 50% Cabernet Sauvignon.<\/span><\/span><\/p>\n<p><span><span>Color rob\u00ed. <\/span><\/span><\/p>\n<p><span><span>\u00c9s intens en nas, amb moltes aromes de fruita vermella, per\u00f2 tamb\u00e9 el pebrot i el caf\u00e8 verd.<\/span><\/span><\/p>\n<p><span><span>En boca te cos, \u00e9s bastant dens, cosa que el fa molt sabor\u00f3s i elegant, a la vegada que gol\u00f3s.<\/span><\/span><\/p>\n<p><span><span>\u00c9s un vi que pot anar molt b\u00e9 per acompanyar una paella mar i muntanya.<\/span><\/span><\/p>\n","protected":false},"featured_media":84045,"comment_status":"closed","ping_status":"closed","template":"","meta":{"_acf_changed":false},"pwb-brand":[44951,32895],"product_brand":[],"product_cat":[51669,51670,51682],"product_tag":[15084,15755,14981,15756,14982,38427,38583],"class_list":{"0":"post-84052","1":"product","2":"type-product","3":"status-publish","4":"has-post-thumbnail","6":"pwb-brand-augustus","7":"pwb-brand-penedes-d-o","8":"product_cat-ecologic","9":"product_cat-vi","10":"product_cat-vi-rosat","11":"product_tag-agricultura-ecologica-ca","12":"product_tag-augustus-ca","13":"product_tag-do-penedes-ca","14":"product_tag-el-vendrell-ca","15":"product_tag-penedes-ca","16":"product_tag-vi-ecologic","17":"product_tag-vi-rosat","18":"pa_anada-45483","19":"pa_bodega-cellersaugustusforum-ca","20":"pa_do-penedes-d-o-ca","21":"pa_ecologico-vegano-natural-ecologic","22":"pa_floral-rosat-floral","23":"pa_formatoenml-38306","24":"pa_graduacion-13_5","25":"pa_maridaje-embotits","26":"pa_maridaje-midons","27":"pa_pueblociudad-elvendrelltarragona","28":"pa_tipodevino-vi-tranquil","29":"entry","30":"has-media","32":"first","33":"instock","34":"taxable","35":"shipping-taxable","36":"purchasable","37":"product-type-simple"},"acf":[],"yoast_head":"<!-- This site is optimized with the Yoast SEO Premium plugin v23.1 (Yoast SEO v23.5) - https:\/\/yoast.com\/wordpress\/plugins\/seo\/ -->\n<title>Augustus Primer Rosat vi DO Pened\u00e8s<\/title>\n<meta name=\"description\" content=\"Comprar online a bon preu el vi rosat Augustus elaborat al celler Augustus Forum a la DO Pened\u00e8s. Ecol\u00f2gic. A monlacata.com rebr\u00e0 la comanda r\u00e0pid i segur\" \/>\n<meta name=\"robots\" content=\"noindex, follow, max-snippet:-1, max-image-preview:large, max-video-preview:-1\" \/>\n<meta property=\"og:locale\" content=\"ca_ES\" \/>\n<meta property=\"og:type\" content=\"article\" \/>\n<meta property=\"og:title\" content=\"Augustus Primer Rosat\" \/>\n<meta property=\"og:description\" content=\"Comprar online a bon preu el vi rosat Augustus elaborat al celler Augustus Forum a la DO Pened\u00e8s. Ecol\u00f2gic. A monlacata.com rebr\u00e0 la comanda r\u00e0pid i segur\" \/>\n<meta property=\"og:url\" content=\"https:\/\/aral2.cetrexmarketing.com\/ca\/producto\/augustus-primer-rosat\/\" \/>\n<meta property=\"og:site_name\" content=\"M\u00f3n La Cata\" \/>\n<meta property=\"article:modified_time\" content=\"2025-05-24T08:44:36+00:00\" \/>\n<meta property=\"og:image\" content=\"https:\/\/aral2.cetrexmarketing.com\/wp-content\/uploads\/2025\/05\/augustus-primer-rosado.jpg.png\" \/>\n\t<meta property=\"og:image:width\" content=\"765\" \/>\n\t<meta property=\"og:image:height\" content=\"1024\" \/>\n\t<meta property=\"og:image:type\" content=\"image\/png\" \/>\n<meta name=\"twitter:card\" content=\"summary_large_image\" \/>\n<script type=\"application\/ld+json\" class=\"yoast-schema-graph\">{\"@context\":\"https:\/\/schema.org\",\"@graph\":[{\"@type\":\"WebPage\",\"@id\":\"https:\/\/aral2.cetrexmarketing.com\/ca\/producto\/augustus-primer-rosat\/\",\"url\":\"https:\/\/aral2.cetrexmarketing.com\/ca\/producto\/augustus-primer-rosat\/\",\"name\":\"Augustus Primer Rosat vi DO Pened\u00e8s\",\"isPartOf\":{\"@id\":\"https:\/\/aral2.cetrexmarketing.com\/#website\"},\"primaryImageOfPage\":{\"@id\":\"https:\/\/aral2.cetrexmarketing.com\/ca\/producto\/augustus-primer-rosat\/#primaryimage\"},\"image\":{\"@id\":\"https:\/\/aral2.cetrexmarketing.com\/ca\/producto\/augustus-primer-rosat\/#primaryimage\"},\"thumbnailUrl\":\"https:\/\/aral2.cetrexmarketing.com\/wp-content\/uploads\/2025\/05\/augustus-primer-rosado.jpg.png\",\"datePublished\":\"2025-05-24T08:44:35+00:00\",\"dateModified\":\"2025-05-24T08:44:36+00:00\",\"description\":\"Comprar online a bon preu el vi rosat Augustus elaborat al celler Augustus Forum a la DO Pened\u00e8s. Ecol\u00f2gic. A monlacata.com rebr\u00e0 la comanda r\u00e0pid i segur\",\"breadcrumb\":{\"@id\":\"https:\/\/aral2.cetrexmarketing.com\/ca\/producto\/augustus-primer-rosat\/#breadcrumb\"},\"inLanguage\":\"ca\",\"potentialAction\":[{\"@type\":\"ReadAction\",\"target\":[\"https:\/\/aral2.cetrexmarketing.com\/ca\/producto\/augustus-primer-rosat\/\"]}]},{\"@type\":\"ImageObject\",\"inLanguage\":\"ca\",\"@id\":\"https:\/\/aral2.cetrexmarketing.com\/ca\/producto\/augustus-primer-rosat\/#primaryimage\",\"url\":\"https:\/\/aral2.cetrexmarketing.com\/wp-content\/uploads\/2025\/05\/augustus-primer-rosado.jpg.png\",\"contentUrl\":\"https:\/\/aral2.cetrexmarketing.com\/wp-content\/uploads\/2025\/05\/augustus-primer-rosado.jpg.png\",\"width\":765,\"height\":1024},{\"@type\":\"BreadcrumbList\",\"@id\":\"https:\/\/aral2.cetrexmarketing.com\/ca\/producto\/augustus-primer-rosat\/#breadcrumb\",\"itemListElement\":[{\"@type\":\"ListItem\",\"position\":1,\"name\":\"Home\",\"item\":\"https:\/\/aral2.cetrexmarketing.com\/ca\/\"},{\"@type\":\"ListItem\",\"position\":2,\"name\":\"Tienda\",\"item\":\"https:\/\/aral2.cetrexmarketing.com\/ca\/tienda-2\/\"},{\"@type\":\"ListItem\",\"position\":3,\"name\":\"Vi\",\"item\":\"https:\/\/aral2.cetrexmarketing.com\/categoria-producto\/vi\/\"},{\"@type\":\"ListItem\",\"position\":4,\"name\":\"Vi Rosat\",\"item\":\"https:\/\/aral2.cetrexmarketing.com\/categoria-producto\/vi\/vi-rosat\/\"},{\"@type\":\"ListItem\",\"position\":5,\"name\":\"Augustus Primer Rosat\"}]},{\"@type\":\"WebSite\",\"@id\":\"https:\/\/aral2.cetrexmarketing.com\/#website\",\"url\":\"https:\/\/aral2.cetrexmarketing.com\/\",\"name\":\"M\u00f3n La Cata\",\"description\":\"Tienda de vinos, licores, cervezas y gourmet\",\"publisher\":{\"@id\":\"https:\/\/aral2.cetrexmarketing.com\/#organization\"},\"potentialAction\":[{\"@type\":\"SearchAction\",\"target\":{\"@type\":\"EntryPoint\",\"urlTemplate\":\"https:\/\/aral2.cetrexmarketing.com\/?s={search_term_string}\"},\"query-input\":{\"@type\":\"PropertyValueSpecification\",\"valueRequired\":true,\"valueName\":\"search_term_string\"}}],\"inLanguage\":\"ca\"},{\"@type\":\"Organization\",\"@id\":\"https:\/\/aral2.cetrexmarketing.com\/#organization\",\"name\":\"M\u00f3n La Cata\",\"url\":\"https:\/\/aral2.cetrexmarketing.com\/\",\"logo\":{\"@type\":\"ImageObject\",\"inLanguage\":\"ca\",\"@id\":\"https:\/\/aral2.cetrexmarketing.com\/#\/schema\/logo\/image\/\",\"url\":\"https:\/\/aral2.cetrexmarketing.com\/wp-content\/uploads\/2024\/10\/aral-logo-neg-1024x409-1.png\",\"contentUrl\":\"https:\/\/aral2.cetrexmarketing.com\/wp-content\/uploads\/2024\/10\/aral-logo-neg-1024x409-1.png\",\"width\":1024,\"height\":409,\"caption\":\"M\u00f3n La Cata\"},\"image\":{\"@id\":\"https:\/\/aral2.cetrexmarketing.com\/#\/schema\/logo\/image\/\"}}]}<\/script>\n<!-- \/ Yoast SEO Premium plugin. -->","yoast_head_json":{"title":"Augustus Primer Rosat vi DO Pened\u00e8s","description":"Comprar online a bon preu el vi rosat Augustus elaborat al celler Augustus Forum a la DO Pened\u00e8s. Ecol\u00f2gic. A monlacata.com rebr\u00e0 la comanda r\u00e0pid i segur","robots":{"index":"noindex","follow":"follow","max-snippet":"max-snippet:-1","max-image-preview":"max-image-preview:large","max-video-preview":"max-video-preview:-1"},"og_locale":"ca_ES","og_type":"article","og_title":"Augustus Primer Rosat","og_description":"Comprar online a bon preu el vi rosat Augustus elaborat al celler Augustus Forum a la DO Pened\u00e8s. Ecol\u00f2gic. A monlacata.com rebr\u00e0 la comanda r\u00e0pid i segur","og_url":"https:\/\/aral2.cetrexmarketing.com\/ca\/producto\/augustus-primer-rosat\/","og_site_name":"M\u00f3n La Cata","article_modified_time":"2025-05-24T08:44:36+00:00","og_image":[{"width":765,"height":1024,"url":"https:\/\/aral2.cetrexmarketing.com\/wp-content\/uploads\/2025\/05\/augustus-primer-rosado.jpg.png","type":"image\/png"}],"twitter_card":"summary_large_image","schema":{"@context":"https:\/\/schema.org","@graph":[{"@type":"WebPage","@id":"https:\/\/aral2.cetrexmarketing.com\/ca\/producto\/augustus-primer-rosat\/","url":"https:\/\/aral2.cetrexmarketing.com\/ca\/producto\/augustus-primer-rosat\/","name":"Augustus Primer Rosat vi DO Pened\u00e8s","isPartOf":{"@id":"https:\/\/aral2.cetrexmarketing.com\/#website"},"primaryImageOfPage":{"@id":"https:\/\/aral2.cetrexmarketing.com\/ca\/producto\/augustus-primer-rosat\/#primaryimage"},"image":{"@id":"https:\/\/aral2.cetrexmarketing.com\/ca\/producto\/augustus-primer-rosat\/#primaryimage"},"thumbnailUrl":"https:\/\/aral2.cetrexmarketing.com\/wp-content\/uploads\/2025\/05\/augustus-primer-rosado.jpg.png","datePublished":"2025-05-24T08:44:35+00:00","dateModified":"2025-05-24T08:44:36+00:00","description":"Comprar online a bon preu el vi rosat Augustus elaborat al celler Augustus Forum a la DO Pened\u00e8s. Ecol\u00f2gic. A monlacata.com rebr\u00e0 la comanda r\u00e0pid i segur","breadcrumb":{"@id":"https:\/\/aral2.cetrexmarketing.com\/ca\/producto\/augustus-primer-rosat\/#breadcrumb"},"inLanguage":"ca","potentialAction":[{"@type":"ReadAction","target":["https:\/\/aral2.cetrexmarketing.com\/ca\/producto\/augustus-primer-rosat\/"]}]},{"@type":"ImageObject","inLanguage":"ca","@id":"https:\/\/aral2.cetrexmarketing.com\/ca\/producto\/augustus-primer-rosat\/#primaryimage","url":"https:\/\/aral2.cetrexmarketing.com\/wp-content\/uploads\/2025\/05\/augustus-primer-rosado.jpg.png","contentUrl":"https:\/\/aral2.cetrexmarketing.com\/wp-content\/uploads\/2025\/05\/augustus-primer-rosado.jpg.png","width":765,"height":1024},{"@type":"BreadcrumbList","@id":"https:\/\/aral2.cetrexmarketing.com\/ca\/producto\/augustus-primer-rosat\/#breadcrumb","itemListElement":[{"@type":"ListItem","position":1,"name":"Home","item":"https:\/\/aral2.cetrexmarketing.com\/ca\/"},{"@type":"ListItem","position":2,"name":"Tienda","item":"https:\/\/aral2.cetrexmarketing.com\/ca\/tienda-2\/"},{"@type":"ListItem","position":3,"name":"Vi","item":"https:\/\/aral2.cetrexmarketing.com\/categoria-producto\/vi\/"},{"@type":"ListItem","position":4,"name":"Vi Rosat","item":"https:\/\/aral2.cetrexmarketing.com\/categoria-producto\/vi\/vi-rosat\/"},{"@type":"ListItem","position":5,"name":"Augustus Primer Rosat"}]},{"@type":"WebSite","@id":"https:\/\/aral2.cetrexmarketing.com\/#website","url":"https:\/\/aral2.cetrexmarketing.com\/","name":"M\u00f3n La Cata","description":"Tienda de vinos, licores, cervezas y gourmet","publisher":{"@id":"https:\/\/aral2.cetrexmarketing.com\/#organization"},"potentialAction":[{"@type":"SearchAction","target":{"@type":"EntryPoint","urlTemplate":"https:\/\/aral2.cetrexmarketing.com\/?s={search_term_string}"},"query-input":{"@type":"PropertyValueSpecification","valueRequired":true,"valueName":"search_term_string"}}],"inLanguage":"ca"},{"@type":"Organization","@id":"https:\/\/aral2.cetrexmarketing.com\/#organization","name":"M\u00f3n La Cata","url":"https:\/\/aral2.cetrexmarketing.com\/","logo":{"@type":"ImageObject","inLanguage":"ca","@id":"https:\/\/aral2.cetrexmarketing.com\/#\/schema\/logo\/image\/","url":"https:\/\/aral2.cetrexmarketing.com\/wp-content\/uploads\/2024\/10\/aral-logo-neg-1024x409-1.png","contentUrl":"https:\/\/aral2.cetrexmarketing.com\/wp-content\/uploads\/2024\/10\/aral-logo-neg-1024x409-1.png","width":1024,"height":409,"caption":"M\u00f3n La Cata"},"image":{"@id":"https:\/\/aral2.cetrexmarketing.com\/#\/schema\/logo\/image\/"}}]}},"brands":[{"id":44951,"name":"Augustus","slug":"augustus"},{"id":32895,"name":"Pened\u00e8s D.O.","slug":"penedes-d-o"}],"_links":{"self":[{"href":"https:\/\/aral2.cetrexmarketing.com\/ca\/wp-json\/wp\/v2\/product\/84052","targetHints":{"allow":["GET"]}}],"collection":[{"href":"https:\/\/aral2.cetrexmarketing.com\/ca\/wp-json\/wp\/v2\/product"}],"about":[{"href":"https:\/\/aral2.cetrexmarketing.com\/ca\/wp-json\/wp\/v2\/types\/product"}],"replies":[{"embeddable":true,"href":"https:\/\/aral2.cetrexmarketing.com\/ca\/wp-json\/wp\/v2\/comments?post=84052"}],"wp:featuredmedia":[{"embeddable":true,"href":"https:\/\/aral2.cetrexmarketing.com\/ca\/wp-json\/wp\/v2\/media\/84045"}],"wp:attachment":[{"href":"https:\/\/aral2.cetrexmarketing.com\/ca\/wp-json\/wp\/v2\/media?parent=84052"}],"wp:term":[{"taxonomy":"pwb-brand","embeddable":true,"href":"https:\/\/aral2.cetrexmarketing.com\/ca\/wp-json\/wp\/v2\/pwb-brand?post=84052"},{"taxonomy":"product_brand","embeddable":true,"href":"https:\/\/aral2.cetrexmarketing.com\/ca\/wp-json\/wp\/v2\/product_brand?post=84052"},{"taxonomy":"product_cat","embeddable":true,"href":"https:\/\/aral2.cetrexmarketing.com\/ca\/wp-json\/wp\/v2\/product_cat?post=84052"},{"taxonomy":"product_tag","embeddable":true,"href":"https:\/\/aral2.cetrexmarketing.com\/ca\/wp-json\/wp\/v2\/product_tag?post=84052"}],"curies":[{"name":"wp","href":"https:\/\/api.w.org\/{rel}","templated":true}]}}