{"id":84011,"date":"2025-05-24T08:43:41","date_gmt":"2025-05-24T08:43:41","guid":{"rendered":"https:\/\/aral2.cetrexmarketing.com\/producto\/raimat-vol-danima-rosat\/"},"modified":"2025-05-24T08:43:42","modified_gmt":"2025-05-24T08:43:42","slug":"raimat-vol-danima-rosat","status":"publish","type":"product","link":"https:\/\/aral2.cetrexmarketing.com\/ca\/producto\/raimat-vol-danima-rosat\/","title":{"rendered":"Raimat Vol d&#8217;\u00c0nima Rosat"},"content":{"rendered":"<div class=\"flex-1 overflow-hidden @container\/thread\">\n<div class=\"h-full\">\n<div class=\"react-scroll-to-bottom--css-fiybr-79elbk h-full\">\n<div class=\"react-scroll-to-bottom--css-fiybr-1n7m0yu\">\n<div class=\"flex flex-col text-sm md:pb-9\">\n<article class=\"w-full scroll-mb-[var(--thread-trailing-height,150px)] text-token-text-primary focus-visible:outline-2 focus-visible:outline-offset-[-4px]\" dir=\"auto\" data-testid=\"conversation-turn-3\" data-scroll-anchor=\"true\">\n<div class=\"m-auto text-base py-[18px] px-3 md:px-4 w-full md:px-5 lg:px-4 xl:px-5\">\n<div class=\"mx-auto flex flex-1 gap-4 text-base md:gap-5 lg:gap-6 md:max-w-3xl lg:max-w-[40rem] xl:max-w-[48rem]\">\n<div class=\"group\/conversation-turn relative flex w-full min-w-0 flex-col agent-turn\">\n<div class=\"flex-col gap-1 md:gap-3\">\n<div class=\"flex max-w-full flex-col flex-grow\">\n<div class=\"min-h-8 text-message flex w-full flex-col items-end gap-2 whitespace-normal break-words text-start [.text-message+&amp;]:mt-5\" dir=\"auto\" data-message-author-role=\"assistant\" data-message-id=\"68afa0cc-dce4-44e8-9156-c979bc73a1e8\" data-message-model-slug=\"gpt-4o\">\n<div class=\"flex w-full flex-col gap-1 empty:hidden first:pt-[3px]\">\n<div class=\"markdown prose w-full break-words dark:prose-invert light\">\n<p data-start=\"0\" data-end=\"234\"><strong data-start=\"0\" data-end=\"30\">Vol d\u2019\u00c0nima de Raimat Ros\u00e9<\/strong> \u00e9s un vi que expressa amb eleg\u00e0ncia l\u2019ess\u00e8ncia del seu terroir. A la vista, presenta un preci\u00f3s color rosa p\u00e0l\u00b7lid amb reflexos asalmonats, net i brillant, la qual cosa denota la seva frescor i joventut.<\/p>\n<p data-start=\"236\" data-end=\"562\">Al nas, desplega una intensa expressi\u00f3 arom\u00e0tica, amb notes de c\u00edtrics frescos com el pomelo i la mandarina, entrella\u00e7ades amb delicats aromes de fruits vermells com groselles i maduixes silvestres. Tamb\u00e9 apareixen subtils matisos de pr\u00e9ssec blanc, juntament amb un fons floral i un lleuger toc mineral que aporta complexitat.<\/p>\n<p data-start=\"564\" data-end=\"909\">En boca, \u00e9s un vi fi i vibrant, amb una entrada fresca i sedosa que d\u00f3na pas a una acidesa perfectament equilibrada, real\u00e7ant el seu car\u00e0cter afruitats. Es percep una agradable untuositat al paladar, amb un final llarg i elegant, on tornen a apar\u00e8ixer les notes c\u00edtriques i afruitades, acompanyades d\u2019un lleuger toc sal\u00ed, reflexe del seu origen.<\/p>\n<p data-start=\"911\" data-end=\"1249\" data-is-last-node=\"\" data-is-only-node=\"\">Un vi delicat per\u00f2 amb personalitat, ideal per maridar amb cuina mediterr\u00e0nia, mariscs, sushi o amanides fresques. La seva estructura i frescor el converteixen en una opci\u00f3 vers\u00e0til, perfecta per gaudir tant en un aperitiu com en un \u00e0pat lleuger. S\u2019ha de servir entre 8-10\u00b0C per ressaltar el seu perfil arom\u00e0tic i la seva vibrant acidesa.<\/p>\n<\/div>\n<\/div>\n<\/div>\n<\/div>\n<\/div>\n<\/div>\n<\/div>\n<\/div>\n<\/article>\n<\/div>\n<\/div>\n<\/div>\n<\/div>\n<\/div>\n<div class=\"md:pt-0 dark:border-white\/20 md:border-transparent md:dark:border-transparent w-full\">\n<div>\n<div class=\"m-auto text-base px-3 md:px-4 w-full md:px-5 lg:px-4 xl:px-5\"><\/div>\n<\/div>\n<\/div>\n","protected":false},"excerpt":{"rendered":"<p><strong data-start=\"0\" data-end=\"30\" data-is-only-node=\"\">Vol d\u2019\u00c0nima de Raimat Ros\u00e9<\/strong> \u00e9s un vi elegant i fresc, amb un color rosa p\u00e0l\u00b7lid i brillant. Al nas, desplega aromes c\u00edtrics de pomelo i mandarina, combinats amb fruits vermells com groselles i maduixes, a m\u00e9s de matisos de pr\u00e9ssec i un subtil toc mineral. En boca, \u00e9s vibrant i sed\u00f3s, amb una acidesa equilibrada que real\u00e7a el seu car\u00e0cter afruitats i un final llarg amb notes c\u00edtriques i un lleu toc sal\u00ed. Vers\u00e0til i refinat, \u00e9s ideal per maridar amb cuina mediterr\u00e0nia, mariscs o sushi, servint-lo entre 8-10\u00b0C per gaudir plenament de la seva frescor.<\/p>\n<p><span style=\"font-weight: 400;\">. <\/span><\/p>\n","protected":false},"featured_media":84008,"comment_status":"closed","ping_status":"closed","template":"","meta":{"_acf_changed":false},"pwb-brand":[32877,32874],"product_brand":[],"product_cat":[51669,51676,51670,51682],"product_tag":[14927,14925,14926,51827,38594,38583,52332],"class_list":{"0":"post-84011","1":"product","2":"type-product","3":"status-publish","4":"has-post-thumbnail","6":"pwb-brand-coster-del-segre-d-o","7":"pwb-brand-ca-raimat-ca","8":"product_cat-ecologic","9":"product_cat-vega","10":"product_cat-vi","11":"product_cat-vi-rosat","12":"product_tag-costers-del-segre-ca","13":"product_tag-do-costers-del-segre-ca","14":"product_tag-raimat-ca","15":"product_tag-raimat-vol-danima-rosat","16":"product_tag-rosat","17":"product_tag-vi-rosat","18":"product_tag-vol-danima-2","19":"pa_anada-36214","20":"pa_bodega-raimat","21":"pa_do-costersdelsegredo-ca","22":"pa_ecologico-vegano-natural-ecologic","23":"pa_ecologico-vegano-natural-vega","24":"pa_envejecimiento-jove","25":"pa_formatoenml-38306","26":"pa_fresco-rosat-fresc","27":"pa_graduacion-12_5","28":"pa_maridaje-embotits","29":"pa_maridaje-midons","30":"pa_pais-espanya-ca","31":"pa_pueblociudad-raimatlleida","32":"pa_region-cataluna","33":"pa_variedad-principal-garnacha-tinta-ca","34":"pa_variedad-principal-pinot-noir-ca","35":"entry","36":"has-media","38":"first","39":"instock","40":"taxable","41":"shipping-taxable","42":"purchasable","43":"product-type-simple"},"acf":[],"yoast_head":"<!-- This site is optimized with the Yoast SEO Premium plugin v23.1 (Yoast SEO v23.5) - https:\/\/yoast.com\/wordpress\/plugins\/seo\/ -->\n<title>Raimat Vol d&#039;\u00c0nima Rosat<\/title>\n<meta name=\"description\" content=\"Comprar vi rosat Raimat Vol d&#039;\u00c0nima Botiga de vins online al millor preu. Selecci\u00f3n de productos de calidad.\" \/>\n<meta name=\"robots\" content=\"noindex, follow, max-snippet:-1, max-image-preview:large, max-video-preview:-1\" \/>\n<meta property=\"og:locale\" content=\"ca_ES\" \/>\n<meta property=\"og:type\" content=\"article\" \/>\n<meta property=\"og:title\" content=\"Raimat Vol d&#039;\u00c0nima Rosat\" \/>\n<meta property=\"og:description\" content=\"Comprar vi rosat Raimat Vol d&#039;\u00c0nima Botiga de vins online al millor preu. Selecci\u00f3n de productos de calidad.\" \/>\n<meta property=\"og:url\" content=\"https:\/\/aral2.cetrexmarketing.com\/ca\/producto\/raimat-vol-danima-rosat\/\" \/>\n<meta property=\"og:site_name\" content=\"M\u00f3n La Cata\" \/>\n<meta property=\"article:modified_time\" content=\"2025-05-24T08:43:42+00:00\" \/>\n<meta property=\"og:image\" content=\"https:\/\/aral2.cetrexmarketing.com\/wp-content\/uploads\/2025\/05\/vino-rosado-vol-danima-raimat.jpg.png\" \/>\n\t<meta property=\"og:image:width\" content=\"765\" \/>\n\t<meta property=\"og:image:height\" content=\"1024\" \/>\n\t<meta property=\"og:image:type\" content=\"image\/png\" \/>\n<meta name=\"twitter:card\" content=\"summary_large_image\" \/>\n<meta name=\"twitter:label1\" content=\"Temps estimat de lectura\" \/>\n\t<meta name=\"twitter:data1\" content=\"2 minuts\" \/>\n<script type=\"application\/ld+json\" class=\"yoast-schema-graph\">{\"@context\":\"https:\/\/schema.org\",\"@graph\":[{\"@type\":\"WebPage\",\"@id\":\"https:\/\/aral2.cetrexmarketing.com\/ca\/producto\/raimat-vol-danima-rosat\/\",\"url\":\"https:\/\/aral2.cetrexmarketing.com\/ca\/producto\/raimat-vol-danima-rosat\/\",\"name\":\"Raimat Vol d'\u00c0nima Rosat\",\"isPartOf\":{\"@id\":\"https:\/\/aral2.cetrexmarketing.com\/#website\"},\"primaryImageOfPage\":{\"@id\":\"https:\/\/aral2.cetrexmarketing.com\/ca\/producto\/raimat-vol-danima-rosat\/#primaryimage\"},\"image\":{\"@id\":\"https:\/\/aral2.cetrexmarketing.com\/ca\/producto\/raimat-vol-danima-rosat\/#primaryimage\"},\"thumbnailUrl\":\"https:\/\/aral2.cetrexmarketing.com\/wp-content\/uploads\/2025\/05\/vino-rosado-vol-danima-raimat.jpg.png\",\"datePublished\":\"2025-05-24T08:43:41+00:00\",\"dateModified\":\"2025-05-24T08:43:42+00:00\",\"description\":\"Comprar vi rosat Raimat Vol d'\u00c0nima Botiga de vins online al millor preu. Selecci\u00f3n de productos de calidad.\",\"breadcrumb\":{\"@id\":\"https:\/\/aral2.cetrexmarketing.com\/ca\/producto\/raimat-vol-danima-rosat\/#breadcrumb\"},\"inLanguage\":\"ca\",\"potentialAction\":[{\"@type\":\"ReadAction\",\"target\":[\"https:\/\/aral2.cetrexmarketing.com\/ca\/producto\/raimat-vol-danima-rosat\/\"]}]},{\"@type\":\"ImageObject\",\"inLanguage\":\"ca\",\"@id\":\"https:\/\/aral2.cetrexmarketing.com\/ca\/producto\/raimat-vol-danima-rosat\/#primaryimage\",\"url\":\"https:\/\/aral2.cetrexmarketing.com\/wp-content\/uploads\/2025\/05\/vino-rosado-vol-danima-raimat.jpg.png\",\"contentUrl\":\"https:\/\/aral2.cetrexmarketing.com\/wp-content\/uploads\/2025\/05\/vino-rosado-vol-danima-raimat.jpg.png\",\"width\":765,\"height\":1024},{\"@type\":\"BreadcrumbList\",\"@id\":\"https:\/\/aral2.cetrexmarketing.com\/ca\/producto\/raimat-vol-danima-rosat\/#breadcrumb\",\"itemListElement\":[{\"@type\":\"ListItem\",\"position\":1,\"name\":\"Home\",\"item\":\"https:\/\/aral2.cetrexmarketing.com\/ca\/\"},{\"@type\":\"ListItem\",\"position\":2,\"name\":\"Tienda\",\"item\":\"https:\/\/aral2.cetrexmarketing.com\/ca\/tienda-2\/\"},{\"@type\":\"ListItem\",\"position\":3,\"name\":\"Ecol\u00f2gic\",\"item\":\"https:\/\/aral2.cetrexmarketing.com\/categoria-producto\/ecologic\/\"},{\"@type\":\"ListItem\",\"position\":4,\"name\":\"Veg\u00e0\",\"item\":\"https:\/\/aral2.cetrexmarketing.com\/categoria-producto\/ecologic\/vega\/\"},{\"@type\":\"ListItem\",\"position\":5,\"name\":\"Raimat Vol d&#8217;\u00c0nima Rosat\"}]},{\"@type\":\"WebSite\",\"@id\":\"https:\/\/aral2.cetrexmarketing.com\/#website\",\"url\":\"https:\/\/aral2.cetrexmarketing.com\/\",\"name\":\"M\u00f3n La Cata\",\"description\":\"Tienda de vinos, licores, cervezas y gourmet\",\"publisher\":{\"@id\":\"https:\/\/aral2.cetrexmarketing.com\/#organization\"},\"potentialAction\":[{\"@type\":\"SearchAction\",\"target\":{\"@type\":\"EntryPoint\",\"urlTemplate\":\"https:\/\/aral2.cetrexmarketing.com\/?s={search_term_string}\"},\"query-input\":{\"@type\":\"PropertyValueSpecification\",\"valueRequired\":true,\"valueName\":\"search_term_string\"}}],\"inLanguage\":\"ca\"},{\"@type\":\"Organization\",\"@id\":\"https:\/\/aral2.cetrexmarketing.com\/#organization\",\"name\":\"M\u00f3n La Cata\",\"url\":\"https:\/\/aral2.cetrexmarketing.com\/\",\"logo\":{\"@type\":\"ImageObject\",\"inLanguage\":\"ca\",\"@id\":\"https:\/\/aral2.cetrexmarketing.com\/#\/schema\/logo\/image\/\",\"url\":\"https:\/\/aral2.cetrexmarketing.com\/wp-content\/uploads\/2024\/10\/aral-logo-neg-1024x409-1.png\",\"contentUrl\":\"https:\/\/aral2.cetrexmarketing.com\/wp-content\/uploads\/2024\/10\/aral-logo-neg-1024x409-1.png\",\"width\":1024,\"height\":409,\"caption\":\"M\u00f3n La Cata\"},\"image\":{\"@id\":\"https:\/\/aral2.cetrexmarketing.com\/#\/schema\/logo\/image\/\"}}]}<\/script>\n<!-- \/ Yoast SEO Premium plugin. -->","yoast_head_json":{"title":"Raimat Vol d'\u00c0nima Rosat","description":"Comprar vi rosat Raimat Vol d'\u00c0nima Botiga de vins online al millor preu. Selecci\u00f3n de productos de calidad.","robots":{"index":"noindex","follow":"follow","max-snippet":"max-snippet:-1","max-image-preview":"max-image-preview:large","max-video-preview":"max-video-preview:-1"},"og_locale":"ca_ES","og_type":"article","og_title":"Raimat Vol d'\u00c0nima Rosat","og_description":"Comprar vi rosat Raimat Vol d'\u00c0nima Botiga de vins online al millor preu. Selecci\u00f3n de productos de calidad.","og_url":"https:\/\/aral2.cetrexmarketing.com\/ca\/producto\/raimat-vol-danima-rosat\/","og_site_name":"M\u00f3n La Cata","article_modified_time":"2025-05-24T08:43:42+00:00","og_image":[{"width":765,"height":1024,"url":"https:\/\/aral2.cetrexmarketing.com\/wp-content\/uploads\/2025\/05\/vino-rosado-vol-danima-raimat.jpg.png","type":"image\/png"}],"twitter_card":"summary_large_image","twitter_misc":{"Temps estimat de lectura":"2 minuts"},"schema":{"@context":"https:\/\/schema.org","@graph":[{"@type":"WebPage","@id":"https:\/\/aral2.cetrexmarketing.com\/ca\/producto\/raimat-vol-danima-rosat\/","url":"https:\/\/aral2.cetrexmarketing.com\/ca\/producto\/raimat-vol-danima-rosat\/","name":"Raimat Vol d'\u00c0nima Rosat","isPartOf":{"@id":"https:\/\/aral2.cetrexmarketing.com\/#website"},"primaryImageOfPage":{"@id":"https:\/\/aral2.cetrexmarketing.com\/ca\/producto\/raimat-vol-danima-rosat\/#primaryimage"},"image":{"@id":"https:\/\/aral2.cetrexmarketing.com\/ca\/producto\/raimat-vol-danima-rosat\/#primaryimage"},"thumbnailUrl":"https:\/\/aral2.cetrexmarketing.com\/wp-content\/uploads\/2025\/05\/vino-rosado-vol-danima-raimat.jpg.png","datePublished":"2025-05-24T08:43:41+00:00","dateModified":"2025-05-24T08:43:42+00:00","description":"Comprar vi rosat Raimat Vol d'\u00c0nima Botiga de vins online al millor preu. Selecci\u00f3n de productos de calidad.","breadcrumb":{"@id":"https:\/\/aral2.cetrexmarketing.com\/ca\/producto\/raimat-vol-danima-rosat\/#breadcrumb"},"inLanguage":"ca","potentialAction":[{"@type":"ReadAction","target":["https:\/\/aral2.cetrexmarketing.com\/ca\/producto\/raimat-vol-danima-rosat\/"]}]},{"@type":"ImageObject","inLanguage":"ca","@id":"https:\/\/aral2.cetrexmarketing.com\/ca\/producto\/raimat-vol-danima-rosat\/#primaryimage","url":"https:\/\/aral2.cetrexmarketing.com\/wp-content\/uploads\/2025\/05\/vino-rosado-vol-danima-raimat.jpg.png","contentUrl":"https:\/\/aral2.cetrexmarketing.com\/wp-content\/uploads\/2025\/05\/vino-rosado-vol-danima-raimat.jpg.png","width":765,"height":1024},{"@type":"BreadcrumbList","@id":"https:\/\/aral2.cetrexmarketing.com\/ca\/producto\/raimat-vol-danima-rosat\/#breadcrumb","itemListElement":[{"@type":"ListItem","position":1,"name":"Home","item":"https:\/\/aral2.cetrexmarketing.com\/ca\/"},{"@type":"ListItem","position":2,"name":"Tienda","item":"https:\/\/aral2.cetrexmarketing.com\/ca\/tienda-2\/"},{"@type":"ListItem","position":3,"name":"Ecol\u00f2gic","item":"https:\/\/aral2.cetrexmarketing.com\/categoria-producto\/ecologic\/"},{"@type":"ListItem","position":4,"name":"Veg\u00e0","item":"https:\/\/aral2.cetrexmarketing.com\/categoria-producto\/ecologic\/vega\/"},{"@type":"ListItem","position":5,"name":"Raimat Vol d&#8217;\u00c0nima Rosat"}]},{"@type":"WebSite","@id":"https:\/\/aral2.cetrexmarketing.com\/#website","url":"https:\/\/aral2.cetrexmarketing.com\/","name":"M\u00f3n La Cata","description":"Tienda de vinos, licores, cervezas y gourmet","publisher":{"@id":"https:\/\/aral2.cetrexmarketing.com\/#organization"},"potentialAction":[{"@type":"SearchAction","target":{"@type":"EntryPoint","urlTemplate":"https:\/\/aral2.cetrexmarketing.com\/?s={search_term_string}"},"query-input":{"@type":"PropertyValueSpecification","valueRequired":true,"valueName":"search_term_string"}}],"inLanguage":"ca"},{"@type":"Organization","@id":"https:\/\/aral2.cetrexmarketing.com\/#organization","name":"M\u00f3n La Cata","url":"https:\/\/aral2.cetrexmarketing.com\/","logo":{"@type":"ImageObject","inLanguage":"ca","@id":"https:\/\/aral2.cetrexmarketing.com\/#\/schema\/logo\/image\/","url":"https:\/\/aral2.cetrexmarketing.com\/wp-content\/uploads\/2024\/10\/aral-logo-neg-1024x409-1.png","contentUrl":"https:\/\/aral2.cetrexmarketing.com\/wp-content\/uploads\/2024\/10\/aral-logo-neg-1024x409-1.png","width":1024,"height":409,"caption":"M\u00f3n La Cata"},"image":{"@id":"https:\/\/aral2.cetrexmarketing.com\/#\/schema\/logo\/image\/"}}]}},"brands":[{"id":32877,"name":"Coster del Segre D.O.","slug":"coster-del-segre-d-o"},{"id":32874,"name":"Raimat","slug":"ca-raimat-ca"}],"_links":{"self":[{"href":"https:\/\/aral2.cetrexmarketing.com\/ca\/wp-json\/wp\/v2\/product\/84011","targetHints":{"allow":["GET"]}}],"collection":[{"href":"https:\/\/aral2.cetrexmarketing.com\/ca\/wp-json\/wp\/v2\/product"}],"about":[{"href":"https:\/\/aral2.cetrexmarketing.com\/ca\/wp-json\/wp\/v2\/types\/product"}],"replies":[{"embeddable":true,"href":"https:\/\/aral2.cetrexmarketing.com\/ca\/wp-json\/wp\/v2\/comments?post=84011"}],"wp:featuredmedia":[{"embeddable":true,"href":"https:\/\/aral2.cetrexmarketing.com\/ca\/wp-json\/wp\/v2\/media\/84008"}],"wp:attachment":[{"href":"https:\/\/aral2.cetrexmarketing.com\/ca\/wp-json\/wp\/v2\/media?parent=84011"}],"wp:term":[{"taxonomy":"pwb-brand","embeddable":true,"href":"https:\/\/aral2.cetrexmarketing.com\/ca\/wp-json\/wp\/v2\/pwb-brand?post=84011"},{"taxonomy":"product_brand","embeddable":true,"href":"https:\/\/aral2.cetrexmarketing.com\/ca\/wp-json\/wp\/v2\/product_brand?post=84011"},{"taxonomy":"product_cat","embeddable":true,"href":"https:\/\/aral2.cetrexmarketing.com\/ca\/wp-json\/wp\/v2\/product_cat?post=84011"},{"taxonomy":"product_tag","embeddable":true,"href":"https:\/\/aral2.cetrexmarketing.com\/ca\/wp-json\/wp\/v2\/product_tag?post=84011"}],"curies":[{"name":"wp","href":"https:\/\/api.w.org\/{rel}","templated":true}]}}