{"id":83893,"date":"2025-05-24T08:40:52","date_gmt":"2025-05-24T08:40:52","guid":{"rendered":"https:\/\/aral2.cetrexmarketing.com\/producto\/hermanos-lurton-tempranillo-2\/"},"modified":"2025-05-24T08:40:55","modified_gmt":"2025-05-24T08:40:55","slug":"hermanos-lurton-tempranillo-2","status":"publish","type":"product","link":"https:\/\/aral2.cetrexmarketing.com\/ca\/producto\/hermanos-lurton-tempranillo-2\/","title":{"rendered":"Hermanos Lurton Tempranillo"},"content":{"rendered":"<p><strong>Hermanos Lurton Tempranillo<\/strong> \u00e9s un vi <strong>negre ecol\u00f2gic<\/strong> de la <strong>D.O. Toro<\/strong>, elaborat al 100% amb <strong>ra\u00efm Lurton<\/strong> seleccionades a m\u00e0. Amb una graduaci\u00f3 de 14,5%, destaca per la seva expressi\u00f3 <strong>jove i fresca<\/strong>, fruit d&#8217;una vinificaci\u00f3 que combina t\u00e8cniques modernes i tradicionals. Criat parcialment en fusta, ofereix una interpretaci\u00f3 elegant i refinada de la pot\u00e8ncia natural de la Tinta de Toro.<\/p>\n<p>Visualment presenta un <strong>intens color vermell picota de capa alta<\/strong>. En nas, desplega aromes de <strong>fruita vermella<\/strong> (com a cirera i pruna), <strong>tocs bals\u00e0mics i un fons de menta<\/strong>. En boca t\u00e9 una entrada amable, amb tanins madurs, sabors de regal\u00e8ssia, fruita vermella fresca i un mat\u00eds especiat i de crian\u00e7a que arrodoneix el seu perfil.<\/p>\n<p>Produ\u00eft pel Albar Lurton (celler Camp Elisi), aquest vi reflecteix l&#8217;enfocament bordel\u00e8s de Fran\u00e7ois Lurton aplicat al terrer de Toro: vinyes velles, clima extrem, s\u00f2ls arenosos i una aposta per l&#8217;autenticitat. Camp Elisi representa la uni\u00f3 entre tradici\u00f3 i precisi\u00f3, elaborant vins amb frescor, estructura i un profund respecte per l&#8217;origen.<\/p>\n<p>Es recomana servir entre <strong>18 \u00b0C i 20 \u00b0C<\/strong>, i marida perfectament amb carns a la brasa, guisats, plats de verdures saboroses i formatges curats. Un negre <strong>afruitat, vers\u00e0til i amb car\u00e0cter<\/strong>, que reflecteix tota l&#8217;energia del paisatge castell\u00e0.<\/p>\n","protected":false},"excerpt":{"rendered":"<p>Hermanos Lurton Tempranillo \u00e9s un vi negre ecol\u00f2gic de la D.O. Toro, elaborat al 100% amb ra\u00efm Lurton seleccionades a m\u00e0. Amb una graduaci\u00f3 de 14,5%, destaca per la seva expressi\u00f3 jove i fresca, fruit d&#8217;una vinificaci\u00f3 que combina t\u00e8cniques modernes i tradicionals. Criat parcialment en fusta, ofereix una interpretaci\u00f3 elegant i refinada de la&hellip;<\/p>\n","protected":false},"featured_media":83890,"comment_status":"closed","ping_status":"closed","template":"","meta":{"_acf_changed":false},"pwb-brand":[32915],"product_brand":[],"product_cat":[51670,51671],"product_tag":[38464,16209,15106,16210,38463,38427,40305],"class_list":{"0":"post-83893","1":"product","2":"type-product","3":"status-publish","4":"has-post-thumbnail","6":"pwb-brand-toro-d-o","7":"product_cat-vi","8":"product_cat-vi-negre","9":"product_tag-apte-per-a-vegans","10":"product_tag-do-toro-ca","11":"product_tag-lurton-ca","12":"product_tag-toro-ca","13":"product_tag-vega","14":"product_tag-vi-ecologic","15":"product_tag-vi-negre-ecologic","16":"pa_anada-36214","17":"pa_bodega-bodegaelalbarlurton","18":"pa_do-toro-d-o-ca","19":"pa_ecologico-vegano-natural-ecologic","20":"pa_formatoenl-36167","21":"pa_formatoenml-38306","22":"pa_graduacion-14_0","23":"pa_maridaje-carn-roja","24":"pa_pais-espanya-ca","25":"pa_potente-negre-potent","26":"pa_pueblociudad-lasecavalladolid","27":"pa_variedad-principal-tempranillo-ca","28":"entry","29":"has-media","31":"first","32":"instock","33":"taxable","34":"shipping-taxable","35":"purchasable","36":"product-type-simple"},"acf":[],"yoast_head":"<!-- This site is optimized with the Yoast SEO Premium plugin v23.1 (Yoast SEO v23.5) - https:\/\/yoast.com\/wordpress\/plugins\/seo\/ -->\n<title>Hermanos Lurton Tempranillo vi negre<\/title>\n<meta name=\"description\" content=\"Comprar online vi negre Hermanos Lurton Tempranillo al millor preu. Envio express. Descomptes. Ofertes.\" \/>\n<meta name=\"robots\" content=\"noindex, follow, max-snippet:-1, max-image-preview:large, max-video-preview:-1\" \/>\n<meta property=\"og:locale\" content=\"ca_ES\" \/>\n<meta property=\"og:type\" content=\"article\" \/>\n<meta property=\"og:title\" content=\"Hermanos Lurton Tempranillo\" \/>\n<meta property=\"og:description\" content=\"Comprar online vi negre Hermanos Lurton Tempranillo al millor preu. Envio express. Descomptes. Ofertes.\" \/>\n<meta property=\"og:url\" content=\"https:\/\/aral2.cetrexmarketing.com\/ca\/producto\/hermanos-lurton-tempranillo-2\/\" \/>\n<meta property=\"og:site_name\" content=\"M\u00f3n La Cata\" \/>\n<meta property=\"article:modified_time\" content=\"2025-05-24T08:40:55+00:00\" \/>\n<meta property=\"og:image\" content=\"https:\/\/aral2.cetrexmarketing.com\/wp-content\/uploads\/2025\/05\/Hermanos-Lurton-Tempranillo.jpg.png\" \/>\n\t<meta property=\"og:image:width\" content=\"765\" \/>\n\t<meta property=\"og:image:height\" content=\"1024\" \/>\n\t<meta property=\"og:image:type\" content=\"image\/png\" \/>\n<meta name=\"twitter:card\" content=\"summary_large_image\" \/>\n<meta name=\"twitter:label1\" content=\"Temps estimat de lectura\" \/>\n\t<meta name=\"twitter:data1\" content=\"2 minuts\" \/>\n<script type=\"application\/ld+json\" class=\"yoast-schema-graph\">{\"@context\":\"https:\/\/schema.org\",\"@graph\":[{\"@type\":\"WebPage\",\"@id\":\"https:\/\/aral2.cetrexmarketing.com\/ca\/producto\/hermanos-lurton-tempranillo-2\/\",\"url\":\"https:\/\/aral2.cetrexmarketing.com\/ca\/producto\/hermanos-lurton-tempranillo-2\/\",\"name\":\"Hermanos Lurton Tempranillo vi negre\",\"isPartOf\":{\"@id\":\"https:\/\/aral2.cetrexmarketing.com\/#website\"},\"primaryImageOfPage\":{\"@id\":\"https:\/\/aral2.cetrexmarketing.com\/ca\/producto\/hermanos-lurton-tempranillo-2\/#primaryimage\"},\"image\":{\"@id\":\"https:\/\/aral2.cetrexmarketing.com\/ca\/producto\/hermanos-lurton-tempranillo-2\/#primaryimage\"},\"thumbnailUrl\":\"https:\/\/aral2.cetrexmarketing.com\/wp-content\/uploads\/2025\/05\/Hermanos-Lurton-Tempranillo.jpg.png\",\"datePublished\":\"2025-05-24T08:40:52+00:00\",\"dateModified\":\"2025-05-24T08:40:55+00:00\",\"description\":\"Comprar online vi negre Hermanos Lurton Tempranillo al millor preu. Envio express. Descomptes. Ofertes.\",\"breadcrumb\":{\"@id\":\"https:\/\/aral2.cetrexmarketing.com\/ca\/producto\/hermanos-lurton-tempranillo-2\/#breadcrumb\"},\"inLanguage\":\"ca\",\"potentialAction\":[{\"@type\":\"ReadAction\",\"target\":[\"https:\/\/aral2.cetrexmarketing.com\/ca\/producto\/hermanos-lurton-tempranillo-2\/\"]}]},{\"@type\":\"ImageObject\",\"inLanguage\":\"ca\",\"@id\":\"https:\/\/aral2.cetrexmarketing.com\/ca\/producto\/hermanos-lurton-tempranillo-2\/#primaryimage\",\"url\":\"https:\/\/aral2.cetrexmarketing.com\/wp-content\/uploads\/2025\/05\/Hermanos-Lurton-Tempranillo.jpg.png\",\"contentUrl\":\"https:\/\/aral2.cetrexmarketing.com\/wp-content\/uploads\/2025\/05\/Hermanos-Lurton-Tempranillo.jpg.png\",\"width\":765,\"height\":1024},{\"@type\":\"BreadcrumbList\",\"@id\":\"https:\/\/aral2.cetrexmarketing.com\/ca\/producto\/hermanos-lurton-tempranillo-2\/#breadcrumb\",\"itemListElement\":[{\"@type\":\"ListItem\",\"position\":1,\"name\":\"Home\",\"item\":\"https:\/\/aral2.cetrexmarketing.com\/ca\/\"},{\"@type\":\"ListItem\",\"position\":2,\"name\":\"Tienda\",\"item\":\"https:\/\/aral2.cetrexmarketing.com\/ca\/tienda-2\/\"},{\"@type\":\"ListItem\",\"position\":3,\"name\":\"Vi\",\"item\":\"https:\/\/aral2.cetrexmarketing.com\/categoria-producto\/vi\/\"},{\"@type\":\"ListItem\",\"position\":4,\"name\":\"Vi Negre\",\"item\":\"https:\/\/aral2.cetrexmarketing.com\/categoria-producto\/vi\/vi-negre\/\"},{\"@type\":\"ListItem\",\"position\":5,\"name\":\"Hermanos Lurton Tempranillo\"}]},{\"@type\":\"WebSite\",\"@id\":\"https:\/\/aral2.cetrexmarketing.com\/#website\",\"url\":\"https:\/\/aral2.cetrexmarketing.com\/\",\"name\":\"M\u00f3n La Cata\",\"description\":\"Tienda de vinos, licores, cervezas y gourmet\",\"publisher\":{\"@id\":\"https:\/\/aral2.cetrexmarketing.com\/#organization\"},\"potentialAction\":[{\"@type\":\"SearchAction\",\"target\":{\"@type\":\"EntryPoint\",\"urlTemplate\":\"https:\/\/aral2.cetrexmarketing.com\/?s={search_term_string}\"},\"query-input\":{\"@type\":\"PropertyValueSpecification\",\"valueRequired\":true,\"valueName\":\"search_term_string\"}}],\"inLanguage\":\"ca\"},{\"@type\":\"Organization\",\"@id\":\"https:\/\/aral2.cetrexmarketing.com\/#organization\",\"name\":\"M\u00f3n La Cata\",\"url\":\"https:\/\/aral2.cetrexmarketing.com\/\",\"logo\":{\"@type\":\"ImageObject\",\"inLanguage\":\"ca\",\"@id\":\"https:\/\/aral2.cetrexmarketing.com\/#\/schema\/logo\/image\/\",\"url\":\"https:\/\/aral2.cetrexmarketing.com\/wp-content\/uploads\/2024\/10\/aral-logo-neg-1024x409-1.png\",\"contentUrl\":\"https:\/\/aral2.cetrexmarketing.com\/wp-content\/uploads\/2024\/10\/aral-logo-neg-1024x409-1.png\",\"width\":1024,\"height\":409,\"caption\":\"M\u00f3n La Cata\"},\"image\":{\"@id\":\"https:\/\/aral2.cetrexmarketing.com\/#\/schema\/logo\/image\/\"}}]}<\/script>\n<!-- \/ Yoast SEO Premium plugin. -->","yoast_head_json":{"title":"Hermanos Lurton Tempranillo vi negre","description":"Comprar online vi negre Hermanos Lurton Tempranillo al millor preu. Envio express. Descomptes. Ofertes.","robots":{"index":"noindex","follow":"follow","max-snippet":"max-snippet:-1","max-image-preview":"max-image-preview:large","max-video-preview":"max-video-preview:-1"},"og_locale":"ca_ES","og_type":"article","og_title":"Hermanos Lurton Tempranillo","og_description":"Comprar online vi negre Hermanos Lurton Tempranillo al millor preu. Envio express. Descomptes. Ofertes.","og_url":"https:\/\/aral2.cetrexmarketing.com\/ca\/producto\/hermanos-lurton-tempranillo-2\/","og_site_name":"M\u00f3n La Cata","article_modified_time":"2025-05-24T08:40:55+00:00","og_image":[{"width":765,"height":1024,"url":"https:\/\/aral2.cetrexmarketing.com\/wp-content\/uploads\/2025\/05\/Hermanos-Lurton-Tempranillo.jpg.png","type":"image\/png"}],"twitter_card":"summary_large_image","twitter_misc":{"Temps estimat de lectura":"2 minuts"},"schema":{"@context":"https:\/\/schema.org","@graph":[{"@type":"WebPage","@id":"https:\/\/aral2.cetrexmarketing.com\/ca\/producto\/hermanos-lurton-tempranillo-2\/","url":"https:\/\/aral2.cetrexmarketing.com\/ca\/producto\/hermanos-lurton-tempranillo-2\/","name":"Hermanos Lurton Tempranillo vi negre","isPartOf":{"@id":"https:\/\/aral2.cetrexmarketing.com\/#website"},"primaryImageOfPage":{"@id":"https:\/\/aral2.cetrexmarketing.com\/ca\/producto\/hermanos-lurton-tempranillo-2\/#primaryimage"},"image":{"@id":"https:\/\/aral2.cetrexmarketing.com\/ca\/producto\/hermanos-lurton-tempranillo-2\/#primaryimage"},"thumbnailUrl":"https:\/\/aral2.cetrexmarketing.com\/wp-content\/uploads\/2025\/05\/Hermanos-Lurton-Tempranillo.jpg.png","datePublished":"2025-05-24T08:40:52+00:00","dateModified":"2025-05-24T08:40:55+00:00","description":"Comprar online vi negre Hermanos Lurton Tempranillo al millor preu. Envio express. Descomptes. Ofertes.","breadcrumb":{"@id":"https:\/\/aral2.cetrexmarketing.com\/ca\/producto\/hermanos-lurton-tempranillo-2\/#breadcrumb"},"inLanguage":"ca","potentialAction":[{"@type":"ReadAction","target":["https:\/\/aral2.cetrexmarketing.com\/ca\/producto\/hermanos-lurton-tempranillo-2\/"]}]},{"@type":"ImageObject","inLanguage":"ca","@id":"https:\/\/aral2.cetrexmarketing.com\/ca\/producto\/hermanos-lurton-tempranillo-2\/#primaryimage","url":"https:\/\/aral2.cetrexmarketing.com\/wp-content\/uploads\/2025\/05\/Hermanos-Lurton-Tempranillo.jpg.png","contentUrl":"https:\/\/aral2.cetrexmarketing.com\/wp-content\/uploads\/2025\/05\/Hermanos-Lurton-Tempranillo.jpg.png","width":765,"height":1024},{"@type":"BreadcrumbList","@id":"https:\/\/aral2.cetrexmarketing.com\/ca\/producto\/hermanos-lurton-tempranillo-2\/#breadcrumb","itemListElement":[{"@type":"ListItem","position":1,"name":"Home","item":"https:\/\/aral2.cetrexmarketing.com\/ca\/"},{"@type":"ListItem","position":2,"name":"Tienda","item":"https:\/\/aral2.cetrexmarketing.com\/ca\/tienda-2\/"},{"@type":"ListItem","position":3,"name":"Vi","item":"https:\/\/aral2.cetrexmarketing.com\/categoria-producto\/vi\/"},{"@type":"ListItem","position":4,"name":"Vi Negre","item":"https:\/\/aral2.cetrexmarketing.com\/categoria-producto\/vi\/vi-negre\/"},{"@type":"ListItem","position":5,"name":"Hermanos Lurton Tempranillo"}]},{"@type":"WebSite","@id":"https:\/\/aral2.cetrexmarketing.com\/#website","url":"https:\/\/aral2.cetrexmarketing.com\/","name":"M\u00f3n La Cata","description":"Tienda de vinos, licores, cervezas y gourmet","publisher":{"@id":"https:\/\/aral2.cetrexmarketing.com\/#organization"},"potentialAction":[{"@type":"SearchAction","target":{"@type":"EntryPoint","urlTemplate":"https:\/\/aral2.cetrexmarketing.com\/?s={search_term_string}"},"query-input":{"@type":"PropertyValueSpecification","valueRequired":true,"valueName":"search_term_string"}}],"inLanguage":"ca"},{"@type":"Organization","@id":"https:\/\/aral2.cetrexmarketing.com\/#organization","name":"M\u00f3n La Cata","url":"https:\/\/aral2.cetrexmarketing.com\/","logo":{"@type":"ImageObject","inLanguage":"ca","@id":"https:\/\/aral2.cetrexmarketing.com\/#\/schema\/logo\/image\/","url":"https:\/\/aral2.cetrexmarketing.com\/wp-content\/uploads\/2024\/10\/aral-logo-neg-1024x409-1.png","contentUrl":"https:\/\/aral2.cetrexmarketing.com\/wp-content\/uploads\/2024\/10\/aral-logo-neg-1024x409-1.png","width":1024,"height":409,"caption":"M\u00f3n La Cata"},"image":{"@id":"https:\/\/aral2.cetrexmarketing.com\/#\/schema\/logo\/image\/"}}]}},"brands":[{"id":32915,"name":"Toro D.O.","slug":"toro-d-o"}],"_links":{"self":[{"href":"https:\/\/aral2.cetrexmarketing.com\/ca\/wp-json\/wp\/v2\/product\/83893","targetHints":{"allow":["GET"]}}],"collection":[{"href":"https:\/\/aral2.cetrexmarketing.com\/ca\/wp-json\/wp\/v2\/product"}],"about":[{"href":"https:\/\/aral2.cetrexmarketing.com\/ca\/wp-json\/wp\/v2\/types\/product"}],"replies":[{"embeddable":true,"href":"https:\/\/aral2.cetrexmarketing.com\/ca\/wp-json\/wp\/v2\/comments?post=83893"}],"wp:featuredmedia":[{"embeddable":true,"href":"https:\/\/aral2.cetrexmarketing.com\/ca\/wp-json\/wp\/v2\/media\/83890"}],"wp:attachment":[{"href":"https:\/\/aral2.cetrexmarketing.com\/ca\/wp-json\/wp\/v2\/media?parent=83893"}],"wp:term":[{"taxonomy":"pwb-brand","embeddable":true,"href":"https:\/\/aral2.cetrexmarketing.com\/ca\/wp-json\/wp\/v2\/pwb-brand?post=83893"},{"taxonomy":"product_brand","embeddable":true,"href":"https:\/\/aral2.cetrexmarketing.com\/ca\/wp-json\/wp\/v2\/product_brand?post=83893"},{"taxonomy":"product_cat","embeddable":true,"href":"https:\/\/aral2.cetrexmarketing.com\/ca\/wp-json\/wp\/v2\/product_cat?post=83893"},{"taxonomy":"product_tag","embeddable":true,"href":"https:\/\/aral2.cetrexmarketing.com\/ca\/wp-json\/wp\/v2\/product_tag?post=83893"}],"curies":[{"name":"wp","href":"https:\/\/api.w.org\/{rel}","templated":true}]}}