{"id":83831,"date":"2025-05-24T08:39:05","date_gmt":"2025-05-24T08:39:05","guid":{"rendered":"https:\/\/aral2.cetrexmarketing.com\/producto\/ramon-bilbao-crianca-magnum\/"},"modified":"2025-05-24T08:39:08","modified_gmt":"2025-05-24T08:39:08","slug":"ramon-bilbao-crianca-magnum","status":"publish","type":"product","link":"https:\/\/aral2.cetrexmarketing.com\/ca\/producto\/ramon-bilbao-crianca-magnum\/","title":{"rendered":"Ram\u00f3n Bilbao Crian\u00e7a Magnum"},"content":{"rendered":"<p><strong>Ram\u00f3n Bilbao Crian\u00e7a Magnum<\/strong><\/p>\n<h3 class=\"\" data-start=\"110\" data-end=\"147\"><strong data-start=\"114\" data-end=\"145\">Ram\u00f3n Bilbao Crian\u00e7a Magnum<\/strong><\/h3>\n<p class=\"\" data-start=\"148\" data-end=\"477\">\u00c9s un <strong data-start=\"154\" data-end=\"174\">vi negre crian\u00e7a<\/strong> de la <strong data-start=\"181\" data-end=\"223\">Denominaci\u00f3 d&#8217;Origen Qualificada Rioja<\/strong>, elaborat per <strong data-start=\"238\" data-end=\"262\">Bodegas Ram\u00f3n Bilbao<\/strong> a <strong data-start=\"265\" data-end=\"273\">Haro<\/strong>, a la subzona de la <strong data-start=\"294\" data-end=\"308\">Rioja Alta<\/strong>. El seu format <strong data-start=\"324\" data-end=\"347\">Magnum (1,5 litres)<\/strong> el fa ideal per a <strong data-start=\"366\" data-end=\"382\">celebracions<\/strong> i <strong data-start=\"385\" data-end=\"397\">reunions<\/strong>, ja que afavoreix una <strong data-start=\"420\" data-end=\"454\">evoluci\u00f3 m\u00e9s lenta i harm\u00f2nica<\/strong> del vi dins l\u2019ampolla.<\/p>\n<p>&nbsp;<\/p>\n<h3 class=\"\" data-start=\"484\" data-end=\"506\"><strong data-start=\"488\" data-end=\"506\">Fitxa t\u00e8cnica:<\/strong><\/h3>\n<ul data-start=\"507\" data-end=\"765\">\n<li class=\"\" data-start=\"507\" data-end=\"538\">\n<p class=\"\" data-start=\"509\" data-end=\"538\"><strong data-start=\"509\" data-end=\"519\">Tipus:<\/strong> Vi negre crian\u00e7a<\/p>\n<\/li>\n<li class=\"\" data-start=\"539\" data-end=\"585\">\n<p class=\"\" data-start=\"541\" data-end=\"585\"><strong data-start=\"541\" data-end=\"562\">Varietat de ra\u00efm:<\/strong> 100% <strong data-start=\"568\" data-end=\"583\">Tempranillo<\/strong><\/p>\n<\/li>\n<li class=\"\" data-start=\"586\" data-end=\"672\">\n<p class=\"\" data-start=\"588\" data-end=\"672\"><strong data-start=\"588\" data-end=\"600\">Crian\u00e7a:<\/strong> 14 mesos en <strong data-start=\"613\" data-end=\"639\">b\u00f3tes de roure americ\u00e0<\/strong>, seguits de 8 mesos en ampolla<\/p>\n<\/li>\n<li class=\"\" data-start=\"673\" data-end=\"732\">\n<p class=\"\" data-start=\"675\" data-end=\"732\"><strong data-start=\"675\" data-end=\"700\">Graduaci\u00f3 alcoh\u00f2lica:<\/strong> Aproximadament <strong data-start=\"716\" data-end=\"730\">13,5% vol.<\/strong><\/p>\n<\/li>\n<li class=\"\" data-start=\"733\" data-end=\"765\">\n<p class=\"\" data-start=\"735\" data-end=\"765\"><strong data-start=\"735\" data-end=\"746\">Format:<\/strong> <strong data-start=\"747\" data-end=\"765\">Magnum (1,5 L)<\/strong><\/p>\n<\/li>\n<\/ul>\n<h3 class=\"\" data-start=\"772\" data-end=\"794\"><strong data-start=\"776\" data-end=\"794\">Notes de tast:<\/strong><\/h3>\n<ul data-start=\"795\" data-end=\"1391\">\n<li class=\"\" data-start=\"795\" data-end=\"859\">\n<p class=\"\" data-start=\"797\" data-end=\"859\"><strong data-start=\"797\" data-end=\"807\">Color:<\/strong> Vermell <strong data-start=\"816\" data-end=\"833\">cirera intens<\/strong> amb reflexos <strong data-start=\"847\" data-end=\"857\">granat<\/strong><\/p>\n<\/li>\n<li class=\"\" data-start=\"860\" data-end=\"1046\">\n<p class=\"\" data-start=\"862\" data-end=\"1046\"><strong data-start=\"862\" data-end=\"872\">Aroma:<\/strong> Aromes intensos de <strong data-start=\"892\" data-end=\"915\">fruita negra madura<\/strong> com mores i cireres negres, amb <strong data-start=\"948\" data-end=\"969\">notes bals\u00e0miques<\/strong>, <strong data-start=\"971\" data-end=\"983\">vainilla<\/strong>, <strong data-start=\"985\" data-end=\"993\">coco<\/strong> i tocs especiats com <strong data-start=\"1015\" data-end=\"1027\">canyella<\/strong> i <strong data-start=\"1030\" data-end=\"1044\">regal\u00e8ssia<\/strong><\/p>\n<\/li>\n<li class=\"\" data-start=\"1047\" data-end=\"1288\">\n<p class=\"\" data-start=\"1049\" data-end=\"1288\"><strong data-start=\"1049\" data-end=\"1059\">Sabor:<\/strong> En boca \u00e9s <strong data-start=\"1071\" data-end=\"1093\">equilibrat i fresc<\/strong>, amb <strong data-start=\"1099\" data-end=\"1115\">t\u00e0nins suaus<\/strong> i ben integrats. Destaquen sabors de <strong data-start=\"1153\" data-end=\"1170\">fruita madura<\/strong>, <strong data-start=\"1172\" data-end=\"1191\">esp\u00e8cies dolces<\/strong> i un <strong data-start=\"1197\" data-end=\"1218\">lleuger toc fumat<\/strong>. Final <strong data-start=\"1226\" data-end=\"1247\">llarg i envolvent<\/strong>, amb records de <strong data-start=\"1264\" data-end=\"1273\">fusta<\/strong> i <strong data-start=\"1276\" data-end=\"1286\">fruita<\/strong><\/p>\n<\/li>\n<li class=\"\" data-start=\"1289\" data-end=\"1391\">\n<p class=\"\" data-start=\"1291\" data-end=\"1391\"><strong data-start=\"1291\" data-end=\"1301\">Estil:<\/strong> Vi <strong data-start=\"1305\" data-end=\"1322\">cl\u00e0ssic rioj\u00e0<\/strong>, amb una <strong data-start=\"1332\" data-end=\"1356\">integraci\u00f3 harm\u00f2nica<\/strong> entre la <strong data-start=\"1366\" data-end=\"1375\">fusta<\/strong> i la <strong data-start=\"1381\" data-end=\"1391\">fruita<\/strong><\/p>\n<\/li>\n<\/ul>\n<h3 class=\"\" data-start=\"1398\" data-end=\"1426\"><strong data-start=\"1402\" data-end=\"1426\">Maridatge recomanat:<\/strong><\/h3>\n<p class=\"\" data-start=\"1427\" data-end=\"1587\">\u00a0<strong data-start=\"1430\" data-end=\"1449\">Carns vermelles<\/strong> a la brasa o rostides<br data-start=\"1471\" data-end=\"1474\" \/>\u00a0<strong data-start=\"1477\" data-end=\"1512\">Estofats i guisats tradicionals<\/strong><br data-start=\"1512\" data-end=\"1515\" \/>\u00a0<strong data-start=\"1518\" data-end=\"1538\">Embotits ib\u00e8rics<\/strong><br data-start=\"1538\" data-end=\"1541\" \/>\u00a0<strong data-start=\"1544\" data-end=\"1564\">Formatges curats<\/strong><br data-start=\"1564\" data-end=\"1567\" \/>\u00a0<strong data-start=\"1570\" data-end=\"1587\">Plats de ca\u00e7a<\/strong><\/p>\n<h3 class=\"\" data-start=\"1594\" data-end=\"1623\"><strong data-start=\"1598\" data-end=\"1623\">Conservaci\u00f3 i servei:<\/strong><\/h3>\n<ul data-start=\"1624\" data-end=\"1896\">\n<li class=\"\" data-start=\"1624\" data-end=\"1675\">\n<p class=\"\" data-start=\"1626\" data-end=\"1675\"><strong data-start=\"1626\" data-end=\"1652\">Temperatura de servei:<\/strong> Entre <strong data-start=\"1659\" data-end=\"1673\">16 i 18 \u00b0C<\/strong><\/p>\n<\/li>\n<li class=\"\" data-start=\"1676\" data-end=\"1896\">\n<p class=\"\" data-start=\"1678\" data-end=\"1896\"><strong data-start=\"1678\" data-end=\"1694\">Conservaci\u00f3:<\/strong> Guardar en <strong data-start=\"1706\" data-end=\"1729\">posici\u00f3 horitzontal<\/strong>, en un <strong data-start=\"1737\" data-end=\"1758\">lloc fresc i fosc<\/strong>.<br data-start=\"1759\" data-end=\"1762\" \/>El <strong data-start=\"1767\" data-end=\"1784\">format Magnum<\/strong> permet una <strong data-start=\"1796\" data-end=\"1819\">maduraci\u00f3 m\u00e9s lenta<\/strong>, de manera que es pot conservar durant <strong data-start=\"1859\" data-end=\"1876\">diversos anys<\/strong> en bones condicions<\/p>\n<\/li>\n<\/ul>\n<p class=\"\" data-start=\"1903\" data-end=\"2135\"><strong data-start=\"1903\" data-end=\"1934\">Ram\u00f3n Bilbao Crianza Magnum<\/strong> \u00e9s una <strong data-start=\"1942\" data-end=\"1962\">excel\u00b7lent opci\u00f3<\/strong> per a qui busca un <strong data-start=\"1982\" data-end=\"2014\">vi negre cl\u00e0ssic de la Rioja<\/strong>, amb <strong data-start=\"2020\" data-end=\"2057\">estructura, eleg\u00e0ncia i equilibri<\/strong>, perfecte per a <strong data-start=\"2074\" data-end=\"2096\">ocacions especials<\/strong> i per <strong data-start=\"2103\" data-end=\"2134\">compartir en bona companyia<\/strong>.<\/p>\n","protected":false},"excerpt":{"rendered":"<p>Ram\u00f3n Bilbao Crian\u00e7a Magnum<\/p>\n","protected":false},"featured_media":83828,"comment_status":"closed","ping_status":"closed","template":"","meta":{"_acf_changed":false},"pwb-brand":[45012,32907],"product_brand":[],"product_cat":[51676,51670,51671],"product_tag":[16040,14919,51825,14900],"class_list":{"0":"post-83831","1":"product","2":"type-product","3":"status-publish","4":"has-post-thumbnail","6":"pwb-brand-ramon-bilbao","7":"pwb-brand-rioja-d-o","8":"product_cat-vega","9":"product_cat-vi","10":"product_cat-vi-negre","11":"product_tag-magnum-ca","12":"product_tag-ramon-bilbao-ca","13":"product_tag-ramon-bilbao-crianca-magnum","14":"product_tag-rioja-ca","15":"pa_anada-36210","16":"pa_bodega-bodegasramonbilbao","17":"pa_do-rioja-d-o-ca-ca","18":"pa_ecologico-vegano-natural-vega","19":"pa_formatoenml-38316","20":"pa_gastronomico-negre-gastronomic","21":"pa_graduacion-14_0","22":"pa_maridaje-carn-blanca","23":"pa_maridaje-carn-roja","24":"pa_maridaje-embotits","25":"pa_variedad-principal-tempranillo-ca","26":"entry","27":"has-media","29":"first","30":"instock","31":"taxable","32":"shipping-taxable","33":"purchasable","34":"product-type-simple"},"acf":[],"yoast_head":"<!-- This site is optimized with the Yoast SEO Premium plugin v23.1 (Yoast SEO v23.5) - https:\/\/yoast.com\/wordpress\/plugins\/seo\/ -->\n<title>Ram\u00f3n Bilbao Crian\u00e7a Magnum<\/title>\n<meta name=\"description\" content=\"Comprar online al millor preu Ram\u00f3n Bilbao Crian\u00e7a Magnum de la DOCa Rioja. Web especialitzada en vins, destil\u00b7lats i alimentaci\u00f3 gourmet.\" \/>\n<meta name=\"robots\" content=\"noindex, follow, max-snippet:-1, max-image-preview:large, max-video-preview:-1\" \/>\n<meta property=\"og:locale\" content=\"ca_ES\" \/>\n<meta property=\"og:type\" content=\"article\" \/>\n<meta property=\"og:title\" content=\"Ram\u00f3n Bilbao Crian\u00e7a Magnum\" \/>\n<meta property=\"og:description\" content=\"Comprar online al millor preu Ram\u00f3n Bilbao Crian\u00e7a Magnum de la DOCa Rioja. Web especialitzada en vins, destil\u00b7lats i alimentaci\u00f3 gourmet.\" \/>\n<meta property=\"og:url\" content=\"https:\/\/aral2.cetrexmarketing.com\/ca\/producto\/ramon-bilbao-crianca-magnum\/\" \/>\n<meta property=\"og:site_name\" content=\"M\u00f3n La Cata\" \/>\n<meta property=\"article:modified_time\" content=\"2025-05-24T08:39:08+00:00\" \/>\n<meta property=\"og:image\" content=\"https:\/\/aral2.cetrexmarketing.com\/wp-content\/uploads\/2025\/05\/Ramon-Bilbao-Crianza-mAGNUM.jpg.png\" \/>\n\t<meta property=\"og:image:width\" content=\"765\" \/>\n\t<meta property=\"og:image:height\" content=\"1024\" \/>\n\t<meta property=\"og:image:type\" content=\"image\/png\" \/>\n<meta name=\"twitter:card\" content=\"summary_large_image\" \/>\n<meta name=\"twitter:label1\" content=\"Temps estimat de lectura\" \/>\n\t<meta name=\"twitter:data1\" content=\"2 minuts\" \/>\n<script type=\"application\/ld+json\" class=\"yoast-schema-graph\">{\"@context\":\"https:\/\/schema.org\",\"@graph\":[{\"@type\":\"WebPage\",\"@id\":\"https:\/\/aral2.cetrexmarketing.com\/ca\/producto\/ramon-bilbao-crianca-magnum\/\",\"url\":\"https:\/\/aral2.cetrexmarketing.com\/ca\/producto\/ramon-bilbao-crianca-magnum\/\",\"name\":\"Ram\u00f3n Bilbao Crian\u00e7a Magnum\",\"isPartOf\":{\"@id\":\"https:\/\/aral2.cetrexmarketing.com\/#website\"},\"primaryImageOfPage\":{\"@id\":\"https:\/\/aral2.cetrexmarketing.com\/ca\/producto\/ramon-bilbao-crianca-magnum\/#primaryimage\"},\"image\":{\"@id\":\"https:\/\/aral2.cetrexmarketing.com\/ca\/producto\/ramon-bilbao-crianca-magnum\/#primaryimage\"},\"thumbnailUrl\":\"https:\/\/aral2.cetrexmarketing.com\/wp-content\/uploads\/2025\/05\/Ramon-Bilbao-Crianza-mAGNUM.jpg.png\",\"datePublished\":\"2025-05-24T08:39:05+00:00\",\"dateModified\":\"2025-05-24T08:39:08+00:00\",\"description\":\"Comprar online al millor preu Ram\u00f3n Bilbao Crian\u00e7a Magnum de la DOCa Rioja. Web especialitzada en vins, destil\u00b7lats i alimentaci\u00f3 gourmet.\",\"breadcrumb\":{\"@id\":\"https:\/\/aral2.cetrexmarketing.com\/ca\/producto\/ramon-bilbao-crianca-magnum\/#breadcrumb\"},\"inLanguage\":\"ca\",\"potentialAction\":[{\"@type\":\"ReadAction\",\"target\":[\"https:\/\/aral2.cetrexmarketing.com\/ca\/producto\/ramon-bilbao-crianca-magnum\/\"]}]},{\"@type\":\"ImageObject\",\"inLanguage\":\"ca\",\"@id\":\"https:\/\/aral2.cetrexmarketing.com\/ca\/producto\/ramon-bilbao-crianca-magnum\/#primaryimage\",\"url\":\"https:\/\/aral2.cetrexmarketing.com\/wp-content\/uploads\/2025\/05\/Ramon-Bilbao-Crianza-mAGNUM.jpg.png\",\"contentUrl\":\"https:\/\/aral2.cetrexmarketing.com\/wp-content\/uploads\/2025\/05\/Ramon-Bilbao-Crianza-mAGNUM.jpg.png\",\"width\":765,\"height\":1024},{\"@type\":\"BreadcrumbList\",\"@id\":\"https:\/\/aral2.cetrexmarketing.com\/ca\/producto\/ramon-bilbao-crianca-magnum\/#breadcrumb\",\"itemListElement\":[{\"@type\":\"ListItem\",\"position\":1,\"name\":\"Home\",\"item\":\"https:\/\/aral2.cetrexmarketing.com\/ca\/\"},{\"@type\":\"ListItem\",\"position\":2,\"name\":\"Tienda\",\"item\":\"https:\/\/aral2.cetrexmarketing.com\/ca\/tienda-2\/\"},{\"@type\":\"ListItem\",\"position\":3,\"name\":\"Ecol\u00f2gic\",\"item\":\"https:\/\/aral2.cetrexmarketing.com\/categoria-producto\/ecologic\/\"},{\"@type\":\"ListItem\",\"position\":4,\"name\":\"Veg\u00e0\",\"item\":\"https:\/\/aral2.cetrexmarketing.com\/categoria-producto\/ecologic\/vega\/\"},{\"@type\":\"ListItem\",\"position\":5,\"name\":\"Ram\u00f3n Bilbao Crian\u00e7a Magnum\"}]},{\"@type\":\"WebSite\",\"@id\":\"https:\/\/aral2.cetrexmarketing.com\/#website\",\"url\":\"https:\/\/aral2.cetrexmarketing.com\/\",\"name\":\"M\u00f3n La Cata\",\"description\":\"Tienda de vinos, licores, cervezas y gourmet\",\"publisher\":{\"@id\":\"https:\/\/aral2.cetrexmarketing.com\/#organization\"},\"potentialAction\":[{\"@type\":\"SearchAction\",\"target\":{\"@type\":\"EntryPoint\",\"urlTemplate\":\"https:\/\/aral2.cetrexmarketing.com\/?s={search_term_string}\"},\"query-input\":{\"@type\":\"PropertyValueSpecification\",\"valueRequired\":true,\"valueName\":\"search_term_string\"}}],\"inLanguage\":\"ca\"},{\"@type\":\"Organization\",\"@id\":\"https:\/\/aral2.cetrexmarketing.com\/#organization\",\"name\":\"M\u00f3n La Cata\",\"url\":\"https:\/\/aral2.cetrexmarketing.com\/\",\"logo\":{\"@type\":\"ImageObject\",\"inLanguage\":\"ca\",\"@id\":\"https:\/\/aral2.cetrexmarketing.com\/#\/schema\/logo\/image\/\",\"url\":\"https:\/\/aral2.cetrexmarketing.com\/wp-content\/uploads\/2024\/10\/aral-logo-neg-1024x409-1.png\",\"contentUrl\":\"https:\/\/aral2.cetrexmarketing.com\/wp-content\/uploads\/2024\/10\/aral-logo-neg-1024x409-1.png\",\"width\":1024,\"height\":409,\"caption\":\"M\u00f3n La Cata\"},\"image\":{\"@id\":\"https:\/\/aral2.cetrexmarketing.com\/#\/schema\/logo\/image\/\"}}]}<\/script>\n<!-- \/ Yoast SEO Premium plugin. -->","yoast_head_json":{"title":"Ram\u00f3n Bilbao Crian\u00e7a Magnum","description":"Comprar online al millor preu Ram\u00f3n Bilbao Crian\u00e7a Magnum de la DOCa Rioja. Web especialitzada en vins, destil\u00b7lats i alimentaci\u00f3 gourmet.","robots":{"index":"noindex","follow":"follow","max-snippet":"max-snippet:-1","max-image-preview":"max-image-preview:large","max-video-preview":"max-video-preview:-1"},"og_locale":"ca_ES","og_type":"article","og_title":"Ram\u00f3n Bilbao Crian\u00e7a Magnum","og_description":"Comprar online al millor preu Ram\u00f3n Bilbao Crian\u00e7a Magnum de la DOCa Rioja. Web especialitzada en vins, destil\u00b7lats i alimentaci\u00f3 gourmet.","og_url":"https:\/\/aral2.cetrexmarketing.com\/ca\/producto\/ramon-bilbao-crianca-magnum\/","og_site_name":"M\u00f3n La Cata","article_modified_time":"2025-05-24T08:39:08+00:00","og_image":[{"width":765,"height":1024,"url":"https:\/\/aral2.cetrexmarketing.com\/wp-content\/uploads\/2025\/05\/Ramon-Bilbao-Crianza-mAGNUM.jpg.png","type":"image\/png"}],"twitter_card":"summary_large_image","twitter_misc":{"Temps estimat de lectura":"2 minuts"},"schema":{"@context":"https:\/\/schema.org","@graph":[{"@type":"WebPage","@id":"https:\/\/aral2.cetrexmarketing.com\/ca\/producto\/ramon-bilbao-crianca-magnum\/","url":"https:\/\/aral2.cetrexmarketing.com\/ca\/producto\/ramon-bilbao-crianca-magnum\/","name":"Ram\u00f3n Bilbao Crian\u00e7a Magnum","isPartOf":{"@id":"https:\/\/aral2.cetrexmarketing.com\/#website"},"primaryImageOfPage":{"@id":"https:\/\/aral2.cetrexmarketing.com\/ca\/producto\/ramon-bilbao-crianca-magnum\/#primaryimage"},"image":{"@id":"https:\/\/aral2.cetrexmarketing.com\/ca\/producto\/ramon-bilbao-crianca-magnum\/#primaryimage"},"thumbnailUrl":"https:\/\/aral2.cetrexmarketing.com\/wp-content\/uploads\/2025\/05\/Ramon-Bilbao-Crianza-mAGNUM.jpg.png","datePublished":"2025-05-24T08:39:05+00:00","dateModified":"2025-05-24T08:39:08+00:00","description":"Comprar online al millor preu Ram\u00f3n Bilbao Crian\u00e7a Magnum de la DOCa Rioja. Web especialitzada en vins, destil\u00b7lats i alimentaci\u00f3 gourmet.","breadcrumb":{"@id":"https:\/\/aral2.cetrexmarketing.com\/ca\/producto\/ramon-bilbao-crianca-magnum\/#breadcrumb"},"inLanguage":"ca","potentialAction":[{"@type":"ReadAction","target":["https:\/\/aral2.cetrexmarketing.com\/ca\/producto\/ramon-bilbao-crianca-magnum\/"]}]},{"@type":"ImageObject","inLanguage":"ca","@id":"https:\/\/aral2.cetrexmarketing.com\/ca\/producto\/ramon-bilbao-crianca-magnum\/#primaryimage","url":"https:\/\/aral2.cetrexmarketing.com\/wp-content\/uploads\/2025\/05\/Ramon-Bilbao-Crianza-mAGNUM.jpg.png","contentUrl":"https:\/\/aral2.cetrexmarketing.com\/wp-content\/uploads\/2025\/05\/Ramon-Bilbao-Crianza-mAGNUM.jpg.png","width":765,"height":1024},{"@type":"BreadcrumbList","@id":"https:\/\/aral2.cetrexmarketing.com\/ca\/producto\/ramon-bilbao-crianca-magnum\/#breadcrumb","itemListElement":[{"@type":"ListItem","position":1,"name":"Home","item":"https:\/\/aral2.cetrexmarketing.com\/ca\/"},{"@type":"ListItem","position":2,"name":"Tienda","item":"https:\/\/aral2.cetrexmarketing.com\/ca\/tienda-2\/"},{"@type":"ListItem","position":3,"name":"Ecol\u00f2gic","item":"https:\/\/aral2.cetrexmarketing.com\/categoria-producto\/ecologic\/"},{"@type":"ListItem","position":4,"name":"Veg\u00e0","item":"https:\/\/aral2.cetrexmarketing.com\/categoria-producto\/ecologic\/vega\/"},{"@type":"ListItem","position":5,"name":"Ram\u00f3n Bilbao Crian\u00e7a Magnum"}]},{"@type":"WebSite","@id":"https:\/\/aral2.cetrexmarketing.com\/#website","url":"https:\/\/aral2.cetrexmarketing.com\/","name":"M\u00f3n La Cata","description":"Tienda de vinos, licores, cervezas y gourmet","publisher":{"@id":"https:\/\/aral2.cetrexmarketing.com\/#organization"},"potentialAction":[{"@type":"SearchAction","target":{"@type":"EntryPoint","urlTemplate":"https:\/\/aral2.cetrexmarketing.com\/?s={search_term_string}"},"query-input":{"@type":"PropertyValueSpecification","valueRequired":true,"valueName":"search_term_string"}}],"inLanguage":"ca"},{"@type":"Organization","@id":"https:\/\/aral2.cetrexmarketing.com\/#organization","name":"M\u00f3n La Cata","url":"https:\/\/aral2.cetrexmarketing.com\/","logo":{"@type":"ImageObject","inLanguage":"ca","@id":"https:\/\/aral2.cetrexmarketing.com\/#\/schema\/logo\/image\/","url":"https:\/\/aral2.cetrexmarketing.com\/wp-content\/uploads\/2024\/10\/aral-logo-neg-1024x409-1.png","contentUrl":"https:\/\/aral2.cetrexmarketing.com\/wp-content\/uploads\/2024\/10\/aral-logo-neg-1024x409-1.png","width":1024,"height":409,"caption":"M\u00f3n La Cata"},"image":{"@id":"https:\/\/aral2.cetrexmarketing.com\/#\/schema\/logo\/image\/"}}]}},"brands":[{"id":45012,"name":"Ram\u00f3n Bilbao","slug":"ramon-bilbao"},{"id":32907,"name":"Rioja D.O.","slug":"rioja-d-o"}],"_links":{"self":[{"href":"https:\/\/aral2.cetrexmarketing.com\/ca\/wp-json\/wp\/v2\/product\/83831","targetHints":{"allow":["GET"]}}],"collection":[{"href":"https:\/\/aral2.cetrexmarketing.com\/ca\/wp-json\/wp\/v2\/product"}],"about":[{"href":"https:\/\/aral2.cetrexmarketing.com\/ca\/wp-json\/wp\/v2\/types\/product"}],"replies":[{"embeddable":true,"href":"https:\/\/aral2.cetrexmarketing.com\/ca\/wp-json\/wp\/v2\/comments?post=83831"}],"wp:featuredmedia":[{"embeddable":true,"href":"https:\/\/aral2.cetrexmarketing.com\/ca\/wp-json\/wp\/v2\/media\/83828"}],"wp:attachment":[{"href":"https:\/\/aral2.cetrexmarketing.com\/ca\/wp-json\/wp\/v2\/media?parent=83831"}],"wp:term":[{"taxonomy":"pwb-brand","embeddable":true,"href":"https:\/\/aral2.cetrexmarketing.com\/ca\/wp-json\/wp\/v2\/pwb-brand?post=83831"},{"taxonomy":"product_brand","embeddable":true,"href":"https:\/\/aral2.cetrexmarketing.com\/ca\/wp-json\/wp\/v2\/product_brand?post=83831"},{"taxonomy":"product_cat","embeddable":true,"href":"https:\/\/aral2.cetrexmarketing.com\/ca\/wp-json\/wp\/v2\/product_cat?post=83831"},{"taxonomy":"product_tag","embeddable":true,"href":"https:\/\/aral2.cetrexmarketing.com\/ca\/wp-json\/wp\/v2\/product_tag?post=83831"}],"curies":[{"name":"wp","href":"https:\/\/api.w.org\/{rel}","templated":true}]}}