{"id":83807,"date":"2025-05-24T08:38:21","date_gmt":"2025-05-24T08:38:21","guid":{"rendered":"https:\/\/aral2.cetrexmarketing.com\/producto\/remirez-de-ganuza-reserva-2\/"},"modified":"2025-05-24T08:38:22","modified_gmt":"2025-05-24T08:38:22","slug":"remirez-de-ganuza-reserva-2","status":"publish","type":"product","link":"https:\/\/aral2.cetrexmarketing.com\/ca\/producto\/remirez-de-ganuza-reserva-2\/","title":{"rendered":"Rem\u00edrez de Ganuza Reserva"},"content":{"rendered":"<p><strong>Rem\u00edrez de Ganuza Reserva<\/strong><\/p>\n<p>El Reserva va ser el primer vi que Fernando Rem\u00edrez va llan\u00e7ar al mercat, i des de llavors ha mantingut constantment la seva excel\u00b7lent qualitat. Per a la seva creaci\u00f3, s\u2019utilitzen principalment ra\u00efms de la varietat tempranillo, amb un petit percentatge de graciano (5%) i un 5% de pells de viura i malvasia, que aporten fragants tocs d\u2019eleg\u00e0ncia. Els ra\u00efms de ceps de m\u00e9s de 60 anys es cullen manualment en caixes de 12 kg i es refrigeren en arribar al celler. Per a l\u2019elaboraci\u00f3 de Rem\u00edrez de Ganuza Reserva, nom\u00e9s els millors grans de les espatlles dels ra\u00efms superen la rigorosa selecci\u00f3 a la taula, permetent que participin en la fermentaci\u00f3. Aquesta fase es duu a terme en petits dip\u00f2sits d\u2019acer inoxidable i tines de roure franc\u00e8s de 7000 litres. La posterior fermentaci\u00f3 malol\u00e0ctica es realitza en b\u00f3tes noves, on el vi madura durant 26 mesos.<\/p>\n","protected":false},"excerpt":{"rendered":"<p>Rem\u00edrez de Ganuza Reserva El Reserva va ser el primer vi que Fernando Rem\u00edrez va llan\u00e7ar al mercat, i des de llavors ha mantingut constantment la seva excel\u00b7lent qualitat. Per a la seva creaci\u00f3, s\u2019utilitzen principalment ra\u00efms de la varietat tempranillo, amb un petit percentatge de graciano (5%) i un 5% de pells de viura&hellip;<\/p>\n","protected":false},"featured_media":83804,"comment_status":"closed","ping_status":"closed","template":"","meta":{"_acf_changed":false},"pwb-brand":[49303,32907],"product_brand":[],"product_cat":[51670,51671],"product_tag":[16199,14900],"class_list":{"0":"post-83807","1":"product","2":"type-product","3":"status-publish","4":"has-post-thumbnail","6":"pwb-brand-remirez-de-ganuza","7":"pwb-brand-rioja-d-o","8":"product_cat-vi","9":"product_cat-vi-negre","10":"product_tag-remirez-de-ganuza-ca","11":"product_tag-rioja-ca","12":"pa_anada-36204","13":"pa_bodega-bodegasfernandoremirezdega","14":"pa_do-rioja-d-o-ca-ca","15":"pa_formatoenml-38306","16":"pa_graduacion-14_5","17":"pa_maridaje-carn-roja","18":"pa_pais-espanya-ca","19":"pa_potente-negre-potent","20":"pa_variedad-principal-tempranillo-ca","21":"entry","22":"has-media","24":"first","25":"instock","26":"taxable","27":"shipping-taxable","28":"purchasable","29":"product-type-simple"},"acf":[],"yoast_head":"<!-- This site is optimized with the Yoast SEO Premium plugin v23.1 (Yoast SEO v23.5) - https:\/\/yoast.com\/wordpress\/plugins\/seo\/ -->\n<title>Remirez de Ganuza Reserva vi negre<\/title>\n<meta name=\"description\" content=\"Comprar online al millor preu el vi negre Remirez de Ganuza Reserva 75cl a la DOC Rioja. Viniteca. Licoreria. Begudes. Alimentaci\u00f3. Ofertes. Descomptes.\" \/>\n<meta name=\"robots\" content=\"noindex, follow, max-snippet:-1, max-image-preview:large, max-video-preview:-1\" \/>\n<meta property=\"og:locale\" content=\"ca_ES\" \/>\n<meta property=\"og:type\" content=\"article\" \/>\n<meta property=\"og:title\" content=\"Rem\u00edrez de Ganuza Reserva\" \/>\n<meta property=\"og:description\" content=\"Comprar online al millor preu el vi negre Remirez de Ganuza Reserva 75cl a la DOC Rioja. Viniteca. Licoreria. Begudes. Alimentaci\u00f3. Ofertes. Descomptes.\" \/>\n<meta property=\"og:url\" content=\"https:\/\/aral2.cetrexmarketing.com\/ca\/producto\/remirez-de-ganuza-reserva-2\/\" \/>\n<meta property=\"og:site_name\" content=\"M\u00f3n La Cata\" \/>\n<meta property=\"article:modified_time\" content=\"2025-05-24T08:38:22+00:00\" \/>\n<meta property=\"og:image\" content=\"https:\/\/aral2.cetrexmarketing.com\/wp-content\/uploads\/2025\/05\/Remirez-de-Ganuza-Reserva.jpg-1.png\" \/>\n\t<meta property=\"og:image:width\" content=\"765\" \/>\n\t<meta property=\"og:image:height\" content=\"1024\" \/>\n\t<meta property=\"og:image:type\" content=\"image\/png\" \/>\n<meta name=\"twitter:card\" content=\"summary_large_image\" \/>\n<meta name=\"twitter:label1\" content=\"Temps estimat de lectura\" \/>\n\t<meta name=\"twitter:data1\" content=\"2 minuts\" \/>\n<script type=\"application\/ld+json\" class=\"yoast-schema-graph\">{\"@context\":\"https:\/\/schema.org\",\"@graph\":[{\"@type\":\"WebPage\",\"@id\":\"https:\/\/aral2.cetrexmarketing.com\/ca\/producto\/remirez-de-ganuza-reserva-2\/\",\"url\":\"https:\/\/aral2.cetrexmarketing.com\/ca\/producto\/remirez-de-ganuza-reserva-2\/\",\"name\":\"Remirez de Ganuza Reserva vi negre\",\"isPartOf\":{\"@id\":\"https:\/\/aral2.cetrexmarketing.com\/#website\"},\"primaryImageOfPage\":{\"@id\":\"https:\/\/aral2.cetrexmarketing.com\/ca\/producto\/remirez-de-ganuza-reserva-2\/#primaryimage\"},\"image\":{\"@id\":\"https:\/\/aral2.cetrexmarketing.com\/ca\/producto\/remirez-de-ganuza-reserva-2\/#primaryimage\"},\"thumbnailUrl\":\"https:\/\/aral2.cetrexmarketing.com\/wp-content\/uploads\/2025\/05\/Remirez-de-Ganuza-Reserva.jpg-1.png\",\"datePublished\":\"2025-05-24T08:38:21+00:00\",\"dateModified\":\"2025-05-24T08:38:22+00:00\",\"description\":\"Comprar online al millor preu el vi negre Remirez de Ganuza Reserva 75cl a la DOC Rioja. Viniteca. Licoreria. Begudes. Alimentaci\u00f3. Ofertes. Descomptes.\",\"breadcrumb\":{\"@id\":\"https:\/\/aral2.cetrexmarketing.com\/ca\/producto\/remirez-de-ganuza-reserva-2\/#breadcrumb\"},\"inLanguage\":\"ca\",\"potentialAction\":[{\"@type\":\"ReadAction\",\"target\":[\"https:\/\/aral2.cetrexmarketing.com\/ca\/producto\/remirez-de-ganuza-reserva-2\/\"]}]},{\"@type\":\"ImageObject\",\"inLanguage\":\"ca\",\"@id\":\"https:\/\/aral2.cetrexmarketing.com\/ca\/producto\/remirez-de-ganuza-reserva-2\/#primaryimage\",\"url\":\"https:\/\/aral2.cetrexmarketing.com\/wp-content\/uploads\/2025\/05\/Remirez-de-Ganuza-Reserva.jpg-1.png\",\"contentUrl\":\"https:\/\/aral2.cetrexmarketing.com\/wp-content\/uploads\/2025\/05\/Remirez-de-Ganuza-Reserva.jpg-1.png\",\"width\":765,\"height\":1024},{\"@type\":\"BreadcrumbList\",\"@id\":\"https:\/\/aral2.cetrexmarketing.com\/ca\/producto\/remirez-de-ganuza-reserva-2\/#breadcrumb\",\"itemListElement\":[{\"@type\":\"ListItem\",\"position\":1,\"name\":\"Home\",\"item\":\"https:\/\/aral2.cetrexmarketing.com\/ca\/\"},{\"@type\":\"ListItem\",\"position\":2,\"name\":\"Tienda\",\"item\":\"https:\/\/aral2.cetrexmarketing.com\/ca\/tienda-2\/\"},{\"@type\":\"ListItem\",\"position\":3,\"name\":\"Vi\",\"item\":\"https:\/\/aral2.cetrexmarketing.com\/categoria-producto\/vi\/\"},{\"@type\":\"ListItem\",\"position\":4,\"name\":\"Vi Negre\",\"item\":\"https:\/\/aral2.cetrexmarketing.com\/categoria-producto\/vi\/vi-negre\/\"},{\"@type\":\"ListItem\",\"position\":5,\"name\":\"Rem\u00edrez de Ganuza Reserva\"}]},{\"@type\":\"WebSite\",\"@id\":\"https:\/\/aral2.cetrexmarketing.com\/#website\",\"url\":\"https:\/\/aral2.cetrexmarketing.com\/\",\"name\":\"M\u00f3n La Cata\",\"description\":\"Tienda de vinos, licores, cervezas y gourmet\",\"publisher\":{\"@id\":\"https:\/\/aral2.cetrexmarketing.com\/#organization\"},\"potentialAction\":[{\"@type\":\"SearchAction\",\"target\":{\"@type\":\"EntryPoint\",\"urlTemplate\":\"https:\/\/aral2.cetrexmarketing.com\/?s={search_term_string}\"},\"query-input\":{\"@type\":\"PropertyValueSpecification\",\"valueRequired\":true,\"valueName\":\"search_term_string\"}}],\"inLanguage\":\"ca\"},{\"@type\":\"Organization\",\"@id\":\"https:\/\/aral2.cetrexmarketing.com\/#organization\",\"name\":\"M\u00f3n La Cata\",\"url\":\"https:\/\/aral2.cetrexmarketing.com\/\",\"logo\":{\"@type\":\"ImageObject\",\"inLanguage\":\"ca\",\"@id\":\"https:\/\/aral2.cetrexmarketing.com\/#\/schema\/logo\/image\/\",\"url\":\"https:\/\/aral2.cetrexmarketing.com\/wp-content\/uploads\/2024\/10\/aral-logo-neg-1024x409-1.png\",\"contentUrl\":\"https:\/\/aral2.cetrexmarketing.com\/wp-content\/uploads\/2024\/10\/aral-logo-neg-1024x409-1.png\",\"width\":1024,\"height\":409,\"caption\":\"M\u00f3n La Cata\"},\"image\":{\"@id\":\"https:\/\/aral2.cetrexmarketing.com\/#\/schema\/logo\/image\/\"}}]}<\/script>\n<!-- \/ Yoast SEO Premium plugin. -->","yoast_head_json":{"title":"Remirez de Ganuza Reserva vi negre","description":"Comprar online al millor preu el vi negre Remirez de Ganuza Reserva 75cl a la DOC Rioja. Viniteca. Licoreria. Begudes. Alimentaci\u00f3. Ofertes. Descomptes.","robots":{"index":"noindex","follow":"follow","max-snippet":"max-snippet:-1","max-image-preview":"max-image-preview:large","max-video-preview":"max-video-preview:-1"},"og_locale":"ca_ES","og_type":"article","og_title":"Rem\u00edrez de Ganuza Reserva","og_description":"Comprar online al millor preu el vi negre Remirez de Ganuza Reserva 75cl a la DOC Rioja. Viniteca. Licoreria. Begudes. Alimentaci\u00f3. Ofertes. Descomptes.","og_url":"https:\/\/aral2.cetrexmarketing.com\/ca\/producto\/remirez-de-ganuza-reserva-2\/","og_site_name":"M\u00f3n La Cata","article_modified_time":"2025-05-24T08:38:22+00:00","og_image":[{"width":765,"height":1024,"url":"https:\/\/aral2.cetrexmarketing.com\/wp-content\/uploads\/2025\/05\/Remirez-de-Ganuza-Reserva.jpg-1.png","type":"image\/png"}],"twitter_card":"summary_large_image","twitter_misc":{"Temps estimat de lectura":"2 minuts"},"schema":{"@context":"https:\/\/schema.org","@graph":[{"@type":"WebPage","@id":"https:\/\/aral2.cetrexmarketing.com\/ca\/producto\/remirez-de-ganuza-reserva-2\/","url":"https:\/\/aral2.cetrexmarketing.com\/ca\/producto\/remirez-de-ganuza-reserva-2\/","name":"Remirez de Ganuza Reserva vi negre","isPartOf":{"@id":"https:\/\/aral2.cetrexmarketing.com\/#website"},"primaryImageOfPage":{"@id":"https:\/\/aral2.cetrexmarketing.com\/ca\/producto\/remirez-de-ganuza-reserva-2\/#primaryimage"},"image":{"@id":"https:\/\/aral2.cetrexmarketing.com\/ca\/producto\/remirez-de-ganuza-reserva-2\/#primaryimage"},"thumbnailUrl":"https:\/\/aral2.cetrexmarketing.com\/wp-content\/uploads\/2025\/05\/Remirez-de-Ganuza-Reserva.jpg-1.png","datePublished":"2025-05-24T08:38:21+00:00","dateModified":"2025-05-24T08:38:22+00:00","description":"Comprar online al millor preu el vi negre Remirez de Ganuza Reserva 75cl a la DOC Rioja. Viniteca. Licoreria. Begudes. Alimentaci\u00f3. Ofertes. Descomptes.","breadcrumb":{"@id":"https:\/\/aral2.cetrexmarketing.com\/ca\/producto\/remirez-de-ganuza-reserva-2\/#breadcrumb"},"inLanguage":"ca","potentialAction":[{"@type":"ReadAction","target":["https:\/\/aral2.cetrexmarketing.com\/ca\/producto\/remirez-de-ganuza-reserva-2\/"]}]},{"@type":"ImageObject","inLanguage":"ca","@id":"https:\/\/aral2.cetrexmarketing.com\/ca\/producto\/remirez-de-ganuza-reserva-2\/#primaryimage","url":"https:\/\/aral2.cetrexmarketing.com\/wp-content\/uploads\/2025\/05\/Remirez-de-Ganuza-Reserva.jpg-1.png","contentUrl":"https:\/\/aral2.cetrexmarketing.com\/wp-content\/uploads\/2025\/05\/Remirez-de-Ganuza-Reserva.jpg-1.png","width":765,"height":1024},{"@type":"BreadcrumbList","@id":"https:\/\/aral2.cetrexmarketing.com\/ca\/producto\/remirez-de-ganuza-reserva-2\/#breadcrumb","itemListElement":[{"@type":"ListItem","position":1,"name":"Home","item":"https:\/\/aral2.cetrexmarketing.com\/ca\/"},{"@type":"ListItem","position":2,"name":"Tienda","item":"https:\/\/aral2.cetrexmarketing.com\/ca\/tienda-2\/"},{"@type":"ListItem","position":3,"name":"Vi","item":"https:\/\/aral2.cetrexmarketing.com\/categoria-producto\/vi\/"},{"@type":"ListItem","position":4,"name":"Vi Negre","item":"https:\/\/aral2.cetrexmarketing.com\/categoria-producto\/vi\/vi-negre\/"},{"@type":"ListItem","position":5,"name":"Rem\u00edrez de Ganuza Reserva"}]},{"@type":"WebSite","@id":"https:\/\/aral2.cetrexmarketing.com\/#website","url":"https:\/\/aral2.cetrexmarketing.com\/","name":"M\u00f3n La Cata","description":"Tienda de vinos, licores, cervezas y gourmet","publisher":{"@id":"https:\/\/aral2.cetrexmarketing.com\/#organization"},"potentialAction":[{"@type":"SearchAction","target":{"@type":"EntryPoint","urlTemplate":"https:\/\/aral2.cetrexmarketing.com\/?s={search_term_string}"},"query-input":{"@type":"PropertyValueSpecification","valueRequired":true,"valueName":"search_term_string"}}],"inLanguage":"ca"},{"@type":"Organization","@id":"https:\/\/aral2.cetrexmarketing.com\/#organization","name":"M\u00f3n La Cata","url":"https:\/\/aral2.cetrexmarketing.com\/","logo":{"@type":"ImageObject","inLanguage":"ca","@id":"https:\/\/aral2.cetrexmarketing.com\/#\/schema\/logo\/image\/","url":"https:\/\/aral2.cetrexmarketing.com\/wp-content\/uploads\/2024\/10\/aral-logo-neg-1024x409-1.png","contentUrl":"https:\/\/aral2.cetrexmarketing.com\/wp-content\/uploads\/2024\/10\/aral-logo-neg-1024x409-1.png","width":1024,"height":409,"caption":"M\u00f3n La Cata"},"image":{"@id":"https:\/\/aral2.cetrexmarketing.com\/#\/schema\/logo\/image\/"}}]}},"brands":[{"id":49303,"name":"Rem\u00edrez de Ganuza","slug":"remirez-de-ganuza"},{"id":32907,"name":"Rioja D.O.","slug":"rioja-d-o"}],"_links":{"self":[{"href":"https:\/\/aral2.cetrexmarketing.com\/ca\/wp-json\/wp\/v2\/product\/83807","targetHints":{"allow":["GET"]}}],"collection":[{"href":"https:\/\/aral2.cetrexmarketing.com\/ca\/wp-json\/wp\/v2\/product"}],"about":[{"href":"https:\/\/aral2.cetrexmarketing.com\/ca\/wp-json\/wp\/v2\/types\/product"}],"replies":[{"embeddable":true,"href":"https:\/\/aral2.cetrexmarketing.com\/ca\/wp-json\/wp\/v2\/comments?post=83807"}],"wp:featuredmedia":[{"embeddable":true,"href":"https:\/\/aral2.cetrexmarketing.com\/ca\/wp-json\/wp\/v2\/media\/83804"}],"wp:attachment":[{"href":"https:\/\/aral2.cetrexmarketing.com\/ca\/wp-json\/wp\/v2\/media?parent=83807"}],"wp:term":[{"taxonomy":"pwb-brand","embeddable":true,"href":"https:\/\/aral2.cetrexmarketing.com\/ca\/wp-json\/wp\/v2\/pwb-brand?post=83807"},{"taxonomy":"product_brand","embeddable":true,"href":"https:\/\/aral2.cetrexmarketing.com\/ca\/wp-json\/wp\/v2\/product_brand?post=83807"},{"taxonomy":"product_cat","embeddable":true,"href":"https:\/\/aral2.cetrexmarketing.com\/ca\/wp-json\/wp\/v2\/product_cat?post=83807"},{"taxonomy":"product_tag","embeddable":true,"href":"https:\/\/aral2.cetrexmarketing.com\/ca\/wp-json\/wp\/v2\/product_tag?post=83807"}],"curies":[{"name":"wp","href":"https:\/\/api.w.org\/{rel}","templated":true}]}}