{"id":83757,"date":"2025-05-24T08:37:11","date_gmt":"2025-05-24T08:37:11","guid":{"rendered":"https:\/\/aral2.cetrexmarketing.com\/producto\/lopez-de-haro-crianza-2\/"},"modified":"2025-05-24T08:37:12","modified_gmt":"2025-05-24T08:37:12","slug":"lopez-de-haro-crianza-2","status":"publish","type":"product","link":"https:\/\/aral2.cetrexmarketing.com\/ca\/producto\/lopez-de-haro-crianza-2\/","title":{"rendered":"L\u00f3pez de Haro Crianza"},"content":{"rendered":"<p data-start=\"0\" data-end=\"391\">El <strong data-start=\"3\" data-end=\"37\">Hacienda L\u00f3pez de Haro Crianza <\/strong>\u00e9s un vi negre de la Denominaci\u00f3 d&#8217;Origen Qualificada (DOCa) Rioja, elaborat per Bodega Classica (Grup Vintae). Aquest vi \u00e9s un cupatge de les varietats de ra\u00efm Tempranillo, Garnatxa i Graciano, procedents de vinyes velles de baixa producci\u00f3 situades a les terrasses del riu Ebre, a la zona de la Sonsierra.<\/p>\n<p data-start=\"393\" data-end=\"430\"><strong data-start=\"393\" data-end=\"430\">Proc\u00e9s d&#8217;elaboraci\u00f3 i crian\u00e7a<\/p>\n<p><\/strong><\/p>\n<ul data-start=\"432\" data-end=\"974\">\n<li data-start=\"432\" data-end=\"547\">\n<p data-start=\"434\" data-end=\"547\"><strong data-start=\"434\" data-end=\"447\">Verema<\/strong>: La verema \u00e9s manual i es realitza durant el mes d\u2019octubre.<\/p>\n<\/li>\n<li data-start=\"549\" data-end=\"844\">\n<p data-start=\"551\" data-end=\"844\"><strong data-start=\"551\" data-end=\"568\">Fermentaci\u00f3<\/strong>: Despr\u00e9s d&#8217;una maceraci\u00f3 est\u00e0tica d\u2019entre 8 i 10 dies per evitar la sobreextracci\u00f3, es duu a terme una fermentaci\u00f3 espont\u00e0nia amb llevats aut\u00f2ctons a una temperatura controlada de 24\u202f\u00b0C. S\u2019afegeixen quantitats molt petites de sulfur\u00f3s.<\/p>\n<\/li>\n<li data-start=\"846\" data-end=\"974\">\n<p data-start=\"848\" data-end=\"974\"><strong data-start=\"848\" data-end=\"860\">Crian\u00e7a<\/strong>: El vi envelleix durant 16 mesos en b\u00f3tes de roure franc\u00e8s i americ\u00e0.<\/p>\n<div class=\"relative inline-flex items-center\"><\/div>\n<p><strong data-start=\"1379\" data-end=\"1404\">Maridatge recomenat:<\/strong><\/li>\n<\/ul>\n<p data-start=\"1406\" data-end=\"1588\">Aquest vi \u00e9s ideal per acompanyar carns vermelles a la brasa, estofats, rostits, ca\u00e7a de ploma, \u00e0nec, formatges curats i pernil ib\u00e8ric de gla.<\/p>\n<p data-start=\"1590\" data-end=\"1620\"><strong data-start=\"1590\" data-end=\"1620\">Premis i reconeixaments:<\/strong><\/p>\n<ul data-start=\"1622\" data-end=\"1923\">\n<li data-start=\"1622\" data-end=\"1675\">\n<p data-start=\"1624\" data-end=\"1675\">90 punts a la Guia Pe\u00f1\u00edn 2021 per a l&#8217;anyada 2018.<\/p>\n<\/li>\n<li data-start=\"1677\" data-end=\"1753\">\n<p data-start=\"1679\" data-end=\"1753\">90 punts a Wine Enthusiast Magazine, Best Buys 2020, per a l&#8217;anyada 2017.<\/p>\n<\/li>\n<li data-start=\"1755\" data-end=\"1836\">\n<p data-start=\"1757\" data-end=\"1836\">Medalla de Plata a la International Wine &amp; Spirit Competition 2014 a Londres.<\/p>\n<\/li>\n<li data-start=\"1838\" data-end=\"1923\">\n<p data-start=\"1840\" data-end=\"1923\">91 punts Parker per a les anyades 2008 i 2010.<\/p>\n<p>&nbsp;<\/li>\n<\/ul>\n<p>El Hacienda L\u00f3pez de Haro Crianza combina la tradici\u00f3 riojana amb un enfocament contemporani, oferint una experi\u00e8ncia equilibrada i plaent per als amants del vi.<\/p>\n","protected":false},"excerpt":{"rendered":"<p><strong>L\u00f3pez de Haro Crianza<\/strong><\/p>\n<p>18 meses en barricas de roble franc\u00e9s y americano.<\/p>\n<p>Suave y aterciopelado en boca.<\/p>\n<p>Tanino maduro.<\/p>\n<p>Final largo.<\/p>\n","protected":false},"featured_media":83754,"comment_status":"closed","ping_status":"closed","template":"","meta":{"_acf_changed":false},"pwb-brand":[45036,32907],"product_brand":[],"product_cat":[51670,51671],"product_tag":[14904,52282,16192,45037,14900,52343],"class_list":{"0":"post-83757","1":"product","2":"type-product","3":"status-publish","4":"has-post-thumbnail","6":"pwb-brand-lopez-de-haro","7":"pwb-brand-rioja-d-o","8":"product_cat-vi","9":"product_cat-vi-negre","10":"product_tag-doca-rioja-ca","11":"product_tag-hacienda-lopez-de-haro-crianza-2","12":"product_tag-lopez-de-haro-ca","13":"product_tag-lopez-de-haro-crianza","14":"product_tag-rioja-ca","15":"product_tag-rioja-crianza-2","16":"pa_anada-36211","17":"pa_bodega-haciendalopezdeharo","18":"pa_do-rioja-d-o-ca-ca","19":"pa_ecologico-vegano-natural-vega","20":"pa_envejecimiento-crianca","21":"pa_formatoenml-38306","22":"pa_gastronomico-negre-gastronomic","23":"pa_graduacion-13_5","24":"pa_maridaje-carn-blanca","25":"pa_maridaje-carn-roja","26":"pa_maridaje-embotits","27":"pa_pais-espanya-ca","28":"pa_pueblociudad-b6-sanvicentedelasonsierralar","29":"pa_variedad-principal-garnacha-tinta-ca","30":"pa_variedad-principal-gracia","31":"pa_variedad-principal-tempranillo-ca","32":"entry","33":"has-media","35":"first","36":"instock","37":"taxable","38":"shipping-taxable","39":"purchasable","40":"product-type-simple"},"acf":[],"yoast_head":"<!-- This site is optimized with the Yoast SEO Premium plugin v23.1 (Yoast SEO v23.5) - https:\/\/yoast.com\/wordpress\/plugins\/seo\/ -->\n<title>L\u00f3pez de Haro Crianza vi negre DOCa Rioja<\/title>\n<meta name=\"description\" content=\"Comprar online L\u00f3pez de Haro Crianza vi de la DOCa Rioja.\" \/>\n<meta name=\"robots\" content=\"noindex, follow, max-snippet:-1, max-image-preview:large, max-video-preview:-1\" \/>\n<meta property=\"og:locale\" content=\"ca_ES\" \/>\n<meta property=\"og:type\" content=\"article\" \/>\n<meta property=\"og:title\" content=\"L\u00f3pez de Haro Crianza\" \/>\n<meta property=\"og:description\" content=\"Comprar online L\u00f3pez de Haro Crianza vi de la DOCa Rioja.\" \/>\n<meta property=\"og:url\" content=\"https:\/\/aral2.cetrexmarketing.com\/ca\/producto\/lopez-de-haro-crianza-2\/\" \/>\n<meta property=\"og:site_name\" content=\"M\u00f3n La Cata\" \/>\n<meta property=\"article:modified_time\" content=\"2025-05-24T08:37:12+00:00\" \/>\n<meta property=\"og:image\" content=\"https:\/\/aral2.cetrexmarketing.com\/wp-content\/uploads\/2025\/05\/lopez-de-haro-crianza.png\" \/>\n\t<meta property=\"og:image:width\" content=\"765\" \/>\n\t<meta property=\"og:image:height\" content=\"1024\" \/>\n\t<meta property=\"og:image:type\" content=\"image\/png\" \/>\n<meta name=\"twitter:card\" content=\"summary_large_image\" \/>\n<meta name=\"twitter:label1\" content=\"Temps estimat de lectura\" \/>\n\t<meta name=\"twitter:data1\" content=\"1 minut\" \/>\n<script type=\"application\/ld+json\" class=\"yoast-schema-graph\">{\"@context\":\"https:\/\/schema.org\",\"@graph\":[{\"@type\":\"WebPage\",\"@id\":\"https:\/\/aral2.cetrexmarketing.com\/ca\/producto\/lopez-de-haro-crianza-2\/\",\"url\":\"https:\/\/aral2.cetrexmarketing.com\/ca\/producto\/lopez-de-haro-crianza-2\/\",\"name\":\"L\u00f3pez de Haro Crianza vi negre DOCa Rioja\",\"isPartOf\":{\"@id\":\"https:\/\/aral2.cetrexmarketing.com\/#website\"},\"primaryImageOfPage\":{\"@id\":\"https:\/\/aral2.cetrexmarketing.com\/ca\/producto\/lopez-de-haro-crianza-2\/#primaryimage\"},\"image\":{\"@id\":\"https:\/\/aral2.cetrexmarketing.com\/ca\/producto\/lopez-de-haro-crianza-2\/#primaryimage\"},\"thumbnailUrl\":\"https:\/\/aral2.cetrexmarketing.com\/wp-content\/uploads\/2025\/05\/lopez-de-haro-crianza.png\",\"datePublished\":\"2025-05-24T08:37:11+00:00\",\"dateModified\":\"2025-05-24T08:37:12+00:00\",\"description\":\"Comprar online L\u00f3pez de Haro Crianza vi de la DOCa Rioja.\",\"breadcrumb\":{\"@id\":\"https:\/\/aral2.cetrexmarketing.com\/ca\/producto\/lopez-de-haro-crianza-2\/#breadcrumb\"},\"inLanguage\":\"ca\",\"potentialAction\":[{\"@type\":\"ReadAction\",\"target\":[\"https:\/\/aral2.cetrexmarketing.com\/ca\/producto\/lopez-de-haro-crianza-2\/\"]}]},{\"@type\":\"ImageObject\",\"inLanguage\":\"ca\",\"@id\":\"https:\/\/aral2.cetrexmarketing.com\/ca\/producto\/lopez-de-haro-crianza-2\/#primaryimage\",\"url\":\"https:\/\/aral2.cetrexmarketing.com\/wp-content\/uploads\/2025\/05\/lopez-de-haro-crianza.png\",\"contentUrl\":\"https:\/\/aral2.cetrexmarketing.com\/wp-content\/uploads\/2025\/05\/lopez-de-haro-crianza.png\",\"width\":765,\"height\":1024},{\"@type\":\"BreadcrumbList\",\"@id\":\"https:\/\/aral2.cetrexmarketing.com\/ca\/producto\/lopez-de-haro-crianza-2\/#breadcrumb\",\"itemListElement\":[{\"@type\":\"ListItem\",\"position\":1,\"name\":\"Home\",\"item\":\"https:\/\/aral2.cetrexmarketing.com\/ca\/\"},{\"@type\":\"ListItem\",\"position\":2,\"name\":\"Tienda\",\"item\":\"https:\/\/aral2.cetrexmarketing.com\/ca\/tienda-2\/\"},{\"@type\":\"ListItem\",\"position\":3,\"name\":\"Vi\",\"item\":\"https:\/\/aral2.cetrexmarketing.com\/categoria-producto\/vi\/\"},{\"@type\":\"ListItem\",\"position\":4,\"name\":\"Vi Negre\",\"item\":\"https:\/\/aral2.cetrexmarketing.com\/categoria-producto\/vi\/vi-negre\/\"},{\"@type\":\"ListItem\",\"position\":5,\"name\":\"L\u00f3pez de Haro Crianza\"}]},{\"@type\":\"WebSite\",\"@id\":\"https:\/\/aral2.cetrexmarketing.com\/#website\",\"url\":\"https:\/\/aral2.cetrexmarketing.com\/\",\"name\":\"M\u00f3n La Cata\",\"description\":\"Tienda de vinos, licores, cervezas y gourmet\",\"publisher\":{\"@id\":\"https:\/\/aral2.cetrexmarketing.com\/#organization\"},\"potentialAction\":[{\"@type\":\"SearchAction\",\"target\":{\"@type\":\"EntryPoint\",\"urlTemplate\":\"https:\/\/aral2.cetrexmarketing.com\/?s={search_term_string}\"},\"query-input\":{\"@type\":\"PropertyValueSpecification\",\"valueRequired\":true,\"valueName\":\"search_term_string\"}}],\"inLanguage\":\"ca\"},{\"@type\":\"Organization\",\"@id\":\"https:\/\/aral2.cetrexmarketing.com\/#organization\",\"name\":\"M\u00f3n La Cata\",\"url\":\"https:\/\/aral2.cetrexmarketing.com\/\",\"logo\":{\"@type\":\"ImageObject\",\"inLanguage\":\"ca\",\"@id\":\"https:\/\/aral2.cetrexmarketing.com\/#\/schema\/logo\/image\/\",\"url\":\"https:\/\/aral2.cetrexmarketing.com\/wp-content\/uploads\/2024\/10\/aral-logo-neg-1024x409-1.png\",\"contentUrl\":\"https:\/\/aral2.cetrexmarketing.com\/wp-content\/uploads\/2024\/10\/aral-logo-neg-1024x409-1.png\",\"width\":1024,\"height\":409,\"caption\":\"M\u00f3n La Cata\"},\"image\":{\"@id\":\"https:\/\/aral2.cetrexmarketing.com\/#\/schema\/logo\/image\/\"}}]}<\/script>\n<!-- \/ Yoast SEO Premium plugin. -->","yoast_head_json":{"title":"L\u00f3pez de Haro Crianza vi negre DOCa Rioja","description":"Comprar online L\u00f3pez de Haro Crianza vi de la DOCa Rioja.","robots":{"index":"noindex","follow":"follow","max-snippet":"max-snippet:-1","max-image-preview":"max-image-preview:large","max-video-preview":"max-video-preview:-1"},"og_locale":"ca_ES","og_type":"article","og_title":"L\u00f3pez de Haro Crianza","og_description":"Comprar online L\u00f3pez de Haro Crianza vi de la DOCa Rioja.","og_url":"https:\/\/aral2.cetrexmarketing.com\/ca\/producto\/lopez-de-haro-crianza-2\/","og_site_name":"M\u00f3n La Cata","article_modified_time":"2025-05-24T08:37:12+00:00","og_image":[{"width":765,"height":1024,"url":"https:\/\/aral2.cetrexmarketing.com\/wp-content\/uploads\/2025\/05\/lopez-de-haro-crianza.png","type":"image\/png"}],"twitter_card":"summary_large_image","twitter_misc":{"Temps estimat de lectura":"1 minut"},"schema":{"@context":"https:\/\/schema.org","@graph":[{"@type":"WebPage","@id":"https:\/\/aral2.cetrexmarketing.com\/ca\/producto\/lopez-de-haro-crianza-2\/","url":"https:\/\/aral2.cetrexmarketing.com\/ca\/producto\/lopez-de-haro-crianza-2\/","name":"L\u00f3pez de Haro Crianza vi negre DOCa Rioja","isPartOf":{"@id":"https:\/\/aral2.cetrexmarketing.com\/#website"},"primaryImageOfPage":{"@id":"https:\/\/aral2.cetrexmarketing.com\/ca\/producto\/lopez-de-haro-crianza-2\/#primaryimage"},"image":{"@id":"https:\/\/aral2.cetrexmarketing.com\/ca\/producto\/lopez-de-haro-crianza-2\/#primaryimage"},"thumbnailUrl":"https:\/\/aral2.cetrexmarketing.com\/wp-content\/uploads\/2025\/05\/lopez-de-haro-crianza.png","datePublished":"2025-05-24T08:37:11+00:00","dateModified":"2025-05-24T08:37:12+00:00","description":"Comprar online L\u00f3pez de Haro Crianza vi de la DOCa Rioja.","breadcrumb":{"@id":"https:\/\/aral2.cetrexmarketing.com\/ca\/producto\/lopez-de-haro-crianza-2\/#breadcrumb"},"inLanguage":"ca","potentialAction":[{"@type":"ReadAction","target":["https:\/\/aral2.cetrexmarketing.com\/ca\/producto\/lopez-de-haro-crianza-2\/"]}]},{"@type":"ImageObject","inLanguage":"ca","@id":"https:\/\/aral2.cetrexmarketing.com\/ca\/producto\/lopez-de-haro-crianza-2\/#primaryimage","url":"https:\/\/aral2.cetrexmarketing.com\/wp-content\/uploads\/2025\/05\/lopez-de-haro-crianza.png","contentUrl":"https:\/\/aral2.cetrexmarketing.com\/wp-content\/uploads\/2025\/05\/lopez-de-haro-crianza.png","width":765,"height":1024},{"@type":"BreadcrumbList","@id":"https:\/\/aral2.cetrexmarketing.com\/ca\/producto\/lopez-de-haro-crianza-2\/#breadcrumb","itemListElement":[{"@type":"ListItem","position":1,"name":"Home","item":"https:\/\/aral2.cetrexmarketing.com\/ca\/"},{"@type":"ListItem","position":2,"name":"Tienda","item":"https:\/\/aral2.cetrexmarketing.com\/ca\/tienda-2\/"},{"@type":"ListItem","position":3,"name":"Vi","item":"https:\/\/aral2.cetrexmarketing.com\/categoria-producto\/vi\/"},{"@type":"ListItem","position":4,"name":"Vi Negre","item":"https:\/\/aral2.cetrexmarketing.com\/categoria-producto\/vi\/vi-negre\/"},{"@type":"ListItem","position":5,"name":"L\u00f3pez de Haro Crianza"}]},{"@type":"WebSite","@id":"https:\/\/aral2.cetrexmarketing.com\/#website","url":"https:\/\/aral2.cetrexmarketing.com\/","name":"M\u00f3n La Cata","description":"Tienda de vinos, licores, cervezas y gourmet","publisher":{"@id":"https:\/\/aral2.cetrexmarketing.com\/#organization"},"potentialAction":[{"@type":"SearchAction","target":{"@type":"EntryPoint","urlTemplate":"https:\/\/aral2.cetrexmarketing.com\/?s={search_term_string}"},"query-input":{"@type":"PropertyValueSpecification","valueRequired":true,"valueName":"search_term_string"}}],"inLanguage":"ca"},{"@type":"Organization","@id":"https:\/\/aral2.cetrexmarketing.com\/#organization","name":"M\u00f3n La Cata","url":"https:\/\/aral2.cetrexmarketing.com\/","logo":{"@type":"ImageObject","inLanguage":"ca","@id":"https:\/\/aral2.cetrexmarketing.com\/#\/schema\/logo\/image\/","url":"https:\/\/aral2.cetrexmarketing.com\/wp-content\/uploads\/2024\/10\/aral-logo-neg-1024x409-1.png","contentUrl":"https:\/\/aral2.cetrexmarketing.com\/wp-content\/uploads\/2024\/10\/aral-logo-neg-1024x409-1.png","width":1024,"height":409,"caption":"M\u00f3n La Cata"},"image":{"@id":"https:\/\/aral2.cetrexmarketing.com\/#\/schema\/logo\/image\/"}}]}},"brands":[{"id":45036,"name":"L\u00f3pez de Haro","slug":"lopez-de-haro"},{"id":32907,"name":"Rioja D.O.","slug":"rioja-d-o"}],"_links":{"self":[{"href":"https:\/\/aral2.cetrexmarketing.com\/ca\/wp-json\/wp\/v2\/product\/83757","targetHints":{"allow":["GET"]}}],"collection":[{"href":"https:\/\/aral2.cetrexmarketing.com\/ca\/wp-json\/wp\/v2\/product"}],"about":[{"href":"https:\/\/aral2.cetrexmarketing.com\/ca\/wp-json\/wp\/v2\/types\/product"}],"replies":[{"embeddable":true,"href":"https:\/\/aral2.cetrexmarketing.com\/ca\/wp-json\/wp\/v2\/comments?post=83757"}],"wp:featuredmedia":[{"embeddable":true,"href":"https:\/\/aral2.cetrexmarketing.com\/ca\/wp-json\/wp\/v2\/media\/83754"}],"wp:attachment":[{"href":"https:\/\/aral2.cetrexmarketing.com\/ca\/wp-json\/wp\/v2\/media?parent=83757"}],"wp:term":[{"taxonomy":"pwb-brand","embeddable":true,"href":"https:\/\/aral2.cetrexmarketing.com\/ca\/wp-json\/wp\/v2\/pwb-brand?post=83757"},{"taxonomy":"product_brand","embeddable":true,"href":"https:\/\/aral2.cetrexmarketing.com\/ca\/wp-json\/wp\/v2\/product_brand?post=83757"},{"taxonomy":"product_cat","embeddable":true,"href":"https:\/\/aral2.cetrexmarketing.com\/ca\/wp-json\/wp\/v2\/product_cat?post=83757"},{"taxonomy":"product_tag","embeddable":true,"href":"https:\/\/aral2.cetrexmarketing.com\/ca\/wp-json\/wp\/v2\/product_tag?post=83757"}],"curies":[{"name":"wp","href":"https:\/\/api.w.org\/{rel}","templated":true}]}}