{"id":83741,"date":"2025-05-24T08:36:56","date_gmt":"2025-05-24T08:36:56","guid":{"rendered":"https:\/\/aral2.cetrexmarketing.com\/producto\/luis-canas-gran-reserva-2\/"},"modified":"2025-05-24T08:36:57","modified_gmt":"2025-05-24T08:36:57","slug":"luis-canas-gran-reserva-2","status":"publish","type":"product","link":"https:\/\/aral2.cetrexmarketing.com\/ca\/producto\/luis-canas-gran-reserva-2\/","title":{"rendered":"Luis Ca\u00f1as Gran Reserva"},"content":{"rendered":"<p><strong>Luis Ca\u00f1as Gran Reserva<\/strong><\/p>\n<p data-start=\"33\" data-end=\"607\">El <strong data-start=\"36\" data-end=\"63\">Luis Ca\u00f1as Gran Reserva<\/strong> \u00e9s un <strong data-start=\"70\" data-end=\"82\">vi negre<\/strong> elaborat a la reconeguda regi\u00f3 vin\u00edcola de <strong data-start=\"126\" data-end=\"138\">La Rioja<\/strong>, Espanya, una de les zones m\u00e9s prestigioses del m\u00f3n per a la producci\u00f3 de vi. Aquest vi pertany a la bodega <strong data-start=\"247\" data-end=\"261\">Luis Ca\u00f1as<\/strong>, una bodega familiar amb m\u00e9s de <strong data-start=\"294\" data-end=\"316\">40 anys d&#8217;hist\u00f2ria<\/strong>, que s&#8217;ha destacat pel seu comprom\u00eds amb la <strong data-start=\"361\" data-end=\"373\">qualitat<\/strong> i el respecte pel <strong data-start=\"392\" data-end=\"403\">terroir<\/strong>. El <strong data-start=\"408\" data-end=\"424\">Gran Reserva<\/strong> \u00e9s el m\u00e0xim exponent de la seva producci\u00f3, elaborat \u00fanicament en les <strong data-start=\"494\" data-end=\"513\">millors anyades<\/strong> i amb una <strong data-start=\"524\" data-end=\"546\">crian\u00e7a prolongada<\/strong> per aconseguir una complexitat i <strong data-start=\"580\" data-end=\"606\">eleg\u00e0ncia excepcionals<\/strong>.<\/p>\n<h3 data-start=\"609\" data-end=\"647\"><strong data-start=\"613\" data-end=\"647\">Caracter\u00edstiques del Producte:<\/strong><\/h3>\n<ul data-start=\"648\" data-end=\"954\">\n<li data-start=\"648\" data-end=\"686\"><strong data-start=\"650\" data-end=\"660\">Tipus:<\/strong> Vi negre <strong data-start=\"670\" data-end=\"686\">Gran Reserva<\/strong><\/li>\n<li data-start=\"687\" data-end=\"720\"><strong data-start=\"689\" data-end=\"700\">Origen:<\/strong> <strong data-start=\"701\" data-end=\"710\">Rioja<\/strong> (Espanya)<\/li>\n<li data-start=\"721\" data-end=\"783\"><strong data-start=\"723\" data-end=\"745\">Varietats de ra\u00efm:<\/strong> <strong data-start=\"746\" data-end=\"765\">85% Tempranillo<\/strong>, <strong data-start=\"767\" data-end=\"783\">15% Graciano<\/strong><\/li>\n<li data-start=\"784\" data-end=\"818\"><strong data-start=\"786\" data-end=\"805\">Grau alcoh\u00f2lic:<\/strong> <strong data-start=\"806\" data-end=\"818\">14% vol.<\/strong><\/li>\n<li data-start=\"819\" data-end=\"954\"><strong data-start=\"821\" data-end=\"833\">Crian\u00e7a:<\/strong> Envejeix durant <strong data-start=\"850\" data-end=\"898\">24 mesos en b\u00f3tes de roure franc\u00e8s i americ\u00e0<\/strong>, seguit d&#8217;una crian\u00e7a en ampolla d&#8217;almenys <strong data-start=\"942\" data-end=\"954\">36 mesos<\/strong><\/li>\n<\/ul>\n<h3 data-start=\"956\" data-end=\"978\"><strong data-start=\"960\" data-end=\"978\">Notes de Cata:<\/strong><\/h3>\n<ul data-start=\"980\" data-end=\"1616\">\n<li data-start=\"980\" data-end=\"1051\"><strong data-start=\"982\" data-end=\"992\">Color:<\/strong> <strong data-start=\"993\" data-end=\"1014\">Roig rub\u00ed profund<\/strong> amb reflexos granats, net i brillant<\/li>\n<li data-start=\"1052\" data-end=\"1286\"><strong data-start=\"1054\" data-end=\"1064\">Aroma:<\/strong> Molt complex i elegant, amb una mescla de <strong data-start=\"1107\" data-end=\"1136\">fruites vermelles madures<\/strong> (cirera, pruna), notes especiades de <strong data-start=\"1174\" data-end=\"1186\">vainilla<\/strong>, <strong data-start=\"1188\" data-end=\"1203\">pebre negre<\/strong> i un toc de <strong data-start=\"1216\" data-end=\"1239\">fusta ben integrada<\/strong>, a m\u00e9s d\u2019un lleu fons de <strong data-start=\"1265\" data-end=\"1274\">tabac<\/strong> i <strong data-start=\"1277\" data-end=\"1286\">cacao<\/strong><\/li>\n<li data-start=\"1287\" data-end=\"1616\"><strong data-start=\"1289\" data-end=\"1299\">Sabor:<\/strong> En boca \u00e9s un vi de gran estructura, amb <strong data-start=\"1341\" data-end=\"1358\">tanins rodons<\/strong> i ben integrats, que proporcionen una sensaci\u00f3 de suavitat i <strong data-start=\"1420\" data-end=\"1433\">eleg\u00e0ncia<\/strong>. El sabor de <strong data-start=\"1447\" data-end=\"1465\">fruites negres<\/strong> es combina amb matisos de fusta i esp\u00e8cies, donant pas a un final llarg i persistent, amb records de <strong data-start=\"1567\" data-end=\"1586\">xocolata amarga<\/strong> i un lleuger toc <strong data-start=\"1604\" data-end=\"1616\">bals\u00e0mic<\/strong><\/li>\n<\/ul>\n","protected":false},"excerpt":{"rendered":"<p>Luis Ca\u00f1as Gran Reserva<\/p>\n","protected":false},"featured_media":83735,"comment_status":"closed","ping_status":"closed","template":"","meta":{"_acf_changed":false},"pwb-brand":[32907],"product_brand":[],"product_cat":[51670,51671],"product_tag":[15147,16165,51824,14900,52356],"class_list":{"0":"post-83741","1":"product","2":"type-product","3":"status-publish","4":"has-post-thumbnail","6":"pwb-brand-rioja-d-o","7":"product_cat-vi","8":"product_cat-vi-negre","9":"product_tag-gran-reserva-ca","10":"product_tag-luis-canas-ca","11":"product_tag-luis-canas-gran-reserva","12":"product_tag-rioja-ca","13":"product_tag-vino-de-rioja-2","14":"pa_anada-36208","15":"pa_bodega-bodegasluiscanas","16":"pa_do-rioja-d-o-ca-ca","17":"pa_envejecimiento-granreserva-ca","18":"pa_formatoenml-38306","19":"pa_graduacion-14_5","20":"pa_pais-espanya-ca","21":"pa_tipodevino-vi-tranquil","22":"pa_variedades-tempranillo-ca","23":"entry","24":"has-media","26":"first","27":"instock","28":"taxable","29":"shipping-taxable","30":"purchasable","31":"product-type-simple"},"acf":[],"yoast_head":"<!-- This site is optimized with the Yoast SEO Premium plugin v23.1 (Yoast SEO v23.5) - https:\/\/yoast.com\/wordpress\/plugins\/seo\/ -->\n<title>Luis Ca\u00f1as Gran Reserva<\/title>\n<meta name=\"description\" content=\"El Gran Reserva de Luis Ca\u00f1as de la d.o.c. Rioja. El gran desconegut. Els seus mesos de crian\u00e7a en b\u00f2tes han perm\u00e8s crear un producte molt equilibrat.\" \/>\n<meta name=\"robots\" content=\"noindex, follow, max-snippet:-1, max-image-preview:large, max-video-preview:-1\" \/>\n<meta property=\"og:locale\" content=\"ca_ES\" \/>\n<meta property=\"og:type\" content=\"article\" \/>\n<meta property=\"og:title\" content=\"Luis Ca\u00f1as Gran Reserva\" \/>\n<meta property=\"og:description\" content=\"El Gran Reserva de Luis Ca\u00f1as de la d.o.c. Rioja. El gran desconegut. Els seus mesos de crian\u00e7a en b\u00f2tes han perm\u00e8s crear un producte molt equilibrat.\" \/>\n<meta property=\"og:url\" content=\"https:\/\/aral2.cetrexmarketing.com\/ca\/producto\/luis-canas-gran-reserva-2\/\" \/>\n<meta property=\"og:site_name\" content=\"M\u00f3n La Cata\" \/>\n<meta property=\"article:modified_time\" content=\"2025-05-24T08:36:57+00:00\" \/>\n<meta property=\"og:image\" content=\"https:\/\/aral2.cetrexmarketing.com\/wp-content\/uploads\/2025\/05\/Luis-Canas-Gran-Reserva.png\" \/>\n\t<meta property=\"og:image:width\" content=\"765\" \/>\n\t<meta property=\"og:image:height\" content=\"1024\" \/>\n\t<meta property=\"og:image:type\" content=\"image\/png\" \/>\n<meta name=\"twitter:card\" content=\"summary_large_image\" \/>\n<meta name=\"twitter:label1\" content=\"Temps estimat de lectura\" \/>\n\t<meta name=\"twitter:data1\" content=\"2 minuts\" \/>\n<script type=\"application\/ld+json\" class=\"yoast-schema-graph\">{\"@context\":\"https:\/\/schema.org\",\"@graph\":[{\"@type\":\"WebPage\",\"@id\":\"https:\/\/aral2.cetrexmarketing.com\/ca\/producto\/luis-canas-gran-reserva-2\/\",\"url\":\"https:\/\/aral2.cetrexmarketing.com\/ca\/producto\/luis-canas-gran-reserva-2\/\",\"name\":\"Luis Ca\u00f1as Gran Reserva\",\"isPartOf\":{\"@id\":\"https:\/\/aral2.cetrexmarketing.com\/#website\"},\"primaryImageOfPage\":{\"@id\":\"https:\/\/aral2.cetrexmarketing.com\/ca\/producto\/luis-canas-gran-reserva-2\/#primaryimage\"},\"image\":{\"@id\":\"https:\/\/aral2.cetrexmarketing.com\/ca\/producto\/luis-canas-gran-reserva-2\/#primaryimage\"},\"thumbnailUrl\":\"https:\/\/aral2.cetrexmarketing.com\/wp-content\/uploads\/2025\/05\/Luis-Canas-Gran-Reserva.png\",\"datePublished\":\"2025-05-24T08:36:56+00:00\",\"dateModified\":\"2025-05-24T08:36:57+00:00\",\"description\":\"El Gran Reserva de Luis Ca\u00f1as de la d.o.c. Rioja. El gran desconegut. Els seus mesos de crian\u00e7a en b\u00f2tes han perm\u00e8s crear un producte molt equilibrat.\",\"breadcrumb\":{\"@id\":\"https:\/\/aral2.cetrexmarketing.com\/ca\/producto\/luis-canas-gran-reserva-2\/#breadcrumb\"},\"inLanguage\":\"ca\",\"potentialAction\":[{\"@type\":\"ReadAction\",\"target\":[\"https:\/\/aral2.cetrexmarketing.com\/ca\/producto\/luis-canas-gran-reserva-2\/\"]}]},{\"@type\":\"ImageObject\",\"inLanguage\":\"ca\",\"@id\":\"https:\/\/aral2.cetrexmarketing.com\/ca\/producto\/luis-canas-gran-reserva-2\/#primaryimage\",\"url\":\"https:\/\/aral2.cetrexmarketing.com\/wp-content\/uploads\/2025\/05\/Luis-Canas-Gran-Reserva.png\",\"contentUrl\":\"https:\/\/aral2.cetrexmarketing.com\/wp-content\/uploads\/2025\/05\/Luis-Canas-Gran-Reserva.png\",\"width\":765,\"height\":1024},{\"@type\":\"BreadcrumbList\",\"@id\":\"https:\/\/aral2.cetrexmarketing.com\/ca\/producto\/luis-canas-gran-reserva-2\/#breadcrumb\",\"itemListElement\":[{\"@type\":\"ListItem\",\"position\":1,\"name\":\"Home\",\"item\":\"https:\/\/aral2.cetrexmarketing.com\/ca\/\"},{\"@type\":\"ListItem\",\"position\":2,\"name\":\"Tienda\",\"item\":\"https:\/\/aral2.cetrexmarketing.com\/ca\/tienda-2\/\"},{\"@type\":\"ListItem\",\"position\":3,\"name\":\"Vi\",\"item\":\"https:\/\/aral2.cetrexmarketing.com\/categoria-producto\/vi\/\"},{\"@type\":\"ListItem\",\"position\":4,\"name\":\"Vi Negre\",\"item\":\"https:\/\/aral2.cetrexmarketing.com\/categoria-producto\/vi\/vi-negre\/\"},{\"@type\":\"ListItem\",\"position\":5,\"name\":\"Luis Ca\u00f1as Gran Reserva\"}]},{\"@type\":\"WebSite\",\"@id\":\"https:\/\/aral2.cetrexmarketing.com\/#website\",\"url\":\"https:\/\/aral2.cetrexmarketing.com\/\",\"name\":\"M\u00f3n La Cata\",\"description\":\"Tienda de vinos, licores, cervezas y gourmet\",\"publisher\":{\"@id\":\"https:\/\/aral2.cetrexmarketing.com\/#organization\"},\"potentialAction\":[{\"@type\":\"SearchAction\",\"target\":{\"@type\":\"EntryPoint\",\"urlTemplate\":\"https:\/\/aral2.cetrexmarketing.com\/?s={search_term_string}\"},\"query-input\":{\"@type\":\"PropertyValueSpecification\",\"valueRequired\":true,\"valueName\":\"search_term_string\"}}],\"inLanguage\":\"ca\"},{\"@type\":\"Organization\",\"@id\":\"https:\/\/aral2.cetrexmarketing.com\/#organization\",\"name\":\"M\u00f3n La Cata\",\"url\":\"https:\/\/aral2.cetrexmarketing.com\/\",\"logo\":{\"@type\":\"ImageObject\",\"inLanguage\":\"ca\",\"@id\":\"https:\/\/aral2.cetrexmarketing.com\/#\/schema\/logo\/image\/\",\"url\":\"https:\/\/aral2.cetrexmarketing.com\/wp-content\/uploads\/2024\/10\/aral-logo-neg-1024x409-1.png\",\"contentUrl\":\"https:\/\/aral2.cetrexmarketing.com\/wp-content\/uploads\/2024\/10\/aral-logo-neg-1024x409-1.png\",\"width\":1024,\"height\":409,\"caption\":\"M\u00f3n La Cata\"},\"image\":{\"@id\":\"https:\/\/aral2.cetrexmarketing.com\/#\/schema\/logo\/image\/\"}}]}<\/script>\n<!-- \/ Yoast SEO Premium plugin. -->","yoast_head_json":{"title":"Luis Ca\u00f1as Gran Reserva","description":"El Gran Reserva de Luis Ca\u00f1as de la d.o.c. Rioja. El gran desconegut. Els seus mesos de crian\u00e7a en b\u00f2tes han perm\u00e8s crear un producte molt equilibrat.","robots":{"index":"noindex","follow":"follow","max-snippet":"max-snippet:-1","max-image-preview":"max-image-preview:large","max-video-preview":"max-video-preview:-1"},"og_locale":"ca_ES","og_type":"article","og_title":"Luis Ca\u00f1as Gran Reserva","og_description":"El Gran Reserva de Luis Ca\u00f1as de la d.o.c. Rioja. El gran desconegut. Els seus mesos de crian\u00e7a en b\u00f2tes han perm\u00e8s crear un producte molt equilibrat.","og_url":"https:\/\/aral2.cetrexmarketing.com\/ca\/producto\/luis-canas-gran-reserva-2\/","og_site_name":"M\u00f3n La Cata","article_modified_time":"2025-05-24T08:36:57+00:00","og_image":[{"width":765,"height":1024,"url":"https:\/\/aral2.cetrexmarketing.com\/wp-content\/uploads\/2025\/05\/Luis-Canas-Gran-Reserva.png","type":"image\/png"}],"twitter_card":"summary_large_image","twitter_misc":{"Temps estimat de lectura":"2 minuts"},"schema":{"@context":"https:\/\/schema.org","@graph":[{"@type":"WebPage","@id":"https:\/\/aral2.cetrexmarketing.com\/ca\/producto\/luis-canas-gran-reserva-2\/","url":"https:\/\/aral2.cetrexmarketing.com\/ca\/producto\/luis-canas-gran-reserva-2\/","name":"Luis Ca\u00f1as Gran Reserva","isPartOf":{"@id":"https:\/\/aral2.cetrexmarketing.com\/#website"},"primaryImageOfPage":{"@id":"https:\/\/aral2.cetrexmarketing.com\/ca\/producto\/luis-canas-gran-reserva-2\/#primaryimage"},"image":{"@id":"https:\/\/aral2.cetrexmarketing.com\/ca\/producto\/luis-canas-gran-reserva-2\/#primaryimage"},"thumbnailUrl":"https:\/\/aral2.cetrexmarketing.com\/wp-content\/uploads\/2025\/05\/Luis-Canas-Gran-Reserva.png","datePublished":"2025-05-24T08:36:56+00:00","dateModified":"2025-05-24T08:36:57+00:00","description":"El Gran Reserva de Luis Ca\u00f1as de la d.o.c. Rioja. El gran desconegut. Els seus mesos de crian\u00e7a en b\u00f2tes han perm\u00e8s crear un producte molt equilibrat.","breadcrumb":{"@id":"https:\/\/aral2.cetrexmarketing.com\/ca\/producto\/luis-canas-gran-reserva-2\/#breadcrumb"},"inLanguage":"ca","potentialAction":[{"@type":"ReadAction","target":["https:\/\/aral2.cetrexmarketing.com\/ca\/producto\/luis-canas-gran-reserva-2\/"]}]},{"@type":"ImageObject","inLanguage":"ca","@id":"https:\/\/aral2.cetrexmarketing.com\/ca\/producto\/luis-canas-gran-reserva-2\/#primaryimage","url":"https:\/\/aral2.cetrexmarketing.com\/wp-content\/uploads\/2025\/05\/Luis-Canas-Gran-Reserva.png","contentUrl":"https:\/\/aral2.cetrexmarketing.com\/wp-content\/uploads\/2025\/05\/Luis-Canas-Gran-Reserva.png","width":765,"height":1024},{"@type":"BreadcrumbList","@id":"https:\/\/aral2.cetrexmarketing.com\/ca\/producto\/luis-canas-gran-reserva-2\/#breadcrumb","itemListElement":[{"@type":"ListItem","position":1,"name":"Home","item":"https:\/\/aral2.cetrexmarketing.com\/ca\/"},{"@type":"ListItem","position":2,"name":"Tienda","item":"https:\/\/aral2.cetrexmarketing.com\/ca\/tienda-2\/"},{"@type":"ListItem","position":3,"name":"Vi","item":"https:\/\/aral2.cetrexmarketing.com\/categoria-producto\/vi\/"},{"@type":"ListItem","position":4,"name":"Vi Negre","item":"https:\/\/aral2.cetrexmarketing.com\/categoria-producto\/vi\/vi-negre\/"},{"@type":"ListItem","position":5,"name":"Luis Ca\u00f1as Gran Reserva"}]},{"@type":"WebSite","@id":"https:\/\/aral2.cetrexmarketing.com\/#website","url":"https:\/\/aral2.cetrexmarketing.com\/","name":"M\u00f3n La Cata","description":"Tienda de vinos, licores, cervezas y gourmet","publisher":{"@id":"https:\/\/aral2.cetrexmarketing.com\/#organization"},"potentialAction":[{"@type":"SearchAction","target":{"@type":"EntryPoint","urlTemplate":"https:\/\/aral2.cetrexmarketing.com\/?s={search_term_string}"},"query-input":{"@type":"PropertyValueSpecification","valueRequired":true,"valueName":"search_term_string"}}],"inLanguage":"ca"},{"@type":"Organization","@id":"https:\/\/aral2.cetrexmarketing.com\/#organization","name":"M\u00f3n La Cata","url":"https:\/\/aral2.cetrexmarketing.com\/","logo":{"@type":"ImageObject","inLanguage":"ca","@id":"https:\/\/aral2.cetrexmarketing.com\/#\/schema\/logo\/image\/","url":"https:\/\/aral2.cetrexmarketing.com\/wp-content\/uploads\/2024\/10\/aral-logo-neg-1024x409-1.png","contentUrl":"https:\/\/aral2.cetrexmarketing.com\/wp-content\/uploads\/2024\/10\/aral-logo-neg-1024x409-1.png","width":1024,"height":409,"caption":"M\u00f3n La Cata"},"image":{"@id":"https:\/\/aral2.cetrexmarketing.com\/#\/schema\/logo\/image\/"}}]}},"brands":[{"id":32907,"name":"Rioja D.O.","slug":"rioja-d-o"}],"_links":{"self":[{"href":"https:\/\/aral2.cetrexmarketing.com\/ca\/wp-json\/wp\/v2\/product\/83741","targetHints":{"allow":["GET"]}}],"collection":[{"href":"https:\/\/aral2.cetrexmarketing.com\/ca\/wp-json\/wp\/v2\/product"}],"about":[{"href":"https:\/\/aral2.cetrexmarketing.com\/ca\/wp-json\/wp\/v2\/types\/product"}],"replies":[{"embeddable":true,"href":"https:\/\/aral2.cetrexmarketing.com\/ca\/wp-json\/wp\/v2\/comments?post=83741"}],"wp:featuredmedia":[{"embeddable":true,"href":"https:\/\/aral2.cetrexmarketing.com\/ca\/wp-json\/wp\/v2\/media\/83735"}],"wp:attachment":[{"href":"https:\/\/aral2.cetrexmarketing.com\/ca\/wp-json\/wp\/v2\/media?parent=83741"}],"wp:term":[{"taxonomy":"pwb-brand","embeddable":true,"href":"https:\/\/aral2.cetrexmarketing.com\/ca\/wp-json\/wp\/v2\/pwb-brand?post=83741"},{"taxonomy":"product_brand","embeddable":true,"href":"https:\/\/aral2.cetrexmarketing.com\/ca\/wp-json\/wp\/v2\/product_brand?post=83741"},{"taxonomy":"product_cat","embeddable":true,"href":"https:\/\/aral2.cetrexmarketing.com\/ca\/wp-json\/wp\/v2\/product_cat?post=83741"},{"taxonomy":"product_tag","embeddable":true,"href":"https:\/\/aral2.cetrexmarketing.com\/ca\/wp-json\/wp\/v2\/product_tag?post=83741"}],"curies":[{"name":"wp","href":"https:\/\/api.w.org\/{rel}","templated":true}]}}