{"id":83722,"date":"2025-05-24T08:36:33","date_gmt":"2025-05-24T08:36:33","guid":{"rendered":"https:\/\/aral2.cetrexmarketing.com\/producto\/luis-canas-crianca\/"},"modified":"2025-05-24T08:36:34","modified_gmt":"2025-05-24T08:36:34","slug":"luis-canas-crianca","status":"publish","type":"product","link":"https:\/\/aral2.cetrexmarketing.com\/ca\/producto\/luis-canas-crianca\/","title":{"rendered":"Luis Ca\u00f1as Crian\u00e7a"},"content":{"rendered":"<p><strong>Luis Ca\u00f1as Crian\u00e7a<\/strong><\/p>\n<p data-start=\"28\" data-end=\"540\">El <strong data-start=\"31\" data-end=\"53\">Luis Ca\u00f1as Crianza<\/strong> \u00e9s un <strong data-start=\"60\" data-end=\"72\">vi negre<\/strong> de la prestigiosa <strong data-start=\"91\" data-end=\"112\">bodega Luis Ca\u00f1as<\/strong>, ubicada a la <strong data-start=\"127\" data-end=\"136\">Rioja<\/strong>, una de les regions vin\u00edcoles m\u00e9s reconegudes del m\u00f3n. Fundada el <strong data-start=\"203\" data-end=\"211\">1970<\/strong>, aquesta bodega ha estat un referent en la producci\u00f3 de vins de <strong data-start=\"276\" data-end=\"293\">gran qualitat<\/strong>, amb un enfocament en l&#8217;<strong data-start=\"318\" data-end=\"331\">eleg\u00e0ncia<\/strong> i el respecte pel <strong data-start=\"350\" data-end=\"361\">terroir<\/strong>. El <strong data-start=\"366\" data-end=\"377\">Crianza<\/strong> \u00e9s un dels seus vins m\u00e9s representatius, que reflecteix l&#8217;estil i la tradici\u00f3 de la <strong data-start=\"462\" data-end=\"471\">Rioja<\/strong>, per\u00f2 amb un toc modern que li atorga <strong data-start=\"510\" data-end=\"521\">frescor<\/strong> i <strong data-start=\"524\" data-end=\"539\">complexitat<\/strong>.<\/p>\n<h3 data-start=\"542\" data-end=\"580\"><strong data-start=\"546\" data-end=\"580\">Caracter\u00edstiques del Producte:<\/strong><\/h3>\n<ul data-start=\"581\" data-end=\"889\">\n<li data-start=\"581\" data-end=\"614\"><strong data-start=\"583\" data-end=\"593\">Tipus:<\/strong> Vi negre <strong data-start=\"603\" data-end=\"614\">Crianza<\/strong><\/li>\n<li data-start=\"615\" data-end=\"648\"><strong data-start=\"617\" data-end=\"628\">Origen:<\/strong> <strong data-start=\"629\" data-end=\"638\">Rioja<\/strong> (Espanya)<\/li>\n<li data-start=\"649\" data-end=\"711\"><strong data-start=\"651\" data-end=\"673\">Varietats de ra\u00efm:<\/strong> <strong data-start=\"674\" data-end=\"693\">90% Tempranillo<\/strong>, <strong data-start=\"695\" data-end=\"711\">10% Graciano<\/strong><\/li>\n<li data-start=\"712\" data-end=\"746\"><strong data-start=\"714\" data-end=\"733\">Grau alcoh\u00f2lic:<\/strong> <strong data-start=\"734\" data-end=\"746\">14% vol.<\/strong><\/li>\n<li data-start=\"747\" data-end=\"889\"><strong data-start=\"749\" data-end=\"761\">Crian\u00e7a:<\/strong> <strong data-start=\"762\" data-end=\"810\">12 mesos en b\u00f3tes de roure franc\u00e8s i americ\u00e0<\/strong>, seguit de <strong data-start=\"822\" data-end=\"854\">6 mesos de afinat en ampolla<\/strong> abans de la seva sortida al mercat<\/li>\n<\/ul>\n<h3 data-start=\"891\" data-end=\"913\"><strong data-start=\"895\" data-end=\"913\">Notes de Cata:<\/strong><\/h3>\n<ul data-start=\"915\" data-end=\"1439\">\n<li data-start=\"915\" data-end=\"986\"><strong data-start=\"917\" data-end=\"927\">Color:<\/strong> <strong data-start=\"928\" data-end=\"950\">Roig rub\u00ed brillant<\/strong> amb reflexos morats, net i atractiu<\/li>\n<li data-start=\"987\" data-end=\"1164\"><strong data-start=\"989\" data-end=\"999\">Aroma:<\/strong> Intens i complex, amb una barreja de <strong data-start=\"1037\" data-end=\"1066\">fruites vermelles madures<\/strong> (cirera, gerd) i notes especiades de <strong data-start=\"1104\" data-end=\"1113\">pebre<\/strong>, <strong data-start=\"1115\" data-end=\"1127\">vainilla<\/strong> i un toc de <strong data-start=\"1140\" data-end=\"1149\">fusta<\/strong> ben integrada.<\/li>\n<li data-start=\"1165\" data-end=\"1439\"><strong data-start=\"1167\" data-end=\"1177\">Sabor:<\/strong> En boca \u00e9s suau i equilibrat, amb <strong data-start=\"1212\" data-end=\"1229\">tanins madurs<\/strong> i ben estructurats. El sabor \u00e9s <strong data-start=\"1262\" data-end=\"1274\">afruitat<\/strong>, amb matisos de <strong data-start=\"1291\" data-end=\"1301\">cirera<\/strong> i <strong data-start=\"1304\" data-end=\"1312\">gerd<\/strong>, acompanyat de lleugers tocs de <strong data-start=\"1345\" data-end=\"1356\">caramel<\/strong> i <strong data-start=\"1359\" data-end=\"1371\">esp\u00e8cies<\/strong>. El final \u00e9s persistent i fresc, amb una <strong data-start=\"1413\" data-end=\"1438\" data-is-only-node=\"\">acidesa ben integrada<\/strong>.<\/li>\n<\/ul>\n","protected":false},"excerpt":{"rendered":"<p>Luis Ca\u00f1as Crian\u00e7a<\/p>\n","protected":false},"featured_media":83719,"comment_status":"closed","ping_status":"closed","template":"","meta":{"_acf_changed":false},"pwb-brand":[32907],"product_brand":[],"product_cat":[51670,51671],"product_tag":[16165,14900],"class_list":{"0":"post-83722","1":"product","2":"type-product","3":"status-publish","4":"has-post-thumbnail","6":"pwb-brand-rioja-d-o","7":"product_cat-vi","8":"product_cat-vi-negre","9":"product_tag-luis-canas-ca","10":"product_tag-rioja-ca","11":"pa_anada-36212","12":"pa_bodega-bodegasluiscanas","13":"pa_do-rioja-d-o-ca-ca","14":"pa_envejecimiento-crianca","15":"pa_formatoenml-38306","16":"pa_graduacion-14_5","17":"pa_pais-espanya-ca","18":"pa_pueblociudad-villabuenadealavaalava","19":"pa_tipodevino-vi-tranquil","20":"pa_variedades-tempranillo_garnachatinta-ca","21":"entry","22":"has-media","24":"first","25":"instock","26":"taxable","27":"shipping-taxable","28":"purchasable","29":"product-type-simple"},"acf":[],"yoast_head":"<!-- This site is optimized with the Yoast SEO Premium plugin v23.1 (Yoast SEO v23.5) - https:\/\/yoast.com\/wordpress\/plugins\/seo\/ -->\n<title>Luis Ca\u00f1as Crian\u00e7a<\/title>\n<meta name=\"description\" content=\"Comprar al millor preu el vi negre Luis Ca\u00f1as Crian\u00e7a a Mon la Cata. Botiga especialitzada en vins, destil\u00b7lats, cerveses i alimentaci\u00f3 gurmet.\" \/>\n<meta name=\"robots\" content=\"noindex, follow, max-snippet:-1, max-image-preview:large, max-video-preview:-1\" \/>\n<meta property=\"og:locale\" content=\"ca_ES\" \/>\n<meta property=\"og:type\" content=\"article\" \/>\n<meta property=\"og:title\" content=\"Luis Ca\u00f1as Crian\u00e7a\" \/>\n<meta property=\"og:description\" content=\"Comprar al millor preu el vi negre Luis Ca\u00f1as Crian\u00e7a a Mon la Cata. Botiga especialitzada en vins, destil\u00b7lats, cerveses i alimentaci\u00f3 gurmet.\" \/>\n<meta property=\"og:url\" content=\"https:\/\/aral2.cetrexmarketing.com\/ca\/producto\/luis-canas-crianca\/\" \/>\n<meta property=\"og:site_name\" content=\"M\u00f3n La Cata\" \/>\n<meta property=\"article:modified_time\" content=\"2025-05-24T08:36:34+00:00\" \/>\n<meta property=\"og:image\" content=\"https:\/\/aral2.cetrexmarketing.com\/wp-content\/uploads\/2025\/05\/Luis-Canas-Crianza.jpg.png\" \/>\n\t<meta property=\"og:image:width\" content=\"765\" \/>\n\t<meta property=\"og:image:height\" content=\"1024\" \/>\n\t<meta property=\"og:image:type\" content=\"image\/png\" \/>\n<meta name=\"twitter:card\" content=\"summary_large_image\" \/>\n<meta name=\"twitter:label1\" content=\"Temps estimat de lectura\" \/>\n\t<meta name=\"twitter:data1\" content=\"2 minuts\" \/>\n<script type=\"application\/ld+json\" class=\"yoast-schema-graph\">{\"@context\":\"https:\/\/schema.org\",\"@graph\":[{\"@type\":\"WebPage\",\"@id\":\"https:\/\/aral2.cetrexmarketing.com\/ca\/producto\/luis-canas-crianca\/\",\"url\":\"https:\/\/aral2.cetrexmarketing.com\/ca\/producto\/luis-canas-crianca\/\",\"name\":\"Luis Ca\u00f1as Crian\u00e7a\",\"isPartOf\":{\"@id\":\"https:\/\/aral2.cetrexmarketing.com\/#website\"},\"primaryImageOfPage\":{\"@id\":\"https:\/\/aral2.cetrexmarketing.com\/ca\/producto\/luis-canas-crianca\/#primaryimage\"},\"image\":{\"@id\":\"https:\/\/aral2.cetrexmarketing.com\/ca\/producto\/luis-canas-crianca\/#primaryimage\"},\"thumbnailUrl\":\"https:\/\/aral2.cetrexmarketing.com\/wp-content\/uploads\/2025\/05\/Luis-Canas-Crianza.jpg.png\",\"datePublished\":\"2025-05-24T08:36:33+00:00\",\"dateModified\":\"2025-05-24T08:36:34+00:00\",\"description\":\"Comprar al millor preu el vi negre Luis Ca\u00f1as Crian\u00e7a a Mon la Cata. Botiga especialitzada en vins, destil\u00b7lats, cerveses i alimentaci\u00f3 gurmet.\",\"breadcrumb\":{\"@id\":\"https:\/\/aral2.cetrexmarketing.com\/ca\/producto\/luis-canas-crianca\/#breadcrumb\"},\"inLanguage\":\"ca\",\"potentialAction\":[{\"@type\":\"ReadAction\",\"target\":[\"https:\/\/aral2.cetrexmarketing.com\/ca\/producto\/luis-canas-crianca\/\"]}]},{\"@type\":\"ImageObject\",\"inLanguage\":\"ca\",\"@id\":\"https:\/\/aral2.cetrexmarketing.com\/ca\/producto\/luis-canas-crianca\/#primaryimage\",\"url\":\"https:\/\/aral2.cetrexmarketing.com\/wp-content\/uploads\/2025\/05\/Luis-Canas-Crianza.jpg.png\",\"contentUrl\":\"https:\/\/aral2.cetrexmarketing.com\/wp-content\/uploads\/2025\/05\/Luis-Canas-Crianza.jpg.png\",\"width\":765,\"height\":1024},{\"@type\":\"BreadcrumbList\",\"@id\":\"https:\/\/aral2.cetrexmarketing.com\/ca\/producto\/luis-canas-crianca\/#breadcrumb\",\"itemListElement\":[{\"@type\":\"ListItem\",\"position\":1,\"name\":\"Home\",\"item\":\"https:\/\/aral2.cetrexmarketing.com\/ca\/\"},{\"@type\":\"ListItem\",\"position\":2,\"name\":\"Tienda\",\"item\":\"https:\/\/aral2.cetrexmarketing.com\/ca\/tienda-2\/\"},{\"@type\":\"ListItem\",\"position\":3,\"name\":\"Vi\",\"item\":\"https:\/\/aral2.cetrexmarketing.com\/categoria-producto\/vi\/\"},{\"@type\":\"ListItem\",\"position\":4,\"name\":\"Vi Negre\",\"item\":\"https:\/\/aral2.cetrexmarketing.com\/categoria-producto\/vi\/vi-negre\/\"},{\"@type\":\"ListItem\",\"position\":5,\"name\":\"Luis Ca\u00f1as Crian\u00e7a\"}]},{\"@type\":\"WebSite\",\"@id\":\"https:\/\/aral2.cetrexmarketing.com\/#website\",\"url\":\"https:\/\/aral2.cetrexmarketing.com\/\",\"name\":\"M\u00f3n La Cata\",\"description\":\"Tienda de vinos, licores, cervezas y gourmet\",\"publisher\":{\"@id\":\"https:\/\/aral2.cetrexmarketing.com\/#organization\"},\"potentialAction\":[{\"@type\":\"SearchAction\",\"target\":{\"@type\":\"EntryPoint\",\"urlTemplate\":\"https:\/\/aral2.cetrexmarketing.com\/?s={search_term_string}\"},\"query-input\":{\"@type\":\"PropertyValueSpecification\",\"valueRequired\":true,\"valueName\":\"search_term_string\"}}],\"inLanguage\":\"ca\"},{\"@type\":\"Organization\",\"@id\":\"https:\/\/aral2.cetrexmarketing.com\/#organization\",\"name\":\"M\u00f3n La Cata\",\"url\":\"https:\/\/aral2.cetrexmarketing.com\/\",\"logo\":{\"@type\":\"ImageObject\",\"inLanguage\":\"ca\",\"@id\":\"https:\/\/aral2.cetrexmarketing.com\/#\/schema\/logo\/image\/\",\"url\":\"https:\/\/aral2.cetrexmarketing.com\/wp-content\/uploads\/2024\/10\/aral-logo-neg-1024x409-1.png\",\"contentUrl\":\"https:\/\/aral2.cetrexmarketing.com\/wp-content\/uploads\/2024\/10\/aral-logo-neg-1024x409-1.png\",\"width\":1024,\"height\":409,\"caption\":\"M\u00f3n La Cata\"},\"image\":{\"@id\":\"https:\/\/aral2.cetrexmarketing.com\/#\/schema\/logo\/image\/\"}}]}<\/script>\n<!-- \/ Yoast SEO Premium plugin. -->","yoast_head_json":{"title":"Luis Ca\u00f1as Crian\u00e7a","description":"Comprar al millor preu el vi negre Luis Ca\u00f1as Crian\u00e7a a Mon la Cata. Botiga especialitzada en vins, destil\u00b7lats, cerveses i alimentaci\u00f3 gurmet.","robots":{"index":"noindex","follow":"follow","max-snippet":"max-snippet:-1","max-image-preview":"max-image-preview:large","max-video-preview":"max-video-preview:-1"},"og_locale":"ca_ES","og_type":"article","og_title":"Luis Ca\u00f1as Crian\u00e7a","og_description":"Comprar al millor preu el vi negre Luis Ca\u00f1as Crian\u00e7a a Mon la Cata. Botiga especialitzada en vins, destil\u00b7lats, cerveses i alimentaci\u00f3 gurmet.","og_url":"https:\/\/aral2.cetrexmarketing.com\/ca\/producto\/luis-canas-crianca\/","og_site_name":"M\u00f3n La Cata","article_modified_time":"2025-05-24T08:36:34+00:00","og_image":[{"width":765,"height":1024,"url":"https:\/\/aral2.cetrexmarketing.com\/wp-content\/uploads\/2025\/05\/Luis-Canas-Crianza.jpg.png","type":"image\/png"}],"twitter_card":"summary_large_image","twitter_misc":{"Temps estimat de lectura":"2 minuts"},"schema":{"@context":"https:\/\/schema.org","@graph":[{"@type":"WebPage","@id":"https:\/\/aral2.cetrexmarketing.com\/ca\/producto\/luis-canas-crianca\/","url":"https:\/\/aral2.cetrexmarketing.com\/ca\/producto\/luis-canas-crianca\/","name":"Luis Ca\u00f1as Crian\u00e7a","isPartOf":{"@id":"https:\/\/aral2.cetrexmarketing.com\/#website"},"primaryImageOfPage":{"@id":"https:\/\/aral2.cetrexmarketing.com\/ca\/producto\/luis-canas-crianca\/#primaryimage"},"image":{"@id":"https:\/\/aral2.cetrexmarketing.com\/ca\/producto\/luis-canas-crianca\/#primaryimage"},"thumbnailUrl":"https:\/\/aral2.cetrexmarketing.com\/wp-content\/uploads\/2025\/05\/Luis-Canas-Crianza.jpg.png","datePublished":"2025-05-24T08:36:33+00:00","dateModified":"2025-05-24T08:36:34+00:00","description":"Comprar al millor preu el vi negre Luis Ca\u00f1as Crian\u00e7a a Mon la Cata. Botiga especialitzada en vins, destil\u00b7lats, cerveses i alimentaci\u00f3 gurmet.","breadcrumb":{"@id":"https:\/\/aral2.cetrexmarketing.com\/ca\/producto\/luis-canas-crianca\/#breadcrumb"},"inLanguage":"ca","potentialAction":[{"@type":"ReadAction","target":["https:\/\/aral2.cetrexmarketing.com\/ca\/producto\/luis-canas-crianca\/"]}]},{"@type":"ImageObject","inLanguage":"ca","@id":"https:\/\/aral2.cetrexmarketing.com\/ca\/producto\/luis-canas-crianca\/#primaryimage","url":"https:\/\/aral2.cetrexmarketing.com\/wp-content\/uploads\/2025\/05\/Luis-Canas-Crianza.jpg.png","contentUrl":"https:\/\/aral2.cetrexmarketing.com\/wp-content\/uploads\/2025\/05\/Luis-Canas-Crianza.jpg.png","width":765,"height":1024},{"@type":"BreadcrumbList","@id":"https:\/\/aral2.cetrexmarketing.com\/ca\/producto\/luis-canas-crianca\/#breadcrumb","itemListElement":[{"@type":"ListItem","position":1,"name":"Home","item":"https:\/\/aral2.cetrexmarketing.com\/ca\/"},{"@type":"ListItem","position":2,"name":"Tienda","item":"https:\/\/aral2.cetrexmarketing.com\/ca\/tienda-2\/"},{"@type":"ListItem","position":3,"name":"Vi","item":"https:\/\/aral2.cetrexmarketing.com\/categoria-producto\/vi\/"},{"@type":"ListItem","position":4,"name":"Vi Negre","item":"https:\/\/aral2.cetrexmarketing.com\/categoria-producto\/vi\/vi-negre\/"},{"@type":"ListItem","position":5,"name":"Luis Ca\u00f1as Crian\u00e7a"}]},{"@type":"WebSite","@id":"https:\/\/aral2.cetrexmarketing.com\/#website","url":"https:\/\/aral2.cetrexmarketing.com\/","name":"M\u00f3n La Cata","description":"Tienda de vinos, licores, cervezas y gourmet","publisher":{"@id":"https:\/\/aral2.cetrexmarketing.com\/#organization"},"potentialAction":[{"@type":"SearchAction","target":{"@type":"EntryPoint","urlTemplate":"https:\/\/aral2.cetrexmarketing.com\/?s={search_term_string}"},"query-input":{"@type":"PropertyValueSpecification","valueRequired":true,"valueName":"search_term_string"}}],"inLanguage":"ca"},{"@type":"Organization","@id":"https:\/\/aral2.cetrexmarketing.com\/#organization","name":"M\u00f3n La Cata","url":"https:\/\/aral2.cetrexmarketing.com\/","logo":{"@type":"ImageObject","inLanguage":"ca","@id":"https:\/\/aral2.cetrexmarketing.com\/#\/schema\/logo\/image\/","url":"https:\/\/aral2.cetrexmarketing.com\/wp-content\/uploads\/2024\/10\/aral-logo-neg-1024x409-1.png","contentUrl":"https:\/\/aral2.cetrexmarketing.com\/wp-content\/uploads\/2024\/10\/aral-logo-neg-1024x409-1.png","width":1024,"height":409,"caption":"M\u00f3n La Cata"},"image":{"@id":"https:\/\/aral2.cetrexmarketing.com\/#\/schema\/logo\/image\/"}}]}},"brands":[{"id":32907,"name":"Rioja D.O.","slug":"rioja-d-o"}],"_links":{"self":[{"href":"https:\/\/aral2.cetrexmarketing.com\/ca\/wp-json\/wp\/v2\/product\/83722","targetHints":{"allow":["GET"]}}],"collection":[{"href":"https:\/\/aral2.cetrexmarketing.com\/ca\/wp-json\/wp\/v2\/product"}],"about":[{"href":"https:\/\/aral2.cetrexmarketing.com\/ca\/wp-json\/wp\/v2\/types\/product"}],"replies":[{"embeddable":true,"href":"https:\/\/aral2.cetrexmarketing.com\/ca\/wp-json\/wp\/v2\/comments?post=83722"}],"wp:featuredmedia":[{"embeddable":true,"href":"https:\/\/aral2.cetrexmarketing.com\/ca\/wp-json\/wp\/v2\/media\/83719"}],"wp:attachment":[{"href":"https:\/\/aral2.cetrexmarketing.com\/ca\/wp-json\/wp\/v2\/media?parent=83722"}],"wp:term":[{"taxonomy":"pwb-brand","embeddable":true,"href":"https:\/\/aral2.cetrexmarketing.com\/ca\/wp-json\/wp\/v2\/pwb-brand?post=83722"},{"taxonomy":"product_brand","embeddable":true,"href":"https:\/\/aral2.cetrexmarketing.com\/ca\/wp-json\/wp\/v2\/product_brand?post=83722"},{"taxonomy":"product_cat","embeddable":true,"href":"https:\/\/aral2.cetrexmarketing.com\/ca\/wp-json\/wp\/v2\/product_cat?post=83722"},{"taxonomy":"product_tag","embeddable":true,"href":"https:\/\/aral2.cetrexmarketing.com\/ca\/wp-json\/wp\/v2\/product_tag?post=83722"}],"curies":[{"name":"wp","href":"https:\/\/api.w.org\/{rel}","templated":true}]}}