{"id":83704,"date":"2025-05-24T08:36:13","date_gmt":"2025-05-24T08:36:13","guid":{"rendered":"https:\/\/aral2.cetrexmarketing.com\/producto\/vina-alberdi-crianca\/"},"modified":"2025-05-24T08:36:14","modified_gmt":"2025-05-24T08:36:14","slug":"vina-alberdi-crianca","status":"publish","type":"product","link":"https:\/\/aral2.cetrexmarketing.com\/ca\/producto\/vina-alberdi-crianca\/","title":{"rendered":"Vi\u00f1a Alberdi Crian\u00e7a"},"content":{"rendered":"<p data-start=\"0\" data-end=\"281\"><strong data-start=\"0\" data-end=\"24\">Vi\u00f1a Alberdi Crian\u00e7a<\/strong> \u00e9s un vi negre emblem\u00e0tic del <strong data-start=\"55\" data-end=\"85\">Celler La Rioja Alta, S.A.<\/strong>, situat a la prestigiosa regi\u00f3 vin\u00edcola de <strong data-start=\"129\" data-end=\"141\">La Rioja<\/strong>, Espanya. Aquest vi \u00e9s reconegut per la seva <strong data-start=\"187\" data-end=\"199\">qualitat<\/strong> i <strong data-start=\"202\" data-end=\"218\">versatilitat<\/strong> en maridatges, sent una refer\u00e8ncia entre els criances riojans.<\/p>\n<h3 data-start=\"288\" data-end=\"326\"><strong data-start=\"292\" data-end=\"324\">Caracter\u00edstiques principals:<\/strong><\/h3>\n<ul data-start=\"327\" data-end=\"370\">\n<li data-start=\"327\" data-end=\"370\"><strong data-start=\"329\" data-end=\"350\">Varietat de ra\u00efm:<\/strong> 100% Tempranillo.<\/li>\n<\/ul>\n<h3 data-start=\"377\" data-end=\"407\"><strong data-start=\"381\" data-end=\"405\">Proc\u00e9s d&#8217;elaboraci\u00f3:<\/strong><\/h3>\n<ul data-start=\"408\" data-end=\"1025\">\n<li data-start=\"408\" data-end=\"508\">La verema es realitza <strong data-start=\"432\" data-end=\"446\">manualment<\/strong> en caixes, amb una acurada selecci\u00f3 de ra\u00efms a les finques.<\/li>\n<li data-start=\"509\" data-end=\"595\">Els ra\u00efms es transporten refrigerats fins al celler per mantenir-ne la integritat.<\/li>\n<li data-start=\"596\" data-end=\"758\">Despr\u00e9s d&#8217;un control exhaustiu de qualitat en taules de selecci\u00f3 \u00f2ptica, es duen a terme les fermentacions <strong data-start=\"705\" data-end=\"719\">alcoh\u00f2lica<\/strong>i <strong data-start=\"722\" data-end=\"737\">malol\u00e0ctica<\/strong> de manera natural.<\/li>\n<li data-start=\"759\" data-end=\"931\">El vi envelleix durant <strong data-start=\"784\" data-end=\"796\">dos anys<\/strong> en barriques de <strong data-start=\"813\" data-end=\"830\">roure americ\u00e0<\/strong> de fabricaci\u00f3 pr\u00f2pia: el primer any en barriques noves i el segon en barriques de <strong data-start=\"913\" data-end=\"928\">quatre anys<\/strong>.<\/li>\n<li data-start=\"932\" data-end=\"1025\">Durant aquest per\u00edode, es fan <strong data-start=\"964\" data-end=\"998\">quatre trasbalsos tradicionals<\/strong> a la llum d\u2019una espelma.<\/li>\n<\/ul>\n<h3 data-start=\"1032\" data-end=\"1056\"><strong data-start=\"1036\" data-end=\"1054\">Notes de tast:<\/strong><\/h3>\n<ul data-start=\"1057\" data-end=\"1518\">\n<li data-start=\"1057\" data-end=\"1146\"><strong data-start=\"1059\" data-end=\"1069\">Color:<\/strong> Vermell cirera de capa mitjana, amb un ribet <strong data-start=\"1115\" data-end=\"1128\">ataronjat<\/strong> net i brillant.<\/li>\n<li data-start=\"1147\" data-end=\"1361\"><strong data-start=\"1149\" data-end=\"1159\">Aroma:<\/strong> Intens, amb predomini de <strong data-start=\"1185\" data-end=\"1204\">fruites madures<\/strong> i <strong data-start=\"1207\" data-end=\"1231\">melmelada de maduixa<\/strong>, complementat per notes de <strong data-start=\"1259\" data-end=\"1268\">tabac<\/strong> i <strong data-start=\"1271\" data-end=\"1279\">pell<\/strong>, aix\u00ed com matisos de <strong data-start=\"1301\" data-end=\"1310\">gerds<\/strong> i <strong data-start=\"1313\" data-end=\"1336\">groselles vermelles<\/strong> amb tocs <strong data-start=\"1346\" data-end=\"1358\">herbacis<\/strong>.<\/li>\n<li data-start=\"1362\" data-end=\"1518\"><strong data-start=\"1364\" data-end=\"1374\">Sabor:<\/strong> Elegant al paladar, amb sabors plens i profunditat. Presenta una excel\u00b7lent c\u00e0rrega de fruita amb <strong data-start=\"1473\" data-end=\"1490\">tannins suaus<\/strong> i un <strong data-start=\"1496\" data-end=\"1515\">final prolongat<\/strong>.<\/li>\n<\/ul>\n<p data-start=\"1525\" data-end=\"1666\" data-is-last-node=\"\" data-is-only-node=\"\">El <strong data-start=\"1528\" data-end=\"1552\">Vi\u00f1a Alberdi Crian\u00e7a<\/strong> reflecteix la tradici\u00f3 i l&#8217;excel\u00b7l\u00e8ncia dels vins de <strong data-start=\"1606\" data-end=\"1618\">La Rioja<\/strong>, oferint una experi\u00e8ncia elegant i equilibrada.<\/p>\n","protected":false},"excerpt":{"rendered":"<p>Vi\u00f1a Alberdi Crian\u00e7a \u00e9s un vi negre emblem\u00e0tic del Celler La Rioja Alta, S.A., situat a la prestigiosa regi\u00f3 vin\u00edcola de La Rioja, Espanya. Aquest vi \u00e9s reconegut per la seva qualitat i versatilitat en maridatges, sent una refer\u00e8ncia entre els criances riojans. Caracter\u00edstiques principals: Varietat de ra\u00efm: 100% Tempranillo. Proc\u00e9s d&#8217;elaboraci\u00f3: La verema es&hellip;<\/p>\n","protected":false},"featured_media":83701,"comment_status":"closed","ping_status":"closed","template":"","meta":{"_acf_changed":false},"pwb-brand":[32907],"product_brand":[],"product_cat":[51670,51671],"product_tag":[14904,14900,16185],"class_list":{"0":"post-83704","1":"product","2":"type-product","3":"status-publish","4":"has-post-thumbnail","6":"pwb-brand-rioja-d-o","7":"product_cat-vi","8":"product_cat-vi-negre","9":"product_tag-doca-rioja-ca","10":"product_tag-rioja-ca","11":"product_tag-vina-alberdi-ca","12":"pa_anada-36210","13":"pa_bodega-lariojaalta","14":"pa_do-rioja-d-o-ca-ca","15":"pa_formatoenml-38306","16":"pa_gastronomico-negre-gastronomic","17":"pa_graduacion-13_5","18":"pa_maridaje-carn-blanca","19":"pa_maridaje-carn-roja","20":"pa_pais-espanya-ca","21":"pa_variedad-principal-tempranillo-ca","22":"entry","23":"has-media","25":"first","26":"instock","27":"taxable","28":"shipping-taxable","29":"purchasable","30":"product-type-simple"},"acf":[],"yoast_head":"<!-- This site is optimized with the Yoast SEO Premium plugin v23.1 (Yoast SEO v23.5) - https:\/\/yoast.com\/wordpress\/plugins\/seo\/ -->\n<title>Vi\u00f1a Alberdi crian\u00e7a<\/title>\n<meta name=\"description\" content=\"Comprar online al millor preu el vi negre Vi\u00f1a Alberdi crian\u00e7a DOCa Rioja. Descompte per caixa. Ofertes. Viniteca. Licoreria. Destil.lats. Begudes. Web r\u00e0pida.\" \/>\n<meta name=\"robots\" content=\"noindex, follow, max-snippet:-1, max-image-preview:large, max-video-preview:-1\" \/>\n<meta property=\"og:locale\" content=\"ca_ES\" \/>\n<meta property=\"og:type\" content=\"article\" \/>\n<meta property=\"og:title\" content=\"Vi\u00f1a Alberdi Crian\u00e7a\" \/>\n<meta property=\"og:description\" content=\"Comprar online al millor preu el vi negre Vi\u00f1a Alberdi crian\u00e7a DOCa Rioja. Descompte per caixa. Ofertes. Viniteca. Licoreria. Destil.lats. Begudes. Web r\u00e0pida.\" \/>\n<meta property=\"og:url\" content=\"https:\/\/aral2.cetrexmarketing.com\/ca\/producto\/vina-alberdi-crianca\/\" \/>\n<meta property=\"og:site_name\" content=\"M\u00f3n La Cata\" \/>\n<meta property=\"article:modified_time\" content=\"2025-05-24T08:36:14+00:00\" \/>\n<meta property=\"og:image\" content=\"https:\/\/aral2.cetrexmarketing.com\/wp-content\/uploads\/2025\/05\/Vina-Alberdi-Crianza.jpg-1.png\" \/>\n\t<meta property=\"og:image:width\" content=\"765\" \/>\n\t<meta property=\"og:image:height\" content=\"1024\" \/>\n\t<meta property=\"og:image:type\" content=\"image\/png\" \/>\n<meta name=\"twitter:card\" content=\"summary_large_image\" \/>\n<meta name=\"twitter:label1\" content=\"Temps estimat de lectura\" \/>\n\t<meta name=\"twitter:data1\" content=\"2 minuts\" \/>\n<script type=\"application\/ld+json\" class=\"yoast-schema-graph\">{\"@context\":\"https:\/\/schema.org\",\"@graph\":[{\"@type\":\"WebPage\",\"@id\":\"https:\/\/aral2.cetrexmarketing.com\/ca\/producto\/vina-alberdi-crianca\/\",\"url\":\"https:\/\/aral2.cetrexmarketing.com\/ca\/producto\/vina-alberdi-crianca\/\",\"name\":\"Vi\u00f1a Alberdi crian\u00e7a\",\"isPartOf\":{\"@id\":\"https:\/\/aral2.cetrexmarketing.com\/#website\"},\"primaryImageOfPage\":{\"@id\":\"https:\/\/aral2.cetrexmarketing.com\/ca\/producto\/vina-alberdi-crianca\/#primaryimage\"},\"image\":{\"@id\":\"https:\/\/aral2.cetrexmarketing.com\/ca\/producto\/vina-alberdi-crianca\/#primaryimage\"},\"thumbnailUrl\":\"https:\/\/aral2.cetrexmarketing.com\/wp-content\/uploads\/2025\/05\/Vina-Alberdi-Crianza.jpg-1.png\",\"datePublished\":\"2025-05-24T08:36:13+00:00\",\"dateModified\":\"2025-05-24T08:36:14+00:00\",\"description\":\"Comprar online al millor preu el vi negre Vi\u00f1a Alberdi crian\u00e7a DOCa Rioja. Descompte per caixa. Ofertes. Viniteca. Licoreria. Destil.lats. Begudes. Web r\u00e0pida.\",\"breadcrumb\":{\"@id\":\"https:\/\/aral2.cetrexmarketing.com\/ca\/producto\/vina-alberdi-crianca\/#breadcrumb\"},\"inLanguage\":\"ca\",\"potentialAction\":[{\"@type\":\"ReadAction\",\"target\":[\"https:\/\/aral2.cetrexmarketing.com\/ca\/producto\/vina-alberdi-crianca\/\"]}]},{\"@type\":\"ImageObject\",\"inLanguage\":\"ca\",\"@id\":\"https:\/\/aral2.cetrexmarketing.com\/ca\/producto\/vina-alberdi-crianca\/#primaryimage\",\"url\":\"https:\/\/aral2.cetrexmarketing.com\/wp-content\/uploads\/2025\/05\/Vina-Alberdi-Crianza.jpg-1.png\",\"contentUrl\":\"https:\/\/aral2.cetrexmarketing.com\/wp-content\/uploads\/2025\/05\/Vina-Alberdi-Crianza.jpg-1.png\",\"width\":765,\"height\":1024},{\"@type\":\"BreadcrumbList\",\"@id\":\"https:\/\/aral2.cetrexmarketing.com\/ca\/producto\/vina-alberdi-crianca\/#breadcrumb\",\"itemListElement\":[{\"@type\":\"ListItem\",\"position\":1,\"name\":\"Home\",\"item\":\"https:\/\/aral2.cetrexmarketing.com\/ca\/\"},{\"@type\":\"ListItem\",\"position\":2,\"name\":\"Tienda\",\"item\":\"https:\/\/aral2.cetrexmarketing.com\/ca\/tienda-2\/\"},{\"@type\":\"ListItem\",\"position\":3,\"name\":\"Vino\",\"item\":\"https:\/\/aral2.cetrexmarketing.com\/categoria-producto\/inicio\/vino\/\"},{\"@type\":\"ListItem\",\"position\":4,\"name\":\"Vi\u00f1a Alberdi Crian\u00e7a\"}]},{\"@type\":\"WebSite\",\"@id\":\"https:\/\/aral2.cetrexmarketing.com\/#website\",\"url\":\"https:\/\/aral2.cetrexmarketing.com\/\",\"name\":\"M\u00f3n La Cata\",\"description\":\"Tienda de vinos, licores, cervezas y gourmet\",\"publisher\":{\"@id\":\"https:\/\/aral2.cetrexmarketing.com\/#organization\"},\"potentialAction\":[{\"@type\":\"SearchAction\",\"target\":{\"@type\":\"EntryPoint\",\"urlTemplate\":\"https:\/\/aral2.cetrexmarketing.com\/?s={search_term_string}\"},\"query-input\":{\"@type\":\"PropertyValueSpecification\",\"valueRequired\":true,\"valueName\":\"search_term_string\"}}],\"inLanguage\":\"ca\"},{\"@type\":\"Organization\",\"@id\":\"https:\/\/aral2.cetrexmarketing.com\/#organization\",\"name\":\"M\u00f3n La Cata\",\"url\":\"https:\/\/aral2.cetrexmarketing.com\/\",\"logo\":{\"@type\":\"ImageObject\",\"inLanguage\":\"ca\",\"@id\":\"https:\/\/aral2.cetrexmarketing.com\/#\/schema\/logo\/image\/\",\"url\":\"https:\/\/aral2.cetrexmarketing.com\/wp-content\/uploads\/2024\/10\/aral-logo-neg-1024x409-1.png\",\"contentUrl\":\"https:\/\/aral2.cetrexmarketing.com\/wp-content\/uploads\/2024\/10\/aral-logo-neg-1024x409-1.png\",\"width\":1024,\"height\":409,\"caption\":\"M\u00f3n La Cata\"},\"image\":{\"@id\":\"https:\/\/aral2.cetrexmarketing.com\/#\/schema\/logo\/image\/\"}}]}<\/script>\n<!-- \/ Yoast SEO Premium plugin. -->","yoast_head_json":{"title":"Vi\u00f1a Alberdi crian\u00e7a","description":"Comprar online al millor preu el vi negre Vi\u00f1a Alberdi crian\u00e7a DOCa Rioja. Descompte per caixa. Ofertes. Viniteca. Licoreria. Destil.lats. Begudes. Web r\u00e0pida.","robots":{"index":"noindex","follow":"follow","max-snippet":"max-snippet:-1","max-image-preview":"max-image-preview:large","max-video-preview":"max-video-preview:-1"},"og_locale":"ca_ES","og_type":"article","og_title":"Vi\u00f1a Alberdi Crian\u00e7a","og_description":"Comprar online al millor preu el vi negre Vi\u00f1a Alberdi crian\u00e7a DOCa Rioja. Descompte per caixa. Ofertes. Viniteca. Licoreria. Destil.lats. Begudes. Web r\u00e0pida.","og_url":"https:\/\/aral2.cetrexmarketing.com\/ca\/producto\/vina-alberdi-crianca\/","og_site_name":"M\u00f3n La Cata","article_modified_time":"2025-05-24T08:36:14+00:00","og_image":[{"width":765,"height":1024,"url":"https:\/\/aral2.cetrexmarketing.com\/wp-content\/uploads\/2025\/05\/Vina-Alberdi-Crianza.jpg-1.png","type":"image\/png"}],"twitter_card":"summary_large_image","twitter_misc":{"Temps estimat de lectura":"2 minuts"},"schema":{"@context":"https:\/\/schema.org","@graph":[{"@type":"WebPage","@id":"https:\/\/aral2.cetrexmarketing.com\/ca\/producto\/vina-alberdi-crianca\/","url":"https:\/\/aral2.cetrexmarketing.com\/ca\/producto\/vina-alberdi-crianca\/","name":"Vi\u00f1a Alberdi crian\u00e7a","isPartOf":{"@id":"https:\/\/aral2.cetrexmarketing.com\/#website"},"primaryImageOfPage":{"@id":"https:\/\/aral2.cetrexmarketing.com\/ca\/producto\/vina-alberdi-crianca\/#primaryimage"},"image":{"@id":"https:\/\/aral2.cetrexmarketing.com\/ca\/producto\/vina-alberdi-crianca\/#primaryimage"},"thumbnailUrl":"https:\/\/aral2.cetrexmarketing.com\/wp-content\/uploads\/2025\/05\/Vina-Alberdi-Crianza.jpg-1.png","datePublished":"2025-05-24T08:36:13+00:00","dateModified":"2025-05-24T08:36:14+00:00","description":"Comprar online al millor preu el vi negre Vi\u00f1a Alberdi crian\u00e7a DOCa Rioja. Descompte per caixa. Ofertes. Viniteca. Licoreria. Destil.lats. Begudes. Web r\u00e0pida.","breadcrumb":{"@id":"https:\/\/aral2.cetrexmarketing.com\/ca\/producto\/vina-alberdi-crianca\/#breadcrumb"},"inLanguage":"ca","potentialAction":[{"@type":"ReadAction","target":["https:\/\/aral2.cetrexmarketing.com\/ca\/producto\/vina-alberdi-crianca\/"]}]},{"@type":"ImageObject","inLanguage":"ca","@id":"https:\/\/aral2.cetrexmarketing.com\/ca\/producto\/vina-alberdi-crianca\/#primaryimage","url":"https:\/\/aral2.cetrexmarketing.com\/wp-content\/uploads\/2025\/05\/Vina-Alberdi-Crianza.jpg-1.png","contentUrl":"https:\/\/aral2.cetrexmarketing.com\/wp-content\/uploads\/2025\/05\/Vina-Alberdi-Crianza.jpg-1.png","width":765,"height":1024},{"@type":"BreadcrumbList","@id":"https:\/\/aral2.cetrexmarketing.com\/ca\/producto\/vina-alberdi-crianca\/#breadcrumb","itemListElement":[{"@type":"ListItem","position":1,"name":"Home","item":"https:\/\/aral2.cetrexmarketing.com\/ca\/"},{"@type":"ListItem","position":2,"name":"Tienda","item":"https:\/\/aral2.cetrexmarketing.com\/ca\/tienda-2\/"},{"@type":"ListItem","position":3,"name":"Vino","item":"https:\/\/aral2.cetrexmarketing.com\/categoria-producto\/inicio\/vino\/"},{"@type":"ListItem","position":4,"name":"Vi\u00f1a Alberdi Crian\u00e7a"}]},{"@type":"WebSite","@id":"https:\/\/aral2.cetrexmarketing.com\/#website","url":"https:\/\/aral2.cetrexmarketing.com\/","name":"M\u00f3n La Cata","description":"Tienda de vinos, licores, cervezas y gourmet","publisher":{"@id":"https:\/\/aral2.cetrexmarketing.com\/#organization"},"potentialAction":[{"@type":"SearchAction","target":{"@type":"EntryPoint","urlTemplate":"https:\/\/aral2.cetrexmarketing.com\/?s={search_term_string}"},"query-input":{"@type":"PropertyValueSpecification","valueRequired":true,"valueName":"search_term_string"}}],"inLanguage":"ca"},{"@type":"Organization","@id":"https:\/\/aral2.cetrexmarketing.com\/#organization","name":"M\u00f3n La Cata","url":"https:\/\/aral2.cetrexmarketing.com\/","logo":{"@type":"ImageObject","inLanguage":"ca","@id":"https:\/\/aral2.cetrexmarketing.com\/#\/schema\/logo\/image\/","url":"https:\/\/aral2.cetrexmarketing.com\/wp-content\/uploads\/2024\/10\/aral-logo-neg-1024x409-1.png","contentUrl":"https:\/\/aral2.cetrexmarketing.com\/wp-content\/uploads\/2024\/10\/aral-logo-neg-1024x409-1.png","width":1024,"height":409,"caption":"M\u00f3n La Cata"},"image":{"@id":"https:\/\/aral2.cetrexmarketing.com\/#\/schema\/logo\/image\/"}}]}},"brands":[{"id":32907,"name":"Rioja D.O.","slug":"rioja-d-o"}],"_links":{"self":[{"href":"https:\/\/aral2.cetrexmarketing.com\/ca\/wp-json\/wp\/v2\/product\/83704","targetHints":{"allow":["GET"]}}],"collection":[{"href":"https:\/\/aral2.cetrexmarketing.com\/ca\/wp-json\/wp\/v2\/product"}],"about":[{"href":"https:\/\/aral2.cetrexmarketing.com\/ca\/wp-json\/wp\/v2\/types\/product"}],"replies":[{"embeddable":true,"href":"https:\/\/aral2.cetrexmarketing.com\/ca\/wp-json\/wp\/v2\/comments?post=83704"}],"wp:featuredmedia":[{"embeddable":true,"href":"https:\/\/aral2.cetrexmarketing.com\/ca\/wp-json\/wp\/v2\/media\/83701"}],"wp:attachment":[{"href":"https:\/\/aral2.cetrexmarketing.com\/ca\/wp-json\/wp\/v2\/media?parent=83704"}],"wp:term":[{"taxonomy":"pwb-brand","embeddable":true,"href":"https:\/\/aral2.cetrexmarketing.com\/ca\/wp-json\/wp\/v2\/pwb-brand?post=83704"},{"taxonomy":"product_brand","embeddable":true,"href":"https:\/\/aral2.cetrexmarketing.com\/ca\/wp-json\/wp\/v2\/product_brand?post=83704"},{"taxonomy":"product_cat","embeddable":true,"href":"https:\/\/aral2.cetrexmarketing.com\/ca\/wp-json\/wp\/v2\/product_cat?post=83704"},{"taxonomy":"product_tag","embeddable":true,"href":"https:\/\/aral2.cetrexmarketing.com\/ca\/wp-json\/wp\/v2\/product_tag?post=83704"}],"curies":[{"name":"wp","href":"https:\/\/api.w.org\/{rel}","templated":true}]}}