{"id":83616,"date":"2025-05-24T08:34:23","date_gmt":"2025-05-24T08:34:23","guid":{"rendered":"https:\/\/aral2.cetrexmarketing.com\/producto\/finca-villacreces-pruno-magnum-2\/"},"modified":"2025-05-24T08:34:24","modified_gmt":"2025-05-24T08:34:24","slug":"finca-villacreces-pruno-magnum-2","status":"publish","type":"product","link":"https:\/\/aral2.cetrexmarketing.com\/ca\/producto\/finca-villacreces-pruno-magnum-2\/","title":{"rendered":"Finca Villacreces Pruno Magnum"},"content":{"rendered":"<p data-start=\"0\" data-end=\"306\"><strong data-start=\"0\" data-end=\"16\">Pruno Magnum<\/strong> \u00e9s un vi de la <strong data-start=\"32\" data-end=\"55\">DO Ribera del Duero<\/strong>, elaborat per <strong data-start=\"70\" data-end=\"91\">Finca Villacreces<\/strong>, una de les bodegues m\u00e9s prestigioses de la regi\u00f3. <strong data-start=\"143\" data-end=\"210\">Reconegut per la seva qualitat excepcional a un preu accessible<\/strong>, ha estat destacat en m\u00faltiples ocasions com un dels <strong data-start=\"264\" data-end=\"305\">millors vins en relaci\u00f3 qualitat-preu<\/strong>.<\/p>\n<h3 data-start=\"308\" data-end=\"342\"><strong data-start=\"312\" data-end=\"340\">Caracter\u00edstiques del Vi:<\/strong><\/h3>\n<ul data-start=\"343\" data-end=\"932\">\n<li data-start=\"343\" data-end=\"381\"><strong data-start=\"345\" data-end=\"355\">Tipus:<\/strong> Vi negre de <strong data-start=\"368\" data-end=\"379\">crian\u00e7a<\/strong><\/li>\n<li data-start=\"382\" data-end=\"461\"><strong data-start=\"384\" data-end=\"406\">Varietats de ra\u00efm:<\/strong> <strong data-start=\"407\" data-end=\"428\">Tempranillo (90%)<\/strong> i <strong data-start=\"431\" data-end=\"459\">Cabernet Sauvignon (10%)<\/strong><\/li>\n<li data-start=\"462\" data-end=\"542\"><strong data-start=\"464\" data-end=\"480\">Cata visual:<\/strong> <strong data-start=\"481\" data-end=\"512\">Color vermell picota intens<\/strong>, amb reflexos <strong data-start=\"527\" data-end=\"539\">violacis<\/strong>.<\/li>\n<li data-start=\"543\" data-end=\"727\"><strong data-start=\"545\" data-end=\"555\">Aroma:<\/strong> Destaquen les <strong data-start=\"570\" data-end=\"608\">fruites vermelles i negres madures<\/strong> (cirera, mora, pruna), amb notes de <strong data-start=\"645\" data-end=\"682\">vainilla, cacau i esp\u00e8cies dolces<\/strong>, gr\u00e0cies a la seva <strong data-start=\"702\" data-end=\"724\">crian\u00e7a en barrica<\/strong>.<\/li>\n<li data-start=\"728\" data-end=\"932\"><strong data-start=\"730\" data-end=\"740\">Sabor:<\/strong> En boca \u00e9s <strong data-start=\"752\" data-end=\"784\">rod\u00f3, estructurat i vellutat<\/strong>, amb <strong data-start=\"790\" data-end=\"809\">tannins sedosos<\/strong> i una <strong data-start=\"816\" data-end=\"839\">acidesa equilibrada<\/strong>. El seu final \u00e9s <strong data-start=\"857\" data-end=\"879\">llarg i persistent<\/strong>, amb records de fruita i un <strong data-start=\"908\" data-end=\"929\">toc torrat subtil<\/strong>.<\/li>\n<\/ul>\n<h3 data-start=\"934\" data-end=\"952\"><strong data-start=\"938\" data-end=\"950\">Crian\u00e7a:<\/strong><\/h3>\n<p data-start=\"953\" data-end=\"1060\"><strong data-start=\"953\" data-end=\"1005\">12 mesos en barriques de roure franc\u00e8s de gra fi<\/strong>, la qual cosa li aporta <strong data-start=\"1030\" data-end=\"1057\">eleg\u00e0ncia i complexitat<\/strong>.<\/p>\n","protected":false},"excerpt":{"rendered":"<p>Pruno Magnum \u00e9s un vi de la DO Ribera del Duero, elaborat per Finca Villacreces, una de les bodegues m\u00e9s prestigioses de la regi\u00f3. Reconegut per la seva qualitat excepcional a un preu accessible, ha estat destacat en m\u00faltiples ocasions com un dels millors vins en relaci\u00f3 qualitat-preu. Caracter\u00edstiques del Vi: Tipus: Vi negre de&hellip;<\/p>\n","protected":false},"featured_media":83613,"comment_status":"closed","ping_status":"closed","template":"","meta":{"_acf_changed":false},"pwb-brand":[32905],"product_brand":[],"product_cat":[51670,51671],"product_tag":[16040,16163],"class_list":{"0":"post-83616","1":"product","2":"type-product","3":"status-publish","4":"has-post-thumbnail","6":"pwb-brand-ribera-del-duero-d-o","7":"product_cat-vi","8":"product_cat-vi-negre","9":"product_tag-magnum-ca","10":"product_tag-pruno-ca","11":"pa_anada-36211","12":"pa_anada-36212","13":"pa_bodega-fincavillacreces","14":"pa_do-riberadelduerodo-ca","15":"pa_formatoenl-36164","16":"pa_formatoenml-38316","17":"pa_graduacion-14_0","18":"pa_pais-espanya-ca","19":"pa_pesoengramos-38366","20":"pa_pesoenkg-3-ca","21":"pa_tipodevino-vi-tranquil","22":"pa_variedades-tintofino_cabernetsauvignon","23":"entry","24":"has-media","26":"first","27":"instock","28":"taxable","29":"shipping-taxable","30":"purchasable","31":"product-type-simple"},"acf":[],"yoast_head":"<!-- This site is optimized with the Yoast SEO Premium plugin v23.1 (Yoast SEO v23.5) - https:\/\/yoast.com\/wordpress\/plugins\/seo\/ -->\n<title>Pruno Finca Villacreces Magnum vi negre<\/title>\n<meta name=\"description\" content=\"Comprar online al millor preu vins de la DO Ribera del Duero.\" \/>\n<meta name=\"robots\" content=\"noindex, follow, max-snippet:-1, max-image-preview:large, max-video-preview:-1\" \/>\n<meta property=\"og:locale\" content=\"ca_ES\" \/>\n<meta property=\"og:type\" content=\"article\" \/>\n<meta property=\"og:title\" content=\"Finca Villacreces Pruno Magnum\" \/>\n<meta property=\"og:description\" content=\"Comprar online al millor preu vins de la DO Ribera del Duero.\" \/>\n<meta property=\"og:url\" content=\"https:\/\/aral2.cetrexmarketing.com\/ca\/producto\/finca-villacreces-pruno-magnum-2\/\" \/>\n<meta property=\"og:site_name\" content=\"M\u00f3n La Cata\" \/>\n<meta property=\"article:modified_time\" content=\"2025-05-24T08:34:24+00:00\" \/>\n<meta property=\"og:image\" content=\"https:\/\/aral2.cetrexmarketing.com\/wp-content\/uploads\/2025\/05\/Finca-Villacreces-Pruno-Magnum.jpeg.png\" \/>\n\t<meta property=\"og:image:width\" content=\"765\" \/>\n\t<meta property=\"og:image:height\" content=\"1024\" \/>\n\t<meta property=\"og:image:type\" content=\"image\/png\" \/>\n<meta name=\"twitter:card\" content=\"summary_large_image\" \/>\n<meta name=\"twitter:label1\" content=\"Temps estimat de lectura\" \/>\n\t<meta name=\"twitter:data1\" content=\"2 minuts\" \/>\n<script type=\"application\/ld+json\" class=\"yoast-schema-graph\">{\"@context\":\"https:\/\/schema.org\",\"@graph\":[{\"@type\":\"WebPage\",\"@id\":\"https:\/\/aral2.cetrexmarketing.com\/ca\/producto\/finca-villacreces-pruno-magnum-2\/\",\"url\":\"https:\/\/aral2.cetrexmarketing.com\/ca\/producto\/finca-villacreces-pruno-magnum-2\/\",\"name\":\"Pruno Finca Villacreces Magnum vi negre\",\"isPartOf\":{\"@id\":\"https:\/\/aral2.cetrexmarketing.com\/#website\"},\"primaryImageOfPage\":{\"@id\":\"https:\/\/aral2.cetrexmarketing.com\/ca\/producto\/finca-villacreces-pruno-magnum-2\/#primaryimage\"},\"image\":{\"@id\":\"https:\/\/aral2.cetrexmarketing.com\/ca\/producto\/finca-villacreces-pruno-magnum-2\/#primaryimage\"},\"thumbnailUrl\":\"https:\/\/aral2.cetrexmarketing.com\/wp-content\/uploads\/2025\/05\/Finca-Villacreces-Pruno-Magnum.jpeg.png\",\"datePublished\":\"2025-05-24T08:34:23+00:00\",\"dateModified\":\"2025-05-24T08:34:24+00:00\",\"description\":\"Comprar online al millor preu vins de la DO Ribera del Duero.\",\"breadcrumb\":{\"@id\":\"https:\/\/aral2.cetrexmarketing.com\/ca\/producto\/finca-villacreces-pruno-magnum-2\/#breadcrumb\"},\"inLanguage\":\"ca\",\"potentialAction\":[{\"@type\":\"ReadAction\",\"target\":[\"https:\/\/aral2.cetrexmarketing.com\/ca\/producto\/finca-villacreces-pruno-magnum-2\/\"]}]},{\"@type\":\"ImageObject\",\"inLanguage\":\"ca\",\"@id\":\"https:\/\/aral2.cetrexmarketing.com\/ca\/producto\/finca-villacreces-pruno-magnum-2\/#primaryimage\",\"url\":\"https:\/\/aral2.cetrexmarketing.com\/wp-content\/uploads\/2025\/05\/Finca-Villacreces-Pruno-Magnum.jpeg.png\",\"contentUrl\":\"https:\/\/aral2.cetrexmarketing.com\/wp-content\/uploads\/2025\/05\/Finca-Villacreces-Pruno-Magnum.jpeg.png\",\"width\":765,\"height\":1024},{\"@type\":\"BreadcrumbList\",\"@id\":\"https:\/\/aral2.cetrexmarketing.com\/ca\/producto\/finca-villacreces-pruno-magnum-2\/#breadcrumb\",\"itemListElement\":[{\"@type\":\"ListItem\",\"position\":1,\"name\":\"Home\",\"item\":\"https:\/\/aral2.cetrexmarketing.com\/ca\/\"},{\"@type\":\"ListItem\",\"position\":2,\"name\":\"Tienda\",\"item\":\"https:\/\/aral2.cetrexmarketing.com\/ca\/tienda-2\/\"},{\"@type\":\"ListItem\",\"position\":3,\"name\":\"Vi\",\"item\":\"https:\/\/aral2.cetrexmarketing.com\/categoria-producto\/vi\/\"},{\"@type\":\"ListItem\",\"position\":4,\"name\":\"Vi Negre\",\"item\":\"https:\/\/aral2.cetrexmarketing.com\/categoria-producto\/vi\/vi-negre\/\"},{\"@type\":\"ListItem\",\"position\":5,\"name\":\"Finca Villacreces Pruno Magnum\"}]},{\"@type\":\"WebSite\",\"@id\":\"https:\/\/aral2.cetrexmarketing.com\/#website\",\"url\":\"https:\/\/aral2.cetrexmarketing.com\/\",\"name\":\"M\u00f3n La Cata\",\"description\":\"Tienda de vinos, licores, cervezas y gourmet\",\"publisher\":{\"@id\":\"https:\/\/aral2.cetrexmarketing.com\/#organization\"},\"potentialAction\":[{\"@type\":\"SearchAction\",\"target\":{\"@type\":\"EntryPoint\",\"urlTemplate\":\"https:\/\/aral2.cetrexmarketing.com\/?s={search_term_string}\"},\"query-input\":{\"@type\":\"PropertyValueSpecification\",\"valueRequired\":true,\"valueName\":\"search_term_string\"}}],\"inLanguage\":\"ca\"},{\"@type\":\"Organization\",\"@id\":\"https:\/\/aral2.cetrexmarketing.com\/#organization\",\"name\":\"M\u00f3n La Cata\",\"url\":\"https:\/\/aral2.cetrexmarketing.com\/\",\"logo\":{\"@type\":\"ImageObject\",\"inLanguage\":\"ca\",\"@id\":\"https:\/\/aral2.cetrexmarketing.com\/#\/schema\/logo\/image\/\",\"url\":\"https:\/\/aral2.cetrexmarketing.com\/wp-content\/uploads\/2024\/10\/aral-logo-neg-1024x409-1.png\",\"contentUrl\":\"https:\/\/aral2.cetrexmarketing.com\/wp-content\/uploads\/2024\/10\/aral-logo-neg-1024x409-1.png\",\"width\":1024,\"height\":409,\"caption\":\"M\u00f3n La Cata\"},\"image\":{\"@id\":\"https:\/\/aral2.cetrexmarketing.com\/#\/schema\/logo\/image\/\"}}]}<\/script>\n<!-- \/ Yoast SEO Premium plugin. -->","yoast_head_json":{"title":"Pruno Finca Villacreces Magnum vi negre","description":"Comprar online al millor preu vins de la DO Ribera del Duero.","robots":{"index":"noindex","follow":"follow","max-snippet":"max-snippet:-1","max-image-preview":"max-image-preview:large","max-video-preview":"max-video-preview:-1"},"og_locale":"ca_ES","og_type":"article","og_title":"Finca Villacreces Pruno Magnum","og_description":"Comprar online al millor preu vins de la DO Ribera del Duero.","og_url":"https:\/\/aral2.cetrexmarketing.com\/ca\/producto\/finca-villacreces-pruno-magnum-2\/","og_site_name":"M\u00f3n La Cata","article_modified_time":"2025-05-24T08:34:24+00:00","og_image":[{"width":765,"height":1024,"url":"https:\/\/aral2.cetrexmarketing.com\/wp-content\/uploads\/2025\/05\/Finca-Villacreces-Pruno-Magnum.jpeg.png","type":"image\/png"}],"twitter_card":"summary_large_image","twitter_misc":{"Temps estimat de lectura":"2 minuts"},"schema":{"@context":"https:\/\/schema.org","@graph":[{"@type":"WebPage","@id":"https:\/\/aral2.cetrexmarketing.com\/ca\/producto\/finca-villacreces-pruno-magnum-2\/","url":"https:\/\/aral2.cetrexmarketing.com\/ca\/producto\/finca-villacreces-pruno-magnum-2\/","name":"Pruno Finca Villacreces Magnum vi negre","isPartOf":{"@id":"https:\/\/aral2.cetrexmarketing.com\/#website"},"primaryImageOfPage":{"@id":"https:\/\/aral2.cetrexmarketing.com\/ca\/producto\/finca-villacreces-pruno-magnum-2\/#primaryimage"},"image":{"@id":"https:\/\/aral2.cetrexmarketing.com\/ca\/producto\/finca-villacreces-pruno-magnum-2\/#primaryimage"},"thumbnailUrl":"https:\/\/aral2.cetrexmarketing.com\/wp-content\/uploads\/2025\/05\/Finca-Villacreces-Pruno-Magnum.jpeg.png","datePublished":"2025-05-24T08:34:23+00:00","dateModified":"2025-05-24T08:34:24+00:00","description":"Comprar online al millor preu vins de la DO Ribera del Duero.","breadcrumb":{"@id":"https:\/\/aral2.cetrexmarketing.com\/ca\/producto\/finca-villacreces-pruno-magnum-2\/#breadcrumb"},"inLanguage":"ca","potentialAction":[{"@type":"ReadAction","target":["https:\/\/aral2.cetrexmarketing.com\/ca\/producto\/finca-villacreces-pruno-magnum-2\/"]}]},{"@type":"ImageObject","inLanguage":"ca","@id":"https:\/\/aral2.cetrexmarketing.com\/ca\/producto\/finca-villacreces-pruno-magnum-2\/#primaryimage","url":"https:\/\/aral2.cetrexmarketing.com\/wp-content\/uploads\/2025\/05\/Finca-Villacreces-Pruno-Magnum.jpeg.png","contentUrl":"https:\/\/aral2.cetrexmarketing.com\/wp-content\/uploads\/2025\/05\/Finca-Villacreces-Pruno-Magnum.jpeg.png","width":765,"height":1024},{"@type":"BreadcrumbList","@id":"https:\/\/aral2.cetrexmarketing.com\/ca\/producto\/finca-villacreces-pruno-magnum-2\/#breadcrumb","itemListElement":[{"@type":"ListItem","position":1,"name":"Home","item":"https:\/\/aral2.cetrexmarketing.com\/ca\/"},{"@type":"ListItem","position":2,"name":"Tienda","item":"https:\/\/aral2.cetrexmarketing.com\/ca\/tienda-2\/"},{"@type":"ListItem","position":3,"name":"Vi","item":"https:\/\/aral2.cetrexmarketing.com\/categoria-producto\/vi\/"},{"@type":"ListItem","position":4,"name":"Vi Negre","item":"https:\/\/aral2.cetrexmarketing.com\/categoria-producto\/vi\/vi-negre\/"},{"@type":"ListItem","position":5,"name":"Finca Villacreces Pruno Magnum"}]},{"@type":"WebSite","@id":"https:\/\/aral2.cetrexmarketing.com\/#website","url":"https:\/\/aral2.cetrexmarketing.com\/","name":"M\u00f3n La Cata","description":"Tienda de vinos, licores, cervezas y gourmet","publisher":{"@id":"https:\/\/aral2.cetrexmarketing.com\/#organization"},"potentialAction":[{"@type":"SearchAction","target":{"@type":"EntryPoint","urlTemplate":"https:\/\/aral2.cetrexmarketing.com\/?s={search_term_string}"},"query-input":{"@type":"PropertyValueSpecification","valueRequired":true,"valueName":"search_term_string"}}],"inLanguage":"ca"},{"@type":"Organization","@id":"https:\/\/aral2.cetrexmarketing.com\/#organization","name":"M\u00f3n La Cata","url":"https:\/\/aral2.cetrexmarketing.com\/","logo":{"@type":"ImageObject","inLanguage":"ca","@id":"https:\/\/aral2.cetrexmarketing.com\/#\/schema\/logo\/image\/","url":"https:\/\/aral2.cetrexmarketing.com\/wp-content\/uploads\/2024\/10\/aral-logo-neg-1024x409-1.png","contentUrl":"https:\/\/aral2.cetrexmarketing.com\/wp-content\/uploads\/2024\/10\/aral-logo-neg-1024x409-1.png","width":1024,"height":409,"caption":"M\u00f3n La Cata"},"image":{"@id":"https:\/\/aral2.cetrexmarketing.com\/#\/schema\/logo\/image\/"}}]}},"brands":[{"id":32905,"name":"Ribera del Duero D.O.","slug":"ribera-del-duero-d-o"}],"_links":{"self":[{"href":"https:\/\/aral2.cetrexmarketing.com\/ca\/wp-json\/wp\/v2\/product\/83616","targetHints":{"allow":["GET"]}}],"collection":[{"href":"https:\/\/aral2.cetrexmarketing.com\/ca\/wp-json\/wp\/v2\/product"}],"about":[{"href":"https:\/\/aral2.cetrexmarketing.com\/ca\/wp-json\/wp\/v2\/types\/product"}],"replies":[{"embeddable":true,"href":"https:\/\/aral2.cetrexmarketing.com\/ca\/wp-json\/wp\/v2\/comments?post=83616"}],"wp:featuredmedia":[{"embeddable":true,"href":"https:\/\/aral2.cetrexmarketing.com\/ca\/wp-json\/wp\/v2\/media\/83613"}],"wp:attachment":[{"href":"https:\/\/aral2.cetrexmarketing.com\/ca\/wp-json\/wp\/v2\/media?parent=83616"}],"wp:term":[{"taxonomy":"pwb-brand","embeddable":true,"href":"https:\/\/aral2.cetrexmarketing.com\/ca\/wp-json\/wp\/v2\/pwb-brand?post=83616"},{"taxonomy":"product_brand","embeddable":true,"href":"https:\/\/aral2.cetrexmarketing.com\/ca\/wp-json\/wp\/v2\/product_brand?post=83616"},{"taxonomy":"product_cat","embeddable":true,"href":"https:\/\/aral2.cetrexmarketing.com\/ca\/wp-json\/wp\/v2\/product_cat?post=83616"},{"taxonomy":"product_tag","embeddable":true,"href":"https:\/\/aral2.cetrexmarketing.com\/ca\/wp-json\/wp\/v2\/product_tag?post=83616"}],"curies":[{"name":"wp","href":"https:\/\/api.w.org\/{rel}","templated":true}]}}