{"id":83520,"date":"2025-05-24T08:32:31","date_gmt":"2025-05-24T08:32:31","guid":{"rendered":"https:\/\/aral2.cetrexmarketing.com\/producto\/meritxell-palleja-nita-magnum-2\/"},"modified":"2025-05-24T08:32:34","modified_gmt":"2025-05-24T08:32:34","slug":"meritxell-palleja-nita-magnum-2","status":"publish","type":"product","link":"https:\/\/aral2.cetrexmarketing.com\/ca\/producto\/meritxell-palleja-nita-magnum-2\/","title":{"rendered":"Meritxell Pallej\u00e0 Nita Magnum"},"content":{"rendered":"<p>El <strong>Meritxell Pallej\u00e0 &#8216;Nita&#8217; Magnum<\/strong> \u00e9s un vi negre de la denominaci\u00f3 d&#8217;origen Priorat, a Catalunya, Espanya. Aquest vi \u00e9s una mescla de 45% Garnatxa, 35% Carinyena, 15% Cabernet Sauvignon i 5% Syrah. La fermentaci\u00f3 es realitza en una combinaci\u00f3 de dip\u00f2sits d&#8217;acer inoxidable i ciment.<\/p>\n<p>A la boca, presenta sabors de fruits vermells foscos, fruits de bruc i notes especiades, amb un final fresc. \u00c9s un vi biodin\u00e0mic elaborat amb cura i dedicaci\u00f3.<\/p>\n<p>Aquest vi es presenta en format magnum (1,5 litres), ideal per a ocasions especials o per a la seva conservaci\u00f3 a llarg termini. Es recomana servir-lo entre 14\u00b0C i 16\u00b0C i maridar-lo amb carns vermelles, estofats i plats contundents.<\/p>\n<p>&nbsp;<\/p>\n","protected":false},"excerpt":{"rendered":"<p>El Meritxell Pallej\u00e0 &#8216;Nita&#8217; Magnum \u00e9s un vi negre de la denominaci\u00f3 d&#8217;origen Priorat, a Catalunya, Espanya. Aquest vi \u00e9s una mescla de 45% Garnatxa, 35% Carinyena, 15% Cabernet Sauvignon i 5% Syrah. La fermentaci\u00f3 es realitza en una combinaci\u00f3 de dip\u00f2sits d&#8217;acer inoxidable i ciment. A la boca, presenta sabors de fruits vermells foscos,&hellip;<\/p>\n","protected":false},"featured_media":83517,"comment_status":"closed","ping_status":"closed","template":"","meta":{"_acf_changed":false},"pwb-brand":[32901],"product_brand":[],"product_cat":[51677,51701,51670,51671],"product_tag":[16146,16040,15003,52273,15002,14996],"class_list":{"0":"post-83520","1":"product","2":"type-product","3":"status-publish","4":"has-post-thumbnail","6":"pwb-brand-priorat-d-o","7":"product_cat-lots-i-estoigs","8":"product_cat-lots-nadal","9":"product_cat-vi","10":"product_cat-vi-negre","11":"product_tag-gratallops-ca","12":"product_tag-magnum-ca","13":"product_tag-meritxell-palleja-ca","14":"product_tag-meritxell-palleja-nita-magnum-2","15":"product_tag-nita-ca","16":"product_tag-priorat-ca","17":"pa_anada-36212","18":"pa_bodega-maritxellpalleja","19":"pa_do-priorat-d-o-q-ca","20":"pa_formatoenl-36164","21":"pa_formatoenml-38316","22":"pa_graduacion-14_5","23":"pa_pais-espanya-ca","24":"pa_pesoengramos-38365","25":"pa_pesoenkg-23-ca","26":"pa_pueblociudad-gratallopstarragona","27":"pa_region-cataluna","28":"pa_tipodevino-vi-tranquil","29":"entry","30":"has-media","32":"first","33":"instock","34":"taxable","35":"shipping-taxable","36":"purchasable","37":"product-type-simple"},"acf":[],"yoast_head":"<!-- This site is optimized with the Yoast SEO Premium plugin v23.1 (Yoast SEO v23.5) - https:\/\/yoast.com\/wordpress\/plugins\/seo\/ -->\n<title>Meritxell Pallej\u00e0 Nita Magnum<\/title>\n<meta name=\"description\" content=\"Comprar al millor preu el vi negre Meritxell Pallej\u00e0 Nita Magnum de la DOQ Priorat. Botiga online especialitzada en vins i destil\u00b7lats.\" \/>\n<meta name=\"robots\" content=\"noindex, follow, max-snippet:-1, max-image-preview:large, max-video-preview:-1\" \/>\n<meta property=\"og:locale\" content=\"ca_ES\" \/>\n<meta property=\"og:type\" content=\"article\" \/>\n<meta property=\"og:title\" content=\"Meritxell Pallej\u00e0 Nita Magnum\" \/>\n<meta property=\"og:description\" content=\"Comprar al millor preu el vi negre Meritxell Pallej\u00e0 Nita Magnum de la DOQ Priorat. Botiga online especialitzada en vins i destil\u00b7lats.\" \/>\n<meta property=\"og:url\" content=\"https:\/\/aral2.cetrexmarketing.com\/ca\/producto\/meritxell-palleja-nita-magnum-2\/\" \/>\n<meta property=\"og:site_name\" content=\"M\u00f3n La Cata\" \/>\n<meta property=\"article:modified_time\" content=\"2025-05-24T08:32:34+00:00\" \/>\n<meta property=\"og:image\" content=\"https:\/\/aral2.cetrexmarketing.com\/wp-content\/uploads\/2025\/05\/meritxell-palleja-nita-magnum-estoig.jpg.png\" \/>\n\t<meta property=\"og:image:width\" content=\"765\" \/>\n\t<meta property=\"og:image:height\" content=\"1024\" \/>\n\t<meta property=\"og:image:type\" content=\"image\/png\" \/>\n<meta name=\"twitter:card\" content=\"summary_large_image\" \/>\n<meta name=\"twitter:label1\" content=\"Temps estimat de lectura\" \/>\n\t<meta name=\"twitter:data1\" content=\"1 minut\" \/>\n<script type=\"application\/ld+json\" class=\"yoast-schema-graph\">{\"@context\":\"https:\/\/schema.org\",\"@graph\":[{\"@type\":\"WebPage\",\"@id\":\"https:\/\/aral2.cetrexmarketing.com\/ca\/producto\/meritxell-palleja-nita-magnum-2\/\",\"url\":\"https:\/\/aral2.cetrexmarketing.com\/ca\/producto\/meritxell-palleja-nita-magnum-2\/\",\"name\":\"Meritxell Pallej\u00e0 Nita Magnum\",\"isPartOf\":{\"@id\":\"https:\/\/aral2.cetrexmarketing.com\/#website\"},\"primaryImageOfPage\":{\"@id\":\"https:\/\/aral2.cetrexmarketing.com\/ca\/producto\/meritxell-palleja-nita-magnum-2\/#primaryimage\"},\"image\":{\"@id\":\"https:\/\/aral2.cetrexmarketing.com\/ca\/producto\/meritxell-palleja-nita-magnum-2\/#primaryimage\"},\"thumbnailUrl\":\"https:\/\/aral2.cetrexmarketing.com\/wp-content\/uploads\/2025\/05\/meritxell-palleja-nita-magnum-estoig.jpg.png\",\"datePublished\":\"2025-05-24T08:32:31+00:00\",\"dateModified\":\"2025-05-24T08:32:34+00:00\",\"description\":\"Comprar al millor preu el vi negre Meritxell Pallej\u00e0 Nita Magnum de la DOQ Priorat. Botiga online especialitzada en vins i destil\u00b7lats.\",\"breadcrumb\":{\"@id\":\"https:\/\/aral2.cetrexmarketing.com\/ca\/producto\/meritxell-palleja-nita-magnum-2\/#breadcrumb\"},\"inLanguage\":\"ca\",\"potentialAction\":[{\"@type\":\"ReadAction\",\"target\":[\"https:\/\/aral2.cetrexmarketing.com\/ca\/producto\/meritxell-palleja-nita-magnum-2\/\"]}]},{\"@type\":\"ImageObject\",\"inLanguage\":\"ca\",\"@id\":\"https:\/\/aral2.cetrexmarketing.com\/ca\/producto\/meritxell-palleja-nita-magnum-2\/#primaryimage\",\"url\":\"https:\/\/aral2.cetrexmarketing.com\/wp-content\/uploads\/2025\/05\/meritxell-palleja-nita-magnum-estoig.jpg.png\",\"contentUrl\":\"https:\/\/aral2.cetrexmarketing.com\/wp-content\/uploads\/2025\/05\/meritxell-palleja-nita-magnum-estoig.jpg.png\",\"width\":765,\"height\":1024},{\"@type\":\"BreadcrumbList\",\"@id\":\"https:\/\/aral2.cetrexmarketing.com\/ca\/producto\/meritxell-palleja-nita-magnum-2\/#breadcrumb\",\"itemListElement\":[{\"@type\":\"ListItem\",\"position\":1,\"name\":\"Home\",\"item\":\"https:\/\/aral2.cetrexmarketing.com\/ca\/\"},{\"@type\":\"ListItem\",\"position\":2,\"name\":\"Tienda\",\"item\":\"https:\/\/aral2.cetrexmarketing.com\/ca\/tienda-2\/\"},{\"@type\":\"ListItem\",\"position\":3,\"name\":\"Vino\",\"item\":\"https:\/\/aral2.cetrexmarketing.com\/categoria-producto\/inicio\/vino\/\"},{\"@type\":\"ListItem\",\"position\":4,\"name\":\"Meritxell Pallej\u00e0 Nita Magnum\"}]},{\"@type\":\"WebSite\",\"@id\":\"https:\/\/aral2.cetrexmarketing.com\/#website\",\"url\":\"https:\/\/aral2.cetrexmarketing.com\/\",\"name\":\"M\u00f3n La Cata\",\"description\":\"Tienda de vinos, licores, cervezas y gourmet\",\"publisher\":{\"@id\":\"https:\/\/aral2.cetrexmarketing.com\/#organization\"},\"potentialAction\":[{\"@type\":\"SearchAction\",\"target\":{\"@type\":\"EntryPoint\",\"urlTemplate\":\"https:\/\/aral2.cetrexmarketing.com\/?s={search_term_string}\"},\"query-input\":{\"@type\":\"PropertyValueSpecification\",\"valueRequired\":true,\"valueName\":\"search_term_string\"}}],\"inLanguage\":\"ca\"},{\"@type\":\"Organization\",\"@id\":\"https:\/\/aral2.cetrexmarketing.com\/#organization\",\"name\":\"M\u00f3n La Cata\",\"url\":\"https:\/\/aral2.cetrexmarketing.com\/\",\"logo\":{\"@type\":\"ImageObject\",\"inLanguage\":\"ca\",\"@id\":\"https:\/\/aral2.cetrexmarketing.com\/#\/schema\/logo\/image\/\",\"url\":\"https:\/\/aral2.cetrexmarketing.com\/wp-content\/uploads\/2024\/10\/aral-logo-neg-1024x409-1.png\",\"contentUrl\":\"https:\/\/aral2.cetrexmarketing.com\/wp-content\/uploads\/2024\/10\/aral-logo-neg-1024x409-1.png\",\"width\":1024,\"height\":409,\"caption\":\"M\u00f3n La Cata\"},\"image\":{\"@id\":\"https:\/\/aral2.cetrexmarketing.com\/#\/schema\/logo\/image\/\"}}]}<\/script>\n<!-- \/ Yoast SEO Premium plugin. -->","yoast_head_json":{"title":"Meritxell Pallej\u00e0 Nita Magnum","description":"Comprar al millor preu el vi negre Meritxell Pallej\u00e0 Nita Magnum de la DOQ Priorat. Botiga online especialitzada en vins i destil\u00b7lats.","robots":{"index":"noindex","follow":"follow","max-snippet":"max-snippet:-1","max-image-preview":"max-image-preview:large","max-video-preview":"max-video-preview:-1"},"og_locale":"ca_ES","og_type":"article","og_title":"Meritxell Pallej\u00e0 Nita Magnum","og_description":"Comprar al millor preu el vi negre Meritxell Pallej\u00e0 Nita Magnum de la DOQ Priorat. Botiga online especialitzada en vins i destil\u00b7lats.","og_url":"https:\/\/aral2.cetrexmarketing.com\/ca\/producto\/meritxell-palleja-nita-magnum-2\/","og_site_name":"M\u00f3n La Cata","article_modified_time":"2025-05-24T08:32:34+00:00","og_image":[{"width":765,"height":1024,"url":"https:\/\/aral2.cetrexmarketing.com\/wp-content\/uploads\/2025\/05\/meritxell-palleja-nita-magnum-estoig.jpg.png","type":"image\/png"}],"twitter_card":"summary_large_image","twitter_misc":{"Temps estimat de lectura":"1 minut"},"schema":{"@context":"https:\/\/schema.org","@graph":[{"@type":"WebPage","@id":"https:\/\/aral2.cetrexmarketing.com\/ca\/producto\/meritxell-palleja-nita-magnum-2\/","url":"https:\/\/aral2.cetrexmarketing.com\/ca\/producto\/meritxell-palleja-nita-magnum-2\/","name":"Meritxell Pallej\u00e0 Nita Magnum","isPartOf":{"@id":"https:\/\/aral2.cetrexmarketing.com\/#website"},"primaryImageOfPage":{"@id":"https:\/\/aral2.cetrexmarketing.com\/ca\/producto\/meritxell-palleja-nita-magnum-2\/#primaryimage"},"image":{"@id":"https:\/\/aral2.cetrexmarketing.com\/ca\/producto\/meritxell-palleja-nita-magnum-2\/#primaryimage"},"thumbnailUrl":"https:\/\/aral2.cetrexmarketing.com\/wp-content\/uploads\/2025\/05\/meritxell-palleja-nita-magnum-estoig.jpg.png","datePublished":"2025-05-24T08:32:31+00:00","dateModified":"2025-05-24T08:32:34+00:00","description":"Comprar al millor preu el vi negre Meritxell Pallej\u00e0 Nita Magnum de la DOQ Priorat. Botiga online especialitzada en vins i destil\u00b7lats.","breadcrumb":{"@id":"https:\/\/aral2.cetrexmarketing.com\/ca\/producto\/meritxell-palleja-nita-magnum-2\/#breadcrumb"},"inLanguage":"ca","potentialAction":[{"@type":"ReadAction","target":["https:\/\/aral2.cetrexmarketing.com\/ca\/producto\/meritxell-palleja-nita-magnum-2\/"]}]},{"@type":"ImageObject","inLanguage":"ca","@id":"https:\/\/aral2.cetrexmarketing.com\/ca\/producto\/meritxell-palleja-nita-magnum-2\/#primaryimage","url":"https:\/\/aral2.cetrexmarketing.com\/wp-content\/uploads\/2025\/05\/meritxell-palleja-nita-magnum-estoig.jpg.png","contentUrl":"https:\/\/aral2.cetrexmarketing.com\/wp-content\/uploads\/2025\/05\/meritxell-palleja-nita-magnum-estoig.jpg.png","width":765,"height":1024},{"@type":"BreadcrumbList","@id":"https:\/\/aral2.cetrexmarketing.com\/ca\/producto\/meritxell-palleja-nita-magnum-2\/#breadcrumb","itemListElement":[{"@type":"ListItem","position":1,"name":"Home","item":"https:\/\/aral2.cetrexmarketing.com\/ca\/"},{"@type":"ListItem","position":2,"name":"Tienda","item":"https:\/\/aral2.cetrexmarketing.com\/ca\/tienda-2\/"},{"@type":"ListItem","position":3,"name":"Vino","item":"https:\/\/aral2.cetrexmarketing.com\/categoria-producto\/inicio\/vino\/"},{"@type":"ListItem","position":4,"name":"Meritxell Pallej\u00e0 Nita Magnum"}]},{"@type":"WebSite","@id":"https:\/\/aral2.cetrexmarketing.com\/#website","url":"https:\/\/aral2.cetrexmarketing.com\/","name":"M\u00f3n La Cata","description":"Tienda de vinos, licores, cervezas y gourmet","publisher":{"@id":"https:\/\/aral2.cetrexmarketing.com\/#organization"},"potentialAction":[{"@type":"SearchAction","target":{"@type":"EntryPoint","urlTemplate":"https:\/\/aral2.cetrexmarketing.com\/?s={search_term_string}"},"query-input":{"@type":"PropertyValueSpecification","valueRequired":true,"valueName":"search_term_string"}}],"inLanguage":"ca"},{"@type":"Organization","@id":"https:\/\/aral2.cetrexmarketing.com\/#organization","name":"M\u00f3n La Cata","url":"https:\/\/aral2.cetrexmarketing.com\/","logo":{"@type":"ImageObject","inLanguage":"ca","@id":"https:\/\/aral2.cetrexmarketing.com\/#\/schema\/logo\/image\/","url":"https:\/\/aral2.cetrexmarketing.com\/wp-content\/uploads\/2024\/10\/aral-logo-neg-1024x409-1.png","contentUrl":"https:\/\/aral2.cetrexmarketing.com\/wp-content\/uploads\/2024\/10\/aral-logo-neg-1024x409-1.png","width":1024,"height":409,"caption":"M\u00f3n La Cata"},"image":{"@id":"https:\/\/aral2.cetrexmarketing.com\/#\/schema\/logo\/image\/"}}]}},"brands":[{"id":32901,"name":"Priorat D.O.","slug":"priorat-d-o"}],"_links":{"self":[{"href":"https:\/\/aral2.cetrexmarketing.com\/ca\/wp-json\/wp\/v2\/product\/83520","targetHints":{"allow":["GET"]}}],"collection":[{"href":"https:\/\/aral2.cetrexmarketing.com\/ca\/wp-json\/wp\/v2\/product"}],"about":[{"href":"https:\/\/aral2.cetrexmarketing.com\/ca\/wp-json\/wp\/v2\/types\/product"}],"replies":[{"embeddable":true,"href":"https:\/\/aral2.cetrexmarketing.com\/ca\/wp-json\/wp\/v2\/comments?post=83520"}],"wp:featuredmedia":[{"embeddable":true,"href":"https:\/\/aral2.cetrexmarketing.com\/ca\/wp-json\/wp\/v2\/media\/83517"}],"wp:attachment":[{"href":"https:\/\/aral2.cetrexmarketing.com\/ca\/wp-json\/wp\/v2\/media?parent=83520"}],"wp:term":[{"taxonomy":"pwb-brand","embeddable":true,"href":"https:\/\/aral2.cetrexmarketing.com\/ca\/wp-json\/wp\/v2\/pwb-brand?post=83520"},{"taxonomy":"product_brand","embeddable":true,"href":"https:\/\/aral2.cetrexmarketing.com\/ca\/wp-json\/wp\/v2\/product_brand?post=83520"},{"taxonomy":"product_cat","embeddable":true,"href":"https:\/\/aral2.cetrexmarketing.com\/ca\/wp-json\/wp\/v2\/product_cat?post=83520"},{"taxonomy":"product_tag","embeddable":true,"href":"https:\/\/aral2.cetrexmarketing.com\/ca\/wp-json\/wp\/v2\/product_tag?post=83520"}],"curies":[{"name":"wp","href":"https:\/\/api.w.org\/{rel}","templated":true}]}}