{"id":83508,"date":"2025-05-24T08:32:13","date_gmt":"2025-05-24T08:32:13","guid":{"rendered":"https:\/\/aral2.cetrexmarketing.com\/producto\/alvaro-palacios-camins-del-priorat-2\/"},"modified":"2025-05-24T08:32:15","modified_gmt":"2025-05-24T08:32:15","slug":"alvaro-palacios-camins-del-priorat-2","status":"publish","type":"product","link":"https:\/\/aral2.cetrexmarketing.com\/ca\/producto\/alvaro-palacios-camins-del-priorat-2\/","title":{"rendered":"\u00c1lvaro Palacios Camins del Priorat"},"content":{"rendered":"<div class=\"flex-1 overflow-hidden @container\/thread\">\n<div class=\"h-full\">\n<div class=\"react-scroll-to-bottom--css-unczm-79elbk h-full\">\n<div class=\"react-scroll-to-bottom--css-unczm-1n7m0yu\">\n<div class=\"flex flex-col text-sm md:pb-9\">\n<article class=\"w-full scroll-mb-[var(--thread-trailing-height,150px)] text-token-text-primary focus-visible:outline-2 focus-visible:outline-offset-[-4px]\" dir=\"auto\" data-testid=\"conversation-turn-3\" data-scroll-anchor=\"true\">\n<div class=\"m-auto text-base py-[18px] px-3 md:px-4 w-full md:px-5 lg:px-4 xl:px-5\">\n<div class=\"mx-auto flex flex-1 gap-4 text-base md:gap-5 lg:gap-6 md:max-w-3xl lg:max-w-[40rem] xl:max-w-[48rem]\">\n<div class=\"group\/conversation-turn relative flex w-full min-w-0 flex-col agent-turn\">\n<div class=\"flex-col gap-1 md:gap-3\">\n<div class=\"flex max-w-full flex-col flex-grow\">\n<div class=\"min-h-8 text-message flex w-full flex-col items-end gap-2 whitespace-normal break-words text-start [.text-message+&amp;]:mt-5\" dir=\"auto\" data-message-author-role=\"assistant\" data-message-id=\"515a171c-18e9-456f-a178-ecccb859b2f0\" data-message-model-slug=\"gpt-4o\">\n<div class=\"flex w-full flex-col gap-1 empty:hidden first:pt-[3px]\">\n<div class=\"markdown prose w-full break-words dark:prose-invert light\">\n<p><strong>\u00c1lvaro Palacios Camins del Priorat<\/strong> \u00e9s un vi negre espanyol elaborat pel prestigi\u00f3s celler \u00c1lvaro Palacios, una de les figures m\u00e9s influents en la revoluci\u00f3 vitivin\u00edcola moderna d&#8217;Espanya. Aquest vi \u00e9s considerat la porta d&#8217;entrada al Priorat, una regi\u00f3 vin\u00edcola de gran renom ubicada a Catalunya, coneguda pels seus s\u00f2ls de llicorella (pissarra) i per la seva capacitat per produir vins complexos, intensos i elegants.<\/p>\n<h3><strong>Caracter\u00edstiques del Vi<\/strong><\/h3>\n<ol>\n<li><strong>Origen<\/strong>:\n<ul>\n<li>Denominaci\u00f3 d&#8217;Origen Qualificada (DOQ) Priorat, reconeguda pels seus vins d&#8217;excepcional qualitat.<\/li>\n<li>Les vinyes es troben en pendents pronunciades amb s\u00f2ls de pissarra, t\u00edpics de la regi\u00f3, que aporten mineralitat al vi.<\/li>\n<\/ul>\n<\/li>\n<li><strong>Varietats de ra\u00efm<\/strong>:\n<ul>\n<li>Garnatxa (majorit\u00e0riament), Carinyena, Syrah, Cabernet Sauvignon i Merlot.<\/li>\n<li>La Garnatxa aporta fruitositat i frescor, mentre que la Carinyena i les altres varietats afegeixen estructura, cos i complexitat.<\/li>\n<\/ul>\n<\/li>\n<li><strong>Proc\u00e9s d&#8217;elaboraci\u00f3:<\/strong>\n<ul>\n<li>El ra\u00efm es verema manualment en vinyes en terrasses o pendents pronunciades.<\/li>\n<li>La fermentaci\u00f3 es duu a terme en dip\u00f2sits d\u2019acer inoxidable, i el vi passa per una crian\u00e7a breu en b\u00f3tes de roure i fudres, permetent preservar la frescor de la fruita.<\/li>\n<\/ul>\n<\/li>\n<li><strong>Nota de cata<\/strong>:\n<ul>\n<li><strong>Vista<\/strong>: Color vermell picota intens amb reflexos violacis.<\/li>\n<li><strong>Nas<\/strong>: Aromes de fruites vermelles madures (cirera, gerd), notes florals com la violeta i tocs d\u2019esp\u00e8cies dolces i herbes mediterr\u00e0nies.<\/li>\n<li><strong>Boca<\/strong>: Fresc, amb tanins ben integrats, cos mitj\u00e0 i una bona acidesa que equilibra el seu car\u00e0cter afruitat. Final llarg i mineral.<\/li>\n<\/ul>\n<\/li>\n<\/ol>\n<\/div>\n<\/div>\n<\/div>\n<\/div>\n<div class=\"mt-3 w-full empty:hidden\">\n<div class=\"text-center\">\n<div class=\"mx-auto\"><\/div>\n<\/div>\n<\/div>\n<\/div>\n<\/div>\n<\/div>\n<\/div>\n<\/article>\n<\/div>\n<\/div>\n<\/div>\n<\/div>\n<\/div>\n<div class=\"md:pt-0 dark:border-white\/20 md:border-transparent md:dark:border-transparent w-full\">\n<div>\n<div class=\"m-auto text-base px-3 md:px-4 w-full md:px-5 lg:px-4 xl:px-5\"><\/div>\n<\/div>\n<\/div>\n","protected":false},"excerpt":{"rendered":"<p><span class=\"hiddenSpellError\"><strong>\u00c1lvaro Palacios Camins del Priorat<\/strong> \u00e9s un vi negre de la DOCa Priorat, elaborat amb Garnatxa, Carinyena, Syrah, Cabernet Sauvignon i Merlot. Considerat la porta d\u2019entrada a aquesta prestigiosa regi\u00f3, destaca per la seva frescor, estructura i complexitat, influenciades pels caracter\u00edstics s\u00f2ls de llicorella. La seva fermentaci\u00f3 es realitza en acer inoxidable amb una crian\u00e7a breu en b\u00f3tes de roure i fudres, preservant la fruita. Presenta un color vermell picota intens, aromes de fruits vermells madurs, violetes, esp\u00e8cies dolces i herbes mediterr\u00e0nies. En boca \u00e9s fresc, equilibrat, amb tanins integrats i un final llarg i mineral.<\/span><\/p>\n<p>&nbsp;<\/p>\n","protected":false},"featured_media":83505,"comment_status":"closed","ping_status":"closed","template":"","meta":{"_acf_changed":false},"pwb-brand":[32954,32901],"product_brand":[],"product_cat":[51670,51671],"product_tag":[16134,52523,16139,16140,40302,16135,52510],"class_list":{"0":"post-83508","1":"product","2":"type-product","3":"status-publish","4":"has-post-thumbnail","6":"pwb-brand-ca-alvaropalacios-ca","7":"pwb-brand-priorat-d-o","8":"product_cat-vi","9":"product_cat-vi-negre","10":"product_tag-alvaro-palacios-ca","11":"product_tag-alvaro-palacios-camins-del-priorat-2","12":"product_tag-camins-ca","13":"product_tag-camins-del-priorat-ca","14":"product_tag-carinyena","15":"product_tag-terrasses-ca","16":"product_tag-terrazas-2","17":"pa_anada-45483","18":"pa_bodega-alvaro-palacios","19":"pa_do-priorat-d-o-q-ca","20":"pa_formatoenml-38306","21":"pa_gastronomico-negre-gastronomic","22":"pa_graduacion-14_5","23":"pa_maridaje-carn-blanca","24":"pa_maridaje-carn-roja","25":"pa_pais-espanya-ca","26":"pa_pueblociudad-gratallopstarragona","27":"pa_tipodevino-vi-tranquil","28":"pa_variedad-principal-cabernet-sauvignon-ca","29":"pa_variedad-principal-garnacha-tinta-ca","30":"pa_variedad-principal-merlot-ca","31":"pa_variedad-principal-samso-ca","32":"pa_variedad-principal-syrah-ca","33":"entry","34":"has-media","36":"first","37":"instock","38":"taxable","39":"shipping-taxable","40":"purchasable","41":"product-type-simple"},"acf":[],"yoast_head":"<!-- This site is optimized with the Yoast SEO Premium plugin v23.1 (Yoast SEO v23.5) - https:\/\/yoast.com\/wordpress\/plugins\/seo\/ -->\n<title>\u00c1lvaro Palacios Camins del Priorat vi negre de la DOQ Priorat<\/title>\n<meta name=\"description\" content=\"Comprar online el vi negre \u00c1lvaro Palacios Camins del Priorat en DOQ Priorat. Vinoteca. Destil\u00b7lats. Licoreria. Begudes. Productes Gourmet.\" \/>\n<meta name=\"robots\" content=\"noindex, follow, max-snippet:-1, max-image-preview:large, max-video-preview:-1\" \/>\n<meta property=\"og:locale\" content=\"ca_ES\" \/>\n<meta property=\"og:type\" content=\"article\" \/>\n<meta property=\"og:title\" content=\"\u00c1lvaro Palacios Camins del Priorat\" \/>\n<meta property=\"og:description\" content=\"Comprar online el vi negre \u00c1lvaro Palacios Camins del Priorat en DOQ Priorat. Vinoteca. Destil\u00b7lats. Licoreria. Begudes. Productes Gourmet.\" \/>\n<meta property=\"og:url\" content=\"https:\/\/aral2.cetrexmarketing.com\/ca\/producto\/alvaro-palacios-camins-del-priorat-2\/\" \/>\n<meta property=\"og:site_name\" content=\"M\u00f3n La Cata\" \/>\n<meta property=\"article:modified_time\" content=\"2025-05-24T08:32:15+00:00\" \/>\n<meta property=\"og:image\" content=\"https:\/\/aral2.cetrexmarketing.com\/wp-content\/uploads\/2025\/05\/ALVARO-PALACIOS-CAMINS-DEL-PRIORAT.png\" \/>\n\t<meta property=\"og:image:width\" content=\"765\" \/>\n\t<meta property=\"og:image:height\" content=\"1024\" \/>\n\t<meta property=\"og:image:type\" content=\"image\/png\" \/>\n<meta name=\"twitter:card\" content=\"summary_large_image\" \/>\n<meta name=\"twitter:label1\" content=\"Temps estimat de lectura\" \/>\n\t<meta name=\"twitter:data1\" content=\"2 minuts\" \/>\n<script type=\"application\/ld+json\" class=\"yoast-schema-graph\">{\"@context\":\"https:\/\/schema.org\",\"@graph\":[{\"@type\":\"WebPage\",\"@id\":\"https:\/\/aral2.cetrexmarketing.com\/ca\/producto\/alvaro-palacios-camins-del-priorat-2\/\",\"url\":\"https:\/\/aral2.cetrexmarketing.com\/ca\/producto\/alvaro-palacios-camins-del-priorat-2\/\",\"name\":\"\u00c1lvaro Palacios Camins del Priorat vi negre de la DOQ Priorat\",\"isPartOf\":{\"@id\":\"https:\/\/aral2.cetrexmarketing.com\/#website\"},\"primaryImageOfPage\":{\"@id\":\"https:\/\/aral2.cetrexmarketing.com\/ca\/producto\/alvaro-palacios-camins-del-priorat-2\/#primaryimage\"},\"image\":{\"@id\":\"https:\/\/aral2.cetrexmarketing.com\/ca\/producto\/alvaro-palacios-camins-del-priorat-2\/#primaryimage\"},\"thumbnailUrl\":\"https:\/\/aral2.cetrexmarketing.com\/wp-content\/uploads\/2025\/05\/ALVARO-PALACIOS-CAMINS-DEL-PRIORAT.png\",\"datePublished\":\"2025-05-24T08:32:13+00:00\",\"dateModified\":\"2025-05-24T08:32:15+00:00\",\"description\":\"Comprar online el vi negre \u00c1lvaro Palacios Camins del Priorat en DOQ Priorat. Vinoteca. Destil\u00b7lats. Licoreria. Begudes. Productes Gourmet.\",\"breadcrumb\":{\"@id\":\"https:\/\/aral2.cetrexmarketing.com\/ca\/producto\/alvaro-palacios-camins-del-priorat-2\/#breadcrumb\"},\"inLanguage\":\"ca\",\"potentialAction\":[{\"@type\":\"ReadAction\",\"target\":[\"https:\/\/aral2.cetrexmarketing.com\/ca\/producto\/alvaro-palacios-camins-del-priorat-2\/\"]}]},{\"@type\":\"ImageObject\",\"inLanguage\":\"ca\",\"@id\":\"https:\/\/aral2.cetrexmarketing.com\/ca\/producto\/alvaro-palacios-camins-del-priorat-2\/#primaryimage\",\"url\":\"https:\/\/aral2.cetrexmarketing.com\/wp-content\/uploads\/2025\/05\/ALVARO-PALACIOS-CAMINS-DEL-PRIORAT.png\",\"contentUrl\":\"https:\/\/aral2.cetrexmarketing.com\/wp-content\/uploads\/2025\/05\/ALVARO-PALACIOS-CAMINS-DEL-PRIORAT.png\",\"width\":765,\"height\":1024},{\"@type\":\"BreadcrumbList\",\"@id\":\"https:\/\/aral2.cetrexmarketing.com\/ca\/producto\/alvaro-palacios-camins-del-priorat-2\/#breadcrumb\",\"itemListElement\":[{\"@type\":\"ListItem\",\"position\":1,\"name\":\"Home\",\"item\":\"https:\/\/aral2.cetrexmarketing.com\/ca\/\"},{\"@type\":\"ListItem\",\"position\":2,\"name\":\"Tienda\",\"item\":\"https:\/\/aral2.cetrexmarketing.com\/ca\/tienda-2\/\"},{\"@type\":\"ListItem\",\"position\":3,\"name\":\"Vi\",\"item\":\"https:\/\/aral2.cetrexmarketing.com\/categoria-producto\/vi\/\"},{\"@type\":\"ListItem\",\"position\":4,\"name\":\"Vi Negre\",\"item\":\"https:\/\/aral2.cetrexmarketing.com\/categoria-producto\/vi\/vi-negre\/\"},{\"@type\":\"ListItem\",\"position\":5,\"name\":\"\u00c1lvaro Palacios Camins del Priorat\"}]},{\"@type\":\"WebSite\",\"@id\":\"https:\/\/aral2.cetrexmarketing.com\/#website\",\"url\":\"https:\/\/aral2.cetrexmarketing.com\/\",\"name\":\"M\u00f3n La Cata\",\"description\":\"Tienda de vinos, licores, cervezas y gourmet\",\"publisher\":{\"@id\":\"https:\/\/aral2.cetrexmarketing.com\/#organization\"},\"potentialAction\":[{\"@type\":\"SearchAction\",\"target\":{\"@type\":\"EntryPoint\",\"urlTemplate\":\"https:\/\/aral2.cetrexmarketing.com\/?s={search_term_string}\"},\"query-input\":{\"@type\":\"PropertyValueSpecification\",\"valueRequired\":true,\"valueName\":\"search_term_string\"}}],\"inLanguage\":\"ca\"},{\"@type\":\"Organization\",\"@id\":\"https:\/\/aral2.cetrexmarketing.com\/#organization\",\"name\":\"M\u00f3n La Cata\",\"url\":\"https:\/\/aral2.cetrexmarketing.com\/\",\"logo\":{\"@type\":\"ImageObject\",\"inLanguage\":\"ca\",\"@id\":\"https:\/\/aral2.cetrexmarketing.com\/#\/schema\/logo\/image\/\",\"url\":\"https:\/\/aral2.cetrexmarketing.com\/wp-content\/uploads\/2024\/10\/aral-logo-neg-1024x409-1.png\",\"contentUrl\":\"https:\/\/aral2.cetrexmarketing.com\/wp-content\/uploads\/2024\/10\/aral-logo-neg-1024x409-1.png\",\"width\":1024,\"height\":409,\"caption\":\"M\u00f3n La Cata\"},\"image\":{\"@id\":\"https:\/\/aral2.cetrexmarketing.com\/#\/schema\/logo\/image\/\"}}]}<\/script>\n<!-- \/ Yoast SEO Premium plugin. -->","yoast_head_json":{"title":"\u00c1lvaro Palacios Camins del Priorat vi negre de la DOQ Priorat","description":"Comprar online el vi negre \u00c1lvaro Palacios Camins del Priorat en DOQ Priorat. Vinoteca. Destil\u00b7lats. Licoreria. Begudes. Productes Gourmet.","robots":{"index":"noindex","follow":"follow","max-snippet":"max-snippet:-1","max-image-preview":"max-image-preview:large","max-video-preview":"max-video-preview:-1"},"og_locale":"ca_ES","og_type":"article","og_title":"\u00c1lvaro Palacios Camins del Priorat","og_description":"Comprar online el vi negre \u00c1lvaro Palacios Camins del Priorat en DOQ Priorat. Vinoteca. Destil\u00b7lats. Licoreria. Begudes. Productes Gourmet.","og_url":"https:\/\/aral2.cetrexmarketing.com\/ca\/producto\/alvaro-palacios-camins-del-priorat-2\/","og_site_name":"M\u00f3n La Cata","article_modified_time":"2025-05-24T08:32:15+00:00","og_image":[{"width":765,"height":1024,"url":"https:\/\/aral2.cetrexmarketing.com\/wp-content\/uploads\/2025\/05\/ALVARO-PALACIOS-CAMINS-DEL-PRIORAT.png","type":"image\/png"}],"twitter_card":"summary_large_image","twitter_misc":{"Temps estimat de lectura":"2 minuts"},"schema":{"@context":"https:\/\/schema.org","@graph":[{"@type":"WebPage","@id":"https:\/\/aral2.cetrexmarketing.com\/ca\/producto\/alvaro-palacios-camins-del-priorat-2\/","url":"https:\/\/aral2.cetrexmarketing.com\/ca\/producto\/alvaro-palacios-camins-del-priorat-2\/","name":"\u00c1lvaro Palacios Camins del Priorat vi negre de la DOQ Priorat","isPartOf":{"@id":"https:\/\/aral2.cetrexmarketing.com\/#website"},"primaryImageOfPage":{"@id":"https:\/\/aral2.cetrexmarketing.com\/ca\/producto\/alvaro-palacios-camins-del-priorat-2\/#primaryimage"},"image":{"@id":"https:\/\/aral2.cetrexmarketing.com\/ca\/producto\/alvaro-palacios-camins-del-priorat-2\/#primaryimage"},"thumbnailUrl":"https:\/\/aral2.cetrexmarketing.com\/wp-content\/uploads\/2025\/05\/ALVARO-PALACIOS-CAMINS-DEL-PRIORAT.png","datePublished":"2025-05-24T08:32:13+00:00","dateModified":"2025-05-24T08:32:15+00:00","description":"Comprar online el vi negre \u00c1lvaro Palacios Camins del Priorat en DOQ Priorat. Vinoteca. Destil\u00b7lats. Licoreria. Begudes. Productes Gourmet.","breadcrumb":{"@id":"https:\/\/aral2.cetrexmarketing.com\/ca\/producto\/alvaro-palacios-camins-del-priorat-2\/#breadcrumb"},"inLanguage":"ca","potentialAction":[{"@type":"ReadAction","target":["https:\/\/aral2.cetrexmarketing.com\/ca\/producto\/alvaro-palacios-camins-del-priorat-2\/"]}]},{"@type":"ImageObject","inLanguage":"ca","@id":"https:\/\/aral2.cetrexmarketing.com\/ca\/producto\/alvaro-palacios-camins-del-priorat-2\/#primaryimage","url":"https:\/\/aral2.cetrexmarketing.com\/wp-content\/uploads\/2025\/05\/ALVARO-PALACIOS-CAMINS-DEL-PRIORAT.png","contentUrl":"https:\/\/aral2.cetrexmarketing.com\/wp-content\/uploads\/2025\/05\/ALVARO-PALACIOS-CAMINS-DEL-PRIORAT.png","width":765,"height":1024},{"@type":"BreadcrumbList","@id":"https:\/\/aral2.cetrexmarketing.com\/ca\/producto\/alvaro-palacios-camins-del-priorat-2\/#breadcrumb","itemListElement":[{"@type":"ListItem","position":1,"name":"Home","item":"https:\/\/aral2.cetrexmarketing.com\/ca\/"},{"@type":"ListItem","position":2,"name":"Tienda","item":"https:\/\/aral2.cetrexmarketing.com\/ca\/tienda-2\/"},{"@type":"ListItem","position":3,"name":"Vi","item":"https:\/\/aral2.cetrexmarketing.com\/categoria-producto\/vi\/"},{"@type":"ListItem","position":4,"name":"Vi Negre","item":"https:\/\/aral2.cetrexmarketing.com\/categoria-producto\/vi\/vi-negre\/"},{"@type":"ListItem","position":5,"name":"\u00c1lvaro Palacios Camins del Priorat"}]},{"@type":"WebSite","@id":"https:\/\/aral2.cetrexmarketing.com\/#website","url":"https:\/\/aral2.cetrexmarketing.com\/","name":"M\u00f3n La Cata","description":"Tienda de vinos, licores, cervezas y gourmet","publisher":{"@id":"https:\/\/aral2.cetrexmarketing.com\/#organization"},"potentialAction":[{"@type":"SearchAction","target":{"@type":"EntryPoint","urlTemplate":"https:\/\/aral2.cetrexmarketing.com\/?s={search_term_string}"},"query-input":{"@type":"PropertyValueSpecification","valueRequired":true,"valueName":"search_term_string"}}],"inLanguage":"ca"},{"@type":"Organization","@id":"https:\/\/aral2.cetrexmarketing.com\/#organization","name":"M\u00f3n La Cata","url":"https:\/\/aral2.cetrexmarketing.com\/","logo":{"@type":"ImageObject","inLanguage":"ca","@id":"https:\/\/aral2.cetrexmarketing.com\/#\/schema\/logo\/image\/","url":"https:\/\/aral2.cetrexmarketing.com\/wp-content\/uploads\/2024\/10\/aral-logo-neg-1024x409-1.png","contentUrl":"https:\/\/aral2.cetrexmarketing.com\/wp-content\/uploads\/2024\/10\/aral-logo-neg-1024x409-1.png","width":1024,"height":409,"caption":"M\u00f3n La Cata"},"image":{"@id":"https:\/\/aral2.cetrexmarketing.com\/#\/schema\/logo\/image\/"}}]}},"brands":[{"id":32954,"name":"Alvaro Palacios","slug":"ca-alvaropalacios-ca"},{"id":32901,"name":"Priorat D.O.","slug":"priorat-d-o"}],"_links":{"self":[{"href":"https:\/\/aral2.cetrexmarketing.com\/ca\/wp-json\/wp\/v2\/product\/83508","targetHints":{"allow":["GET"]}}],"collection":[{"href":"https:\/\/aral2.cetrexmarketing.com\/ca\/wp-json\/wp\/v2\/product"}],"about":[{"href":"https:\/\/aral2.cetrexmarketing.com\/ca\/wp-json\/wp\/v2\/types\/product"}],"replies":[{"embeddable":true,"href":"https:\/\/aral2.cetrexmarketing.com\/ca\/wp-json\/wp\/v2\/comments?post=83508"}],"wp:featuredmedia":[{"embeddable":true,"href":"https:\/\/aral2.cetrexmarketing.com\/ca\/wp-json\/wp\/v2\/media\/83505"}],"wp:attachment":[{"href":"https:\/\/aral2.cetrexmarketing.com\/ca\/wp-json\/wp\/v2\/media?parent=83508"}],"wp:term":[{"taxonomy":"pwb-brand","embeddable":true,"href":"https:\/\/aral2.cetrexmarketing.com\/ca\/wp-json\/wp\/v2\/pwb-brand?post=83508"},{"taxonomy":"product_brand","embeddable":true,"href":"https:\/\/aral2.cetrexmarketing.com\/ca\/wp-json\/wp\/v2\/product_brand?post=83508"},{"taxonomy":"product_cat","embeddable":true,"href":"https:\/\/aral2.cetrexmarketing.com\/ca\/wp-json\/wp\/v2\/product_cat?post=83508"},{"taxonomy":"product_tag","embeddable":true,"href":"https:\/\/aral2.cetrexmarketing.com\/ca\/wp-json\/wp\/v2\/product_tag?post=83508"}],"curies":[{"name":"wp","href":"https:\/\/api.w.org\/{rel}","templated":true}]}}