{"id":83484,"date":"2025-05-24T08:31:39","date_gmt":"2025-05-24T08:31:39","guid":{"rendered":"https:\/\/aral2.cetrexmarketing.com\/producto\/vi-de-vila-porrera-negre\/"},"modified":"2025-05-24T08:31:40","modified_gmt":"2025-05-24T08:31:40","slug":"vi-de-vila-porrera-negre","status":"publish","type":"product","link":"https:\/\/aral2.cetrexmarketing.com\/ca\/producto\/vi-de-vila-porrera-negre\/","title":{"rendered":"Vi de Vila Porrera Negre"},"content":{"rendered":"<p class=\"\" data-start=\"1490\" data-end=\"1799\"><strong data-start=\"1490\" data-end=\"1518\">Vi de Vila Porrera Negre<\/strong><br data-start=\"1518\" data-end=\"1521\" \/><strong data-start=\"1521\" data-end=\"1532\">Catal\u00e0:<\/strong><br data-start=\"1532\" data-end=\"1535\" \/><strong data-start=\"1535\" data-end=\"1563\">Vi de Vila Porrera Negre<\/strong> \u00e9s un vi negre de la Denominaci\u00f3 d&#8217;Origen Qualificada Priorat, elaborat pel celler Cims de Porrera. Aquest vi reflecteix fidelment el car\u00e0cter del terrer de Porrera, combinant la pot\u00e8ncia de la Carinyena amb l&#8217;eleg\u00e0ncia de la Garnatxa.<\/p>\n<p class=\"\" data-start=\"1801\" data-end=\"1835\"><strong data-start=\"1801\" data-end=\"1835\">Caracter\u00edstiques del producte:<\/strong><\/p>\n<ul data-start=\"1836\" data-end=\"2067\">\n<li class=\"\" data-start=\"1836\" data-end=\"1884\">\n<p class=\"\" data-start=\"1838\" data-end=\"1884\"><strong data-start=\"1838\" data-end=\"1849\">Origen:<\/strong> D.O.Q. Priorat, Catalunya, Espanya<\/p>\n<\/li>\n<li class=\"\" data-start=\"1885\" data-end=\"1937\">\n<p class=\"\" data-start=\"1887\" data-end=\"1937\"><strong data-start=\"1887\" data-end=\"1909\">Varietats de ra\u00efm:<\/strong> 70% Carinyena, 30% Garnatxa<\/p>\n<\/li>\n<li class=\"\" data-start=\"1938\" data-end=\"1987\">\n<p class=\"\" data-start=\"1940\" data-end=\"1987\"><strong data-start=\"1940\" data-end=\"1952\">Crian\u00e7a:<\/strong> 12 mesos en b\u00f3tes de roure franc\u00e8s<\/p>\n<\/li>\n<li class=\"\" data-start=\"1988\" data-end=\"2018\">\n<p class=\"\" data-start=\"1990\" data-end=\"2018\"><strong data-start=\"1990\" data-end=\"2009\">Grau alcoh\u00f2lic:<\/strong> 15% vol.<\/p>\n<\/li>\n<li class=\"\" data-start=\"2019\" data-end=\"2067\">\n<p class=\"\" data-start=\"2021\" data-end=\"2067\"><strong data-start=\"2021\" data-end=\"2058\">Temperatura de servei recomanada:<\/strong> 16\u201318\u202f\u00b0C<\/p>\n<\/li>\n<\/ul>\n<p class=\"\" data-start=\"2069\" data-end=\"2087\"><strong data-start=\"2069\" data-end=\"2087\">Notes de tast:<\/strong><\/p>\n<ul data-start=\"2088\" data-end=\"2425\">\n<li class=\"\" data-start=\"2088\" data-end=\"2158\">\n<p class=\"\" data-start=\"2090\" data-end=\"2158\"><strong data-start=\"2090\" data-end=\"2100\">Vista:<\/strong> Color vermell cirera intens amb rivet granat i capa alta.<\/p>\n<\/li>\n<li class=\"\" data-start=\"2159\" data-end=\"2283\">\n<p class=\"\" data-start=\"2161\" data-end=\"2283\"><strong data-start=\"2161\" data-end=\"2169\">Nas:<\/strong> Aromes de fruites negres madures, regal\u00e8ssia, baies silvestres, notes herb\u00e0cies, pebre en gra i records minerals.<\/p>\n<\/li>\n<li class=\"\" data-start=\"2284\" data-end=\"2425\">\n<p class=\"\" data-start=\"2286\" data-end=\"2425\"><strong data-start=\"2286\" data-end=\"2295\">Boca:<\/strong> Potent, concentrat i suculent, amb tanins polits, bona acidesa i sensacions amables en boca. Final llarg i lleugerament especiat.<\/p>\n<\/li>\n<\/ul>\n<p class=\"\" data-start=\"2427\" data-end=\"2608\"><strong data-start=\"2427\" data-end=\"2451\">Maridatge recomanat:<\/strong> Ideal per acompanyar estofats, embotits, filet al pebre, carns estofades amb bolets, canelons, arrossos amb t\u00f2fona, cua de bou, vedella amb bolets i c\u00e9rvol.<\/p>\n<p class=\"\" data-start=\"2610\" data-end=\"2903\"><strong data-start=\"2610\" data-end=\"2624\">Conclusi\u00f3:<\/strong> Vi de Vila Porrera Negre \u00e9s un vi que expressa amb autenticitat el car\u00e0cter del Priorat, oferint una experi\u00e8ncia sensorial rica i equilibrada. La seva estructura i complexitat el converteixen en una excel\u00b7lent opci\u00f3 per a aquells que cerquen vins amb personalitat i profunditat.<\/p>\n","protected":false},"excerpt":{"rendered":"<p>Vi de Vila Porrera NegreCatal\u00e0:Vi de Vila Porrera Negre \u00e9s un vi negre de la Denominaci\u00f3 d&#8217;Origen Qualificada Priorat, elaborat pel celler Cims de Porrera. Aquest vi reflecteix fidelment el car\u00e0cter del terrer de Porrera, combinant la pot\u00e8ncia de la Carinyena amb l&#8217;eleg\u00e0ncia de la Garnatxa. Caracter\u00edstiques del producte: Origen: D.O.Q. Priorat, Catalunya, Espanya Varietats&hellip;<\/p>\n","protected":false},"featured_media":83481,"comment_status":"closed","ping_status":"closed","template":"","meta":{"_acf_changed":false},"pwb-brand":[32901],"product_brand":[],"product_cat":[51670,51671],"product_tag":[14999,14996],"class_list":{"0":"post-83484","1":"product","2":"type-product","3":"status-publish","4":"has-post-thumbnail","6":"pwb-brand-priorat-d-o","7":"product_cat-vi","8":"product_cat-vi-negre","9":"product_tag-doq-priorat-ca","10":"product_tag-priorat-ca","11":"pa_anada-36211","12":"pa_bodega-cimsdeporrera","13":"pa_do-priorat-d-o-q-ca","14":"pa_formatoenl-36158","15":"pa_formatoenml-38306","16":"pa_graduacion-15_0","17":"pa_pais-espanya-ca","18":"pa_pesoengramos-38337","19":"pa_pesoenkg-125-ca","20":"pa_pueblociudad-porreratarragona","21":"pa_region-cataluna","22":"pa_variedades-carinnena_garnachatinta-ca","23":"entry","24":"has-media","26":"first","27":"instock","28":"taxable","29":"shipping-taxable","30":"purchasable","31":"product-type-simple"},"acf":[],"yoast_head":"<!-- This site is optimized with the Yoast SEO Premium plugin v23.1 (Yoast SEO v23.5) - https:\/\/yoast.com\/wordpress\/plugins\/seo\/ -->\n<title>Vi de la Vila de Porrera Negre<\/title>\n<meta name=\"description\" content=\"Comprar online al millor preu vins negres de la DOQ Priorat. Cims de Porrera. 75cl\" \/>\n<meta name=\"robots\" content=\"noindex, follow, max-snippet:-1, max-image-preview:large, max-video-preview:-1\" \/>\n<meta property=\"og:locale\" content=\"ca_ES\" \/>\n<meta property=\"og:type\" content=\"article\" \/>\n<meta property=\"og:title\" content=\"Vi de Vila Porrera Negre\" \/>\n<meta property=\"og:description\" content=\"Comprar online al millor preu vins negres de la DOQ Priorat. Cims de Porrera. 75cl\" \/>\n<meta property=\"og:url\" content=\"https:\/\/aral2.cetrexmarketing.com\/ca\/producto\/vi-de-vila-porrera-negre\/\" \/>\n<meta property=\"og:site_name\" content=\"M\u00f3n La Cata\" \/>\n<meta property=\"article:modified_time\" content=\"2025-05-24T08:31:40+00:00\" \/>\n<meta property=\"og:image\" content=\"https:\/\/aral2.cetrexmarketing.com\/wp-content\/uploads\/2025\/05\/vi-de-vila-porrera-tinto.jpg-2.png\" \/>\n\t<meta property=\"og:image:width\" content=\"765\" \/>\n\t<meta property=\"og:image:height\" content=\"1024\" \/>\n\t<meta property=\"og:image:type\" content=\"image\/png\" \/>\n<meta name=\"twitter:card\" content=\"summary_large_image\" \/>\n<meta name=\"twitter:label1\" content=\"Temps estimat de lectura\" \/>\n\t<meta name=\"twitter:data1\" content=\"2 minuts\" \/>\n<script type=\"application\/ld+json\" class=\"yoast-schema-graph\">{\"@context\":\"https:\/\/schema.org\",\"@graph\":[{\"@type\":\"WebPage\",\"@id\":\"https:\/\/aral2.cetrexmarketing.com\/ca\/producto\/vi-de-vila-porrera-negre\/\",\"url\":\"https:\/\/aral2.cetrexmarketing.com\/ca\/producto\/vi-de-vila-porrera-negre\/\",\"name\":\"Vi de la Vila de Porrera Negre\",\"isPartOf\":{\"@id\":\"https:\/\/aral2.cetrexmarketing.com\/#website\"},\"primaryImageOfPage\":{\"@id\":\"https:\/\/aral2.cetrexmarketing.com\/ca\/producto\/vi-de-vila-porrera-negre\/#primaryimage\"},\"image\":{\"@id\":\"https:\/\/aral2.cetrexmarketing.com\/ca\/producto\/vi-de-vila-porrera-negre\/#primaryimage\"},\"thumbnailUrl\":\"https:\/\/aral2.cetrexmarketing.com\/wp-content\/uploads\/2025\/05\/vi-de-vila-porrera-tinto.jpg-2.png\",\"datePublished\":\"2025-05-24T08:31:39+00:00\",\"dateModified\":\"2025-05-24T08:31:40+00:00\",\"description\":\"Comprar online al millor preu vins negres de la DOQ Priorat. Cims de Porrera. 75cl\",\"breadcrumb\":{\"@id\":\"https:\/\/aral2.cetrexmarketing.com\/ca\/producto\/vi-de-vila-porrera-negre\/#breadcrumb\"},\"inLanguage\":\"ca\",\"potentialAction\":[{\"@type\":\"ReadAction\",\"target\":[\"https:\/\/aral2.cetrexmarketing.com\/ca\/producto\/vi-de-vila-porrera-negre\/\"]}]},{\"@type\":\"ImageObject\",\"inLanguage\":\"ca\",\"@id\":\"https:\/\/aral2.cetrexmarketing.com\/ca\/producto\/vi-de-vila-porrera-negre\/#primaryimage\",\"url\":\"https:\/\/aral2.cetrexmarketing.com\/wp-content\/uploads\/2025\/05\/vi-de-vila-porrera-tinto.jpg-2.png\",\"contentUrl\":\"https:\/\/aral2.cetrexmarketing.com\/wp-content\/uploads\/2025\/05\/vi-de-vila-porrera-tinto.jpg-2.png\",\"width\":765,\"height\":1024},{\"@type\":\"BreadcrumbList\",\"@id\":\"https:\/\/aral2.cetrexmarketing.com\/ca\/producto\/vi-de-vila-porrera-negre\/#breadcrumb\",\"itemListElement\":[{\"@type\":\"ListItem\",\"position\":1,\"name\":\"Home\",\"item\":\"https:\/\/aral2.cetrexmarketing.com\/ca\/\"},{\"@type\":\"ListItem\",\"position\":2,\"name\":\"Tienda\",\"item\":\"https:\/\/aral2.cetrexmarketing.com\/ca\/tienda-2\/\"},{\"@type\":\"ListItem\",\"position\":3,\"name\":\"Vi\",\"item\":\"https:\/\/aral2.cetrexmarketing.com\/categoria-producto\/vi\/\"},{\"@type\":\"ListItem\",\"position\":4,\"name\":\"Vi Negre\",\"item\":\"https:\/\/aral2.cetrexmarketing.com\/categoria-producto\/vi\/vi-negre\/\"},{\"@type\":\"ListItem\",\"position\":5,\"name\":\"Vi de Vila Porrera Negre\"}]},{\"@type\":\"WebSite\",\"@id\":\"https:\/\/aral2.cetrexmarketing.com\/#website\",\"url\":\"https:\/\/aral2.cetrexmarketing.com\/\",\"name\":\"M\u00f3n La Cata\",\"description\":\"Tienda de vinos, licores, cervezas y gourmet\",\"publisher\":{\"@id\":\"https:\/\/aral2.cetrexmarketing.com\/#organization\"},\"potentialAction\":[{\"@type\":\"SearchAction\",\"target\":{\"@type\":\"EntryPoint\",\"urlTemplate\":\"https:\/\/aral2.cetrexmarketing.com\/?s={search_term_string}\"},\"query-input\":{\"@type\":\"PropertyValueSpecification\",\"valueRequired\":true,\"valueName\":\"search_term_string\"}}],\"inLanguage\":\"ca\"},{\"@type\":\"Organization\",\"@id\":\"https:\/\/aral2.cetrexmarketing.com\/#organization\",\"name\":\"M\u00f3n La Cata\",\"url\":\"https:\/\/aral2.cetrexmarketing.com\/\",\"logo\":{\"@type\":\"ImageObject\",\"inLanguage\":\"ca\",\"@id\":\"https:\/\/aral2.cetrexmarketing.com\/#\/schema\/logo\/image\/\",\"url\":\"https:\/\/aral2.cetrexmarketing.com\/wp-content\/uploads\/2024\/10\/aral-logo-neg-1024x409-1.png\",\"contentUrl\":\"https:\/\/aral2.cetrexmarketing.com\/wp-content\/uploads\/2024\/10\/aral-logo-neg-1024x409-1.png\",\"width\":1024,\"height\":409,\"caption\":\"M\u00f3n La Cata\"},\"image\":{\"@id\":\"https:\/\/aral2.cetrexmarketing.com\/#\/schema\/logo\/image\/\"}}]}<\/script>\n<!-- \/ Yoast SEO Premium plugin. -->","yoast_head_json":{"title":"Vi de la Vila de Porrera Negre","description":"Comprar online al millor preu vins negres de la DOQ Priorat. Cims de Porrera. 75cl","robots":{"index":"noindex","follow":"follow","max-snippet":"max-snippet:-1","max-image-preview":"max-image-preview:large","max-video-preview":"max-video-preview:-1"},"og_locale":"ca_ES","og_type":"article","og_title":"Vi de Vila Porrera Negre","og_description":"Comprar online al millor preu vins negres de la DOQ Priorat. Cims de Porrera. 75cl","og_url":"https:\/\/aral2.cetrexmarketing.com\/ca\/producto\/vi-de-vila-porrera-negre\/","og_site_name":"M\u00f3n La Cata","article_modified_time":"2025-05-24T08:31:40+00:00","og_image":[{"width":765,"height":1024,"url":"https:\/\/aral2.cetrexmarketing.com\/wp-content\/uploads\/2025\/05\/vi-de-vila-porrera-tinto.jpg-2.png","type":"image\/png"}],"twitter_card":"summary_large_image","twitter_misc":{"Temps estimat de lectura":"2 minuts"},"schema":{"@context":"https:\/\/schema.org","@graph":[{"@type":"WebPage","@id":"https:\/\/aral2.cetrexmarketing.com\/ca\/producto\/vi-de-vila-porrera-negre\/","url":"https:\/\/aral2.cetrexmarketing.com\/ca\/producto\/vi-de-vila-porrera-negre\/","name":"Vi de la Vila de Porrera Negre","isPartOf":{"@id":"https:\/\/aral2.cetrexmarketing.com\/#website"},"primaryImageOfPage":{"@id":"https:\/\/aral2.cetrexmarketing.com\/ca\/producto\/vi-de-vila-porrera-negre\/#primaryimage"},"image":{"@id":"https:\/\/aral2.cetrexmarketing.com\/ca\/producto\/vi-de-vila-porrera-negre\/#primaryimage"},"thumbnailUrl":"https:\/\/aral2.cetrexmarketing.com\/wp-content\/uploads\/2025\/05\/vi-de-vila-porrera-tinto.jpg-2.png","datePublished":"2025-05-24T08:31:39+00:00","dateModified":"2025-05-24T08:31:40+00:00","description":"Comprar online al millor preu vins negres de la DOQ Priorat. Cims de Porrera. 75cl","breadcrumb":{"@id":"https:\/\/aral2.cetrexmarketing.com\/ca\/producto\/vi-de-vila-porrera-negre\/#breadcrumb"},"inLanguage":"ca","potentialAction":[{"@type":"ReadAction","target":["https:\/\/aral2.cetrexmarketing.com\/ca\/producto\/vi-de-vila-porrera-negre\/"]}]},{"@type":"ImageObject","inLanguage":"ca","@id":"https:\/\/aral2.cetrexmarketing.com\/ca\/producto\/vi-de-vila-porrera-negre\/#primaryimage","url":"https:\/\/aral2.cetrexmarketing.com\/wp-content\/uploads\/2025\/05\/vi-de-vila-porrera-tinto.jpg-2.png","contentUrl":"https:\/\/aral2.cetrexmarketing.com\/wp-content\/uploads\/2025\/05\/vi-de-vila-porrera-tinto.jpg-2.png","width":765,"height":1024},{"@type":"BreadcrumbList","@id":"https:\/\/aral2.cetrexmarketing.com\/ca\/producto\/vi-de-vila-porrera-negre\/#breadcrumb","itemListElement":[{"@type":"ListItem","position":1,"name":"Home","item":"https:\/\/aral2.cetrexmarketing.com\/ca\/"},{"@type":"ListItem","position":2,"name":"Tienda","item":"https:\/\/aral2.cetrexmarketing.com\/ca\/tienda-2\/"},{"@type":"ListItem","position":3,"name":"Vi","item":"https:\/\/aral2.cetrexmarketing.com\/categoria-producto\/vi\/"},{"@type":"ListItem","position":4,"name":"Vi Negre","item":"https:\/\/aral2.cetrexmarketing.com\/categoria-producto\/vi\/vi-negre\/"},{"@type":"ListItem","position":5,"name":"Vi de Vila Porrera Negre"}]},{"@type":"WebSite","@id":"https:\/\/aral2.cetrexmarketing.com\/#website","url":"https:\/\/aral2.cetrexmarketing.com\/","name":"M\u00f3n La Cata","description":"Tienda de vinos, licores, cervezas y gourmet","publisher":{"@id":"https:\/\/aral2.cetrexmarketing.com\/#organization"},"potentialAction":[{"@type":"SearchAction","target":{"@type":"EntryPoint","urlTemplate":"https:\/\/aral2.cetrexmarketing.com\/?s={search_term_string}"},"query-input":{"@type":"PropertyValueSpecification","valueRequired":true,"valueName":"search_term_string"}}],"inLanguage":"ca"},{"@type":"Organization","@id":"https:\/\/aral2.cetrexmarketing.com\/#organization","name":"M\u00f3n La Cata","url":"https:\/\/aral2.cetrexmarketing.com\/","logo":{"@type":"ImageObject","inLanguage":"ca","@id":"https:\/\/aral2.cetrexmarketing.com\/#\/schema\/logo\/image\/","url":"https:\/\/aral2.cetrexmarketing.com\/wp-content\/uploads\/2024\/10\/aral-logo-neg-1024x409-1.png","contentUrl":"https:\/\/aral2.cetrexmarketing.com\/wp-content\/uploads\/2024\/10\/aral-logo-neg-1024x409-1.png","width":1024,"height":409,"caption":"M\u00f3n La Cata"},"image":{"@id":"https:\/\/aral2.cetrexmarketing.com\/#\/schema\/logo\/image\/"}}]}},"brands":[{"id":32901,"name":"Priorat D.O.","slug":"priorat-d-o"}],"_links":{"self":[{"href":"https:\/\/aral2.cetrexmarketing.com\/ca\/wp-json\/wp\/v2\/product\/83484","targetHints":{"allow":["GET"]}}],"collection":[{"href":"https:\/\/aral2.cetrexmarketing.com\/ca\/wp-json\/wp\/v2\/product"}],"about":[{"href":"https:\/\/aral2.cetrexmarketing.com\/ca\/wp-json\/wp\/v2\/types\/product"}],"replies":[{"embeddable":true,"href":"https:\/\/aral2.cetrexmarketing.com\/ca\/wp-json\/wp\/v2\/comments?post=83484"}],"wp:featuredmedia":[{"embeddable":true,"href":"https:\/\/aral2.cetrexmarketing.com\/ca\/wp-json\/wp\/v2\/media\/83481"}],"wp:attachment":[{"href":"https:\/\/aral2.cetrexmarketing.com\/ca\/wp-json\/wp\/v2\/media?parent=83484"}],"wp:term":[{"taxonomy":"pwb-brand","embeddable":true,"href":"https:\/\/aral2.cetrexmarketing.com\/ca\/wp-json\/wp\/v2\/pwb-brand?post=83484"},{"taxonomy":"product_brand","embeddable":true,"href":"https:\/\/aral2.cetrexmarketing.com\/ca\/wp-json\/wp\/v2\/product_brand?post=83484"},{"taxonomy":"product_cat","embeddable":true,"href":"https:\/\/aral2.cetrexmarketing.com\/ca\/wp-json\/wp\/v2\/product_cat?post=83484"},{"taxonomy":"product_tag","embeddable":true,"href":"https:\/\/aral2.cetrexmarketing.com\/ca\/wp-json\/wp\/v2\/product_tag?post=83484"}],"curies":[{"name":"wp","href":"https:\/\/api.w.org\/{rel}","templated":true}]}}