{"id":83320,"date":"2025-05-24T08:28:30","date_gmt":"2025-05-24T08:28:30","guid":{"rendered":"https:\/\/aral2.cetrexmarketing.com\/producto\/perelada-nomes-garnatxa-blanca-2\/"},"modified":"2025-05-24T08:28:31","modified_gmt":"2025-05-24T08:28:31","slug":"perelada-nomes-garnatxa-blanca-2","status":"publish","type":"product","link":"https:\/\/aral2.cetrexmarketing.com\/ca\/producto\/perelada-nomes-garnatxa-blanca-2\/","title":{"rendered":"Perelada Nom\u00e9s Garnatxa Blanca"},"content":{"rendered":"<p>La Garnacha blanca \u00e9s una de les varietats natives m\u00e9s implantades a L\u2019EMPORD\u00c0.<br \/>\n ncon Grapes of Vineyes entre cinquanta i seixanta anys d&#8217;edat, nascut d&#8217;una terra pedregosa amb can\u00e7ons corporals, preparen aquests complexos monovarietals i una personalitat tremenda.<br \/>\n n<br \/>\n ncon tot el personatge de la Garnacha blanca empordana, c\u00edtrics, fresc i amb un cert volum a la boca.<\/p>\n","protected":false},"excerpt":{"rendered":"<p class=\"tw-data-text tw-text-large XcVN5d tw-ta\" id=\"tw-target-text\" dir=\"ltr\"><span class=\"Y2IQFc\" lang=\"ca\" xml:lang=\"ca\">La Garnatxa Blanca \u00e9s una de les varietats aut\u00f2ctones m\u00e9s implantades a l&#8217;Empord\u00e0. Amb ra\u00efms de vinyes d&#8217;entre cinquanta i seixanta anys d&#8217;edat, nascuts d&#8217;un terreny pedreg\u00f3s amb c\u00f2dols, elaboren aquests monovarietals complexos i de tremenda personalitat.<\/span><\/p>\n<p class=\"tw-data-text tw-text-large XcVN5d tw-ta\" dir=\"ltr\"><span class=\"Y2IQFc\" lang=\"ca\" xml:lang=\"ca\">Amb tot el car\u00e0cter de la Garnatxa Blanca empordanesa, c\u00edtrica, fresca i amb cert volum en boca.<\/span><\/p>\n","protected":false},"featured_media":83317,"comment_status":"closed","ping_status":"closed","template":"","meta":{"_acf_changed":false},"pwb-brand":[32879],"product_brand":[],"product_cat":[51670,51672],"product_tag":[14938,14937,16108],"class_list":{"0":"post-83320","1":"product","2":"type-product","3":"status-publish","4":"has-post-thumbnail","6":"pwb-brand-emporda-d-o","7":"product_cat-vi","8":"product_cat-vi-blanc","9":"product_tag-do-emporda-ca","10":"product_tag-emporda-ca","11":"product_tag-perelada-nomes-ca","12":"pa_anada-36214","13":"pa_bodega-cavasdelcastillodeperelada","14":"pa_do-emporda-d-o-ca","15":"pa_envejecimiento-jove","16":"pa_formatoenl-36158","17":"pa_formatoenml-38306","18":"pa_fresco-blanc-fresc","19":"pa_gastronomico-blanc-gastronomic","20":"pa_graduacion-13_5","21":"pa_maridaje-carn-blanca","22":"pa_maridaje-formatge-cremos","23":"pa_maridaje-marisc","24":"pa_maridaje-midons","25":"pa_maridaje-peix","26":"pa_pais-espanya-ca","27":"pa_pesoengramos-38337","28":"pa_pesoenkg-125-ca","29":"pa_region-cataluna","30":"pa_tipodevino-vi-tranquil","31":"pa_variedad-principal-garnatxa-blanca","32":"entry","33":"has-media","35":"first","36":"instock","37":"taxable","38":"shipping-taxable","39":"purchasable","40":"product-type-simple"},"acf":[],"yoast_head":"<!-- This site is optimized with the Yoast SEO Premium plugin v23.1 (Yoast SEO v23.5) - https:\/\/yoast.com\/wordpress\/plugins\/seo\/ -->\n<title>nomes garnatxa blanca Perelada vi blanc<\/title>\n<meta name=\"description\" content=\"Comprar online al millor preu productes de la DO Empord\u00e0 del celler Perelada.\" \/>\n<meta name=\"robots\" content=\"noindex, follow, max-snippet:-1, max-image-preview:large, max-video-preview:-1\" \/>\n<meta property=\"og:locale\" content=\"ca_ES\" \/>\n<meta property=\"og:type\" content=\"article\" \/>\n<meta property=\"og:title\" content=\"Perelada Nom\u00e9s Garnatxa Blanca\" \/>\n<meta property=\"og:description\" content=\"Comprar online al millor preu productes de la DO Empord\u00e0 del celler Perelada.\" \/>\n<meta property=\"og:url\" content=\"https:\/\/aral2.cetrexmarketing.com\/ca\/producto\/perelada-nomes-garnatxa-blanca-2\/\" \/>\n<meta property=\"og:site_name\" content=\"M\u00f3n La Cata\" \/>\n<meta property=\"article:modified_time\" content=\"2025-05-24T08:28:31+00:00\" \/>\n<meta property=\"og:image\" content=\"https:\/\/aral2.cetrexmarketing.com\/wp-content\/uploads\/2025\/05\/Perelada-Nomes-Garnatxa-Blanca.jpg-1.png\" \/>\n\t<meta property=\"og:image:width\" content=\"765\" \/>\n\t<meta property=\"og:image:height\" content=\"1024\" \/>\n\t<meta property=\"og:image:type\" content=\"image\/png\" \/>\n<meta name=\"twitter:card\" content=\"summary_large_image\" \/>\n<script type=\"application\/ld+json\" class=\"yoast-schema-graph\">{\"@context\":\"https:\/\/schema.org\",\"@graph\":[{\"@type\":\"WebPage\",\"@id\":\"https:\/\/aral2.cetrexmarketing.com\/ca\/producto\/perelada-nomes-garnatxa-blanca-2\/\",\"url\":\"https:\/\/aral2.cetrexmarketing.com\/ca\/producto\/perelada-nomes-garnatxa-blanca-2\/\",\"name\":\"nomes garnatxa blanca Perelada vi blanc\",\"isPartOf\":{\"@id\":\"https:\/\/aral2.cetrexmarketing.com\/#website\"},\"primaryImageOfPage\":{\"@id\":\"https:\/\/aral2.cetrexmarketing.com\/ca\/producto\/perelada-nomes-garnatxa-blanca-2\/#primaryimage\"},\"image\":{\"@id\":\"https:\/\/aral2.cetrexmarketing.com\/ca\/producto\/perelada-nomes-garnatxa-blanca-2\/#primaryimage\"},\"thumbnailUrl\":\"https:\/\/aral2.cetrexmarketing.com\/wp-content\/uploads\/2025\/05\/Perelada-Nomes-Garnatxa-Blanca.jpg-1.png\",\"datePublished\":\"2025-05-24T08:28:30+00:00\",\"dateModified\":\"2025-05-24T08:28:31+00:00\",\"description\":\"Comprar online al millor preu productes de la DO Empord\u00e0 del celler Perelada.\",\"breadcrumb\":{\"@id\":\"https:\/\/aral2.cetrexmarketing.com\/ca\/producto\/perelada-nomes-garnatxa-blanca-2\/#breadcrumb\"},\"inLanguage\":\"ca\",\"potentialAction\":[{\"@type\":\"ReadAction\",\"target\":[\"https:\/\/aral2.cetrexmarketing.com\/ca\/producto\/perelada-nomes-garnatxa-blanca-2\/\"]}]},{\"@type\":\"ImageObject\",\"inLanguage\":\"ca\",\"@id\":\"https:\/\/aral2.cetrexmarketing.com\/ca\/producto\/perelada-nomes-garnatxa-blanca-2\/#primaryimage\",\"url\":\"https:\/\/aral2.cetrexmarketing.com\/wp-content\/uploads\/2025\/05\/Perelada-Nomes-Garnatxa-Blanca.jpg-1.png\",\"contentUrl\":\"https:\/\/aral2.cetrexmarketing.com\/wp-content\/uploads\/2025\/05\/Perelada-Nomes-Garnatxa-Blanca.jpg-1.png\",\"width\":765,\"height\":1024},{\"@type\":\"BreadcrumbList\",\"@id\":\"https:\/\/aral2.cetrexmarketing.com\/ca\/producto\/perelada-nomes-garnatxa-blanca-2\/#breadcrumb\",\"itemListElement\":[{\"@type\":\"ListItem\",\"position\":1,\"name\":\"Home\",\"item\":\"https:\/\/aral2.cetrexmarketing.com\/ca\/\"},{\"@type\":\"ListItem\",\"position\":2,\"name\":\"Tienda\",\"item\":\"https:\/\/aral2.cetrexmarketing.com\/ca\/tienda-2\/\"},{\"@type\":\"ListItem\",\"position\":3,\"name\":\"Vi\",\"item\":\"https:\/\/aral2.cetrexmarketing.com\/categoria-producto\/vi\/\"},{\"@type\":\"ListItem\",\"position\":4,\"name\":\"Vi Blanc\",\"item\":\"https:\/\/aral2.cetrexmarketing.com\/categoria-producto\/vi\/vi-blanc\/\"},{\"@type\":\"ListItem\",\"position\":5,\"name\":\"Perelada Nom\u00e9s Garnatxa Blanca\"}]},{\"@type\":\"WebSite\",\"@id\":\"https:\/\/aral2.cetrexmarketing.com\/#website\",\"url\":\"https:\/\/aral2.cetrexmarketing.com\/\",\"name\":\"M\u00f3n La Cata\",\"description\":\"Tienda de vinos, licores, cervezas y gourmet\",\"publisher\":{\"@id\":\"https:\/\/aral2.cetrexmarketing.com\/#organization\"},\"potentialAction\":[{\"@type\":\"SearchAction\",\"target\":{\"@type\":\"EntryPoint\",\"urlTemplate\":\"https:\/\/aral2.cetrexmarketing.com\/?s={search_term_string}\"},\"query-input\":{\"@type\":\"PropertyValueSpecification\",\"valueRequired\":true,\"valueName\":\"search_term_string\"}}],\"inLanguage\":\"ca\"},{\"@type\":\"Organization\",\"@id\":\"https:\/\/aral2.cetrexmarketing.com\/#organization\",\"name\":\"M\u00f3n La Cata\",\"url\":\"https:\/\/aral2.cetrexmarketing.com\/\",\"logo\":{\"@type\":\"ImageObject\",\"inLanguage\":\"ca\",\"@id\":\"https:\/\/aral2.cetrexmarketing.com\/#\/schema\/logo\/image\/\",\"url\":\"https:\/\/aral2.cetrexmarketing.com\/wp-content\/uploads\/2024\/10\/aral-logo-neg-1024x409-1.png\",\"contentUrl\":\"https:\/\/aral2.cetrexmarketing.com\/wp-content\/uploads\/2024\/10\/aral-logo-neg-1024x409-1.png\",\"width\":1024,\"height\":409,\"caption\":\"M\u00f3n La Cata\"},\"image\":{\"@id\":\"https:\/\/aral2.cetrexmarketing.com\/#\/schema\/logo\/image\/\"}}]}<\/script>\n<!-- \/ Yoast SEO Premium plugin. -->","yoast_head_json":{"title":"nomes garnatxa blanca Perelada vi blanc","description":"Comprar online al millor preu productes de la DO Empord\u00e0 del celler Perelada.","robots":{"index":"noindex","follow":"follow","max-snippet":"max-snippet:-1","max-image-preview":"max-image-preview:large","max-video-preview":"max-video-preview:-1"},"og_locale":"ca_ES","og_type":"article","og_title":"Perelada Nom\u00e9s Garnatxa Blanca","og_description":"Comprar online al millor preu productes de la DO Empord\u00e0 del celler Perelada.","og_url":"https:\/\/aral2.cetrexmarketing.com\/ca\/producto\/perelada-nomes-garnatxa-blanca-2\/","og_site_name":"M\u00f3n La Cata","article_modified_time":"2025-05-24T08:28:31+00:00","og_image":[{"width":765,"height":1024,"url":"https:\/\/aral2.cetrexmarketing.com\/wp-content\/uploads\/2025\/05\/Perelada-Nomes-Garnatxa-Blanca.jpg-1.png","type":"image\/png"}],"twitter_card":"summary_large_image","schema":{"@context":"https:\/\/schema.org","@graph":[{"@type":"WebPage","@id":"https:\/\/aral2.cetrexmarketing.com\/ca\/producto\/perelada-nomes-garnatxa-blanca-2\/","url":"https:\/\/aral2.cetrexmarketing.com\/ca\/producto\/perelada-nomes-garnatxa-blanca-2\/","name":"nomes garnatxa blanca Perelada vi blanc","isPartOf":{"@id":"https:\/\/aral2.cetrexmarketing.com\/#website"},"primaryImageOfPage":{"@id":"https:\/\/aral2.cetrexmarketing.com\/ca\/producto\/perelada-nomes-garnatxa-blanca-2\/#primaryimage"},"image":{"@id":"https:\/\/aral2.cetrexmarketing.com\/ca\/producto\/perelada-nomes-garnatxa-blanca-2\/#primaryimage"},"thumbnailUrl":"https:\/\/aral2.cetrexmarketing.com\/wp-content\/uploads\/2025\/05\/Perelada-Nomes-Garnatxa-Blanca.jpg-1.png","datePublished":"2025-05-24T08:28:30+00:00","dateModified":"2025-05-24T08:28:31+00:00","description":"Comprar online al millor preu productes de la DO Empord\u00e0 del celler Perelada.","breadcrumb":{"@id":"https:\/\/aral2.cetrexmarketing.com\/ca\/producto\/perelada-nomes-garnatxa-blanca-2\/#breadcrumb"},"inLanguage":"ca","potentialAction":[{"@type":"ReadAction","target":["https:\/\/aral2.cetrexmarketing.com\/ca\/producto\/perelada-nomes-garnatxa-blanca-2\/"]}]},{"@type":"ImageObject","inLanguage":"ca","@id":"https:\/\/aral2.cetrexmarketing.com\/ca\/producto\/perelada-nomes-garnatxa-blanca-2\/#primaryimage","url":"https:\/\/aral2.cetrexmarketing.com\/wp-content\/uploads\/2025\/05\/Perelada-Nomes-Garnatxa-Blanca.jpg-1.png","contentUrl":"https:\/\/aral2.cetrexmarketing.com\/wp-content\/uploads\/2025\/05\/Perelada-Nomes-Garnatxa-Blanca.jpg-1.png","width":765,"height":1024},{"@type":"BreadcrumbList","@id":"https:\/\/aral2.cetrexmarketing.com\/ca\/producto\/perelada-nomes-garnatxa-blanca-2\/#breadcrumb","itemListElement":[{"@type":"ListItem","position":1,"name":"Home","item":"https:\/\/aral2.cetrexmarketing.com\/ca\/"},{"@type":"ListItem","position":2,"name":"Tienda","item":"https:\/\/aral2.cetrexmarketing.com\/ca\/tienda-2\/"},{"@type":"ListItem","position":3,"name":"Vi","item":"https:\/\/aral2.cetrexmarketing.com\/categoria-producto\/vi\/"},{"@type":"ListItem","position":4,"name":"Vi Blanc","item":"https:\/\/aral2.cetrexmarketing.com\/categoria-producto\/vi\/vi-blanc\/"},{"@type":"ListItem","position":5,"name":"Perelada Nom\u00e9s Garnatxa Blanca"}]},{"@type":"WebSite","@id":"https:\/\/aral2.cetrexmarketing.com\/#website","url":"https:\/\/aral2.cetrexmarketing.com\/","name":"M\u00f3n La Cata","description":"Tienda de vinos, licores, cervezas y gourmet","publisher":{"@id":"https:\/\/aral2.cetrexmarketing.com\/#organization"},"potentialAction":[{"@type":"SearchAction","target":{"@type":"EntryPoint","urlTemplate":"https:\/\/aral2.cetrexmarketing.com\/?s={search_term_string}"},"query-input":{"@type":"PropertyValueSpecification","valueRequired":true,"valueName":"search_term_string"}}],"inLanguage":"ca"},{"@type":"Organization","@id":"https:\/\/aral2.cetrexmarketing.com\/#organization","name":"M\u00f3n La Cata","url":"https:\/\/aral2.cetrexmarketing.com\/","logo":{"@type":"ImageObject","inLanguage":"ca","@id":"https:\/\/aral2.cetrexmarketing.com\/#\/schema\/logo\/image\/","url":"https:\/\/aral2.cetrexmarketing.com\/wp-content\/uploads\/2024\/10\/aral-logo-neg-1024x409-1.png","contentUrl":"https:\/\/aral2.cetrexmarketing.com\/wp-content\/uploads\/2024\/10\/aral-logo-neg-1024x409-1.png","width":1024,"height":409,"caption":"M\u00f3n La Cata"},"image":{"@id":"https:\/\/aral2.cetrexmarketing.com\/#\/schema\/logo\/image\/"}}]}},"brands":[{"id":32879,"name":"Empord\u00e0 D.O.","slug":"emporda-d-o"}],"_links":{"self":[{"href":"https:\/\/aral2.cetrexmarketing.com\/ca\/wp-json\/wp\/v2\/product\/83320","targetHints":{"allow":["GET"]}}],"collection":[{"href":"https:\/\/aral2.cetrexmarketing.com\/ca\/wp-json\/wp\/v2\/product"}],"about":[{"href":"https:\/\/aral2.cetrexmarketing.com\/ca\/wp-json\/wp\/v2\/types\/product"}],"replies":[{"embeddable":true,"href":"https:\/\/aral2.cetrexmarketing.com\/ca\/wp-json\/wp\/v2\/comments?post=83320"}],"wp:featuredmedia":[{"embeddable":true,"href":"https:\/\/aral2.cetrexmarketing.com\/ca\/wp-json\/wp\/v2\/media\/83317"}],"wp:attachment":[{"href":"https:\/\/aral2.cetrexmarketing.com\/ca\/wp-json\/wp\/v2\/media?parent=83320"}],"wp:term":[{"taxonomy":"pwb-brand","embeddable":true,"href":"https:\/\/aral2.cetrexmarketing.com\/ca\/wp-json\/wp\/v2\/pwb-brand?post=83320"},{"taxonomy":"product_brand","embeddable":true,"href":"https:\/\/aral2.cetrexmarketing.com\/ca\/wp-json\/wp\/v2\/product_brand?post=83320"},{"taxonomy":"product_cat","embeddable":true,"href":"https:\/\/aral2.cetrexmarketing.com\/ca\/wp-json\/wp\/v2\/product_cat?post=83320"},{"taxonomy":"product_tag","embeddable":true,"href":"https:\/\/aral2.cetrexmarketing.com\/ca\/wp-json\/wp\/v2\/product_tag?post=83320"}],"curies":[{"name":"wp","href":"https:\/\/api.w.org\/{rel}","templated":true}]}}