{"id":83274,"date":"2025-05-24T08:27:34","date_gmt":"2025-05-24T08:27:34","guid":{"rendered":"https:\/\/aral2.cetrexmarketing.com\/producto\/bag-in-box-falset-negre-5l\/"},"modified":"2025-05-24T08:27:37","modified_gmt":"2025-05-24T08:27:37","slug":"bag-in-box-falset-negre-5l","status":"publish","type":"product","link":"https:\/\/aral2.cetrexmarketing.com\/ca\/producto\/bag-in-box-falset-negre-5l\/","title":{"rendered":"Bag in Box Falset Negre 5L"},"content":{"rendered":"<div class=\"flex-1 overflow-hidden @container\/thread\">\n<div class=\"h-full\">\n<div class=\"react-scroll-to-bottom--css-ktoyw-79elbk h-full\">\n<div class=\"react-scroll-to-bottom--css-ktoyw-1n7m0yu\">\n<div class=\"flex flex-col text-sm md:pb-9\">\n<article class=\"w-full scroll-mb-[var(--thread-trailing-height,150px)] text-token-text-primary focus-visible:outline-2 focus-visible:outline-offset-[-4px]\" dir=\"auto\" data-testid=\"conversation-turn-3\" data-scroll-anchor=\"true\">\n<div class=\"m-auto text-base py-[18px] px-3 md:px-4 w-full md:px-5 lg:px-4 xl:px-5\">\n<div class=\"mx-auto flex flex-1 gap-4 text-base md:gap-5 lg:gap-6 md:max-w-3xl lg:max-w-[40rem] xl:max-w-[48rem]\">\n<div class=\"group\/conversation-turn relative flex w-full min-w-0 flex-col agent-turn\">\n<div class=\"flex-col gap-1 md:gap-3\">\n<div class=\"flex max-w-full flex-col flex-grow\">\n<div class=\"min-h-8 text-message flex w-full flex-col items-end gap-2 whitespace-normal break-words text-start [.text-message+&amp;]:mt-5\" dir=\"auto\" data-message-author-role=\"assistant\" data-message-id=\"7ed81e4b-28aa-4836-a635-4012f49ced3b\" data-message-model-slug=\"gpt-4o-mini\">\n<div class=\"flex w-full flex-col gap-1 empty:hidden first:pt-[3px]\">\n<div class=\"markdown prose w-full break-words dark:prose-invert light\">\n<p>El producte <strong>Bag in Box Falset Negre 5L<\/strong> \u00e9s un vi negre embotellat en un sistema innovador conegut com a Bag in Box (BIB). Aquest sistema consta d&#8217;una bossa herm\u00e8tica col\u00b7locada dins d&#8217;una caixa de cartr\u00f3 resistent, la qual cosa facilita el seu transport, emmagatzematge i conservaci\u00f3. La caixa t\u00e9 una capacitat de 5 litres, la qual cosa la fa adequada tant per a la llar com per a esdeveniments socials o reunions.<\/p>\n<p><strong>Varietat<\/strong>: Vi negre, produ\u00eft a la regi\u00f3 de Falset, a la DO (Denominaci\u00f3 d&#8217;Origen) Montsant, una zona vin\u00edcola reconeguda pels seus vinyes en terrasses i s\u00f2ls de pissarra.<\/p>\n<p><strong>Presentaci\u00f3<\/strong>: El vi est\u00e0 embotellat en una bossa interna que protegeix el contingut de la llum i l&#8217;aire, la qual cosa ajuda a mantenir la frescor i qualitat del vi durant un per\u00edode prolongat un cop obert.<\/p>\n<p><strong>Capacitat<\/strong>: 5 litres, el que equival aproximadament a 6,6 ampolles de vi est\u00e0ndard, ideal per a aquells que busquen una opci\u00f3 de major volum, ja sigui per a consum diari, sopars o celebracions.<\/p>\n<p><strong>Sistema de distribuci\u00f3<\/strong>: El Bag in Box t\u00e9 un grifo f\u00e0cil d&#8217;usar, que permet servir el vi sense necessitat d&#8217;obrir la bossa, reduint el contacte amb l&#8217;aire i, per tant, mantenint el seu sabor i frescor.<\/p>\n<p><strong>Sabor<\/strong>: El vi negre Falset \u00e9s conegut per la seva intensitat i profunditat. Amb notes afruitades i especiades, t\u00e9 un perfil equilibrat entre acidesa i tanins, que s&#8217;accentuen per la maduraci\u00f3 en b\u00f3tes de roure.<\/p>\n<p><strong>Durabilitat<\/strong>: Gr\u00e0cies al sistema Bag in Box, el vi es pot conservar durant diverses setmanes, fins i tot despr\u00e9s d&#8217;obrir-lo, a difer\u00e8ncia de les ampolles tradicionals, ja que el vi no entra en contacte amb l&#8217;aire.<\/p>\n<p><strong>Enfocament ambiental<\/strong>: Aquest tipus d&#8217;embalatge \u00e9s m\u00e9s ecol\u00f2gic que les ampolles de vidre, ja que utilitza menys material, \u00e9s m\u00e9s lleuger i ocupa menys espai per al seu transport, cosa que redueix la seva empremta de carboni.<\/p>\n<p><strong>Avantatges del Bag in Box<\/strong>:<\/p>\n<p><strong>Practicitat<\/strong>: F\u00e0cil d&#8217;emmagatzemar i servir, ideal per a grans quantitats sense la necessitat de preocupar-se per obrir moltes ampolles.<\/p>\n<p><strong>Conservaci\u00f3<\/strong>: Mant\u00e9 les propietats del vi per m\u00e9s temps despr\u00e9s d&#8217;obrir-lo.<\/p>\n<p><strong>Ecol\u00f2gic<\/strong>: Menor impacte ambiental gr\u00e0cies a la reducci\u00f3 de l&#8217;\u00fas de vidre.<\/p>\n<p>En resum, el Bag in Box Falset Tinto 5L \u00e9s una opci\u00f3 pr\u00e0ctica, econ\u00f2mica i ecol\u00f2gica per aquells que desitgen gaudir d&#8217;un vi de qualitat en majors quantitats sense comprometre la frescor o el sabor.<\/p>\n<\/div>\n<\/div>\n<\/div>\n<\/div>\n<\/div>\n<\/div>\n<\/div>\n<\/div>\n<\/article>\n<\/div>\n<\/div>\n<\/div>\n<\/div>\n<\/div>\n","protected":false},"excerpt":{"rendered":"<p>El Bag in Box Falset Negre 5L \u00e9s un vi negre de la DO Montsant, presentat en un sistema innovador de bossa interna dins d&#8217;una caixa de cartr\u00f3 que facilita el transport i conservaci\u00f3. Amb una capacitat de 5 litres, ideal per a grans quantitats, aquest vi destaca per les seves notes afruitades i especiades, amb un perfil equilibrat i una maduraci\u00f3 en b\u00f3tes de roure. El sistema Bag in Box permet conservar el vi fresc durant setmanes, fins i tot despr\u00e9s d&#8217;obrir-lo, i \u00e9s m\u00e9s ecol\u00f2gic que les ampolles tradicionals. \u00c9s una opci\u00f3 pr\u00e0ctica i econ\u00f2mica per gaudir d&#8217;un vi de qualitat en quantitats m\u00e9s grans.<\/p>\n","protected":false},"featured_media":83271,"comment_status":"closed","ping_status":"closed","template":"","meta":{"_acf_changed":false},"pwb-brand":[32873],"product_brand":[],"product_cat":[51670,51671],"product_tag":[15881,15541],"class_list":{"0":"post-83274","1":"product","2":"type-product","3":"status-publish","4":"has-post-thumbnail","6":"pwb-brand-catalunya-d-o","7":"product_cat-vi","8":"product_cat-vi-negre","9":"product_tag-bag-in-box-ca","10":"product_tag-falset-ca","11":"pa_anada-36211","12":"pa_bodega-cooperativafalset_marca","13":"pa_do-catalunado-ca","14":"pa_formatoenl-36171","15":"pa_formatoenml-38322","16":"pa_graduacion-15_0","17":"pa_pais-espanya-ca","18":"pa_pesoengramos-38366","19":"pa_pesoenkg-3-ca","20":"pa_region-cataluna","21":"pa_tipodevino-vi-tranquil","22":"entry","23":"has-media","25":"first","26":"instock","27":"taxable","28":"shipping-taxable","29":"purchasable","30":"product-type-simple"},"acf":[],"yoast_head":"<!-- This site is optimized with the Yoast SEO Premium plugin v23.1 (Yoast SEO v23.5) - https:\/\/yoast.com\/wordpress\/plugins\/seo\/ -->\n<title>Falset Negre Bag in box 5 litres<\/title>\n<meta name=\"description\" content=\"Comprar online al millor preu el vi negre de Falset en bag in box de 5 litres. Viniteca. Licoreria. Begudes. Alimentacio. Productes gourmet. Descomptes.\" \/>\n<meta name=\"robots\" content=\"noindex, follow, max-snippet:-1, max-image-preview:large, max-video-preview:-1\" \/>\n<meta property=\"og:locale\" content=\"ca_ES\" \/>\n<meta property=\"og:type\" content=\"article\" \/>\n<meta property=\"og:title\" content=\"Bag in Box Falset Negre 5L\" \/>\n<meta property=\"og:description\" content=\"Comprar online al millor preu el vi negre de Falset en bag in box de 5 litres. Viniteca. Licoreria. Begudes. Alimentacio. Productes gourmet. Descomptes.\" \/>\n<meta property=\"og:url\" content=\"https:\/\/aral2.cetrexmarketing.com\/ca\/producto\/bag-in-box-falset-negre-5l\/\" \/>\n<meta property=\"og:site_name\" content=\"M\u00f3n La Cata\" \/>\n<meta property=\"article:modified_time\" content=\"2025-05-24T08:27:37+00:00\" \/>\n<meta property=\"og:image\" content=\"https:\/\/aral2.cetrexmarketing.com\/wp-content\/uploads\/2025\/05\/box-falset-5L.jpg.png\" \/>\n\t<meta property=\"og:image:width\" content=\"765\" \/>\n\t<meta property=\"og:image:height\" content=\"1024\" \/>\n\t<meta property=\"og:image:type\" content=\"image\/png\" \/>\n<meta name=\"twitter:card\" content=\"summary_large_image\" \/>\n<meta name=\"twitter:label1\" content=\"Temps estimat de lectura\" \/>\n\t<meta name=\"twitter:data1\" content=\"3 minuts\" \/>\n<script type=\"application\/ld+json\" class=\"yoast-schema-graph\">{\"@context\":\"https:\/\/schema.org\",\"@graph\":[{\"@type\":\"WebPage\",\"@id\":\"https:\/\/aral2.cetrexmarketing.com\/ca\/producto\/bag-in-box-falset-negre-5l\/\",\"url\":\"https:\/\/aral2.cetrexmarketing.com\/ca\/producto\/bag-in-box-falset-negre-5l\/\",\"name\":\"Falset Negre Bag in box 5 litres\",\"isPartOf\":{\"@id\":\"https:\/\/aral2.cetrexmarketing.com\/#website\"},\"primaryImageOfPage\":{\"@id\":\"https:\/\/aral2.cetrexmarketing.com\/ca\/producto\/bag-in-box-falset-negre-5l\/#primaryimage\"},\"image\":{\"@id\":\"https:\/\/aral2.cetrexmarketing.com\/ca\/producto\/bag-in-box-falset-negre-5l\/#primaryimage\"},\"thumbnailUrl\":\"https:\/\/aral2.cetrexmarketing.com\/wp-content\/uploads\/2025\/05\/box-falset-5L.jpg.png\",\"datePublished\":\"2025-05-24T08:27:34+00:00\",\"dateModified\":\"2025-05-24T08:27:37+00:00\",\"description\":\"Comprar online al millor preu el vi negre de Falset en bag in box de 5 litres. Viniteca. Licoreria. Begudes. Alimentacio. Productes gourmet. Descomptes.\",\"breadcrumb\":{\"@id\":\"https:\/\/aral2.cetrexmarketing.com\/ca\/producto\/bag-in-box-falset-negre-5l\/#breadcrumb\"},\"inLanguage\":\"ca\",\"potentialAction\":[{\"@type\":\"ReadAction\",\"target\":[\"https:\/\/aral2.cetrexmarketing.com\/ca\/producto\/bag-in-box-falset-negre-5l\/\"]}]},{\"@type\":\"ImageObject\",\"inLanguage\":\"ca\",\"@id\":\"https:\/\/aral2.cetrexmarketing.com\/ca\/producto\/bag-in-box-falset-negre-5l\/#primaryimage\",\"url\":\"https:\/\/aral2.cetrexmarketing.com\/wp-content\/uploads\/2025\/05\/box-falset-5L.jpg.png\",\"contentUrl\":\"https:\/\/aral2.cetrexmarketing.com\/wp-content\/uploads\/2025\/05\/box-falset-5L.jpg.png\",\"width\":765,\"height\":1024},{\"@type\":\"BreadcrumbList\",\"@id\":\"https:\/\/aral2.cetrexmarketing.com\/ca\/producto\/bag-in-box-falset-negre-5l\/#breadcrumb\",\"itemListElement\":[{\"@type\":\"ListItem\",\"position\":1,\"name\":\"Home\",\"item\":\"https:\/\/aral2.cetrexmarketing.com\/ca\/\"},{\"@type\":\"ListItem\",\"position\":2,\"name\":\"Tienda\",\"item\":\"https:\/\/aral2.cetrexmarketing.com\/ca\/tienda-2\/\"},{\"@type\":\"ListItem\",\"position\":3,\"name\":\"Vi\",\"item\":\"https:\/\/aral2.cetrexmarketing.com\/categoria-producto\/vi\/\"},{\"@type\":\"ListItem\",\"position\":4,\"name\":\"Vi Negre\",\"item\":\"https:\/\/aral2.cetrexmarketing.com\/categoria-producto\/vi\/vi-negre\/\"},{\"@type\":\"ListItem\",\"position\":5,\"name\":\"Bag in Box Falset Negre 5L\"}]},{\"@type\":\"WebSite\",\"@id\":\"https:\/\/aral2.cetrexmarketing.com\/#website\",\"url\":\"https:\/\/aral2.cetrexmarketing.com\/\",\"name\":\"M\u00f3n La Cata\",\"description\":\"Tienda de vinos, licores, cervezas y gourmet\",\"publisher\":{\"@id\":\"https:\/\/aral2.cetrexmarketing.com\/#organization\"},\"potentialAction\":[{\"@type\":\"SearchAction\",\"target\":{\"@type\":\"EntryPoint\",\"urlTemplate\":\"https:\/\/aral2.cetrexmarketing.com\/?s={search_term_string}\"},\"query-input\":{\"@type\":\"PropertyValueSpecification\",\"valueRequired\":true,\"valueName\":\"search_term_string\"}}],\"inLanguage\":\"ca\"},{\"@type\":\"Organization\",\"@id\":\"https:\/\/aral2.cetrexmarketing.com\/#organization\",\"name\":\"M\u00f3n La Cata\",\"url\":\"https:\/\/aral2.cetrexmarketing.com\/\",\"logo\":{\"@type\":\"ImageObject\",\"inLanguage\":\"ca\",\"@id\":\"https:\/\/aral2.cetrexmarketing.com\/#\/schema\/logo\/image\/\",\"url\":\"https:\/\/aral2.cetrexmarketing.com\/wp-content\/uploads\/2024\/10\/aral-logo-neg-1024x409-1.png\",\"contentUrl\":\"https:\/\/aral2.cetrexmarketing.com\/wp-content\/uploads\/2024\/10\/aral-logo-neg-1024x409-1.png\",\"width\":1024,\"height\":409,\"caption\":\"M\u00f3n La Cata\"},\"image\":{\"@id\":\"https:\/\/aral2.cetrexmarketing.com\/#\/schema\/logo\/image\/\"}}]}<\/script>\n<!-- \/ Yoast SEO Premium plugin. -->","yoast_head_json":{"title":"Falset Negre Bag in box 5 litres","description":"Comprar online al millor preu el vi negre de Falset en bag in box de 5 litres. Viniteca. Licoreria. Begudes. Alimentacio. Productes gourmet. Descomptes.","robots":{"index":"noindex","follow":"follow","max-snippet":"max-snippet:-1","max-image-preview":"max-image-preview:large","max-video-preview":"max-video-preview:-1"},"og_locale":"ca_ES","og_type":"article","og_title":"Bag in Box Falset Negre 5L","og_description":"Comprar online al millor preu el vi negre de Falset en bag in box de 5 litres. Viniteca. Licoreria. Begudes. Alimentacio. Productes gourmet. Descomptes.","og_url":"https:\/\/aral2.cetrexmarketing.com\/ca\/producto\/bag-in-box-falset-negre-5l\/","og_site_name":"M\u00f3n La Cata","article_modified_time":"2025-05-24T08:27:37+00:00","og_image":[{"width":765,"height":1024,"url":"https:\/\/aral2.cetrexmarketing.com\/wp-content\/uploads\/2025\/05\/box-falset-5L.jpg.png","type":"image\/png"}],"twitter_card":"summary_large_image","twitter_misc":{"Temps estimat de lectura":"3 minuts"},"schema":{"@context":"https:\/\/schema.org","@graph":[{"@type":"WebPage","@id":"https:\/\/aral2.cetrexmarketing.com\/ca\/producto\/bag-in-box-falset-negre-5l\/","url":"https:\/\/aral2.cetrexmarketing.com\/ca\/producto\/bag-in-box-falset-negre-5l\/","name":"Falset Negre Bag in box 5 litres","isPartOf":{"@id":"https:\/\/aral2.cetrexmarketing.com\/#website"},"primaryImageOfPage":{"@id":"https:\/\/aral2.cetrexmarketing.com\/ca\/producto\/bag-in-box-falset-negre-5l\/#primaryimage"},"image":{"@id":"https:\/\/aral2.cetrexmarketing.com\/ca\/producto\/bag-in-box-falset-negre-5l\/#primaryimage"},"thumbnailUrl":"https:\/\/aral2.cetrexmarketing.com\/wp-content\/uploads\/2025\/05\/box-falset-5L.jpg.png","datePublished":"2025-05-24T08:27:34+00:00","dateModified":"2025-05-24T08:27:37+00:00","description":"Comprar online al millor preu el vi negre de Falset en bag in box de 5 litres. Viniteca. Licoreria. Begudes. Alimentacio. Productes gourmet. Descomptes.","breadcrumb":{"@id":"https:\/\/aral2.cetrexmarketing.com\/ca\/producto\/bag-in-box-falset-negre-5l\/#breadcrumb"},"inLanguage":"ca","potentialAction":[{"@type":"ReadAction","target":["https:\/\/aral2.cetrexmarketing.com\/ca\/producto\/bag-in-box-falset-negre-5l\/"]}]},{"@type":"ImageObject","inLanguage":"ca","@id":"https:\/\/aral2.cetrexmarketing.com\/ca\/producto\/bag-in-box-falset-negre-5l\/#primaryimage","url":"https:\/\/aral2.cetrexmarketing.com\/wp-content\/uploads\/2025\/05\/box-falset-5L.jpg.png","contentUrl":"https:\/\/aral2.cetrexmarketing.com\/wp-content\/uploads\/2025\/05\/box-falset-5L.jpg.png","width":765,"height":1024},{"@type":"BreadcrumbList","@id":"https:\/\/aral2.cetrexmarketing.com\/ca\/producto\/bag-in-box-falset-negre-5l\/#breadcrumb","itemListElement":[{"@type":"ListItem","position":1,"name":"Home","item":"https:\/\/aral2.cetrexmarketing.com\/ca\/"},{"@type":"ListItem","position":2,"name":"Tienda","item":"https:\/\/aral2.cetrexmarketing.com\/ca\/tienda-2\/"},{"@type":"ListItem","position":3,"name":"Vi","item":"https:\/\/aral2.cetrexmarketing.com\/categoria-producto\/vi\/"},{"@type":"ListItem","position":4,"name":"Vi Negre","item":"https:\/\/aral2.cetrexmarketing.com\/categoria-producto\/vi\/vi-negre\/"},{"@type":"ListItem","position":5,"name":"Bag in Box Falset Negre 5L"}]},{"@type":"WebSite","@id":"https:\/\/aral2.cetrexmarketing.com\/#website","url":"https:\/\/aral2.cetrexmarketing.com\/","name":"M\u00f3n La Cata","description":"Tienda de vinos, licores, cervezas y gourmet","publisher":{"@id":"https:\/\/aral2.cetrexmarketing.com\/#organization"},"potentialAction":[{"@type":"SearchAction","target":{"@type":"EntryPoint","urlTemplate":"https:\/\/aral2.cetrexmarketing.com\/?s={search_term_string}"},"query-input":{"@type":"PropertyValueSpecification","valueRequired":true,"valueName":"search_term_string"}}],"inLanguage":"ca"},{"@type":"Organization","@id":"https:\/\/aral2.cetrexmarketing.com\/#organization","name":"M\u00f3n La Cata","url":"https:\/\/aral2.cetrexmarketing.com\/","logo":{"@type":"ImageObject","inLanguage":"ca","@id":"https:\/\/aral2.cetrexmarketing.com\/#\/schema\/logo\/image\/","url":"https:\/\/aral2.cetrexmarketing.com\/wp-content\/uploads\/2024\/10\/aral-logo-neg-1024x409-1.png","contentUrl":"https:\/\/aral2.cetrexmarketing.com\/wp-content\/uploads\/2024\/10\/aral-logo-neg-1024x409-1.png","width":1024,"height":409,"caption":"M\u00f3n La Cata"},"image":{"@id":"https:\/\/aral2.cetrexmarketing.com\/#\/schema\/logo\/image\/"}}]}},"brands":[{"id":32873,"name":"Catalunya D.O.","slug":"catalunya-d-o"}],"_links":{"self":[{"href":"https:\/\/aral2.cetrexmarketing.com\/ca\/wp-json\/wp\/v2\/product\/83274","targetHints":{"allow":["GET"]}}],"collection":[{"href":"https:\/\/aral2.cetrexmarketing.com\/ca\/wp-json\/wp\/v2\/product"}],"about":[{"href":"https:\/\/aral2.cetrexmarketing.com\/ca\/wp-json\/wp\/v2\/types\/product"}],"replies":[{"embeddable":true,"href":"https:\/\/aral2.cetrexmarketing.com\/ca\/wp-json\/wp\/v2\/comments?post=83274"}],"wp:featuredmedia":[{"embeddable":true,"href":"https:\/\/aral2.cetrexmarketing.com\/ca\/wp-json\/wp\/v2\/media\/83271"}],"wp:attachment":[{"href":"https:\/\/aral2.cetrexmarketing.com\/ca\/wp-json\/wp\/v2\/media?parent=83274"}],"wp:term":[{"taxonomy":"pwb-brand","embeddable":true,"href":"https:\/\/aral2.cetrexmarketing.com\/ca\/wp-json\/wp\/v2\/pwb-brand?post=83274"},{"taxonomy":"product_brand","embeddable":true,"href":"https:\/\/aral2.cetrexmarketing.com\/ca\/wp-json\/wp\/v2\/product_brand?post=83274"},{"taxonomy":"product_cat","embeddable":true,"href":"https:\/\/aral2.cetrexmarketing.com\/ca\/wp-json\/wp\/v2\/product_cat?post=83274"},{"taxonomy":"product_tag","embeddable":true,"href":"https:\/\/aral2.cetrexmarketing.com\/ca\/wp-json\/wp\/v2\/product_tag?post=83274"}],"curies":[{"name":"wp","href":"https:\/\/api.w.org\/{rel}","templated":true}]}}