{"id":83199,"date":"2025-05-24T08:25:59","date_gmt":"2025-05-24T08:25:59","guid":{"rendered":"https:\/\/aral2.cetrexmarketing.com\/producto\/banyuls-le-dominicain-6-anys\/"},"modified":"2025-05-24T08:26:01","modified_gmt":"2025-05-24T08:26:01","slug":"banyuls-le-dominicain-6-anys","status":"publish","type":"product","link":"https:\/\/aral2.cetrexmarketing.com\/ca\/producto\/banyuls-le-dominicain-6-anys\/","title":{"rendered":"Banyuls le Dominicain 6 anys"},"content":{"rendered":"<p> <pan> Els vins de Banyul s\u00f3n vins dol\u00e7os i generosos t\u00edpics de la Catalunya del Nord. Al final del menjar, per\u00f2 &#8230; us aconsellem que el prengueu amb un \u00e0nec foie. <\/p>\n<p> <Pan > ens d\u00f3na una explosi\u00f3 d&#8217;aromes de fruites confiades. <\/span> <\/p>\n","protected":false},"excerpt":{"rendered":"<p><span id=\"docs-internal-guid-8cddcc64-7fff-d167-0262-2b8573b67ccb\"><span>Els vins de Banyuls s\u00f3n vins dol\u00e7os i generosos t\u00edpics de la Catalunya del Nord.<\/span><\/span><\/p>\n<p><span><span>S&#8217;acostumen a prendre d&#8217;aperitius o de postres, situant-se als inicis o finals de l&#8217;\u00e0pat per\u00f2\u2026 Us aconsellem tastar-ho amb un foie d&#8217;\u00e0nec.<\/span><\/span><\/p>\n<p>Fet de Carinyena, Garnatxa Blanca, Garnatxa Negre i Garnatxa Grisa.<\/p>\n<p>Ens aporta una explosi\u00f3 d&#8217;aromes de fruits confitats.<\/p>\n","protected":false},"featured_media":83196,"comment_status":"closed","ping_status":"closed","template":"","meta":{"_acf_changed":false},"pwb-brand":[32957],"product_brand":[],"product_cat":[51670,51686],"product_tag":[16077,16078],"class_list":{"0":"post-83199","1":"product","2":"type-product","3":"status-publish","4":"has-post-thumbnail","6":"pwb-brand-languedoc-roussillon-i-g-p","7":"product_cat-vi","8":"product_cat-vi-generos","9":"product_tag-banyuls-ca","10":"product_tag-le-dominican-ca","11":"pa_bodega-ledominicain","12":"pa_do-banyulsaop-ca","13":"pa_formatoenl-36158","14":"pa_formatoenml-38306","15":"pa_graduacion-16_5","16":"pa_pais-franca","17":"pa_pesoengramos-38337","18":"pa_pesoenkg-125-ca","19":"pa_pueblociudad-collioure","20":"pa_variedades-8c-garnachatinta_carinena_gar-ca","21":"entry","22":"has-media","24":"first","25":"instock","26":"taxable","27":"shipping-taxable","28":"purchasable","29":"product-type-simple"},"acf":[],"yoast_head":"<!-- This site is optimized with the Yoast SEO Premium plugin v23.1 (Yoast SEO v23.5) - https:\/\/yoast.com\/wordpress\/plugins\/seo\/ -->\n<title>Banyuls le dominicain 6 anys<\/title>\n<meta name=\"description\" content=\"Comprar online al millor preu el vi de Banyuls le dominicain 6 anys. Seguretat i rapidesa defineixen la web i la viniteca. Descomptes per caixes. Preu especial.\" \/>\n<meta name=\"robots\" content=\"noindex, follow, max-snippet:-1, max-image-preview:large, max-video-preview:-1\" \/>\n<meta property=\"og:locale\" content=\"ca_ES\" \/>\n<meta property=\"og:type\" content=\"article\" \/>\n<meta property=\"og:title\" content=\"Banyuls le Dominicain 6 anys\" \/>\n<meta property=\"og:description\" content=\"Comprar online al millor preu el vi de Banyuls le dominicain 6 anys. Seguretat i rapidesa defineixen la web i la viniteca. Descomptes per caixes. Preu especial.\" \/>\n<meta property=\"og:url\" content=\"https:\/\/aral2.cetrexmarketing.com\/ca\/producto\/banyuls-le-dominicain-6-anys\/\" \/>\n<meta property=\"og:site_name\" content=\"M\u00f3n La Cata\" \/>\n<meta property=\"article:modified_time\" content=\"2025-05-24T08:26:01+00:00\" \/>\n<meta property=\"og:image\" content=\"https:\/\/aral2.cetrexmarketing.com\/wp-content\/uploads\/2025\/05\/banyuls-le-dominicain-6-anos.jpeg.png\" \/>\n\t<meta property=\"og:image:width\" content=\"765\" \/>\n\t<meta property=\"og:image:height\" content=\"1024\" \/>\n\t<meta property=\"og:image:type\" content=\"image\/png\" \/>\n<meta name=\"twitter:card\" content=\"summary_large_image\" \/>\n<script type=\"application\/ld+json\" class=\"yoast-schema-graph\">{\"@context\":\"https:\/\/schema.org\",\"@graph\":[{\"@type\":\"WebPage\",\"@id\":\"https:\/\/aral2.cetrexmarketing.com\/ca\/producto\/banyuls-le-dominicain-6-anys\/\",\"url\":\"https:\/\/aral2.cetrexmarketing.com\/ca\/producto\/banyuls-le-dominicain-6-anys\/\",\"name\":\"Banyuls le dominicain 6 anys\",\"isPartOf\":{\"@id\":\"https:\/\/aral2.cetrexmarketing.com\/#website\"},\"primaryImageOfPage\":{\"@id\":\"https:\/\/aral2.cetrexmarketing.com\/ca\/producto\/banyuls-le-dominicain-6-anys\/#primaryimage\"},\"image\":{\"@id\":\"https:\/\/aral2.cetrexmarketing.com\/ca\/producto\/banyuls-le-dominicain-6-anys\/#primaryimage\"},\"thumbnailUrl\":\"https:\/\/aral2.cetrexmarketing.com\/wp-content\/uploads\/2025\/05\/banyuls-le-dominicain-6-anos.jpeg.png\",\"datePublished\":\"2025-05-24T08:25:59+00:00\",\"dateModified\":\"2025-05-24T08:26:01+00:00\",\"description\":\"Comprar online al millor preu el vi de Banyuls le dominicain 6 anys. Seguretat i rapidesa defineixen la web i la viniteca. Descomptes per caixes. Preu especial.\",\"breadcrumb\":{\"@id\":\"https:\/\/aral2.cetrexmarketing.com\/ca\/producto\/banyuls-le-dominicain-6-anys\/#breadcrumb\"},\"inLanguage\":\"ca\",\"potentialAction\":[{\"@type\":\"ReadAction\",\"target\":[\"https:\/\/aral2.cetrexmarketing.com\/ca\/producto\/banyuls-le-dominicain-6-anys\/\"]}]},{\"@type\":\"ImageObject\",\"inLanguage\":\"ca\",\"@id\":\"https:\/\/aral2.cetrexmarketing.com\/ca\/producto\/banyuls-le-dominicain-6-anys\/#primaryimage\",\"url\":\"https:\/\/aral2.cetrexmarketing.com\/wp-content\/uploads\/2025\/05\/banyuls-le-dominicain-6-anos.jpeg.png\",\"contentUrl\":\"https:\/\/aral2.cetrexmarketing.com\/wp-content\/uploads\/2025\/05\/banyuls-le-dominicain-6-anos.jpeg.png\",\"width\":765,\"height\":1024},{\"@type\":\"BreadcrumbList\",\"@id\":\"https:\/\/aral2.cetrexmarketing.com\/ca\/producto\/banyuls-le-dominicain-6-anys\/#breadcrumb\",\"itemListElement\":[{\"@type\":\"ListItem\",\"position\":1,\"name\":\"Home\",\"item\":\"https:\/\/aral2.cetrexmarketing.com\/ca\/\"},{\"@type\":\"ListItem\",\"position\":2,\"name\":\"Tienda\",\"item\":\"https:\/\/aral2.cetrexmarketing.com\/ca\/tienda-2\/\"},{\"@type\":\"ListItem\",\"position\":3,\"name\":\"Vi\",\"item\":\"https:\/\/aral2.cetrexmarketing.com\/categoria-producto\/vi\/\"},{\"@type\":\"ListItem\",\"position\":4,\"name\":\"Vi Gener\u00f3s\",\"item\":\"https:\/\/aral2.cetrexmarketing.com\/categoria-producto\/vi\/vi-generos\/\"},{\"@type\":\"ListItem\",\"position\":5,\"name\":\"Banyuls le Dominicain 6 anys\"}]},{\"@type\":\"WebSite\",\"@id\":\"https:\/\/aral2.cetrexmarketing.com\/#website\",\"url\":\"https:\/\/aral2.cetrexmarketing.com\/\",\"name\":\"M\u00f3n La Cata\",\"description\":\"Tienda de vinos, licores, cervezas y gourmet\",\"publisher\":{\"@id\":\"https:\/\/aral2.cetrexmarketing.com\/#organization\"},\"potentialAction\":[{\"@type\":\"SearchAction\",\"target\":{\"@type\":\"EntryPoint\",\"urlTemplate\":\"https:\/\/aral2.cetrexmarketing.com\/?s={search_term_string}\"},\"query-input\":{\"@type\":\"PropertyValueSpecification\",\"valueRequired\":true,\"valueName\":\"search_term_string\"}}],\"inLanguage\":\"ca\"},{\"@type\":\"Organization\",\"@id\":\"https:\/\/aral2.cetrexmarketing.com\/#organization\",\"name\":\"M\u00f3n La Cata\",\"url\":\"https:\/\/aral2.cetrexmarketing.com\/\",\"logo\":{\"@type\":\"ImageObject\",\"inLanguage\":\"ca\",\"@id\":\"https:\/\/aral2.cetrexmarketing.com\/#\/schema\/logo\/image\/\",\"url\":\"https:\/\/aral2.cetrexmarketing.com\/wp-content\/uploads\/2024\/10\/aral-logo-neg-1024x409-1.png\",\"contentUrl\":\"https:\/\/aral2.cetrexmarketing.com\/wp-content\/uploads\/2024\/10\/aral-logo-neg-1024x409-1.png\",\"width\":1024,\"height\":409,\"caption\":\"M\u00f3n La Cata\"},\"image\":{\"@id\":\"https:\/\/aral2.cetrexmarketing.com\/#\/schema\/logo\/image\/\"}}]}<\/script>\n<!-- \/ Yoast SEO Premium plugin. -->","yoast_head_json":{"title":"Banyuls le dominicain 6 anys","description":"Comprar online al millor preu el vi de Banyuls le dominicain 6 anys. Seguretat i rapidesa defineixen la web i la viniteca. Descomptes per caixes. Preu especial.","robots":{"index":"noindex","follow":"follow","max-snippet":"max-snippet:-1","max-image-preview":"max-image-preview:large","max-video-preview":"max-video-preview:-1"},"og_locale":"ca_ES","og_type":"article","og_title":"Banyuls le Dominicain 6 anys","og_description":"Comprar online al millor preu el vi de Banyuls le dominicain 6 anys. Seguretat i rapidesa defineixen la web i la viniteca. Descomptes per caixes. Preu especial.","og_url":"https:\/\/aral2.cetrexmarketing.com\/ca\/producto\/banyuls-le-dominicain-6-anys\/","og_site_name":"M\u00f3n La Cata","article_modified_time":"2025-05-24T08:26:01+00:00","og_image":[{"width":765,"height":1024,"url":"https:\/\/aral2.cetrexmarketing.com\/wp-content\/uploads\/2025\/05\/banyuls-le-dominicain-6-anos.jpeg.png","type":"image\/png"}],"twitter_card":"summary_large_image","schema":{"@context":"https:\/\/schema.org","@graph":[{"@type":"WebPage","@id":"https:\/\/aral2.cetrexmarketing.com\/ca\/producto\/banyuls-le-dominicain-6-anys\/","url":"https:\/\/aral2.cetrexmarketing.com\/ca\/producto\/banyuls-le-dominicain-6-anys\/","name":"Banyuls le dominicain 6 anys","isPartOf":{"@id":"https:\/\/aral2.cetrexmarketing.com\/#website"},"primaryImageOfPage":{"@id":"https:\/\/aral2.cetrexmarketing.com\/ca\/producto\/banyuls-le-dominicain-6-anys\/#primaryimage"},"image":{"@id":"https:\/\/aral2.cetrexmarketing.com\/ca\/producto\/banyuls-le-dominicain-6-anys\/#primaryimage"},"thumbnailUrl":"https:\/\/aral2.cetrexmarketing.com\/wp-content\/uploads\/2025\/05\/banyuls-le-dominicain-6-anos.jpeg.png","datePublished":"2025-05-24T08:25:59+00:00","dateModified":"2025-05-24T08:26:01+00:00","description":"Comprar online al millor preu el vi de Banyuls le dominicain 6 anys. Seguretat i rapidesa defineixen la web i la viniteca. Descomptes per caixes. Preu especial.","breadcrumb":{"@id":"https:\/\/aral2.cetrexmarketing.com\/ca\/producto\/banyuls-le-dominicain-6-anys\/#breadcrumb"},"inLanguage":"ca","potentialAction":[{"@type":"ReadAction","target":["https:\/\/aral2.cetrexmarketing.com\/ca\/producto\/banyuls-le-dominicain-6-anys\/"]}]},{"@type":"ImageObject","inLanguage":"ca","@id":"https:\/\/aral2.cetrexmarketing.com\/ca\/producto\/banyuls-le-dominicain-6-anys\/#primaryimage","url":"https:\/\/aral2.cetrexmarketing.com\/wp-content\/uploads\/2025\/05\/banyuls-le-dominicain-6-anos.jpeg.png","contentUrl":"https:\/\/aral2.cetrexmarketing.com\/wp-content\/uploads\/2025\/05\/banyuls-le-dominicain-6-anos.jpeg.png","width":765,"height":1024},{"@type":"BreadcrumbList","@id":"https:\/\/aral2.cetrexmarketing.com\/ca\/producto\/banyuls-le-dominicain-6-anys\/#breadcrumb","itemListElement":[{"@type":"ListItem","position":1,"name":"Home","item":"https:\/\/aral2.cetrexmarketing.com\/ca\/"},{"@type":"ListItem","position":2,"name":"Tienda","item":"https:\/\/aral2.cetrexmarketing.com\/ca\/tienda-2\/"},{"@type":"ListItem","position":3,"name":"Vi","item":"https:\/\/aral2.cetrexmarketing.com\/categoria-producto\/vi\/"},{"@type":"ListItem","position":4,"name":"Vi Gener\u00f3s","item":"https:\/\/aral2.cetrexmarketing.com\/categoria-producto\/vi\/vi-generos\/"},{"@type":"ListItem","position":5,"name":"Banyuls le Dominicain 6 anys"}]},{"@type":"WebSite","@id":"https:\/\/aral2.cetrexmarketing.com\/#website","url":"https:\/\/aral2.cetrexmarketing.com\/","name":"M\u00f3n La Cata","description":"Tienda de vinos, licores, cervezas y gourmet","publisher":{"@id":"https:\/\/aral2.cetrexmarketing.com\/#organization"},"potentialAction":[{"@type":"SearchAction","target":{"@type":"EntryPoint","urlTemplate":"https:\/\/aral2.cetrexmarketing.com\/?s={search_term_string}"},"query-input":{"@type":"PropertyValueSpecification","valueRequired":true,"valueName":"search_term_string"}}],"inLanguage":"ca"},{"@type":"Organization","@id":"https:\/\/aral2.cetrexmarketing.com\/#organization","name":"M\u00f3n La Cata","url":"https:\/\/aral2.cetrexmarketing.com\/","logo":{"@type":"ImageObject","inLanguage":"ca","@id":"https:\/\/aral2.cetrexmarketing.com\/#\/schema\/logo\/image\/","url":"https:\/\/aral2.cetrexmarketing.com\/wp-content\/uploads\/2024\/10\/aral-logo-neg-1024x409-1.png","contentUrl":"https:\/\/aral2.cetrexmarketing.com\/wp-content\/uploads\/2024\/10\/aral-logo-neg-1024x409-1.png","width":1024,"height":409,"caption":"M\u00f3n La Cata"},"image":{"@id":"https:\/\/aral2.cetrexmarketing.com\/#\/schema\/logo\/image\/"}}]}},"brands":[{"id":32957,"name":"Languedoc - Roussillon I.G.P.","slug":"languedoc-roussillon-i-g-p"}],"_links":{"self":[{"href":"https:\/\/aral2.cetrexmarketing.com\/ca\/wp-json\/wp\/v2\/product\/83199","targetHints":{"allow":["GET"]}}],"collection":[{"href":"https:\/\/aral2.cetrexmarketing.com\/ca\/wp-json\/wp\/v2\/product"}],"about":[{"href":"https:\/\/aral2.cetrexmarketing.com\/ca\/wp-json\/wp\/v2\/types\/product"}],"replies":[{"embeddable":true,"href":"https:\/\/aral2.cetrexmarketing.com\/ca\/wp-json\/wp\/v2\/comments?post=83199"}],"wp:featuredmedia":[{"embeddable":true,"href":"https:\/\/aral2.cetrexmarketing.com\/ca\/wp-json\/wp\/v2\/media\/83196"}],"wp:attachment":[{"href":"https:\/\/aral2.cetrexmarketing.com\/ca\/wp-json\/wp\/v2\/media?parent=83199"}],"wp:term":[{"taxonomy":"pwb-brand","embeddable":true,"href":"https:\/\/aral2.cetrexmarketing.com\/ca\/wp-json\/wp\/v2\/pwb-brand?post=83199"},{"taxonomy":"product_brand","embeddable":true,"href":"https:\/\/aral2.cetrexmarketing.com\/ca\/wp-json\/wp\/v2\/product_brand?post=83199"},{"taxonomy":"product_cat","embeddable":true,"href":"https:\/\/aral2.cetrexmarketing.com\/ca\/wp-json\/wp\/v2\/product_cat?post=83199"},{"taxonomy":"product_tag","embeddable":true,"href":"https:\/\/aral2.cetrexmarketing.com\/ca\/wp-json\/wp\/v2\/product_tag?post=83199"}],"curies":[{"name":"wp","href":"https:\/\/api.w.org\/{rel}","templated":true}]}}