{"id":83119,"date":"2025-05-24T08:19:51","date_gmt":"2025-05-24T08:19:51","guid":{"rendered":"https:\/\/aral2.cetrexmarketing.com\/producto\/familia-oliveda-brut-jove\/"},"modified":"2025-05-24T08:19:53","modified_gmt":"2025-05-24T08:19:53","slug":"familia-oliveda-brut-jove","status":"publish","type":"product","link":"https:\/\/aral2.cetrexmarketing.com\/ca\/producto\/familia-oliveda-brut-jove\/","title":{"rendered":"Familia Oliveda Brut Jove"},"content":{"rendered":"<h3 class=\"\" data-start=\"0\" data-end=\"58\"><strong data-start=\"4\" data-end=\"56\">Familia Oliveda Brut Jove \u2013 Descripci\u00f3 detallada<\/strong><\/h3>\n<p class=\"\" data-start=\"60\" data-end=\"257\"><strong data-start=\"60\" data-end=\"81\">Nom del producte:<\/strong> <strong data-start=\"82\" data-end=\"111\">Familia Oliveda Brut Jove<\/strong><br data-start=\"111\" data-end=\"114\" \/><strong data-start=\"114\" data-end=\"124\">Tipus:<\/strong> Cava escum\u00f3s<br data-start=\"137\" data-end=\"140\" \/><strong data-start=\"140\" data-end=\"164\">M\u00e8tode d\u2019elaboraci\u00f3:<\/strong> M\u00e8tode tradicional (Champenoise)<br data-start=\"197\" data-end=\"200\" \/><strong data-start=\"200\" data-end=\"225\">Denominaci\u00f3 d\u2019origen:<\/strong> D.O. Cava, Catalunya, Espanya<\/p>\n<hr class=\"\" data-start=\"259\" data-end=\"262\" \/>\n<h3 class=\"\" data-start=\"264\" data-end=\"293\"><strong data-start=\"268\" data-end=\"291\">Descripci\u00f3 general:<\/strong><\/h3>\n<p class=\"\" data-start=\"294\" data-end=\"634\">El <strong data-start=\"297\" data-end=\"326\">Familia Oliveda Brut Jove<\/strong> \u00e9s un cava fresc, alegre i equilibrat, que captura l\u2019esperit mediterrani amb cada copa. Elaborat segons el m\u00e8tode tradicional, destaca per la seva bombolla fina i persistent, i pel seu perfil arom\u00e0tic net i afruitat. \u00c9s una opci\u00f3 vers\u00e0til, perfecta tant per a celebracions com per a moments m\u00e9s informals.<\/p>\n<hr class=\"\" data-start=\"636\" data-end=\"639\" \/>\n<h3 class=\"\" data-start=\"641\" data-end=\"669\"><strong data-start=\"645\" data-end=\"667\">Varietats de ra\u00efm:<\/strong><\/h3>\n<p class=\"\" data-start=\"670\" data-end=\"730\">Una acurada combinaci\u00f3 de varietats tradicionals del cava:<\/p>\n<ul data-start=\"731\" data-end=\"862\">\n<li class=\"\" data-start=\"731\" data-end=\"780\">\n<p class=\"\" data-start=\"733\" data-end=\"780\"><strong data-start=\"733\" data-end=\"744\">Macabeu<\/strong> \u2013 Aporta frescor i aromes florals<\/p>\n<\/li>\n<li class=\"\" data-start=\"781\" data-end=\"821\">\n<p class=\"\" data-start=\"783\" data-end=\"821\"><strong data-start=\"783\" data-end=\"795\">Xarel\u00b7lo<\/strong> \u2013 Dona estructura i cos<\/p>\n<\/li>\n<li class=\"\" data-start=\"822\" data-end=\"862\">\n<p class=\"\" data-start=\"824\" data-end=\"862\"><strong data-start=\"824\" data-end=\"837\">Parellada<\/strong> \u2013 Suavitat i eleg\u00e0ncia<\/p>\n<\/li>\n<\/ul>\n<hr class=\"\" data-start=\"864\" data-end=\"867\" \/>\n<h3 class=\"\" data-start=\"869\" data-end=\"893\"><strong data-start=\"873\" data-end=\"891\">Notes de tast:<\/strong><\/h3>\n<ul data-start=\"894\" data-end=\"1325\">\n<li class=\"\" data-start=\"894\" data-end=\"1007\">\n<p class=\"\" data-start=\"896\" data-end=\"1007\"><strong data-start=\"896\" data-end=\"906\">Vista:<\/strong> Color groc p\u00e0l\u00b7lid amb reflexos daurats. Bombolla fina i ben integrada, amb una escuma persistent.<\/p>\n<\/li>\n<li class=\"\" data-start=\"1008\" data-end=\"1172\">\n<p class=\"\" data-start=\"1010\" data-end=\"1172\"><strong data-start=\"1010\" data-end=\"1018\">Nas:<\/strong> Aromes nets i frescos, amb notes de poma verda, c\u00edtrics, pera i un toc subtil de flors blanques. Llevats molt lleugers gr\u00e0cies a la crian\u00e7a sobre lies.<\/p>\n<\/li>\n<li class=\"\" data-start=\"1173\" data-end=\"1325\">\n<p class=\"\" data-start=\"1175\" data-end=\"1325\"><strong data-start=\"1175\" data-end=\"1184\">Boca:<\/strong> Entrada viva i refrescant. Bombolla cremosa, pas lleuger i equilibrat, amb un final sec (brut) i agradable que convida a seguir degustant.<\/p>\n<\/li>\n<\/ul>\n<hr class=\"\" data-start=\"1327\" data-end=\"1330\" \/>\n<h3 class=\"\" data-start=\"1332\" data-end=\"1350\"><strong data-start=\"1336\" data-end=\"1348\">Crian\u00e7a:<\/strong><\/h3>\n<p class=\"\" data-start=\"1351\" data-end=\"1507\">Tot i ser un <strong data-start=\"1364\" data-end=\"1377\">Brut Jove<\/strong>, t\u00e9 una crian\u00e7a m\u00ednima en ampolla d\u2019entre <strong data-start=\"1420\" data-end=\"1436\">9 i 12 mesos<\/strong>, que li aporta harmonia sense perdre la seva frescor caracter\u00edstica.<\/p>\n<hr class=\"\" data-start=\"1509\" data-end=\"1512\" \/>\n<h3 class=\"\" data-start=\"1514\" data-end=\"1544\"><strong data-start=\"1518\" data-end=\"1542\">Maridatge recomanat:<\/strong><\/h3>\n<p class=\"\" data-start=\"1545\" data-end=\"1585\">Ideal com a aperitiu o per acompanyar:<\/p>\n<ul data-start=\"1586\" data-end=\"1717\">\n<li class=\"\" data-start=\"1586\" data-end=\"1609\">\n<p class=\"\" data-start=\"1588\" data-end=\"1609\">Marisc i peix blanc<\/p>\n<\/li>\n<li class=\"\" data-start=\"1610\" data-end=\"1636\">\n<p class=\"\" data-start=\"1612\" data-end=\"1636\">Tapes i plats lleugers<\/p>\n<\/li>\n<li class=\"\" data-start=\"1637\" data-end=\"1658\">\n<p class=\"\" data-start=\"1639\" data-end=\"1658\">Amanides fresques<\/p>\n<\/li>\n<li class=\"\" data-start=\"1659\" data-end=\"1678\">\n<p class=\"\" data-start=\"1661\" data-end=\"1678\">Formatges suaus<\/p>\n<\/li>\n<li class=\"\" data-start=\"1679\" data-end=\"1717\">\n<p class=\"\" data-start=\"1681\" data-end=\"1717\">Fruita fresca o postres poc dol\u00e7os<\/p>\n<\/li>\n<\/ul>\n<p class=\"\" data-start=\"1719\" data-end=\"1791\">Perfecte per brindar o per afegir un toc especial a qualsevol trobada.<\/p>\n<hr class=\"\" data-start=\"1793\" data-end=\"1796\" \/>\n<h3 class=\"\" data-start=\"1798\" data-end=\"1830\"><strong data-start=\"1802\" data-end=\"1828\">Temperatura de servei:<\/strong><\/h3>\n<p class=\"\" data-start=\"1831\" data-end=\"1917\">Servir entre <strong data-start=\"1844\" data-end=\"1859\">6 \u00b0C i 8 \u00b0C<\/strong> per potenciar al m\u00e0xim la seva frescor i expressivitat.<\/p>\n<hr class=\"\" data-start=\"1919\" data-end=\"1922\" \/>\n<h3 class=\"\" data-start=\"1924\" data-end=\"1946\"><strong data-start=\"1928\" data-end=\"1944\">Presentaci\u00f3:<\/strong><\/h3>\n<p class=\"\" data-start=\"1947\" data-end=\"2070\">Ampolla de <strong data-start=\"1958\" data-end=\"1968\">750 ml<\/strong>, amb una imatge elegant i refinada que reflecteix la tradici\u00f3 i qualitat de la <strong data-start=\"2048\" data-end=\"2067\">Familia Oliveda<\/strong>.<\/p>\n<hr class=\"\" data-start=\"2072\" data-end=\"2075\" \/>\n<h3 class=\"\" data-start=\"2077\" data-end=\"2103\"><strong data-start=\"2081\" data-end=\"2101\">Sobre el celler:<\/strong><\/h3>\n<p class=\"\" data-start=\"2104\" data-end=\"2375\"><strong data-start=\"2104\" data-end=\"2123\">Familia Oliveda<\/strong> \u00e9s un celler familiar amb m\u00e9s de 75 anys d\u2019hist\u00f2ria, ubicat a l\u2019Empord\u00e0 (Girona). Combinen tradici\u00f3, passi\u00f3 i respecte pel territori per elaborar vins i caves amb personalitat pr\u00f2pia, sempre amb un comprom\u00eds ferm amb la qualitat i la sostenibilitat.<\/p>\n<hr class=\"\" data-start=\"2377\" data-end=\"2380\" \/>\n<h3 class=\"\" data-start=\"2382\" data-end=\"2402\"><strong data-start=\"2386\" data-end=\"2400\">Conclusi\u00f3:<\/strong><\/h3>\n<p class=\"\" data-start=\"2403\" data-end=\"2592\"><strong data-start=\"2403\" data-end=\"2432\">Familia Oliveda Brut Jove<\/strong> \u00e9s un cava jove, fresc i sofisticat, ideal per gaudir-lo en qualsevol moment. Un escum\u00f3s que sedueix per la seva naturalitat, equilibri i car\u00e0cter mediterrani.<\/p>\n","protected":false},"excerpt":{"rendered":"<p>Escum\u00f3s jove, suau i agradable. Amb el punt \u00f2ptim de sucre afegit per aconseguir un afruitat i dol\u00e7or que els fa apte tant per a aperitius com per a postres.<\/p>\n","protected":false},"featured_media":83116,"comment_status":"closed","ping_status":"closed","template":"","meta":{"_acf_changed":false},"pwb-brand":[32909],"product_brand":[],"product_cat":[51695,51696,51694],"product_tag":[15120,15797,15119,15136,16055,15912],"class_list":{"0":"post-83119","1":"product","2":"type-product","3":"status-publish","4":"has-post-thumbnail","6":"pwb-brand-cava-d-o","7":"product_cat-cava-vi-escumos","8":"product_cat-cava-blanc","9":"product_cat-vi-escumos","10":"product_tag-brut-ca","11":"product_tag-capmany-ca","12":"product_tag-cava-ca","13":"product_tag-cava-brut-ca","14":"product_tag-cava-oliveda-ca","15":"product_tag-oliveda-ca","16":"pa_bodega-freixarigau","17":"pa_cantidaddeazucar-brut","18":"pa_do-cava-d-o-ca-2","19":"pa_envejecimiento-jove","20":"pa_formatoenl-36158","21":"pa_formatoenml-38306","22":"pa_graduacion-11_5","23":"pa_pais-espanya-ca","24":"pa_pesoengramos-38354","25":"pa_pesoenkg-14-2","26":"pa_pueblociudad-capmanygirona","27":"pa_region-cataluna","28":"pa_tipodevino-vinoespumoso","29":"entry","30":"has-media","32":"first","33":"instock","34":"taxable","35":"shipping-taxable","36":"purchasable","37":"product-type-simple"},"acf":[],"yoast_head":"<!-- This site is optimized with the Yoast SEO Premium plugin v23.1 (Yoast SEO v23.5) - https:\/\/yoast.com\/wordpress\/plugins\/seo\/ -->\n<title>Fam\u00edlia Oliveda Brut Jove Cava<\/title>\n<meta name=\"description\" content=\"Compra el cava Fam\u00edlia Oliveda Brut Jove al millor preu. Per 5,55\u20ac descobrir\u00e0s un escum\u00f3s jove, fresc i agradable. Per disfrutar-lo tots els moments.\" \/>\n<meta name=\"robots\" content=\"noindex, follow, max-snippet:-1, max-image-preview:large, max-video-preview:-1\" \/>\n<meta property=\"og:locale\" content=\"ca_ES\" \/>\n<meta property=\"og:type\" content=\"article\" \/>\n<meta property=\"og:title\" content=\"Familia Oliveda Brut Jove\" \/>\n<meta property=\"og:description\" content=\"Compra el cava Fam\u00edlia Oliveda Brut Jove al millor preu. Per 5,55\u20ac descobrir\u00e0s un escum\u00f3s jove, fresc i agradable. Per disfrutar-lo tots els moments.\" \/>\n<meta property=\"og:url\" content=\"https:\/\/aral2.cetrexmarketing.com\/ca\/producto\/familia-oliveda-brut-jove\/\" \/>\n<meta property=\"og:site_name\" content=\"M\u00f3n La Cata\" \/>\n<meta property=\"article:modified_time\" content=\"2025-05-24T08:19:53+00:00\" \/>\n<meta property=\"og:image\" content=\"https:\/\/aral2.cetrexmarketing.com\/wp-content\/uploads\/2025\/05\/FAMILIA-OLIVEDA-BRUT-JOVEN.jpg.png\" \/>\n\t<meta property=\"og:image:width\" content=\"765\" \/>\n\t<meta property=\"og:image:height\" content=\"1024\" \/>\n\t<meta property=\"og:image:type\" content=\"image\/png\" \/>\n<meta name=\"twitter:card\" content=\"summary_large_image\" \/>\n<meta name=\"twitter:label1\" content=\"Temps estimat de lectura\" \/>\n\t<meta name=\"twitter:data1\" content=\"3 minuts\" \/>\n<script type=\"application\/ld+json\" class=\"yoast-schema-graph\">{\"@context\":\"https:\/\/schema.org\",\"@graph\":[{\"@type\":\"WebPage\",\"@id\":\"https:\/\/aral2.cetrexmarketing.com\/ca\/producto\/familia-oliveda-brut-jove\/\",\"url\":\"https:\/\/aral2.cetrexmarketing.com\/ca\/producto\/familia-oliveda-brut-jove\/\",\"name\":\"Fam\u00edlia Oliveda Brut Jove Cava\",\"isPartOf\":{\"@id\":\"https:\/\/aral2.cetrexmarketing.com\/#website\"},\"primaryImageOfPage\":{\"@id\":\"https:\/\/aral2.cetrexmarketing.com\/ca\/producto\/familia-oliveda-brut-jove\/#primaryimage\"},\"image\":{\"@id\":\"https:\/\/aral2.cetrexmarketing.com\/ca\/producto\/familia-oliveda-brut-jove\/#primaryimage\"},\"thumbnailUrl\":\"https:\/\/aral2.cetrexmarketing.com\/wp-content\/uploads\/2025\/05\/FAMILIA-OLIVEDA-BRUT-JOVEN.jpg.png\",\"datePublished\":\"2025-05-24T08:19:51+00:00\",\"dateModified\":\"2025-05-24T08:19:53+00:00\",\"description\":\"Compra el cava Fam\u00edlia Oliveda Brut Jove al millor preu. Per 5,55\u20ac descobrir\u00e0s un escum\u00f3s jove, fresc i agradable. Per disfrutar-lo tots els moments.\",\"breadcrumb\":{\"@id\":\"https:\/\/aral2.cetrexmarketing.com\/ca\/producto\/familia-oliveda-brut-jove\/#breadcrumb\"},\"inLanguage\":\"ca\",\"potentialAction\":[{\"@type\":\"ReadAction\",\"target\":[\"https:\/\/aral2.cetrexmarketing.com\/ca\/producto\/familia-oliveda-brut-jove\/\"]}]},{\"@type\":\"ImageObject\",\"inLanguage\":\"ca\",\"@id\":\"https:\/\/aral2.cetrexmarketing.com\/ca\/producto\/familia-oliveda-brut-jove\/#primaryimage\",\"url\":\"https:\/\/aral2.cetrexmarketing.com\/wp-content\/uploads\/2025\/05\/FAMILIA-OLIVEDA-BRUT-JOVEN.jpg.png\",\"contentUrl\":\"https:\/\/aral2.cetrexmarketing.com\/wp-content\/uploads\/2025\/05\/FAMILIA-OLIVEDA-BRUT-JOVEN.jpg.png\",\"width\":765,\"height\":1024},{\"@type\":\"BreadcrumbList\",\"@id\":\"https:\/\/aral2.cetrexmarketing.com\/ca\/producto\/familia-oliveda-brut-jove\/#breadcrumb\",\"itemListElement\":[{\"@type\":\"ListItem\",\"position\":1,\"name\":\"Home\",\"item\":\"https:\/\/aral2.cetrexmarketing.com\/ca\/\"},{\"@type\":\"ListItem\",\"position\":2,\"name\":\"Tienda\",\"item\":\"https:\/\/aral2.cetrexmarketing.com\/ca\/tienda-2\/\"},{\"@type\":\"ListItem\",\"position\":3,\"name\":\"Vi Escum\u00f3s\",\"item\":\"https:\/\/aral2.cetrexmarketing.com\/categoria-producto\/home-ca\/vi-escumos-ca\/\"},{\"@type\":\"ListItem\",\"position\":4,\"name\":\"Cava\",\"item\":\"https:\/\/aral2.cetrexmarketing.com\/ca\/categoria-producto\/home-ca\/vi-escumos-ca\/cava-ca\/\"},{\"@type\":\"ListItem\",\"position\":5,\"name\":\"Cava Blanco\",\"item\":\"https:\/\/aral2.cetrexmarketing.com\/categoria-producto\/inicio\/vino-espumoso\/cava\/cava-blanco\/\"},{\"@type\":\"ListItem\",\"position\":6,\"name\":\"Familia Oliveda Brut Jove\"}]},{\"@type\":\"WebSite\",\"@id\":\"https:\/\/aral2.cetrexmarketing.com\/#website\",\"url\":\"https:\/\/aral2.cetrexmarketing.com\/\",\"name\":\"M\u00f3n La Cata\",\"description\":\"Tienda de vinos, licores, cervezas y gourmet\",\"publisher\":{\"@id\":\"https:\/\/aral2.cetrexmarketing.com\/#organization\"},\"potentialAction\":[{\"@type\":\"SearchAction\",\"target\":{\"@type\":\"EntryPoint\",\"urlTemplate\":\"https:\/\/aral2.cetrexmarketing.com\/?s={search_term_string}\"},\"query-input\":{\"@type\":\"PropertyValueSpecification\",\"valueRequired\":true,\"valueName\":\"search_term_string\"}}],\"inLanguage\":\"ca\"},{\"@type\":\"Organization\",\"@id\":\"https:\/\/aral2.cetrexmarketing.com\/#organization\",\"name\":\"M\u00f3n La Cata\",\"url\":\"https:\/\/aral2.cetrexmarketing.com\/\",\"logo\":{\"@type\":\"ImageObject\",\"inLanguage\":\"ca\",\"@id\":\"https:\/\/aral2.cetrexmarketing.com\/#\/schema\/logo\/image\/\",\"url\":\"https:\/\/aral2.cetrexmarketing.com\/wp-content\/uploads\/2024\/10\/aral-logo-neg-1024x409-1.png\",\"contentUrl\":\"https:\/\/aral2.cetrexmarketing.com\/wp-content\/uploads\/2024\/10\/aral-logo-neg-1024x409-1.png\",\"width\":1024,\"height\":409,\"caption\":\"M\u00f3n La Cata\"},\"image\":{\"@id\":\"https:\/\/aral2.cetrexmarketing.com\/#\/schema\/logo\/image\/\"}}]}<\/script>\n<!-- \/ Yoast SEO Premium plugin. -->","yoast_head_json":{"title":"Fam\u00edlia Oliveda Brut Jove Cava","description":"Compra el cava Fam\u00edlia Oliveda Brut Jove al millor preu. Per 5,55\u20ac descobrir\u00e0s un escum\u00f3s jove, fresc i agradable. Per disfrutar-lo tots els moments.","robots":{"index":"noindex","follow":"follow","max-snippet":"max-snippet:-1","max-image-preview":"max-image-preview:large","max-video-preview":"max-video-preview:-1"},"og_locale":"ca_ES","og_type":"article","og_title":"Familia Oliveda Brut Jove","og_description":"Compra el cava Fam\u00edlia Oliveda Brut Jove al millor preu. Per 5,55\u20ac descobrir\u00e0s un escum\u00f3s jove, fresc i agradable. Per disfrutar-lo tots els moments.","og_url":"https:\/\/aral2.cetrexmarketing.com\/ca\/producto\/familia-oliveda-brut-jove\/","og_site_name":"M\u00f3n La Cata","article_modified_time":"2025-05-24T08:19:53+00:00","og_image":[{"width":765,"height":1024,"url":"https:\/\/aral2.cetrexmarketing.com\/wp-content\/uploads\/2025\/05\/FAMILIA-OLIVEDA-BRUT-JOVEN.jpg.png","type":"image\/png"}],"twitter_card":"summary_large_image","twitter_misc":{"Temps estimat de lectura":"3 minuts"},"schema":{"@context":"https:\/\/schema.org","@graph":[{"@type":"WebPage","@id":"https:\/\/aral2.cetrexmarketing.com\/ca\/producto\/familia-oliveda-brut-jove\/","url":"https:\/\/aral2.cetrexmarketing.com\/ca\/producto\/familia-oliveda-brut-jove\/","name":"Fam\u00edlia Oliveda Brut Jove Cava","isPartOf":{"@id":"https:\/\/aral2.cetrexmarketing.com\/#website"},"primaryImageOfPage":{"@id":"https:\/\/aral2.cetrexmarketing.com\/ca\/producto\/familia-oliveda-brut-jove\/#primaryimage"},"image":{"@id":"https:\/\/aral2.cetrexmarketing.com\/ca\/producto\/familia-oliveda-brut-jove\/#primaryimage"},"thumbnailUrl":"https:\/\/aral2.cetrexmarketing.com\/wp-content\/uploads\/2025\/05\/FAMILIA-OLIVEDA-BRUT-JOVEN.jpg.png","datePublished":"2025-05-24T08:19:51+00:00","dateModified":"2025-05-24T08:19:53+00:00","description":"Compra el cava Fam\u00edlia Oliveda Brut Jove al millor preu. Per 5,55\u20ac descobrir\u00e0s un escum\u00f3s jove, fresc i agradable. Per disfrutar-lo tots els moments.","breadcrumb":{"@id":"https:\/\/aral2.cetrexmarketing.com\/ca\/producto\/familia-oliveda-brut-jove\/#breadcrumb"},"inLanguage":"ca","potentialAction":[{"@type":"ReadAction","target":["https:\/\/aral2.cetrexmarketing.com\/ca\/producto\/familia-oliveda-brut-jove\/"]}]},{"@type":"ImageObject","inLanguage":"ca","@id":"https:\/\/aral2.cetrexmarketing.com\/ca\/producto\/familia-oliveda-brut-jove\/#primaryimage","url":"https:\/\/aral2.cetrexmarketing.com\/wp-content\/uploads\/2025\/05\/FAMILIA-OLIVEDA-BRUT-JOVEN.jpg.png","contentUrl":"https:\/\/aral2.cetrexmarketing.com\/wp-content\/uploads\/2025\/05\/FAMILIA-OLIVEDA-BRUT-JOVEN.jpg.png","width":765,"height":1024},{"@type":"BreadcrumbList","@id":"https:\/\/aral2.cetrexmarketing.com\/ca\/producto\/familia-oliveda-brut-jove\/#breadcrumb","itemListElement":[{"@type":"ListItem","position":1,"name":"Home","item":"https:\/\/aral2.cetrexmarketing.com\/ca\/"},{"@type":"ListItem","position":2,"name":"Tienda","item":"https:\/\/aral2.cetrexmarketing.com\/ca\/tienda-2\/"},{"@type":"ListItem","position":3,"name":"Vi Escum\u00f3s","item":"https:\/\/aral2.cetrexmarketing.com\/categoria-producto\/home-ca\/vi-escumos-ca\/"},{"@type":"ListItem","position":4,"name":"Cava","item":"https:\/\/aral2.cetrexmarketing.com\/ca\/categoria-producto\/home-ca\/vi-escumos-ca\/cava-ca\/"},{"@type":"ListItem","position":5,"name":"Cava Blanco","item":"https:\/\/aral2.cetrexmarketing.com\/categoria-producto\/inicio\/vino-espumoso\/cava\/cava-blanco\/"},{"@type":"ListItem","position":6,"name":"Familia Oliveda Brut Jove"}]},{"@type":"WebSite","@id":"https:\/\/aral2.cetrexmarketing.com\/#website","url":"https:\/\/aral2.cetrexmarketing.com\/","name":"M\u00f3n La Cata","description":"Tienda de vinos, licores, cervezas y gourmet","publisher":{"@id":"https:\/\/aral2.cetrexmarketing.com\/#organization"},"potentialAction":[{"@type":"SearchAction","target":{"@type":"EntryPoint","urlTemplate":"https:\/\/aral2.cetrexmarketing.com\/?s={search_term_string}"},"query-input":{"@type":"PropertyValueSpecification","valueRequired":true,"valueName":"search_term_string"}}],"inLanguage":"ca"},{"@type":"Organization","@id":"https:\/\/aral2.cetrexmarketing.com\/#organization","name":"M\u00f3n La Cata","url":"https:\/\/aral2.cetrexmarketing.com\/","logo":{"@type":"ImageObject","inLanguage":"ca","@id":"https:\/\/aral2.cetrexmarketing.com\/#\/schema\/logo\/image\/","url":"https:\/\/aral2.cetrexmarketing.com\/wp-content\/uploads\/2024\/10\/aral-logo-neg-1024x409-1.png","contentUrl":"https:\/\/aral2.cetrexmarketing.com\/wp-content\/uploads\/2024\/10\/aral-logo-neg-1024x409-1.png","width":1024,"height":409,"caption":"M\u00f3n La Cata"},"image":{"@id":"https:\/\/aral2.cetrexmarketing.com\/#\/schema\/logo\/image\/"}}]}},"brands":[{"id":32909,"name":"Cava D.O.","slug":"cava-d-o"}],"_links":{"self":[{"href":"https:\/\/aral2.cetrexmarketing.com\/ca\/wp-json\/wp\/v2\/product\/83119","targetHints":{"allow":["GET"]}}],"collection":[{"href":"https:\/\/aral2.cetrexmarketing.com\/ca\/wp-json\/wp\/v2\/product"}],"about":[{"href":"https:\/\/aral2.cetrexmarketing.com\/ca\/wp-json\/wp\/v2\/types\/product"}],"replies":[{"embeddable":true,"href":"https:\/\/aral2.cetrexmarketing.com\/ca\/wp-json\/wp\/v2\/comments?post=83119"}],"wp:featuredmedia":[{"embeddable":true,"href":"https:\/\/aral2.cetrexmarketing.com\/ca\/wp-json\/wp\/v2\/media\/83116"}],"wp:attachment":[{"href":"https:\/\/aral2.cetrexmarketing.com\/ca\/wp-json\/wp\/v2\/media?parent=83119"}],"wp:term":[{"taxonomy":"pwb-brand","embeddable":true,"href":"https:\/\/aral2.cetrexmarketing.com\/ca\/wp-json\/wp\/v2\/pwb-brand?post=83119"},{"taxonomy":"product_brand","embeddable":true,"href":"https:\/\/aral2.cetrexmarketing.com\/ca\/wp-json\/wp\/v2\/product_brand?post=83119"},{"taxonomy":"product_cat","embeddable":true,"href":"https:\/\/aral2.cetrexmarketing.com\/ca\/wp-json\/wp\/v2\/product_cat?post=83119"},{"taxonomy":"product_tag","embeddable":true,"href":"https:\/\/aral2.cetrexmarketing.com\/ca\/wp-json\/wp\/v2\/product_tag?post=83119"}],"curies":[{"name":"wp","href":"https:\/\/api.w.org\/{rel}","templated":true}]}}