{"id":83092,"date":"2025-05-24T08:19:15","date_gmt":"2025-05-24T08:19:15","guid":{"rendered":"https:\/\/aral2.cetrexmarketing.com\/producto\/rimarts-24-brut-nature-reserva-2\/"},"modified":"2025-05-24T08:19:16","modified_gmt":"2025-05-24T08:19:16","slug":"rimarts-24-brut-nature-reserva-2","status":"publish","type":"product","link":"https:\/\/aral2.cetrexmarketing.com\/ca\/producto\/rimarts-24-brut-nature-reserva-2\/","title":{"rendered":"Rimarts 24 Brut Nature Reserva"},"content":{"rendered":"<p>Rimarts 24 Brut Nature Reserva \u00e9s un cava d&#8217;alta qualitat elaborat pel celler Rimarts a Sant Sadurn\u00ed d&#8217;Anoia. La seva elaboraci\u00f3 segueix el m\u00e8tode tradicional i assegura un producte excepcional.<\/p>\n<p>L&#8217;elaboraci\u00f3 comen\u00e7a amb la selecci\u00f3 manual dels millors ra\u00efms de les varietats Macabeu, Xarel\u00b7lo i Parellada. Aquest ra\u00efm es recullen al punt \u00f2ptim de maduraci\u00f3 per garantir la m\u00e0xima qualitat.<\/p>\n<p>Els ra\u00efms es premsen suaument per obtenir el most flor. Aquest most es fermenta en dip\u00f2sits d&#8217;acer inoxidable a temperatura controlada, preservant-ne les aromes i els sabors frescos.<\/p>\n<p>Despr\u00e9s de la primera fermentaci\u00f3, el vi base s&#8217;embotella juntament amb una barreja de sucre i llevats per a la segona fermentaci\u00f3 en ampolla. Aquest proc\u00e9s \u00e9s essencial per al desenvolupament de les bombolles.<\/p>\n<p>El cava es cria en rima durant un m\u00ednim de 24 mesos a les caves subterr\u00e0nies. Durant aquest temps, els llevats es desintegren lentament, aportant complexitat i finor.<\/p>\n<p>Despr\u00e9s de la crian\u00e7a, es realitza el degollament manual, eliminant els sediments sense afegir sucre (brut nature). Aquest proc\u00e9s assegura un cava sec i pur, amb una bombolla fina i persistent.<\/p>\n<p>En resum, l&#8217;elaboraci\u00f3 de Rimarts 24 Brut Nature Reserva combina la selecci\u00f3 manual de ra\u00efms, una fermentaci\u00f3 controlada i una llarga crian\u00e7a en ampolla, seguint el m\u00e8tode tradicional per obtenir un cava de gran qualitat.<\/p>\n","protected":false},"excerpt":{"rendered":"<p>Rimarts 24 Brut Nature Reserva \u00e9s un cava d&#8217;alta qualitat elaborat pel celler Rimarts a Sant Sadurn\u00ed d&#8217;Anoia. La seva elaboraci\u00f3 segueix el m\u00e8tode tradicional i assegura un producte excepcional.<\/p>\n<p>L&#8217;elaboraci\u00f3 comen\u00e7a amb la selecci\u00f3 manual dels millors ra\u00efms de les varietats Macabeu, Xarel\u00b7lo i Parellada. Aquest ra\u00efm es recullen al punt \u00f2ptim de maduraci\u00f3 per garantir la m\u00e0xima qualitat.<\/p>\n","protected":false},"featured_media":83089,"comment_status":"closed","ping_status":"closed","template":"","meta":{"_acf_changed":false},"pwb-brand":[],"product_brand":[],"product_cat":[51695,51696,51669,51694],"product_tag":[15124,15119,14907,16041,50375,50377],"class_list":{"0":"post-83092","1":"product","2":"type-product","3":"status-publish","4":"has-post-thumbnail","6":"product_cat-cava-vi-escumos","7":"product_cat-cava-blanc","8":"product_cat-ecologic","9":"product_cat-vi-escumos","10":"product_tag-brut-nature-ca","11":"product_tag-cava-ca","12":"product_tag-reserva-ca","13":"product_tag-rimarts-ca","14":"product_tag-rimarts-24-brut-nature-reserva-ca","15":"product_tag-sant-sadurni-danoia-ca","16":"pa_anada-36210","17":"pa_bodega-ricardmdesimon","18":"pa_cantidaddeazucar-brutnature","19":"pa_do-cava-d-o-ca-2","20":"pa_ecologico-vegano-natural-ecologic","21":"pa_envejecimiento-reserva-ca","22":"pa_formatoenml-38306","23":"pa_graduacion-11_5","24":"pa_pais-espanya-ca","25":"pa_pueblociudad-sant-sadurni-danoia-barcelona","26":"entry","27":"has-media","29":"first","30":"instock","31":"taxable","32":"shipping-taxable","33":"purchasable","34":"product-type-simple"},"acf":[],"yoast_head":"<!-- This site is optimized with the Yoast SEO Premium plugin v23.1 (Yoast SEO v23.5) - https:\/\/yoast.com\/wordpress\/plugins\/seo\/ -->\n<title>Rimarts 24 Brut Nature Reserva<\/title>\n<meta name=\"description\" content=\"Comprar online al millor preu el cava Rimarts 24 Brut Nature Reserva de la DO Cava. Web especializada en vinos, destilados y alimentaci\u00f3n gourmet.\" \/>\n<meta name=\"robots\" content=\"noindex, follow, max-snippet:-1, max-image-preview:large, max-video-preview:-1\" \/>\n<meta property=\"og:locale\" content=\"ca_ES\" \/>\n<meta property=\"og:type\" content=\"article\" \/>\n<meta property=\"og:title\" content=\"Rimarts 24 Brut Nature Reserva\" \/>\n<meta property=\"og:description\" content=\"Comprar online al millor preu el cava Rimarts 24 Brut Nature Reserva de la DO Cava. Web especializada en vinos, destilados y alimentaci\u00f3n gourmet.\" \/>\n<meta property=\"og:url\" content=\"https:\/\/aral2.cetrexmarketing.com\/ca\/producto\/rimarts-24-brut-nature-reserva-2\/\" \/>\n<meta property=\"og:site_name\" content=\"M\u00f3n La Cata\" \/>\n<meta property=\"article:modified_time\" content=\"2025-05-24T08:19:16+00:00\" \/>\n<meta property=\"og:image\" content=\"https:\/\/aral2.cetrexmarketing.com\/wp-content\/uploads\/2025\/05\/RIMARTS-24-BRUT-NATURE-RESERVA.jpg.png\" \/>\n\t<meta property=\"og:image:width\" content=\"765\" \/>\n\t<meta property=\"og:image:height\" content=\"1024\" \/>\n\t<meta property=\"og:image:type\" content=\"image\/png\" \/>\n<meta name=\"twitter:card\" content=\"summary_large_image\" \/>\n<meta name=\"twitter:label1\" content=\"Temps estimat de lectura\" \/>\n\t<meta name=\"twitter:data1\" content=\"2 minuts\" \/>\n<script type=\"application\/ld+json\" class=\"yoast-schema-graph\">{\"@context\":\"https:\/\/schema.org\",\"@graph\":[{\"@type\":\"WebPage\",\"@id\":\"https:\/\/aral2.cetrexmarketing.com\/ca\/producto\/rimarts-24-brut-nature-reserva-2\/\",\"url\":\"https:\/\/aral2.cetrexmarketing.com\/ca\/producto\/rimarts-24-brut-nature-reserva-2\/\",\"name\":\"Rimarts 24 Brut Nature Reserva\",\"isPartOf\":{\"@id\":\"https:\/\/aral2.cetrexmarketing.com\/#website\"},\"primaryImageOfPage\":{\"@id\":\"https:\/\/aral2.cetrexmarketing.com\/ca\/producto\/rimarts-24-brut-nature-reserva-2\/#primaryimage\"},\"image\":{\"@id\":\"https:\/\/aral2.cetrexmarketing.com\/ca\/producto\/rimarts-24-brut-nature-reserva-2\/#primaryimage\"},\"thumbnailUrl\":\"https:\/\/aral2.cetrexmarketing.com\/wp-content\/uploads\/2025\/05\/RIMARTS-24-BRUT-NATURE-RESERVA.jpg.png\",\"datePublished\":\"2025-05-24T08:19:15+00:00\",\"dateModified\":\"2025-05-24T08:19:16+00:00\",\"description\":\"Comprar online al millor preu el cava Rimarts 24 Brut Nature Reserva de la DO Cava. Web especializada en vinos, destilados y alimentaci\u00f3n gourmet.\",\"breadcrumb\":{\"@id\":\"https:\/\/aral2.cetrexmarketing.com\/ca\/producto\/rimarts-24-brut-nature-reserva-2\/#breadcrumb\"},\"inLanguage\":\"ca\",\"potentialAction\":[{\"@type\":\"ReadAction\",\"target\":[\"https:\/\/aral2.cetrexmarketing.com\/ca\/producto\/rimarts-24-brut-nature-reserva-2\/\"]}]},{\"@type\":\"ImageObject\",\"inLanguage\":\"ca\",\"@id\":\"https:\/\/aral2.cetrexmarketing.com\/ca\/producto\/rimarts-24-brut-nature-reserva-2\/#primaryimage\",\"url\":\"https:\/\/aral2.cetrexmarketing.com\/wp-content\/uploads\/2025\/05\/RIMARTS-24-BRUT-NATURE-RESERVA.jpg.png\",\"contentUrl\":\"https:\/\/aral2.cetrexmarketing.com\/wp-content\/uploads\/2025\/05\/RIMARTS-24-BRUT-NATURE-RESERVA.jpg.png\",\"width\":765,\"height\":1024},{\"@type\":\"BreadcrumbList\",\"@id\":\"https:\/\/aral2.cetrexmarketing.com\/ca\/producto\/rimarts-24-brut-nature-reserva-2\/#breadcrumb\",\"itemListElement\":[{\"@type\":\"ListItem\",\"position\":1,\"name\":\"Home\",\"item\":\"https:\/\/aral2.cetrexmarketing.com\/ca\/\"},{\"@type\":\"ListItem\",\"position\":2,\"name\":\"Tienda\",\"item\":\"https:\/\/aral2.cetrexmarketing.com\/ca\/tienda-2\/\"},{\"@type\":\"ListItem\",\"position\":3,\"name\":\"Vi Escum\u00f3s\",\"item\":\"https:\/\/aral2.cetrexmarketing.com\/categoria-producto\/home-ca\/vi-escumos-ca\/\"},{\"@type\":\"ListItem\",\"position\":4,\"name\":\"Cava\",\"item\":\"https:\/\/aral2.cetrexmarketing.com\/ca\/categoria-producto\/home-ca\/vi-escumos-ca\/cava-ca\/\"},{\"@type\":\"ListItem\",\"position\":5,\"name\":\"Cava Blanco\",\"item\":\"https:\/\/aral2.cetrexmarketing.com\/categoria-producto\/inicio\/vino-espumoso\/cava\/cava-blanco\/\"},{\"@type\":\"ListItem\",\"position\":6,\"name\":\"Rimarts 24 Brut Nature Reserva\"}]},{\"@type\":\"WebSite\",\"@id\":\"https:\/\/aral2.cetrexmarketing.com\/#website\",\"url\":\"https:\/\/aral2.cetrexmarketing.com\/\",\"name\":\"M\u00f3n La Cata\",\"description\":\"Tienda de vinos, licores, cervezas y gourmet\",\"publisher\":{\"@id\":\"https:\/\/aral2.cetrexmarketing.com\/#organization\"},\"potentialAction\":[{\"@type\":\"SearchAction\",\"target\":{\"@type\":\"EntryPoint\",\"urlTemplate\":\"https:\/\/aral2.cetrexmarketing.com\/?s={search_term_string}\"},\"query-input\":{\"@type\":\"PropertyValueSpecification\",\"valueRequired\":true,\"valueName\":\"search_term_string\"}}],\"inLanguage\":\"ca\"},{\"@type\":\"Organization\",\"@id\":\"https:\/\/aral2.cetrexmarketing.com\/#organization\",\"name\":\"M\u00f3n La Cata\",\"url\":\"https:\/\/aral2.cetrexmarketing.com\/\",\"logo\":{\"@type\":\"ImageObject\",\"inLanguage\":\"ca\",\"@id\":\"https:\/\/aral2.cetrexmarketing.com\/#\/schema\/logo\/image\/\",\"url\":\"https:\/\/aral2.cetrexmarketing.com\/wp-content\/uploads\/2024\/10\/aral-logo-neg-1024x409-1.png\",\"contentUrl\":\"https:\/\/aral2.cetrexmarketing.com\/wp-content\/uploads\/2024\/10\/aral-logo-neg-1024x409-1.png\",\"width\":1024,\"height\":409,\"caption\":\"M\u00f3n La Cata\"},\"image\":{\"@id\":\"https:\/\/aral2.cetrexmarketing.com\/#\/schema\/logo\/image\/\"}}]}<\/script>\n<!-- \/ Yoast SEO Premium plugin. -->","yoast_head_json":{"title":"Rimarts 24 Brut Nature Reserva","description":"Comprar online al millor preu el cava Rimarts 24 Brut Nature Reserva de la DO Cava. Web especializada en vinos, destilados y alimentaci\u00f3n gourmet.","robots":{"index":"noindex","follow":"follow","max-snippet":"max-snippet:-1","max-image-preview":"max-image-preview:large","max-video-preview":"max-video-preview:-1"},"og_locale":"ca_ES","og_type":"article","og_title":"Rimarts 24 Brut Nature Reserva","og_description":"Comprar online al millor preu el cava Rimarts 24 Brut Nature Reserva de la DO Cava. Web especializada en vinos, destilados y alimentaci\u00f3n gourmet.","og_url":"https:\/\/aral2.cetrexmarketing.com\/ca\/producto\/rimarts-24-brut-nature-reserva-2\/","og_site_name":"M\u00f3n La Cata","article_modified_time":"2025-05-24T08:19:16+00:00","og_image":[{"width":765,"height":1024,"url":"https:\/\/aral2.cetrexmarketing.com\/wp-content\/uploads\/2025\/05\/RIMARTS-24-BRUT-NATURE-RESERVA.jpg.png","type":"image\/png"}],"twitter_card":"summary_large_image","twitter_misc":{"Temps estimat de lectura":"2 minuts"},"schema":{"@context":"https:\/\/schema.org","@graph":[{"@type":"WebPage","@id":"https:\/\/aral2.cetrexmarketing.com\/ca\/producto\/rimarts-24-brut-nature-reserva-2\/","url":"https:\/\/aral2.cetrexmarketing.com\/ca\/producto\/rimarts-24-brut-nature-reserva-2\/","name":"Rimarts 24 Brut Nature Reserva","isPartOf":{"@id":"https:\/\/aral2.cetrexmarketing.com\/#website"},"primaryImageOfPage":{"@id":"https:\/\/aral2.cetrexmarketing.com\/ca\/producto\/rimarts-24-brut-nature-reserva-2\/#primaryimage"},"image":{"@id":"https:\/\/aral2.cetrexmarketing.com\/ca\/producto\/rimarts-24-brut-nature-reserva-2\/#primaryimage"},"thumbnailUrl":"https:\/\/aral2.cetrexmarketing.com\/wp-content\/uploads\/2025\/05\/RIMARTS-24-BRUT-NATURE-RESERVA.jpg.png","datePublished":"2025-05-24T08:19:15+00:00","dateModified":"2025-05-24T08:19:16+00:00","description":"Comprar online al millor preu el cava Rimarts 24 Brut Nature Reserva de la DO Cava. Web especializada en vinos, destilados y alimentaci\u00f3n gourmet.","breadcrumb":{"@id":"https:\/\/aral2.cetrexmarketing.com\/ca\/producto\/rimarts-24-brut-nature-reserva-2\/#breadcrumb"},"inLanguage":"ca","potentialAction":[{"@type":"ReadAction","target":["https:\/\/aral2.cetrexmarketing.com\/ca\/producto\/rimarts-24-brut-nature-reserva-2\/"]}]},{"@type":"ImageObject","inLanguage":"ca","@id":"https:\/\/aral2.cetrexmarketing.com\/ca\/producto\/rimarts-24-brut-nature-reserva-2\/#primaryimage","url":"https:\/\/aral2.cetrexmarketing.com\/wp-content\/uploads\/2025\/05\/RIMARTS-24-BRUT-NATURE-RESERVA.jpg.png","contentUrl":"https:\/\/aral2.cetrexmarketing.com\/wp-content\/uploads\/2025\/05\/RIMARTS-24-BRUT-NATURE-RESERVA.jpg.png","width":765,"height":1024},{"@type":"BreadcrumbList","@id":"https:\/\/aral2.cetrexmarketing.com\/ca\/producto\/rimarts-24-brut-nature-reserva-2\/#breadcrumb","itemListElement":[{"@type":"ListItem","position":1,"name":"Home","item":"https:\/\/aral2.cetrexmarketing.com\/ca\/"},{"@type":"ListItem","position":2,"name":"Tienda","item":"https:\/\/aral2.cetrexmarketing.com\/ca\/tienda-2\/"},{"@type":"ListItem","position":3,"name":"Vi Escum\u00f3s","item":"https:\/\/aral2.cetrexmarketing.com\/categoria-producto\/home-ca\/vi-escumos-ca\/"},{"@type":"ListItem","position":4,"name":"Cava","item":"https:\/\/aral2.cetrexmarketing.com\/ca\/categoria-producto\/home-ca\/vi-escumos-ca\/cava-ca\/"},{"@type":"ListItem","position":5,"name":"Cava Blanco","item":"https:\/\/aral2.cetrexmarketing.com\/categoria-producto\/inicio\/vino-espumoso\/cava\/cava-blanco\/"},{"@type":"ListItem","position":6,"name":"Rimarts 24 Brut Nature Reserva"}]},{"@type":"WebSite","@id":"https:\/\/aral2.cetrexmarketing.com\/#website","url":"https:\/\/aral2.cetrexmarketing.com\/","name":"M\u00f3n La Cata","description":"Tienda de vinos, licores, cervezas y gourmet","publisher":{"@id":"https:\/\/aral2.cetrexmarketing.com\/#organization"},"potentialAction":[{"@type":"SearchAction","target":{"@type":"EntryPoint","urlTemplate":"https:\/\/aral2.cetrexmarketing.com\/?s={search_term_string}"},"query-input":{"@type":"PropertyValueSpecification","valueRequired":true,"valueName":"search_term_string"}}],"inLanguage":"ca"},{"@type":"Organization","@id":"https:\/\/aral2.cetrexmarketing.com\/#organization","name":"M\u00f3n La Cata","url":"https:\/\/aral2.cetrexmarketing.com\/","logo":{"@type":"ImageObject","inLanguage":"ca","@id":"https:\/\/aral2.cetrexmarketing.com\/#\/schema\/logo\/image\/","url":"https:\/\/aral2.cetrexmarketing.com\/wp-content\/uploads\/2024\/10\/aral-logo-neg-1024x409-1.png","contentUrl":"https:\/\/aral2.cetrexmarketing.com\/wp-content\/uploads\/2024\/10\/aral-logo-neg-1024x409-1.png","width":1024,"height":409,"caption":"M\u00f3n La Cata"},"image":{"@id":"https:\/\/aral2.cetrexmarketing.com\/#\/schema\/logo\/image\/"}}]}},"brands":[],"_links":{"self":[{"href":"https:\/\/aral2.cetrexmarketing.com\/ca\/wp-json\/wp\/v2\/product\/83092","targetHints":{"allow":["GET"]}}],"collection":[{"href":"https:\/\/aral2.cetrexmarketing.com\/ca\/wp-json\/wp\/v2\/product"}],"about":[{"href":"https:\/\/aral2.cetrexmarketing.com\/ca\/wp-json\/wp\/v2\/types\/product"}],"replies":[{"embeddable":true,"href":"https:\/\/aral2.cetrexmarketing.com\/ca\/wp-json\/wp\/v2\/comments?post=83092"}],"wp:featuredmedia":[{"embeddable":true,"href":"https:\/\/aral2.cetrexmarketing.com\/ca\/wp-json\/wp\/v2\/media\/83089"}],"wp:attachment":[{"href":"https:\/\/aral2.cetrexmarketing.com\/ca\/wp-json\/wp\/v2\/media?parent=83092"}],"wp:term":[{"taxonomy":"pwb-brand","embeddable":true,"href":"https:\/\/aral2.cetrexmarketing.com\/ca\/wp-json\/wp\/v2\/pwb-brand?post=83092"},{"taxonomy":"product_brand","embeddable":true,"href":"https:\/\/aral2.cetrexmarketing.com\/ca\/wp-json\/wp\/v2\/product_brand?post=83092"},{"taxonomy":"product_cat","embeddable":true,"href":"https:\/\/aral2.cetrexmarketing.com\/ca\/wp-json\/wp\/v2\/product_cat?post=83092"},{"taxonomy":"product_tag","embeddable":true,"href":"https:\/\/aral2.cetrexmarketing.com\/ca\/wp-json\/wp\/v2\/product_tag?post=83092"}],"curies":[{"name":"wp","href":"https:\/\/api.w.org\/{rel}","templated":true}]}}