{"id":83088,"date":"2025-05-24T08:19:10","date_gmt":"2025-05-24T08:19:10","guid":{"rendered":"https:\/\/aral2.cetrexmarketing.com\/producto\/familia-oliveda-reserva-brut-nature-2\/"},"modified":"2025-05-24T08:19:12","modified_gmt":"2025-05-24T08:19:12","slug":"familia-oliveda-reserva-brut-nature-2","status":"publish","type":"product","link":"https:\/\/aral2.cetrexmarketing.com\/ca\/producto\/familia-oliveda-reserva-brut-nature-2\/","title":{"rendered":"Familia Oliveda Reserva Brut Nature"},"content":{"rendered":"<p><span style=\"font-weight: 400;\">FAMILIA OLIVEDA BRUT NATURE<\/span><\/p>\n<h3 class=\"\" data-start=\"40\" data-end=\"109\">\u00a0Familia Oliveda Brut Nature Reserva<\/h3>\n<p class=\"\" data-start=\"111\" data-end=\"230\"><span class=\"relative -mx-px my-[-0.2rem] rounded px-px py-[0.2rem] transition-colors duration-100 ease-in-out\">El <strong data-start=\"3\" data-end=\"42\">Familia Oliveda Brut Nature Reserva<\/strong> es un cava armonioso y elegante, elaborado por <strong data-start=\"90\" data-end=\"108\">Celler Oliveda<\/strong> bajo la Denominaci\u00f3n de Origen Cava.<\/span> <span class=\"relative -mx-px my-[-0.2rem] rounded px-px py-[0.2rem] transition-colors duration-100 ease-in-out\">Este espumoso destaca por su equilibrio entre frescor y suavidad, siendo una opci\u00f3n ideal para quienes buscan calidad y tradici\u00f3n en cada copa<\/span><\/p>\n<hr class=\"\" data-start=\"232\" data-end=\"235\" \/>\n<h3 class=\"\" data-start=\"237\" data-end=\"258\">\u00a0Ficha t\u00e9cnica<\/h3>\n<ul data-start=\"260\" data-end=\"723\">\n<li class=\"\" data-start=\"260\" data-end=\"309\">\n<p class=\"\" data-start=\"262\" data-end=\"309\"><strong data-start=\"262\" data-end=\"271\">Tipo:<\/strong> <span class=\"relative -mx-px my-[-0.2rem] rounded px-px py-[0.2rem] transition-colors duration-100 ease-in-out\">Cava Brut Nature Reserva<\/span><\/p>\n<\/li>\n<li class=\"\" data-start=\"310\" data-end=\"365\">\n<p class=\"\" data-start=\"312\" data-end=\"365\"><strong data-start=\"312\" data-end=\"327\">Variedades:<\/strong> <span class=\"relative -mx-px my-[-0.2rem] rounded px-px py-[0.2rem] transition-colors duration-100 ease-in-out\">Macabeo y Xarel\u00b7lo<\/span><\/p>\n<\/li>\n<li class=\"\" data-start=\"366\" data-end=\"432\">\n<p class=\"\" data-start=\"368\" data-end=\"432\"><strong data-start=\"368\" data-end=\"394\">M\u00e9todo de elaboraci\u00f3n:<\/strong> <span class=\"relative -mx-px my-[-0.2rem] rounded px-px py-[0.2rem] transition-colors duration-100 ease-in-out\">Tradicional (champenoise), con segunda fermentaci\u00f3n en botella y crianza de 18 meses en la cava<\/span><\/p>\n<\/li>\n<li class=\"\" data-start=\"433\" data-end=\"499\">\n<p class=\"\" data-start=\"435\" data-end=\"499\"><strong data-start=\"435\" data-end=\"461\">Graduaci\u00f3n alcoh\u00f3lica:<\/strong> <span class=\"relative -mx-px my-[-0.2rem] rounded px-px py-[0.2rem] transition-colors duration-100 ease-in-out\">11,5% Vol.<\/span><\/p>\n<\/li>\n<li class=\"\" data-start=\"500\" data-end=\"564\">\n<p class=\"\" data-start=\"502\" data-end=\"564\"><strong data-start=\"502\" data-end=\"526\">Az\u00facares residuales:<\/strong> <span class=\"relative -mx-px my-[-0.2rem] rounded px-px py-[0.2rem] transition-colors duration-100 ease-in-out\">3 g\/l<\/span><\/p>\n<\/li>\n<li class=\"\" data-start=\"565\" data-end=\"622\">\n<p class=\"\" data-start=\"567\" data-end=\"622\"><strong data-start=\"567\" data-end=\"584\">Acidez total:<\/strong> <span class=\"relative -mx-px my-[-0.2rem] rounded px-px py-[0.2rem] transition-colors duration-100 ease-in-out\">6,4 g\/l<\/span><\/p>\n<\/li>\n<li class=\"\" data-start=\"623\" data-end=\"723\">\n<p class=\"\" data-start=\"625\" data-end=\"723\"><strong data-start=\"625\" data-end=\"637\">Presi\u00f3n:<\/strong> <span class=\"relative -mx-px my-[-0.2rem] rounded px-px py-[0.2rem] transition-colors duration-100 ease-in-out\">5,8 atm<\/span>\u200b<\/p>\n<\/li>\n<\/ul>\n<h3 class=\"\" data-start=\"730\" data-end=\"750\">\u00a0Notas de cata<\/h3>\n<ul data-start=\"752\" data-end=\"955\">\n<li class=\"\" data-start=\"752\" data-end=\"804\">\n<p class=\"\" data-start=\"754\" data-end=\"804\"><strong data-start=\"754\" data-end=\"764\">Vista:<\/strong> <span class=\"relative -mx-px my-[-0.2rem] rounded px-px py-[0.2rem] transition-colors duration-100 ease-in-out\">Color amarillo pajizo con delicados reflejos dorados y burbuja fina que forma m\u00faltiples rosarios<\/span><\/p>\n<\/li>\n<li class=\"\" data-start=\"805\" data-end=\"857\">\n<p class=\"\" data-start=\"807\" data-end=\"857\"><strong data-start=\"807\" data-end=\"817\">Nariz:<\/strong> <span class=\"relative -mx-px my-[-0.2rem] rounded px-px py-[0.2rem] transition-colors duration-100 ease-in-out\">Aromas refinados con ligeros toques tostados, resultado de su cuidadosa crianza<\/span><\/p>\n<\/li>\n<li class=\"\" data-start=\"858\" data-end=\"955\">\n<p class=\"\" data-start=\"860\" data-end=\"955\"><strong data-start=\"860\" data-end=\"869\">Boca:<\/strong> <span class=\"relative -mx-px my-[-0.2rem] rounded px-px py-[0.2rem] transition-colors duration-100 ease-in-out\">Equilibrio armonioso entre frescor y suavidad, con un final refinado donde destacan matices de finas hierbas y frutos secos<\/span>\u200b<\/p>\n<\/li>\n<\/ul>\n<hr class=\"\" data-start=\"957\" data-end=\"960\" \/>\n<h3 class=\"\" data-start=\"962\" data-end=\"990\">\u00a0Maridaje recomendado<\/h3>\n<p class=\"\" data-start=\"992\" data-end=\"1077\"><span class=\"relative -mx-px my-[-0.2rem] rounded px-px py-[0.2rem] transition-colors duration-100 ease-in-out\">Este cava es perfecto para acompa\u00f1ar:<\/span><\/p>\n<ul data-start=\"1079\" data-end=\"1292\">\n<li class=\"\" data-start=\"1079\" data-end=\"1120\">\n<p class=\"\" data-start=\"1081\" data-end=\"1120\"><span class=\"relative -mx-px my-[-0.2rem] rounded px-px py-[0.2rem] transition-colors duration-100 ease-in-out\">Aperitivos selectos<\/span><\/p>\n<\/li>\n<li class=\"\" data-start=\"1121\" data-end=\"1162\">\n<p class=\"\" data-start=\"1123\" data-end=\"1162\"><span class=\"relative -mx-px my-[-0.2rem] rounded px-px py-[0.2rem] transition-colors duration-100 ease-in-out\">Embutidos finos<\/span><\/p>\n<\/li>\n<li class=\"\" data-start=\"1163\" data-end=\"1204\">\n<p class=\"\" data-start=\"1165\" data-end=\"1204\"><span class=\"relative -mx-px my-[-0.2rem] rounded px-px py-[0.2rem] transition-colors duration-100 ease-in-out\">Postres de bajo dulzor<\/span><\/p>\n<\/li>\n<li class=\"\" data-start=\"1205\" data-end=\"1292\">\n<p class=\"\" data-start=\"1207\" data-end=\"1292\"><span class=\"relative -mx-px my-[-0.2rem] rounded px-px py-[0.2rem] transition-colors duration-100 ease-in-out\">Platos de cocina mediterr\u00e1nea<\/span>\u200b<\/p>\n<\/li>\n<\/ul>\n<p class=\"\" data-start=\"1294\" data-end=\"1420\"><span class=\"relative -mx-px my-[-0.2rem] rounded px-px py-[0.2rem] transition-colors duration-100 ease-in-out\">Se recomienda servirlo a una temperatura entre 4\u00b0C y 8\u00b0C para apreciar plenamente sus cualidades<\/span> .\u200b<\/p>\n","protected":false},"excerpt":{"rendered":"<p>FAMILIA OLIVEDA BRUT NATURE \u00a0Familia Oliveda Brut Nature Reserva El Familia Oliveda Brut Nature Reserva es un cava armonioso y elegante, elaborado por Celler Oliveda bajo la Denominaci\u00f3n de Origen Cava. Este espumoso destaca por su equilibrio entre frescor y suavidad, siendo una opci\u00f3n ideal para quienes buscan calidad y tradici\u00f3n en cada copa \u00a0Ficha&hellip;<\/p>\n","protected":false},"featured_media":83080,"comment_status":"closed","ping_status":"closed","template":"","meta":{"_acf_changed":false},"pwb-brand":[32909],"product_brand":[],"product_cat":[51695,51696,51694],"product_tag":[15124,15797,15119,16049,16050,14940,15912,14907],"class_list":{"0":"post-83088","1":"product","2":"type-product","3":"status-publish","4":"has-post-thumbnail","6":"pwb-brand-cava-d-o","7":"product_cat-cava-vi-escumos","8":"product_cat-cava-blanc","9":"product_cat-vi-escumos","10":"product_tag-brut-nature-ca","11":"product_tag-capmany-ca","12":"product_tag-cava-ca","13":"product_tag-cava-brut-nature-ca","14":"product_tag-familia-oliveda-ca","15":"product_tag-girona-ca","16":"product_tag-oliveda-ca","17":"product_tag-reserva-ca","18":"pa_bodega-freixarigau","19":"pa_cantidaddeazucar-brutnature","20":"pa_do-cava-d-o-ca-2","21":"pa_envejecimiento-reserva-ca","22":"pa_formatoenl-36158","23":"pa_formatoenml-38306","24":"pa_graduacion-11_5","25":"pa_pais-espanya-ca","26":"pa_pesoengramos-38354","27":"pa_pesoenkg-14-2","28":"pa_pueblociudad-capmanygirona","29":"pa_region-cataluna","30":"pa_tipodevino-vinoespumoso","31":"entry","32":"has-media","34":"first","35":"instock","36":"taxable","37":"shipping-taxable","38":"purchasable","39":"product-type-simple"},"acf":[],"yoast_head":"<!-- This site is optimized with the Yoast SEO Premium plugin v23.1 (Yoast SEO v23.5) - https:\/\/yoast.com\/wordpress\/plugins\/seo\/ -->\n<title>Familia Oliveda Brut Nature Reserva Cava<\/title>\n<meta name=\"description\" content=\"Comprar online al millor preu el cava Familia Oliveda Reserva Brut Nature (Capmany, Girona) Viniteca. Licoreria. Destil\u00b7lats. Begudes. Productes Gourmet.\" \/>\n<meta name=\"robots\" content=\"noindex, follow, max-snippet:-1, max-image-preview:large, max-video-preview:-1\" \/>\n<meta property=\"og:locale\" content=\"ca_ES\" \/>\n<meta property=\"og:type\" content=\"article\" \/>\n<meta property=\"og:title\" content=\"Familia Oliveda Reserva Brut Nature\" \/>\n<meta property=\"og:description\" content=\"Comprar online al millor preu el cava Familia Oliveda Reserva Brut Nature (Capmany, Girona) Viniteca. Licoreria. Destil\u00b7lats. Begudes. Productes Gourmet.\" \/>\n<meta property=\"og:url\" content=\"https:\/\/aral2.cetrexmarketing.com\/ca\/producto\/familia-oliveda-reserva-brut-nature-2\/\" \/>\n<meta property=\"og:site_name\" content=\"M\u00f3n La Cata\" \/>\n<meta property=\"article:modified_time\" content=\"2025-05-24T08:19:12+00:00\" \/>\n<meta property=\"og:image\" content=\"https:\/\/aral2.cetrexmarketing.com\/wp-content\/uploads\/2025\/05\/FAMILIA-OLIVEDA-RESERVA-BRUT-NATURE.png\" \/>\n\t<meta property=\"og:image:width\" content=\"765\" \/>\n\t<meta property=\"og:image:height\" content=\"1024\" \/>\n\t<meta property=\"og:image:type\" content=\"image\/png\" \/>\n<meta name=\"twitter:card\" content=\"summary_large_image\" \/>\n<meta name=\"twitter:label1\" content=\"Temps estimat de lectura\" \/>\n\t<meta name=\"twitter:data1\" content=\"2 minuts\" \/>\n<script type=\"application\/ld+json\" class=\"yoast-schema-graph\">{\"@context\":\"https:\/\/schema.org\",\"@graph\":[{\"@type\":\"WebPage\",\"@id\":\"https:\/\/aral2.cetrexmarketing.com\/ca\/producto\/familia-oliveda-reserva-brut-nature-2\/\",\"url\":\"https:\/\/aral2.cetrexmarketing.com\/ca\/producto\/familia-oliveda-reserva-brut-nature-2\/\",\"name\":\"Familia Oliveda Brut Nature Reserva Cava\",\"isPartOf\":{\"@id\":\"https:\/\/aral2.cetrexmarketing.com\/#website\"},\"primaryImageOfPage\":{\"@id\":\"https:\/\/aral2.cetrexmarketing.com\/ca\/producto\/familia-oliveda-reserva-brut-nature-2\/#primaryimage\"},\"image\":{\"@id\":\"https:\/\/aral2.cetrexmarketing.com\/ca\/producto\/familia-oliveda-reserva-brut-nature-2\/#primaryimage\"},\"thumbnailUrl\":\"https:\/\/aral2.cetrexmarketing.com\/wp-content\/uploads\/2025\/05\/FAMILIA-OLIVEDA-RESERVA-BRUT-NATURE.png\",\"datePublished\":\"2025-05-24T08:19:10+00:00\",\"dateModified\":\"2025-05-24T08:19:12+00:00\",\"description\":\"Comprar online al millor preu el cava Familia Oliveda Reserva Brut Nature (Capmany, Girona) Viniteca. Licoreria. Destil\u00b7lats. Begudes. Productes Gourmet.\",\"breadcrumb\":{\"@id\":\"https:\/\/aral2.cetrexmarketing.com\/ca\/producto\/familia-oliveda-reserva-brut-nature-2\/#breadcrumb\"},\"inLanguage\":\"ca\",\"potentialAction\":[{\"@type\":\"ReadAction\",\"target\":[\"https:\/\/aral2.cetrexmarketing.com\/ca\/producto\/familia-oliveda-reserva-brut-nature-2\/\"]}]},{\"@type\":\"ImageObject\",\"inLanguage\":\"ca\",\"@id\":\"https:\/\/aral2.cetrexmarketing.com\/ca\/producto\/familia-oliveda-reserva-brut-nature-2\/#primaryimage\",\"url\":\"https:\/\/aral2.cetrexmarketing.com\/wp-content\/uploads\/2025\/05\/FAMILIA-OLIVEDA-RESERVA-BRUT-NATURE.png\",\"contentUrl\":\"https:\/\/aral2.cetrexmarketing.com\/wp-content\/uploads\/2025\/05\/FAMILIA-OLIVEDA-RESERVA-BRUT-NATURE.png\",\"width\":765,\"height\":1024},{\"@type\":\"BreadcrumbList\",\"@id\":\"https:\/\/aral2.cetrexmarketing.com\/ca\/producto\/familia-oliveda-reserva-brut-nature-2\/#breadcrumb\",\"itemListElement\":[{\"@type\":\"ListItem\",\"position\":1,\"name\":\"Home\",\"item\":\"https:\/\/aral2.cetrexmarketing.com\/ca\/\"},{\"@type\":\"ListItem\",\"position\":2,\"name\":\"Tienda\",\"item\":\"https:\/\/aral2.cetrexmarketing.com\/ca\/tienda-2\/\"},{\"@type\":\"ListItem\",\"position\":3,\"name\":\"Vi Escum\u00f3s\",\"item\":\"https:\/\/aral2.cetrexmarketing.com\/categoria-producto\/home-ca\/vi-escumos-ca\/\"},{\"@type\":\"ListItem\",\"position\":4,\"name\":\"Cava\",\"item\":\"https:\/\/aral2.cetrexmarketing.com\/ca\/categoria-producto\/home-ca\/vi-escumos-ca\/cava-ca\/\"},{\"@type\":\"ListItem\",\"position\":5,\"name\":\"Cava Blanco\",\"item\":\"https:\/\/aral2.cetrexmarketing.com\/categoria-producto\/inicio\/vino-espumoso\/cava\/cava-blanco\/\"},{\"@type\":\"ListItem\",\"position\":6,\"name\":\"Familia Oliveda Reserva Brut Nature\"}]},{\"@type\":\"WebSite\",\"@id\":\"https:\/\/aral2.cetrexmarketing.com\/#website\",\"url\":\"https:\/\/aral2.cetrexmarketing.com\/\",\"name\":\"M\u00f3n La Cata\",\"description\":\"Tienda de vinos, licores, cervezas y gourmet\",\"publisher\":{\"@id\":\"https:\/\/aral2.cetrexmarketing.com\/#organization\"},\"potentialAction\":[{\"@type\":\"SearchAction\",\"target\":{\"@type\":\"EntryPoint\",\"urlTemplate\":\"https:\/\/aral2.cetrexmarketing.com\/?s={search_term_string}\"},\"query-input\":{\"@type\":\"PropertyValueSpecification\",\"valueRequired\":true,\"valueName\":\"search_term_string\"}}],\"inLanguage\":\"ca\"},{\"@type\":\"Organization\",\"@id\":\"https:\/\/aral2.cetrexmarketing.com\/#organization\",\"name\":\"M\u00f3n La Cata\",\"url\":\"https:\/\/aral2.cetrexmarketing.com\/\",\"logo\":{\"@type\":\"ImageObject\",\"inLanguage\":\"ca\",\"@id\":\"https:\/\/aral2.cetrexmarketing.com\/#\/schema\/logo\/image\/\",\"url\":\"https:\/\/aral2.cetrexmarketing.com\/wp-content\/uploads\/2024\/10\/aral-logo-neg-1024x409-1.png\",\"contentUrl\":\"https:\/\/aral2.cetrexmarketing.com\/wp-content\/uploads\/2024\/10\/aral-logo-neg-1024x409-1.png\",\"width\":1024,\"height\":409,\"caption\":\"M\u00f3n La Cata\"},\"image\":{\"@id\":\"https:\/\/aral2.cetrexmarketing.com\/#\/schema\/logo\/image\/\"}}]}<\/script>\n<!-- \/ Yoast SEO Premium plugin. -->","yoast_head_json":{"title":"Familia Oliveda Brut Nature Reserva Cava","description":"Comprar online al millor preu el cava Familia Oliveda Reserva Brut Nature (Capmany, Girona) Viniteca. Licoreria. Destil\u00b7lats. Begudes. Productes Gourmet.","robots":{"index":"noindex","follow":"follow","max-snippet":"max-snippet:-1","max-image-preview":"max-image-preview:large","max-video-preview":"max-video-preview:-1"},"og_locale":"ca_ES","og_type":"article","og_title":"Familia Oliveda Reserva Brut Nature","og_description":"Comprar online al millor preu el cava Familia Oliveda Reserva Brut Nature (Capmany, Girona) Viniteca. Licoreria. Destil\u00b7lats. Begudes. Productes Gourmet.","og_url":"https:\/\/aral2.cetrexmarketing.com\/ca\/producto\/familia-oliveda-reserva-brut-nature-2\/","og_site_name":"M\u00f3n La Cata","article_modified_time":"2025-05-24T08:19:12+00:00","og_image":[{"width":765,"height":1024,"url":"https:\/\/aral2.cetrexmarketing.com\/wp-content\/uploads\/2025\/05\/FAMILIA-OLIVEDA-RESERVA-BRUT-NATURE.png","type":"image\/png"}],"twitter_card":"summary_large_image","twitter_misc":{"Temps estimat de lectura":"2 minuts"},"schema":{"@context":"https:\/\/schema.org","@graph":[{"@type":"WebPage","@id":"https:\/\/aral2.cetrexmarketing.com\/ca\/producto\/familia-oliveda-reserva-brut-nature-2\/","url":"https:\/\/aral2.cetrexmarketing.com\/ca\/producto\/familia-oliveda-reserva-brut-nature-2\/","name":"Familia Oliveda Brut Nature Reserva Cava","isPartOf":{"@id":"https:\/\/aral2.cetrexmarketing.com\/#website"},"primaryImageOfPage":{"@id":"https:\/\/aral2.cetrexmarketing.com\/ca\/producto\/familia-oliveda-reserva-brut-nature-2\/#primaryimage"},"image":{"@id":"https:\/\/aral2.cetrexmarketing.com\/ca\/producto\/familia-oliveda-reserva-brut-nature-2\/#primaryimage"},"thumbnailUrl":"https:\/\/aral2.cetrexmarketing.com\/wp-content\/uploads\/2025\/05\/FAMILIA-OLIVEDA-RESERVA-BRUT-NATURE.png","datePublished":"2025-05-24T08:19:10+00:00","dateModified":"2025-05-24T08:19:12+00:00","description":"Comprar online al millor preu el cava Familia Oliveda Reserva Brut Nature (Capmany, Girona) Viniteca. Licoreria. Destil\u00b7lats. Begudes. Productes Gourmet.","breadcrumb":{"@id":"https:\/\/aral2.cetrexmarketing.com\/ca\/producto\/familia-oliveda-reserva-brut-nature-2\/#breadcrumb"},"inLanguage":"ca","potentialAction":[{"@type":"ReadAction","target":["https:\/\/aral2.cetrexmarketing.com\/ca\/producto\/familia-oliveda-reserva-brut-nature-2\/"]}]},{"@type":"ImageObject","inLanguage":"ca","@id":"https:\/\/aral2.cetrexmarketing.com\/ca\/producto\/familia-oliveda-reserva-brut-nature-2\/#primaryimage","url":"https:\/\/aral2.cetrexmarketing.com\/wp-content\/uploads\/2025\/05\/FAMILIA-OLIVEDA-RESERVA-BRUT-NATURE.png","contentUrl":"https:\/\/aral2.cetrexmarketing.com\/wp-content\/uploads\/2025\/05\/FAMILIA-OLIVEDA-RESERVA-BRUT-NATURE.png","width":765,"height":1024},{"@type":"BreadcrumbList","@id":"https:\/\/aral2.cetrexmarketing.com\/ca\/producto\/familia-oliveda-reserva-brut-nature-2\/#breadcrumb","itemListElement":[{"@type":"ListItem","position":1,"name":"Home","item":"https:\/\/aral2.cetrexmarketing.com\/ca\/"},{"@type":"ListItem","position":2,"name":"Tienda","item":"https:\/\/aral2.cetrexmarketing.com\/ca\/tienda-2\/"},{"@type":"ListItem","position":3,"name":"Vi Escum\u00f3s","item":"https:\/\/aral2.cetrexmarketing.com\/categoria-producto\/home-ca\/vi-escumos-ca\/"},{"@type":"ListItem","position":4,"name":"Cava","item":"https:\/\/aral2.cetrexmarketing.com\/ca\/categoria-producto\/home-ca\/vi-escumos-ca\/cava-ca\/"},{"@type":"ListItem","position":5,"name":"Cava Blanco","item":"https:\/\/aral2.cetrexmarketing.com\/categoria-producto\/inicio\/vino-espumoso\/cava\/cava-blanco\/"},{"@type":"ListItem","position":6,"name":"Familia Oliveda Reserva Brut Nature"}]},{"@type":"WebSite","@id":"https:\/\/aral2.cetrexmarketing.com\/#website","url":"https:\/\/aral2.cetrexmarketing.com\/","name":"M\u00f3n La Cata","description":"Tienda de vinos, licores, cervezas y gourmet","publisher":{"@id":"https:\/\/aral2.cetrexmarketing.com\/#organization"},"potentialAction":[{"@type":"SearchAction","target":{"@type":"EntryPoint","urlTemplate":"https:\/\/aral2.cetrexmarketing.com\/?s={search_term_string}"},"query-input":{"@type":"PropertyValueSpecification","valueRequired":true,"valueName":"search_term_string"}}],"inLanguage":"ca"},{"@type":"Organization","@id":"https:\/\/aral2.cetrexmarketing.com\/#organization","name":"M\u00f3n La Cata","url":"https:\/\/aral2.cetrexmarketing.com\/","logo":{"@type":"ImageObject","inLanguage":"ca","@id":"https:\/\/aral2.cetrexmarketing.com\/#\/schema\/logo\/image\/","url":"https:\/\/aral2.cetrexmarketing.com\/wp-content\/uploads\/2024\/10\/aral-logo-neg-1024x409-1.png","contentUrl":"https:\/\/aral2.cetrexmarketing.com\/wp-content\/uploads\/2024\/10\/aral-logo-neg-1024x409-1.png","width":1024,"height":409,"caption":"M\u00f3n La Cata"},"image":{"@id":"https:\/\/aral2.cetrexmarketing.com\/#\/schema\/logo\/image\/"}}]}},"brands":[{"id":32909,"name":"Cava D.O.","slug":"cava-d-o"}],"_links":{"self":[{"href":"https:\/\/aral2.cetrexmarketing.com\/ca\/wp-json\/wp\/v2\/product\/83088","targetHints":{"allow":["GET"]}}],"collection":[{"href":"https:\/\/aral2.cetrexmarketing.com\/ca\/wp-json\/wp\/v2\/product"}],"about":[{"href":"https:\/\/aral2.cetrexmarketing.com\/ca\/wp-json\/wp\/v2\/types\/product"}],"replies":[{"embeddable":true,"href":"https:\/\/aral2.cetrexmarketing.com\/ca\/wp-json\/wp\/v2\/comments?post=83088"}],"wp:featuredmedia":[{"embeddable":true,"href":"https:\/\/aral2.cetrexmarketing.com\/ca\/wp-json\/wp\/v2\/media\/83080"}],"wp:attachment":[{"href":"https:\/\/aral2.cetrexmarketing.com\/ca\/wp-json\/wp\/v2\/media?parent=83088"}],"wp:term":[{"taxonomy":"pwb-brand","embeddable":true,"href":"https:\/\/aral2.cetrexmarketing.com\/ca\/wp-json\/wp\/v2\/pwb-brand?post=83088"},{"taxonomy":"product_brand","embeddable":true,"href":"https:\/\/aral2.cetrexmarketing.com\/ca\/wp-json\/wp\/v2\/product_brand?post=83088"},{"taxonomy":"product_cat","embeddable":true,"href":"https:\/\/aral2.cetrexmarketing.com\/ca\/wp-json\/wp\/v2\/product_cat?post=83088"},{"taxonomy":"product_tag","embeddable":true,"href":"https:\/\/aral2.cetrexmarketing.com\/ca\/wp-json\/wp\/v2\/product_tag?post=83088"}],"curies":[{"name":"wp","href":"https:\/\/api.w.org\/{rel}","templated":true}]}}