{"id":83072,"date":"2025-05-24T08:18:53","date_gmt":"2025-05-24T08:18:53","guid":{"rendered":"https:\/\/aral2.cetrexmarketing.com\/producto\/rimarts-brut-reserva-2\/"},"modified":"2025-05-24T08:18:54","modified_gmt":"2025-05-24T08:18:54","slug":"rimarts-brut-reserva-2","status":"publish","type":"product","link":"https:\/\/aral2.cetrexmarketing.com\/ca\/producto\/rimarts-brut-reserva-2\/","title":{"rendered":"Rimarts Brut Reserva"},"content":{"rendered":"<p>Rimarts Brut Reserva \u00e9s un cava elaborat amb gran cura i precisi\u00f3 pel celler Rimarts a Sant Sadurn\u00ed d&#8217;Anoia. El proc\u00e9s d&#8217;elaboraci\u00f3 segueix el m\u00e8tode tradicional, tamb\u00e9 conegut com a m\u00e8tode champenoise.<\/p>\n<p>L&#8217;elaboraci\u00f3 comen\u00e7a amb la selecci\u00f3 manual dels millors ra\u00efms de les varietats Macabeu, Xarel\u00b7lo i Parellada. Aquest ra\u00efm es conreen a les vinyes del Pened\u00e8s i es recullen al punt \u00f2ptim de maduraci\u00f3.<\/p>\n<p>Un cop recol\u00b7lectats, el ra\u00efm es premsen suaument per obtenir el most flor, que \u00e9s el most de la m\u00e9s alta qualitat. Aquest most es fermenta a dip\u00f2sits d&#8217;acer inoxidable. A temperatura controlada, preservant les aromes i sabors frescos i fruiters del ra\u00efm.<\/p>\n<p>Despr\u00e9s de la primera fermentaci\u00f3, el vi base s&#8217;embotella juntament amb una barreja de sucre i llevats, donant inici a la segona fermentaci\u00f3 en ampolla. Aquest proc\u00e9s \u00e9s fonamental per al desenvolupament de les bombolles i la complexitat del cava.<\/p>\n<p>El cava es cria en rima durant un m\u00ednim de 24 mesos a les caves subterr\u00e0nies de Rimarts. Durant aquest temps, els llevats es desintegren lentament, cosa que aporta al cava una bombolla fina i persistent. Aix\u00ed com complexos aromes i sabors de fleca i fruits secs.<\/p>\n<p>Despr\u00e9s del per\u00edode de crian\u00e7a, es realitza el degollament manual, una t\u00e8cnica en qu\u00e8 s&#8217;eliminen els sediments acumulats al coll de l&#8217;ampolla sense l&#8217;addici\u00f3 de sucres (brut). Aquest proc\u00e9s assegura que el cava mantingui la frescor i la puresa, oferint un perfil net i elegant.<\/p>\n<p>En resum, l&#8217;elaboraci\u00f3 de Rimarts Brut Reserva \u00e9s un proc\u00e9s meticul\u00f3s que combina la selecci\u00f3 manual de ra\u00efms d&#8217;alta qualitat, fermentaci\u00f3 controlada i llarga crian\u00e7a en ampolla, tot seguint el m\u00e8tode tradicional per garantir un cava d&#8217;excel\u00b7l\u00e8ncia.<\/p>\n","protected":false},"excerpt":{"rendered":"<p>Rimarts Brut Reserva \u00e9s un proc\u00e9s meticul\u00f3s que combina la selecci\u00f3 manual de ra\u00efms d&#8217;alta qualitat, fermentaci\u00f3 controlada i llarga crian\u00e7a en ampolla, tot seguint el m\u00e8tode tradicional per garantir un cava d&#8217;excel\u00b7l\u00e8ncia.<\/p>\n","protected":false},"featured_media":83069,"comment_status":"closed","ping_status":"closed","template":"","meta":{"_acf_changed":false},"pwb-brand":[],"product_brand":[],"product_cat":[51695,51696,51669,51694],"product_tag":[15119,15136,16047,15123,16041,50373],"class_list":{"0":"post-83072","1":"product","2":"type-product","3":"status-publish","4":"has-post-thumbnail","6":"product_cat-cava-vi-escumos","7":"product_cat-cava-blanc","8":"product_cat-ecologic","9":"product_cat-vi-escumos","10":"product_tag-cava-ca","11":"product_tag-cava-brut-ca","12":"product_tag-cava-brut-reserva-ca","13":"product_tag-do-cava-ca","14":"product_tag-rimarts-ca","15":"product_tag-rimarts-brut-reserva-ca","16":"pa_anada-36211","17":"pa_bodega-ricardmdesimon","18":"pa_cantidaddeazucar-brut","19":"pa_do-cava-d-o-ca-2","20":"pa_ecologico-vegano-natural-ecologic","21":"pa_formatoenml-38306","22":"pa_graduacion-11_5","23":"pa_pais-espanya-ca","24":"pa_pueblociudad-sant-sadurni-danoia-barcelona","25":"pa_tipodevino-vinoespumoso","26":"entry","27":"has-media","29":"first","30":"instock","31":"taxable","32":"shipping-taxable","33":"purchasable","34":"product-type-simple"},"acf":[],"yoast_head":"<!-- This site is optimized with the Yoast SEO Premium plugin v23.1 (Yoast SEO v23.5) - https:\/\/yoast.com\/wordpress\/plugins\/seo\/ -->\n<title>Rimarts Brut Reserva<\/title>\n<meta name=\"description\" content=\"Comprar online al millor preu el cava Rimarts Brut Reserva de la D.O. Cava. Web especialitzada en vins, destil\u00b7lats i alimentaci\u00f3 gourmet.\" \/>\n<meta name=\"robots\" content=\"noindex, follow, max-snippet:-1, max-image-preview:large, max-video-preview:-1\" \/>\n<meta property=\"og:locale\" content=\"ca_ES\" \/>\n<meta property=\"og:type\" content=\"article\" \/>\n<meta property=\"og:title\" content=\"Rimarts Brut Reserva\" \/>\n<meta property=\"og:description\" content=\"Comprar online al millor preu el cava Rimarts Brut Reserva de la D.O. Cava. Web especialitzada en vins, destil\u00b7lats i alimentaci\u00f3 gourmet.\" \/>\n<meta property=\"og:url\" content=\"https:\/\/aral2.cetrexmarketing.com\/ca\/producto\/rimarts-brut-reserva-2\/\" \/>\n<meta property=\"og:site_name\" content=\"M\u00f3n La Cata\" \/>\n<meta property=\"article:modified_time\" content=\"2025-05-24T08:18:54+00:00\" \/>\n<meta property=\"og:image\" content=\"https:\/\/aral2.cetrexmarketing.com\/wp-content\/uploads\/2025\/05\/RIMARTS-18-BRUT-RESERVA.jpg.png\" \/>\n\t<meta property=\"og:image:width\" content=\"765\" \/>\n\t<meta property=\"og:image:height\" content=\"1024\" \/>\n\t<meta property=\"og:image:type\" content=\"image\/png\" \/>\n<meta name=\"twitter:card\" content=\"summary_large_image\" \/>\n<meta name=\"twitter:label1\" content=\"Temps estimat de lectura\" \/>\n\t<meta name=\"twitter:data1\" content=\"2 minuts\" \/>\n<script type=\"application\/ld+json\" class=\"yoast-schema-graph\">{\"@context\":\"https:\/\/schema.org\",\"@graph\":[{\"@type\":\"WebPage\",\"@id\":\"https:\/\/aral2.cetrexmarketing.com\/ca\/producto\/rimarts-brut-reserva-2\/\",\"url\":\"https:\/\/aral2.cetrexmarketing.com\/ca\/producto\/rimarts-brut-reserva-2\/\",\"name\":\"Rimarts Brut Reserva\",\"isPartOf\":{\"@id\":\"https:\/\/aral2.cetrexmarketing.com\/#website\"},\"primaryImageOfPage\":{\"@id\":\"https:\/\/aral2.cetrexmarketing.com\/ca\/producto\/rimarts-brut-reserva-2\/#primaryimage\"},\"image\":{\"@id\":\"https:\/\/aral2.cetrexmarketing.com\/ca\/producto\/rimarts-brut-reserva-2\/#primaryimage\"},\"thumbnailUrl\":\"https:\/\/aral2.cetrexmarketing.com\/wp-content\/uploads\/2025\/05\/RIMARTS-18-BRUT-RESERVA.jpg.png\",\"datePublished\":\"2025-05-24T08:18:53+00:00\",\"dateModified\":\"2025-05-24T08:18:54+00:00\",\"description\":\"Comprar online al millor preu el cava Rimarts Brut Reserva de la D.O. Cava. Web especialitzada en vins, destil\u00b7lats i alimentaci\u00f3 gourmet.\",\"breadcrumb\":{\"@id\":\"https:\/\/aral2.cetrexmarketing.com\/ca\/producto\/rimarts-brut-reserva-2\/#breadcrumb\"},\"inLanguage\":\"ca\",\"potentialAction\":[{\"@type\":\"ReadAction\",\"target\":[\"https:\/\/aral2.cetrexmarketing.com\/ca\/producto\/rimarts-brut-reserva-2\/\"]}]},{\"@type\":\"ImageObject\",\"inLanguage\":\"ca\",\"@id\":\"https:\/\/aral2.cetrexmarketing.com\/ca\/producto\/rimarts-brut-reserva-2\/#primaryimage\",\"url\":\"https:\/\/aral2.cetrexmarketing.com\/wp-content\/uploads\/2025\/05\/RIMARTS-18-BRUT-RESERVA.jpg.png\",\"contentUrl\":\"https:\/\/aral2.cetrexmarketing.com\/wp-content\/uploads\/2025\/05\/RIMARTS-18-BRUT-RESERVA.jpg.png\",\"width\":765,\"height\":1024},{\"@type\":\"BreadcrumbList\",\"@id\":\"https:\/\/aral2.cetrexmarketing.com\/ca\/producto\/rimarts-brut-reserva-2\/#breadcrumb\",\"itemListElement\":[{\"@type\":\"ListItem\",\"position\":1,\"name\":\"Home\",\"item\":\"https:\/\/aral2.cetrexmarketing.com\/ca\/\"},{\"@type\":\"ListItem\",\"position\":2,\"name\":\"Tienda\",\"item\":\"https:\/\/aral2.cetrexmarketing.com\/ca\/tienda-2\/\"},{\"@type\":\"ListItem\",\"position\":3,\"name\":\"Vi Escum\u00f3s\",\"item\":\"https:\/\/aral2.cetrexmarketing.com\/categoria-producto\/home-ca\/vi-escumos-ca\/\"},{\"@type\":\"ListItem\",\"position\":4,\"name\":\"Cava\",\"item\":\"https:\/\/aral2.cetrexmarketing.com\/ca\/categoria-producto\/home-ca\/vi-escumos-ca\/cava-ca\/\"},{\"@type\":\"ListItem\",\"position\":5,\"name\":\"Cava Blanco\",\"item\":\"https:\/\/aral2.cetrexmarketing.com\/categoria-producto\/inicio\/vino-espumoso\/cava\/cava-blanco\/\"},{\"@type\":\"ListItem\",\"position\":6,\"name\":\"Rimarts Brut Reserva\"}]},{\"@type\":\"WebSite\",\"@id\":\"https:\/\/aral2.cetrexmarketing.com\/#website\",\"url\":\"https:\/\/aral2.cetrexmarketing.com\/\",\"name\":\"M\u00f3n La Cata\",\"description\":\"Tienda de vinos, licores, cervezas y gourmet\",\"publisher\":{\"@id\":\"https:\/\/aral2.cetrexmarketing.com\/#organization\"},\"potentialAction\":[{\"@type\":\"SearchAction\",\"target\":{\"@type\":\"EntryPoint\",\"urlTemplate\":\"https:\/\/aral2.cetrexmarketing.com\/?s={search_term_string}\"},\"query-input\":{\"@type\":\"PropertyValueSpecification\",\"valueRequired\":true,\"valueName\":\"search_term_string\"}}],\"inLanguage\":\"ca\"},{\"@type\":\"Organization\",\"@id\":\"https:\/\/aral2.cetrexmarketing.com\/#organization\",\"name\":\"M\u00f3n La Cata\",\"url\":\"https:\/\/aral2.cetrexmarketing.com\/\",\"logo\":{\"@type\":\"ImageObject\",\"inLanguage\":\"ca\",\"@id\":\"https:\/\/aral2.cetrexmarketing.com\/#\/schema\/logo\/image\/\",\"url\":\"https:\/\/aral2.cetrexmarketing.com\/wp-content\/uploads\/2024\/10\/aral-logo-neg-1024x409-1.png\",\"contentUrl\":\"https:\/\/aral2.cetrexmarketing.com\/wp-content\/uploads\/2024\/10\/aral-logo-neg-1024x409-1.png\",\"width\":1024,\"height\":409,\"caption\":\"M\u00f3n La Cata\"},\"image\":{\"@id\":\"https:\/\/aral2.cetrexmarketing.com\/#\/schema\/logo\/image\/\"}}]}<\/script>\n<!-- \/ Yoast SEO Premium plugin. -->","yoast_head_json":{"title":"Rimarts Brut Reserva","description":"Comprar online al millor preu el cava Rimarts Brut Reserva de la D.O. Cava. Web especialitzada en vins, destil\u00b7lats i alimentaci\u00f3 gourmet.","robots":{"index":"noindex","follow":"follow","max-snippet":"max-snippet:-1","max-image-preview":"max-image-preview:large","max-video-preview":"max-video-preview:-1"},"og_locale":"ca_ES","og_type":"article","og_title":"Rimarts Brut Reserva","og_description":"Comprar online al millor preu el cava Rimarts Brut Reserva de la D.O. Cava. Web especialitzada en vins, destil\u00b7lats i alimentaci\u00f3 gourmet.","og_url":"https:\/\/aral2.cetrexmarketing.com\/ca\/producto\/rimarts-brut-reserva-2\/","og_site_name":"M\u00f3n La Cata","article_modified_time":"2025-05-24T08:18:54+00:00","og_image":[{"width":765,"height":1024,"url":"https:\/\/aral2.cetrexmarketing.com\/wp-content\/uploads\/2025\/05\/RIMARTS-18-BRUT-RESERVA.jpg.png","type":"image\/png"}],"twitter_card":"summary_large_image","twitter_misc":{"Temps estimat de lectura":"2 minuts"},"schema":{"@context":"https:\/\/schema.org","@graph":[{"@type":"WebPage","@id":"https:\/\/aral2.cetrexmarketing.com\/ca\/producto\/rimarts-brut-reserva-2\/","url":"https:\/\/aral2.cetrexmarketing.com\/ca\/producto\/rimarts-brut-reserva-2\/","name":"Rimarts Brut Reserva","isPartOf":{"@id":"https:\/\/aral2.cetrexmarketing.com\/#website"},"primaryImageOfPage":{"@id":"https:\/\/aral2.cetrexmarketing.com\/ca\/producto\/rimarts-brut-reserva-2\/#primaryimage"},"image":{"@id":"https:\/\/aral2.cetrexmarketing.com\/ca\/producto\/rimarts-brut-reserva-2\/#primaryimage"},"thumbnailUrl":"https:\/\/aral2.cetrexmarketing.com\/wp-content\/uploads\/2025\/05\/RIMARTS-18-BRUT-RESERVA.jpg.png","datePublished":"2025-05-24T08:18:53+00:00","dateModified":"2025-05-24T08:18:54+00:00","description":"Comprar online al millor preu el cava Rimarts Brut Reserva de la D.O. Cava. Web especialitzada en vins, destil\u00b7lats i alimentaci\u00f3 gourmet.","breadcrumb":{"@id":"https:\/\/aral2.cetrexmarketing.com\/ca\/producto\/rimarts-brut-reserva-2\/#breadcrumb"},"inLanguage":"ca","potentialAction":[{"@type":"ReadAction","target":["https:\/\/aral2.cetrexmarketing.com\/ca\/producto\/rimarts-brut-reserva-2\/"]}]},{"@type":"ImageObject","inLanguage":"ca","@id":"https:\/\/aral2.cetrexmarketing.com\/ca\/producto\/rimarts-brut-reserva-2\/#primaryimage","url":"https:\/\/aral2.cetrexmarketing.com\/wp-content\/uploads\/2025\/05\/RIMARTS-18-BRUT-RESERVA.jpg.png","contentUrl":"https:\/\/aral2.cetrexmarketing.com\/wp-content\/uploads\/2025\/05\/RIMARTS-18-BRUT-RESERVA.jpg.png","width":765,"height":1024},{"@type":"BreadcrumbList","@id":"https:\/\/aral2.cetrexmarketing.com\/ca\/producto\/rimarts-brut-reserva-2\/#breadcrumb","itemListElement":[{"@type":"ListItem","position":1,"name":"Home","item":"https:\/\/aral2.cetrexmarketing.com\/ca\/"},{"@type":"ListItem","position":2,"name":"Tienda","item":"https:\/\/aral2.cetrexmarketing.com\/ca\/tienda-2\/"},{"@type":"ListItem","position":3,"name":"Vi Escum\u00f3s","item":"https:\/\/aral2.cetrexmarketing.com\/categoria-producto\/home-ca\/vi-escumos-ca\/"},{"@type":"ListItem","position":4,"name":"Cava","item":"https:\/\/aral2.cetrexmarketing.com\/ca\/categoria-producto\/home-ca\/vi-escumos-ca\/cava-ca\/"},{"@type":"ListItem","position":5,"name":"Cava Blanco","item":"https:\/\/aral2.cetrexmarketing.com\/categoria-producto\/inicio\/vino-espumoso\/cava\/cava-blanco\/"},{"@type":"ListItem","position":6,"name":"Rimarts Brut Reserva"}]},{"@type":"WebSite","@id":"https:\/\/aral2.cetrexmarketing.com\/#website","url":"https:\/\/aral2.cetrexmarketing.com\/","name":"M\u00f3n La Cata","description":"Tienda de vinos, licores, cervezas y gourmet","publisher":{"@id":"https:\/\/aral2.cetrexmarketing.com\/#organization"},"potentialAction":[{"@type":"SearchAction","target":{"@type":"EntryPoint","urlTemplate":"https:\/\/aral2.cetrexmarketing.com\/?s={search_term_string}"},"query-input":{"@type":"PropertyValueSpecification","valueRequired":true,"valueName":"search_term_string"}}],"inLanguage":"ca"},{"@type":"Organization","@id":"https:\/\/aral2.cetrexmarketing.com\/#organization","name":"M\u00f3n La Cata","url":"https:\/\/aral2.cetrexmarketing.com\/","logo":{"@type":"ImageObject","inLanguage":"ca","@id":"https:\/\/aral2.cetrexmarketing.com\/#\/schema\/logo\/image\/","url":"https:\/\/aral2.cetrexmarketing.com\/wp-content\/uploads\/2024\/10\/aral-logo-neg-1024x409-1.png","contentUrl":"https:\/\/aral2.cetrexmarketing.com\/wp-content\/uploads\/2024\/10\/aral-logo-neg-1024x409-1.png","width":1024,"height":409,"caption":"M\u00f3n La Cata"},"image":{"@id":"https:\/\/aral2.cetrexmarketing.com\/#\/schema\/logo\/image\/"}}]}},"brands":[],"_links":{"self":[{"href":"https:\/\/aral2.cetrexmarketing.com\/ca\/wp-json\/wp\/v2\/product\/83072","targetHints":{"allow":["GET"]}}],"collection":[{"href":"https:\/\/aral2.cetrexmarketing.com\/ca\/wp-json\/wp\/v2\/product"}],"about":[{"href":"https:\/\/aral2.cetrexmarketing.com\/ca\/wp-json\/wp\/v2\/types\/product"}],"replies":[{"embeddable":true,"href":"https:\/\/aral2.cetrexmarketing.com\/ca\/wp-json\/wp\/v2\/comments?post=83072"}],"wp:featuredmedia":[{"embeddable":true,"href":"https:\/\/aral2.cetrexmarketing.com\/ca\/wp-json\/wp\/v2\/media\/83069"}],"wp:attachment":[{"href":"https:\/\/aral2.cetrexmarketing.com\/ca\/wp-json\/wp\/v2\/media?parent=83072"}],"wp:term":[{"taxonomy":"pwb-brand","embeddable":true,"href":"https:\/\/aral2.cetrexmarketing.com\/ca\/wp-json\/wp\/v2\/pwb-brand?post=83072"},{"taxonomy":"product_brand","embeddable":true,"href":"https:\/\/aral2.cetrexmarketing.com\/ca\/wp-json\/wp\/v2\/product_brand?post=83072"},{"taxonomy":"product_cat","embeddable":true,"href":"https:\/\/aral2.cetrexmarketing.com\/ca\/wp-json\/wp\/v2\/product_cat?post=83072"},{"taxonomy":"product_tag","embeddable":true,"href":"https:\/\/aral2.cetrexmarketing.com\/ca\/wp-json\/wp\/v2\/product_tag?post=83072"}],"curies":[{"name":"wp","href":"https:\/\/api.w.org\/{rel}","templated":true}]}}