{"id":83011,"date":"2025-05-24T08:17:30","date_gmt":"2025-05-24T08:17:30","guid":{"rendered":"https:\/\/aral2.cetrexmarketing.com\/producto\/juve-camps-gran-juve-gran-reserva-2\/"},"modified":"2025-05-24T08:17:31","modified_gmt":"2025-05-24T08:17:31","slug":"juve-camps-gran-juve-gran-reserva-2","status":"publish","type":"product","link":"https:\/\/aral2.cetrexmarketing.com\/ca\/producto\/juve-camps-gran-juve-gran-reserva-2\/","title":{"rendered":"Juv\u00e9 &amp; Camps Gran Juv\u00e9 Gran Reserva"},"content":{"rendered":"<div class=\"flex-1 overflow-hidden @container\/thread\">\n<div class=\"h-full\">\n<div class=\"react-scroll-to-bottom--css-lztgt-79elbk h-full\">\n<div class=\"react-scroll-to-bottom--css-lztgt-1n7m0yu\">\n<div class=\"flex flex-col text-sm md:pb-9\">\n<article class=\"w-full scroll-mb-[var(--thread-trailing-height,150px)] text-token-text-primary focus-visible:outline-2 focus-visible:outline-offset-[-4px]\" dir=\"auto\" data-testid=\"conversation-turn-3\" data-scroll-anchor=\"true\">\n<div class=\"m-auto text-base py-[18px] px-3 md:px-4 w-full md:px-5 lg:px-4 xl:px-5\">\n<div class=\"mx-auto flex flex-1 gap-4 text-base md:gap-5 lg:gap-6 md:max-w-3xl\">\n<div class=\"group\/conversation-turn relative flex w-full min-w-0 flex-col agent-turn\">\n<div class=\"flex-col gap-1 md:gap-3\">\n<div class=\"flex max-w-full flex-col flex-grow\">\n<div class=\"min-h-8 text-message flex w-full flex-col items-end gap-2 whitespace-normal break-words text-start [.text-message+&amp;]:mt-5\" dir=\"auto\" data-message-author-role=\"assistant\" data-message-id=\"cab61e25-2535-48ec-9e9e-551d3fdf493a\" data-message-model-slug=\"gpt-4o\">\n<div class=\"flex w-full flex-col gap-1 empty:hidden first:pt-[3px]\">\n<div class=\"markdown prose w-full break-words dark:prose-invert light\">\n<p>El <strong>Juv\u00e9 &amp; Camps Reserva Brut<\/strong> \u00e9s un cava premium de gran tradici\u00f3 i prestigi, elaborat a la regi\u00f3 del <strong>Pened\u00e8s<\/strong>, Espanya, pel celler <strong>Juv\u00e9 &amp; Camps<\/strong>, que compta amb m\u00e9s de 200 anys d&#8217;experi\u00e8ncia en la vitivinicultura. \u00c9s un escum\u00f3s de qualitat produ\u00eft mitjan\u00e7ant el m\u00e8tode tradicional, que implica una segona fermentaci\u00f3 en ampolla, assegurant un sabor refinat i bombolles persistents. A continuaci\u00f3, es descriuen les seves principals caracter\u00edstiques:  <\/p>\n<h3><strong>Caracter\u00edstiques t\u00e8cniques<\/strong><\/h3>\n<ul>\n<li><strong>Tipus de cava<\/strong>: Reserva Brut<br \/>\nAix\u00f2 significa que t\u00e9 un nivell de sucre baix (menys de 12 g\/L), cosa que li atorga un car\u00e0cter sec per\u00f2 equilibrat. A m\u00e9s, la denominaci\u00f3 &#8220;Reserva&#8221; garanteix un envelliment m\u00ednim de 15 mesos a la cava, tot i que, en el cas de Juv\u00e9 &amp; Camps, sol superar els 24 mesos, aportant-hi m\u00e9s complexitat. <\/li>\n<li><strong>Varietats de ra\u00efm utilitzades:<\/strong>\n<ul>\n<li><strong>Macabeu<\/strong>: Aporta frescor i notes afruitades.<\/li>\n<li><strong>Xarel\u00b7lo:<\/strong> Ofereix estructura i cos.<\/li>\n<li><strong>Parellada<\/strong>: Dona eleg\u00e0ncia i notes florals.<\/li>\n<\/ul>\n<\/li>\n<\/ul>\n<h3><strong><br \/>Notes de cata:<\/strong><\/h3>\n<ul>\n<li><strong>Vista<\/strong>:<br \/>\nPresenta un color <strong>groc p\u00e0l\u00b7lid amb reflexos daurats<\/strong> i una bombolla fina i persistent, que forma una corona elegant a la copa.<\/li>\n<li><strong>Nas<\/strong>:<br \/>\nAromes intensos i complexos que combinen <strong>notes afruitades de poma verda, pera i c\u00edtrics<\/strong>, amb tocs secundaris de la seva crian\u00e7a, com <strong>pa torrat, fruits secs i llevat.<\/strong><\/li>\n<li><strong>Boca<\/strong>:<br \/>\nA la boca \u00e9s fresc, equilibrat i crem\u00f3s, amb una acidesa ben integrada. Destaca per la seva <strong>textura sedosa<\/strong>, el seu pas llarg i un final elegant, amb matisos afruitats i de fleca. <\/li>\n<\/ul>\n<h3><strong>Maridatge:<\/strong><\/h3>\n<p>Aquest cava \u00e9s extremadament vers\u00e0til i marida b\u00e9 amb una gran varietat de plats.<\/p>\n<ul>\n<li><strong>Entrants<\/strong>: Aperitius, pernil ib\u00e8ric, fruits secs i formatges suaus.<\/li>\n<li><strong>Mariscos i peixos:<\/strong> Ostra, clo\u00efsses, llagostins i peix blanc.<\/li>\n<li><strong>Carns blanques<\/strong>: Pollastre, gall dindi o porc amb salses lleugeres.<\/li>\n<li><strong>Postres<\/strong>: Ideal amb pastissos poc dol\u00e7os o fruites fresques.<\/li>\n<\/ul>\n<h3><strong>Temperatura de servei:<\/strong><\/h3>\n<p>Es recomana servir a una temperatura entre <strong>6 i 8\u00b0C<\/strong> per gaudir plenament dels seus aromes i frescor.<\/p>\n<\/div>\n<\/div>\n<\/div>\n<\/div>\n<\/div>\n<\/div>\n<\/div>\n<\/div>\n<\/article>\n<\/div>\n<\/div>\n<\/div>\n<\/div>\n<\/div>\n<div class=\"md:pt-0 dark:border-white\/20 md:border-transparent md:dark:border-transparent w-full\">\n<div>\n<div class=\"m-auto text-base px-3 md:px-4 w-full md:px-5 lg:px-4 xl:px-5\"><\/div>\n<\/div>\n<\/div>\n","protected":false},"excerpt":{"rendered":"<p>El Juv\u00e9 &amp; Camps Reserva Brut \u00e9s un cava premium de gran tradici\u00f3 i prestigi, elaborat a la regi\u00f3 del Pened\u00e8s, Espanya, pel celler Juv\u00e9 &amp; Camps, que compta amb m\u00e9s de 200 anys d&#8217;experi\u00e8ncia en la vitivinicultura. \u00c9s un escum\u00f3s de qualitat produ\u00eft mitjan\u00e7ant el m\u00e8tode tradicional, que implica una segona fermentaci\u00f3 en ampolla,&hellip;<\/p>\n","protected":false},"featured_media":83008,"comment_status":"closed","ping_status":"closed","template":"","meta":{"_acf_changed":false},"pwb-brand":[32909],"product_brand":[],"product_cat":[51695,51696,51701,51694],"product_tag":[],"class_list":{"0":"post-83011","1":"product","2":"type-product","3":"status-publish","4":"has-post-thumbnail","6":"pwb-brand-cava-d-o","7":"product_cat-cava-vi-escumos","8":"product_cat-cava-blanc","9":"product_cat-lots-nadal","10":"product_cat-vi-escumos","11":"pa_anada-36190","12":"pa_bodega-juvecamps","13":"pa_cantidaddeazucar-brut","14":"pa_do-cava-d-o-ca-2","15":"pa_envejecimiento-granreserva-ca","16":"pa_formatoenl-36158","17":"pa_formatoenml-38306","18":"pa_graduacion-12_0","19":"pa_pais-espanya-ca","20":"pa_pesoengramos-38354","21":"pa_pesoenkg-14-2","22":"pa_variedades-ac-macabeo_xarello_parellada_-2","23":"entry","24":"has-media","26":"first","27":"outofstock","28":"taxable","29":"shipping-taxable","30":"purchasable","31":"product-type-simple"},"acf":[],"yoast_head":"<!-- This site is optimized with the Yoast SEO Premium plugin v23.1 (Yoast SEO v23.5) - https:\/\/yoast.com\/wordpress\/plugins\/seo\/ -->\n<title>Juv\u00e9 &amp; Camps Gran Juv\u00e9 Gran Reserva<\/title>\n<meta name=\"description\" content=\"Comprar Juv\u00e9 &amp; Camps Gran Juv\u00e9 Gran Reserva en M\u00f3n La Cata . Tienda online especilizada en vino y alimentaci\u00f3n. Env\u00edos puntuales y promociones\" \/>\n<meta name=\"robots\" content=\"noindex, follow, max-snippet:-1, max-image-preview:large, max-video-preview:-1\" \/>\n<meta property=\"og:locale\" content=\"ca_ES\" \/>\n<meta property=\"og:type\" content=\"article\" \/>\n<meta property=\"og:title\" content=\"Juv\u00e9 &amp; Camps Gran Juv\u00e9 Gran Reserva\" \/>\n<meta property=\"og:description\" content=\"Comprar Juv\u00e9 &amp; Camps Gran Juv\u00e9 Gran Reserva en M\u00f3n La Cata . Tienda online especilizada en vino y alimentaci\u00f3n. Env\u00edos puntuales y promociones\" \/>\n<meta property=\"og:url\" content=\"https:\/\/aral2.cetrexmarketing.com\/ca\/producto\/juve-camps-gran-juve-gran-reserva-2\/\" \/>\n<meta property=\"og:site_name\" content=\"M\u00f3n La Cata\" \/>\n<meta property=\"article:modified_time\" content=\"2025-05-24T08:17:31+00:00\" \/>\n<meta property=\"og:image\" content=\"https:\/\/aral2.cetrexmarketing.com\/wp-content\/uploads\/2025\/05\/JUVE-Y-CAMPS-GRAN-JUVE-1.png\" \/>\n\t<meta property=\"og:image:width\" content=\"765\" \/>\n\t<meta property=\"og:image:height\" content=\"1024\" \/>\n\t<meta property=\"og:image:type\" content=\"image\/png\" \/>\n<meta name=\"twitter:card\" content=\"summary_large_image\" \/>\n<meta name=\"twitter:label1\" content=\"Temps estimat de lectura\" \/>\n\t<meta name=\"twitter:data1\" content=\"2 minuts\" \/>\n<script type=\"application\/ld+json\" class=\"yoast-schema-graph\">{\"@context\":\"https:\/\/schema.org\",\"@graph\":[{\"@type\":\"WebPage\",\"@id\":\"https:\/\/aral2.cetrexmarketing.com\/ca\/producto\/juve-camps-gran-juve-gran-reserva-2\/\",\"url\":\"https:\/\/aral2.cetrexmarketing.com\/ca\/producto\/juve-camps-gran-juve-gran-reserva-2\/\",\"name\":\"Juv\u00e9 &amp; Camps Gran Juv\u00e9 Gran Reserva\",\"isPartOf\":{\"@id\":\"https:\/\/aral2.cetrexmarketing.com\/#website\"},\"primaryImageOfPage\":{\"@id\":\"https:\/\/aral2.cetrexmarketing.com\/ca\/producto\/juve-camps-gran-juve-gran-reserva-2\/#primaryimage\"},\"image\":{\"@id\":\"https:\/\/aral2.cetrexmarketing.com\/ca\/producto\/juve-camps-gran-juve-gran-reserva-2\/#primaryimage\"},\"thumbnailUrl\":\"https:\/\/aral2.cetrexmarketing.com\/wp-content\/uploads\/2025\/05\/JUVE-Y-CAMPS-GRAN-JUVE-1.png\",\"datePublished\":\"2025-05-24T08:17:30+00:00\",\"dateModified\":\"2025-05-24T08:17:31+00:00\",\"description\":\"Comprar Juv\u00e9 &amp; Camps Gran Juv\u00e9 Gran Reserva en M\u00f3n La Cata . Tienda online especilizada en vino y alimentaci\u00f3n. Env\u00edos puntuales y promociones\",\"breadcrumb\":{\"@id\":\"https:\/\/aral2.cetrexmarketing.com\/ca\/producto\/juve-camps-gran-juve-gran-reserva-2\/#breadcrumb\"},\"inLanguage\":\"ca\",\"potentialAction\":[{\"@type\":\"ReadAction\",\"target\":[\"https:\/\/aral2.cetrexmarketing.com\/ca\/producto\/juve-camps-gran-juve-gran-reserva-2\/\"]}]},{\"@type\":\"ImageObject\",\"inLanguage\":\"ca\",\"@id\":\"https:\/\/aral2.cetrexmarketing.com\/ca\/producto\/juve-camps-gran-juve-gran-reserva-2\/#primaryimage\",\"url\":\"https:\/\/aral2.cetrexmarketing.com\/wp-content\/uploads\/2025\/05\/JUVE-Y-CAMPS-GRAN-JUVE-1.png\",\"contentUrl\":\"https:\/\/aral2.cetrexmarketing.com\/wp-content\/uploads\/2025\/05\/JUVE-Y-CAMPS-GRAN-JUVE-1.png\",\"width\":765,\"height\":1024},{\"@type\":\"BreadcrumbList\",\"@id\":\"https:\/\/aral2.cetrexmarketing.com\/ca\/producto\/juve-camps-gran-juve-gran-reserva-2\/#breadcrumb\",\"itemListElement\":[{\"@type\":\"ListItem\",\"position\":1,\"name\":\"Home\",\"item\":\"https:\/\/aral2.cetrexmarketing.com\/ca\/\"},{\"@type\":\"ListItem\",\"position\":2,\"name\":\"Tienda\",\"item\":\"https:\/\/aral2.cetrexmarketing.com\/ca\/tienda-2\/\"},{\"@type\":\"ListItem\",\"position\":3,\"name\":\"Vi Escum\u00f3s\",\"item\":\"https:\/\/aral2.cetrexmarketing.com\/categoria-producto\/home-ca\/vi-escumos-ca\/\"},{\"@type\":\"ListItem\",\"position\":4,\"name\":\"Cava\",\"item\":\"https:\/\/aral2.cetrexmarketing.com\/ca\/categoria-producto\/home-ca\/vi-escumos-ca\/cava-ca\/\"},{\"@type\":\"ListItem\",\"position\":5,\"name\":\"Cava Blanco\",\"item\":\"https:\/\/aral2.cetrexmarketing.com\/categoria-producto\/inicio\/vino-espumoso\/cava\/cava-blanco\/\"},{\"@type\":\"ListItem\",\"position\":6,\"name\":\"Juv\u00e9 &amp; Camps Gran Juv\u00e9 Gran Reserva\"}]},{\"@type\":\"WebSite\",\"@id\":\"https:\/\/aral2.cetrexmarketing.com\/#website\",\"url\":\"https:\/\/aral2.cetrexmarketing.com\/\",\"name\":\"M\u00f3n La Cata\",\"description\":\"Tienda de vinos, licores, cervezas y gourmet\",\"publisher\":{\"@id\":\"https:\/\/aral2.cetrexmarketing.com\/#organization\"},\"potentialAction\":[{\"@type\":\"SearchAction\",\"target\":{\"@type\":\"EntryPoint\",\"urlTemplate\":\"https:\/\/aral2.cetrexmarketing.com\/?s={search_term_string}\"},\"query-input\":{\"@type\":\"PropertyValueSpecification\",\"valueRequired\":true,\"valueName\":\"search_term_string\"}}],\"inLanguage\":\"ca\"},{\"@type\":\"Organization\",\"@id\":\"https:\/\/aral2.cetrexmarketing.com\/#organization\",\"name\":\"M\u00f3n La Cata\",\"url\":\"https:\/\/aral2.cetrexmarketing.com\/\",\"logo\":{\"@type\":\"ImageObject\",\"inLanguage\":\"ca\",\"@id\":\"https:\/\/aral2.cetrexmarketing.com\/#\/schema\/logo\/image\/\",\"url\":\"https:\/\/aral2.cetrexmarketing.com\/wp-content\/uploads\/2024\/10\/aral-logo-neg-1024x409-1.png\",\"contentUrl\":\"https:\/\/aral2.cetrexmarketing.com\/wp-content\/uploads\/2024\/10\/aral-logo-neg-1024x409-1.png\",\"width\":1024,\"height\":409,\"caption\":\"M\u00f3n La Cata\"},\"image\":{\"@id\":\"https:\/\/aral2.cetrexmarketing.com\/#\/schema\/logo\/image\/\"}}]}<\/script>\n<!-- \/ Yoast SEO Premium plugin. -->","yoast_head_json":{"title":"Juv\u00e9 &amp; Camps Gran Juv\u00e9 Gran Reserva","description":"Comprar Juv\u00e9 &amp; Camps Gran Juv\u00e9 Gran Reserva en M\u00f3n La Cata . Tienda online especilizada en vino y alimentaci\u00f3n. Env\u00edos puntuales y promociones","robots":{"index":"noindex","follow":"follow","max-snippet":"max-snippet:-1","max-image-preview":"max-image-preview:large","max-video-preview":"max-video-preview:-1"},"og_locale":"ca_ES","og_type":"article","og_title":"Juv\u00e9 &amp; Camps Gran Juv\u00e9 Gran Reserva","og_description":"Comprar Juv\u00e9 &amp; Camps Gran Juv\u00e9 Gran Reserva en M\u00f3n La Cata . Tienda online especilizada en vino y alimentaci\u00f3n. Env\u00edos puntuales y promociones","og_url":"https:\/\/aral2.cetrexmarketing.com\/ca\/producto\/juve-camps-gran-juve-gran-reserva-2\/","og_site_name":"M\u00f3n La Cata","article_modified_time":"2025-05-24T08:17:31+00:00","og_image":[{"width":765,"height":1024,"url":"https:\/\/aral2.cetrexmarketing.com\/wp-content\/uploads\/2025\/05\/JUVE-Y-CAMPS-GRAN-JUVE-1.png","type":"image\/png"}],"twitter_card":"summary_large_image","twitter_misc":{"Temps estimat de lectura":"2 minuts"},"schema":{"@context":"https:\/\/schema.org","@graph":[{"@type":"WebPage","@id":"https:\/\/aral2.cetrexmarketing.com\/ca\/producto\/juve-camps-gran-juve-gran-reserva-2\/","url":"https:\/\/aral2.cetrexmarketing.com\/ca\/producto\/juve-camps-gran-juve-gran-reserva-2\/","name":"Juv\u00e9 &amp; Camps Gran Juv\u00e9 Gran Reserva","isPartOf":{"@id":"https:\/\/aral2.cetrexmarketing.com\/#website"},"primaryImageOfPage":{"@id":"https:\/\/aral2.cetrexmarketing.com\/ca\/producto\/juve-camps-gran-juve-gran-reserva-2\/#primaryimage"},"image":{"@id":"https:\/\/aral2.cetrexmarketing.com\/ca\/producto\/juve-camps-gran-juve-gran-reserva-2\/#primaryimage"},"thumbnailUrl":"https:\/\/aral2.cetrexmarketing.com\/wp-content\/uploads\/2025\/05\/JUVE-Y-CAMPS-GRAN-JUVE-1.png","datePublished":"2025-05-24T08:17:30+00:00","dateModified":"2025-05-24T08:17:31+00:00","description":"Comprar Juv\u00e9 &amp; Camps Gran Juv\u00e9 Gran Reserva en M\u00f3n La Cata . Tienda online especilizada en vino y alimentaci\u00f3n. Env\u00edos puntuales y promociones","breadcrumb":{"@id":"https:\/\/aral2.cetrexmarketing.com\/ca\/producto\/juve-camps-gran-juve-gran-reserva-2\/#breadcrumb"},"inLanguage":"ca","potentialAction":[{"@type":"ReadAction","target":["https:\/\/aral2.cetrexmarketing.com\/ca\/producto\/juve-camps-gran-juve-gran-reserva-2\/"]}]},{"@type":"ImageObject","inLanguage":"ca","@id":"https:\/\/aral2.cetrexmarketing.com\/ca\/producto\/juve-camps-gran-juve-gran-reserva-2\/#primaryimage","url":"https:\/\/aral2.cetrexmarketing.com\/wp-content\/uploads\/2025\/05\/JUVE-Y-CAMPS-GRAN-JUVE-1.png","contentUrl":"https:\/\/aral2.cetrexmarketing.com\/wp-content\/uploads\/2025\/05\/JUVE-Y-CAMPS-GRAN-JUVE-1.png","width":765,"height":1024},{"@type":"BreadcrumbList","@id":"https:\/\/aral2.cetrexmarketing.com\/ca\/producto\/juve-camps-gran-juve-gran-reserva-2\/#breadcrumb","itemListElement":[{"@type":"ListItem","position":1,"name":"Home","item":"https:\/\/aral2.cetrexmarketing.com\/ca\/"},{"@type":"ListItem","position":2,"name":"Tienda","item":"https:\/\/aral2.cetrexmarketing.com\/ca\/tienda-2\/"},{"@type":"ListItem","position":3,"name":"Vi Escum\u00f3s","item":"https:\/\/aral2.cetrexmarketing.com\/categoria-producto\/home-ca\/vi-escumos-ca\/"},{"@type":"ListItem","position":4,"name":"Cava","item":"https:\/\/aral2.cetrexmarketing.com\/ca\/categoria-producto\/home-ca\/vi-escumos-ca\/cava-ca\/"},{"@type":"ListItem","position":5,"name":"Cava Blanco","item":"https:\/\/aral2.cetrexmarketing.com\/categoria-producto\/inicio\/vino-espumoso\/cava\/cava-blanco\/"},{"@type":"ListItem","position":6,"name":"Juv\u00e9 &amp; Camps Gran Juv\u00e9 Gran Reserva"}]},{"@type":"WebSite","@id":"https:\/\/aral2.cetrexmarketing.com\/#website","url":"https:\/\/aral2.cetrexmarketing.com\/","name":"M\u00f3n La Cata","description":"Tienda de vinos, licores, cervezas y gourmet","publisher":{"@id":"https:\/\/aral2.cetrexmarketing.com\/#organization"},"potentialAction":[{"@type":"SearchAction","target":{"@type":"EntryPoint","urlTemplate":"https:\/\/aral2.cetrexmarketing.com\/?s={search_term_string}"},"query-input":{"@type":"PropertyValueSpecification","valueRequired":true,"valueName":"search_term_string"}}],"inLanguage":"ca"},{"@type":"Organization","@id":"https:\/\/aral2.cetrexmarketing.com\/#organization","name":"M\u00f3n La Cata","url":"https:\/\/aral2.cetrexmarketing.com\/","logo":{"@type":"ImageObject","inLanguage":"ca","@id":"https:\/\/aral2.cetrexmarketing.com\/#\/schema\/logo\/image\/","url":"https:\/\/aral2.cetrexmarketing.com\/wp-content\/uploads\/2024\/10\/aral-logo-neg-1024x409-1.png","contentUrl":"https:\/\/aral2.cetrexmarketing.com\/wp-content\/uploads\/2024\/10\/aral-logo-neg-1024x409-1.png","width":1024,"height":409,"caption":"M\u00f3n La Cata"},"image":{"@id":"https:\/\/aral2.cetrexmarketing.com\/#\/schema\/logo\/image\/"}}]}},"brands":[{"id":32909,"name":"Cava D.O.","slug":"cava-d-o"}],"_links":{"self":[{"href":"https:\/\/aral2.cetrexmarketing.com\/ca\/wp-json\/wp\/v2\/product\/83011","targetHints":{"allow":["GET"]}}],"collection":[{"href":"https:\/\/aral2.cetrexmarketing.com\/ca\/wp-json\/wp\/v2\/product"}],"about":[{"href":"https:\/\/aral2.cetrexmarketing.com\/ca\/wp-json\/wp\/v2\/types\/product"}],"replies":[{"embeddable":true,"href":"https:\/\/aral2.cetrexmarketing.com\/ca\/wp-json\/wp\/v2\/comments?post=83011"}],"wp:featuredmedia":[{"embeddable":true,"href":"https:\/\/aral2.cetrexmarketing.com\/ca\/wp-json\/wp\/v2\/media\/83008"}],"wp:attachment":[{"href":"https:\/\/aral2.cetrexmarketing.com\/ca\/wp-json\/wp\/v2\/media?parent=83011"}],"wp:term":[{"taxonomy":"pwb-brand","embeddable":true,"href":"https:\/\/aral2.cetrexmarketing.com\/ca\/wp-json\/wp\/v2\/pwb-brand?post=83011"},{"taxonomy":"product_brand","embeddable":true,"href":"https:\/\/aral2.cetrexmarketing.com\/ca\/wp-json\/wp\/v2\/product_brand?post=83011"},{"taxonomy":"product_cat","embeddable":true,"href":"https:\/\/aral2.cetrexmarketing.com\/ca\/wp-json\/wp\/v2\/product_cat?post=83011"},{"taxonomy":"product_tag","embeddable":true,"href":"https:\/\/aral2.cetrexmarketing.com\/ca\/wp-json\/wp\/v2\/product_tag?post=83011"}],"curies":[{"name":"wp","href":"https:\/\/api.w.org\/{rel}","templated":true}]}}