{"id":83007,"date":"2025-05-24T08:17:26","date_gmt":"2025-05-24T08:17:26","guid":{"rendered":"https:\/\/aral2.cetrexmarketing.com\/producto\/floridablanca-brut-nature-2\/"},"modified":"2025-05-24T08:17:27","modified_gmt":"2025-05-24T08:17:27","slug":"floridablanca-brut-nature-2","status":"publish","type":"product","link":"https:\/\/aral2.cetrexmarketing.com\/ca\/producto\/floridablanca-brut-nature-2\/","title":{"rendered":"Floridablanca Brut Nature"},"content":{"rendered":"<p class=\"\" data-start=\"0\" data-end=\"437\"><strong data-start=\"0\" data-end=\"29\">Floridablanca Brut Nature<\/strong> \u00e9s un <strong data-start=\"36\" data-end=\"53\">cava espanyol<\/strong> de <strong data-start=\"57\" data-end=\"74\">alta qualitat<\/strong>, elaborat mitjan\u00e7ant el <strong data-start=\"99\" data-end=\"121\">m\u00e8tode tradicional<\/strong> de fermentaci\u00f3 en botella, cosa que li atorga una <strong data-start=\"172\" data-end=\"189\">bombolla fina<\/strong> i una gran <strong data-start=\"201\" data-end=\"212\">frescor<\/strong>. Aquest <strong data-start=\"221\" data-end=\"235\">vi espum\u00f3s<\/strong> es caracteritza per la seva <strong data-start=\"264\" data-end=\"277\">eleg\u00e0ncia<\/strong>, <strong data-start=\"279\" data-end=\"290\">frescor<\/strong> i un <strong data-start=\"296\" data-end=\"316\">sabor equilibrat<\/strong> que el converteixen en una excel\u00b7lent opci\u00f3 tant per a <strong data-start=\"372\" data-end=\"388\">celebracions<\/strong> com per acompanyar una \u00e0mplia varietat de plats.<\/p>\n<h3 class=\"\" data-start=\"444\" data-end=\"480\"><strong data-start=\"448\" data-end=\"480\">Caracter\u00edstiques principals:<\/strong><\/h3>\n<ul data-start=\"481\" data-end=\"1243\">\n<li class=\"\" data-start=\"481\" data-end=\"539\">\n<p class=\"\" data-start=\"483\" data-end=\"539\"><strong data-start=\"483\" data-end=\"494\">Origen:<\/strong> Espanya, elaborat a la <strong data-start=\"518\" data-end=\"539\">regi\u00f3 del Pened\u00e8s<\/strong><\/p>\n<\/li>\n<li class=\"\" data-start=\"540\" data-end=\"573\">\n<p class=\"\" data-start=\"542\" data-end=\"573\"><strong data-start=\"542\" data-end=\"552\">Tipus:<\/strong> <strong data-start=\"553\" data-end=\"573\">Cava Brut Nature<\/strong><\/p>\n<\/li>\n<li class=\"\" data-start=\"574\" data-end=\"654\">\n<p class=\"\" data-start=\"576\" data-end=\"654\"><strong data-start=\"576\" data-end=\"598\">Varietats de ra\u00efm:<\/strong> Principalment <strong data-start=\"613\" data-end=\"624\">Macabeu<\/strong>, <strong data-start=\"626\" data-end=\"638\">Xarel\u00b7lo<\/strong> i <strong data-start=\"641\" data-end=\"654\">Parellada<\/strong><\/p>\n<\/li>\n<li class=\"\" data-start=\"655\" data-end=\"712\">\n<p class=\"\" data-start=\"657\" data-end=\"712\"><strong data-start=\"657\" data-end=\"682\">Graduaci\u00f3 alcoh\u00f2lica:<\/strong> Aproximadament <strong data-start=\"698\" data-end=\"712\">11.5% vol.<\/strong><\/p>\n<\/li>\n<li class=\"\" data-start=\"713\" data-end=\"780\">\n<p class=\"\" data-start=\"715\" data-end=\"780\"><strong data-start=\"715\" data-end=\"725\">Color:<\/strong> <strong data-start=\"726\" data-end=\"742\">Groc p\u00e0l\u00b7lid<\/strong> amb <strong data-start=\"747\" data-end=\"766\">bombolles fines<\/strong> i persistents<\/p>\n<\/li>\n<li class=\"\" data-start=\"781\" data-end=\"975\">\n<p class=\"\" data-start=\"783\" data-end=\"975\"><strong data-start=\"783\" data-end=\"793\">Aroma:<\/strong> <strong data-start=\"794\" data-end=\"813\">Fresc i delicat<\/strong>, amb notes de <strong data-start=\"828\" data-end=\"848\">fruites blanques<\/strong> com <strong data-start=\"853\" data-end=\"861\">poma<\/strong> i <strong data-start=\"864\" data-end=\"872\">pera<\/strong>, acompanyades de <strong data-start=\"890\" data-end=\"906\">tocs florals<\/strong> i un lleu fons de <strong data-start=\"925\" data-end=\"938\">pa torrat<\/strong>, t\u00edpic de la fermentaci\u00f3 en botella.<\/p>\n<\/li>\n<li class=\"\" data-start=\"976\" data-end=\"1156\">\n<p class=\"\" data-start=\"978\" data-end=\"1156\"><strong data-start=\"978\" data-end=\"988\">Sabor:<\/strong> <strong data-start=\"989\" data-end=\"1003\">Sec, fresc<\/strong> i <strong data-start=\"1006\" data-end=\"1020\">equilibrat<\/strong>, amb una <strong data-start=\"1030\" data-end=\"1051\">acidesa agradable<\/strong> i un toc <strong data-start=\"1061\" data-end=\"1072\">fruit\u00f3s<\/strong> que es complementa amb una lleugera <strong data-start=\"1109\" data-end=\"1124\">complexitat<\/strong> a causa de la seva <strong data-start=\"1144\" data-end=\"1155\">crian\u00e7a<\/strong>.<\/p>\n<\/li>\n<li class=\"\" data-start=\"1157\" data-end=\"1243\">\n<p class=\"\" data-start=\"1159\" data-end=\"1243\"><strong data-start=\"1159\" data-end=\"1169\">Final:<\/strong> <strong data-start=\"1170\" data-end=\"1179\">Llarg<\/strong> i <strong data-start=\"1182\" data-end=\"1189\">net<\/strong>, amb una persist\u00e8ncia <strong data-start=\"1212\" data-end=\"1225\">agradable<\/strong> i <strong data-start=\"1228\" data-end=\"1242\">refrescant<\/strong>.<\/p>\n<\/li>\n<\/ul>\n<h3 class=\"\" data-start=\"1250\" data-end=\"1274\"><strong data-start=\"1254\" data-end=\"1274\">Usos recomanats:<\/strong><\/h3>\n<p class=\"\" data-start=\"1275\" data-end=\"1544\"><strong data-start=\"1277\" data-end=\"1301\">Ideal com a aperitiu<\/strong> o per acompanyar <strong data-start=\"1319\" data-end=\"1330\">mariscs<\/strong>, <strong data-start=\"1332\" data-end=\"1342\">peixos<\/strong> i <strong data-start=\"1345\" data-end=\"1366\">amanides fresques<\/strong>.<br data-start=\"1367\" data-end=\"1370\" \/><strong data-start=\"1372\" data-end=\"1414\">Perfecte per acompanyar plats lleugers<\/strong> com <strong data-start=\"1419\" data-end=\"1431\">arrossos<\/strong>, <strong data-start=\"1433\" data-end=\"1442\">pasta<\/strong> o <strong data-start=\"1445\" data-end=\"1454\">tapes<\/strong>.<br data-start=\"1455\" data-end=\"1458\" \/>Tamb\u00e9 \u00e9s una excel\u00b7lent opci\u00f3 per a <strong data-start=\"1496\" data-end=\"1523\">brindis en celebracions<\/strong> i moments especials.<\/p>\n<h3 class=\"\" data-start=\"1551\" data-end=\"1571\"><strong data-start=\"1555\" data-end=\"1571\">Conservaci\u00f3:<\/strong><\/h3>\n<ul data-start=\"1572\" data-end=\"1734\">\n<li class=\"\" data-start=\"1572\" data-end=\"1639\">\n<p class=\"\" data-start=\"1574\" data-end=\"1639\"><strong data-start=\"1574\" data-end=\"1609\">Mantenir en un lloc fresc i sec<\/strong>, allunyat de la llum directa.<\/p>\n<\/li>\n<li class=\"\" data-start=\"1640\" data-end=\"1734\">\n<p class=\"\" data-start=\"1642\" data-end=\"1734\"><strong data-start=\"1642\" data-end=\"1681\">Recomanat consumir dins de 2-3 anys<\/strong> des de la seva compra per gaudir de la seva frescor.<\/p>\n<\/li>\n<\/ul>\n<p class=\"\" data-start=\"1741\" data-end=\"1963\">\ud83c\udf7e <strong data-start=\"1744\" data-end=\"1773\">Floridablanca Brut Nature<\/strong> \u00e9s un cava <strong data-start=\"1785\" data-end=\"1796\">elegant<\/strong> i <strong data-start=\"1799\" data-end=\"1813\">refrescant<\/strong>, ideal per aquells que busquen un vi espum\u00f3s <strong data-start=\"1859\" data-end=\"1867\">seco<\/strong> i <strong data-start=\"1870\" data-end=\"1884\">equilibrat<\/strong>, perfecte per a qualsevol <strong data-start=\"1911\" data-end=\"1930\">ocasi\u00f3 especial<\/strong> o per gaudir com a <strong data-start=\"1950\" data-end=\"1962\">aperitiu<\/strong>.<\/p>\n","protected":false},"excerpt":{"rendered":"<p>Floridablanca Brut Nature \u00e9s un cava espanyol de alta qualitat, elaborat mitjan\u00e7ant el m\u00e8tode tradicional de fermentaci\u00f3 en botella, cosa que li atorga una bombolla fina i una gran frescor. Aquest vi espum\u00f3s es caracteritza per la seva eleg\u00e0ncia, frescor i un sabor equilibrat que el converteixen en una excel\u00b7lent opci\u00f3 tant per a celebracions&hellip;<\/p>\n","protected":false},"featured_media":83004,"comment_status":"closed","ping_status":"closed","template":"","meta":{"_acf_changed":false},"pwb-brand":[32909],"product_brand":[],"product_cat":[51695,51696,51694],"product_tag":[],"class_list":{"0":"post-83007","1":"product","2":"type-product","3":"status-publish","4":"has-post-thumbnail","6":"pwb-brand-cava-d-o","7":"product_cat-cava-vi-escumos","8":"product_cat-cava-blanc","9":"product_cat-vi-escumos","10":"pa_bodega-masolive","11":"pa_cantidaddeazucar-brutnature","12":"pa_do-cava-d-o-ca-2","13":"pa_formatoenml-38306","14":"pa_graduacion-11_5","15":"pa_pais-espanya-ca","16":"entry","17":"has-media","19":"first","20":"instock","21":"taxable","22":"shipping-taxable","23":"purchasable","24":"product-type-simple"},"acf":[],"yoast_head":"<!-- This site is optimized with the Yoast SEO Premium plugin v23.1 (Yoast SEO v23.5) - https:\/\/yoast.com\/wordpress\/plugins\/seo\/ -->\n<title>Floridablanca Brut Nature - M\u00f3n La Cata<\/title>\n<meta name=\"description\" content=\"Comprar Floridablanca Brut Nature en M\u00f3n La Cata . Tienda online especilizada en vino y alimentaci\u00f3n. Env\u00edos puntuales y promociones\" \/>\n<meta name=\"robots\" content=\"noindex, follow, max-snippet:-1, max-image-preview:large, max-video-preview:-1\" \/>\n<meta property=\"og:locale\" content=\"ca_ES\" \/>\n<meta property=\"og:type\" content=\"article\" \/>\n<meta property=\"og:title\" content=\"Floridablanca Brut Nature\" \/>\n<meta property=\"og:description\" content=\"Comprar Floridablanca Brut Nature en M\u00f3n La Cata . Tienda online especilizada en vino y alimentaci\u00f3n. Env\u00edos puntuales y promociones\" \/>\n<meta property=\"og:url\" content=\"https:\/\/aral2.cetrexmarketing.com\/ca\/producto\/floridablanca-brut-nature-2\/\" \/>\n<meta property=\"og:site_name\" content=\"M\u00f3n La Cata\" \/>\n<meta property=\"article:modified_time\" content=\"2025-05-24T08:17:27+00:00\" \/>\n<meta property=\"og:image\" content=\"https:\/\/aral2.cetrexmarketing.com\/wp-content\/uploads\/2025\/05\/FLORIDABLANCA-BRUT-NATURE.jpg-1.png\" \/>\n\t<meta property=\"og:image:width\" content=\"765\" \/>\n\t<meta property=\"og:image:height\" content=\"1024\" \/>\n\t<meta property=\"og:image:type\" content=\"image\/png\" \/>\n<meta name=\"twitter:card\" content=\"summary_large_image\" \/>\n<meta name=\"twitter:label1\" content=\"Temps estimat de lectura\" \/>\n\t<meta name=\"twitter:data1\" content=\"2 minuts\" \/>\n<script type=\"application\/ld+json\" class=\"yoast-schema-graph\">{\"@context\":\"https:\/\/schema.org\",\"@graph\":[{\"@type\":\"WebPage\",\"@id\":\"https:\/\/aral2.cetrexmarketing.com\/ca\/producto\/floridablanca-brut-nature-2\/\",\"url\":\"https:\/\/aral2.cetrexmarketing.com\/ca\/producto\/floridablanca-brut-nature-2\/\",\"name\":\"Floridablanca Brut Nature - M\u00f3n La Cata\",\"isPartOf\":{\"@id\":\"https:\/\/aral2.cetrexmarketing.com\/#website\"},\"primaryImageOfPage\":{\"@id\":\"https:\/\/aral2.cetrexmarketing.com\/ca\/producto\/floridablanca-brut-nature-2\/#primaryimage\"},\"image\":{\"@id\":\"https:\/\/aral2.cetrexmarketing.com\/ca\/producto\/floridablanca-brut-nature-2\/#primaryimage\"},\"thumbnailUrl\":\"https:\/\/aral2.cetrexmarketing.com\/wp-content\/uploads\/2025\/05\/FLORIDABLANCA-BRUT-NATURE.jpg-1.png\",\"datePublished\":\"2025-05-24T08:17:26+00:00\",\"dateModified\":\"2025-05-24T08:17:27+00:00\",\"description\":\"Comprar Floridablanca Brut Nature en M\u00f3n La Cata . Tienda online especilizada en vino y alimentaci\u00f3n. Env\u00edos puntuales y promociones\",\"breadcrumb\":{\"@id\":\"https:\/\/aral2.cetrexmarketing.com\/ca\/producto\/floridablanca-brut-nature-2\/#breadcrumb\"},\"inLanguage\":\"ca\",\"potentialAction\":[{\"@type\":\"ReadAction\",\"target\":[\"https:\/\/aral2.cetrexmarketing.com\/ca\/producto\/floridablanca-brut-nature-2\/\"]}]},{\"@type\":\"ImageObject\",\"inLanguage\":\"ca\",\"@id\":\"https:\/\/aral2.cetrexmarketing.com\/ca\/producto\/floridablanca-brut-nature-2\/#primaryimage\",\"url\":\"https:\/\/aral2.cetrexmarketing.com\/wp-content\/uploads\/2025\/05\/FLORIDABLANCA-BRUT-NATURE.jpg-1.png\",\"contentUrl\":\"https:\/\/aral2.cetrexmarketing.com\/wp-content\/uploads\/2025\/05\/FLORIDABLANCA-BRUT-NATURE.jpg-1.png\",\"width\":765,\"height\":1024},{\"@type\":\"BreadcrumbList\",\"@id\":\"https:\/\/aral2.cetrexmarketing.com\/ca\/producto\/floridablanca-brut-nature-2\/#breadcrumb\",\"itemListElement\":[{\"@type\":\"ListItem\",\"position\":1,\"name\":\"Home\",\"item\":\"https:\/\/aral2.cetrexmarketing.com\/ca\/\"},{\"@type\":\"ListItem\",\"position\":2,\"name\":\"Tienda\",\"item\":\"https:\/\/aral2.cetrexmarketing.com\/ca\/tienda-2\/\"},{\"@type\":\"ListItem\",\"position\":3,\"name\":\"Vino espumoso\",\"item\":\"https:\/\/aral2.cetrexmarketing.com\/categoria-producto\/inicio\/vino-espumoso\/\"},{\"@type\":\"ListItem\",\"position\":4,\"name\":\"Floridablanca Brut Nature\"}]},{\"@type\":\"WebSite\",\"@id\":\"https:\/\/aral2.cetrexmarketing.com\/#website\",\"url\":\"https:\/\/aral2.cetrexmarketing.com\/\",\"name\":\"M\u00f3n La Cata\",\"description\":\"Tienda de vinos, licores, cervezas y gourmet\",\"publisher\":{\"@id\":\"https:\/\/aral2.cetrexmarketing.com\/#organization\"},\"potentialAction\":[{\"@type\":\"SearchAction\",\"target\":{\"@type\":\"EntryPoint\",\"urlTemplate\":\"https:\/\/aral2.cetrexmarketing.com\/?s={search_term_string}\"},\"query-input\":{\"@type\":\"PropertyValueSpecification\",\"valueRequired\":true,\"valueName\":\"search_term_string\"}}],\"inLanguage\":\"ca\"},{\"@type\":\"Organization\",\"@id\":\"https:\/\/aral2.cetrexmarketing.com\/#organization\",\"name\":\"M\u00f3n La Cata\",\"url\":\"https:\/\/aral2.cetrexmarketing.com\/\",\"logo\":{\"@type\":\"ImageObject\",\"inLanguage\":\"ca\",\"@id\":\"https:\/\/aral2.cetrexmarketing.com\/#\/schema\/logo\/image\/\",\"url\":\"https:\/\/aral2.cetrexmarketing.com\/wp-content\/uploads\/2024\/10\/aral-logo-neg-1024x409-1.png\",\"contentUrl\":\"https:\/\/aral2.cetrexmarketing.com\/wp-content\/uploads\/2024\/10\/aral-logo-neg-1024x409-1.png\",\"width\":1024,\"height\":409,\"caption\":\"M\u00f3n La Cata\"},\"image\":{\"@id\":\"https:\/\/aral2.cetrexmarketing.com\/#\/schema\/logo\/image\/\"}}]}<\/script>\n<!-- \/ Yoast SEO Premium plugin. -->","yoast_head_json":{"title":"Floridablanca Brut Nature - M\u00f3n La Cata","description":"Comprar Floridablanca Brut Nature en M\u00f3n La Cata . Tienda online especilizada en vino y alimentaci\u00f3n. Env\u00edos puntuales y promociones","robots":{"index":"noindex","follow":"follow","max-snippet":"max-snippet:-1","max-image-preview":"max-image-preview:large","max-video-preview":"max-video-preview:-1"},"og_locale":"ca_ES","og_type":"article","og_title":"Floridablanca Brut Nature","og_description":"Comprar Floridablanca Brut Nature en M\u00f3n La Cata . Tienda online especilizada en vino y alimentaci\u00f3n. Env\u00edos puntuales y promociones","og_url":"https:\/\/aral2.cetrexmarketing.com\/ca\/producto\/floridablanca-brut-nature-2\/","og_site_name":"M\u00f3n La Cata","article_modified_time":"2025-05-24T08:17:27+00:00","og_image":[{"width":765,"height":1024,"url":"https:\/\/aral2.cetrexmarketing.com\/wp-content\/uploads\/2025\/05\/FLORIDABLANCA-BRUT-NATURE.jpg-1.png","type":"image\/png"}],"twitter_card":"summary_large_image","twitter_misc":{"Temps estimat de lectura":"2 minuts"},"schema":{"@context":"https:\/\/schema.org","@graph":[{"@type":"WebPage","@id":"https:\/\/aral2.cetrexmarketing.com\/ca\/producto\/floridablanca-brut-nature-2\/","url":"https:\/\/aral2.cetrexmarketing.com\/ca\/producto\/floridablanca-brut-nature-2\/","name":"Floridablanca Brut Nature - M\u00f3n La Cata","isPartOf":{"@id":"https:\/\/aral2.cetrexmarketing.com\/#website"},"primaryImageOfPage":{"@id":"https:\/\/aral2.cetrexmarketing.com\/ca\/producto\/floridablanca-brut-nature-2\/#primaryimage"},"image":{"@id":"https:\/\/aral2.cetrexmarketing.com\/ca\/producto\/floridablanca-brut-nature-2\/#primaryimage"},"thumbnailUrl":"https:\/\/aral2.cetrexmarketing.com\/wp-content\/uploads\/2025\/05\/FLORIDABLANCA-BRUT-NATURE.jpg-1.png","datePublished":"2025-05-24T08:17:26+00:00","dateModified":"2025-05-24T08:17:27+00:00","description":"Comprar Floridablanca Brut Nature en M\u00f3n La Cata . Tienda online especilizada en vino y alimentaci\u00f3n. Env\u00edos puntuales y promociones","breadcrumb":{"@id":"https:\/\/aral2.cetrexmarketing.com\/ca\/producto\/floridablanca-brut-nature-2\/#breadcrumb"},"inLanguage":"ca","potentialAction":[{"@type":"ReadAction","target":["https:\/\/aral2.cetrexmarketing.com\/ca\/producto\/floridablanca-brut-nature-2\/"]}]},{"@type":"ImageObject","inLanguage":"ca","@id":"https:\/\/aral2.cetrexmarketing.com\/ca\/producto\/floridablanca-brut-nature-2\/#primaryimage","url":"https:\/\/aral2.cetrexmarketing.com\/wp-content\/uploads\/2025\/05\/FLORIDABLANCA-BRUT-NATURE.jpg-1.png","contentUrl":"https:\/\/aral2.cetrexmarketing.com\/wp-content\/uploads\/2025\/05\/FLORIDABLANCA-BRUT-NATURE.jpg-1.png","width":765,"height":1024},{"@type":"BreadcrumbList","@id":"https:\/\/aral2.cetrexmarketing.com\/ca\/producto\/floridablanca-brut-nature-2\/#breadcrumb","itemListElement":[{"@type":"ListItem","position":1,"name":"Home","item":"https:\/\/aral2.cetrexmarketing.com\/ca\/"},{"@type":"ListItem","position":2,"name":"Tienda","item":"https:\/\/aral2.cetrexmarketing.com\/ca\/tienda-2\/"},{"@type":"ListItem","position":3,"name":"Vino espumoso","item":"https:\/\/aral2.cetrexmarketing.com\/categoria-producto\/inicio\/vino-espumoso\/"},{"@type":"ListItem","position":4,"name":"Floridablanca Brut Nature"}]},{"@type":"WebSite","@id":"https:\/\/aral2.cetrexmarketing.com\/#website","url":"https:\/\/aral2.cetrexmarketing.com\/","name":"M\u00f3n La Cata","description":"Tienda de vinos, licores, cervezas y gourmet","publisher":{"@id":"https:\/\/aral2.cetrexmarketing.com\/#organization"},"potentialAction":[{"@type":"SearchAction","target":{"@type":"EntryPoint","urlTemplate":"https:\/\/aral2.cetrexmarketing.com\/?s={search_term_string}"},"query-input":{"@type":"PropertyValueSpecification","valueRequired":true,"valueName":"search_term_string"}}],"inLanguage":"ca"},{"@type":"Organization","@id":"https:\/\/aral2.cetrexmarketing.com\/#organization","name":"M\u00f3n La Cata","url":"https:\/\/aral2.cetrexmarketing.com\/","logo":{"@type":"ImageObject","inLanguage":"ca","@id":"https:\/\/aral2.cetrexmarketing.com\/#\/schema\/logo\/image\/","url":"https:\/\/aral2.cetrexmarketing.com\/wp-content\/uploads\/2024\/10\/aral-logo-neg-1024x409-1.png","contentUrl":"https:\/\/aral2.cetrexmarketing.com\/wp-content\/uploads\/2024\/10\/aral-logo-neg-1024x409-1.png","width":1024,"height":409,"caption":"M\u00f3n La Cata"},"image":{"@id":"https:\/\/aral2.cetrexmarketing.com\/#\/schema\/logo\/image\/"}}]}},"brands":[{"id":32909,"name":"Cava D.O.","slug":"cava-d-o"}],"_links":{"self":[{"href":"https:\/\/aral2.cetrexmarketing.com\/ca\/wp-json\/wp\/v2\/product\/83007","targetHints":{"allow":["GET"]}}],"collection":[{"href":"https:\/\/aral2.cetrexmarketing.com\/ca\/wp-json\/wp\/v2\/product"}],"about":[{"href":"https:\/\/aral2.cetrexmarketing.com\/ca\/wp-json\/wp\/v2\/types\/product"}],"replies":[{"embeddable":true,"href":"https:\/\/aral2.cetrexmarketing.com\/ca\/wp-json\/wp\/v2\/comments?post=83007"}],"wp:featuredmedia":[{"embeddable":true,"href":"https:\/\/aral2.cetrexmarketing.com\/ca\/wp-json\/wp\/v2\/media\/83004"}],"wp:attachment":[{"href":"https:\/\/aral2.cetrexmarketing.com\/ca\/wp-json\/wp\/v2\/media?parent=83007"}],"wp:term":[{"taxonomy":"pwb-brand","embeddable":true,"href":"https:\/\/aral2.cetrexmarketing.com\/ca\/wp-json\/wp\/v2\/pwb-brand?post=83007"},{"taxonomy":"product_brand","embeddable":true,"href":"https:\/\/aral2.cetrexmarketing.com\/ca\/wp-json\/wp\/v2\/product_brand?post=83007"},{"taxonomy":"product_cat","embeddable":true,"href":"https:\/\/aral2.cetrexmarketing.com\/ca\/wp-json\/wp\/v2\/product_cat?post=83007"},{"taxonomy":"product_tag","embeddable":true,"href":"https:\/\/aral2.cetrexmarketing.com\/ca\/wp-json\/wp\/v2\/product_tag?post=83007"}],"curies":[{"name":"wp","href":"https:\/\/api.w.org\/{rel}","templated":true}]}}