{"id":82941,"date":"2025-05-24T08:16:18","date_gmt":"2025-05-24T08:16:18","guid":{"rendered":"https:\/\/aral2.cetrexmarketing.com\/producto\/pedro-ximenez-nectar-g-byass-2\/"},"modified":"2025-05-24T08:16:19","modified_gmt":"2025-05-24T08:16:19","slug":"pedro-ximenez-nectar-g-byass-2","status":"publish","type":"product","link":"https:\/\/aral2.cetrexmarketing.com\/ca\/producto\/pedro-ximenez-nectar-g-byass-2\/","title":{"rendered":"Pedro Xim\u00e9nez Nectar G. Byass"},"content":{"rendered":"<p data-start=\"0\" data-end=\"550\"><strong data-start=\"0\" data-end=\"24\">N\u00e9ctar Pedro Xim\u00e9nez<\/strong> \u00e9s un vi dol\u00e7 d&#8217;alta qualitat elaborat per la prestigiosa bodega <strong data-start=\"90\" data-end=\"108\">Gonz\u00e1lez Byass<\/strong>, situada a <strong data-start=\"120\" data-end=\"144\">Jerez de la Frontera<\/strong>, Espanya. Aquest vi es produeix exclusivament a partir de ra\u00efms de la varietat <strong data-start=\"224\" data-end=\"241\">Pedro Xim\u00e9nez<\/strong>, que despr\u00e9s de ser veremats, es sotmeten a un proc\u00e9s de <strong data-start=\"299\" data-end=\"322\">pansificaci\u00f3 al sol<\/strong>, concentrant aix\u00ed els seus <strong data-start=\"350\" data-end=\"360\" data-is-only-node=\"\">sucres<\/strong> i <strong data-start=\"363\" data-end=\"373\">sabors<\/strong>. Posteriorment, el most fermenta parcialment i envelleix en el tradicional sistema de <strong data-start=\"460\" data-end=\"471\">soleres<\/strong> i <strong data-start=\"474\" data-end=\"487\">criaderes<\/strong> en <strong data-start=\"491\" data-end=\"517\">botes de roure americ\u00e0<\/strong>durant un m\u00ednim de <strong data-start=\"537\" data-end=\"547\">9 anys<\/strong>.<\/p>\n<h3 data-start=\"557\" data-end=\"581\"><strong data-start=\"561\" data-end=\"579\">Notes de Tast:<\/strong><\/h3>\n<p data-start=\"583\" data-end=\"634\"><strong data-start=\"586\" data-end=\"596\">Color:<\/strong> Caoba fosc amb reflexos <strong data-start=\"621\" data-end=\"631\">iodats<\/strong>.<\/p>\n<p data-start=\"636\" data-end=\"768\"><strong data-start=\"639\" data-end=\"649\">Aroma:<\/strong> Intens i complex, amb notes de <strong data-start=\"681\" data-end=\"691\">panses<\/strong>, <strong data-start=\"693\" data-end=\"710\">figues seques<\/strong>, <strong data-start=\"712\" data-end=\"722\">d\u00e0tils<\/strong> i tocs de <strong data-start=\"733\" data-end=\"748\">torrefacci\u00f3<\/strong> i <strong data-start=\"751\" data-end=\"765\">regal\u00e8ssia<\/strong>.<\/p>\n<p data-start=\"770\" data-end=\"950\" data-is-last-node=\"\" data-is-only-node=\"\"><strong data-start=\"773\" data-end=\"783\">Sabor:<\/strong> Dol\u00e7 i vellutat, amb una acidesa equilibrada que evita la sensaci\u00f3 <strong data-start=\"851\" data-end=\"865\">embafadora<\/strong>. Destaquen sabors de <strong data-start=\"887\" data-end=\"911\">fruites pansificades<\/strong>, <strong data-start=\"913\" data-end=\"924\">caramel<\/strong> i un final <strong data-start=\"936\" data-end=\"949\">prolongat<\/strong>.<\/p>\n","protected":false},"excerpt":{"rendered":"<p>N\u00e9ctar Pedro Xim\u00e9nez \u00e9s un vi dol\u00e7 d&#8217;alta qualitat elaborat per la prestigiosa bodega Gonz\u00e1lez Byass, situada a Jerez de la Frontera, Espanya. Aquest vi es produeix exclusivament a partir de ra\u00efms de la varietat Pedro Xim\u00e9nez, que despr\u00e9s de ser veremats, es sotmeten a un proc\u00e9s de pansificaci\u00f3 al sol, concentrant aix\u00ed els seus&hellip;<\/p>\n","protected":false},"featured_media":82928,"comment_status":"closed","ping_status":"closed","template":"","meta":{"_acf_changed":false},"pwb-brand":[],"product_brand":[],"product_cat":[51670,51686],"product_tag":[15543,15173,15183],"class_list":{"0":"post-82941","1":"product","2":"type-product","3":"status-publish","4":"has-post-thumbnail","6":"product_cat-vi","7":"product_cat-vi-generos","8":"product_tag-gonzalez-byass-ca","9":"product_tag-jerez-ca","10":"product_tag-pedro-ximenez-ca","11":"pa_bodega-bodegagonzalezbyass-ca","12":"pa_do-jerez-ca-3","13":"pa_formatoenl-36158","14":"pa_formatoenml-38306","15":"pa_graduacion-15_0","16":"pa_pais-espanya-ca","17":"pa_pesoengramos-38337","18":"pa_pesoenkg-125-ca","19":"pa_variedades-pedroximenez-ca","20":"entry","21":"has-media","23":"first","24":"instock","25":"taxable","26":"shipping-taxable","27":"purchasable","28":"product-type-simple"},"acf":[],"yoast_head":"<!-- This site is optimized with the Yoast SEO Premium plugin v23.1 (Yoast SEO v23.5) - https:\/\/yoast.com\/wordpress\/plugins\/seo\/ -->\n<title>Nectar Pedro Xim\u00e9nez Gonzalez Byass<\/title>\n<meta name=\"description\" content=\"Comprar online al millor preu Nectar Pedro Xim\u00e9nez Gonzalez Byass\" \/>\n<meta name=\"robots\" content=\"noindex, follow, max-snippet:-1, max-image-preview:large, max-video-preview:-1\" \/>\n<meta property=\"og:locale\" content=\"ca_ES\" \/>\n<meta property=\"og:type\" content=\"article\" \/>\n<meta property=\"og:title\" content=\"Pedro Xim\u00e9nez Nectar G. Byass\" \/>\n<meta property=\"og:description\" content=\"Comprar online al millor preu Nectar Pedro Xim\u00e9nez Gonzalez Byass\" \/>\n<meta property=\"og:url\" content=\"https:\/\/aral2.cetrexmarketing.com\/ca\/producto\/pedro-ximenez-nectar-g-byass-2\/\" \/>\n<meta property=\"og:site_name\" content=\"M\u00f3n La Cata\" \/>\n<meta property=\"article:modified_time\" content=\"2025-05-24T08:16:19+00:00\" \/>\n<meta property=\"og:image\" content=\"https:\/\/aral2.cetrexmarketing.com\/wp-content\/uploads\/2025\/05\/Pedro-Ximenez-Nectar-G.-Byass.jpg.png\" \/>\n\t<meta property=\"og:image:width\" content=\"765\" \/>\n\t<meta property=\"og:image:height\" content=\"1024\" \/>\n\t<meta property=\"og:image:type\" content=\"image\/png\" \/>\n<meta name=\"twitter:card\" content=\"summary_large_image\" \/>\n<meta name=\"twitter:label1\" content=\"Temps estimat de lectura\" \/>\n\t<meta name=\"twitter:data1\" content=\"1 minut\" \/>\n<script type=\"application\/ld+json\" class=\"yoast-schema-graph\">{\"@context\":\"https:\/\/schema.org\",\"@graph\":[{\"@type\":\"WebPage\",\"@id\":\"https:\/\/aral2.cetrexmarketing.com\/ca\/producto\/pedro-ximenez-nectar-g-byass-2\/\",\"url\":\"https:\/\/aral2.cetrexmarketing.com\/ca\/producto\/pedro-ximenez-nectar-g-byass-2\/\",\"name\":\"Nectar Pedro Xim\u00e9nez Gonzalez Byass\",\"isPartOf\":{\"@id\":\"https:\/\/aral2.cetrexmarketing.com\/#website\"},\"primaryImageOfPage\":{\"@id\":\"https:\/\/aral2.cetrexmarketing.com\/ca\/producto\/pedro-ximenez-nectar-g-byass-2\/#primaryimage\"},\"image\":{\"@id\":\"https:\/\/aral2.cetrexmarketing.com\/ca\/producto\/pedro-ximenez-nectar-g-byass-2\/#primaryimage\"},\"thumbnailUrl\":\"https:\/\/aral2.cetrexmarketing.com\/wp-content\/uploads\/2025\/05\/Pedro-Ximenez-Nectar-G.-Byass.jpg.png\",\"datePublished\":\"2025-05-24T08:16:18+00:00\",\"dateModified\":\"2025-05-24T08:16:19+00:00\",\"description\":\"Comprar online al millor preu Nectar Pedro Xim\u00e9nez Gonzalez Byass\",\"breadcrumb\":{\"@id\":\"https:\/\/aral2.cetrexmarketing.com\/ca\/producto\/pedro-ximenez-nectar-g-byass-2\/#breadcrumb\"},\"inLanguage\":\"ca\",\"potentialAction\":[{\"@type\":\"ReadAction\",\"target\":[\"https:\/\/aral2.cetrexmarketing.com\/ca\/producto\/pedro-ximenez-nectar-g-byass-2\/\"]}]},{\"@type\":\"ImageObject\",\"inLanguage\":\"ca\",\"@id\":\"https:\/\/aral2.cetrexmarketing.com\/ca\/producto\/pedro-ximenez-nectar-g-byass-2\/#primaryimage\",\"url\":\"https:\/\/aral2.cetrexmarketing.com\/wp-content\/uploads\/2025\/05\/Pedro-Ximenez-Nectar-G.-Byass.jpg.png\",\"contentUrl\":\"https:\/\/aral2.cetrexmarketing.com\/wp-content\/uploads\/2025\/05\/Pedro-Ximenez-Nectar-G.-Byass.jpg.png\",\"width\":765,\"height\":1024},{\"@type\":\"BreadcrumbList\",\"@id\":\"https:\/\/aral2.cetrexmarketing.com\/ca\/producto\/pedro-ximenez-nectar-g-byass-2\/#breadcrumb\",\"itemListElement\":[{\"@type\":\"ListItem\",\"position\":1,\"name\":\"Home\",\"item\":\"https:\/\/aral2.cetrexmarketing.com\/ca\/\"},{\"@type\":\"ListItem\",\"position\":2,\"name\":\"Tienda\",\"item\":\"https:\/\/aral2.cetrexmarketing.com\/ca\/tienda-2\/\"},{\"@type\":\"ListItem\",\"position\":3,\"name\":\"Vi\",\"item\":\"https:\/\/aral2.cetrexmarketing.com\/categoria-producto\/vi\/\"},{\"@type\":\"ListItem\",\"position\":4,\"name\":\"Vi Gener\u00f3s\",\"item\":\"https:\/\/aral2.cetrexmarketing.com\/categoria-producto\/vi\/vi-generos\/\"},{\"@type\":\"ListItem\",\"position\":5,\"name\":\"Pedro Xim\u00e9nez Nectar G. Byass\"}]},{\"@type\":\"WebSite\",\"@id\":\"https:\/\/aral2.cetrexmarketing.com\/#website\",\"url\":\"https:\/\/aral2.cetrexmarketing.com\/\",\"name\":\"M\u00f3n La Cata\",\"description\":\"Tienda de vinos, licores, cervezas y gourmet\",\"publisher\":{\"@id\":\"https:\/\/aral2.cetrexmarketing.com\/#organization\"},\"potentialAction\":[{\"@type\":\"SearchAction\",\"target\":{\"@type\":\"EntryPoint\",\"urlTemplate\":\"https:\/\/aral2.cetrexmarketing.com\/?s={search_term_string}\"},\"query-input\":{\"@type\":\"PropertyValueSpecification\",\"valueRequired\":true,\"valueName\":\"search_term_string\"}}],\"inLanguage\":\"ca\"},{\"@type\":\"Organization\",\"@id\":\"https:\/\/aral2.cetrexmarketing.com\/#organization\",\"name\":\"M\u00f3n La Cata\",\"url\":\"https:\/\/aral2.cetrexmarketing.com\/\",\"logo\":{\"@type\":\"ImageObject\",\"inLanguage\":\"ca\",\"@id\":\"https:\/\/aral2.cetrexmarketing.com\/#\/schema\/logo\/image\/\",\"url\":\"https:\/\/aral2.cetrexmarketing.com\/wp-content\/uploads\/2024\/10\/aral-logo-neg-1024x409-1.png\",\"contentUrl\":\"https:\/\/aral2.cetrexmarketing.com\/wp-content\/uploads\/2024\/10\/aral-logo-neg-1024x409-1.png\",\"width\":1024,\"height\":409,\"caption\":\"M\u00f3n La Cata\"},\"image\":{\"@id\":\"https:\/\/aral2.cetrexmarketing.com\/#\/schema\/logo\/image\/\"}}]}<\/script>\n<!-- \/ Yoast SEO Premium plugin. -->","yoast_head_json":{"title":"Nectar Pedro Xim\u00e9nez Gonzalez Byass","description":"Comprar online al millor preu Nectar Pedro Xim\u00e9nez Gonzalez Byass","robots":{"index":"noindex","follow":"follow","max-snippet":"max-snippet:-1","max-image-preview":"max-image-preview:large","max-video-preview":"max-video-preview:-1"},"og_locale":"ca_ES","og_type":"article","og_title":"Pedro Xim\u00e9nez Nectar G. Byass","og_description":"Comprar online al millor preu Nectar Pedro Xim\u00e9nez Gonzalez Byass","og_url":"https:\/\/aral2.cetrexmarketing.com\/ca\/producto\/pedro-ximenez-nectar-g-byass-2\/","og_site_name":"M\u00f3n La Cata","article_modified_time":"2025-05-24T08:16:19+00:00","og_image":[{"width":765,"height":1024,"url":"https:\/\/aral2.cetrexmarketing.com\/wp-content\/uploads\/2025\/05\/Pedro-Ximenez-Nectar-G.-Byass.jpg.png","type":"image\/png"}],"twitter_card":"summary_large_image","twitter_misc":{"Temps estimat de lectura":"1 minut"},"schema":{"@context":"https:\/\/schema.org","@graph":[{"@type":"WebPage","@id":"https:\/\/aral2.cetrexmarketing.com\/ca\/producto\/pedro-ximenez-nectar-g-byass-2\/","url":"https:\/\/aral2.cetrexmarketing.com\/ca\/producto\/pedro-ximenez-nectar-g-byass-2\/","name":"Nectar Pedro Xim\u00e9nez Gonzalez Byass","isPartOf":{"@id":"https:\/\/aral2.cetrexmarketing.com\/#website"},"primaryImageOfPage":{"@id":"https:\/\/aral2.cetrexmarketing.com\/ca\/producto\/pedro-ximenez-nectar-g-byass-2\/#primaryimage"},"image":{"@id":"https:\/\/aral2.cetrexmarketing.com\/ca\/producto\/pedro-ximenez-nectar-g-byass-2\/#primaryimage"},"thumbnailUrl":"https:\/\/aral2.cetrexmarketing.com\/wp-content\/uploads\/2025\/05\/Pedro-Ximenez-Nectar-G.-Byass.jpg.png","datePublished":"2025-05-24T08:16:18+00:00","dateModified":"2025-05-24T08:16:19+00:00","description":"Comprar online al millor preu Nectar Pedro Xim\u00e9nez Gonzalez Byass","breadcrumb":{"@id":"https:\/\/aral2.cetrexmarketing.com\/ca\/producto\/pedro-ximenez-nectar-g-byass-2\/#breadcrumb"},"inLanguage":"ca","potentialAction":[{"@type":"ReadAction","target":["https:\/\/aral2.cetrexmarketing.com\/ca\/producto\/pedro-ximenez-nectar-g-byass-2\/"]}]},{"@type":"ImageObject","inLanguage":"ca","@id":"https:\/\/aral2.cetrexmarketing.com\/ca\/producto\/pedro-ximenez-nectar-g-byass-2\/#primaryimage","url":"https:\/\/aral2.cetrexmarketing.com\/wp-content\/uploads\/2025\/05\/Pedro-Ximenez-Nectar-G.-Byass.jpg.png","contentUrl":"https:\/\/aral2.cetrexmarketing.com\/wp-content\/uploads\/2025\/05\/Pedro-Ximenez-Nectar-G.-Byass.jpg.png","width":765,"height":1024},{"@type":"BreadcrumbList","@id":"https:\/\/aral2.cetrexmarketing.com\/ca\/producto\/pedro-ximenez-nectar-g-byass-2\/#breadcrumb","itemListElement":[{"@type":"ListItem","position":1,"name":"Home","item":"https:\/\/aral2.cetrexmarketing.com\/ca\/"},{"@type":"ListItem","position":2,"name":"Tienda","item":"https:\/\/aral2.cetrexmarketing.com\/ca\/tienda-2\/"},{"@type":"ListItem","position":3,"name":"Vi","item":"https:\/\/aral2.cetrexmarketing.com\/categoria-producto\/vi\/"},{"@type":"ListItem","position":4,"name":"Vi Gener\u00f3s","item":"https:\/\/aral2.cetrexmarketing.com\/categoria-producto\/vi\/vi-generos\/"},{"@type":"ListItem","position":5,"name":"Pedro Xim\u00e9nez Nectar G. Byass"}]},{"@type":"WebSite","@id":"https:\/\/aral2.cetrexmarketing.com\/#website","url":"https:\/\/aral2.cetrexmarketing.com\/","name":"M\u00f3n La Cata","description":"Tienda de vinos, licores, cervezas y gourmet","publisher":{"@id":"https:\/\/aral2.cetrexmarketing.com\/#organization"},"potentialAction":[{"@type":"SearchAction","target":{"@type":"EntryPoint","urlTemplate":"https:\/\/aral2.cetrexmarketing.com\/?s={search_term_string}"},"query-input":{"@type":"PropertyValueSpecification","valueRequired":true,"valueName":"search_term_string"}}],"inLanguage":"ca"},{"@type":"Organization","@id":"https:\/\/aral2.cetrexmarketing.com\/#organization","name":"M\u00f3n La Cata","url":"https:\/\/aral2.cetrexmarketing.com\/","logo":{"@type":"ImageObject","inLanguage":"ca","@id":"https:\/\/aral2.cetrexmarketing.com\/#\/schema\/logo\/image\/","url":"https:\/\/aral2.cetrexmarketing.com\/wp-content\/uploads\/2024\/10\/aral-logo-neg-1024x409-1.png","contentUrl":"https:\/\/aral2.cetrexmarketing.com\/wp-content\/uploads\/2024\/10\/aral-logo-neg-1024x409-1.png","width":1024,"height":409,"caption":"M\u00f3n La Cata"},"image":{"@id":"https:\/\/aral2.cetrexmarketing.com\/#\/schema\/logo\/image\/"}}]}},"brands":[],"_links":{"self":[{"href":"https:\/\/aral2.cetrexmarketing.com\/ca\/wp-json\/wp\/v2\/product\/82941","targetHints":{"allow":["GET"]}}],"collection":[{"href":"https:\/\/aral2.cetrexmarketing.com\/ca\/wp-json\/wp\/v2\/product"}],"about":[{"href":"https:\/\/aral2.cetrexmarketing.com\/ca\/wp-json\/wp\/v2\/types\/product"}],"replies":[{"embeddable":true,"href":"https:\/\/aral2.cetrexmarketing.com\/ca\/wp-json\/wp\/v2\/comments?post=82941"}],"wp:featuredmedia":[{"embeddable":true,"href":"https:\/\/aral2.cetrexmarketing.com\/ca\/wp-json\/wp\/v2\/media\/82928"}],"wp:attachment":[{"href":"https:\/\/aral2.cetrexmarketing.com\/ca\/wp-json\/wp\/v2\/media?parent=82941"}],"wp:term":[{"taxonomy":"pwb-brand","embeddable":true,"href":"https:\/\/aral2.cetrexmarketing.com\/ca\/wp-json\/wp\/v2\/pwb-brand?post=82941"},{"taxonomy":"product_brand","embeddable":true,"href":"https:\/\/aral2.cetrexmarketing.com\/ca\/wp-json\/wp\/v2\/product_brand?post=82941"},{"taxonomy":"product_cat","embeddable":true,"href":"https:\/\/aral2.cetrexmarketing.com\/ca\/wp-json\/wp\/v2\/product_cat?post=82941"},{"taxonomy":"product_tag","embeddable":true,"href":"https:\/\/aral2.cetrexmarketing.com\/ca\/wp-json\/wp\/v2\/product_tag?post=82941"}],"curies":[{"name":"wp","href":"https:\/\/api.w.org\/{rel}","templated":true}]}}