{"id":82903,"date":"2025-05-24T08:15:37","date_gmt":"2025-05-24T08:15:37","guid":{"rendered":"https:\/\/aral2.cetrexmarketing.com\/producto\/mistela-clot-dencis-2\/"},"modified":"2025-05-24T08:15:38","modified_gmt":"2025-05-24T08:15:38","slug":"mistela-clot-dencis-2","status":"publish","type":"product","link":"https:\/\/aral2.cetrexmarketing.com\/ca\/producto\/mistela-clot-dencis-2\/","title":{"rendered":"Mistela Clot d&#8217;Enc\u00eds"},"content":{"rendered":"<p>La <strong>Mistela Clot d&#8217;Enc\u00eds<\/strong> \u00e9s un vi dol\u00e7 d&#8217;origen espanyol, especialment conegut pel seu sabor suau i afruitat. Aquesta beguda s&#8217;elabora mitjan\u00e7ant una mescla de ra\u00efms madurs, generalment de varietats aut\u00f2ctones com la Muscat o el Pedro Xim\u00e9nez, que es fermenten parcialment. Durant el proc\u00e9s de fermentaci\u00f3, s&#8217;interromp amb l&#8217;addici\u00f3 d&#8217;alcohol vin\u00f3s, cosa que atura la fermentaci\u00f3 i conserva els sucres naturals de la fruita, donant lloc a un vi amb un grau alcoh\u00f2lic moderat i una dol\u00e7or pronunciada.<\/p>\n<div class=\"flex-1 overflow-hidden @container\/thread\">\n<div class=\"h-full\">\n<div class=\"react-scroll-to-bottom--css-ktoyw-79elbk h-full\">\n<div class=\"react-scroll-to-bottom--css-ktoyw-1n7m0yu\">\n<div class=\"flex flex-col text-sm md:pb-9\">\n<article class=\"w-full scroll-mb-[var(--thread-trailing-height,150px)] text-token-text-primary focus-visible:outline-2 focus-visible:outline-offset-[-4px]\" dir=\"auto\" data-testid=\"conversation-turn-3\" data-scroll-anchor=\"true\">\n<div class=\"m-auto text-base py-[18px] px-3 md:px-4 w-full md:px-5 lg:px-4 xl:px-5\">\n<div class=\"mx-auto flex flex-1 gap-4 text-base md:gap-5 lg:gap-6 md:max-w-3xl lg:max-w-[40rem] xl:max-w-[48rem]\">\n<div class=\"group\/conversation-turn relative flex w-full min-w-0 flex-col agent-turn\">\n<div class=\"flex-col gap-1 md:gap-3\">\n<div class=\"flex max-w-full flex-col flex-grow\">\n<div class=\"min-h-8 text-message flex w-full flex-col items-end gap-2 whitespace-normal break-words text-start [.text-message+&amp;]:mt-5\" dir=\"auto\" data-message-author-role=\"assistant\" data-message-id=\"d122527b-6709-4aec-a3f9-fecf37e246f3\" data-message-model-slug=\"gpt-4o-mini\">\n<div class=\"flex w-full flex-col gap-1 empty:hidden first:pt-[3px]\">\n<div class=\"markdown prose w-full break-words dark:prose-invert light\">\n<p>Aquest vi es caracteritza pel seu color daurat, brillant, que reflecteix la seva delicada crian\u00e7a. En el seu aroma, presenta notes intenses de fruites madures, flors i mel, que el converteixen en una opci\u00f3 ideal per maridar amb postres, formatges curats o simplement per gaudir-lo com a aperitiu. En boca, la Mistela Clot d&#8217;Enc\u00eds t\u00e9 una textura suau i un sabor rod\u00f3, equilibrat per la seva frescor, que li d\u00f3na un toc elegant i agradable al paladar.<\/p>\n<p>El proc\u00e9s d&#8217;elaboraci\u00f3 de la Mistela Clot d&#8217;Enc\u00eds \u00e9s acurat i artesanal, amb una crian\u00e7a en b\u00f3tes de fusta o en dip\u00f2sits d&#8217;acer inoxidable per preservar les seves caracter\u00edstiques. A m\u00e9s, el nom &#8220;Clot d&#8217;Enc\u00eds&#8221; fa refer\u00e8ncia al lloc d&#8217;origen d&#8217;aquest vi, situat en una regi\u00f3 coneguda pels seus vinyes i paisatges naturals, cosa que afegeix un valor addicional al producte.<\/p>\n<p>Aquest vi es gaudeix especialment en ocasions especials o en la sobretaula, i es presenta en ampolles elegants que reflecteixen la tradici\u00f3 i el luxe de la regi\u00f3 productora.<\/p>\n<\/div>\n<\/div>\n<\/div>\n<\/div>\n<\/div>\n<\/div>\n<\/div>\n<\/div>\n<\/article>\n<\/div>\n<\/div>\n<\/div>\n<\/div>\n<\/div>\n","protected":false},"excerpt":{"rendered":"<div class=\"flex-shrink-0 flex flex-col relative items-end\">\n<div>\n<div class=\"pt-0\">\n<div class=\"gizmo-bot-avatar flex h-8 w-8 items-center justify-center overflow-hidden rounded-full\">\n<div class=\"relative p-1 rounded-sm flex items-center justify-center bg-token-main-surface-primary text-token-text-primary h-8 w-8\">La <strong>Mistela Clot d&#8217;Enc\u00eds<\/strong> \u00e9s un vi dol\u00e7 espanyol, caracteritzat pel seu sabor suau i afruitat. S&#8217;elabora amb ra\u00efm madur, principalment Muscat o Pedro Xim\u00e9nez, que es fermenta parcialment i es det\u00e9 la fermentaci\u00f3 amb alcohol v\u00ednic, conservant aix\u00ed els sucres naturals. De color daurat brillant i aromes intensos de fruites madures, flors i mel, aquest vi t\u00e9 una textura suau i un sabor equilibrat i fresc. El seu proc\u00e9s d&#8217;elaboraci\u00f3 \u00e9s artesanal, amb crian\u00e7a en b\u00f3tes o acer inoxidable. Ideal per maridar amb postres, formatges curats o gaudir-lo com a aperitiu, Mistela Clot d&#8217;Enc\u00eds reflecteix la tradici\u00f3 i el luxe de la regi\u00f3 productora.<\/div>\n<\/div>\n<\/div>\n<\/div>\n<\/div>\n","protected":false},"featured_media":82900,"comment_status":"closed","ping_status":"closed","template":"","meta":{"_acf_changed":false},"pwb-brand":[],"product_brand":[],"product_cat":[51670,51686],"product_tag":[52351,52195,15014],"class_list":{"0":"post-82903","1":"product","2":"type-product","3":"status-publish","4":"has-post-thumbnail","6":"product_cat-vi","7":"product_cat-vi-generos","8":"product_tag-clot-dencis-2","9":"product_tag-mistela-clot-dencis-2","10":"product_tag-terra-alta-ca","11":"pa_anada-36214","12":"pa_bodega-agricola-sant-josep","13":"pa_do-terra-alta-d-o-ca","14":"pa_formatoenml-38306","15":"pa_graduacion-15_0","16":"pa_pais-espanya-ca","17":"pa_pueblociudad-bottarragona","18":"pa_region-cataluna","19":"entry","20":"has-media","22":"first","23":"instock","24":"taxable","25":"shipping-taxable","26":"purchasable","27":"product-type-simple"},"acf":[],"yoast_head":"<!-- This site is optimized with the Yoast SEO Premium plugin v23.1 (Yoast SEO v23.5) - https:\/\/yoast.com\/wordpress\/plugins\/seo\/ -->\n<title>Mistela Clot d&#039;Enc\u00eds - M\u00f3n La Cata<\/title>\n<meta name=\"description\" content=\"Comprar el vi dol\u00e7 a M\u00f3n La Cata la botiga online especilitzada en vi, licors, cerveses i productes selectes d&#039;alta qualitat.\" \/>\n<meta name=\"robots\" content=\"noindex, follow, max-snippet:-1, max-image-preview:large, max-video-preview:-1\" \/>\n<meta property=\"og:locale\" content=\"ca_ES\" \/>\n<meta property=\"og:type\" content=\"article\" \/>\n<meta property=\"og:title\" content=\"Mistela Clot d&#039;Enc\u00eds\" \/>\n<meta property=\"og:description\" content=\"Comprar el vi dol\u00e7 a M\u00f3n La Cata la botiga online especilitzada en vi, licors, cerveses i productes selectes d&#039;alta qualitat.\" \/>\n<meta property=\"og:url\" content=\"https:\/\/aral2.cetrexmarketing.com\/ca\/producto\/mistela-clot-dencis-2\/\" \/>\n<meta property=\"og:site_name\" content=\"M\u00f3n La Cata\" \/>\n<meta property=\"article:modified_time\" content=\"2025-05-24T08:15:38+00:00\" \/>\n<meta property=\"og:image\" content=\"https:\/\/aral2.cetrexmarketing.com\/wp-content\/uploads\/2025\/05\/mistela-clot-dencis.png\" \/>\n\t<meta property=\"og:image:width\" content=\"765\" \/>\n\t<meta property=\"og:image:height\" content=\"1024\" \/>\n\t<meta property=\"og:image:type\" content=\"image\/png\" \/>\n<meta name=\"twitter:card\" content=\"summary_large_image\" \/>\n<meta name=\"twitter:label1\" content=\"Temps estimat de lectura\" \/>\n\t<meta name=\"twitter:data1\" content=\"2 minuts\" \/>\n<script type=\"application\/ld+json\" class=\"yoast-schema-graph\">{\"@context\":\"https:\/\/schema.org\",\"@graph\":[{\"@type\":\"WebPage\",\"@id\":\"https:\/\/aral2.cetrexmarketing.com\/ca\/producto\/mistela-clot-dencis-2\/\",\"url\":\"https:\/\/aral2.cetrexmarketing.com\/ca\/producto\/mistela-clot-dencis-2\/\",\"name\":\"Mistela Clot d'Enc\u00eds - M\u00f3n La Cata\",\"isPartOf\":{\"@id\":\"https:\/\/aral2.cetrexmarketing.com\/#website\"},\"primaryImageOfPage\":{\"@id\":\"https:\/\/aral2.cetrexmarketing.com\/ca\/producto\/mistela-clot-dencis-2\/#primaryimage\"},\"image\":{\"@id\":\"https:\/\/aral2.cetrexmarketing.com\/ca\/producto\/mistela-clot-dencis-2\/#primaryimage\"},\"thumbnailUrl\":\"https:\/\/aral2.cetrexmarketing.com\/wp-content\/uploads\/2025\/05\/mistela-clot-dencis.png\",\"datePublished\":\"2025-05-24T08:15:37+00:00\",\"dateModified\":\"2025-05-24T08:15:38+00:00\",\"description\":\"Comprar el vi dol\u00e7 a M\u00f3n La Cata la botiga online especilitzada en vi, licors, cerveses i productes selectes d'alta qualitat.\",\"breadcrumb\":{\"@id\":\"https:\/\/aral2.cetrexmarketing.com\/ca\/producto\/mistela-clot-dencis-2\/#breadcrumb\"},\"inLanguage\":\"ca\",\"potentialAction\":[{\"@type\":\"ReadAction\",\"target\":[\"https:\/\/aral2.cetrexmarketing.com\/ca\/producto\/mistela-clot-dencis-2\/\"]}]},{\"@type\":\"ImageObject\",\"inLanguage\":\"ca\",\"@id\":\"https:\/\/aral2.cetrexmarketing.com\/ca\/producto\/mistela-clot-dencis-2\/#primaryimage\",\"url\":\"https:\/\/aral2.cetrexmarketing.com\/wp-content\/uploads\/2025\/05\/mistela-clot-dencis.png\",\"contentUrl\":\"https:\/\/aral2.cetrexmarketing.com\/wp-content\/uploads\/2025\/05\/mistela-clot-dencis.png\",\"width\":765,\"height\":1024},{\"@type\":\"BreadcrumbList\",\"@id\":\"https:\/\/aral2.cetrexmarketing.com\/ca\/producto\/mistela-clot-dencis-2\/#breadcrumb\",\"itemListElement\":[{\"@type\":\"ListItem\",\"position\":1,\"name\":\"Home\",\"item\":\"https:\/\/aral2.cetrexmarketing.com\/ca\/\"},{\"@type\":\"ListItem\",\"position\":2,\"name\":\"Tienda\",\"item\":\"https:\/\/aral2.cetrexmarketing.com\/ca\/tienda-2\/\"},{\"@type\":\"ListItem\",\"position\":3,\"name\":\"Vi\",\"item\":\"https:\/\/aral2.cetrexmarketing.com\/categoria-producto\/vi\/\"},{\"@type\":\"ListItem\",\"position\":4,\"name\":\"Vi Gener\u00f3s\",\"item\":\"https:\/\/aral2.cetrexmarketing.com\/categoria-producto\/vi\/vi-generos\/\"},{\"@type\":\"ListItem\",\"position\":5,\"name\":\"Mistela Clot d&#8217;Enc\u00eds\"}]},{\"@type\":\"WebSite\",\"@id\":\"https:\/\/aral2.cetrexmarketing.com\/#website\",\"url\":\"https:\/\/aral2.cetrexmarketing.com\/\",\"name\":\"M\u00f3n La Cata\",\"description\":\"Tienda de vinos, licores, cervezas y gourmet\",\"publisher\":{\"@id\":\"https:\/\/aral2.cetrexmarketing.com\/#organization\"},\"potentialAction\":[{\"@type\":\"SearchAction\",\"target\":{\"@type\":\"EntryPoint\",\"urlTemplate\":\"https:\/\/aral2.cetrexmarketing.com\/?s={search_term_string}\"},\"query-input\":{\"@type\":\"PropertyValueSpecification\",\"valueRequired\":true,\"valueName\":\"search_term_string\"}}],\"inLanguage\":\"ca\"},{\"@type\":\"Organization\",\"@id\":\"https:\/\/aral2.cetrexmarketing.com\/#organization\",\"name\":\"M\u00f3n La Cata\",\"url\":\"https:\/\/aral2.cetrexmarketing.com\/\",\"logo\":{\"@type\":\"ImageObject\",\"inLanguage\":\"ca\",\"@id\":\"https:\/\/aral2.cetrexmarketing.com\/#\/schema\/logo\/image\/\",\"url\":\"https:\/\/aral2.cetrexmarketing.com\/wp-content\/uploads\/2024\/10\/aral-logo-neg-1024x409-1.png\",\"contentUrl\":\"https:\/\/aral2.cetrexmarketing.com\/wp-content\/uploads\/2024\/10\/aral-logo-neg-1024x409-1.png\",\"width\":1024,\"height\":409,\"caption\":\"M\u00f3n La Cata\"},\"image\":{\"@id\":\"https:\/\/aral2.cetrexmarketing.com\/#\/schema\/logo\/image\/\"}}]}<\/script>\n<!-- \/ Yoast SEO Premium plugin. -->","yoast_head_json":{"title":"Mistela Clot d'Enc\u00eds - M\u00f3n La Cata","description":"Comprar el vi dol\u00e7 a M\u00f3n La Cata la botiga online especilitzada en vi, licors, cerveses i productes selectes d'alta qualitat.","robots":{"index":"noindex","follow":"follow","max-snippet":"max-snippet:-1","max-image-preview":"max-image-preview:large","max-video-preview":"max-video-preview:-1"},"og_locale":"ca_ES","og_type":"article","og_title":"Mistela Clot d'Enc\u00eds","og_description":"Comprar el vi dol\u00e7 a M\u00f3n La Cata la botiga online especilitzada en vi, licors, cerveses i productes selectes d'alta qualitat.","og_url":"https:\/\/aral2.cetrexmarketing.com\/ca\/producto\/mistela-clot-dencis-2\/","og_site_name":"M\u00f3n La Cata","article_modified_time":"2025-05-24T08:15:38+00:00","og_image":[{"width":765,"height":1024,"url":"https:\/\/aral2.cetrexmarketing.com\/wp-content\/uploads\/2025\/05\/mistela-clot-dencis.png","type":"image\/png"}],"twitter_card":"summary_large_image","twitter_misc":{"Temps estimat de lectura":"2 minuts"},"schema":{"@context":"https:\/\/schema.org","@graph":[{"@type":"WebPage","@id":"https:\/\/aral2.cetrexmarketing.com\/ca\/producto\/mistela-clot-dencis-2\/","url":"https:\/\/aral2.cetrexmarketing.com\/ca\/producto\/mistela-clot-dencis-2\/","name":"Mistela Clot d'Enc\u00eds - M\u00f3n La Cata","isPartOf":{"@id":"https:\/\/aral2.cetrexmarketing.com\/#website"},"primaryImageOfPage":{"@id":"https:\/\/aral2.cetrexmarketing.com\/ca\/producto\/mistela-clot-dencis-2\/#primaryimage"},"image":{"@id":"https:\/\/aral2.cetrexmarketing.com\/ca\/producto\/mistela-clot-dencis-2\/#primaryimage"},"thumbnailUrl":"https:\/\/aral2.cetrexmarketing.com\/wp-content\/uploads\/2025\/05\/mistela-clot-dencis.png","datePublished":"2025-05-24T08:15:37+00:00","dateModified":"2025-05-24T08:15:38+00:00","description":"Comprar el vi dol\u00e7 a M\u00f3n La Cata la botiga online especilitzada en vi, licors, cerveses i productes selectes d'alta qualitat.","breadcrumb":{"@id":"https:\/\/aral2.cetrexmarketing.com\/ca\/producto\/mistela-clot-dencis-2\/#breadcrumb"},"inLanguage":"ca","potentialAction":[{"@type":"ReadAction","target":["https:\/\/aral2.cetrexmarketing.com\/ca\/producto\/mistela-clot-dencis-2\/"]}]},{"@type":"ImageObject","inLanguage":"ca","@id":"https:\/\/aral2.cetrexmarketing.com\/ca\/producto\/mistela-clot-dencis-2\/#primaryimage","url":"https:\/\/aral2.cetrexmarketing.com\/wp-content\/uploads\/2025\/05\/mistela-clot-dencis.png","contentUrl":"https:\/\/aral2.cetrexmarketing.com\/wp-content\/uploads\/2025\/05\/mistela-clot-dencis.png","width":765,"height":1024},{"@type":"BreadcrumbList","@id":"https:\/\/aral2.cetrexmarketing.com\/ca\/producto\/mistela-clot-dencis-2\/#breadcrumb","itemListElement":[{"@type":"ListItem","position":1,"name":"Home","item":"https:\/\/aral2.cetrexmarketing.com\/ca\/"},{"@type":"ListItem","position":2,"name":"Tienda","item":"https:\/\/aral2.cetrexmarketing.com\/ca\/tienda-2\/"},{"@type":"ListItem","position":3,"name":"Vi","item":"https:\/\/aral2.cetrexmarketing.com\/categoria-producto\/vi\/"},{"@type":"ListItem","position":4,"name":"Vi Gener\u00f3s","item":"https:\/\/aral2.cetrexmarketing.com\/categoria-producto\/vi\/vi-generos\/"},{"@type":"ListItem","position":5,"name":"Mistela Clot d&#8217;Enc\u00eds"}]},{"@type":"WebSite","@id":"https:\/\/aral2.cetrexmarketing.com\/#website","url":"https:\/\/aral2.cetrexmarketing.com\/","name":"M\u00f3n La Cata","description":"Tienda de vinos, licores, cervezas y gourmet","publisher":{"@id":"https:\/\/aral2.cetrexmarketing.com\/#organization"},"potentialAction":[{"@type":"SearchAction","target":{"@type":"EntryPoint","urlTemplate":"https:\/\/aral2.cetrexmarketing.com\/?s={search_term_string}"},"query-input":{"@type":"PropertyValueSpecification","valueRequired":true,"valueName":"search_term_string"}}],"inLanguage":"ca"},{"@type":"Organization","@id":"https:\/\/aral2.cetrexmarketing.com\/#organization","name":"M\u00f3n La Cata","url":"https:\/\/aral2.cetrexmarketing.com\/","logo":{"@type":"ImageObject","inLanguage":"ca","@id":"https:\/\/aral2.cetrexmarketing.com\/#\/schema\/logo\/image\/","url":"https:\/\/aral2.cetrexmarketing.com\/wp-content\/uploads\/2024\/10\/aral-logo-neg-1024x409-1.png","contentUrl":"https:\/\/aral2.cetrexmarketing.com\/wp-content\/uploads\/2024\/10\/aral-logo-neg-1024x409-1.png","width":1024,"height":409,"caption":"M\u00f3n La Cata"},"image":{"@id":"https:\/\/aral2.cetrexmarketing.com\/#\/schema\/logo\/image\/"}}]}},"brands":[],"_links":{"self":[{"href":"https:\/\/aral2.cetrexmarketing.com\/ca\/wp-json\/wp\/v2\/product\/82903","targetHints":{"allow":["GET"]}}],"collection":[{"href":"https:\/\/aral2.cetrexmarketing.com\/ca\/wp-json\/wp\/v2\/product"}],"about":[{"href":"https:\/\/aral2.cetrexmarketing.com\/ca\/wp-json\/wp\/v2\/types\/product"}],"replies":[{"embeddable":true,"href":"https:\/\/aral2.cetrexmarketing.com\/ca\/wp-json\/wp\/v2\/comments?post=82903"}],"wp:featuredmedia":[{"embeddable":true,"href":"https:\/\/aral2.cetrexmarketing.com\/ca\/wp-json\/wp\/v2\/media\/82900"}],"wp:attachment":[{"href":"https:\/\/aral2.cetrexmarketing.com\/ca\/wp-json\/wp\/v2\/media?parent=82903"}],"wp:term":[{"taxonomy":"pwb-brand","embeddable":true,"href":"https:\/\/aral2.cetrexmarketing.com\/ca\/wp-json\/wp\/v2\/pwb-brand?post=82903"},{"taxonomy":"product_brand","embeddable":true,"href":"https:\/\/aral2.cetrexmarketing.com\/ca\/wp-json\/wp\/v2\/product_brand?post=82903"},{"taxonomy":"product_cat","embeddable":true,"href":"https:\/\/aral2.cetrexmarketing.com\/ca\/wp-json\/wp\/v2\/product_cat?post=82903"},{"taxonomy":"product_tag","embeddable":true,"href":"https:\/\/aral2.cetrexmarketing.com\/ca\/wp-json\/wp\/v2\/product_tag?post=82903"}],"curies":[{"name":"wp","href":"https:\/\/api.w.org\/{rel}","templated":true}]}}