{"id":82771,"date":"2025-05-24T08:12:56","date_gmt":"2025-05-24T08:12:56","guid":{"rendered":"https:\/\/aral2.cetrexmarketing.com\/producto\/jose-pariente-verdejo-2\/"},"modified":"2025-05-24T08:12:58","modified_gmt":"2025-05-24T08:12:58","slug":"jose-pariente-verdejo-2","status":"publish","type":"product","link":"https:\/\/aral2.cetrexmarketing.com\/ca\/producto\/jose-pariente-verdejo-2\/","title":{"rendered":"Jos\u00e9 Pariente Verdejo"},"content":{"rendered":"<p>Vi blanc de Jos\u00e9 Verdejo Reariente Fabricat a la regi\u00f3 de Rueda. Preparat a partir del Verdejo, varietat nativa de la regi\u00f3 i un dels pa\u00efsos m\u00e9s emblem\u00e0tics.<br \/>\n Neste Wine es produeix al celler Jos\u00e9 Tarreiente, un celler familiar a la ciutat de La Seca (Valladolid). Fundada el 1940 i est\u00e0 especialitzada en la producci\u00f3 de vins blancs d\u2019alta qualitat.<br \/>\n n<br \/>\n Nen la seva elaboraci\u00f3, despr\u00e9s de la collita, el ferment de Musts en acer inoxidable, formig\u00f3 i tines de fusta. En algunes vinificacions i depenent dels seus \u00e0cids, hi ha un toc de<br \/>\n Nconversi\u00f3 malol\u00e0ctica. Els vins romanen amb les seves l\u00ednies durant 4 mesos. El muntatge \u00e9s el que caracteritza la singularitat i la diferenciaci\u00f3 d\u2019aquest vi.<br \/>\n n<br \/>\n Nel Jos\u00e9 Verdejo El vi relatiu es caracteritza per ser un vi blanc brillant i net, amb tons grocs p\u00e0l\u00b7lids i una reflexi\u00f3 verdosa. El seu aroma ofereix mineralitat Pedregoso a la zona, combinada amb matisos de fonoll, an\u00eds, fruita blanca i fruita \u00f2ssia. A la boca, \u00e9s un vi untu\u00f3s, dol\u00e7 i elegant, amb un suau toc d\u2019amargor al final, caracter\u00edstic de la varietat Verdejo. Un vi, complex, intens i equilibrat.<\/p>\n","protected":false},"excerpt":{"rendered":"<p>Vi blanc de Jos\u00e9 Verdejo Reariente Fabricat a la regi\u00f3 de Rueda. Preparat a partir del Verdejo, varietat nativa de la regi\u00f3 i un dels pa\u00efsos m\u00e9s emblem\u00e0tics.<br \/>\n Neste Wine es produeix al celler Jos\u00e9 Tarreiente, un celler familiar a la ciutat de La Seca (Valladolid). Fundada el 1940 i est\u00e0 especialitzada en la producci\u00f3 de vins blancs d\u2019alta qualitat.<br \/>\n n<br \/>\n Nen la seva elaboraci\u00f3, despr\u00e9s de la collita, el ferment de Musts en acer inoxidable, formig\u00f3 i tines de fusta. En algunes vinificacions i depenent dels seus \u00e0cids, hi ha un toc de<br \/>\n Nconversi\u00f3 malol\u00e0ctica. Els vins romanen amb les seves l\u00ednies durant 4 mesos. El muntatge \u00e9s el que caracteritza la singularitat i la diferenciaci\u00f3 d\u2019aquest vi.<br \/>\n n<br \/>\n Nel Jos\u00e9 Verdejo El vi relatiu es caracteritza per ser un vi blanc brillant i net, amb tons grocs p\u00e0l\u00b7lids i una reflexi\u00f3 verdosa. El seu aroma ofereix mineralitat Pedregoso a la zona, combinada amb matisos de fonoll, an\u00eds, fruita blanca i fruita \u00f2ssia. A la boca, \u00e9s un vi untu\u00f3s, dol\u00e7 i elegant, amb un suau toc d\u2019amargor al final, caracter\u00edstic de la varietat Verdejo. Un vi, complex, intens i equilibrat.<\/p>\n","protected":false},"featured_media":82768,"comment_status":"closed","ping_status":"closed","template":"","meta":{"_acf_changed":false},"pwb-brand":[32933],"product_brand":[],"product_cat":[51670,51672],"product_tag":[],"class_list":{"0":"post-82771","1":"product","2":"type-product","3":"status-publish","4":"has-post-thumbnail","6":"pwb-brand-rueda-d-o","7":"product_cat-vi","8":"product_cat-vi-blanc","9":"pa_anada-45483","10":"pa_bodega-bodegasjosepariente","11":"pa_do-ruedado-ca","12":"pa_envejecimiento-jove","13":"pa_formatoenl-36158","14":"pa_formatoenml-38306","15":"pa_graduacion-13_0","16":"pa_pais-espanya-ca","17":"pa_pesoengramos-38337","18":"pa_pesoenkg-125-ca","19":"pa_pueblociudad-lasecavalladolid","20":"pa_tipodevino-vi-tranquil","21":"pa_variedades-verdejo-ca","22":"entry","23":"has-media","25":"first","26":"instock","27":"taxable","28":"shipping-taxable","29":"purchasable","30":"product-type-simple"},"acf":[],"yoast_head":"<!-- This site is optimized with the Yoast SEO Premium plugin v23.1 (Yoast SEO v23.5) - https:\/\/yoast.com\/wordpress\/plugins\/seo\/ -->\n<title>Jos\u00e9 Pariente Verdejo vi<\/title>\n<meta name=\"description\" content=\"Comprar online al millor preu vins blancs de la DO Rueda elaborats amb la varietat verdejo. 75cl.\" \/>\n<meta name=\"robots\" content=\"noindex, follow, max-snippet:-1, max-image-preview:large, max-video-preview:-1\" \/>\n<meta property=\"og:locale\" content=\"ca_ES\" \/>\n<meta property=\"og:type\" content=\"article\" \/>\n<meta property=\"og:title\" content=\"Jos\u00e9 Pariente Verdejo\" \/>\n<meta property=\"og:description\" content=\"Comprar online al millor preu vins blancs de la DO Rueda elaborats amb la varietat verdejo. 75cl.\" \/>\n<meta property=\"og:url\" content=\"https:\/\/aral2.cetrexmarketing.com\/ca\/producto\/jose-pariente-verdejo-2\/\" \/>\n<meta property=\"og:site_name\" content=\"M\u00f3n La Cata\" \/>\n<meta property=\"article:modified_time\" content=\"2025-05-24T08:12:58+00:00\" \/>\n<meta property=\"og:image\" content=\"https:\/\/aral2.cetrexmarketing.com\/wp-content\/uploads\/2025\/05\/Jose-Pariente-Verdejo.jpg-1.png\" \/>\n\t<meta property=\"og:image:width\" content=\"765\" \/>\n\t<meta property=\"og:image:height\" content=\"1024\" \/>\n\t<meta property=\"og:image:type\" content=\"image\/png\" \/>\n<meta name=\"twitter:card\" content=\"summary_large_image\" \/>\n<meta name=\"twitter:label1\" content=\"Temps estimat de lectura\" \/>\n\t<meta name=\"twitter:data1\" content=\"1 minut\" \/>\n<script type=\"application\/ld+json\" class=\"yoast-schema-graph\">{\"@context\":\"https:\/\/schema.org\",\"@graph\":[{\"@type\":\"WebPage\",\"@id\":\"https:\/\/aral2.cetrexmarketing.com\/ca\/producto\/jose-pariente-verdejo-2\/\",\"url\":\"https:\/\/aral2.cetrexmarketing.com\/ca\/producto\/jose-pariente-verdejo-2\/\",\"name\":\"Jos\u00e9 Pariente Verdejo vi\",\"isPartOf\":{\"@id\":\"https:\/\/aral2.cetrexmarketing.com\/#website\"},\"primaryImageOfPage\":{\"@id\":\"https:\/\/aral2.cetrexmarketing.com\/ca\/producto\/jose-pariente-verdejo-2\/#primaryimage\"},\"image\":{\"@id\":\"https:\/\/aral2.cetrexmarketing.com\/ca\/producto\/jose-pariente-verdejo-2\/#primaryimage\"},\"thumbnailUrl\":\"https:\/\/aral2.cetrexmarketing.com\/wp-content\/uploads\/2025\/05\/Jose-Pariente-Verdejo.jpg-1.png\",\"datePublished\":\"2025-05-24T08:12:56+00:00\",\"dateModified\":\"2025-05-24T08:12:58+00:00\",\"description\":\"Comprar online al millor preu vins blancs de la DO Rueda elaborats amb la varietat verdejo. 75cl.\",\"breadcrumb\":{\"@id\":\"https:\/\/aral2.cetrexmarketing.com\/ca\/producto\/jose-pariente-verdejo-2\/#breadcrumb\"},\"inLanguage\":\"ca\",\"potentialAction\":[{\"@type\":\"ReadAction\",\"target\":[\"https:\/\/aral2.cetrexmarketing.com\/ca\/producto\/jose-pariente-verdejo-2\/\"]}]},{\"@type\":\"ImageObject\",\"inLanguage\":\"ca\",\"@id\":\"https:\/\/aral2.cetrexmarketing.com\/ca\/producto\/jose-pariente-verdejo-2\/#primaryimage\",\"url\":\"https:\/\/aral2.cetrexmarketing.com\/wp-content\/uploads\/2025\/05\/Jose-Pariente-Verdejo.jpg-1.png\",\"contentUrl\":\"https:\/\/aral2.cetrexmarketing.com\/wp-content\/uploads\/2025\/05\/Jose-Pariente-Verdejo.jpg-1.png\",\"width\":765,\"height\":1024},{\"@type\":\"BreadcrumbList\",\"@id\":\"https:\/\/aral2.cetrexmarketing.com\/ca\/producto\/jose-pariente-verdejo-2\/#breadcrumb\",\"itemListElement\":[{\"@type\":\"ListItem\",\"position\":1,\"name\":\"Home\",\"item\":\"https:\/\/aral2.cetrexmarketing.com\/ca\/\"},{\"@type\":\"ListItem\",\"position\":2,\"name\":\"Tienda\",\"item\":\"https:\/\/aral2.cetrexmarketing.com\/ca\/tienda-2\/\"},{\"@type\":\"ListItem\",\"position\":3,\"name\":\"Vi\",\"item\":\"https:\/\/aral2.cetrexmarketing.com\/categoria-producto\/vi\/\"},{\"@type\":\"ListItem\",\"position\":4,\"name\":\"Vi Blanc\",\"item\":\"https:\/\/aral2.cetrexmarketing.com\/categoria-producto\/vi\/vi-blanc\/\"},{\"@type\":\"ListItem\",\"position\":5,\"name\":\"Jos\u00e9 Pariente Verdejo\"}]},{\"@type\":\"WebSite\",\"@id\":\"https:\/\/aral2.cetrexmarketing.com\/#website\",\"url\":\"https:\/\/aral2.cetrexmarketing.com\/\",\"name\":\"M\u00f3n La Cata\",\"description\":\"Tienda de vinos, licores, cervezas y gourmet\",\"publisher\":{\"@id\":\"https:\/\/aral2.cetrexmarketing.com\/#organization\"},\"potentialAction\":[{\"@type\":\"SearchAction\",\"target\":{\"@type\":\"EntryPoint\",\"urlTemplate\":\"https:\/\/aral2.cetrexmarketing.com\/?s={search_term_string}\"},\"query-input\":{\"@type\":\"PropertyValueSpecification\",\"valueRequired\":true,\"valueName\":\"search_term_string\"}}],\"inLanguage\":\"ca\"},{\"@type\":\"Organization\",\"@id\":\"https:\/\/aral2.cetrexmarketing.com\/#organization\",\"name\":\"M\u00f3n La Cata\",\"url\":\"https:\/\/aral2.cetrexmarketing.com\/\",\"logo\":{\"@type\":\"ImageObject\",\"inLanguage\":\"ca\",\"@id\":\"https:\/\/aral2.cetrexmarketing.com\/#\/schema\/logo\/image\/\",\"url\":\"https:\/\/aral2.cetrexmarketing.com\/wp-content\/uploads\/2024\/10\/aral-logo-neg-1024x409-1.png\",\"contentUrl\":\"https:\/\/aral2.cetrexmarketing.com\/wp-content\/uploads\/2024\/10\/aral-logo-neg-1024x409-1.png\",\"width\":1024,\"height\":409,\"caption\":\"M\u00f3n La Cata\"},\"image\":{\"@id\":\"https:\/\/aral2.cetrexmarketing.com\/#\/schema\/logo\/image\/\"}}]}<\/script>\n<!-- \/ Yoast SEO Premium plugin. -->","yoast_head_json":{"title":"Jos\u00e9 Pariente Verdejo vi","description":"Comprar online al millor preu vins blancs de la DO Rueda elaborats amb la varietat verdejo. 75cl.","robots":{"index":"noindex","follow":"follow","max-snippet":"max-snippet:-1","max-image-preview":"max-image-preview:large","max-video-preview":"max-video-preview:-1"},"og_locale":"ca_ES","og_type":"article","og_title":"Jos\u00e9 Pariente Verdejo","og_description":"Comprar online al millor preu vins blancs de la DO Rueda elaborats amb la varietat verdejo. 75cl.","og_url":"https:\/\/aral2.cetrexmarketing.com\/ca\/producto\/jose-pariente-verdejo-2\/","og_site_name":"M\u00f3n La Cata","article_modified_time":"2025-05-24T08:12:58+00:00","og_image":[{"width":765,"height":1024,"url":"https:\/\/aral2.cetrexmarketing.com\/wp-content\/uploads\/2025\/05\/Jose-Pariente-Verdejo.jpg-1.png","type":"image\/png"}],"twitter_card":"summary_large_image","twitter_misc":{"Temps estimat de lectura":"1 minut"},"schema":{"@context":"https:\/\/schema.org","@graph":[{"@type":"WebPage","@id":"https:\/\/aral2.cetrexmarketing.com\/ca\/producto\/jose-pariente-verdejo-2\/","url":"https:\/\/aral2.cetrexmarketing.com\/ca\/producto\/jose-pariente-verdejo-2\/","name":"Jos\u00e9 Pariente Verdejo vi","isPartOf":{"@id":"https:\/\/aral2.cetrexmarketing.com\/#website"},"primaryImageOfPage":{"@id":"https:\/\/aral2.cetrexmarketing.com\/ca\/producto\/jose-pariente-verdejo-2\/#primaryimage"},"image":{"@id":"https:\/\/aral2.cetrexmarketing.com\/ca\/producto\/jose-pariente-verdejo-2\/#primaryimage"},"thumbnailUrl":"https:\/\/aral2.cetrexmarketing.com\/wp-content\/uploads\/2025\/05\/Jose-Pariente-Verdejo.jpg-1.png","datePublished":"2025-05-24T08:12:56+00:00","dateModified":"2025-05-24T08:12:58+00:00","description":"Comprar online al millor preu vins blancs de la DO Rueda elaborats amb la varietat verdejo. 75cl.","breadcrumb":{"@id":"https:\/\/aral2.cetrexmarketing.com\/ca\/producto\/jose-pariente-verdejo-2\/#breadcrumb"},"inLanguage":"ca","potentialAction":[{"@type":"ReadAction","target":["https:\/\/aral2.cetrexmarketing.com\/ca\/producto\/jose-pariente-verdejo-2\/"]}]},{"@type":"ImageObject","inLanguage":"ca","@id":"https:\/\/aral2.cetrexmarketing.com\/ca\/producto\/jose-pariente-verdejo-2\/#primaryimage","url":"https:\/\/aral2.cetrexmarketing.com\/wp-content\/uploads\/2025\/05\/Jose-Pariente-Verdejo.jpg-1.png","contentUrl":"https:\/\/aral2.cetrexmarketing.com\/wp-content\/uploads\/2025\/05\/Jose-Pariente-Verdejo.jpg-1.png","width":765,"height":1024},{"@type":"BreadcrumbList","@id":"https:\/\/aral2.cetrexmarketing.com\/ca\/producto\/jose-pariente-verdejo-2\/#breadcrumb","itemListElement":[{"@type":"ListItem","position":1,"name":"Home","item":"https:\/\/aral2.cetrexmarketing.com\/ca\/"},{"@type":"ListItem","position":2,"name":"Tienda","item":"https:\/\/aral2.cetrexmarketing.com\/ca\/tienda-2\/"},{"@type":"ListItem","position":3,"name":"Vi","item":"https:\/\/aral2.cetrexmarketing.com\/categoria-producto\/vi\/"},{"@type":"ListItem","position":4,"name":"Vi Blanc","item":"https:\/\/aral2.cetrexmarketing.com\/categoria-producto\/vi\/vi-blanc\/"},{"@type":"ListItem","position":5,"name":"Jos\u00e9 Pariente Verdejo"}]},{"@type":"WebSite","@id":"https:\/\/aral2.cetrexmarketing.com\/#website","url":"https:\/\/aral2.cetrexmarketing.com\/","name":"M\u00f3n La Cata","description":"Tienda de vinos, licores, cervezas y gourmet","publisher":{"@id":"https:\/\/aral2.cetrexmarketing.com\/#organization"},"potentialAction":[{"@type":"SearchAction","target":{"@type":"EntryPoint","urlTemplate":"https:\/\/aral2.cetrexmarketing.com\/?s={search_term_string}"},"query-input":{"@type":"PropertyValueSpecification","valueRequired":true,"valueName":"search_term_string"}}],"inLanguage":"ca"},{"@type":"Organization","@id":"https:\/\/aral2.cetrexmarketing.com\/#organization","name":"M\u00f3n La Cata","url":"https:\/\/aral2.cetrexmarketing.com\/","logo":{"@type":"ImageObject","inLanguage":"ca","@id":"https:\/\/aral2.cetrexmarketing.com\/#\/schema\/logo\/image\/","url":"https:\/\/aral2.cetrexmarketing.com\/wp-content\/uploads\/2024\/10\/aral-logo-neg-1024x409-1.png","contentUrl":"https:\/\/aral2.cetrexmarketing.com\/wp-content\/uploads\/2024\/10\/aral-logo-neg-1024x409-1.png","width":1024,"height":409,"caption":"M\u00f3n La Cata"},"image":{"@id":"https:\/\/aral2.cetrexmarketing.com\/#\/schema\/logo\/image\/"}}]}},"brands":[{"id":32933,"name":"Rueda D.O.","slug":"rueda-d-o"}],"_links":{"self":[{"href":"https:\/\/aral2.cetrexmarketing.com\/ca\/wp-json\/wp\/v2\/product\/82771","targetHints":{"allow":["GET"]}}],"collection":[{"href":"https:\/\/aral2.cetrexmarketing.com\/ca\/wp-json\/wp\/v2\/product"}],"about":[{"href":"https:\/\/aral2.cetrexmarketing.com\/ca\/wp-json\/wp\/v2\/types\/product"}],"replies":[{"embeddable":true,"href":"https:\/\/aral2.cetrexmarketing.com\/ca\/wp-json\/wp\/v2\/comments?post=82771"}],"wp:featuredmedia":[{"embeddable":true,"href":"https:\/\/aral2.cetrexmarketing.com\/ca\/wp-json\/wp\/v2\/media\/82768"}],"wp:attachment":[{"href":"https:\/\/aral2.cetrexmarketing.com\/ca\/wp-json\/wp\/v2\/media?parent=82771"}],"wp:term":[{"taxonomy":"pwb-brand","embeddable":true,"href":"https:\/\/aral2.cetrexmarketing.com\/ca\/wp-json\/wp\/v2\/pwb-brand?post=82771"},{"taxonomy":"product_brand","embeddable":true,"href":"https:\/\/aral2.cetrexmarketing.com\/ca\/wp-json\/wp\/v2\/product_brand?post=82771"},{"taxonomy":"product_cat","embeddable":true,"href":"https:\/\/aral2.cetrexmarketing.com\/ca\/wp-json\/wp\/v2\/product_cat?post=82771"},{"taxonomy":"product_tag","embeddable":true,"href":"https:\/\/aral2.cetrexmarketing.com\/ca\/wp-json\/wp\/v2\/product_tag?post=82771"}],"curies":[{"name":"wp","href":"https:\/\/api.w.org\/{rel}","templated":true}]}}