{"id":82731,"date":"2025-05-24T08:12:14","date_gmt":"2025-05-24T08:12:14","guid":{"rendered":"https:\/\/aral2.cetrexmarketing.com\/producto\/pazo-das-bruxas-2\/"},"modified":"2025-05-24T08:12:16","modified_gmt":"2025-05-24T08:12:16","slug":"pazo-das-bruxas-2","status":"publish","type":"product","link":"https:\/\/aral2.cetrexmarketing.com\/ca\/producto\/pazo-das-bruxas-2\/","title":{"rendered":"Pazo das Bruxas"},"content":{"rendered":"<div class=\"flex-1 overflow-hidden @container\/thread\">\n<div class=\"h-full\">\n<div class=\"react-scroll-to-bottom--css-bytra-79elbk h-full\">\n<div class=\"react-scroll-to-bottom--css-bytra-1n7m0yu\">\n<div class=\"flex flex-col text-sm md:pb-9\">\n<article class=\"w-full scroll-mb-[var(--thread-trailing-height,150px)] text-token-text-primary focus-visible:outline-2 focus-visible:outline-offset-[-4px]\" dir=\"auto\" data-testid=\"conversation-turn-3\" data-scroll-anchor=\"true\">\n<div class=\"m-auto text-base py-[18px] px-3 md:px-4 w-full md:px-5 lg:px-4 xl:px-5\">\n<div class=\"mx-auto flex flex-1 gap-4 text-base md:gap-5 lg:gap-6 md:max-w-3xl lg:max-w-[40rem] xl:max-w-[48rem]\">\n<div class=\"group\/conversation-turn relative flex w-full min-w-0 flex-col agent-turn\">\n<div class=\"flex-col gap-1 md:gap-3\">\n<div class=\"flex max-w-full flex-col flex-grow\">\n<div class=\"min-h-8 text-message flex w-full flex-col items-end gap-2 whitespace-normal break-words text-start [.text-message+&amp;]:mt-5\" dir=\"auto\" data-message-author-role=\"assistant\" data-message-id=\"001e9d17-2f28-4c9a-8977-81bdeba21125\" data-message-model-slug=\"gpt-4o\">\n<div class=\"flex w-full flex-col gap-1 empty:hidden first:pt-[3px]\">\n<div class=\"markdown prose w-full break-words dark:prose-invert light\">\n<p data-start=\"0\" data-end=\"336\"><strong data-start=\"0\" data-end=\"19\">Pazo das Bruxas<\/strong> \u00e9s un vi blanc gallec, elaborat a la regi\u00f3 de <strong data-start=\"66\" data-end=\"81\">R\u00edas Baixas<\/strong>, una de les denominacions d&#8217;origen m\u00e9s prestigioses de Gal\u00edcia, coneguda pels seus vins frescos i arom\u00e0tics. Aquest vi est\u00e0 fet principalment amb <strong data-start=\"228\" data-end=\"240\">Albari\u00f1o<\/strong>, una de les varietats m\u00e9s emblem\u00e0tiques de la zona, la qual cosa li confereix un car\u00e0cter \u00fanic.<\/p>\n<p data-start=\"338\" data-end=\"721\">De color <strong data-start=\"347\" data-end=\"363\">groc p\u00e0l\u00b7lid<\/strong> amb reflexos verdosos, <strong data-start=\"387\" data-end=\"406\">Pazo das Bruxas<\/strong> presenta un nas intens i complex, amb aromes frescos de <strong data-start=\"463\" data-end=\"483\">fruites blanques<\/strong> com poma verda, pera i un toc c\u00edtric de <strong data-start=\"524\" data-end=\"535\">llimona<\/strong> i <strong data-start=\"538\" data-end=\"548\">pomelo<\/strong>, acompanyats de subtils matisos florals i herb\u00e0cis. Aquests aromes frescos i vibrants s\u00f3n caracter\u00edstics de la frescor del ra\u00efm Albari\u00f1o cultivat en aquesta zona atl\u00e0ntica.<\/p>\n<p data-start=\"723\" data-end=\"981\">En boca, el vi \u00e9s <strong data-start=\"741\" data-end=\"762\">fresc i afruitats<\/strong>, amb una excel\u00b7lent acidesa que equilibra perfectament el seu cos. T\u00e9 una textura suau i untuosa, amb un final net i llarg que deixa una agradable sensaci\u00f3 de frescor i notes de <strong data-start=\"941\" data-end=\"962\">fruites tropicals<\/strong> i <strong data-start=\"965\" data-end=\"980\">mineralitat<\/strong>.<\/p>\n<p data-start=\"983\" data-end=\"1276\" data-is-last-node=\"\" data-is-only-node=\"\"><strong data-start=\"983\" data-end=\"1002\">Pazo das Bruxas<\/strong> \u00e9s ideal per maridar amb plats de marisc, peix, arrossos i tapes galleques, sent un excel\u00b7lent acompanyant per gaudir de la gastronomia local i de la frescor de la regi\u00f3 de R\u00edas Baixas. Es recomana servir-lo entre <strong data-start=\"1217\" data-end=\"1227\">8-10\u00b0C<\/strong> per ressaltar els seus aromes i la seva frescor.<\/p>\n<\/div>\n<\/div>\n<\/div>\n<\/div>\n<div class=\"mb-2 flex gap-3 empty:hidden -ml-2\">\n<div class=\"items-center justify-start rounded-xl p-1 flex\"><\/div>\n<\/div>\n<\/div>\n<\/div>\n<\/div>\n<\/div>\n<\/article>\n<\/div>\n<\/div>\n<\/div>\n<\/div>\n<\/div>\n","protected":false},"excerpt":{"rendered":"<p><strong data-start=\"0\" data-end=\"19\" data-is-only-node=\"\">Pazo das Bruxas<\/strong> \u00e9s un vi blanc gallec elaborat principalment amb <strong data-start=\"69\" data-end=\"81\">Albari\u00f1o<\/strong> a la regi\u00f3 de <strong data-start=\"96\" data-end=\"111\">R\u00edas Baixas<\/strong>, coneguda per la seva frescor i qualitat. De color <strong data-start=\"163\" data-end=\"179\">groc p\u00e0l\u00b7lid<\/strong> amb reflexos verdosos, presenta aromes frescos de <strong data-start=\"230\" data-end=\"250\">fruites blanques<\/strong>, c\u00edtrics com <strong data-start=\"264\" data-end=\"275\">llimona<\/strong> i <strong data-start=\"278\" data-end=\"288\">pomelo<\/strong>, i subtils matisos florals i herb\u00e0cis. En boca, \u00e9s <strong data-start=\"340\" data-end=\"359\">fresc, afruitat<\/strong> i amb una excel\u00b7lent acidesa que equilibra la seva textura suau i untuosa. T\u00e9 un final net i llarg amb notes de <strong data-start=\"472\" data-end=\"493\">fruites tropicals<\/strong> i <strong data-start=\"496\" data-end=\"511\">mineralitat<\/strong>. Ideal per maridar amb marisc, peix, arrossos i tapes galleques, es recomana servir-lo entre <strong data-start=\"605\" data-end=\"615\">8-10\u00b0C<\/strong> per gaudir plenament de la seva frescor.<\/p>\n","protected":false},"featured_media":82728,"comment_status":"closed","ping_status":"closed","template":"","meta":{"_acf_changed":false},"pwb-brand":[32929],"product_brand":[],"product_cat":[51670,51672],"product_tag":[15095,15985,15096,48917],"class_list":{"0":"post-82731","1":"product","2":"type-product","3":"status-publish","4":"has-post-thumbnail","6":"pwb-brand-rias-baixas-d-o","7":"product_cat-vi","8":"product_cat-vi-blanc","9":"product_tag-albarino-ca","10":"product_tag-pazo-das-bruxas-ca","11":"product_tag-rias-baixas-ca","12":"product_tag-vi-blanc-ca","13":"pa_anada-36214","14":"pa_bodega-bodega-miguel-torres","15":"pa_do-riasbaixasdo-ca","16":"pa_formatoenl-36158","17":"pa_formatoenml-38306","18":"pa_graduacion-12_5","19":"pa_pais-espanya-ca","20":"pa_pesoengramos-38354","21":"pa_pesoenkg-14-2","22":"pa_tipodevino-vi-tranquil","23":"pa_variedades-albarino-ca","24":"entry","25":"has-media","27":"first","28":"outofstock","29":"taxable","30":"shipping-taxable","31":"purchasable","32":"product-type-simple"},"acf":[],"yoast_head":"<!-- This site is optimized with the Yoast SEO Premium plugin v23.1 (Yoast SEO v23.5) - https:\/\/yoast.com\/wordpress\/plugins\/seo\/ -->\n<title>Pazo das Bruxas vi blanc de la DO R\u00edas Baixas<\/title>\n<meta name=\"description\" content=\"Comprar vi blanc albari\u00f1o de la d.o. rias baixas al millor preu. web online especialitzada en vins, licors i productes gourmet. Gran selecci\u00f3. Viniteca. Ofertes\" \/>\n<meta name=\"robots\" content=\"noindex, follow, max-snippet:-1, max-image-preview:large, max-video-preview:-1\" \/>\n<meta property=\"og:locale\" content=\"ca_ES\" \/>\n<meta property=\"og:type\" content=\"article\" \/>\n<meta property=\"og:title\" content=\"Pazo das Bruxas\" \/>\n<meta property=\"og:description\" content=\"Comprar vi blanc albari\u00f1o de la d.o. rias baixas al millor preu. web online especialitzada en vins, licors i productes gourmet. Gran selecci\u00f3. Viniteca. Ofertes\" \/>\n<meta property=\"og:url\" content=\"https:\/\/aral2.cetrexmarketing.com\/ca\/producto\/pazo-das-bruxas-2\/\" \/>\n<meta property=\"og:site_name\" content=\"M\u00f3n La Cata\" \/>\n<meta property=\"article:modified_time\" content=\"2025-05-24T08:12:16+00:00\" \/>\n<meta property=\"og:image\" content=\"https:\/\/aral2.cetrexmarketing.com\/wp-content\/uploads\/2025\/05\/Pazo-das-Bruxas.jpg-1.png\" \/>\n\t<meta property=\"og:image:width\" content=\"765\" \/>\n\t<meta property=\"og:image:height\" content=\"1024\" \/>\n\t<meta property=\"og:image:type\" content=\"image\/png\" \/>\n<meta name=\"twitter:card\" content=\"summary_large_image\" \/>\n<meta name=\"twitter:label1\" content=\"Temps estimat de lectura\" \/>\n\t<meta name=\"twitter:data1\" content=\"2 minuts\" \/>\n<script type=\"application\/ld+json\" class=\"yoast-schema-graph\">{\"@context\":\"https:\/\/schema.org\",\"@graph\":[{\"@type\":\"WebPage\",\"@id\":\"https:\/\/aral2.cetrexmarketing.com\/ca\/producto\/pazo-das-bruxas-2\/\",\"url\":\"https:\/\/aral2.cetrexmarketing.com\/ca\/producto\/pazo-das-bruxas-2\/\",\"name\":\"Pazo das Bruxas vi blanc de la DO R\u00edas Baixas\",\"isPartOf\":{\"@id\":\"https:\/\/aral2.cetrexmarketing.com\/#website\"},\"primaryImageOfPage\":{\"@id\":\"https:\/\/aral2.cetrexmarketing.com\/ca\/producto\/pazo-das-bruxas-2\/#primaryimage\"},\"image\":{\"@id\":\"https:\/\/aral2.cetrexmarketing.com\/ca\/producto\/pazo-das-bruxas-2\/#primaryimage\"},\"thumbnailUrl\":\"https:\/\/aral2.cetrexmarketing.com\/wp-content\/uploads\/2025\/05\/Pazo-das-Bruxas.jpg-1.png\",\"datePublished\":\"2025-05-24T08:12:14+00:00\",\"dateModified\":\"2025-05-24T08:12:16+00:00\",\"description\":\"Comprar vi blanc albari\u00f1o de la d.o. rias baixas al millor preu. web online especialitzada en vins, licors i productes gourmet. Gran selecci\u00f3. Viniteca. Ofertes\",\"breadcrumb\":{\"@id\":\"https:\/\/aral2.cetrexmarketing.com\/ca\/producto\/pazo-das-bruxas-2\/#breadcrumb\"},\"inLanguage\":\"ca\",\"potentialAction\":[{\"@type\":\"ReadAction\",\"target\":[\"https:\/\/aral2.cetrexmarketing.com\/ca\/producto\/pazo-das-bruxas-2\/\"]}]},{\"@type\":\"ImageObject\",\"inLanguage\":\"ca\",\"@id\":\"https:\/\/aral2.cetrexmarketing.com\/ca\/producto\/pazo-das-bruxas-2\/#primaryimage\",\"url\":\"https:\/\/aral2.cetrexmarketing.com\/wp-content\/uploads\/2025\/05\/Pazo-das-Bruxas.jpg-1.png\",\"contentUrl\":\"https:\/\/aral2.cetrexmarketing.com\/wp-content\/uploads\/2025\/05\/Pazo-das-Bruxas.jpg-1.png\",\"width\":765,\"height\":1024},{\"@type\":\"BreadcrumbList\",\"@id\":\"https:\/\/aral2.cetrexmarketing.com\/ca\/producto\/pazo-das-bruxas-2\/#breadcrumb\",\"itemListElement\":[{\"@type\":\"ListItem\",\"position\":1,\"name\":\"Home\",\"item\":\"https:\/\/aral2.cetrexmarketing.com\/ca\/\"},{\"@type\":\"ListItem\",\"position\":2,\"name\":\"Tienda\",\"item\":\"https:\/\/aral2.cetrexmarketing.com\/ca\/tienda-2\/\"},{\"@type\":\"ListItem\",\"position\":3,\"name\":\"Vi\",\"item\":\"https:\/\/aral2.cetrexmarketing.com\/categoria-producto\/vi\/\"},{\"@type\":\"ListItem\",\"position\":4,\"name\":\"Vi Blanc\",\"item\":\"https:\/\/aral2.cetrexmarketing.com\/categoria-producto\/vi\/vi-blanc\/\"},{\"@type\":\"ListItem\",\"position\":5,\"name\":\"Pazo das Bruxas\"}]},{\"@type\":\"WebSite\",\"@id\":\"https:\/\/aral2.cetrexmarketing.com\/#website\",\"url\":\"https:\/\/aral2.cetrexmarketing.com\/\",\"name\":\"M\u00f3n La Cata\",\"description\":\"Tienda de vinos, licores, cervezas y gourmet\",\"publisher\":{\"@id\":\"https:\/\/aral2.cetrexmarketing.com\/#organization\"},\"potentialAction\":[{\"@type\":\"SearchAction\",\"target\":{\"@type\":\"EntryPoint\",\"urlTemplate\":\"https:\/\/aral2.cetrexmarketing.com\/?s={search_term_string}\"},\"query-input\":{\"@type\":\"PropertyValueSpecification\",\"valueRequired\":true,\"valueName\":\"search_term_string\"}}],\"inLanguage\":\"ca\"},{\"@type\":\"Organization\",\"@id\":\"https:\/\/aral2.cetrexmarketing.com\/#organization\",\"name\":\"M\u00f3n La Cata\",\"url\":\"https:\/\/aral2.cetrexmarketing.com\/\",\"logo\":{\"@type\":\"ImageObject\",\"inLanguage\":\"ca\",\"@id\":\"https:\/\/aral2.cetrexmarketing.com\/#\/schema\/logo\/image\/\",\"url\":\"https:\/\/aral2.cetrexmarketing.com\/wp-content\/uploads\/2024\/10\/aral-logo-neg-1024x409-1.png\",\"contentUrl\":\"https:\/\/aral2.cetrexmarketing.com\/wp-content\/uploads\/2024\/10\/aral-logo-neg-1024x409-1.png\",\"width\":1024,\"height\":409,\"caption\":\"M\u00f3n La Cata\"},\"image\":{\"@id\":\"https:\/\/aral2.cetrexmarketing.com\/#\/schema\/logo\/image\/\"}}]}<\/script>\n<!-- \/ Yoast SEO Premium plugin. -->","yoast_head_json":{"title":"Pazo das Bruxas vi blanc de la DO R\u00edas Baixas","description":"Comprar vi blanc albari\u00f1o de la d.o. rias baixas al millor preu. web online especialitzada en vins, licors i productes gourmet. Gran selecci\u00f3. Viniteca. Ofertes","robots":{"index":"noindex","follow":"follow","max-snippet":"max-snippet:-1","max-image-preview":"max-image-preview:large","max-video-preview":"max-video-preview:-1"},"og_locale":"ca_ES","og_type":"article","og_title":"Pazo das Bruxas","og_description":"Comprar vi blanc albari\u00f1o de la d.o. rias baixas al millor preu. web online especialitzada en vins, licors i productes gourmet. Gran selecci\u00f3. Viniteca. Ofertes","og_url":"https:\/\/aral2.cetrexmarketing.com\/ca\/producto\/pazo-das-bruxas-2\/","og_site_name":"M\u00f3n La Cata","article_modified_time":"2025-05-24T08:12:16+00:00","og_image":[{"width":765,"height":1024,"url":"https:\/\/aral2.cetrexmarketing.com\/wp-content\/uploads\/2025\/05\/Pazo-das-Bruxas.jpg-1.png","type":"image\/png"}],"twitter_card":"summary_large_image","twitter_misc":{"Temps estimat de lectura":"2 minuts"},"schema":{"@context":"https:\/\/schema.org","@graph":[{"@type":"WebPage","@id":"https:\/\/aral2.cetrexmarketing.com\/ca\/producto\/pazo-das-bruxas-2\/","url":"https:\/\/aral2.cetrexmarketing.com\/ca\/producto\/pazo-das-bruxas-2\/","name":"Pazo das Bruxas vi blanc de la DO R\u00edas Baixas","isPartOf":{"@id":"https:\/\/aral2.cetrexmarketing.com\/#website"},"primaryImageOfPage":{"@id":"https:\/\/aral2.cetrexmarketing.com\/ca\/producto\/pazo-das-bruxas-2\/#primaryimage"},"image":{"@id":"https:\/\/aral2.cetrexmarketing.com\/ca\/producto\/pazo-das-bruxas-2\/#primaryimage"},"thumbnailUrl":"https:\/\/aral2.cetrexmarketing.com\/wp-content\/uploads\/2025\/05\/Pazo-das-Bruxas.jpg-1.png","datePublished":"2025-05-24T08:12:14+00:00","dateModified":"2025-05-24T08:12:16+00:00","description":"Comprar vi blanc albari\u00f1o de la d.o. rias baixas al millor preu. web online especialitzada en vins, licors i productes gourmet. Gran selecci\u00f3. Viniteca. Ofertes","breadcrumb":{"@id":"https:\/\/aral2.cetrexmarketing.com\/ca\/producto\/pazo-das-bruxas-2\/#breadcrumb"},"inLanguage":"ca","potentialAction":[{"@type":"ReadAction","target":["https:\/\/aral2.cetrexmarketing.com\/ca\/producto\/pazo-das-bruxas-2\/"]}]},{"@type":"ImageObject","inLanguage":"ca","@id":"https:\/\/aral2.cetrexmarketing.com\/ca\/producto\/pazo-das-bruxas-2\/#primaryimage","url":"https:\/\/aral2.cetrexmarketing.com\/wp-content\/uploads\/2025\/05\/Pazo-das-Bruxas.jpg-1.png","contentUrl":"https:\/\/aral2.cetrexmarketing.com\/wp-content\/uploads\/2025\/05\/Pazo-das-Bruxas.jpg-1.png","width":765,"height":1024},{"@type":"BreadcrumbList","@id":"https:\/\/aral2.cetrexmarketing.com\/ca\/producto\/pazo-das-bruxas-2\/#breadcrumb","itemListElement":[{"@type":"ListItem","position":1,"name":"Home","item":"https:\/\/aral2.cetrexmarketing.com\/ca\/"},{"@type":"ListItem","position":2,"name":"Tienda","item":"https:\/\/aral2.cetrexmarketing.com\/ca\/tienda-2\/"},{"@type":"ListItem","position":3,"name":"Vi","item":"https:\/\/aral2.cetrexmarketing.com\/categoria-producto\/vi\/"},{"@type":"ListItem","position":4,"name":"Vi Blanc","item":"https:\/\/aral2.cetrexmarketing.com\/categoria-producto\/vi\/vi-blanc\/"},{"@type":"ListItem","position":5,"name":"Pazo das Bruxas"}]},{"@type":"WebSite","@id":"https:\/\/aral2.cetrexmarketing.com\/#website","url":"https:\/\/aral2.cetrexmarketing.com\/","name":"M\u00f3n La Cata","description":"Tienda de vinos, licores, cervezas y gourmet","publisher":{"@id":"https:\/\/aral2.cetrexmarketing.com\/#organization"},"potentialAction":[{"@type":"SearchAction","target":{"@type":"EntryPoint","urlTemplate":"https:\/\/aral2.cetrexmarketing.com\/?s={search_term_string}"},"query-input":{"@type":"PropertyValueSpecification","valueRequired":true,"valueName":"search_term_string"}}],"inLanguage":"ca"},{"@type":"Organization","@id":"https:\/\/aral2.cetrexmarketing.com\/#organization","name":"M\u00f3n La Cata","url":"https:\/\/aral2.cetrexmarketing.com\/","logo":{"@type":"ImageObject","inLanguage":"ca","@id":"https:\/\/aral2.cetrexmarketing.com\/#\/schema\/logo\/image\/","url":"https:\/\/aral2.cetrexmarketing.com\/wp-content\/uploads\/2024\/10\/aral-logo-neg-1024x409-1.png","contentUrl":"https:\/\/aral2.cetrexmarketing.com\/wp-content\/uploads\/2024\/10\/aral-logo-neg-1024x409-1.png","width":1024,"height":409,"caption":"M\u00f3n La Cata"},"image":{"@id":"https:\/\/aral2.cetrexmarketing.com\/#\/schema\/logo\/image\/"}}]}},"brands":[{"id":32929,"name":"R\u00edas Baixas D.O.","slug":"rias-baixas-d-o"}],"_links":{"self":[{"href":"https:\/\/aral2.cetrexmarketing.com\/ca\/wp-json\/wp\/v2\/product\/82731","targetHints":{"allow":["GET"]}}],"collection":[{"href":"https:\/\/aral2.cetrexmarketing.com\/ca\/wp-json\/wp\/v2\/product"}],"about":[{"href":"https:\/\/aral2.cetrexmarketing.com\/ca\/wp-json\/wp\/v2\/types\/product"}],"replies":[{"embeddable":true,"href":"https:\/\/aral2.cetrexmarketing.com\/ca\/wp-json\/wp\/v2\/comments?post=82731"}],"wp:featuredmedia":[{"embeddable":true,"href":"https:\/\/aral2.cetrexmarketing.com\/ca\/wp-json\/wp\/v2\/media\/82728"}],"wp:attachment":[{"href":"https:\/\/aral2.cetrexmarketing.com\/ca\/wp-json\/wp\/v2\/media?parent=82731"}],"wp:term":[{"taxonomy":"pwb-brand","embeddable":true,"href":"https:\/\/aral2.cetrexmarketing.com\/ca\/wp-json\/wp\/v2\/pwb-brand?post=82731"},{"taxonomy":"product_brand","embeddable":true,"href":"https:\/\/aral2.cetrexmarketing.com\/ca\/wp-json\/wp\/v2\/product_brand?post=82731"},{"taxonomy":"product_cat","embeddable":true,"href":"https:\/\/aral2.cetrexmarketing.com\/ca\/wp-json\/wp\/v2\/product_cat?post=82731"},{"taxonomy":"product_tag","embeddable":true,"href":"https:\/\/aral2.cetrexmarketing.com\/ca\/wp-json\/wp\/v2\/product_tag?post=82731"}],"curies":[{"name":"wp","href":"https:\/\/api.w.org\/{rel}","templated":true}]}}