{"id":82727,"date":"2025-05-24T08:12:10","date_gmt":"2025-05-24T08:12:10","guid":{"rendered":"https:\/\/aral2.cetrexmarketing.com\/producto\/paco-y-lola-2\/"},"modified":"2025-05-24T08:12:11","modified_gmt":"2025-05-24T08:12:11","slug":"paco-y-lola-2","status":"publish","type":"product","link":"https:\/\/aral2.cetrexmarketing.com\/ca\/producto\/paco-y-lola-2\/","title":{"rendered":"Paco y Lola"},"content":{"rendered":"<div class=\"flex-1 overflow-hidden @container\/thread\">\n<div class=\"h-full\">\n<div class=\"react-scroll-to-bottom--css-fiybr-79elbk h-full\">\n<div class=\"react-scroll-to-bottom--css-fiybr-1n7m0yu\">\n<div class=\"flex flex-col text-sm md:pb-9\">\n<article class=\"w-full scroll-mb-[var(--thread-trailing-height,150px)] text-token-text-primary focus-visible:outline-2 focus-visible:outline-offset-[-4px]\" dir=\"auto\" data-testid=\"conversation-turn-3\" data-scroll-anchor=\"true\">\n<div class=\"m-auto text-base py-[18px] px-3 md:px-4 w-full md:px-5 lg:px-4 xl:px-5\">\n<div class=\"mx-auto flex flex-1 gap-4 text-base md:gap-5 lg:gap-6 md:max-w-3xl lg:max-w-[40rem] xl:max-w-[48rem]\">\n<div class=\"group\/conversation-turn relative flex w-full min-w-0 flex-col agent-turn\">\n<div class=\"flex-col gap-1 md:gap-3\">\n<div class=\"flex max-w-full flex-col flex-grow\">\n<div class=\"min-h-8 text-message flex w-full flex-col items-end gap-2 whitespace-normal break-words text-start [.text-message+&amp;]:mt-5\" dir=\"auto\" data-message-author-role=\"assistant\" data-message-id=\"496866ee-14de-40ef-8dd8-87ddae0aff38\" data-message-model-slug=\"gpt-4o\">\n<div class=\"flex w-full flex-col gap-1 empty:hidden first:pt-[3px]\">\n<div class=\"markdown prose w-full break-words dark:prose-invert light\">\n<p><strong>Paco y Lola<\/strong> \u00e9s un vi blanc jove i fresc, elaborat exclusivament amb la varietat de ra\u00efm <strong>Albari\u00f1o<\/strong>, origin\u00e0ria de la regi\u00f3 de R\u00edas Baixas, a Gal\u00edcia, Espanya. Aquest vi \u00e9s produ\u00eft pel celler Paco &amp; Lola, reconegut pel seu enfocament modern i la seva distintiva identitat visual amb etiquetes de llunes.<\/p>\n<h3><strong>Caracter\u00edstiques del Vi<\/strong><\/h3>\n<p><strong>Varietat:<\/strong> 100% Albari\u00f1o<\/p>\n<p><strong>Denominaci\u00f3 d\u2019Origen:<\/strong> R\u00edas Baixas<\/p>\n<p><strong>Graduaci\u00f3 alcoh\u00f2lica:<\/strong> Aproximadament 12,5% vol.<\/p>\n<p><strong>Crian\u00e7a:<\/strong> Vi jove, sense pas per b\u00f3ta, cosa que en ressalta la frescor i la puresa afruitada.<\/p>\n<h3><strong>Notes de Tast<\/strong><\/h3>\n<p><strong>Vista:<\/strong> Groc p\u00e0l\u00b7lid amb reflexos verdosos, net i brillant.<\/p>\n<p><strong>Nas:<\/strong> Intensament arom\u00e0tic, amb notes de fruites blanques (poma, pera), c\u00edtrics (llimona, aranja) i matisos florals (gessam\u00ed, tarongina). Tamb\u00e9 s\u2019hi poden percebre subtils tocs herbacis i minerals.<\/p>\n<p><strong>Boca:<\/strong> Fresc i vibrant, amb una acidesa equilibrada. T\u00e9 una textura sedosa i un final persistent amb records afruitats i salins, caracter\u00edstics dels vins d\u2019aquesta zona atl\u00e0ntica.<\/p>\n<\/div>\n<\/div>\n<\/div>\n<\/div>\n<\/div>\n<\/div>\n<\/div>\n<\/div>\n<\/article>\n<\/div>\n<\/div>\n<\/div>\n<\/div>\n<\/div>\n","protected":false},"excerpt":{"rendered":"<p>Paco y Lola \u00e9s un vi blanc jove i fresc, elaborat amb ra\u00efm Albari\u00f1o a la regi\u00f3 de R\u00edas Baixas, Gal\u00edcia. Produ\u00eft pel celler Paco &amp; Lola, destaca pel seu estil modern i la seva etiqueta de llunes. Presenta un color groc p\u00e0l\u00b7lid amb reflexos verdosos, aromes intensos de fruites blanques, c\u00edtrics i notes florals, juntament amb subtils tocs herbacis i minerals. En boca \u00e9s vibrant i equilibrat, amb una textura sedosa i un final persistent amb matisos afruitats i salins. Es recomana servir-lo entre 8-10\u00b0C per ressaltar la seva frescor i expressi\u00f3 arom\u00e0tica.<\/p>\n","protected":false},"featured_media":82724,"comment_status":"closed","ping_status":"closed","template":"","meta":{"_acf_changed":false},"pwb-brand":[32929],"product_brand":[],"product_cat":[51670,51672],"product_tag":[],"class_list":{"0":"post-82727","1":"product","2":"type-product","3":"status-publish","4":"has-post-thumbnail","6":"pwb-brand-rias-baixas-d-o","7":"product_cat-vi","8":"product_cat-vi-blanc","9":"pa_anada-36214","10":"pa_bodega-c5-cooperativavitivinicolaaro","11":"pa_do-riasbaixasdo-ca","12":"pa_formatoenl-36158","13":"pa_formatoenml-38306","14":"pa_fresco-blanc-fresc","15":"pa_graduacion-13_0","16":"pa_maridaje-formatge-cremos","17":"pa_maridaje-formatge-curat","18":"pa_maridaje-marisc","19":"pa_maridaje-peix","20":"pa_maridaje-verdures","21":"pa_pais-espanya-ca","22":"pa_pesoengramos-38354","23":"pa_pesoenkg-14-2","24":"pa_variedad-principal-albarino-ca","25":"entry","26":"has-media","28":"first","29":"instock","30":"taxable","31":"shipping-taxable","32":"purchasable","33":"product-type-simple"},"acf":[],"yoast_head":"<!-- This site is optimized with the Yoast SEO Premium plugin v23.1 (Yoast SEO v23.5) - https:\/\/yoast.com\/wordpress\/plugins\/seo\/ -->\n<title>Albari\u00f1o Paco y Lola<\/title>\n<meta name=\"description\" content=\"Compra el fam\u00f3s albari\u00f1o Paco y Lola al millore preu. Botiga online especialitzada en vins, licors i productes gourmet. Viniteca. Begudes. Alimentaci\u00f3. Ofertes\" \/>\n<meta name=\"robots\" content=\"noindex, follow, max-snippet:-1, max-image-preview:large, max-video-preview:-1\" \/>\n<meta property=\"og:locale\" content=\"ca_ES\" \/>\n<meta property=\"og:type\" content=\"article\" \/>\n<meta property=\"og:title\" content=\"Paco y Lola\" \/>\n<meta property=\"og:description\" content=\"Compra el fam\u00f3s albari\u00f1o Paco y Lola al millore preu. Botiga online especialitzada en vins, licors i productes gourmet. Viniteca. Begudes. Alimentaci\u00f3. Ofertes\" \/>\n<meta property=\"og:url\" content=\"https:\/\/aral2.cetrexmarketing.com\/ca\/producto\/paco-y-lola-2\/\" \/>\n<meta property=\"og:site_name\" content=\"M\u00f3n La Cata\" \/>\n<meta property=\"article:modified_time\" content=\"2025-05-24T08:12:11+00:00\" \/>\n<meta property=\"og:image\" content=\"https:\/\/aral2.cetrexmarketing.com\/wp-content\/uploads\/2025\/05\/Paco-y-Lola.jpg.png\" \/>\n\t<meta property=\"og:image:width\" content=\"765\" \/>\n\t<meta property=\"og:image:height\" content=\"1024\" \/>\n\t<meta property=\"og:image:type\" content=\"image\/png\" \/>\n<meta name=\"twitter:card\" content=\"summary_large_image\" \/>\n<meta name=\"twitter:label1\" content=\"Temps estimat de lectura\" \/>\n\t<meta name=\"twitter:data1\" content=\"2 minuts\" \/>\n<script type=\"application\/ld+json\" class=\"yoast-schema-graph\">{\"@context\":\"https:\/\/schema.org\",\"@graph\":[{\"@type\":\"WebPage\",\"@id\":\"https:\/\/aral2.cetrexmarketing.com\/ca\/producto\/paco-y-lola-2\/\",\"url\":\"https:\/\/aral2.cetrexmarketing.com\/ca\/producto\/paco-y-lola-2\/\",\"name\":\"Albari\u00f1o Paco y Lola\",\"isPartOf\":{\"@id\":\"https:\/\/aral2.cetrexmarketing.com\/#website\"},\"primaryImageOfPage\":{\"@id\":\"https:\/\/aral2.cetrexmarketing.com\/ca\/producto\/paco-y-lola-2\/#primaryimage\"},\"image\":{\"@id\":\"https:\/\/aral2.cetrexmarketing.com\/ca\/producto\/paco-y-lola-2\/#primaryimage\"},\"thumbnailUrl\":\"https:\/\/aral2.cetrexmarketing.com\/wp-content\/uploads\/2025\/05\/Paco-y-Lola.jpg.png\",\"datePublished\":\"2025-05-24T08:12:10+00:00\",\"dateModified\":\"2025-05-24T08:12:11+00:00\",\"description\":\"Compra el fam\u00f3s albari\u00f1o Paco y Lola al millore preu. Botiga online especialitzada en vins, licors i productes gourmet. Viniteca. Begudes. Alimentaci\u00f3. Ofertes\",\"breadcrumb\":{\"@id\":\"https:\/\/aral2.cetrexmarketing.com\/ca\/producto\/paco-y-lola-2\/#breadcrumb\"},\"inLanguage\":\"ca\",\"potentialAction\":[{\"@type\":\"ReadAction\",\"target\":[\"https:\/\/aral2.cetrexmarketing.com\/ca\/producto\/paco-y-lola-2\/\"]}]},{\"@type\":\"ImageObject\",\"inLanguage\":\"ca\",\"@id\":\"https:\/\/aral2.cetrexmarketing.com\/ca\/producto\/paco-y-lola-2\/#primaryimage\",\"url\":\"https:\/\/aral2.cetrexmarketing.com\/wp-content\/uploads\/2025\/05\/Paco-y-Lola.jpg.png\",\"contentUrl\":\"https:\/\/aral2.cetrexmarketing.com\/wp-content\/uploads\/2025\/05\/Paco-y-Lola.jpg.png\",\"width\":765,\"height\":1024},{\"@type\":\"BreadcrumbList\",\"@id\":\"https:\/\/aral2.cetrexmarketing.com\/ca\/producto\/paco-y-lola-2\/#breadcrumb\",\"itemListElement\":[{\"@type\":\"ListItem\",\"position\":1,\"name\":\"Home\",\"item\":\"https:\/\/aral2.cetrexmarketing.com\/ca\/\"},{\"@type\":\"ListItem\",\"position\":2,\"name\":\"Tienda\",\"item\":\"https:\/\/aral2.cetrexmarketing.com\/ca\/tienda-2\/\"},{\"@type\":\"ListItem\",\"position\":3,\"name\":\"Vi\",\"item\":\"https:\/\/aral2.cetrexmarketing.com\/categoria-producto\/vi\/\"},{\"@type\":\"ListItem\",\"position\":4,\"name\":\"Vi Blanc\",\"item\":\"https:\/\/aral2.cetrexmarketing.com\/categoria-producto\/vi\/vi-blanc\/\"},{\"@type\":\"ListItem\",\"position\":5,\"name\":\"Paco y Lola\"}]},{\"@type\":\"WebSite\",\"@id\":\"https:\/\/aral2.cetrexmarketing.com\/#website\",\"url\":\"https:\/\/aral2.cetrexmarketing.com\/\",\"name\":\"M\u00f3n La Cata\",\"description\":\"Tienda de vinos, licores, cervezas y gourmet\",\"publisher\":{\"@id\":\"https:\/\/aral2.cetrexmarketing.com\/#organization\"},\"potentialAction\":[{\"@type\":\"SearchAction\",\"target\":{\"@type\":\"EntryPoint\",\"urlTemplate\":\"https:\/\/aral2.cetrexmarketing.com\/?s={search_term_string}\"},\"query-input\":{\"@type\":\"PropertyValueSpecification\",\"valueRequired\":true,\"valueName\":\"search_term_string\"}}],\"inLanguage\":\"ca\"},{\"@type\":\"Organization\",\"@id\":\"https:\/\/aral2.cetrexmarketing.com\/#organization\",\"name\":\"M\u00f3n La Cata\",\"url\":\"https:\/\/aral2.cetrexmarketing.com\/\",\"logo\":{\"@type\":\"ImageObject\",\"inLanguage\":\"ca\",\"@id\":\"https:\/\/aral2.cetrexmarketing.com\/#\/schema\/logo\/image\/\",\"url\":\"https:\/\/aral2.cetrexmarketing.com\/wp-content\/uploads\/2024\/10\/aral-logo-neg-1024x409-1.png\",\"contentUrl\":\"https:\/\/aral2.cetrexmarketing.com\/wp-content\/uploads\/2024\/10\/aral-logo-neg-1024x409-1.png\",\"width\":1024,\"height\":409,\"caption\":\"M\u00f3n La Cata\"},\"image\":{\"@id\":\"https:\/\/aral2.cetrexmarketing.com\/#\/schema\/logo\/image\/\"}}]}<\/script>\n<!-- \/ Yoast SEO Premium plugin. -->","yoast_head_json":{"title":"Albari\u00f1o Paco y Lola","description":"Compra el fam\u00f3s albari\u00f1o Paco y Lola al millore preu. Botiga online especialitzada en vins, licors i productes gourmet. Viniteca. Begudes. Alimentaci\u00f3. Ofertes","robots":{"index":"noindex","follow":"follow","max-snippet":"max-snippet:-1","max-image-preview":"max-image-preview:large","max-video-preview":"max-video-preview:-1"},"og_locale":"ca_ES","og_type":"article","og_title":"Paco y Lola","og_description":"Compra el fam\u00f3s albari\u00f1o Paco y Lola al millore preu. Botiga online especialitzada en vins, licors i productes gourmet. Viniteca. Begudes. Alimentaci\u00f3. Ofertes","og_url":"https:\/\/aral2.cetrexmarketing.com\/ca\/producto\/paco-y-lola-2\/","og_site_name":"M\u00f3n La Cata","article_modified_time":"2025-05-24T08:12:11+00:00","og_image":[{"width":765,"height":1024,"url":"https:\/\/aral2.cetrexmarketing.com\/wp-content\/uploads\/2025\/05\/Paco-y-Lola.jpg.png","type":"image\/png"}],"twitter_card":"summary_large_image","twitter_misc":{"Temps estimat de lectura":"2 minuts"},"schema":{"@context":"https:\/\/schema.org","@graph":[{"@type":"WebPage","@id":"https:\/\/aral2.cetrexmarketing.com\/ca\/producto\/paco-y-lola-2\/","url":"https:\/\/aral2.cetrexmarketing.com\/ca\/producto\/paco-y-lola-2\/","name":"Albari\u00f1o Paco y Lola","isPartOf":{"@id":"https:\/\/aral2.cetrexmarketing.com\/#website"},"primaryImageOfPage":{"@id":"https:\/\/aral2.cetrexmarketing.com\/ca\/producto\/paco-y-lola-2\/#primaryimage"},"image":{"@id":"https:\/\/aral2.cetrexmarketing.com\/ca\/producto\/paco-y-lola-2\/#primaryimage"},"thumbnailUrl":"https:\/\/aral2.cetrexmarketing.com\/wp-content\/uploads\/2025\/05\/Paco-y-Lola.jpg.png","datePublished":"2025-05-24T08:12:10+00:00","dateModified":"2025-05-24T08:12:11+00:00","description":"Compra el fam\u00f3s albari\u00f1o Paco y Lola al millore preu. Botiga online especialitzada en vins, licors i productes gourmet. Viniteca. Begudes. Alimentaci\u00f3. Ofertes","breadcrumb":{"@id":"https:\/\/aral2.cetrexmarketing.com\/ca\/producto\/paco-y-lola-2\/#breadcrumb"},"inLanguage":"ca","potentialAction":[{"@type":"ReadAction","target":["https:\/\/aral2.cetrexmarketing.com\/ca\/producto\/paco-y-lola-2\/"]}]},{"@type":"ImageObject","inLanguage":"ca","@id":"https:\/\/aral2.cetrexmarketing.com\/ca\/producto\/paco-y-lola-2\/#primaryimage","url":"https:\/\/aral2.cetrexmarketing.com\/wp-content\/uploads\/2025\/05\/Paco-y-Lola.jpg.png","contentUrl":"https:\/\/aral2.cetrexmarketing.com\/wp-content\/uploads\/2025\/05\/Paco-y-Lola.jpg.png","width":765,"height":1024},{"@type":"BreadcrumbList","@id":"https:\/\/aral2.cetrexmarketing.com\/ca\/producto\/paco-y-lola-2\/#breadcrumb","itemListElement":[{"@type":"ListItem","position":1,"name":"Home","item":"https:\/\/aral2.cetrexmarketing.com\/ca\/"},{"@type":"ListItem","position":2,"name":"Tienda","item":"https:\/\/aral2.cetrexmarketing.com\/ca\/tienda-2\/"},{"@type":"ListItem","position":3,"name":"Vi","item":"https:\/\/aral2.cetrexmarketing.com\/categoria-producto\/vi\/"},{"@type":"ListItem","position":4,"name":"Vi Blanc","item":"https:\/\/aral2.cetrexmarketing.com\/categoria-producto\/vi\/vi-blanc\/"},{"@type":"ListItem","position":5,"name":"Paco y Lola"}]},{"@type":"WebSite","@id":"https:\/\/aral2.cetrexmarketing.com\/#website","url":"https:\/\/aral2.cetrexmarketing.com\/","name":"M\u00f3n La Cata","description":"Tienda de vinos, licores, cervezas y gourmet","publisher":{"@id":"https:\/\/aral2.cetrexmarketing.com\/#organization"},"potentialAction":[{"@type":"SearchAction","target":{"@type":"EntryPoint","urlTemplate":"https:\/\/aral2.cetrexmarketing.com\/?s={search_term_string}"},"query-input":{"@type":"PropertyValueSpecification","valueRequired":true,"valueName":"search_term_string"}}],"inLanguage":"ca"},{"@type":"Organization","@id":"https:\/\/aral2.cetrexmarketing.com\/#organization","name":"M\u00f3n La Cata","url":"https:\/\/aral2.cetrexmarketing.com\/","logo":{"@type":"ImageObject","inLanguage":"ca","@id":"https:\/\/aral2.cetrexmarketing.com\/#\/schema\/logo\/image\/","url":"https:\/\/aral2.cetrexmarketing.com\/wp-content\/uploads\/2024\/10\/aral-logo-neg-1024x409-1.png","contentUrl":"https:\/\/aral2.cetrexmarketing.com\/wp-content\/uploads\/2024\/10\/aral-logo-neg-1024x409-1.png","width":1024,"height":409,"caption":"M\u00f3n La Cata"},"image":{"@id":"https:\/\/aral2.cetrexmarketing.com\/#\/schema\/logo\/image\/"}}]}},"brands":[{"id":32929,"name":"R\u00edas Baixas D.O.","slug":"rias-baixas-d-o"}],"_links":{"self":[{"href":"https:\/\/aral2.cetrexmarketing.com\/ca\/wp-json\/wp\/v2\/product\/82727","targetHints":{"allow":["GET"]}}],"collection":[{"href":"https:\/\/aral2.cetrexmarketing.com\/ca\/wp-json\/wp\/v2\/product"}],"about":[{"href":"https:\/\/aral2.cetrexmarketing.com\/ca\/wp-json\/wp\/v2\/types\/product"}],"replies":[{"embeddable":true,"href":"https:\/\/aral2.cetrexmarketing.com\/ca\/wp-json\/wp\/v2\/comments?post=82727"}],"wp:featuredmedia":[{"embeddable":true,"href":"https:\/\/aral2.cetrexmarketing.com\/ca\/wp-json\/wp\/v2\/media\/82724"}],"wp:attachment":[{"href":"https:\/\/aral2.cetrexmarketing.com\/ca\/wp-json\/wp\/v2\/media?parent=82727"}],"wp:term":[{"taxonomy":"pwb-brand","embeddable":true,"href":"https:\/\/aral2.cetrexmarketing.com\/ca\/wp-json\/wp\/v2\/pwb-brand?post=82727"},{"taxonomy":"product_brand","embeddable":true,"href":"https:\/\/aral2.cetrexmarketing.com\/ca\/wp-json\/wp\/v2\/product_brand?post=82727"},{"taxonomy":"product_cat","embeddable":true,"href":"https:\/\/aral2.cetrexmarketing.com\/ca\/wp-json\/wp\/v2\/product_cat?post=82727"},{"taxonomy":"product_tag","embeddable":true,"href":"https:\/\/aral2.cetrexmarketing.com\/ca\/wp-json\/wp\/v2\/product_tag?post=82727"}],"curies":[{"name":"wp","href":"https:\/\/api.w.org\/{rel}","templated":true}]}}