{"id":82569,"date":"2025-05-24T08:09:13","date_gmt":"2025-05-24T08:09:13","guid":{"rendered":"https:\/\/aral2.cetrexmarketing.com\/producto\/trappistes-rochefort-8-2\/"},"modified":"2025-05-24T08:09:14","modified_gmt":"2025-05-24T08:09:14","slug":"trappistes-rochefort-8-2","status":"publish","type":"product","link":"https:\/\/aral2.cetrexmarketing.com\/ca\/producto\/trappistes-rochefort-8-2\/","title":{"rendered":"Trappistes Rochefort 8"},"content":{"rendered":"<p data-start=\"0\" data-end=\"355\"><strong data-start=\"0\" data-end=\"26\">Trappistes Rochefort 8<\/strong> \u00e9s una <strong data-start=\"34\" data-end=\"61\">Belgian Strong Dark Ale<\/strong> elaborada a l&#8217;<strong data-start=\"76\" data-end=\"114\">Abadia de Notre-Dame de Saint-R\u00e9my<\/strong>, a B\u00e8lgica. Forma part de la ic\u00f2nica trilogia de cerveses Rochefort, sent la m\u00e9s equilibrada en cos i complexitat. Es va introduir el <strong data-start=\"249\" data-end=\"257\">1955<\/strong> com una versi\u00f3 especial per a Nadal, per\u00f2 el seu \u00e8xit la va convertir en una producci\u00f3 regular.<\/p>\n<h3 data-start=\"357\" data-end=\"384\"><strong data-start=\"361\" data-end=\"382\">Caracter\u00edstiques:<\/strong><\/h3>\n<ul data-start=\"385\" data-end=\"914\">\n<li data-start=\"385\" data-end=\"423\"><strong data-start=\"387\" data-end=\"397\">Tipus:<\/strong> Belgian Strong Dark Ale<\/li>\n<li data-start=\"424\" data-end=\"458\"><strong data-start=\"426\" data-end=\"451\">Graduaci\u00f3 alcoh\u00f2lica:<\/strong> 9.2%<\/li>\n<li data-start=\"459\" data-end=\"502\"><strong data-start=\"461\" data-end=\"471\">Color:<\/strong> Marr\u00f3 fosc amb reflexos rob\u00ed<\/li>\n<li data-start=\"503\" data-end=\"550\"><strong data-start=\"505\" data-end=\"516\">Escuma:<\/strong> Beige, densa i de bona retenci\u00f3<\/li>\n<li data-start=\"551\" data-end=\"704\"><strong data-start=\"553\" data-end=\"563\">Aroma:<\/strong> Notes de fruites fosques (prunes, figues, panses), caramel, pa torrat, xocolata, esp\u00e8cies i un toc terr\u00f3s caracter\u00edstic del llevat trapenc<\/li>\n<li data-start=\"705\" data-end=\"914\"><strong data-start=\"707\" data-end=\"717\">Sabor:<\/strong> Dol\u00e7or inicial de maltes caramel\u00b7litzades i fruites madures, seguit d\u2019un lleuger amargor herbal i tocs d\u2019esp\u00e8cies (pebre, clau). Final c\u00e0lid amb subtil pres\u00e8ncia alcoh\u00f2lica i retrogust prolongat<\/li>\n<\/ul>\n<h3 data-start=\"916\" data-end=\"946\"><strong data-start=\"920\" data-end=\"944\">Proc\u00e9s d\u2019elaboraci\u00f3:<\/strong><\/h3>\n<p data-start=\"947\" data-end=\"1258\" data-is-last-node=\"\">Elaborada amb <strong data-start=\"961\" data-end=\"998\">llevat d\u2019alta fermentaci\u00f3 (<em data-start=\"990\" data-end=\"995\">ale<\/em>)<\/strong> i <strong data-start=\"1001\" data-end=\"1028\">refermentada en ampolla<\/strong>, cosa que li permet evolucionar en sabor amb el temps. La seva complexitat prov\u00e9 d\u2019una combinaci\u00f3 de <strong data-start=\"1130\" data-end=\"1186\">maltes torrades, sucre <em data-start=\"1155\" data-end=\"1162\">candi<\/em> fosc i ll\u00fapols nobles<\/strong>, aconseguint un equilibri entre dol\u00e7or, esp\u00e8cies i calidesa alcoh\u00f2lica.<\/p>\n","protected":false},"excerpt":{"rendered":"<p>Trappistes Rochefort 8 \u00e9s una Belgian Strong Dark Ale elaborada a l&#8217;Abadia de Notre-Dame de Saint-R\u00e9my, a B\u00e8lgica. Forma part de la ic\u00f2nica trilogia de cerveses Rochefort, sent la m\u00e9s equilibrada en cos i complexitat. Es va introduir el 1955 com una versi\u00f3 especial per a Nadal, per\u00f2 el seu \u00e8xit la va convertir en&hellip;<\/p>\n","protected":false},"featured_media":82566,"comment_status":"closed","ping_status":"closed","template":"","meta":{"_acf_changed":false},"pwb-brand":[],"product_brand":[],"product_cat":[51736,51804],"product_tag":[],"class_list":{"0":"post-82569","1":"product","2":"type-product","3":"status-publish","4":"has-post-thumbnail","6":"product_cat-cervesa","7":"product_cat-cervesa-belgica","8":"pa_elaborador-abbaye-ca","9":"pa_formatoenl-36159","10":"pa_formatoenml-38312","11":"pa_graduacion-36135","12":"pa_pais-belgica-ca-2","13":"pa_pesoengramos-38350","14":"pa_pesoenkg-05-ca","15":"entry","16":"has-media","18":"first","19":"instock","20":"taxable","21":"shipping-taxable","22":"purchasable","23":"product-type-simple"},"acf":[],"yoast_head":"<!-- This site is optimized with the Yoast SEO Premium plugin v23.1 (Yoast SEO v23.5) - https:\/\/yoast.com\/wordpress\/plugins\/seo\/ -->\n<title>Rochefort 8 Trappistes Cervesa<\/title>\n<meta name=\"description\" content=\"Comprar online al millor preu cervesa belga.\" \/>\n<meta name=\"robots\" content=\"noindex, follow, max-snippet:-1, max-image-preview:large, max-video-preview:-1\" \/>\n<meta property=\"og:locale\" content=\"ca_ES\" \/>\n<meta property=\"og:type\" content=\"article\" \/>\n<meta property=\"og:title\" content=\"Trappistes Rochefort 8\" \/>\n<meta property=\"og:description\" content=\"Comprar online al millor preu cervesa belga.\" \/>\n<meta property=\"og:url\" content=\"https:\/\/aral2.cetrexmarketing.com\/ca\/producto\/trappistes-rochefort-8-2\/\" \/>\n<meta property=\"og:site_name\" content=\"M\u00f3n La Cata\" \/>\n<meta property=\"article:modified_time\" content=\"2025-05-24T08:09:14+00:00\" \/>\n<meta property=\"og:image\" content=\"https:\/\/aral2.cetrexmarketing.com\/wp-content\/uploads\/2025\/05\/Trappistes-Rochefort-8.jpg.png\" \/>\n\t<meta property=\"og:image:width\" content=\"765\" \/>\n\t<meta property=\"og:image:height\" content=\"1024\" \/>\n\t<meta property=\"og:image:type\" content=\"image\/png\" \/>\n<meta name=\"twitter:card\" content=\"summary_large_image\" \/>\n<meta name=\"twitter:label1\" content=\"Temps estimat de lectura\" \/>\n\t<meta name=\"twitter:data1\" content=\"2 minuts\" \/>\n<script type=\"application\/ld+json\" class=\"yoast-schema-graph\">{\"@context\":\"https:\/\/schema.org\",\"@graph\":[{\"@type\":\"WebPage\",\"@id\":\"https:\/\/aral2.cetrexmarketing.com\/ca\/producto\/trappistes-rochefort-8-2\/\",\"url\":\"https:\/\/aral2.cetrexmarketing.com\/ca\/producto\/trappistes-rochefort-8-2\/\",\"name\":\"Rochefort 8 Trappistes Cervesa\",\"isPartOf\":{\"@id\":\"https:\/\/aral2.cetrexmarketing.com\/#website\"},\"primaryImageOfPage\":{\"@id\":\"https:\/\/aral2.cetrexmarketing.com\/ca\/producto\/trappistes-rochefort-8-2\/#primaryimage\"},\"image\":{\"@id\":\"https:\/\/aral2.cetrexmarketing.com\/ca\/producto\/trappistes-rochefort-8-2\/#primaryimage\"},\"thumbnailUrl\":\"https:\/\/aral2.cetrexmarketing.com\/wp-content\/uploads\/2025\/05\/Trappistes-Rochefort-8.jpg.png\",\"datePublished\":\"2025-05-24T08:09:13+00:00\",\"dateModified\":\"2025-05-24T08:09:14+00:00\",\"description\":\"Comprar online al millor preu cervesa belga.\",\"breadcrumb\":{\"@id\":\"https:\/\/aral2.cetrexmarketing.com\/ca\/producto\/trappistes-rochefort-8-2\/#breadcrumb\"},\"inLanguage\":\"ca\",\"potentialAction\":[{\"@type\":\"ReadAction\",\"target\":[\"https:\/\/aral2.cetrexmarketing.com\/ca\/producto\/trappistes-rochefort-8-2\/\"]}]},{\"@type\":\"ImageObject\",\"inLanguage\":\"ca\",\"@id\":\"https:\/\/aral2.cetrexmarketing.com\/ca\/producto\/trappistes-rochefort-8-2\/#primaryimage\",\"url\":\"https:\/\/aral2.cetrexmarketing.com\/wp-content\/uploads\/2025\/05\/Trappistes-Rochefort-8.jpg.png\",\"contentUrl\":\"https:\/\/aral2.cetrexmarketing.com\/wp-content\/uploads\/2025\/05\/Trappistes-Rochefort-8.jpg.png\",\"width\":765,\"height\":1024},{\"@type\":\"BreadcrumbList\",\"@id\":\"https:\/\/aral2.cetrexmarketing.com\/ca\/producto\/trappistes-rochefort-8-2\/#breadcrumb\",\"itemListElement\":[{\"@type\":\"ListItem\",\"position\":1,\"name\":\"Home\",\"item\":\"https:\/\/aral2.cetrexmarketing.com\/ca\/\"},{\"@type\":\"ListItem\",\"position\":2,\"name\":\"Tienda\",\"item\":\"https:\/\/aral2.cetrexmarketing.com\/ca\/tienda-2\/\"},{\"@type\":\"ListItem\",\"position\":3,\"name\":\"Cervesa\",\"item\":\"https:\/\/aral2.cetrexmarketing.com\/categoria-producto\/home-ca\/cervesa-ca\/\"},{\"@type\":\"ListItem\",\"position\":4,\"name\":\"Cerveza Belgica\",\"item\":\"https:\/\/aral2.cetrexmarketing.com\/categoria-producto\/inicio\/cerveza\/cerveza-belgica\/\"},{\"@type\":\"ListItem\",\"position\":5,\"name\":\"Trappistes Rochefort 8\"}]},{\"@type\":\"WebSite\",\"@id\":\"https:\/\/aral2.cetrexmarketing.com\/#website\",\"url\":\"https:\/\/aral2.cetrexmarketing.com\/\",\"name\":\"M\u00f3n La Cata\",\"description\":\"Tienda de vinos, licores, cervezas y gourmet\",\"publisher\":{\"@id\":\"https:\/\/aral2.cetrexmarketing.com\/#organization\"},\"potentialAction\":[{\"@type\":\"SearchAction\",\"target\":{\"@type\":\"EntryPoint\",\"urlTemplate\":\"https:\/\/aral2.cetrexmarketing.com\/?s={search_term_string}\"},\"query-input\":{\"@type\":\"PropertyValueSpecification\",\"valueRequired\":true,\"valueName\":\"search_term_string\"}}],\"inLanguage\":\"ca\"},{\"@type\":\"Organization\",\"@id\":\"https:\/\/aral2.cetrexmarketing.com\/#organization\",\"name\":\"M\u00f3n La Cata\",\"url\":\"https:\/\/aral2.cetrexmarketing.com\/\",\"logo\":{\"@type\":\"ImageObject\",\"inLanguage\":\"ca\",\"@id\":\"https:\/\/aral2.cetrexmarketing.com\/#\/schema\/logo\/image\/\",\"url\":\"https:\/\/aral2.cetrexmarketing.com\/wp-content\/uploads\/2024\/10\/aral-logo-neg-1024x409-1.png\",\"contentUrl\":\"https:\/\/aral2.cetrexmarketing.com\/wp-content\/uploads\/2024\/10\/aral-logo-neg-1024x409-1.png\",\"width\":1024,\"height\":409,\"caption\":\"M\u00f3n La Cata\"},\"image\":{\"@id\":\"https:\/\/aral2.cetrexmarketing.com\/#\/schema\/logo\/image\/\"}}]}<\/script>\n<!-- \/ Yoast SEO Premium plugin. -->","yoast_head_json":{"title":"Rochefort 8 Trappistes Cervesa","description":"Comprar online al millor preu cervesa belga.","robots":{"index":"noindex","follow":"follow","max-snippet":"max-snippet:-1","max-image-preview":"max-image-preview:large","max-video-preview":"max-video-preview:-1"},"og_locale":"ca_ES","og_type":"article","og_title":"Trappistes Rochefort 8","og_description":"Comprar online al millor preu cervesa belga.","og_url":"https:\/\/aral2.cetrexmarketing.com\/ca\/producto\/trappistes-rochefort-8-2\/","og_site_name":"M\u00f3n La Cata","article_modified_time":"2025-05-24T08:09:14+00:00","og_image":[{"width":765,"height":1024,"url":"https:\/\/aral2.cetrexmarketing.com\/wp-content\/uploads\/2025\/05\/Trappistes-Rochefort-8.jpg.png","type":"image\/png"}],"twitter_card":"summary_large_image","twitter_misc":{"Temps estimat de lectura":"2 minuts"},"schema":{"@context":"https:\/\/schema.org","@graph":[{"@type":"WebPage","@id":"https:\/\/aral2.cetrexmarketing.com\/ca\/producto\/trappistes-rochefort-8-2\/","url":"https:\/\/aral2.cetrexmarketing.com\/ca\/producto\/trappistes-rochefort-8-2\/","name":"Rochefort 8 Trappistes Cervesa","isPartOf":{"@id":"https:\/\/aral2.cetrexmarketing.com\/#website"},"primaryImageOfPage":{"@id":"https:\/\/aral2.cetrexmarketing.com\/ca\/producto\/trappistes-rochefort-8-2\/#primaryimage"},"image":{"@id":"https:\/\/aral2.cetrexmarketing.com\/ca\/producto\/trappistes-rochefort-8-2\/#primaryimage"},"thumbnailUrl":"https:\/\/aral2.cetrexmarketing.com\/wp-content\/uploads\/2025\/05\/Trappistes-Rochefort-8.jpg.png","datePublished":"2025-05-24T08:09:13+00:00","dateModified":"2025-05-24T08:09:14+00:00","description":"Comprar online al millor preu cervesa belga.","breadcrumb":{"@id":"https:\/\/aral2.cetrexmarketing.com\/ca\/producto\/trappistes-rochefort-8-2\/#breadcrumb"},"inLanguage":"ca","potentialAction":[{"@type":"ReadAction","target":["https:\/\/aral2.cetrexmarketing.com\/ca\/producto\/trappistes-rochefort-8-2\/"]}]},{"@type":"ImageObject","inLanguage":"ca","@id":"https:\/\/aral2.cetrexmarketing.com\/ca\/producto\/trappistes-rochefort-8-2\/#primaryimage","url":"https:\/\/aral2.cetrexmarketing.com\/wp-content\/uploads\/2025\/05\/Trappistes-Rochefort-8.jpg.png","contentUrl":"https:\/\/aral2.cetrexmarketing.com\/wp-content\/uploads\/2025\/05\/Trappistes-Rochefort-8.jpg.png","width":765,"height":1024},{"@type":"BreadcrumbList","@id":"https:\/\/aral2.cetrexmarketing.com\/ca\/producto\/trappistes-rochefort-8-2\/#breadcrumb","itemListElement":[{"@type":"ListItem","position":1,"name":"Home","item":"https:\/\/aral2.cetrexmarketing.com\/ca\/"},{"@type":"ListItem","position":2,"name":"Tienda","item":"https:\/\/aral2.cetrexmarketing.com\/ca\/tienda-2\/"},{"@type":"ListItem","position":3,"name":"Cervesa","item":"https:\/\/aral2.cetrexmarketing.com\/categoria-producto\/home-ca\/cervesa-ca\/"},{"@type":"ListItem","position":4,"name":"Cerveza Belgica","item":"https:\/\/aral2.cetrexmarketing.com\/categoria-producto\/inicio\/cerveza\/cerveza-belgica\/"},{"@type":"ListItem","position":5,"name":"Trappistes Rochefort 8"}]},{"@type":"WebSite","@id":"https:\/\/aral2.cetrexmarketing.com\/#website","url":"https:\/\/aral2.cetrexmarketing.com\/","name":"M\u00f3n La Cata","description":"Tienda de vinos, licores, cervezas y gourmet","publisher":{"@id":"https:\/\/aral2.cetrexmarketing.com\/#organization"},"potentialAction":[{"@type":"SearchAction","target":{"@type":"EntryPoint","urlTemplate":"https:\/\/aral2.cetrexmarketing.com\/?s={search_term_string}"},"query-input":{"@type":"PropertyValueSpecification","valueRequired":true,"valueName":"search_term_string"}}],"inLanguage":"ca"},{"@type":"Organization","@id":"https:\/\/aral2.cetrexmarketing.com\/#organization","name":"M\u00f3n La Cata","url":"https:\/\/aral2.cetrexmarketing.com\/","logo":{"@type":"ImageObject","inLanguage":"ca","@id":"https:\/\/aral2.cetrexmarketing.com\/#\/schema\/logo\/image\/","url":"https:\/\/aral2.cetrexmarketing.com\/wp-content\/uploads\/2024\/10\/aral-logo-neg-1024x409-1.png","contentUrl":"https:\/\/aral2.cetrexmarketing.com\/wp-content\/uploads\/2024\/10\/aral-logo-neg-1024x409-1.png","width":1024,"height":409,"caption":"M\u00f3n La Cata"},"image":{"@id":"https:\/\/aral2.cetrexmarketing.com\/#\/schema\/logo\/image\/"}}]}},"brands":[],"_links":{"self":[{"href":"https:\/\/aral2.cetrexmarketing.com\/ca\/wp-json\/wp\/v2\/product\/82569","targetHints":{"allow":["GET"]}}],"collection":[{"href":"https:\/\/aral2.cetrexmarketing.com\/ca\/wp-json\/wp\/v2\/product"}],"about":[{"href":"https:\/\/aral2.cetrexmarketing.com\/ca\/wp-json\/wp\/v2\/types\/product"}],"replies":[{"embeddable":true,"href":"https:\/\/aral2.cetrexmarketing.com\/ca\/wp-json\/wp\/v2\/comments?post=82569"}],"wp:featuredmedia":[{"embeddable":true,"href":"https:\/\/aral2.cetrexmarketing.com\/ca\/wp-json\/wp\/v2\/media\/82566"}],"wp:attachment":[{"href":"https:\/\/aral2.cetrexmarketing.com\/ca\/wp-json\/wp\/v2\/media?parent=82569"}],"wp:term":[{"taxonomy":"pwb-brand","embeddable":true,"href":"https:\/\/aral2.cetrexmarketing.com\/ca\/wp-json\/wp\/v2\/pwb-brand?post=82569"},{"taxonomy":"product_brand","embeddable":true,"href":"https:\/\/aral2.cetrexmarketing.com\/ca\/wp-json\/wp\/v2\/product_brand?post=82569"},{"taxonomy":"product_cat","embeddable":true,"href":"https:\/\/aral2.cetrexmarketing.com\/ca\/wp-json\/wp\/v2\/product_cat?post=82569"},{"taxonomy":"product_tag","embeddable":true,"href":"https:\/\/aral2.cetrexmarketing.com\/ca\/wp-json\/wp\/v2\/product_tag?post=82569"}],"curies":[{"name":"wp","href":"https:\/\/api.w.org\/{rel}","templated":true}]}}