{"id":82460,"date":"2025-05-24T08:07:13","date_gmt":"2025-05-24T08:07:13","guid":{"rendered":"https:\/\/aral2.cetrexmarketing.com\/producto\/sumarroca-brut-reserva-2\/"},"modified":"2025-05-24T08:07:15","modified_gmt":"2025-05-24T08:07:15","slug":"sumarroca-brut-reserva-2","status":"publish","type":"product","link":"https:\/\/aral2.cetrexmarketing.com\/ca\/producto\/sumarroca-brut-reserva-2\/","title":{"rendered":"Sumarroca Brut Reserva"},"content":{"rendered":"<p class=\"\" data-start=\"0\" data-end=\"386\"><strong data-start=\"0\" data-end=\"26\">Sumarroca Brut Reserva<\/strong> \u00e9s un <strong data-start=\"33\" data-end=\"57\">cava d&#8217;alta qualitat<\/strong> elaborat a la regi\u00f3 del <strong data-start=\"82\" data-end=\"93\">Pened\u00e8s<\/strong>, a <strong data-start=\"97\" data-end=\"110\">Catalunya<\/strong>, per la bodega <strong data-start=\"126\" data-end=\"139\">Sumarroca<\/strong>, coneguda pel seu prestigi en la producci\u00f3 de caves i vins. Aquest cava reflecteix l&#8217;<strong data-start=\"225\" data-end=\"238\">eleg\u00e0ncia<\/strong> i la <strong data-start=\"244\" data-end=\"256\">tradici\u00f3<\/strong> del m\u00e8tode tradicional d&#8217;elaboraci\u00f3 de caves, oferint una beguda <strong data-start=\"322\" data-end=\"336\">refrescant<\/strong> i <strong data-start=\"339\" data-end=\"354\">equilibrada<\/strong>, ideal per a diverses ocasions.<\/p>\n<h3 class=\"\" data-start=\"393\" data-end=\"429\"><strong data-start=\"397\" data-end=\"429\">Caracter\u00edstiques principals:<\/strong><\/h3>\n<ul data-start=\"430\" data-end=\"1208\">\n<li class=\"\" data-start=\"430\" data-end=\"483\">\n<p class=\"\" data-start=\"432\" data-end=\"483\"><strong data-start=\"432\" data-end=\"443\">Origen:<\/strong> <strong data-start=\"444\" data-end=\"455\">Pened\u00e8s<\/strong>, <strong data-start=\"457\" data-end=\"470\">Catalunya<\/strong>, <strong data-start=\"472\" data-end=\"483\">Espanya<\/strong><\/p>\n<\/li>\n<li class=\"\" data-start=\"484\" data-end=\"518\">\n<p class=\"\" data-start=\"486\" data-end=\"518\"><strong data-start=\"486\" data-end=\"496\">Tipus:<\/strong> <strong data-start=\"497\" data-end=\"518\">Cava Brut Reserva<\/strong><\/p>\n<\/li>\n<li class=\"\" data-start=\"519\" data-end=\"584\">\n<p class=\"\" data-start=\"521\" data-end=\"584\"><strong data-start=\"521\" data-end=\"542\">Varietats d&#8217;ra\u00efm:<\/strong> <strong data-start=\"543\" data-end=\"554\">Macabeu<\/strong>, <strong data-start=\"556\" data-end=\"568\">Xarel\u00b7lo<\/strong> i <strong data-start=\"571\" data-end=\"584\">Parellada<\/strong><\/p>\n<\/li>\n<li class=\"\" data-start=\"585\" data-end=\"642\">\n<p class=\"\" data-start=\"587\" data-end=\"642\"><strong data-start=\"587\" data-end=\"612\">Graduaci\u00f3 alcoh\u00f2lica:<\/strong> Aproximadament <strong data-start=\"628\" data-end=\"642\">11.5% vol.<\/strong><\/p>\n<\/li>\n<li class=\"\" data-start=\"643\" data-end=\"709\">\n<p class=\"\" data-start=\"645\" data-end=\"709\"><strong data-start=\"645\" data-end=\"655\">Color:<\/strong> <strong data-start=\"656\" data-end=\"672\">Groc p\u00e0l\u00b7lid<\/strong> amb reflexos daurats, net i brillant<\/p>\n<\/li>\n<li class=\"\" data-start=\"710\" data-end=\"889\">\n<p class=\"\" data-start=\"712\" data-end=\"889\"><strong data-start=\"712\" data-end=\"722\">Aroma:<\/strong> Intens i fresc, amb notes de <strong data-start=\"752\" data-end=\"766\">poma verda<\/strong>, <strong data-start=\"768\" data-end=\"779\">c\u00edtrics<\/strong> i un toc de <strong data-start=\"792\" data-end=\"810\">flors blanques<\/strong>, seguit de matisos de <strong data-start=\"833\" data-end=\"846\">panaderia<\/strong> i <strong data-start=\"849\" data-end=\"862\">llevedura<\/strong> gr\u00e0cies a la seva crian\u00e7a.<\/p>\n<\/li>\n<li class=\"\" data-start=\"890\" data-end=\"1102\">\n<p class=\"\" data-start=\"892\" data-end=\"1102\"><strong data-start=\"892\" data-end=\"902\">Sabor:<\/strong> Fresc, crem\u00f3s i ben equilibrat, amb una bombolla <strong data-start=\"952\" data-end=\"960\">fina<\/strong> i <strong data-start=\"963\" data-end=\"977\">persistent<\/strong>. Presenta un toc afruitat suau, seguit d&#8217;un fons lleugerament torrat i de <strong data-start=\"1052\" data-end=\"1067\">fruits secs<\/strong>, propi de la seva crian\u00e7a en cava.<\/p>\n<\/li>\n<li class=\"\" data-start=\"1103\" data-end=\"1208\">\n<p class=\"\" data-start=\"1105\" data-end=\"1208\"><strong data-start=\"1105\" data-end=\"1115\">Final:<\/strong> Persistent, amb un toc <strong data-start=\"1139\" data-end=\"1150\">mineral<\/strong> i una <strong data-start=\"1157\" data-end=\"1179\">acidesa refrescant<\/strong> que convida a seguir bevent.<\/p>\n<\/li>\n<\/ul>\n<h3 class=\"\" data-start=\"1215\" data-end=\"1239\"><strong data-start=\"1219\" data-end=\"1239\">Usos recomanats:<\/strong><\/h3>\n<p class=\"\" data-start=\"1240\" data-end=\"1555\">Ideal com a <strong data-start=\"1254\" data-end=\"1266\">aperitiu<\/strong>, servit sol o acompanyat d&#8217;una rodanxa de <strong data-start=\"1309\" data-end=\"1320\">llimona<\/strong> o <strong data-start=\"1323\" data-end=\"1335\">taronger<\/strong>.<br data-start=\"1336\" data-end=\"1339\" \/>Perfecte per <strong data-start=\"1354\" data-end=\"1377\">maridar amb mariscs<\/strong>, <strong data-start=\"1379\" data-end=\"1389\">peixos<\/strong>, <strong data-start=\"1391\" data-end=\"1412\">amanides fresques<\/strong>, <strong data-start=\"1414\" data-end=\"1433\">formatges suaus<\/strong> i <strong data-start=\"1436\" data-end=\"1445\">tapes<\/strong>.<br data-start=\"1446\" data-end=\"1449\" \/>Excel\u00b7lent per a <strong data-start=\"1468\" data-end=\"1484\">celebracions<\/strong> i ocasions especials, com <strong data-start=\"1511\" data-end=\"1520\">bodas<\/strong>, <strong data-start=\"1522\" data-end=\"1537\">aniversaris<\/strong> o <strong data-start=\"1540\" data-end=\"1554\">recepcions<\/strong>.<\/p>\n<h3 class=\"\" data-start=\"1562\" data-end=\"1582\"><strong data-start=\"1566\" data-end=\"1582\">Conservaci\u00f3:<\/strong><\/h3>\n<ul data-start=\"1583\" data-end=\"1770\">\n<li class=\"\" data-start=\"1583\" data-end=\"1650\">\n<p class=\"\" data-start=\"1585\" data-end=\"1650\"><strong data-start=\"1585\" data-end=\"1620\">Mantenir en un lloc fresc i sec<\/strong>, allunyat de la llum directa.<\/p>\n<\/li>\n<li class=\"\" data-start=\"1651\" data-end=\"1770\">\n<p class=\"\" data-start=\"1653\" data-end=\"1770\">Es recomana consumir-lo dins dels <strong data-start=\"1687\" data-end=\"1699\">2-3 anys<\/strong> posteriors a la seva compra per gaudir de la seva frescor i vivacitat.<\/p>\n<\/li>\n<\/ul>\n<p class=\"\" data-start=\"1777\" data-end=\"2026\">\ud83c\udf7e <strong data-start=\"1780\" data-end=\"1806\">Sumarroca Brut Reserva<\/strong> \u00e9s un cava d&#8217;<strong data-start=\"1820\" data-end=\"1856\">excel\u00b7lent relaci\u00f3 qualitat-preu<\/strong>, ideal per a aquells que busquen un vi escum\u00f3s <strong data-start=\"1904\" data-end=\"1915\">elegant<\/strong>, <strong data-start=\"1917\" data-end=\"1926\">fresc<\/strong> i <strong data-start=\"1929\" data-end=\"1941\">vers\u00e0til<\/strong>, perfecte per acompanyar una \u00e0mplia gamma de plats o per celebrar moments especials.<\/p>\n","protected":false},"excerpt":{"rendered":"<p>Sumarroca Brut Reserva \u00e9s un cava d&#8217;alta qualitat elaborat a la regi\u00f3 del Pened\u00e8s, a Catalunya, per la bodega Sumarroca, coneguda pel seu prestigi en la producci\u00f3 de caves i vins. Aquest cava reflecteix l&#8217;eleg\u00e0ncia i la tradici\u00f3 del m\u00e8tode tradicional d&#8217;elaboraci\u00f3 de caves, oferint una beguda refrescant i equilibrada, ideal per a diverses ocasions.&hellip;<\/p>\n","protected":false},"featured_media":82457,"comment_status":"closed","ping_status":"closed","template":"","meta":{"_acf_changed":false},"pwb-brand":[32909],"product_brand":[],"product_cat":[51695,51696,51694],"product_tag":[15121,15119,15123,38826,15908],"class_list":{"0":"post-82460","1":"product","2":"type-product","3":"status-publish","4":"has-post-thumbnail","6":"pwb-brand-cava-d-o","7":"product_cat-cava-vi-escumos","8":"product_cat-cava-blanc","9":"product_cat-vi-escumos","10":"product_tag-brut-reserva-ca","11":"product_tag-cava-ca","12":"product_tag-do-cava-ca","13":"product_tag-escumos","14":"product_tag-sumarroca-ca","15":"pa_anada-36212","16":"pa_bodega-bodeguessumarroca-ca","17":"pa_cantidaddeazucar-brut","18":"pa_do-cava-d-o-ca-2","19":"pa_ecologico-vegano-natural-ecologic","20":"pa_ecologico-vegano-natural-vega","21":"pa_envejecimiento-reserva-ca","22":"pa_formatoenl-36158","23":"pa_formatoenml-38306","24":"pa_graduacion-12_0","25":"pa_pais-espanya-ca","26":"pa_pesoengramos-38354","27":"pa_pesoenkg-14-2","28":"pa_region-cataluna","29":"pa_tipodevino-vinoespumoso","30":"pa_variedades-6d-parellada_chardonnay_macab-ca","31":"entry","32":"has-media","34":"first","35":"instock","36":"taxable","37":"shipping-taxable","38":"purchasable","39":"product-type-simple"},"acf":[],"yoast_head":"<!-- This site is optimized with the Yoast SEO Premium plugin v23.1 (Yoast SEO v23.5) - https:\/\/yoast.com\/wordpress\/plugins\/seo\/ -->\n<title>Sumarroca Brut Reserva cava<\/title>\n<meta name=\"description\" content=\"Comprar online al millor preu cava Sumarroca Brut Reserva\" \/>\n<meta name=\"robots\" content=\"noindex, follow, max-snippet:-1, max-image-preview:large, max-video-preview:-1\" \/>\n<meta property=\"og:locale\" content=\"ca_ES\" \/>\n<meta property=\"og:type\" content=\"article\" \/>\n<meta property=\"og:title\" content=\"Sumarroca Brut Reserva\" \/>\n<meta property=\"og:description\" content=\"Comprar online al millor preu cava Sumarroca Brut Reserva\" \/>\n<meta property=\"og:url\" content=\"https:\/\/aral2.cetrexmarketing.com\/ca\/producto\/sumarroca-brut-reserva-2\/\" \/>\n<meta property=\"og:site_name\" content=\"M\u00f3n La Cata\" \/>\n<meta property=\"article:modified_time\" content=\"2025-05-24T08:07:15+00:00\" \/>\n<meta property=\"og:image\" content=\"https:\/\/aral2.cetrexmarketing.com\/wp-content\/uploads\/2025\/05\/SUMARROCA-BRUT-RESERVA.png\" \/>\n\t<meta property=\"og:image:width\" content=\"765\" \/>\n\t<meta property=\"og:image:height\" content=\"1024\" \/>\n\t<meta property=\"og:image:type\" content=\"image\/png\" \/>\n<meta name=\"twitter:card\" content=\"summary_large_image\" \/>\n<meta name=\"twitter:label1\" content=\"Temps estimat de lectura\" \/>\n\t<meta name=\"twitter:data1\" content=\"2 minuts\" \/>\n<script type=\"application\/ld+json\" class=\"yoast-schema-graph\">{\"@context\":\"https:\/\/schema.org\",\"@graph\":[{\"@type\":\"WebPage\",\"@id\":\"https:\/\/aral2.cetrexmarketing.com\/ca\/producto\/sumarroca-brut-reserva-2\/\",\"url\":\"https:\/\/aral2.cetrexmarketing.com\/ca\/producto\/sumarroca-brut-reserva-2\/\",\"name\":\"Sumarroca Brut Reserva cava\",\"isPartOf\":{\"@id\":\"https:\/\/aral2.cetrexmarketing.com\/#website\"},\"primaryImageOfPage\":{\"@id\":\"https:\/\/aral2.cetrexmarketing.com\/ca\/producto\/sumarroca-brut-reserva-2\/#primaryimage\"},\"image\":{\"@id\":\"https:\/\/aral2.cetrexmarketing.com\/ca\/producto\/sumarroca-brut-reserva-2\/#primaryimage\"},\"thumbnailUrl\":\"https:\/\/aral2.cetrexmarketing.com\/wp-content\/uploads\/2025\/05\/SUMARROCA-BRUT-RESERVA.png\",\"datePublished\":\"2025-05-24T08:07:13+00:00\",\"dateModified\":\"2025-05-24T08:07:15+00:00\",\"description\":\"Comprar online al millor preu cava Sumarroca Brut Reserva\",\"breadcrumb\":{\"@id\":\"https:\/\/aral2.cetrexmarketing.com\/ca\/producto\/sumarroca-brut-reserva-2\/#breadcrumb\"},\"inLanguage\":\"ca\",\"potentialAction\":[{\"@type\":\"ReadAction\",\"target\":[\"https:\/\/aral2.cetrexmarketing.com\/ca\/producto\/sumarroca-brut-reserva-2\/\"]}]},{\"@type\":\"ImageObject\",\"inLanguage\":\"ca\",\"@id\":\"https:\/\/aral2.cetrexmarketing.com\/ca\/producto\/sumarroca-brut-reserva-2\/#primaryimage\",\"url\":\"https:\/\/aral2.cetrexmarketing.com\/wp-content\/uploads\/2025\/05\/SUMARROCA-BRUT-RESERVA.png\",\"contentUrl\":\"https:\/\/aral2.cetrexmarketing.com\/wp-content\/uploads\/2025\/05\/SUMARROCA-BRUT-RESERVA.png\",\"width\":765,\"height\":1024},{\"@type\":\"BreadcrumbList\",\"@id\":\"https:\/\/aral2.cetrexmarketing.com\/ca\/producto\/sumarroca-brut-reserva-2\/#breadcrumb\",\"itemListElement\":[{\"@type\":\"ListItem\",\"position\":1,\"name\":\"Home\",\"item\":\"https:\/\/aral2.cetrexmarketing.com\/ca\/\"},{\"@type\":\"ListItem\",\"position\":2,\"name\":\"Tienda\",\"item\":\"https:\/\/aral2.cetrexmarketing.com\/ca\/tienda-2\/\"},{\"@type\":\"ListItem\",\"position\":3,\"name\":\"Vi Escum\u00f3s\",\"item\":\"https:\/\/aral2.cetrexmarketing.com\/categoria-producto\/home-ca\/vi-escumos-ca\/\"},{\"@type\":\"ListItem\",\"position\":4,\"name\":\"Cava\",\"item\":\"https:\/\/aral2.cetrexmarketing.com\/ca\/categoria-producto\/home-ca\/vi-escumos-ca\/cava-ca\/\"},{\"@type\":\"ListItem\",\"position\":5,\"name\":\"Cava Blanco\",\"item\":\"https:\/\/aral2.cetrexmarketing.com\/categoria-producto\/inicio\/vino-espumoso\/cava\/cava-blanco\/\"},{\"@type\":\"ListItem\",\"position\":6,\"name\":\"Sumarroca Brut Reserva\"}]},{\"@type\":\"WebSite\",\"@id\":\"https:\/\/aral2.cetrexmarketing.com\/#website\",\"url\":\"https:\/\/aral2.cetrexmarketing.com\/\",\"name\":\"M\u00f3n La Cata\",\"description\":\"Tienda de vinos, licores, cervezas y gourmet\",\"publisher\":{\"@id\":\"https:\/\/aral2.cetrexmarketing.com\/#organization\"},\"potentialAction\":[{\"@type\":\"SearchAction\",\"target\":{\"@type\":\"EntryPoint\",\"urlTemplate\":\"https:\/\/aral2.cetrexmarketing.com\/?s={search_term_string}\"},\"query-input\":{\"@type\":\"PropertyValueSpecification\",\"valueRequired\":true,\"valueName\":\"search_term_string\"}}],\"inLanguage\":\"ca\"},{\"@type\":\"Organization\",\"@id\":\"https:\/\/aral2.cetrexmarketing.com\/#organization\",\"name\":\"M\u00f3n La Cata\",\"url\":\"https:\/\/aral2.cetrexmarketing.com\/\",\"logo\":{\"@type\":\"ImageObject\",\"inLanguage\":\"ca\",\"@id\":\"https:\/\/aral2.cetrexmarketing.com\/#\/schema\/logo\/image\/\",\"url\":\"https:\/\/aral2.cetrexmarketing.com\/wp-content\/uploads\/2024\/10\/aral-logo-neg-1024x409-1.png\",\"contentUrl\":\"https:\/\/aral2.cetrexmarketing.com\/wp-content\/uploads\/2024\/10\/aral-logo-neg-1024x409-1.png\",\"width\":1024,\"height\":409,\"caption\":\"M\u00f3n La Cata\"},\"image\":{\"@id\":\"https:\/\/aral2.cetrexmarketing.com\/#\/schema\/logo\/image\/\"}}]}<\/script>\n<!-- \/ Yoast SEO Premium plugin. -->","yoast_head_json":{"title":"Sumarroca Brut Reserva cava","description":"Comprar online al millor preu cava Sumarroca Brut Reserva","robots":{"index":"noindex","follow":"follow","max-snippet":"max-snippet:-1","max-image-preview":"max-image-preview:large","max-video-preview":"max-video-preview:-1"},"og_locale":"ca_ES","og_type":"article","og_title":"Sumarroca Brut Reserva","og_description":"Comprar online al millor preu cava Sumarroca Brut Reserva","og_url":"https:\/\/aral2.cetrexmarketing.com\/ca\/producto\/sumarroca-brut-reserva-2\/","og_site_name":"M\u00f3n La Cata","article_modified_time":"2025-05-24T08:07:15+00:00","og_image":[{"width":765,"height":1024,"url":"https:\/\/aral2.cetrexmarketing.com\/wp-content\/uploads\/2025\/05\/SUMARROCA-BRUT-RESERVA.png","type":"image\/png"}],"twitter_card":"summary_large_image","twitter_misc":{"Temps estimat de lectura":"2 minuts"},"schema":{"@context":"https:\/\/schema.org","@graph":[{"@type":"WebPage","@id":"https:\/\/aral2.cetrexmarketing.com\/ca\/producto\/sumarroca-brut-reserva-2\/","url":"https:\/\/aral2.cetrexmarketing.com\/ca\/producto\/sumarroca-brut-reserva-2\/","name":"Sumarroca Brut Reserva cava","isPartOf":{"@id":"https:\/\/aral2.cetrexmarketing.com\/#website"},"primaryImageOfPage":{"@id":"https:\/\/aral2.cetrexmarketing.com\/ca\/producto\/sumarroca-brut-reserva-2\/#primaryimage"},"image":{"@id":"https:\/\/aral2.cetrexmarketing.com\/ca\/producto\/sumarroca-brut-reserva-2\/#primaryimage"},"thumbnailUrl":"https:\/\/aral2.cetrexmarketing.com\/wp-content\/uploads\/2025\/05\/SUMARROCA-BRUT-RESERVA.png","datePublished":"2025-05-24T08:07:13+00:00","dateModified":"2025-05-24T08:07:15+00:00","description":"Comprar online al millor preu cava Sumarroca Brut Reserva","breadcrumb":{"@id":"https:\/\/aral2.cetrexmarketing.com\/ca\/producto\/sumarroca-brut-reserva-2\/#breadcrumb"},"inLanguage":"ca","potentialAction":[{"@type":"ReadAction","target":["https:\/\/aral2.cetrexmarketing.com\/ca\/producto\/sumarroca-brut-reserva-2\/"]}]},{"@type":"ImageObject","inLanguage":"ca","@id":"https:\/\/aral2.cetrexmarketing.com\/ca\/producto\/sumarroca-brut-reserva-2\/#primaryimage","url":"https:\/\/aral2.cetrexmarketing.com\/wp-content\/uploads\/2025\/05\/SUMARROCA-BRUT-RESERVA.png","contentUrl":"https:\/\/aral2.cetrexmarketing.com\/wp-content\/uploads\/2025\/05\/SUMARROCA-BRUT-RESERVA.png","width":765,"height":1024},{"@type":"BreadcrumbList","@id":"https:\/\/aral2.cetrexmarketing.com\/ca\/producto\/sumarroca-brut-reserva-2\/#breadcrumb","itemListElement":[{"@type":"ListItem","position":1,"name":"Home","item":"https:\/\/aral2.cetrexmarketing.com\/ca\/"},{"@type":"ListItem","position":2,"name":"Tienda","item":"https:\/\/aral2.cetrexmarketing.com\/ca\/tienda-2\/"},{"@type":"ListItem","position":3,"name":"Vi Escum\u00f3s","item":"https:\/\/aral2.cetrexmarketing.com\/categoria-producto\/home-ca\/vi-escumos-ca\/"},{"@type":"ListItem","position":4,"name":"Cava","item":"https:\/\/aral2.cetrexmarketing.com\/ca\/categoria-producto\/home-ca\/vi-escumos-ca\/cava-ca\/"},{"@type":"ListItem","position":5,"name":"Cava Blanco","item":"https:\/\/aral2.cetrexmarketing.com\/categoria-producto\/inicio\/vino-espumoso\/cava\/cava-blanco\/"},{"@type":"ListItem","position":6,"name":"Sumarroca Brut Reserva"}]},{"@type":"WebSite","@id":"https:\/\/aral2.cetrexmarketing.com\/#website","url":"https:\/\/aral2.cetrexmarketing.com\/","name":"M\u00f3n La Cata","description":"Tienda de vinos, licores, cervezas y gourmet","publisher":{"@id":"https:\/\/aral2.cetrexmarketing.com\/#organization"},"potentialAction":[{"@type":"SearchAction","target":{"@type":"EntryPoint","urlTemplate":"https:\/\/aral2.cetrexmarketing.com\/?s={search_term_string}"},"query-input":{"@type":"PropertyValueSpecification","valueRequired":true,"valueName":"search_term_string"}}],"inLanguage":"ca"},{"@type":"Organization","@id":"https:\/\/aral2.cetrexmarketing.com\/#organization","name":"M\u00f3n La Cata","url":"https:\/\/aral2.cetrexmarketing.com\/","logo":{"@type":"ImageObject","inLanguage":"ca","@id":"https:\/\/aral2.cetrexmarketing.com\/#\/schema\/logo\/image\/","url":"https:\/\/aral2.cetrexmarketing.com\/wp-content\/uploads\/2024\/10\/aral-logo-neg-1024x409-1.png","contentUrl":"https:\/\/aral2.cetrexmarketing.com\/wp-content\/uploads\/2024\/10\/aral-logo-neg-1024x409-1.png","width":1024,"height":409,"caption":"M\u00f3n La Cata"},"image":{"@id":"https:\/\/aral2.cetrexmarketing.com\/#\/schema\/logo\/image\/"}}]}},"brands":[{"id":32909,"name":"Cava D.O.","slug":"cava-d-o"}],"_links":{"self":[{"href":"https:\/\/aral2.cetrexmarketing.com\/ca\/wp-json\/wp\/v2\/product\/82460","targetHints":{"allow":["GET"]}}],"collection":[{"href":"https:\/\/aral2.cetrexmarketing.com\/ca\/wp-json\/wp\/v2\/product"}],"about":[{"href":"https:\/\/aral2.cetrexmarketing.com\/ca\/wp-json\/wp\/v2\/types\/product"}],"replies":[{"embeddable":true,"href":"https:\/\/aral2.cetrexmarketing.com\/ca\/wp-json\/wp\/v2\/comments?post=82460"}],"wp:featuredmedia":[{"embeddable":true,"href":"https:\/\/aral2.cetrexmarketing.com\/ca\/wp-json\/wp\/v2\/media\/82457"}],"wp:attachment":[{"href":"https:\/\/aral2.cetrexmarketing.com\/ca\/wp-json\/wp\/v2\/media?parent=82460"}],"wp:term":[{"taxonomy":"pwb-brand","embeddable":true,"href":"https:\/\/aral2.cetrexmarketing.com\/ca\/wp-json\/wp\/v2\/pwb-brand?post=82460"},{"taxonomy":"product_brand","embeddable":true,"href":"https:\/\/aral2.cetrexmarketing.com\/ca\/wp-json\/wp\/v2\/product_brand?post=82460"},{"taxonomy":"product_cat","embeddable":true,"href":"https:\/\/aral2.cetrexmarketing.com\/ca\/wp-json\/wp\/v2\/product_cat?post=82460"},{"taxonomy":"product_tag","embeddable":true,"href":"https:\/\/aral2.cetrexmarketing.com\/ca\/wp-json\/wp\/v2\/product_tag?post=82460"}],"curies":[{"name":"wp","href":"https:\/\/api.w.org\/{rel}","templated":true}]}}