{"id":82387,"date":"2025-05-24T08:06:06","date_gmt":"2025-05-24T08:06:06","guid":{"rendered":"https:\/\/aral2.cetrexmarketing.com\/producto\/ratafia-pujol-2\/"},"modified":"2025-05-24T08:06:07","modified_gmt":"2025-05-24T08:06:07","slug":"ratafia-pujol-2","status":"publish","type":"product","link":"https:\/\/aral2.cetrexmarketing.com\/ca\/producto\/ratafia-pujol-2\/","title":{"rendered":"Ratafia Pujol"},"content":{"rendered":"<div class=\"flex-1 overflow-hidden @container\/thread\">\n<div class=\"h-full\">\n<div class=\"react-scroll-to-bottom--css-irptz-79elbk h-full\">\n<div class=\"react-scroll-to-bottom--css-irptz-1n7m0yu\">\n<div class=\"flex flex-col text-sm md:pb-9\">\n<article class=\"w-full scroll-mb-[var(--thread-trailing-height,150px)] text-token-text-primary focus-visible:outline-2 focus-visible:outline-offset-[-4px]\" dir=\"auto\" data-testid=\"conversation-turn-3\" data-scroll-anchor=\"true\">\n<div class=\"m-auto text-base py-[18px] px-3 md:px-4 w-full md:px-5 lg:px-4 xl:px-5\">\n<div class=\"mx-auto flex flex-1 gap-4 text-base md:gap-5 lg:gap-6 md:max-w-3xl lg:max-w-[40rem] xl:max-w-[48rem]\">\n<div class=\"group\/conversation-turn relative flex w-full min-w-0 flex-col agent-turn\">\n<div class=\"flex-col gap-1 md:gap-3\">\n<div class=\"flex max-w-full flex-col flex-grow\">\n<div class=\"min-h-8 text-message flex w-full flex-col items-end gap-2 whitespace-normal break-words text-start [.text-message+&amp;]:mt-5\" dir=\"auto\" data-message-author-role=\"assistant\" data-message-id=\"0c130241-95fa-40a5-917e-f1127dbefdf4\" data-message-model-slug=\"gpt-4o\">\n<div class=\"flex w-full flex-col gap-1 empty:hidden first:pt-[3px]\">\n<div class=\"result-streaming markdown prose w-full break-words dark:prose-invert light\">\n<p><strong>Ratafia Pujol<\/strong> \u00e9s un licor tradicional catal\u00e0 elaborat a partir de la maceraci\u00f3 de nous verdes amb una selecci\u00f3 d&#8217;herbes, esp\u00e8cies i fruites, seguint una recepta artesanal transmesa de generaci\u00f3 en generaci\u00f3. El seu sabor \u00e9s complex, amb un equilibri entre dol\u00e7or i amargor, ressaltant notes de nou, canyella, clau, pell de c\u00edtrics i herbes arom\u00e0tiques.<\/p>\n<p>La Ratafia Pujol s&#8217;elabora seguint un proc\u00e9s meticul\u00f3s:<\/p>\n<ol>\n<li><strong>Selecci\u00f3 d&#8217;ingredients<\/strong>: Es recol\u00b7lecten nous verdes al juny, quan encara no han desenvolupat la seva closca dura, i es combinen amb una barreja d&#8217;herbes i esp\u00e8cies locals.<\/li>\n<li><strong>Maceraci\u00f3<\/strong>: Els ingredients es deixen en alcohol durant setmanes, permetent que els aromes i sabors es fusionin de manera natural.<\/li>\n<li><strong>Envelliment<\/strong>: Despr\u00e9s de la maceraci\u00f3, el licor es deixa reposar en botes o dip\u00f2sits durant diversos mesos per afinar el seu sabor.<\/li>\n<li><strong>Endolciment i filtratge<\/strong>: S&#8217;hi afegeix sucre i es filtra abans de l&#8217;embotellat.<\/li>\n<\/ol>\n<ul>\n<li><strong>Color<\/strong>: Ambre fosc amb reflexos caoba.<\/li>\n<li><strong>Aroma<\/strong>: Notes intenses de nou, canyella, clau, an\u00eds, c\u00edtrics i herbes silvestres.<\/li>\n<li><strong>Sabor:<\/strong> Dol\u00e7 i especiat, amb un final persistent i un lleuger amargor equilibrat..<\/li>\n<\/ul>\n<\/div>\n<\/div>\n<\/div>\n<\/div>\n<\/div>\n<\/div>\n<\/div>\n<\/div>\n<\/article>\n<\/div>\n<\/div>\n<\/div>\n<\/div>\n<\/div>\n<div class=\"md:pt-0 dark:border-white\/20 md:border-transparent md:dark:border-transparent w-full\">\n<div>\n<div class=\"m-auto text-base px-3 md:px-4 w-full md:px-5 lg:px-4 xl:px-5\"><\/div>\n<\/div>\n<\/div>\n","protected":false},"excerpt":{"rendered":"<p dir=\"ltr\"><strong data-start=\"0\" data-end=\"17\" data-is-only-node=\"\">Ratafia Pujol<\/strong> \u00e9s un licor tradicional catal\u00e0 elaborat mitjan\u00e7ant la maceraci\u00f3 de nous verdes, herbes, esp\u00e8cies i fruites, seguint una recepta artesanal transmesa de generaci\u00f3 en generaci\u00f3. El seu sabor \u00e9s complex, equilibrant la dol\u00e7or i l&#8217;amargor, amb notes de <strong data-start=\"266\" data-end=\"273\">nou<\/strong>, <strong data-start=\"275\" data-end=\"287\">canyella<\/strong>, <strong data-start=\"289\" data-end=\"297\">clau<\/strong>, <strong data-start=\"299\" data-end=\"310\">c\u00edtrics<\/strong> i <strong data-start=\"313\" data-end=\"335\">herbes arom\u00e0tiques<\/strong>. S&#8217;elabora amb nous verdes recol\u00b7lectades al juny, que es combinen amb herbes locals i es deixen macerar en alcohol durant setmanes. Despr\u00e9s, el licor es deixa envellir, s&#8217;endolceix i es filtra abans del seu embotellament. T\u00e9 un color <strong data-start=\"571\" data-end=\"585\">\u00e0mbar fosc<\/strong> amb reflexos caoba, un aroma intens a <strong data-start=\"624\" data-end=\"631\">nou<\/strong>, <strong data-start=\"633\" data-end=\"645\">canyella<\/strong> i <strong data-start=\"648\" data-end=\"659\">c\u00edtrics<\/strong>, i un sabor <strong data-start=\"672\" data-end=\"691\">dol\u00e7 i especiat<\/strong> amb un final persistent i lleugerament amarg.<\/p>\n","protected":false},"featured_media":82384,"comment_status":"closed","ping_status":"closed","template":"","meta":{"_acf_changed":false},"pwb-brand":[],"product_brand":[],"product_cat":[51692,51719],"product_tag":[39922,39923,15892,15219,15227,15893],"class_list":{"0":"post-82387","1":"product","2":"type-product","3":"status-publish","4":"has-post-thumbnail","6":"product_cat-destillats","7":"product_cat-ratafia-destillats","8":"product_tag-licor-catala","9":"product_tag-licor-catalunya","10":"product_tag-pujol-ca","11":"product_tag-ratafia-ca","12":"product_tag-ratafia-catalana-ca","13":"product_tag-ratafia-pujol-ca","14":"pa_bodega-bardinet","15":"pa_formatoenl-36167","16":"pa_formatoenml-38307","17":"pa_graduacion-27_0","18":"pa_pais-espanya-ca","19":"pa_pesoengramos-38342","20":"pa_pesoenkg-10-ca","21":"pa_pueblociudad-gelidabarcelona","22":"pa_region-cataluna","23":"entry","24":"has-media","26":"first","27":"instock","28":"taxable","29":"shipping-taxable","30":"purchasable","31":"product-type-simple"},"acf":[],"yoast_head":"<!-- This site is optimized with the Yoast SEO Premium plugin v23.1 (Yoast SEO v23.5) - https:\/\/yoast.com\/wordpress\/plugins\/seo\/ -->\n<title>Ratafia Pujol<\/title>\n<meta name=\"description\" content=\"Comprar online la Rataf\u00eda Pujol, de Gelida (Barcelona). Enviament Expr\u00e9s. Descompte per caixes. Ofertes especials Vinoteca. Licoreria. Destil\u00b7lats.\" \/>\n<meta name=\"robots\" content=\"noindex, follow, max-snippet:-1, max-image-preview:large, max-video-preview:-1\" \/>\n<meta property=\"og:locale\" content=\"ca_ES\" \/>\n<meta property=\"og:type\" content=\"article\" \/>\n<meta property=\"og:title\" content=\"Ratafia Pujol\" \/>\n<meta property=\"og:description\" content=\"Comprar online la Rataf\u00eda Pujol, de Gelida (Barcelona). Enviament Expr\u00e9s. Descompte per caixes. Ofertes especials Vinoteca. Licoreria. Destil\u00b7lats.\" \/>\n<meta property=\"og:url\" content=\"https:\/\/aral2.cetrexmarketing.com\/ca\/producto\/ratafia-pujol-2\/\" \/>\n<meta property=\"og:site_name\" content=\"M\u00f3n La Cata\" \/>\n<meta property=\"article:modified_time\" content=\"2025-05-24T08:06:07+00:00\" \/>\n<meta property=\"og:image\" content=\"https:\/\/aral2.cetrexmarketing.com\/wp-content\/uploads\/2025\/05\/ratafia-pujol-1.png\" \/>\n\t<meta property=\"og:image:width\" content=\"765\" \/>\n\t<meta property=\"og:image:height\" content=\"1024\" \/>\n\t<meta property=\"og:image:type\" content=\"image\/png\" \/>\n<meta name=\"twitter:card\" content=\"summary_large_image\" \/>\n<meta name=\"twitter:label1\" content=\"Temps estimat de lectura\" \/>\n\t<meta name=\"twitter:data1\" content=\"2 minuts\" \/>\n<script type=\"application\/ld+json\" class=\"yoast-schema-graph\">{\"@context\":\"https:\/\/schema.org\",\"@graph\":[{\"@type\":\"WebPage\",\"@id\":\"https:\/\/aral2.cetrexmarketing.com\/ca\/producto\/ratafia-pujol-2\/\",\"url\":\"https:\/\/aral2.cetrexmarketing.com\/ca\/producto\/ratafia-pujol-2\/\",\"name\":\"Ratafia Pujol\",\"isPartOf\":{\"@id\":\"https:\/\/aral2.cetrexmarketing.com\/#website\"},\"primaryImageOfPage\":{\"@id\":\"https:\/\/aral2.cetrexmarketing.com\/ca\/producto\/ratafia-pujol-2\/#primaryimage\"},\"image\":{\"@id\":\"https:\/\/aral2.cetrexmarketing.com\/ca\/producto\/ratafia-pujol-2\/#primaryimage\"},\"thumbnailUrl\":\"https:\/\/aral2.cetrexmarketing.com\/wp-content\/uploads\/2025\/05\/ratafia-pujol-1.png\",\"datePublished\":\"2025-05-24T08:06:06+00:00\",\"dateModified\":\"2025-05-24T08:06:07+00:00\",\"description\":\"Comprar online la Rataf\u00eda Pujol, de Gelida (Barcelona). Enviament Expr\u00e9s. Descompte per caixes. Ofertes especials Vinoteca. Licoreria. Destil\u00b7lats.\",\"breadcrumb\":{\"@id\":\"https:\/\/aral2.cetrexmarketing.com\/ca\/producto\/ratafia-pujol-2\/#breadcrumb\"},\"inLanguage\":\"ca\",\"potentialAction\":[{\"@type\":\"ReadAction\",\"target\":[\"https:\/\/aral2.cetrexmarketing.com\/ca\/producto\/ratafia-pujol-2\/\"]}]},{\"@type\":\"ImageObject\",\"inLanguage\":\"ca\",\"@id\":\"https:\/\/aral2.cetrexmarketing.com\/ca\/producto\/ratafia-pujol-2\/#primaryimage\",\"url\":\"https:\/\/aral2.cetrexmarketing.com\/wp-content\/uploads\/2025\/05\/ratafia-pujol-1.png\",\"contentUrl\":\"https:\/\/aral2.cetrexmarketing.com\/wp-content\/uploads\/2025\/05\/ratafia-pujol-1.png\",\"width\":765,\"height\":1024},{\"@type\":\"BreadcrumbList\",\"@id\":\"https:\/\/aral2.cetrexmarketing.com\/ca\/producto\/ratafia-pujol-2\/#breadcrumb\",\"itemListElement\":[{\"@type\":\"ListItem\",\"position\":1,\"name\":\"Home\",\"item\":\"https:\/\/aral2.cetrexmarketing.com\/ca\/\"},{\"@type\":\"ListItem\",\"position\":2,\"name\":\"Tienda\",\"item\":\"https:\/\/aral2.cetrexmarketing.com\/ca\/tienda-2\/\"},{\"@type\":\"ListItem\",\"position\":3,\"name\":\"Destil\u00b7lats\",\"item\":\"https:\/\/aral2.cetrexmarketing.com\/categoria-producto\/home-ca\/destil-lats-ca\/\"},{\"@type\":\"ListItem\",\"position\":4,\"name\":\"Ratafia\",\"item\":\"https:\/\/aral2.cetrexmarketing.com\/categoria-producto\/inicio\/destilados\/ratafia\/\"},{\"@type\":\"ListItem\",\"position\":5,\"name\":\"Ratafia Pujol\"}]},{\"@type\":\"WebSite\",\"@id\":\"https:\/\/aral2.cetrexmarketing.com\/#website\",\"url\":\"https:\/\/aral2.cetrexmarketing.com\/\",\"name\":\"M\u00f3n La Cata\",\"description\":\"Tienda de vinos, licores, cervezas y gourmet\",\"publisher\":{\"@id\":\"https:\/\/aral2.cetrexmarketing.com\/#organization\"},\"potentialAction\":[{\"@type\":\"SearchAction\",\"target\":{\"@type\":\"EntryPoint\",\"urlTemplate\":\"https:\/\/aral2.cetrexmarketing.com\/?s={search_term_string}\"},\"query-input\":{\"@type\":\"PropertyValueSpecification\",\"valueRequired\":true,\"valueName\":\"search_term_string\"}}],\"inLanguage\":\"ca\"},{\"@type\":\"Organization\",\"@id\":\"https:\/\/aral2.cetrexmarketing.com\/#organization\",\"name\":\"M\u00f3n La Cata\",\"url\":\"https:\/\/aral2.cetrexmarketing.com\/\",\"logo\":{\"@type\":\"ImageObject\",\"inLanguage\":\"ca\",\"@id\":\"https:\/\/aral2.cetrexmarketing.com\/#\/schema\/logo\/image\/\",\"url\":\"https:\/\/aral2.cetrexmarketing.com\/wp-content\/uploads\/2024\/10\/aral-logo-neg-1024x409-1.png\",\"contentUrl\":\"https:\/\/aral2.cetrexmarketing.com\/wp-content\/uploads\/2024\/10\/aral-logo-neg-1024x409-1.png\",\"width\":1024,\"height\":409,\"caption\":\"M\u00f3n La Cata\"},\"image\":{\"@id\":\"https:\/\/aral2.cetrexmarketing.com\/#\/schema\/logo\/image\/\"}}]}<\/script>\n<!-- \/ Yoast SEO Premium plugin. -->","yoast_head_json":{"title":"Ratafia Pujol","description":"Comprar online la Rataf\u00eda Pujol, de Gelida (Barcelona). Enviament Expr\u00e9s. Descompte per caixes. Ofertes especials Vinoteca. Licoreria. Destil\u00b7lats.","robots":{"index":"noindex","follow":"follow","max-snippet":"max-snippet:-1","max-image-preview":"max-image-preview:large","max-video-preview":"max-video-preview:-1"},"og_locale":"ca_ES","og_type":"article","og_title":"Ratafia Pujol","og_description":"Comprar online la Rataf\u00eda Pujol, de Gelida (Barcelona). Enviament Expr\u00e9s. Descompte per caixes. Ofertes especials Vinoteca. Licoreria. Destil\u00b7lats.","og_url":"https:\/\/aral2.cetrexmarketing.com\/ca\/producto\/ratafia-pujol-2\/","og_site_name":"M\u00f3n La Cata","article_modified_time":"2025-05-24T08:06:07+00:00","og_image":[{"width":765,"height":1024,"url":"https:\/\/aral2.cetrexmarketing.com\/wp-content\/uploads\/2025\/05\/ratafia-pujol-1.png","type":"image\/png"}],"twitter_card":"summary_large_image","twitter_misc":{"Temps estimat de lectura":"2 minuts"},"schema":{"@context":"https:\/\/schema.org","@graph":[{"@type":"WebPage","@id":"https:\/\/aral2.cetrexmarketing.com\/ca\/producto\/ratafia-pujol-2\/","url":"https:\/\/aral2.cetrexmarketing.com\/ca\/producto\/ratafia-pujol-2\/","name":"Ratafia Pujol","isPartOf":{"@id":"https:\/\/aral2.cetrexmarketing.com\/#website"},"primaryImageOfPage":{"@id":"https:\/\/aral2.cetrexmarketing.com\/ca\/producto\/ratafia-pujol-2\/#primaryimage"},"image":{"@id":"https:\/\/aral2.cetrexmarketing.com\/ca\/producto\/ratafia-pujol-2\/#primaryimage"},"thumbnailUrl":"https:\/\/aral2.cetrexmarketing.com\/wp-content\/uploads\/2025\/05\/ratafia-pujol-1.png","datePublished":"2025-05-24T08:06:06+00:00","dateModified":"2025-05-24T08:06:07+00:00","description":"Comprar online la Rataf\u00eda Pujol, de Gelida (Barcelona). Enviament Expr\u00e9s. Descompte per caixes. Ofertes especials Vinoteca. Licoreria. Destil\u00b7lats.","breadcrumb":{"@id":"https:\/\/aral2.cetrexmarketing.com\/ca\/producto\/ratafia-pujol-2\/#breadcrumb"},"inLanguage":"ca","potentialAction":[{"@type":"ReadAction","target":["https:\/\/aral2.cetrexmarketing.com\/ca\/producto\/ratafia-pujol-2\/"]}]},{"@type":"ImageObject","inLanguage":"ca","@id":"https:\/\/aral2.cetrexmarketing.com\/ca\/producto\/ratafia-pujol-2\/#primaryimage","url":"https:\/\/aral2.cetrexmarketing.com\/wp-content\/uploads\/2025\/05\/ratafia-pujol-1.png","contentUrl":"https:\/\/aral2.cetrexmarketing.com\/wp-content\/uploads\/2025\/05\/ratafia-pujol-1.png","width":765,"height":1024},{"@type":"BreadcrumbList","@id":"https:\/\/aral2.cetrexmarketing.com\/ca\/producto\/ratafia-pujol-2\/#breadcrumb","itemListElement":[{"@type":"ListItem","position":1,"name":"Home","item":"https:\/\/aral2.cetrexmarketing.com\/ca\/"},{"@type":"ListItem","position":2,"name":"Tienda","item":"https:\/\/aral2.cetrexmarketing.com\/ca\/tienda-2\/"},{"@type":"ListItem","position":3,"name":"Destil\u00b7lats","item":"https:\/\/aral2.cetrexmarketing.com\/categoria-producto\/home-ca\/destil-lats-ca\/"},{"@type":"ListItem","position":4,"name":"Ratafia","item":"https:\/\/aral2.cetrexmarketing.com\/categoria-producto\/inicio\/destilados\/ratafia\/"},{"@type":"ListItem","position":5,"name":"Ratafia Pujol"}]},{"@type":"WebSite","@id":"https:\/\/aral2.cetrexmarketing.com\/#website","url":"https:\/\/aral2.cetrexmarketing.com\/","name":"M\u00f3n La Cata","description":"Tienda de vinos, licores, cervezas y gourmet","publisher":{"@id":"https:\/\/aral2.cetrexmarketing.com\/#organization"},"potentialAction":[{"@type":"SearchAction","target":{"@type":"EntryPoint","urlTemplate":"https:\/\/aral2.cetrexmarketing.com\/?s={search_term_string}"},"query-input":{"@type":"PropertyValueSpecification","valueRequired":true,"valueName":"search_term_string"}}],"inLanguage":"ca"},{"@type":"Organization","@id":"https:\/\/aral2.cetrexmarketing.com\/#organization","name":"M\u00f3n La Cata","url":"https:\/\/aral2.cetrexmarketing.com\/","logo":{"@type":"ImageObject","inLanguage":"ca","@id":"https:\/\/aral2.cetrexmarketing.com\/#\/schema\/logo\/image\/","url":"https:\/\/aral2.cetrexmarketing.com\/wp-content\/uploads\/2024\/10\/aral-logo-neg-1024x409-1.png","contentUrl":"https:\/\/aral2.cetrexmarketing.com\/wp-content\/uploads\/2024\/10\/aral-logo-neg-1024x409-1.png","width":1024,"height":409,"caption":"M\u00f3n La Cata"},"image":{"@id":"https:\/\/aral2.cetrexmarketing.com\/#\/schema\/logo\/image\/"}}]}},"brands":[],"_links":{"self":[{"href":"https:\/\/aral2.cetrexmarketing.com\/ca\/wp-json\/wp\/v2\/product\/82387","targetHints":{"allow":["GET"]}}],"collection":[{"href":"https:\/\/aral2.cetrexmarketing.com\/ca\/wp-json\/wp\/v2\/product"}],"about":[{"href":"https:\/\/aral2.cetrexmarketing.com\/ca\/wp-json\/wp\/v2\/types\/product"}],"replies":[{"embeddable":true,"href":"https:\/\/aral2.cetrexmarketing.com\/ca\/wp-json\/wp\/v2\/comments?post=82387"}],"wp:featuredmedia":[{"embeddable":true,"href":"https:\/\/aral2.cetrexmarketing.com\/ca\/wp-json\/wp\/v2\/media\/82384"}],"wp:attachment":[{"href":"https:\/\/aral2.cetrexmarketing.com\/ca\/wp-json\/wp\/v2\/media?parent=82387"}],"wp:term":[{"taxonomy":"pwb-brand","embeddable":true,"href":"https:\/\/aral2.cetrexmarketing.com\/ca\/wp-json\/wp\/v2\/pwb-brand?post=82387"},{"taxonomy":"product_brand","embeddable":true,"href":"https:\/\/aral2.cetrexmarketing.com\/ca\/wp-json\/wp\/v2\/product_brand?post=82387"},{"taxonomy":"product_cat","embeddable":true,"href":"https:\/\/aral2.cetrexmarketing.com\/ca\/wp-json\/wp\/v2\/product_cat?post=82387"},{"taxonomy":"product_tag","embeddable":true,"href":"https:\/\/aral2.cetrexmarketing.com\/ca\/wp-json\/wp\/v2\/product_tag?post=82387"}],"curies":[{"name":"wp","href":"https:\/\/api.w.org\/{rel}","templated":true}]}}