{"id":82379,"date":"2025-05-24T08:05:53","date_gmt":"2025-05-24T08:05:53","guid":{"rendered":"https:\/\/aral2.cetrexmarketing.com\/producto\/lempordanesa-ratafia\/"},"modified":"2025-05-24T08:05:54","modified_gmt":"2025-05-24T08:05:54","slug":"lempordanesa-ratafia","status":"publish","type":"product","link":"https:\/\/aral2.cetrexmarketing.com\/ca\/producto\/lempordanesa-ratafia\/","title":{"rendered":"L&#8217;Empordanesa Ratafia"},"content":{"rendered":"<p><strong>Rataf\u00eda L\u2019Empordanesa<\/strong> \u00e9s un licor tradicional catal\u00e0 que es elabora a partir d&#8217;una combinaci\u00f3 especial d&#8217;herbes, esp\u00e8cies i fruits secs macerats en aiguardent. Aquest licor es caracteritza pel seu sabor arom\u00e0tic i equilibrat, amb un toc subtil de dol\u00e7or i amargor que el fa ideal per gaudir com a digestiu despr\u00e9s dels \u00e0pats. <strong>Rataf\u00eda L\u2019Empordanesa<\/strong> \u00e9s perfecte per servir sola, amb gel o en c\u00f2ctels, i \u00e9s una excel\u00b7lent representaci\u00f3 de la rica tradici\u00f3 de la comarca de l&#8217;Empord\u00e0. La seva qualitat artesanal i el seu sabor \u00fanic el converteixen en una elecci\u00f3 excel\u00b7lent per a qualsevol ocasi\u00f3 especial.<\/p>\n","protected":false},"excerpt":{"rendered":"<p dir=\"ltr\">La ratafia l\u2019Empordanesa \u00e9s el reflexe del territori on es fa, a l\u2019Empord\u00e0, a la Serra de l\u2019Albera com a trets distintius de les seves notes especiades.<\/p>\n<p dir=\"ltr\">Fan per separat la maceraci\u00f3 de les nous i les herbes durant tres mesos en alcohol d\u2019alta graduaci\u00f3, passats els quals es treuen les nous i s\u2019inicia un envelliment en b\u00f3ta de roure durant 3 mesos de rep\u00f2s.<\/p>\n","protected":false},"featured_media":82376,"comment_status":"closed","ping_status":"closed","template":"","meta":{"_acf_changed":false},"pwb-brand":[],"product_brand":[],"product_cat":[51692,51719],"product_tag":[14937,15219,15227],"class_list":{"0":"post-82379","1":"product","2":"type-product","3":"status-publish","4":"has-post-thumbnail","6":"product_cat-destillats","7":"product_cat-ratafia-destillats","8":"product_tag-emporda-ca","9":"product_tag-ratafia-ca","10":"product_tag-ratafia-catalana-ca","11":"pa_bodega-masllunes","12":"pa_formatoenl-36167","13":"pa_formatoenml-38307","14":"pa_graduacion-26_0","15":"pa_pais-espanya-ca","16":"pa_pesoengramos-38342","17":"pa_pesoenkg-10-ca","18":"pa_pueblociudad-garriguellagirona","19":"pa_region-cataluna","20":"entry","21":"has-media","23":"first","24":"instock","25":"taxable","26":"shipping-taxable","27":"purchasable","28":"product-type-simple"},"acf":[],"yoast_head":"<!-- This site is optimized with the Yoast SEO Premium plugin v23.1 (Yoast SEO v23.5) - https:\/\/yoast.com\/wordpress\/plugins\/seo\/ -->\n<title>L&#039;Empordanesa Ratafia de l&#039;Empord\u00e0<\/title>\n<meta name=\"description\" content=\"Comprar online al millor preu ratafia l&#039;Empordanesa elaborada pel Celler Mas Llunes. Descompte per caixa. Ofertes. Web r\u00e0pida i segura. Viniteca. Licoreria.\" \/>\n<meta name=\"robots\" content=\"noindex, follow, max-snippet:-1, max-image-preview:large, max-video-preview:-1\" \/>\n<meta property=\"og:locale\" content=\"ca_ES\" \/>\n<meta property=\"og:type\" content=\"article\" \/>\n<meta property=\"og:title\" content=\"L&#039;Empordanesa Ratafia\" \/>\n<meta property=\"og:description\" content=\"Comprar online al millor preu ratafia l&#039;Empordanesa elaborada pel Celler Mas Llunes. Descompte per caixa. Ofertes. Web r\u00e0pida i segura. Viniteca. Licoreria.\" \/>\n<meta property=\"og:url\" content=\"https:\/\/aral2.cetrexmarketing.com\/ca\/producto\/lempordanesa-ratafia\/\" \/>\n<meta property=\"og:site_name\" content=\"M\u00f3n La Cata\" \/>\n<meta property=\"article:modified_time\" content=\"2025-05-24T08:05:54+00:00\" \/>\n<meta property=\"og:image\" content=\"https:\/\/aral2.cetrexmarketing.com\/wp-content\/uploads\/2025\/05\/ratafia-lempordanesa.jpg.png\" \/>\n\t<meta property=\"og:image:width\" content=\"765\" \/>\n\t<meta property=\"og:image:height\" content=\"1024\" \/>\n\t<meta property=\"og:image:type\" content=\"image\/png\" \/>\n<meta name=\"twitter:card\" content=\"summary_large_image\" \/>\n<meta name=\"twitter:label1\" content=\"Temps estimat de lectura\" \/>\n\t<meta name=\"twitter:data1\" content=\"1 minut\" \/>\n<script type=\"application\/ld+json\" class=\"yoast-schema-graph\">{\"@context\":\"https:\/\/schema.org\",\"@graph\":[{\"@type\":\"WebPage\",\"@id\":\"https:\/\/aral2.cetrexmarketing.com\/ca\/producto\/lempordanesa-ratafia\/\",\"url\":\"https:\/\/aral2.cetrexmarketing.com\/ca\/producto\/lempordanesa-ratafia\/\",\"name\":\"L'Empordanesa Ratafia de l'Empord\u00e0\",\"isPartOf\":{\"@id\":\"https:\/\/aral2.cetrexmarketing.com\/#website\"},\"primaryImageOfPage\":{\"@id\":\"https:\/\/aral2.cetrexmarketing.com\/ca\/producto\/lempordanesa-ratafia\/#primaryimage\"},\"image\":{\"@id\":\"https:\/\/aral2.cetrexmarketing.com\/ca\/producto\/lempordanesa-ratafia\/#primaryimage\"},\"thumbnailUrl\":\"https:\/\/aral2.cetrexmarketing.com\/wp-content\/uploads\/2025\/05\/ratafia-lempordanesa.jpg.png\",\"datePublished\":\"2025-05-24T08:05:53+00:00\",\"dateModified\":\"2025-05-24T08:05:54+00:00\",\"description\":\"Comprar online al millor preu ratafia l'Empordanesa elaborada pel Celler Mas Llunes. Descompte per caixa. Ofertes. Web r\u00e0pida i segura. Viniteca. Licoreria.\",\"breadcrumb\":{\"@id\":\"https:\/\/aral2.cetrexmarketing.com\/ca\/producto\/lempordanesa-ratafia\/#breadcrumb\"},\"inLanguage\":\"ca\",\"potentialAction\":[{\"@type\":\"ReadAction\",\"target\":[\"https:\/\/aral2.cetrexmarketing.com\/ca\/producto\/lempordanesa-ratafia\/\"]}]},{\"@type\":\"ImageObject\",\"inLanguage\":\"ca\",\"@id\":\"https:\/\/aral2.cetrexmarketing.com\/ca\/producto\/lempordanesa-ratafia\/#primaryimage\",\"url\":\"https:\/\/aral2.cetrexmarketing.com\/wp-content\/uploads\/2025\/05\/ratafia-lempordanesa.jpg.png\",\"contentUrl\":\"https:\/\/aral2.cetrexmarketing.com\/wp-content\/uploads\/2025\/05\/ratafia-lempordanesa.jpg.png\",\"width\":765,\"height\":1024},{\"@type\":\"BreadcrumbList\",\"@id\":\"https:\/\/aral2.cetrexmarketing.com\/ca\/producto\/lempordanesa-ratafia\/#breadcrumb\",\"itemListElement\":[{\"@type\":\"ListItem\",\"position\":1,\"name\":\"Home\",\"item\":\"https:\/\/aral2.cetrexmarketing.com\/ca\/\"},{\"@type\":\"ListItem\",\"position\":2,\"name\":\"Tienda\",\"item\":\"https:\/\/aral2.cetrexmarketing.com\/ca\/tienda-2\/\"},{\"@type\":\"ListItem\",\"position\":3,\"name\":\"Destil\u00b7lats\",\"item\":\"https:\/\/aral2.cetrexmarketing.com\/categoria-producto\/home-ca\/destil-lats-ca\/\"},{\"@type\":\"ListItem\",\"position\":4,\"name\":\"Ratafia\",\"item\":\"https:\/\/aral2.cetrexmarketing.com\/categoria-producto\/inicio\/destilados\/ratafia\/\"},{\"@type\":\"ListItem\",\"position\":5,\"name\":\"L&#8217;Empordanesa Ratafia\"}]},{\"@type\":\"WebSite\",\"@id\":\"https:\/\/aral2.cetrexmarketing.com\/#website\",\"url\":\"https:\/\/aral2.cetrexmarketing.com\/\",\"name\":\"M\u00f3n La Cata\",\"description\":\"Tienda de vinos, licores, cervezas y gourmet\",\"publisher\":{\"@id\":\"https:\/\/aral2.cetrexmarketing.com\/#organization\"},\"potentialAction\":[{\"@type\":\"SearchAction\",\"target\":{\"@type\":\"EntryPoint\",\"urlTemplate\":\"https:\/\/aral2.cetrexmarketing.com\/?s={search_term_string}\"},\"query-input\":{\"@type\":\"PropertyValueSpecification\",\"valueRequired\":true,\"valueName\":\"search_term_string\"}}],\"inLanguage\":\"ca\"},{\"@type\":\"Organization\",\"@id\":\"https:\/\/aral2.cetrexmarketing.com\/#organization\",\"name\":\"M\u00f3n La Cata\",\"url\":\"https:\/\/aral2.cetrexmarketing.com\/\",\"logo\":{\"@type\":\"ImageObject\",\"inLanguage\":\"ca\",\"@id\":\"https:\/\/aral2.cetrexmarketing.com\/#\/schema\/logo\/image\/\",\"url\":\"https:\/\/aral2.cetrexmarketing.com\/wp-content\/uploads\/2024\/10\/aral-logo-neg-1024x409-1.png\",\"contentUrl\":\"https:\/\/aral2.cetrexmarketing.com\/wp-content\/uploads\/2024\/10\/aral-logo-neg-1024x409-1.png\",\"width\":1024,\"height\":409,\"caption\":\"M\u00f3n La Cata\"},\"image\":{\"@id\":\"https:\/\/aral2.cetrexmarketing.com\/#\/schema\/logo\/image\/\"}}]}<\/script>\n<!-- \/ Yoast SEO Premium plugin. -->","yoast_head_json":{"title":"L'Empordanesa Ratafia de l'Empord\u00e0","description":"Comprar online al millor preu ratafia l'Empordanesa elaborada pel Celler Mas Llunes. Descompte per caixa. Ofertes. Web r\u00e0pida i segura. Viniteca. Licoreria.","robots":{"index":"noindex","follow":"follow","max-snippet":"max-snippet:-1","max-image-preview":"max-image-preview:large","max-video-preview":"max-video-preview:-1"},"og_locale":"ca_ES","og_type":"article","og_title":"L'Empordanesa Ratafia","og_description":"Comprar online al millor preu ratafia l'Empordanesa elaborada pel Celler Mas Llunes. Descompte per caixa. Ofertes. Web r\u00e0pida i segura. Viniteca. Licoreria.","og_url":"https:\/\/aral2.cetrexmarketing.com\/ca\/producto\/lempordanesa-ratafia\/","og_site_name":"M\u00f3n La Cata","article_modified_time":"2025-05-24T08:05:54+00:00","og_image":[{"width":765,"height":1024,"url":"https:\/\/aral2.cetrexmarketing.com\/wp-content\/uploads\/2025\/05\/ratafia-lempordanesa.jpg.png","type":"image\/png"}],"twitter_card":"summary_large_image","twitter_misc":{"Temps estimat de lectura":"1 minut"},"schema":{"@context":"https:\/\/schema.org","@graph":[{"@type":"WebPage","@id":"https:\/\/aral2.cetrexmarketing.com\/ca\/producto\/lempordanesa-ratafia\/","url":"https:\/\/aral2.cetrexmarketing.com\/ca\/producto\/lempordanesa-ratafia\/","name":"L'Empordanesa Ratafia de l'Empord\u00e0","isPartOf":{"@id":"https:\/\/aral2.cetrexmarketing.com\/#website"},"primaryImageOfPage":{"@id":"https:\/\/aral2.cetrexmarketing.com\/ca\/producto\/lempordanesa-ratafia\/#primaryimage"},"image":{"@id":"https:\/\/aral2.cetrexmarketing.com\/ca\/producto\/lempordanesa-ratafia\/#primaryimage"},"thumbnailUrl":"https:\/\/aral2.cetrexmarketing.com\/wp-content\/uploads\/2025\/05\/ratafia-lempordanesa.jpg.png","datePublished":"2025-05-24T08:05:53+00:00","dateModified":"2025-05-24T08:05:54+00:00","description":"Comprar online al millor preu ratafia l'Empordanesa elaborada pel Celler Mas Llunes. Descompte per caixa. Ofertes. Web r\u00e0pida i segura. Viniteca. Licoreria.","breadcrumb":{"@id":"https:\/\/aral2.cetrexmarketing.com\/ca\/producto\/lempordanesa-ratafia\/#breadcrumb"},"inLanguage":"ca","potentialAction":[{"@type":"ReadAction","target":["https:\/\/aral2.cetrexmarketing.com\/ca\/producto\/lempordanesa-ratafia\/"]}]},{"@type":"ImageObject","inLanguage":"ca","@id":"https:\/\/aral2.cetrexmarketing.com\/ca\/producto\/lempordanesa-ratafia\/#primaryimage","url":"https:\/\/aral2.cetrexmarketing.com\/wp-content\/uploads\/2025\/05\/ratafia-lempordanesa.jpg.png","contentUrl":"https:\/\/aral2.cetrexmarketing.com\/wp-content\/uploads\/2025\/05\/ratafia-lempordanesa.jpg.png","width":765,"height":1024},{"@type":"BreadcrumbList","@id":"https:\/\/aral2.cetrexmarketing.com\/ca\/producto\/lempordanesa-ratafia\/#breadcrumb","itemListElement":[{"@type":"ListItem","position":1,"name":"Home","item":"https:\/\/aral2.cetrexmarketing.com\/ca\/"},{"@type":"ListItem","position":2,"name":"Tienda","item":"https:\/\/aral2.cetrexmarketing.com\/ca\/tienda-2\/"},{"@type":"ListItem","position":3,"name":"Destil\u00b7lats","item":"https:\/\/aral2.cetrexmarketing.com\/categoria-producto\/home-ca\/destil-lats-ca\/"},{"@type":"ListItem","position":4,"name":"Ratafia","item":"https:\/\/aral2.cetrexmarketing.com\/categoria-producto\/inicio\/destilados\/ratafia\/"},{"@type":"ListItem","position":5,"name":"L&#8217;Empordanesa Ratafia"}]},{"@type":"WebSite","@id":"https:\/\/aral2.cetrexmarketing.com\/#website","url":"https:\/\/aral2.cetrexmarketing.com\/","name":"M\u00f3n La Cata","description":"Tienda de vinos, licores, cervezas y gourmet","publisher":{"@id":"https:\/\/aral2.cetrexmarketing.com\/#organization"},"potentialAction":[{"@type":"SearchAction","target":{"@type":"EntryPoint","urlTemplate":"https:\/\/aral2.cetrexmarketing.com\/?s={search_term_string}"},"query-input":{"@type":"PropertyValueSpecification","valueRequired":true,"valueName":"search_term_string"}}],"inLanguage":"ca"},{"@type":"Organization","@id":"https:\/\/aral2.cetrexmarketing.com\/#organization","name":"M\u00f3n La Cata","url":"https:\/\/aral2.cetrexmarketing.com\/","logo":{"@type":"ImageObject","inLanguage":"ca","@id":"https:\/\/aral2.cetrexmarketing.com\/#\/schema\/logo\/image\/","url":"https:\/\/aral2.cetrexmarketing.com\/wp-content\/uploads\/2024\/10\/aral-logo-neg-1024x409-1.png","contentUrl":"https:\/\/aral2.cetrexmarketing.com\/wp-content\/uploads\/2024\/10\/aral-logo-neg-1024x409-1.png","width":1024,"height":409,"caption":"M\u00f3n La Cata"},"image":{"@id":"https:\/\/aral2.cetrexmarketing.com\/#\/schema\/logo\/image\/"}}]}},"brands":[],"_links":{"self":[{"href":"https:\/\/aral2.cetrexmarketing.com\/ca\/wp-json\/wp\/v2\/product\/82379","targetHints":{"allow":["GET"]}}],"collection":[{"href":"https:\/\/aral2.cetrexmarketing.com\/ca\/wp-json\/wp\/v2\/product"}],"about":[{"href":"https:\/\/aral2.cetrexmarketing.com\/ca\/wp-json\/wp\/v2\/types\/product"}],"replies":[{"embeddable":true,"href":"https:\/\/aral2.cetrexmarketing.com\/ca\/wp-json\/wp\/v2\/comments?post=82379"}],"wp:featuredmedia":[{"embeddable":true,"href":"https:\/\/aral2.cetrexmarketing.com\/ca\/wp-json\/wp\/v2\/media\/82376"}],"wp:attachment":[{"href":"https:\/\/aral2.cetrexmarketing.com\/ca\/wp-json\/wp\/v2\/media?parent=82379"}],"wp:term":[{"taxonomy":"pwb-brand","embeddable":true,"href":"https:\/\/aral2.cetrexmarketing.com\/ca\/wp-json\/wp\/v2\/pwb-brand?post=82379"},{"taxonomy":"product_brand","embeddable":true,"href":"https:\/\/aral2.cetrexmarketing.com\/ca\/wp-json\/wp\/v2\/product_brand?post=82379"},{"taxonomy":"product_cat","embeddable":true,"href":"https:\/\/aral2.cetrexmarketing.com\/ca\/wp-json\/wp\/v2\/product_cat?post=82379"},{"taxonomy":"product_tag","embeddable":true,"href":"https:\/\/aral2.cetrexmarketing.com\/ca\/wp-json\/wp\/v2\/product_tag?post=82379"}],"curies":[{"name":"wp","href":"https:\/\/api.w.org\/{rel}","templated":true}]}}