{"id":82302,"date":"2025-05-24T08:04:15","date_gmt":"2025-05-24T08:04:15","guid":{"rendered":"https:\/\/aral2.cetrexmarketing.com\/producto\/alta-alella-pansa-blanca-2\/"},"modified":"2025-05-24T08:04:16","modified_gmt":"2025-05-24T08:04:16","slug":"alta-alella-pansa-blanca-2","status":"publish","type":"product","link":"https:\/\/aral2.cetrexmarketing.com\/ca\/producto\/alta-alella-pansa-blanca-2\/","title":{"rendered":"Alta Alella Pansa Blanca"},"content":{"rendered":"<p>Alta Alella Pansa Blanca<\/p>\n<p>Entrada voluminosa i dolcenca, amb un pas per boca fresc, recordant les aromes de fruita blanca madura amb un punt sal\u00ed, bona acidesa i postgust persistent.<\/p>\n<p>Aromes a pera i poma, un refons d\u2019ametlles verdes, fonoll i llimona madura.<\/p>\n","protected":false},"excerpt":{"rendered":"<p dir=\"ltr\">Com el seu nom indica \u00e9s un vi fet de Pansa Blanca, la varietat reina de la DO Alella.<\/p>\n<p dir=\"ltr\">Entrada voluminosa i dolcenca, amb un pas per boca fresc, recordant les aromes de fruita blanca madura amb un punt sal\u00ed. Aromes a pera i poma, un refons d\u2019ametlles verdes, fonoll i llimona madura.<\/p>\n<p dir=\"ltr\">Agricultura ecol\u00f2gica.<\/p>\n<p dir=\"ltr\">\u00c9s un vi fresc i divertit, el vi perfecte per un aperitiu o una amanida.<\/p>\n","protected":false},"featured_media":82299,"comment_status":"closed","ping_status":"closed","template":"","meta":{"_acf_changed":false},"pwb-brand":[32865,32868],"product_brand":[],"product_cat":[51670,51672],"product_tag":[15864,14881,15051],"class_list":{"0":"post-82302","1":"product","2":"type-product","3":"status-publish","4":"has-post-thumbnail","6":"pwb-brand-alella-d-o","7":"pwb-brand-ca-altaalella-mirgin-ca","8":"product_cat-vi","9":"product_cat-vi-blanc","10":"product_tag-alta-alella-pansa-blanca-ca","11":"product_tag-do-alella-ca","12":"product_tag-pansa-blanca-ca","13":"pa_anada-51681","14":"pa_bodega-altaalella","15":"pa_do-alellado-ca","16":"pa_ecologico-vegano-natural-ecologic","17":"pa_envejecimiento-jove","18":"pa_formatoenml-38306","19":"pa_fresco-blanc-fresc","20":"pa_graduacion-12_5","21":"pa_maridaje-formatge-cremos","22":"pa_maridaje-formatge-curat","23":"pa_maridaje-marisc","24":"pa_maridaje-peix","25":"pa_maridaje-verdures","26":"pa_pais-espanya-ca","27":"pa_region-cataluna","28":"pa_tipodevino-vi-tranquil","29":"pa_variedad-principal-pansa-blanca-ca","30":"entry","31":"has-media","33":"first","34":"instock","35":"taxable","36":"shipping-taxable","37":"purchasable","38":"product-type-simple"},"acf":[],"yoast_head":"<!-- This site is optimized with the Yoast SEO Premium plugin v23.1 (Yoast SEO v23.5) - https:\/\/yoast.com\/wordpress\/plugins\/seo\/ -->\n<title>Alta Alella Pansa Blanca<\/title>\n<meta name=\"description\" content=\"Compra el vi blanc Alta Alella Pansa Blanca, de la DO Alella. Enviament Expr\u00e9s. Afruitat, sal\u00ed, fresc i un punt dolcenc. La teva viniteca de confian\u00e7a.\" \/>\n<meta name=\"robots\" content=\"noindex, follow, max-snippet:-1, max-image-preview:large, max-video-preview:-1\" \/>\n<meta property=\"og:locale\" content=\"ca_ES\" \/>\n<meta property=\"og:type\" content=\"article\" \/>\n<meta property=\"og:title\" content=\"Alta Alella Pansa Blanca\" \/>\n<meta property=\"og:description\" content=\"Compra el vi blanc Alta Alella Pansa Blanca, de la DO Alella. Enviament Expr\u00e9s. Afruitat, sal\u00ed, fresc i un punt dolcenc. La teva viniteca de confian\u00e7a.\" \/>\n<meta property=\"og:url\" content=\"https:\/\/aral2.cetrexmarketing.com\/ca\/producto\/alta-alella-pansa-blanca-2\/\" \/>\n<meta property=\"og:site_name\" content=\"M\u00f3n La Cata\" \/>\n<meta property=\"article:modified_time\" content=\"2025-05-24T08:04:16+00:00\" \/>\n<meta property=\"og:image\" content=\"https:\/\/aral2.cetrexmarketing.com\/wp-content\/uploads\/2025\/05\/ALTA-ALELLA-PANSA-BLANCA.jpg.png\" \/>\n\t<meta property=\"og:image:width\" content=\"765\" \/>\n\t<meta property=\"og:image:height\" content=\"1024\" \/>\n\t<meta property=\"og:image:type\" content=\"image\/png\" \/>\n<meta name=\"twitter:card\" content=\"summary_large_image\" \/>\n<meta name=\"twitter:label1\" content=\"Temps estimat de lectura\" \/>\n\t<meta name=\"twitter:data1\" content=\"1 minut\" \/>\n<script type=\"application\/ld+json\" class=\"yoast-schema-graph\">{\"@context\":\"https:\/\/schema.org\",\"@graph\":[{\"@type\":\"WebPage\",\"@id\":\"https:\/\/aral2.cetrexmarketing.com\/ca\/producto\/alta-alella-pansa-blanca-2\/\",\"url\":\"https:\/\/aral2.cetrexmarketing.com\/ca\/producto\/alta-alella-pansa-blanca-2\/\",\"name\":\"Alta Alella Pansa Blanca\",\"isPartOf\":{\"@id\":\"https:\/\/aral2.cetrexmarketing.com\/#website\"},\"primaryImageOfPage\":{\"@id\":\"https:\/\/aral2.cetrexmarketing.com\/ca\/producto\/alta-alella-pansa-blanca-2\/#primaryimage\"},\"image\":{\"@id\":\"https:\/\/aral2.cetrexmarketing.com\/ca\/producto\/alta-alella-pansa-blanca-2\/#primaryimage\"},\"thumbnailUrl\":\"https:\/\/aral2.cetrexmarketing.com\/wp-content\/uploads\/2025\/05\/ALTA-ALELLA-PANSA-BLANCA.jpg.png\",\"datePublished\":\"2025-05-24T08:04:15+00:00\",\"dateModified\":\"2025-05-24T08:04:16+00:00\",\"description\":\"Compra el vi blanc Alta Alella Pansa Blanca, de la DO Alella. Enviament Expr\u00e9s. Afruitat, sal\u00ed, fresc i un punt dolcenc. La teva viniteca de confian\u00e7a.\",\"breadcrumb\":{\"@id\":\"https:\/\/aral2.cetrexmarketing.com\/ca\/producto\/alta-alella-pansa-blanca-2\/#breadcrumb\"},\"inLanguage\":\"ca\",\"potentialAction\":[{\"@type\":\"ReadAction\",\"target\":[\"https:\/\/aral2.cetrexmarketing.com\/ca\/producto\/alta-alella-pansa-blanca-2\/\"]}]},{\"@type\":\"ImageObject\",\"inLanguage\":\"ca\",\"@id\":\"https:\/\/aral2.cetrexmarketing.com\/ca\/producto\/alta-alella-pansa-blanca-2\/#primaryimage\",\"url\":\"https:\/\/aral2.cetrexmarketing.com\/wp-content\/uploads\/2025\/05\/ALTA-ALELLA-PANSA-BLANCA.jpg.png\",\"contentUrl\":\"https:\/\/aral2.cetrexmarketing.com\/wp-content\/uploads\/2025\/05\/ALTA-ALELLA-PANSA-BLANCA.jpg.png\",\"width\":765,\"height\":1024},{\"@type\":\"BreadcrumbList\",\"@id\":\"https:\/\/aral2.cetrexmarketing.com\/ca\/producto\/alta-alella-pansa-blanca-2\/#breadcrumb\",\"itemListElement\":[{\"@type\":\"ListItem\",\"position\":1,\"name\":\"Home\",\"item\":\"https:\/\/aral2.cetrexmarketing.com\/ca\/\"},{\"@type\":\"ListItem\",\"position\":2,\"name\":\"Tienda\",\"item\":\"https:\/\/aral2.cetrexmarketing.com\/ca\/tienda-2\/\"},{\"@type\":\"ListItem\",\"position\":3,\"name\":\"Vi\",\"item\":\"https:\/\/aral2.cetrexmarketing.com\/categoria-producto\/vi\/\"},{\"@type\":\"ListItem\",\"position\":4,\"name\":\"Vi Blanc\",\"item\":\"https:\/\/aral2.cetrexmarketing.com\/categoria-producto\/vi\/vi-blanc\/\"},{\"@type\":\"ListItem\",\"position\":5,\"name\":\"Alta Alella Pansa Blanca\"}]},{\"@type\":\"WebSite\",\"@id\":\"https:\/\/aral2.cetrexmarketing.com\/#website\",\"url\":\"https:\/\/aral2.cetrexmarketing.com\/\",\"name\":\"M\u00f3n La Cata\",\"description\":\"Tienda de vinos, licores, cervezas y gourmet\",\"publisher\":{\"@id\":\"https:\/\/aral2.cetrexmarketing.com\/#organization\"},\"potentialAction\":[{\"@type\":\"SearchAction\",\"target\":{\"@type\":\"EntryPoint\",\"urlTemplate\":\"https:\/\/aral2.cetrexmarketing.com\/?s={search_term_string}\"},\"query-input\":{\"@type\":\"PropertyValueSpecification\",\"valueRequired\":true,\"valueName\":\"search_term_string\"}}],\"inLanguage\":\"ca\"},{\"@type\":\"Organization\",\"@id\":\"https:\/\/aral2.cetrexmarketing.com\/#organization\",\"name\":\"M\u00f3n La Cata\",\"url\":\"https:\/\/aral2.cetrexmarketing.com\/\",\"logo\":{\"@type\":\"ImageObject\",\"inLanguage\":\"ca\",\"@id\":\"https:\/\/aral2.cetrexmarketing.com\/#\/schema\/logo\/image\/\",\"url\":\"https:\/\/aral2.cetrexmarketing.com\/wp-content\/uploads\/2024\/10\/aral-logo-neg-1024x409-1.png\",\"contentUrl\":\"https:\/\/aral2.cetrexmarketing.com\/wp-content\/uploads\/2024\/10\/aral-logo-neg-1024x409-1.png\",\"width\":1024,\"height\":409,\"caption\":\"M\u00f3n La Cata\"},\"image\":{\"@id\":\"https:\/\/aral2.cetrexmarketing.com\/#\/schema\/logo\/image\/\"}}]}<\/script>\n<!-- \/ Yoast SEO Premium plugin. -->","yoast_head_json":{"title":"Alta Alella Pansa Blanca","description":"Compra el vi blanc Alta Alella Pansa Blanca, de la DO Alella. Enviament Expr\u00e9s. Afruitat, sal\u00ed, fresc i un punt dolcenc. La teva viniteca de confian\u00e7a.","robots":{"index":"noindex","follow":"follow","max-snippet":"max-snippet:-1","max-image-preview":"max-image-preview:large","max-video-preview":"max-video-preview:-1"},"og_locale":"ca_ES","og_type":"article","og_title":"Alta Alella Pansa Blanca","og_description":"Compra el vi blanc Alta Alella Pansa Blanca, de la DO Alella. Enviament Expr\u00e9s. Afruitat, sal\u00ed, fresc i un punt dolcenc. La teva viniteca de confian\u00e7a.","og_url":"https:\/\/aral2.cetrexmarketing.com\/ca\/producto\/alta-alella-pansa-blanca-2\/","og_site_name":"M\u00f3n La Cata","article_modified_time":"2025-05-24T08:04:16+00:00","og_image":[{"width":765,"height":1024,"url":"https:\/\/aral2.cetrexmarketing.com\/wp-content\/uploads\/2025\/05\/ALTA-ALELLA-PANSA-BLANCA.jpg.png","type":"image\/png"}],"twitter_card":"summary_large_image","twitter_misc":{"Temps estimat de lectura":"1 minut"},"schema":{"@context":"https:\/\/schema.org","@graph":[{"@type":"WebPage","@id":"https:\/\/aral2.cetrexmarketing.com\/ca\/producto\/alta-alella-pansa-blanca-2\/","url":"https:\/\/aral2.cetrexmarketing.com\/ca\/producto\/alta-alella-pansa-blanca-2\/","name":"Alta Alella Pansa Blanca","isPartOf":{"@id":"https:\/\/aral2.cetrexmarketing.com\/#website"},"primaryImageOfPage":{"@id":"https:\/\/aral2.cetrexmarketing.com\/ca\/producto\/alta-alella-pansa-blanca-2\/#primaryimage"},"image":{"@id":"https:\/\/aral2.cetrexmarketing.com\/ca\/producto\/alta-alella-pansa-blanca-2\/#primaryimage"},"thumbnailUrl":"https:\/\/aral2.cetrexmarketing.com\/wp-content\/uploads\/2025\/05\/ALTA-ALELLA-PANSA-BLANCA.jpg.png","datePublished":"2025-05-24T08:04:15+00:00","dateModified":"2025-05-24T08:04:16+00:00","description":"Compra el vi blanc Alta Alella Pansa Blanca, de la DO Alella. Enviament Expr\u00e9s. Afruitat, sal\u00ed, fresc i un punt dolcenc. La teva viniteca de confian\u00e7a.","breadcrumb":{"@id":"https:\/\/aral2.cetrexmarketing.com\/ca\/producto\/alta-alella-pansa-blanca-2\/#breadcrumb"},"inLanguage":"ca","potentialAction":[{"@type":"ReadAction","target":["https:\/\/aral2.cetrexmarketing.com\/ca\/producto\/alta-alella-pansa-blanca-2\/"]}]},{"@type":"ImageObject","inLanguage":"ca","@id":"https:\/\/aral2.cetrexmarketing.com\/ca\/producto\/alta-alella-pansa-blanca-2\/#primaryimage","url":"https:\/\/aral2.cetrexmarketing.com\/wp-content\/uploads\/2025\/05\/ALTA-ALELLA-PANSA-BLANCA.jpg.png","contentUrl":"https:\/\/aral2.cetrexmarketing.com\/wp-content\/uploads\/2025\/05\/ALTA-ALELLA-PANSA-BLANCA.jpg.png","width":765,"height":1024},{"@type":"BreadcrumbList","@id":"https:\/\/aral2.cetrexmarketing.com\/ca\/producto\/alta-alella-pansa-blanca-2\/#breadcrumb","itemListElement":[{"@type":"ListItem","position":1,"name":"Home","item":"https:\/\/aral2.cetrexmarketing.com\/ca\/"},{"@type":"ListItem","position":2,"name":"Tienda","item":"https:\/\/aral2.cetrexmarketing.com\/ca\/tienda-2\/"},{"@type":"ListItem","position":3,"name":"Vi","item":"https:\/\/aral2.cetrexmarketing.com\/categoria-producto\/vi\/"},{"@type":"ListItem","position":4,"name":"Vi Blanc","item":"https:\/\/aral2.cetrexmarketing.com\/categoria-producto\/vi\/vi-blanc\/"},{"@type":"ListItem","position":5,"name":"Alta Alella Pansa Blanca"}]},{"@type":"WebSite","@id":"https:\/\/aral2.cetrexmarketing.com\/#website","url":"https:\/\/aral2.cetrexmarketing.com\/","name":"M\u00f3n La Cata","description":"Tienda de vinos, licores, cervezas y gourmet","publisher":{"@id":"https:\/\/aral2.cetrexmarketing.com\/#organization"},"potentialAction":[{"@type":"SearchAction","target":{"@type":"EntryPoint","urlTemplate":"https:\/\/aral2.cetrexmarketing.com\/?s={search_term_string}"},"query-input":{"@type":"PropertyValueSpecification","valueRequired":true,"valueName":"search_term_string"}}],"inLanguage":"ca"},{"@type":"Organization","@id":"https:\/\/aral2.cetrexmarketing.com\/#organization","name":"M\u00f3n La Cata","url":"https:\/\/aral2.cetrexmarketing.com\/","logo":{"@type":"ImageObject","inLanguage":"ca","@id":"https:\/\/aral2.cetrexmarketing.com\/#\/schema\/logo\/image\/","url":"https:\/\/aral2.cetrexmarketing.com\/wp-content\/uploads\/2024\/10\/aral-logo-neg-1024x409-1.png","contentUrl":"https:\/\/aral2.cetrexmarketing.com\/wp-content\/uploads\/2024\/10\/aral-logo-neg-1024x409-1.png","width":1024,"height":409,"caption":"M\u00f3n La Cata"},"image":{"@id":"https:\/\/aral2.cetrexmarketing.com\/#\/schema\/logo\/image\/"}}]}},"brands":[{"id":32865,"name":"Alella D.O.","slug":"alella-d-o"},{"id":32868,"name":"Alta Alella - Mirgin","slug":"ca-altaalella-mirgin-ca"}],"_links":{"self":[{"href":"https:\/\/aral2.cetrexmarketing.com\/ca\/wp-json\/wp\/v2\/product\/82302","targetHints":{"allow":["GET"]}}],"collection":[{"href":"https:\/\/aral2.cetrexmarketing.com\/ca\/wp-json\/wp\/v2\/product"}],"about":[{"href":"https:\/\/aral2.cetrexmarketing.com\/ca\/wp-json\/wp\/v2\/types\/product"}],"replies":[{"embeddable":true,"href":"https:\/\/aral2.cetrexmarketing.com\/ca\/wp-json\/wp\/v2\/comments?post=82302"}],"wp:featuredmedia":[{"embeddable":true,"href":"https:\/\/aral2.cetrexmarketing.com\/ca\/wp-json\/wp\/v2\/media\/82299"}],"wp:attachment":[{"href":"https:\/\/aral2.cetrexmarketing.com\/ca\/wp-json\/wp\/v2\/media?parent=82302"}],"wp:term":[{"taxonomy":"pwb-brand","embeddable":true,"href":"https:\/\/aral2.cetrexmarketing.com\/ca\/wp-json\/wp\/v2\/pwb-brand?post=82302"},{"taxonomy":"product_brand","embeddable":true,"href":"https:\/\/aral2.cetrexmarketing.com\/ca\/wp-json\/wp\/v2\/product_brand?post=82302"},{"taxonomy":"product_cat","embeddable":true,"href":"https:\/\/aral2.cetrexmarketing.com\/ca\/wp-json\/wp\/v2\/product_cat?post=82302"},{"taxonomy":"product_tag","embeddable":true,"href":"https:\/\/aral2.cetrexmarketing.com\/ca\/wp-json\/wp\/v2\/product_tag?post=82302"}],"curies":[{"name":"wp","href":"https:\/\/api.w.org\/{rel}","templated":true}]}}