{"id":82200,"date":"2025-05-24T08:02:19","date_gmt":"2025-05-24T08:02:19","guid":{"rendered":"https:\/\/aral2.cetrexmarketing.com\/producto\/llagrimes-de-tardor-blanc\/"},"modified":"2025-05-24T08:02:20","modified_gmt":"2025-05-24T08:02:20","slug":"llagrimes-de-tardor-blanc","status":"publish","type":"product","link":"https:\/\/aral2.cetrexmarketing.com\/ca\/producto\/llagrimes-de-tardor-blanc\/","title":{"rendered":"Ll\u00e0grimes de Tardor Blanc"},"content":{"rendered":"<p data-start=\"0\" data-end=\"372\"><strong data-start=\"0\" data-end=\"28\">Ll\u00e0grimes de Tardor Blanc<\/strong> \u00e9s un vi elaborat a la <strong data-start=\"52\" data-end=\"69\">DO Terra Alta<\/strong>, una regi\u00f3 vin\u00edcola de Catalunya reconeguda per la seva tradici\u00f3 en la producci\u00f3 de <strong data-start=\"154\" data-end=\"195\">vins blancs expressius i estructurats<\/strong>. La <strong data-start=\"200\" data-end=\"226\">bodega Sant Josep Vins<\/strong>, productora d\u2019aquest vi, es caracteritza per un treball <strong data-start=\"283\" data-end=\"310\">respectu\u00f3s amb la terra<\/strong> i per potenciar la identitat de les <strong data-start=\"347\" data-end=\"371\">varietats aut\u00f2ctones<\/strong>.<\/p>\n<h3 data-start=\"374\" data-end=\"406\"><strong data-start=\"378\" data-end=\"406\">Caracter\u00edstiques del Vi:<\/strong><\/h3>\n<ul data-start=\"407\" data-end=\"892\">\n<li data-start=\"407\" data-end=\"434\"><strong data-start=\"409\" data-end=\"419\">Tipus:<\/strong> Vi blanc sec<\/li>\n<li data-start=\"435\" data-end=\"485\"><strong data-start=\"437\" data-end=\"458\">Varietat de ra\u00efm:<\/strong> <strong data-start=\"459\" data-end=\"483\">100% Garnatxa Blanca<\/strong><\/li>\n<li data-start=\"486\" data-end=\"548\"><strong data-start=\"488\" data-end=\"504\">Cata visual:<\/strong> <strong data-start=\"505\" data-end=\"529\">Color daurat p\u00e0l\u00b7lid<\/strong>, net i brillant.<\/li>\n<li data-start=\"549\" data-end=\"689\"><strong data-start=\"551\" data-end=\"561\">Aroma:<\/strong> Notes intenses de <strong data-start=\"580\" data-end=\"600\">fruites blanques<\/strong> (pera, poma), amb tocs de <strong data-start=\"627\" data-end=\"645\">flors blanques<\/strong>, <strong data-start=\"647\" data-end=\"659\">ametlles<\/strong> i <strong data-start=\"662\" data-end=\"686\">herbes mediterr\u00e0nies<\/strong>.<\/li>\n<li data-start=\"690\" data-end=\"814\"><strong data-start=\"692\" data-end=\"702\">Sabor:<\/strong> <strong data-start=\"703\" data-end=\"725\">Fresc i equilibrat<\/strong>, amb una <strong data-start=\"735\" data-end=\"754\">bona estructura<\/strong>, una <strong data-start=\"760\" data-end=\"776\">acidesa suau<\/strong> i un <strong data-start=\"782\" data-end=\"811\">retrogust llarg i mineral<\/strong>.<\/li>\n<li data-start=\"815\" data-end=\"892\"><strong data-start=\"817\" data-end=\"827\">Final:<\/strong> <strong data-start=\"828\" data-end=\"852\">Elegant i persistent<\/strong>, amb matisos <strong data-start=\"866\" data-end=\"889\">afruitats i florals<\/strong>.<\/li>\n<\/ul>\n<h3 data-start=\"894\" data-end=\"926\"><strong data-start=\"898\" data-end=\"924\">Temperatura de Servei:<\/strong><\/h3>\n<p data-start=\"927\" data-end=\"1027\">Es recomana servir entre <strong data-start=\"952\" data-end=\"962\">8-10\u00b0C<\/strong> per ressaltar la seva <strong data-start=\"985\" data-end=\"996\">frescor<\/strong> i <strong data-start=\"999\" data-end=\"1024\">complexitat arom\u00e0tica<\/strong>.<\/p>\n<h3 data-start=\"1029\" data-end=\"1049\"><strong data-start=\"1033\" data-end=\"1047\">Conclusi\u00f3:<\/strong><\/h3>\n<p data-start=\"1050\" data-end=\"1345\" data-is-last-node=\"\" data-is-only-node=\"\">El <strong data-start=\"1053\" data-end=\"1081\">Ll\u00e0grimes de Tardor Blanc<\/strong> \u00e9s un vi <strong data-start=\"1091\" data-end=\"1125\">sofisticat, fresc i equilibrat<\/strong>, que expressa la <strong data-start=\"1143\" data-end=\"1169\">personalitat aut\u00e8ntica<\/strong> de la <strong data-start=\"1176\" data-end=\"1212\">Garnatxa Blanca de la Terra Alta<\/strong>. La seva <strong data-start=\"1222\" data-end=\"1238\">versatilitat<\/strong> el fa una excel\u00b7lent opci\u00f3 tant per acompanyar <strong data-start=\"1286\" data-end=\"1304\">\u00e0pats lleugers<\/strong>com per gaudir en <strong data-start=\"1323\" data-end=\"1344\">moments especials<\/strong>.<\/p>\n","protected":false},"excerpt":{"rendered":"<p>9 mesos botes noves roure franc\u00e8s<\/p>\n","protected":false},"featured_media":82197,"comment_status":"closed","ping_status":"closed","template":"","meta":{"_acf_changed":false},"pwb-brand":[44972,32913],"product_brand":[],"product_cat":[51670,51672],"product_tag":[38816,15016,15210],"class_list":{"0":"post-82200","1":"product","2":"type-product","3":"status-publish","4":"has-post-thumbnail","6":"pwb-brand-agricola-sant-josep","7":"pwb-brand-terra-alta-d-o","8":"product_cat-vi","9":"product_cat-vi-blanc","10":"product_tag-blanc-terra-alta","11":"product_tag-d-o-terra-alta-ca","12":"product_tag-llagrimes-de-tardor-ca","13":"pa_anada-36214","14":"pa_bodega-agricola-sant-josep","15":"pa_do-terra-alta-d-o-ca","16":"pa_ecologico-vegano-natural-vega","17":"pa_formatoenml-38306","18":"pa_gastronomico-blanc-gastronomic","19":"pa_graduacion-13_5","20":"pa_maridaje-carn-blanca","21":"pa_maridaje-formatge-curat","22":"pa_maridaje-midons","23":"pa_maridaje-peix","24":"pa_pueblociudad-bottarragona","25":"pa_variedad-principal-garnatxa-blanca","26":"entry","27":"has-media","29":"first","30":"instock","31":"taxable","32":"shipping-taxable","33":"purchasable","34":"product-type-simple"},"acf":[],"yoast_head":"<!-- This site is optimized with the Yoast SEO Premium plugin v23.1 (Yoast SEO v23.5) - https:\/\/yoast.com\/wordpress\/plugins\/seo\/ -->\n<title>Ll\u00e0grimes de Tardor Blanc vi de la DO Terra Alta<\/title>\n<meta name=\"description\" content=\"Comprar online al millor preu el vi blanc Ll\u00e0grimes de Tardor 75cl de la DO Terra Alta. Viniteca. Licoreria. Productes gourmet. Alimentaci\u00f3. Descomptes. Ofertes\" \/>\n<meta name=\"robots\" content=\"noindex, follow, max-snippet:-1, max-image-preview:large, max-video-preview:-1\" \/>\n<meta property=\"og:locale\" content=\"ca_ES\" \/>\n<meta property=\"og:type\" content=\"article\" \/>\n<meta property=\"og:title\" content=\"Ll\u00e0grimes de Tardor Blanc\" \/>\n<meta property=\"og:description\" content=\"Comprar online al millor preu el vi blanc Ll\u00e0grimes de Tardor 75cl de la DO Terra Alta. Viniteca. Licoreria. Productes gourmet. Alimentaci\u00f3. Descomptes. Ofertes\" \/>\n<meta property=\"og:url\" content=\"https:\/\/aral2.cetrexmarketing.com\/ca\/producto\/llagrimes-de-tardor-blanc\/\" \/>\n<meta property=\"og:site_name\" content=\"M\u00f3n La Cata\" \/>\n<meta property=\"article:modified_time\" content=\"2025-05-24T08:02:20+00:00\" \/>\n<meta property=\"og:image\" content=\"https:\/\/aral2.cetrexmarketing.com\/wp-content\/uploads\/2025\/05\/Llagrimes-de-Tardor-Blanco.jpg.png\" \/>\n\t<meta property=\"og:image:width\" content=\"765\" \/>\n\t<meta property=\"og:image:height\" content=\"1024\" \/>\n\t<meta property=\"og:image:type\" content=\"image\/png\" \/>\n<meta name=\"twitter:card\" content=\"summary_large_image\" \/>\n<meta name=\"twitter:label1\" content=\"Temps estimat de lectura\" \/>\n\t<meta name=\"twitter:data1\" content=\"2 minuts\" \/>\n<script type=\"application\/ld+json\" class=\"yoast-schema-graph\">{\"@context\":\"https:\/\/schema.org\",\"@graph\":[{\"@type\":\"WebPage\",\"@id\":\"https:\/\/aral2.cetrexmarketing.com\/ca\/producto\/llagrimes-de-tardor-blanc\/\",\"url\":\"https:\/\/aral2.cetrexmarketing.com\/ca\/producto\/llagrimes-de-tardor-blanc\/\",\"name\":\"Ll\u00e0grimes de Tardor Blanc vi de la DO Terra Alta\",\"isPartOf\":{\"@id\":\"https:\/\/aral2.cetrexmarketing.com\/#website\"},\"primaryImageOfPage\":{\"@id\":\"https:\/\/aral2.cetrexmarketing.com\/ca\/producto\/llagrimes-de-tardor-blanc\/#primaryimage\"},\"image\":{\"@id\":\"https:\/\/aral2.cetrexmarketing.com\/ca\/producto\/llagrimes-de-tardor-blanc\/#primaryimage\"},\"thumbnailUrl\":\"https:\/\/aral2.cetrexmarketing.com\/wp-content\/uploads\/2025\/05\/Llagrimes-de-Tardor-Blanco.jpg.png\",\"datePublished\":\"2025-05-24T08:02:19+00:00\",\"dateModified\":\"2025-05-24T08:02:20+00:00\",\"description\":\"Comprar online al millor preu el vi blanc Ll\u00e0grimes de Tardor 75cl de la DO Terra Alta. Viniteca. Licoreria. Productes gourmet. Alimentaci\u00f3. Descomptes. Ofertes\",\"breadcrumb\":{\"@id\":\"https:\/\/aral2.cetrexmarketing.com\/ca\/producto\/llagrimes-de-tardor-blanc\/#breadcrumb\"},\"inLanguage\":\"ca\",\"potentialAction\":[{\"@type\":\"ReadAction\",\"target\":[\"https:\/\/aral2.cetrexmarketing.com\/ca\/producto\/llagrimes-de-tardor-blanc\/\"]}]},{\"@type\":\"ImageObject\",\"inLanguage\":\"ca\",\"@id\":\"https:\/\/aral2.cetrexmarketing.com\/ca\/producto\/llagrimes-de-tardor-blanc\/#primaryimage\",\"url\":\"https:\/\/aral2.cetrexmarketing.com\/wp-content\/uploads\/2025\/05\/Llagrimes-de-Tardor-Blanco.jpg.png\",\"contentUrl\":\"https:\/\/aral2.cetrexmarketing.com\/wp-content\/uploads\/2025\/05\/Llagrimes-de-Tardor-Blanco.jpg.png\",\"width\":765,\"height\":1024},{\"@type\":\"BreadcrumbList\",\"@id\":\"https:\/\/aral2.cetrexmarketing.com\/ca\/producto\/llagrimes-de-tardor-blanc\/#breadcrumb\",\"itemListElement\":[{\"@type\":\"ListItem\",\"position\":1,\"name\":\"Home\",\"item\":\"https:\/\/aral2.cetrexmarketing.com\/ca\/\"},{\"@type\":\"ListItem\",\"position\":2,\"name\":\"Tienda\",\"item\":\"https:\/\/aral2.cetrexmarketing.com\/ca\/tienda-2\/\"},{\"@type\":\"ListItem\",\"position\":3,\"name\":\"Vi\",\"item\":\"https:\/\/aral2.cetrexmarketing.com\/categoria-producto\/vi\/\"},{\"@type\":\"ListItem\",\"position\":4,\"name\":\"Vi Blanc\",\"item\":\"https:\/\/aral2.cetrexmarketing.com\/categoria-producto\/vi\/vi-blanc\/\"},{\"@type\":\"ListItem\",\"position\":5,\"name\":\"Ll\u00e0grimes de Tardor Blanc\"}]},{\"@type\":\"WebSite\",\"@id\":\"https:\/\/aral2.cetrexmarketing.com\/#website\",\"url\":\"https:\/\/aral2.cetrexmarketing.com\/\",\"name\":\"M\u00f3n La Cata\",\"description\":\"Tienda de vinos, licores, cervezas y gourmet\",\"publisher\":{\"@id\":\"https:\/\/aral2.cetrexmarketing.com\/#organization\"},\"potentialAction\":[{\"@type\":\"SearchAction\",\"target\":{\"@type\":\"EntryPoint\",\"urlTemplate\":\"https:\/\/aral2.cetrexmarketing.com\/?s={search_term_string}\"},\"query-input\":{\"@type\":\"PropertyValueSpecification\",\"valueRequired\":true,\"valueName\":\"search_term_string\"}}],\"inLanguage\":\"ca\"},{\"@type\":\"Organization\",\"@id\":\"https:\/\/aral2.cetrexmarketing.com\/#organization\",\"name\":\"M\u00f3n La Cata\",\"url\":\"https:\/\/aral2.cetrexmarketing.com\/\",\"logo\":{\"@type\":\"ImageObject\",\"inLanguage\":\"ca\",\"@id\":\"https:\/\/aral2.cetrexmarketing.com\/#\/schema\/logo\/image\/\",\"url\":\"https:\/\/aral2.cetrexmarketing.com\/wp-content\/uploads\/2024\/10\/aral-logo-neg-1024x409-1.png\",\"contentUrl\":\"https:\/\/aral2.cetrexmarketing.com\/wp-content\/uploads\/2024\/10\/aral-logo-neg-1024x409-1.png\",\"width\":1024,\"height\":409,\"caption\":\"M\u00f3n La Cata\"},\"image\":{\"@id\":\"https:\/\/aral2.cetrexmarketing.com\/#\/schema\/logo\/image\/\"}}]}<\/script>\n<!-- \/ Yoast SEO Premium plugin. -->","yoast_head_json":{"title":"Ll\u00e0grimes de Tardor Blanc vi de la DO Terra Alta","description":"Comprar online al millor preu el vi blanc Ll\u00e0grimes de Tardor 75cl de la DO Terra Alta. Viniteca. Licoreria. Productes gourmet. Alimentaci\u00f3. Descomptes. Ofertes","robots":{"index":"noindex","follow":"follow","max-snippet":"max-snippet:-1","max-image-preview":"max-image-preview:large","max-video-preview":"max-video-preview:-1"},"og_locale":"ca_ES","og_type":"article","og_title":"Ll\u00e0grimes de Tardor Blanc","og_description":"Comprar online al millor preu el vi blanc Ll\u00e0grimes de Tardor 75cl de la DO Terra Alta. Viniteca. Licoreria. Productes gourmet. Alimentaci\u00f3. Descomptes. Ofertes","og_url":"https:\/\/aral2.cetrexmarketing.com\/ca\/producto\/llagrimes-de-tardor-blanc\/","og_site_name":"M\u00f3n La Cata","article_modified_time":"2025-05-24T08:02:20+00:00","og_image":[{"width":765,"height":1024,"url":"https:\/\/aral2.cetrexmarketing.com\/wp-content\/uploads\/2025\/05\/Llagrimes-de-Tardor-Blanco.jpg.png","type":"image\/png"}],"twitter_card":"summary_large_image","twitter_misc":{"Temps estimat de lectura":"2 minuts"},"schema":{"@context":"https:\/\/schema.org","@graph":[{"@type":"WebPage","@id":"https:\/\/aral2.cetrexmarketing.com\/ca\/producto\/llagrimes-de-tardor-blanc\/","url":"https:\/\/aral2.cetrexmarketing.com\/ca\/producto\/llagrimes-de-tardor-blanc\/","name":"Ll\u00e0grimes de Tardor Blanc vi de la DO Terra Alta","isPartOf":{"@id":"https:\/\/aral2.cetrexmarketing.com\/#website"},"primaryImageOfPage":{"@id":"https:\/\/aral2.cetrexmarketing.com\/ca\/producto\/llagrimes-de-tardor-blanc\/#primaryimage"},"image":{"@id":"https:\/\/aral2.cetrexmarketing.com\/ca\/producto\/llagrimes-de-tardor-blanc\/#primaryimage"},"thumbnailUrl":"https:\/\/aral2.cetrexmarketing.com\/wp-content\/uploads\/2025\/05\/Llagrimes-de-Tardor-Blanco.jpg.png","datePublished":"2025-05-24T08:02:19+00:00","dateModified":"2025-05-24T08:02:20+00:00","description":"Comprar online al millor preu el vi blanc Ll\u00e0grimes de Tardor 75cl de la DO Terra Alta. Viniteca. Licoreria. Productes gourmet. Alimentaci\u00f3. Descomptes. Ofertes","breadcrumb":{"@id":"https:\/\/aral2.cetrexmarketing.com\/ca\/producto\/llagrimes-de-tardor-blanc\/#breadcrumb"},"inLanguage":"ca","potentialAction":[{"@type":"ReadAction","target":["https:\/\/aral2.cetrexmarketing.com\/ca\/producto\/llagrimes-de-tardor-blanc\/"]}]},{"@type":"ImageObject","inLanguage":"ca","@id":"https:\/\/aral2.cetrexmarketing.com\/ca\/producto\/llagrimes-de-tardor-blanc\/#primaryimage","url":"https:\/\/aral2.cetrexmarketing.com\/wp-content\/uploads\/2025\/05\/Llagrimes-de-Tardor-Blanco.jpg.png","contentUrl":"https:\/\/aral2.cetrexmarketing.com\/wp-content\/uploads\/2025\/05\/Llagrimes-de-Tardor-Blanco.jpg.png","width":765,"height":1024},{"@type":"BreadcrumbList","@id":"https:\/\/aral2.cetrexmarketing.com\/ca\/producto\/llagrimes-de-tardor-blanc\/#breadcrumb","itemListElement":[{"@type":"ListItem","position":1,"name":"Home","item":"https:\/\/aral2.cetrexmarketing.com\/ca\/"},{"@type":"ListItem","position":2,"name":"Tienda","item":"https:\/\/aral2.cetrexmarketing.com\/ca\/tienda-2\/"},{"@type":"ListItem","position":3,"name":"Vi","item":"https:\/\/aral2.cetrexmarketing.com\/categoria-producto\/vi\/"},{"@type":"ListItem","position":4,"name":"Vi Blanc","item":"https:\/\/aral2.cetrexmarketing.com\/categoria-producto\/vi\/vi-blanc\/"},{"@type":"ListItem","position":5,"name":"Ll\u00e0grimes de Tardor Blanc"}]},{"@type":"WebSite","@id":"https:\/\/aral2.cetrexmarketing.com\/#website","url":"https:\/\/aral2.cetrexmarketing.com\/","name":"M\u00f3n La Cata","description":"Tienda de vinos, licores, cervezas y gourmet","publisher":{"@id":"https:\/\/aral2.cetrexmarketing.com\/#organization"},"potentialAction":[{"@type":"SearchAction","target":{"@type":"EntryPoint","urlTemplate":"https:\/\/aral2.cetrexmarketing.com\/?s={search_term_string}"},"query-input":{"@type":"PropertyValueSpecification","valueRequired":true,"valueName":"search_term_string"}}],"inLanguage":"ca"},{"@type":"Organization","@id":"https:\/\/aral2.cetrexmarketing.com\/#organization","name":"M\u00f3n La Cata","url":"https:\/\/aral2.cetrexmarketing.com\/","logo":{"@type":"ImageObject","inLanguage":"ca","@id":"https:\/\/aral2.cetrexmarketing.com\/#\/schema\/logo\/image\/","url":"https:\/\/aral2.cetrexmarketing.com\/wp-content\/uploads\/2024\/10\/aral-logo-neg-1024x409-1.png","contentUrl":"https:\/\/aral2.cetrexmarketing.com\/wp-content\/uploads\/2024\/10\/aral-logo-neg-1024x409-1.png","width":1024,"height":409,"caption":"M\u00f3n La Cata"},"image":{"@id":"https:\/\/aral2.cetrexmarketing.com\/#\/schema\/logo\/image\/"}}]}},"brands":[{"id":44972,"name":"Agr\u00edcola Sant Josep","slug":"agricola-sant-josep"},{"id":32913,"name":"Terra Alta D.O.","slug":"terra-alta-d-o"}],"_links":{"self":[{"href":"https:\/\/aral2.cetrexmarketing.com\/ca\/wp-json\/wp\/v2\/product\/82200","targetHints":{"allow":["GET"]}}],"collection":[{"href":"https:\/\/aral2.cetrexmarketing.com\/ca\/wp-json\/wp\/v2\/product"}],"about":[{"href":"https:\/\/aral2.cetrexmarketing.com\/ca\/wp-json\/wp\/v2\/types\/product"}],"replies":[{"embeddable":true,"href":"https:\/\/aral2.cetrexmarketing.com\/ca\/wp-json\/wp\/v2\/comments?post=82200"}],"wp:featuredmedia":[{"embeddable":true,"href":"https:\/\/aral2.cetrexmarketing.com\/ca\/wp-json\/wp\/v2\/media\/82197"}],"wp:attachment":[{"href":"https:\/\/aral2.cetrexmarketing.com\/ca\/wp-json\/wp\/v2\/media?parent=82200"}],"wp:term":[{"taxonomy":"pwb-brand","embeddable":true,"href":"https:\/\/aral2.cetrexmarketing.com\/ca\/wp-json\/wp\/v2\/pwb-brand?post=82200"},{"taxonomy":"product_brand","embeddable":true,"href":"https:\/\/aral2.cetrexmarketing.com\/ca\/wp-json\/wp\/v2\/product_brand?post=82200"},{"taxonomy":"product_cat","embeddable":true,"href":"https:\/\/aral2.cetrexmarketing.com\/ca\/wp-json\/wp\/v2\/product_cat?post=82200"},{"taxonomy":"product_tag","embeddable":true,"href":"https:\/\/aral2.cetrexmarketing.com\/ca\/wp-json\/wp\/v2\/product_tag?post=82200"}],"curies":[{"name":"wp","href":"https:\/\/api.w.org\/{rel}","templated":true}]}}