{"id":82181,"date":"2025-05-24T08:01:55","date_gmt":"2025-05-24T08:01:55","guid":{"rendered":"https:\/\/aral2.cetrexmarketing.com\/producto\/ca-nestruc-lequilibrista-blanc\/"},"modified":"2025-05-24T08:01:57","modified_gmt":"2025-05-24T08:01:57","slug":"ca-nestruc-lequilibrista-blanc","status":"publish","type":"product","link":"https:\/\/aral2.cetrexmarketing.com\/ca\/producto\/ca-nestruc-lequilibrista-blanc\/","title":{"rendered":"Ca N&#8217;Estruc L&#8217;Equilibrista Blanc"},"content":{"rendered":"<p> xarel\u00b7lo vi monovarietal fermentat al barril. Fruita \u00f2ssia madura, tamb\u00e9 tipus de pinya tropical, herb\u00e0cia mediterr\u00e0nia, pa lleugerament rostit i fusta. Bona acidesa amb aromes de llimona i pell lleugerament salina. <\/p>\n<p> Ideal amb formatge crem\u00f3s de cabra<\/p>\n","protected":false},"excerpt":{"rendered":"<p dir=\"ltr\"><span>Vi monovarietal de Xarel\u00b7lo fermentat en b\u00f3ta.<\/span><\/p>\n<p dir=\"ltr\"><span>Crian\u00e7a de 6 mesos en b\u00f3tes d&#8217;Allier de 500L i foudres de 2500L.<\/span><\/p>\n<p dir=\"ltr\"><span>En nas; fruita de pinyol madura, tamb\u00e9 tropical tipus pinya, herb\u00e0cis mediterranis, pa i fusta lleugerment torrada.<\/span><\/p>\n<p dir=\"ltr\"><span>En boca \u00e9s elegant, volumin\u00f3s, rod\u00f3 i sed\u00f3s. Mant\u00e9 una bona acidesa amb aromes de pell de llimona i lleugerment sal\u00ed.<\/span><\/p>\n<p dir=\"ltr\"><span>Ideal per formatges de cabra cremosos.<\/span><\/p><\/p>\n","protected":false},"featured_media":82178,"comment_status":"closed","ping_status":"closed","template":"","meta":{"_acf_changed":false},"pwb-brand":[32873],"product_brand":[],"product_cat":[51670,51672],"product_tag":[15826,15827,15744],"class_list":{"0":"post-82181","1":"product","2":"type-product","3":"status-publish","4":"has-post-thumbnail","6":"pwb-brand-catalunya-d-o","7":"product_cat-vi","8":"product_cat-vi-blanc","9":"product_tag-equilibrista-ca","10":"product_tag-penedes-barrica-ca","11":"product_tag-xarello-barrica-ca","12":"pa_anada-36210","13":"pa_bodega-ca-nestruc","14":"pa_do-catalunado-ca","15":"pa_envejecimiento-crianca","16":"pa_formatoenl-36158","17":"pa_formatoenml-38306","18":"pa_graduacion-12_0","19":"pa_pais-espanya-ca","20":"pa_pesoengramos-38342","21":"pa_pesoenkg-10-ca","22":"pa_pueblociudad-esparraguerabarcelona","23":"pa_region-cataluna","24":"pa_subregion-montserrat","25":"pa_tipodevino-vi-tranquil","26":"pa_variedades-xarello","27":"entry","28":"has-media","30":"first","31":"outofstock","32":"taxable","33":"shipping-taxable","34":"purchasable","35":"product-type-simple"},"acf":[],"yoast_head":"<!-- This site is optimized with the Yoast SEO Premium plugin v23.1 (Yoast SEO v23.5) - https:\/\/yoast.com\/wordpress\/plugins\/seo\/ -->\n<title>L&#039;Equilibrista Blanc<\/title>\n<meta name=\"description\" content=\"Compra al millor preu el vi Equilibrista Blanc, del celler Ca N&#039;Estruc, de la DO Catalunya. Enviament Expr\u00e9s. Descompte per la compra de 6 ampolles. Viniteca.\" \/>\n<meta name=\"robots\" content=\"noindex, follow, max-snippet:-1, max-image-preview:large, max-video-preview:-1\" \/>\n<meta property=\"og:locale\" content=\"ca_ES\" \/>\n<meta property=\"og:type\" content=\"article\" \/>\n<meta property=\"og:title\" content=\"Ca N&#039;Estruc L&#039;Equilibrista Blanc\" \/>\n<meta property=\"og:description\" content=\"Compra al millor preu el vi Equilibrista Blanc, del celler Ca N&#039;Estruc, de la DO Catalunya. Enviament Expr\u00e9s. Descompte per la compra de 6 ampolles. Viniteca.\" \/>\n<meta property=\"og:url\" content=\"https:\/\/aral2.cetrexmarketing.com\/ca\/producto\/ca-nestruc-lequilibrista-blanc\/\" \/>\n<meta property=\"og:site_name\" content=\"M\u00f3n La Cata\" \/>\n<meta property=\"article:modified_time\" content=\"2025-05-24T08:01:57+00:00\" \/>\n<meta property=\"og:image\" content=\"https:\/\/aral2.cetrexmarketing.com\/wp-content\/uploads\/2025\/05\/CA-NESTRUC-LEQUILIBRISTA-BLANC.png\" \/>\n\t<meta property=\"og:image:width\" content=\"765\" \/>\n\t<meta property=\"og:image:height\" content=\"1024\" \/>\n\t<meta property=\"og:image:type\" content=\"image\/png\" \/>\n<meta name=\"twitter:card\" content=\"summary_large_image\" \/>\n<script type=\"application\/ld+json\" class=\"yoast-schema-graph\">{\"@context\":\"https:\/\/schema.org\",\"@graph\":[{\"@type\":\"WebPage\",\"@id\":\"https:\/\/aral2.cetrexmarketing.com\/ca\/producto\/ca-nestruc-lequilibrista-blanc\/\",\"url\":\"https:\/\/aral2.cetrexmarketing.com\/ca\/producto\/ca-nestruc-lequilibrista-blanc\/\",\"name\":\"L'Equilibrista Blanc\",\"isPartOf\":{\"@id\":\"https:\/\/aral2.cetrexmarketing.com\/#website\"},\"primaryImageOfPage\":{\"@id\":\"https:\/\/aral2.cetrexmarketing.com\/ca\/producto\/ca-nestruc-lequilibrista-blanc\/#primaryimage\"},\"image\":{\"@id\":\"https:\/\/aral2.cetrexmarketing.com\/ca\/producto\/ca-nestruc-lequilibrista-blanc\/#primaryimage\"},\"thumbnailUrl\":\"https:\/\/aral2.cetrexmarketing.com\/wp-content\/uploads\/2025\/05\/CA-NESTRUC-LEQUILIBRISTA-BLANC.png\",\"datePublished\":\"2025-05-24T08:01:55+00:00\",\"dateModified\":\"2025-05-24T08:01:57+00:00\",\"description\":\"Compra al millor preu el vi Equilibrista Blanc, del celler Ca N'Estruc, de la DO Catalunya. Enviament Expr\u00e9s. Descompte per la compra de 6 ampolles. Viniteca.\",\"breadcrumb\":{\"@id\":\"https:\/\/aral2.cetrexmarketing.com\/ca\/producto\/ca-nestruc-lequilibrista-blanc\/#breadcrumb\"},\"inLanguage\":\"ca\",\"potentialAction\":[{\"@type\":\"ReadAction\",\"target\":[\"https:\/\/aral2.cetrexmarketing.com\/ca\/producto\/ca-nestruc-lequilibrista-blanc\/\"]}]},{\"@type\":\"ImageObject\",\"inLanguage\":\"ca\",\"@id\":\"https:\/\/aral2.cetrexmarketing.com\/ca\/producto\/ca-nestruc-lequilibrista-blanc\/#primaryimage\",\"url\":\"https:\/\/aral2.cetrexmarketing.com\/wp-content\/uploads\/2025\/05\/CA-NESTRUC-LEQUILIBRISTA-BLANC.png\",\"contentUrl\":\"https:\/\/aral2.cetrexmarketing.com\/wp-content\/uploads\/2025\/05\/CA-NESTRUC-LEQUILIBRISTA-BLANC.png\",\"width\":765,\"height\":1024},{\"@type\":\"BreadcrumbList\",\"@id\":\"https:\/\/aral2.cetrexmarketing.com\/ca\/producto\/ca-nestruc-lequilibrista-blanc\/#breadcrumb\",\"itemListElement\":[{\"@type\":\"ListItem\",\"position\":1,\"name\":\"Home\",\"item\":\"https:\/\/aral2.cetrexmarketing.com\/ca\/\"},{\"@type\":\"ListItem\",\"position\":2,\"name\":\"Tienda\",\"item\":\"https:\/\/aral2.cetrexmarketing.com\/ca\/tienda-2\/\"},{\"@type\":\"ListItem\",\"position\":3,\"name\":\"Vi\",\"item\":\"https:\/\/aral2.cetrexmarketing.com\/categoria-producto\/vi\/\"},{\"@type\":\"ListItem\",\"position\":4,\"name\":\"Vi Blanc\",\"item\":\"https:\/\/aral2.cetrexmarketing.com\/categoria-producto\/vi\/vi-blanc\/\"},{\"@type\":\"ListItem\",\"position\":5,\"name\":\"Ca N&#8217;Estruc L&#8217;Equilibrista Blanc\"}]},{\"@type\":\"WebSite\",\"@id\":\"https:\/\/aral2.cetrexmarketing.com\/#website\",\"url\":\"https:\/\/aral2.cetrexmarketing.com\/\",\"name\":\"M\u00f3n La Cata\",\"description\":\"Tienda de vinos, licores, cervezas y gourmet\",\"publisher\":{\"@id\":\"https:\/\/aral2.cetrexmarketing.com\/#organization\"},\"potentialAction\":[{\"@type\":\"SearchAction\",\"target\":{\"@type\":\"EntryPoint\",\"urlTemplate\":\"https:\/\/aral2.cetrexmarketing.com\/?s={search_term_string}\"},\"query-input\":{\"@type\":\"PropertyValueSpecification\",\"valueRequired\":true,\"valueName\":\"search_term_string\"}}],\"inLanguage\":\"ca\"},{\"@type\":\"Organization\",\"@id\":\"https:\/\/aral2.cetrexmarketing.com\/#organization\",\"name\":\"M\u00f3n La Cata\",\"url\":\"https:\/\/aral2.cetrexmarketing.com\/\",\"logo\":{\"@type\":\"ImageObject\",\"inLanguage\":\"ca\",\"@id\":\"https:\/\/aral2.cetrexmarketing.com\/#\/schema\/logo\/image\/\",\"url\":\"https:\/\/aral2.cetrexmarketing.com\/wp-content\/uploads\/2024\/10\/aral-logo-neg-1024x409-1.png\",\"contentUrl\":\"https:\/\/aral2.cetrexmarketing.com\/wp-content\/uploads\/2024\/10\/aral-logo-neg-1024x409-1.png\",\"width\":1024,\"height\":409,\"caption\":\"M\u00f3n La Cata\"},\"image\":{\"@id\":\"https:\/\/aral2.cetrexmarketing.com\/#\/schema\/logo\/image\/\"}}]}<\/script>\n<!-- \/ Yoast SEO Premium plugin. -->","yoast_head_json":{"title":"L'Equilibrista Blanc","description":"Compra al millor preu el vi Equilibrista Blanc, del celler Ca N'Estruc, de la DO Catalunya. Enviament Expr\u00e9s. Descompte per la compra de 6 ampolles. Viniteca.","robots":{"index":"noindex","follow":"follow","max-snippet":"max-snippet:-1","max-image-preview":"max-image-preview:large","max-video-preview":"max-video-preview:-1"},"og_locale":"ca_ES","og_type":"article","og_title":"Ca N'Estruc L'Equilibrista Blanc","og_description":"Compra al millor preu el vi Equilibrista Blanc, del celler Ca N'Estruc, de la DO Catalunya. Enviament Expr\u00e9s. Descompte per la compra de 6 ampolles. Viniteca.","og_url":"https:\/\/aral2.cetrexmarketing.com\/ca\/producto\/ca-nestruc-lequilibrista-blanc\/","og_site_name":"M\u00f3n La Cata","article_modified_time":"2025-05-24T08:01:57+00:00","og_image":[{"width":765,"height":1024,"url":"https:\/\/aral2.cetrexmarketing.com\/wp-content\/uploads\/2025\/05\/CA-NESTRUC-LEQUILIBRISTA-BLANC.png","type":"image\/png"}],"twitter_card":"summary_large_image","schema":{"@context":"https:\/\/schema.org","@graph":[{"@type":"WebPage","@id":"https:\/\/aral2.cetrexmarketing.com\/ca\/producto\/ca-nestruc-lequilibrista-blanc\/","url":"https:\/\/aral2.cetrexmarketing.com\/ca\/producto\/ca-nestruc-lequilibrista-blanc\/","name":"L'Equilibrista Blanc","isPartOf":{"@id":"https:\/\/aral2.cetrexmarketing.com\/#website"},"primaryImageOfPage":{"@id":"https:\/\/aral2.cetrexmarketing.com\/ca\/producto\/ca-nestruc-lequilibrista-blanc\/#primaryimage"},"image":{"@id":"https:\/\/aral2.cetrexmarketing.com\/ca\/producto\/ca-nestruc-lequilibrista-blanc\/#primaryimage"},"thumbnailUrl":"https:\/\/aral2.cetrexmarketing.com\/wp-content\/uploads\/2025\/05\/CA-NESTRUC-LEQUILIBRISTA-BLANC.png","datePublished":"2025-05-24T08:01:55+00:00","dateModified":"2025-05-24T08:01:57+00:00","description":"Compra al millor preu el vi Equilibrista Blanc, del celler Ca N'Estruc, de la DO Catalunya. Enviament Expr\u00e9s. Descompte per la compra de 6 ampolles. Viniteca.","breadcrumb":{"@id":"https:\/\/aral2.cetrexmarketing.com\/ca\/producto\/ca-nestruc-lequilibrista-blanc\/#breadcrumb"},"inLanguage":"ca","potentialAction":[{"@type":"ReadAction","target":["https:\/\/aral2.cetrexmarketing.com\/ca\/producto\/ca-nestruc-lequilibrista-blanc\/"]}]},{"@type":"ImageObject","inLanguage":"ca","@id":"https:\/\/aral2.cetrexmarketing.com\/ca\/producto\/ca-nestruc-lequilibrista-blanc\/#primaryimage","url":"https:\/\/aral2.cetrexmarketing.com\/wp-content\/uploads\/2025\/05\/CA-NESTRUC-LEQUILIBRISTA-BLANC.png","contentUrl":"https:\/\/aral2.cetrexmarketing.com\/wp-content\/uploads\/2025\/05\/CA-NESTRUC-LEQUILIBRISTA-BLANC.png","width":765,"height":1024},{"@type":"BreadcrumbList","@id":"https:\/\/aral2.cetrexmarketing.com\/ca\/producto\/ca-nestruc-lequilibrista-blanc\/#breadcrumb","itemListElement":[{"@type":"ListItem","position":1,"name":"Home","item":"https:\/\/aral2.cetrexmarketing.com\/ca\/"},{"@type":"ListItem","position":2,"name":"Tienda","item":"https:\/\/aral2.cetrexmarketing.com\/ca\/tienda-2\/"},{"@type":"ListItem","position":3,"name":"Vi","item":"https:\/\/aral2.cetrexmarketing.com\/categoria-producto\/vi\/"},{"@type":"ListItem","position":4,"name":"Vi Blanc","item":"https:\/\/aral2.cetrexmarketing.com\/categoria-producto\/vi\/vi-blanc\/"},{"@type":"ListItem","position":5,"name":"Ca N&#8217;Estruc L&#8217;Equilibrista Blanc"}]},{"@type":"WebSite","@id":"https:\/\/aral2.cetrexmarketing.com\/#website","url":"https:\/\/aral2.cetrexmarketing.com\/","name":"M\u00f3n La Cata","description":"Tienda de vinos, licores, cervezas y gourmet","publisher":{"@id":"https:\/\/aral2.cetrexmarketing.com\/#organization"},"potentialAction":[{"@type":"SearchAction","target":{"@type":"EntryPoint","urlTemplate":"https:\/\/aral2.cetrexmarketing.com\/?s={search_term_string}"},"query-input":{"@type":"PropertyValueSpecification","valueRequired":true,"valueName":"search_term_string"}}],"inLanguage":"ca"},{"@type":"Organization","@id":"https:\/\/aral2.cetrexmarketing.com\/#organization","name":"M\u00f3n La Cata","url":"https:\/\/aral2.cetrexmarketing.com\/","logo":{"@type":"ImageObject","inLanguage":"ca","@id":"https:\/\/aral2.cetrexmarketing.com\/#\/schema\/logo\/image\/","url":"https:\/\/aral2.cetrexmarketing.com\/wp-content\/uploads\/2024\/10\/aral-logo-neg-1024x409-1.png","contentUrl":"https:\/\/aral2.cetrexmarketing.com\/wp-content\/uploads\/2024\/10\/aral-logo-neg-1024x409-1.png","width":1024,"height":409,"caption":"M\u00f3n La Cata"},"image":{"@id":"https:\/\/aral2.cetrexmarketing.com\/#\/schema\/logo\/image\/"}}]}},"brands":[{"id":32873,"name":"Catalunya D.O.","slug":"catalunya-d-o"}],"_links":{"self":[{"href":"https:\/\/aral2.cetrexmarketing.com\/ca\/wp-json\/wp\/v2\/product\/82181","targetHints":{"allow":["GET"]}}],"collection":[{"href":"https:\/\/aral2.cetrexmarketing.com\/ca\/wp-json\/wp\/v2\/product"}],"about":[{"href":"https:\/\/aral2.cetrexmarketing.com\/ca\/wp-json\/wp\/v2\/types\/product"}],"replies":[{"embeddable":true,"href":"https:\/\/aral2.cetrexmarketing.com\/ca\/wp-json\/wp\/v2\/comments?post=82181"}],"wp:featuredmedia":[{"embeddable":true,"href":"https:\/\/aral2.cetrexmarketing.com\/ca\/wp-json\/wp\/v2\/media\/82178"}],"wp:attachment":[{"href":"https:\/\/aral2.cetrexmarketing.com\/ca\/wp-json\/wp\/v2\/media?parent=82181"}],"wp:term":[{"taxonomy":"pwb-brand","embeddable":true,"href":"https:\/\/aral2.cetrexmarketing.com\/ca\/wp-json\/wp\/v2\/pwb-brand?post=82181"},{"taxonomy":"product_brand","embeddable":true,"href":"https:\/\/aral2.cetrexmarketing.com\/ca\/wp-json\/wp\/v2\/product_brand?post=82181"},{"taxonomy":"product_cat","embeddable":true,"href":"https:\/\/aral2.cetrexmarketing.com\/ca\/wp-json\/wp\/v2\/product_cat?post=82181"},{"taxonomy":"product_tag","embeddable":true,"href":"https:\/\/aral2.cetrexmarketing.com\/ca\/wp-json\/wp\/v2\/product_tag?post=82181"}],"curies":[{"name":"wp","href":"https:\/\/api.w.org\/{rel}","templated":true}]}}