{"id":82161,"date":"2025-05-24T08:01:23","date_gmt":"2025-05-24T08:01:23","guid":{"rendered":"https:\/\/aral2.cetrexmarketing.com\/producto\/jean-leon-3055-rose-2\/"},"modified":"2025-05-24T08:01:25","modified_gmt":"2025-05-24T08:01:25","slug":"jean-leon-3055-rose-2","status":"publish","type":"product","link":"https:\/\/aral2.cetrexmarketing.com\/ca\/producto\/jean-leon-3055-rose-2\/","title":{"rendered":"Jean Leon 3055 Ros\u00e9"},"content":{"rendered":"<div class=\"flex-1 overflow-hidden @container\/thread\">\n<div class=\"h-full\">\n<div class=\"react-scroll-to-bottom--css-lphlu-79elbk h-full\">\n<div class=\"react-scroll-to-bottom--css-lphlu-1n7m0yu\">\n<div class=\"flex flex-col text-sm md:pb-9\">\n<article class=\"w-full scroll-mb-[var(--thread-trailing-height,150px)] text-token-text-primary focus-visible:outline-2 focus-visible:outline-offset-[-4px]\" dir=\"auto\" data-testid=\"conversation-turn-3\" data-scroll-anchor=\"true\">\n<div class=\"m-auto text-base py-[18px] px-3 md:px-4 w-full md:px-5 lg:px-4 xl:px-5\">\n<div class=\"mx-auto flex flex-1 gap-4 text-base md:gap-5 lg:gap-6 md:max-w-3xl lg:max-w-[40rem] xl:max-w-[48rem]\">\n<div class=\"group\/conversation-turn relative flex w-full min-w-0 flex-col agent-turn\">\n<div class=\"flex-col gap-1 md:gap-3\">\n<div class=\"flex max-w-full flex-col flex-grow\">\n<div class=\"min-h-8 text-message flex w-full flex-col items-end gap-2 whitespace-normal break-words text-start [.text-message+&amp;]:mt-5\" dir=\"auto\" data-message-author-role=\"assistant\" data-message-id=\"d688365d-a990-4290-85b4-66768b0a827d\" data-message-model-slug=\"gpt-4o\">\n<div class=\"flex w-full flex-col gap-1 empty:hidden first:pt-[3px]\">\n<div class=\"markdown prose w-full break-words dark:prose-invert light\">\n<p>Jean Leon 3055 Ros\u00e9 \u00e9s un vi rosat premium elaborat a la regi\u00f3 del Pened\u00e8s, Espanya. Es produeix a partir de la varietat de ra\u00efm <strong>Pinot Noir<\/strong>, cultivada en vinyes ecol\u00f2giques. El seu nom, <strong>3055<\/strong>, fa refer\u00e8ncia al n\u00famero de llic\u00e8ncia de taxi que Jean Leon va tenir a Nova York abans de fundar el seu celler, un homenatge a la seva hist\u00f2ria de superaci\u00f3.<\/p>\n<h3><strong>Caracter\u00edstiques del vi:<\/strong><\/h3>\n<ul>\n<li><strong>Varietat de ra\u00efm<\/strong>: 100% Pinot Noir<\/li>\n<li><strong>Origen<\/strong>: Pened\u00e8s, Catalunya, Espanya<\/li>\n<li><strong>Elaboraci\u00f3<\/strong>: Vi ecol\u00f2gic, amb verema manual per garantir la qualitat del ra\u00efm. S&#8217;obt\u00e9 mitjan\u00e7ant <strong>maceraci\u00f3 en fred <\/strong>i premsat suau, seguit de fermentaci\u00f3 en dip\u00f2sits d&#8217;acer inoxidable per conservar la seva frescor i puresa arom\u00e0tica.<\/li>\n<\/ul>\n<h3><strong>Notes de cata:<\/strong><\/h3>\n<ul>\n<li><strong>Color<\/strong>: Rosa p\u00e0l\u00b7lid, brillant i elegant.<\/li>\n<li><strong>Aroma<\/strong>: Intensament afruitat, amb notes de maduixes, gerds i cireres, acompanyades de subtils tocs florals.<\/li>\n<li><strong>Sabor<\/strong>: Lleuger, fresc i equilibrat, amb una acidesa vibrant que ressalta el seu car\u00e0cter afruitat. Final net i persistent.<\/li>\n<\/ul>\n<\/div>\n<\/div>\n<\/div>\n<\/div>\n<\/div>\n<\/div>\n<\/div>\n<\/div>\n<\/article>\n<\/div>\n<\/div>\n<\/div>\n<\/div>\n<\/div>\n<div class=\"md:pt-0 dark:border-white\/20 md:border-transparent md:dark:border-transparent w-full\">\n<div>\n<div class=\"m-auto text-base px-3 md:px-4 w-full md:px-5 lg:px-4 xl:px-5\"><\/div>\n<\/div>\n<\/div>\n","protected":false},"excerpt":{"rendered":"<p><strong>Jean Leon 3055 Ros\u00e9<\/strong> \u00e9s un vi rosat premium del Pened\u00e8s, elaborat amb 100% Pinot Noir procedent de vinyes ecol\u00f2giques. El seu nom fa refer\u00e8ncia a la llic\u00e8ncia de taxi que Jean Leon va tenir a Nova York abans de fundar el celler. S&#8217;elabora mitjan\u00e7ant verema manual, maceraci\u00f3 en fred i fermentaci\u00f3 en acer inoxidable per preservar la seva frescor. De color rosa p\u00e0l\u00b7lid i brillant, presenta aromes afruitats de maduixes, gerds i cireres amb tocs florals. En boca \u00e9s lleuger, fresc i equilibrat, amb una acidesa vibrant i un final net i persistent.<\/p>\n","protected":false},"featured_media":82158,"comment_status":"closed","ping_status":"closed","template":"","meta":{"_acf_changed":false},"pwb-brand":[32895],"product_brand":[],"product_cat":[51669,51670,51682],"product_tag":[15821,15142,14981,14986,15820,14982,38843,38427,38583],"class_list":{"0":"post-82161","1":"product","2":"type-product","3":"status-publish","4":"has-post-thumbnail","6":"pwb-brand-penedes-d-o","7":"product_cat-ecologic","8":"product_cat-vi","9":"product_cat-vi-rosat","10":"product_tag-3055-ca","11":"product_tag-ccpae-ca","12":"product_tag-do-penedes-ca","13":"product_tag-jean-leon-ca","14":"product_tag-organic-wine-ca","15":"product_tag-penedes-ca","16":"product_tag-producte-ecologic","17":"product_tag-vi-ecologic","18":"product_tag-vi-rosat","19":"pa_anada-36214","20":"pa_certificado-certificat-dagricultura-ecologica-2","21":"pa_do-penedes-d-o-ca","22":"pa_ecologico-vegano-natural-ecologic","23":"pa_ecologico-vegano-natural-vega","24":"pa_envejecimiento-jove","25":"pa_formatoenl-36158","26":"pa_formatoenml-38306","27":"pa_fresco-rosat-fresc","28":"pa_graduacion-12_0","29":"pa_maridaje-formatge-cremos","30":"pa_maridaje-formatge-curat","31":"pa_maridaje-marisc","32":"pa_maridaje-peix","33":"pa_maridaje-verdures","34":"pa_pais-espanya-ca","35":"pa_pesoengramos-38354","36":"pa_pesoenkg-14-2","37":"pa_pueblociudad-torrelavitbarcelona","38":"pa_region-cataluna","39":"pa_tipodevino-vi-tranquil","40":"pa_variedad-principal-pinot-noir-ca","41":"entry","42":"has-media","44":"first","45":"instock","46":"taxable","47":"shipping-taxable","48":"purchasable","49":"product-type-simple"},"acf":[],"yoast_head":"<!-- This site is optimized with the Yoast SEO Premium plugin v23.1 (Yoast SEO v23.5) - https:\/\/yoast.com\/wordpress\/plugins\/seo\/ -->\n<title>Jean Leon 3055 Rosat<\/title>\n<meta name=\"description\" content=\"Comprar online vi rosat Jean Leon 3055 ros\u00e9 (DO Pened\u00e8s). Botiga web, f\u00edsica i online, segura i de confian\u00e7a. Enviament r\u00e0pid\" \/>\n<meta name=\"robots\" content=\"noindex, follow, max-snippet:-1, max-image-preview:large, max-video-preview:-1\" \/>\n<meta property=\"og:locale\" content=\"ca_ES\" \/>\n<meta property=\"og:type\" content=\"article\" \/>\n<meta property=\"og:title\" content=\"Jean Leon 3055 Ros\u00e9\" \/>\n<meta property=\"og:description\" content=\"Comprar online vi rosat Jean Leon 3055 ros\u00e9 (DO Pened\u00e8s). Botiga web, f\u00edsica i online, segura i de confian\u00e7a. Enviament r\u00e0pid\" \/>\n<meta property=\"og:url\" content=\"https:\/\/aral2.cetrexmarketing.com\/ca\/producto\/jean-leon-3055-rose-2\/\" \/>\n<meta property=\"og:site_name\" content=\"M\u00f3n La Cata\" \/>\n<meta property=\"article:modified_time\" content=\"2025-05-24T08:01:25+00:00\" \/>\n<meta property=\"og:image\" content=\"https:\/\/aral2.cetrexmarketing.com\/wp-content\/uploads\/2025\/05\/jean-leon-3055-rosado.jpg.png\" \/>\n\t<meta property=\"og:image:width\" content=\"765\" \/>\n\t<meta property=\"og:image:height\" content=\"1024\" \/>\n\t<meta property=\"og:image:type\" content=\"image\/png\" \/>\n<meta name=\"twitter:card\" content=\"summary_large_image\" \/>\n<meta name=\"twitter:label1\" content=\"Temps estimat de lectura\" \/>\n\t<meta name=\"twitter:data1\" content=\"2 minuts\" \/>\n<script type=\"application\/ld+json\" class=\"yoast-schema-graph\">{\"@context\":\"https:\/\/schema.org\",\"@graph\":[{\"@type\":\"WebPage\",\"@id\":\"https:\/\/aral2.cetrexmarketing.com\/ca\/producto\/jean-leon-3055-rose-2\/\",\"url\":\"https:\/\/aral2.cetrexmarketing.com\/ca\/producto\/jean-leon-3055-rose-2\/\",\"name\":\"Jean Leon 3055 Rosat\",\"isPartOf\":{\"@id\":\"https:\/\/aral2.cetrexmarketing.com\/#website\"},\"primaryImageOfPage\":{\"@id\":\"https:\/\/aral2.cetrexmarketing.com\/ca\/producto\/jean-leon-3055-rose-2\/#primaryimage\"},\"image\":{\"@id\":\"https:\/\/aral2.cetrexmarketing.com\/ca\/producto\/jean-leon-3055-rose-2\/#primaryimage\"},\"thumbnailUrl\":\"https:\/\/aral2.cetrexmarketing.com\/wp-content\/uploads\/2025\/05\/jean-leon-3055-rosado.jpg.png\",\"datePublished\":\"2025-05-24T08:01:23+00:00\",\"dateModified\":\"2025-05-24T08:01:25+00:00\",\"description\":\"Comprar online vi rosat Jean Leon 3055 ros\u00e9 (DO Pened\u00e8s). Botiga web, f\u00edsica i online, segura i de confian\u00e7a. Enviament r\u00e0pid\",\"breadcrumb\":{\"@id\":\"https:\/\/aral2.cetrexmarketing.com\/ca\/producto\/jean-leon-3055-rose-2\/#breadcrumb\"},\"inLanguage\":\"ca\",\"potentialAction\":[{\"@type\":\"ReadAction\",\"target\":[\"https:\/\/aral2.cetrexmarketing.com\/ca\/producto\/jean-leon-3055-rose-2\/\"]}]},{\"@type\":\"ImageObject\",\"inLanguage\":\"ca\",\"@id\":\"https:\/\/aral2.cetrexmarketing.com\/ca\/producto\/jean-leon-3055-rose-2\/#primaryimage\",\"url\":\"https:\/\/aral2.cetrexmarketing.com\/wp-content\/uploads\/2025\/05\/jean-leon-3055-rosado.jpg.png\",\"contentUrl\":\"https:\/\/aral2.cetrexmarketing.com\/wp-content\/uploads\/2025\/05\/jean-leon-3055-rosado.jpg.png\",\"width\":765,\"height\":1024},{\"@type\":\"BreadcrumbList\",\"@id\":\"https:\/\/aral2.cetrexmarketing.com\/ca\/producto\/jean-leon-3055-rose-2\/#breadcrumb\",\"itemListElement\":[{\"@type\":\"ListItem\",\"position\":1,\"name\":\"Home\",\"item\":\"https:\/\/aral2.cetrexmarketing.com\/ca\/\"},{\"@type\":\"ListItem\",\"position\":2,\"name\":\"Tienda\",\"item\":\"https:\/\/aral2.cetrexmarketing.com\/ca\/tienda-2\/\"},{\"@type\":\"ListItem\",\"position\":3,\"name\":\"Vi\",\"item\":\"https:\/\/aral2.cetrexmarketing.com\/categoria-producto\/vi\/\"},{\"@type\":\"ListItem\",\"position\":4,\"name\":\"Vi Rosat\",\"item\":\"https:\/\/aral2.cetrexmarketing.com\/categoria-producto\/vi\/vi-rosat\/\"},{\"@type\":\"ListItem\",\"position\":5,\"name\":\"Jean Leon 3055 Ros\u00e9\"}]},{\"@type\":\"WebSite\",\"@id\":\"https:\/\/aral2.cetrexmarketing.com\/#website\",\"url\":\"https:\/\/aral2.cetrexmarketing.com\/\",\"name\":\"M\u00f3n La Cata\",\"description\":\"Tienda de vinos, licores, cervezas y gourmet\",\"publisher\":{\"@id\":\"https:\/\/aral2.cetrexmarketing.com\/#organization\"},\"potentialAction\":[{\"@type\":\"SearchAction\",\"target\":{\"@type\":\"EntryPoint\",\"urlTemplate\":\"https:\/\/aral2.cetrexmarketing.com\/?s={search_term_string}\"},\"query-input\":{\"@type\":\"PropertyValueSpecification\",\"valueRequired\":true,\"valueName\":\"search_term_string\"}}],\"inLanguage\":\"ca\"},{\"@type\":\"Organization\",\"@id\":\"https:\/\/aral2.cetrexmarketing.com\/#organization\",\"name\":\"M\u00f3n La Cata\",\"url\":\"https:\/\/aral2.cetrexmarketing.com\/\",\"logo\":{\"@type\":\"ImageObject\",\"inLanguage\":\"ca\",\"@id\":\"https:\/\/aral2.cetrexmarketing.com\/#\/schema\/logo\/image\/\",\"url\":\"https:\/\/aral2.cetrexmarketing.com\/wp-content\/uploads\/2024\/10\/aral-logo-neg-1024x409-1.png\",\"contentUrl\":\"https:\/\/aral2.cetrexmarketing.com\/wp-content\/uploads\/2024\/10\/aral-logo-neg-1024x409-1.png\",\"width\":1024,\"height\":409,\"caption\":\"M\u00f3n La Cata\"},\"image\":{\"@id\":\"https:\/\/aral2.cetrexmarketing.com\/#\/schema\/logo\/image\/\"}}]}<\/script>\n<!-- \/ Yoast SEO Premium plugin. -->","yoast_head_json":{"title":"Jean Leon 3055 Rosat","description":"Comprar online vi rosat Jean Leon 3055 ros\u00e9 (DO Pened\u00e8s). Botiga web, f\u00edsica i online, segura i de confian\u00e7a. Enviament r\u00e0pid","robots":{"index":"noindex","follow":"follow","max-snippet":"max-snippet:-1","max-image-preview":"max-image-preview:large","max-video-preview":"max-video-preview:-1"},"og_locale":"ca_ES","og_type":"article","og_title":"Jean Leon 3055 Ros\u00e9","og_description":"Comprar online vi rosat Jean Leon 3055 ros\u00e9 (DO Pened\u00e8s). Botiga web, f\u00edsica i online, segura i de confian\u00e7a. Enviament r\u00e0pid","og_url":"https:\/\/aral2.cetrexmarketing.com\/ca\/producto\/jean-leon-3055-rose-2\/","og_site_name":"M\u00f3n La Cata","article_modified_time":"2025-05-24T08:01:25+00:00","og_image":[{"width":765,"height":1024,"url":"https:\/\/aral2.cetrexmarketing.com\/wp-content\/uploads\/2025\/05\/jean-leon-3055-rosado.jpg.png","type":"image\/png"}],"twitter_card":"summary_large_image","twitter_misc":{"Temps estimat de lectura":"2 minuts"},"schema":{"@context":"https:\/\/schema.org","@graph":[{"@type":"WebPage","@id":"https:\/\/aral2.cetrexmarketing.com\/ca\/producto\/jean-leon-3055-rose-2\/","url":"https:\/\/aral2.cetrexmarketing.com\/ca\/producto\/jean-leon-3055-rose-2\/","name":"Jean Leon 3055 Rosat","isPartOf":{"@id":"https:\/\/aral2.cetrexmarketing.com\/#website"},"primaryImageOfPage":{"@id":"https:\/\/aral2.cetrexmarketing.com\/ca\/producto\/jean-leon-3055-rose-2\/#primaryimage"},"image":{"@id":"https:\/\/aral2.cetrexmarketing.com\/ca\/producto\/jean-leon-3055-rose-2\/#primaryimage"},"thumbnailUrl":"https:\/\/aral2.cetrexmarketing.com\/wp-content\/uploads\/2025\/05\/jean-leon-3055-rosado.jpg.png","datePublished":"2025-05-24T08:01:23+00:00","dateModified":"2025-05-24T08:01:25+00:00","description":"Comprar online vi rosat Jean Leon 3055 ros\u00e9 (DO Pened\u00e8s). Botiga web, f\u00edsica i online, segura i de confian\u00e7a. Enviament r\u00e0pid","breadcrumb":{"@id":"https:\/\/aral2.cetrexmarketing.com\/ca\/producto\/jean-leon-3055-rose-2\/#breadcrumb"},"inLanguage":"ca","potentialAction":[{"@type":"ReadAction","target":["https:\/\/aral2.cetrexmarketing.com\/ca\/producto\/jean-leon-3055-rose-2\/"]}]},{"@type":"ImageObject","inLanguage":"ca","@id":"https:\/\/aral2.cetrexmarketing.com\/ca\/producto\/jean-leon-3055-rose-2\/#primaryimage","url":"https:\/\/aral2.cetrexmarketing.com\/wp-content\/uploads\/2025\/05\/jean-leon-3055-rosado.jpg.png","contentUrl":"https:\/\/aral2.cetrexmarketing.com\/wp-content\/uploads\/2025\/05\/jean-leon-3055-rosado.jpg.png","width":765,"height":1024},{"@type":"BreadcrumbList","@id":"https:\/\/aral2.cetrexmarketing.com\/ca\/producto\/jean-leon-3055-rose-2\/#breadcrumb","itemListElement":[{"@type":"ListItem","position":1,"name":"Home","item":"https:\/\/aral2.cetrexmarketing.com\/ca\/"},{"@type":"ListItem","position":2,"name":"Tienda","item":"https:\/\/aral2.cetrexmarketing.com\/ca\/tienda-2\/"},{"@type":"ListItem","position":3,"name":"Vi","item":"https:\/\/aral2.cetrexmarketing.com\/categoria-producto\/vi\/"},{"@type":"ListItem","position":4,"name":"Vi Rosat","item":"https:\/\/aral2.cetrexmarketing.com\/categoria-producto\/vi\/vi-rosat\/"},{"@type":"ListItem","position":5,"name":"Jean Leon 3055 Ros\u00e9"}]},{"@type":"WebSite","@id":"https:\/\/aral2.cetrexmarketing.com\/#website","url":"https:\/\/aral2.cetrexmarketing.com\/","name":"M\u00f3n La Cata","description":"Tienda de vinos, licores, cervezas y gourmet","publisher":{"@id":"https:\/\/aral2.cetrexmarketing.com\/#organization"},"potentialAction":[{"@type":"SearchAction","target":{"@type":"EntryPoint","urlTemplate":"https:\/\/aral2.cetrexmarketing.com\/?s={search_term_string}"},"query-input":{"@type":"PropertyValueSpecification","valueRequired":true,"valueName":"search_term_string"}}],"inLanguage":"ca"},{"@type":"Organization","@id":"https:\/\/aral2.cetrexmarketing.com\/#organization","name":"M\u00f3n La Cata","url":"https:\/\/aral2.cetrexmarketing.com\/","logo":{"@type":"ImageObject","inLanguage":"ca","@id":"https:\/\/aral2.cetrexmarketing.com\/#\/schema\/logo\/image\/","url":"https:\/\/aral2.cetrexmarketing.com\/wp-content\/uploads\/2024\/10\/aral-logo-neg-1024x409-1.png","contentUrl":"https:\/\/aral2.cetrexmarketing.com\/wp-content\/uploads\/2024\/10\/aral-logo-neg-1024x409-1.png","width":1024,"height":409,"caption":"M\u00f3n La Cata"},"image":{"@id":"https:\/\/aral2.cetrexmarketing.com\/#\/schema\/logo\/image\/"}}]}},"brands":[{"id":32895,"name":"Pened\u00e8s D.O.","slug":"penedes-d-o"}],"_links":{"self":[{"href":"https:\/\/aral2.cetrexmarketing.com\/ca\/wp-json\/wp\/v2\/product\/82161","targetHints":{"allow":["GET"]}}],"collection":[{"href":"https:\/\/aral2.cetrexmarketing.com\/ca\/wp-json\/wp\/v2\/product"}],"about":[{"href":"https:\/\/aral2.cetrexmarketing.com\/ca\/wp-json\/wp\/v2\/types\/product"}],"replies":[{"embeddable":true,"href":"https:\/\/aral2.cetrexmarketing.com\/ca\/wp-json\/wp\/v2\/comments?post=82161"}],"wp:featuredmedia":[{"embeddable":true,"href":"https:\/\/aral2.cetrexmarketing.com\/ca\/wp-json\/wp\/v2\/media\/82158"}],"wp:attachment":[{"href":"https:\/\/aral2.cetrexmarketing.com\/ca\/wp-json\/wp\/v2\/media?parent=82161"}],"wp:term":[{"taxonomy":"pwb-brand","embeddable":true,"href":"https:\/\/aral2.cetrexmarketing.com\/ca\/wp-json\/wp\/v2\/pwb-brand?post=82161"},{"taxonomy":"product_brand","embeddable":true,"href":"https:\/\/aral2.cetrexmarketing.com\/ca\/wp-json\/wp\/v2\/product_brand?post=82161"},{"taxonomy":"product_cat","embeddable":true,"href":"https:\/\/aral2.cetrexmarketing.com\/ca\/wp-json\/wp\/v2\/product_cat?post=82161"},{"taxonomy":"product_tag","embeddable":true,"href":"https:\/\/aral2.cetrexmarketing.com\/ca\/wp-json\/wp\/v2\/product_tag?post=82161"}],"curies":[{"name":"wp","href":"https:\/\/api.w.org\/{rel}","templated":true}]}}